{"id":5030,"date":"2016-01-12T20:41:43","date_gmt":"2016-01-12T20:41:43","guid":{"rendered":"https:\/\/www.qnde.ca\/?post_type=product&#038;p=5030"},"modified":"2025-08-11T13:26:51","modified_gmt":"2025-08-11T17:26:51","slug":"tr-plus-fr","status":"publish","type":"product","link":"https:\/\/www.qnde.ca\/fr\/produit\/tr-plus-fr\/","title":{"rendered":"Mesureur de Rugosit\u00e9 \u2013 TR Plus Series"},"content":{"rendered":"<h3><strong>Mesureur de Rugosit\u00e9 \u2013 TR Plus Series<\/strong><\/h3>\n<p>Le mesureur de rugosit\u00e9 avanc\u00e9 TR Plus mesure 20 param\u00e8tres en unit\u00e9s m\u00e9triques et imp\u00e9riales: (Ra, Rz, Ry, Rq, Rt, Rp, Rpc, Rk, Rpk, Rvk, Rv, R3z, R3y, RzJIS, Rsk, Rku, Rsm, Rs, Rmax, Mr1\/Mr2) avec graphique de rugosit\u00e9 et graphique du ratio Rmr(c). La m\u00e9moire peut enregistrer 100 groupes de donn\u00e9es et graphiques. Fonctions d&rsquo;arr\u00eat automatique et d&rsquo;\u00e9conomie d&rsquo;\u00e9nergie. Plage de mesures: axe-Z (vertical): 160\u00b5m \/ Ra: 0.01 to 10\u00b5m \/ Rq: 0.01 to 40\u00b5m \/ Rz, Ry, Rp, Rt, R3z: 0.02 to 160\u00b5m.<\/p>\n<ul>\n<li>TR-200+: Appareil TR-200 Plus avec sonde TS100+, batterie rechargeable avec chargeur, plaque d&rsquo;essai de rugosit\u00e9 Ra, support de protection en acier pour utilisation autonome, logiciel TR-200 avec c\u00e2ble de donn\u00e9es RS232 \u00e0 USB, manuel de l\u2019utilisateur, certificat d\u2019\u00e9talonnage et valise de transport. 1 an de garantie.<\/li>\n<\/ul>\n<h4><strong>Options<\/strong><\/h4>\n<ul>\n<li>TS100: Sonde de remplacement \u2013 standard 5mm OD x 22mm L.<\/li>\n<li>TS110+: Sonde pour surfaces courb\u00e9es (\u00e0 utiliser avec la base de mesure en granite TA610).<\/li>\n<li>TS120+: Sonde pour petits trous \u2013 9mm OD x 20mm L.<\/li>\n<li>TS130+: Sonde pour rainures (moins de 3mm).<\/li>\n<li>TS131+: Sonde pour rainures (moins de 10mm).<\/li>\n<li>TS140+: Sonde \u00e0 angle droit.<\/li>\n<li>TSE-A: Extension de 50mm de longueur pour sonde.<\/li>\n<li>TA610: Base de mesure en granite avec colonne: 250mmL x 400mmP x 70mm \u00e9pais \u2013 (plage d\u2019\u00e9l\u00e9vation en \u00ab\u00a0Y\u00a0\u00bb de 300mm).<\/li>\n<li>RRS: Standard de rugosit\u00e9.<\/li>\n<\/ul>\n<p>Contactez-nous afin de discuter de votre application, vos exigences, les options disponibles et\/ou recevoir une soumission.<\/p>\n","protected":false},"excerpt":{"rendered":"<p>Mesureur de Rugosit\u00e9 \u2013 TR Plus Series Le mesureur de rugosit\u00e9 avanc\u00e9 TR Plus mesure 20 param\u00e8tres en unit\u00e9s m\u00e9triques et imp\u00e9riales: (Ra, Rz, Ry, Rq, Rt, Rp, Rpc, Rk, Rpk, Rvk, Rv, R3z, R3y, RzJIS, Rsk, Rku, Rsm, Rs, Rmax, Mr1\/Mr2) avec graphique de rugosit\u00e9 et graphique du ratio Rmr(c). La m\u00e9moire peut enregistrer [&hellip;]<\/p>\n","protected":false},"featured_media":21882,"template":"","meta":{"_monsterinsights_skip_tracking":false,"_monsterinsights_sitenote_active":false,"_monsterinsights_sitenote_note":"","_monsterinsights_sitenote_category":0},"product_brand":[],"product_cat":[402,146],"product_tag":[],"class_list":{"0":"post-5030","1":"product","2":"type-product","3":"status-publish","4":"has-post-thumbnail","6":"product_cat-autres-marques","7":"product_cat-essai-rugosite","9":"first","10":"instock","11":"shipping-taxable","12":"purchasable","13":"product-type-variable"},"yoast_head":"<!-- This site is optimized with the Yoast SEO plugin v23.9 - https:\/\/yoast.com\/wordpress\/plugins\/seo\/ -->\n<title>Mesureur de Rugosit\u00e9 \u2013 TR Plus Series &#060; Qualit\u00e9 NDE<\/title>\n<meta name=\"description\" content=\"TR Plus : mesureur de rugosit\u00e9 avanc\u00e9 avec 20 param\u00e8tres, graphiques Rmr(c), m\u00e9moire 100 donn\u00e9es, plage jusqu\u2019\u00e0 160\u202f\u00b5m. Sonde, logiciel et valise inclus.\" \/>\n<meta name=\"robots\" content=\"index, follow, max-snippet:-1, max-image-preview:large, max-video-preview:-1\" \/>\n<link rel=\"canonical\" href=\"https:\/\/www.qnde.ca\/fr\/produit\/tr-plus-fr\/\" \/>\n<meta name=\"twitter:label1\" content=\"Dur\u00e9e de lecture estim\u00e9e\" \/>\n\t<meta name=\"twitter:data1\" content=\"2 minutes\" \/>\n<script type=\"application\/ld+json\" class=\"yoast-schema-graph\">{\"@context\":\"https:\/\/schema.org\",\"@graph\":[{\"@type\":[\"WebPage\",\"ItemPage\"],\"@id\":\"https:\/\/www.qnde.ca\/fr\/produit\/tr-plus-fr\/\",\"url\":\"https:\/\/www.qnde.ca\/fr\/produit\/tr-plus-fr\/\",\"name\":\"Mesureur de Rugosit\u00e9 \u2013 TR Plus Series &#060; Qualit\u00e9 NDE\",\"isPartOf\":{\"@id\":\"https:\/\/www.qnde.ca\/#website\"},\"primaryImageOfPage\":{\"@id\":\"https:\/\/www.qnde.ca\/fr\/produit\/tr-plus-fr\/#primaryimage\"},\"image\":{\"@id\":\"https:\/\/www.qnde.ca\/fr\/produit\/tr-plus-fr\/#primaryimage\"},\"thumbnailUrl\":\"https:\/\/www.qnde.ca\/wp-content\/uploads\/2021\/10\/Roughness-Tester-\u2013-TR-200-plus.jpg\",\"datePublished\":\"2016-01-12T20:41:43+00:00\",\"dateModified\":\"2025-08-11T17:26:51+00:00\",\"description\":\"TR Plus : mesureur de rugosit\u00e9 avanc\u00e9 avec 20 param\u00e8tres, graphiques Rmr(c), m\u00e9moire 100 donn\u00e9es, plage jusqu\u2019\u00e0 160\u202f\u00b5m. Sonde, logiciel et valise inclus.\",\"breadcrumb\":{\"@id\":\"https:\/\/www.qnde.ca\/fr\/produit\/tr-plus-fr\/#breadcrumb\"},\"inLanguage\":\"fr-FR\",\"potentialAction\":[{\"@type\":\"ReadAction\",\"target\":[\"https:\/\/www.qnde.ca\/fr\/produit\/tr-plus-fr\/\"]}]},{\"@type\":\"ImageObject\",\"inLanguage\":\"fr-FR\",\"@id\":\"https:\/\/www.qnde.ca\/fr\/produit\/tr-plus-fr\/#primaryimage\",\"url\":\"https:\/\/www.qnde.ca\/wp-content\/uploads\/2021\/10\/Roughness-Tester-\u2013-TR-200-plus.jpg\",\"contentUrl\":\"https:\/\/www.qnde.ca\/wp-content\/uploads\/2021\/10\/Roughness-Tester-\u2013-TR-200-plus.jpg\",\"width\":800,\"height\":600,\"caption\":\"Roughness Tester \u2013 TR-200 plus\"},{\"@type\":\"BreadcrumbList\",\"@id\":\"https:\/\/www.qnde.ca\/fr\/produit\/tr-plus-fr\/#breadcrumb\",\"itemListElement\":[{\"@type\":\"ListItem\",\"position\":1,\"name\":\"Accueil\",\"item\":\"https:\/\/www.qnde.ca\/fr\/\"},{\"@type\":\"ListItem\",\"position\":2,\"name\":\"Produits\",\"item\":\"https:\/\/www.qnde.ca\/fr\/produits\/\"},{\"@type\":\"ListItem\",\"position\":3,\"name\":\"Marques\",\"item\":\"https:\/\/www.qnde.ca\/fr\/product-category\/marques\/\"},{\"@type\":\"ListItem\",\"position\":4,\"name\":\"Autres Marques\",\"item\":\"https:\/\/www.qnde.ca\/fr\/product-category\/marques\/autres-marques\/\"},{\"@type\":\"ListItem\",\"position\":5,\"name\":\"Mesureur de Rugosit\u00e9 \u2013 TR Plus Series\"}]},{\"@type\":\"WebSite\",\"@id\":\"https:\/\/www.qnde.ca\/#website\",\"url\":\"https:\/\/www.qnde.ca\/\",\"name\":\"Qualit\u00e9 NDE\",\"description\":\"\u00c9quipements d&#039;essais non destructifs \",\"publisher\":{\"@id\":\"https:\/\/www.qnde.ca\/#organization\"},\"potentialAction\":[{\"@type\":\"SearchAction\",\"target\":{\"@type\":\"EntryPoint\",\"urlTemplate\":\"https:\/\/www.qnde.ca\/?s={search_term_string}\"},\"query-input\":{\"@type\":\"PropertyValueSpecification\",\"valueRequired\":true,\"valueName\":\"search_term_string\"}}],\"inLanguage\":\"fr-FR\"},{\"@type\":\"Organization\",\"@id\":\"https:\/\/www.qnde.ca\/#organization\",\"name\":\"Quality NDT Ltd.\",\"url\":\"https:\/\/www.qnde.ca\/\",\"logo\":{\"@type\":\"ImageObject\",\"inLanguage\":\"fr-FR\",\"@id\":\"https:\/\/www.qnde.ca\/#\/schema\/logo\/image\/\",\"url\":\"https:\/\/www.qnde.ca\/wp-content\/uploads\/2022\/02\/QNDE_logo_RGB-gif.gif\",\"contentUrl\":\"https:\/\/www.qnde.ca\/wp-content\/uploads\/2022\/02\/QNDE_logo_RGB-gif.gif\",\"width\":250,\"height\":64,\"caption\":\"Quality NDT Ltd.\"},\"image\":{\"@id\":\"https:\/\/www.qnde.ca\/#\/schema\/logo\/image\/\"},\"sameAs\":[\"https:\/\/www.linkedin.com\/company\/qnde\/about\/?viewAsMember=true\"]}]}<\/script>\n<!-- \/ Yoast SEO plugin. -->","yoast_head_json":{"title":"Mesureur de Rugosit\u00e9 \u2013 TR Plus Series &#060; Qualit\u00e9 NDE","description":"TR Plus : mesureur de rugosit\u00e9 avanc\u00e9 avec 20 param\u00e8tres, graphiques Rmr(c), m\u00e9moire 100 donn\u00e9es, plage jusqu\u2019\u00e0 160\u202f\u00b5m. Sonde, logiciel et valise inclus.","robots":{"index":"index","follow":"follow","max-snippet":"max-snippet:-1","max-image-preview":"max-image-preview:large","max-video-preview":"max-video-preview:-1"},"canonical":"https:\/\/www.qnde.ca\/fr\/produit\/tr-plus-fr\/","twitter_misc":{"Dur\u00e9e de lecture estim\u00e9e":"2 minutes"},"schema":{"@context":"https:\/\/schema.org","@graph":[{"@type":["WebPage","ItemPage"],"@id":"https:\/\/www.qnde.ca\/fr\/produit\/tr-plus-fr\/","url":"https:\/\/www.qnde.ca\/fr\/produit\/tr-plus-fr\/","name":"Mesureur de Rugosit\u00e9 \u2013 TR Plus Series &#060; Qualit\u00e9 NDE","isPartOf":{"@id":"https:\/\/www.qnde.ca\/#website"},"primaryImageOfPage":{"@id":"https:\/\/www.qnde.ca\/fr\/produit\/tr-plus-fr\/#primaryimage"},"image":{"@id":"https:\/\/www.qnde.ca\/fr\/produit\/tr-plus-fr\/#primaryimage"},"thumbnailUrl":"https:\/\/www.qnde.ca\/wp-content\/uploads\/2021\/10\/Roughness-Tester-\u2013-TR-200-plus.jpg","datePublished":"2016-01-12T20:41:43+00:00","dateModified":"2025-08-11T17:26:51+00:00","description":"TR Plus : mesureur de rugosit\u00e9 avanc\u00e9 avec 20 param\u00e8tres, graphiques Rmr(c), m\u00e9moire 100 donn\u00e9es, plage jusqu\u2019\u00e0 160\u202f\u00b5m. Sonde, logiciel et valise inclus.","breadcrumb":{"@id":"https:\/\/www.qnde.ca\/fr\/produit\/tr-plus-fr\/#breadcrumb"},"inLanguage":"fr-FR","potentialAction":[{"@type":"ReadAction","target":["https:\/\/www.qnde.ca\/fr\/produit\/tr-plus-fr\/"]}]},{"@type":"ImageObject","inLanguage":"fr-FR","@id":"https:\/\/www.qnde.ca\/fr\/produit\/tr-plus-fr\/#primaryimage","url":"https:\/\/www.qnde.ca\/wp-content\/uploads\/2021\/10\/Roughness-Tester-\u2013-TR-200-plus.jpg","contentUrl":"https:\/\/www.qnde.ca\/wp-content\/uploads\/2021\/10\/Roughness-Tester-\u2013-TR-200-plus.jpg","width":800,"height":600,"caption":"Roughness Tester \u2013 TR-200 plus"},{"@type":"BreadcrumbList","@id":"https:\/\/www.qnde.ca\/fr\/produit\/tr-plus-fr\/#breadcrumb","itemListElement":[{"@type":"ListItem","position":1,"name":"Accueil","item":"https:\/\/www.qnde.ca\/fr\/"},{"@type":"ListItem","position":2,"name":"Produits","item":"https:\/\/www.qnde.ca\/fr\/produits\/"},{"@type":"ListItem","position":3,"name":"Marques","item":"https:\/\/www.qnde.ca\/fr\/product-category\/marques\/"},{"@type":"ListItem","position":4,"name":"Autres Marques","item":"https:\/\/www.qnde.ca\/fr\/product-category\/marques\/autres-marques\/"},{"@type":"ListItem","position":5,"name":"Mesureur de Rugosit\u00e9 \u2013 TR Plus Series"}]},{"@type":"WebSite","@id":"https:\/\/www.qnde.ca\/#website","url":"https:\/\/www.qnde.ca\/","name":"Qualit\u00e9 NDE","description":"\u00c9quipements d&#039;essais non destructifs ","publisher":{"@id":"https:\/\/www.qnde.ca\/#organization"},"potentialAction":[{"@type":"SearchAction","target":{"@type":"EntryPoint","urlTemplate":"https:\/\/www.qnde.ca\/?s={search_term_string}"},"query-input":{"@type":"PropertyValueSpecification","valueRequired":true,"valueName":"search_term_string"}}],"inLanguage":"fr-FR"},{"@type":"Organization","@id":"https:\/\/www.qnde.ca\/#organization","name":"Quality NDT Ltd.","url":"https:\/\/www.qnde.ca\/","logo":{"@type":"ImageObject","inLanguage":"fr-FR","@id":"https:\/\/www.qnde.ca\/#\/schema\/logo\/image\/","url":"https:\/\/www.qnde.ca\/wp-content\/uploads\/2022\/02\/QNDE_logo_RGB-gif.gif","contentUrl":"https:\/\/www.qnde.ca\/wp-content\/uploads\/2022\/02\/QNDE_logo_RGB-gif.gif","width":250,"height":64,"caption":"Quality NDT Ltd."},"image":{"@id":"https:\/\/www.qnde.ca\/#\/schema\/logo\/image\/"},"sameAs":["https:\/\/www.linkedin.com\/company\/qnde\/about\/?viewAsMember=true"]}]}},"jetpack_sharing_enabled":true,"_links":{"self":[{"href":"https:\/\/www.qnde.ca\/fr\/wp-json\/wp\/v2\/product\/5030","targetHints":{"allow":["GET"]}}],"collection":[{"href":"https:\/\/www.qnde.ca\/fr\/wp-json\/wp\/v2\/product"}],"about":[{"href":"https:\/\/www.qnde.ca\/fr\/wp-json\/wp\/v2\/types\/product"}],"wp:featuredmedia":[{"embeddable":true,"href":"https:\/\/www.qnde.ca\/fr\/wp-json\/wp\/v2\/media\/21882"}],"wp:attachment":[{"href":"https:\/\/www.qnde.ca\/fr\/wp-json\/wp\/v2\/media?parent=5030"}],"wp:term":[{"taxonomy":"product_brand","embeddable":true,"href":"https:\/\/www.qnde.ca\/fr\/wp-json\/wp\/v2\/product_brand?post=5030"},{"taxonomy":"product_cat","embeddable":true,"href":"https:\/\/www.qnde.ca\/fr\/wp-json\/wp\/v2\/product_cat?post=5030"},{"taxonomy":"product_tag","embeddable":true,"href":"https:\/\/www.qnde.ca\/fr\/wp-json\/wp\/v2\/product_tag?post=5030"}],"curies":[{"name":"wp","href":"https:\/\/api.w.org\/{rel}","templated":true}]}}