{"id":5021,"date":"2016-01-12T20:35:24","date_gmt":"2016-01-12T20:35:24","guid":{"rendered":"https:\/\/www.qnde.ca\/?post_type=product&#038;p=5021"},"modified":"2025-06-12T08:28:40","modified_gmt":"2025-06-12T12:28:40","slug":"telebrineller-brinell-fr","status":"publish","type":"product","link":"https:\/\/www.qnde.ca\/fr\/produit\/telebrineller-brinell-fr\/","title":{"rendered":"Teleweld Telebrineller Mesureur de Duret\u00e9 Brinell"},"content":{"rendered":"<h3>Teleweld Telebrineller Mesureur de Duret\u00e9 Brinell<\/h3>\n<p>Le Telebrineller mesure la duret\u00e9 en comparant les indentations faites par un marteau de 3 \u00e0 5lbs \u00a0sur une pi\u00e8ce versus une r\u00e9f\u00e9rence connue (marteau non inclus). Ce syst\u00e8me robuste, l\u00e9ger et \u00e9tanche \u00e0 l\u2019eau est con\u00e7u pour les essais sur le terrain, en usine et\/ou en laboratoire.<\/p>\n<ul>\n<li>TELEBRINELLER: Mesureur de duret\u00e9 Tenebrineller, cinq standards de duret\u00e9 certifi\u00e9s en acier (choisissez entre 100 et 600 BHN), microscope de mesures Brinell certifi\u00e9 (divisions de 1\/10mm), charte de calculs Telebrineller, manuel de l\u2019utilisateur et valise de transport rigide.<\/li>\n<\/ul>\n<h4><strong>\u00a0<\/strong><strong>Options<\/strong><\/h4>\n<ul>\n<li>CHRT-34: Charte de calculs Telebrineller.<\/li>\n<li>FTEST: Teleweld halteman filletester pour les cordons de soudures et autres zones difficiles d&rsquo;acc\u00e8s.<\/li>\n<li>TEL-ACIER###: Barres de duret\u00e9 Telebrineller certifi\u00e9es \u2013 acier (choisissez entre 100 et 600 BHN).<\/li>\n<li>TEL-ALU###: Barres de duret\u00e9 Telebrineller certifi\u00e9es \u2013 aluminium (choisissez entre 70 et 200 BHN).<\/li>\n<li>TELCD: Disque d&rsquo;\u00e9talonnage de microscope Telebrineller (microm\u00e8tre) \u2013 avec certification.<\/li>\n<\/ul>\n<p id=\"ctl01_ctl00_cphMainContent_ProductTitle\">Contactez-nous afin de discuter de votre application, vos exigences, les options disponibles et\/ou recevoir une soumission.<\/p>\n","protected":false},"excerpt":{"rendered":"<p>Teleweld Telebrineller Mesureur de Duret\u00e9 Brinell Le Telebrineller mesure la duret\u00e9 en comparant les indentations faites par un marteau de 3 \u00e0 5lbs \u00a0sur une pi\u00e8ce versus une r\u00e9f\u00e9rence connue (marteau non inclus). Ce syst\u00e8me robuste, l\u00e9ger et \u00e9tanche \u00e0 l\u2019eau est con\u00e7u pour les essais sur le terrain, en usine et\/ou en laboratoire. TELEBRINELLER: [&hellip;]<\/p>\n","protected":false},"featured_media":21796,"template":"","meta":{"_monsterinsights_skip_tracking":false,"_monsterinsights_sitenote_active":false,"_monsterinsights_sitenote_note":"","_monsterinsights_sitenote_category":0},"product_brand":[],"product_cat":[402,346],"product_tag":[],"class_list":{"0":"post-5021","1":"product","2":"type-product","3":"status-publish","4":"has-post-thumbnail","6":"product_cat-autres-marques","7":"product_cat-brinell-fr","9":"first","10":"instock","11":"shipping-taxable","12":"purchasable","13":"product-type-variable"},"yoast_head":"<!-- This site is optimized with the Yoast SEO plugin v23.9 - https:\/\/yoast.com\/wordpress\/plugins\/seo\/ -->\n<title>Teleweld Telebrineller Mesureur de Duret\u00e9 Brinell &#060; Qualit\u00e9 NDE<\/title>\n<meta name=\"description\" content=\"Mesureur de duret\u00e9 con\u00e7u pour les essais sur le terrain, en usine et\/ou en laboratoire. Comparaison de r\u00e9f\u00e9rence.\" \/>\n<meta name=\"robots\" content=\"index, follow, max-snippet:-1, max-image-preview:large, max-video-preview:-1\" \/>\n<link rel=\"canonical\" href=\"https:\/\/www.qnde.ca\/fr\/produit\/telebrineller-brinell-fr\/\" \/>\n<meta name=\"twitter:label1\" content=\"Dur\u00e9e de lecture estim\u00e9e\" \/>\n\t<meta name=\"twitter:data1\" content=\"1 minute\" \/>\n<script type=\"application\/ld+json\" class=\"yoast-schema-graph\">{\"@context\":\"https:\/\/schema.org\",\"@graph\":[{\"@type\":[\"WebPage\",\"ItemPage\"],\"@id\":\"https:\/\/www.qnde.ca\/fr\/produit\/telebrineller-brinell-fr\/\",\"url\":\"https:\/\/www.qnde.ca\/fr\/produit\/telebrineller-brinell-fr\/\",\"name\":\"Teleweld Telebrineller Mesureur de Duret\u00e9 Brinell &#060; Qualit\u00e9 NDE\",\"isPartOf\":{\"@id\":\"https:\/\/www.qnde.ca\/#website\"},\"primaryImageOfPage\":{\"@id\":\"https:\/\/www.qnde.ca\/fr\/produit\/telebrineller-brinell-fr\/#primaryimage\"},\"image\":{\"@id\":\"https:\/\/www.qnde.ca\/fr\/produit\/telebrineller-brinell-fr\/#primaryimage\"},\"thumbnailUrl\":\"https:\/\/www.qnde.ca\/wp-content\/uploads\/2021\/10\/Telebrineller-kit-\u2013-Brinell-Hardness-Tester-in-Transport-Case.jpg\",\"datePublished\":\"2016-01-12T20:35:24+00:00\",\"dateModified\":\"2025-06-12T12:28:40+00:00\",\"description\":\"Mesureur de duret\u00e9 con\u00e7u pour les essais sur le terrain, en usine et\/ou en laboratoire. Comparaison de r\u00e9f\u00e9rence.\",\"breadcrumb\":{\"@id\":\"https:\/\/www.qnde.ca\/fr\/produit\/telebrineller-brinell-fr\/#breadcrumb\"},\"inLanguage\":\"fr-FR\",\"potentialAction\":[{\"@type\":\"ReadAction\",\"target\":[\"https:\/\/www.qnde.ca\/fr\/produit\/telebrineller-brinell-fr\/\"]}]},{\"@type\":\"ImageObject\",\"inLanguage\":\"fr-FR\",\"@id\":\"https:\/\/www.qnde.ca\/fr\/produit\/telebrineller-brinell-fr\/#primaryimage\",\"url\":\"https:\/\/www.qnde.ca\/wp-content\/uploads\/2021\/10\/Telebrineller-kit-\u2013-Brinell-Hardness-Tester-in-Transport-Case.jpg\",\"contentUrl\":\"https:\/\/www.qnde.ca\/wp-content\/uploads\/2021\/10\/Telebrineller-kit-\u2013-Brinell-Hardness-Tester-in-Transport-Case.jpg\",\"width\":300,\"height\":300,\"caption\":\"Telebrineller kit \u2013 Brinell Hardness Tester in Transport Case\"},{\"@type\":\"BreadcrumbList\",\"@id\":\"https:\/\/www.qnde.ca\/fr\/produit\/telebrineller-brinell-fr\/#breadcrumb\",\"itemListElement\":[{\"@type\":\"ListItem\",\"position\":1,\"name\":\"Accueil\",\"item\":\"https:\/\/www.qnde.ca\/fr\/\"},{\"@type\":\"ListItem\",\"position\":2,\"name\":\"Produits\",\"item\":\"https:\/\/www.qnde.ca\/fr\/produits\/\"},{\"@type\":\"ListItem\",\"position\":3,\"name\":\"Essai de Duret\u00e9\",\"item\":\"https:\/\/www.qnde.ca\/fr\/product-category\/essai-durete\/\"},{\"@type\":\"ListItem\",\"position\":4,\"name\":\"Brinell\",\"item\":\"https:\/\/www.qnde.ca\/fr\/product-category\/essai-durete\/brinell-fr\/\"},{\"@type\":\"ListItem\",\"position\":5,\"name\":\"Teleweld Telebrineller Mesureur de Duret\u00e9 Brinell\"}]},{\"@type\":\"WebSite\",\"@id\":\"https:\/\/www.qnde.ca\/#website\",\"url\":\"https:\/\/www.qnde.ca\/\",\"name\":\"Qualit\u00e9 NDE\",\"description\":\"\u00c9quipements d&#039;essais non destructifs \",\"publisher\":{\"@id\":\"https:\/\/www.qnde.ca\/#organization\"},\"potentialAction\":[{\"@type\":\"SearchAction\",\"target\":{\"@type\":\"EntryPoint\",\"urlTemplate\":\"https:\/\/www.qnde.ca\/?s={search_term_string}\"},\"query-input\":{\"@type\":\"PropertyValueSpecification\",\"valueRequired\":true,\"valueName\":\"search_term_string\"}}],\"inLanguage\":\"fr-FR\"},{\"@type\":\"Organization\",\"@id\":\"https:\/\/www.qnde.ca\/#organization\",\"name\":\"Quality NDT Ltd.\",\"url\":\"https:\/\/www.qnde.ca\/\",\"logo\":{\"@type\":\"ImageObject\",\"inLanguage\":\"fr-FR\",\"@id\":\"https:\/\/www.qnde.ca\/#\/schema\/logo\/image\/\",\"url\":\"https:\/\/www.qnde.ca\/wp-content\/uploads\/2022\/02\/QNDE_logo_RGB-gif.gif\",\"contentUrl\":\"https:\/\/www.qnde.ca\/wp-content\/uploads\/2022\/02\/QNDE_logo_RGB-gif.gif\",\"width\":250,\"height\":64,\"caption\":\"Quality NDT Ltd.\"},\"image\":{\"@id\":\"https:\/\/www.qnde.ca\/#\/schema\/logo\/image\/\"},\"sameAs\":[\"https:\/\/www.linkedin.com\/company\/qnde\/about\/?viewAsMember=true\"]}]}<\/script>\n<!-- \/ Yoast SEO plugin. -->","yoast_head_json":{"title":"Teleweld Telebrineller Mesureur de Duret\u00e9 Brinell &#060; Qualit\u00e9 NDE","description":"Mesureur de duret\u00e9 con\u00e7u pour les essais sur le terrain, en usine et\/ou en laboratoire. Comparaison de r\u00e9f\u00e9rence.","robots":{"index":"index","follow":"follow","max-snippet":"max-snippet:-1","max-image-preview":"max-image-preview:large","max-video-preview":"max-video-preview:-1"},"canonical":"https:\/\/www.qnde.ca\/fr\/produit\/telebrineller-brinell-fr\/","twitter_misc":{"Dur\u00e9e de lecture estim\u00e9e":"1 minute"},"schema":{"@context":"https:\/\/schema.org","@graph":[{"@type":["WebPage","ItemPage"],"@id":"https:\/\/www.qnde.ca\/fr\/produit\/telebrineller-brinell-fr\/","url":"https:\/\/www.qnde.ca\/fr\/produit\/telebrineller-brinell-fr\/","name":"Teleweld Telebrineller Mesureur de Duret\u00e9 Brinell &#060; Qualit\u00e9 NDE","isPartOf":{"@id":"https:\/\/www.qnde.ca\/#website"},"primaryImageOfPage":{"@id":"https:\/\/www.qnde.ca\/fr\/produit\/telebrineller-brinell-fr\/#primaryimage"},"image":{"@id":"https:\/\/www.qnde.ca\/fr\/produit\/telebrineller-brinell-fr\/#primaryimage"},"thumbnailUrl":"https:\/\/www.qnde.ca\/wp-content\/uploads\/2021\/10\/Telebrineller-kit-\u2013-Brinell-Hardness-Tester-in-Transport-Case.jpg","datePublished":"2016-01-12T20:35:24+00:00","dateModified":"2025-06-12T12:28:40+00:00","description":"Mesureur de duret\u00e9 con\u00e7u pour les essais sur le terrain, en usine et\/ou en laboratoire. Comparaison de r\u00e9f\u00e9rence.","breadcrumb":{"@id":"https:\/\/www.qnde.ca\/fr\/produit\/telebrineller-brinell-fr\/#breadcrumb"},"inLanguage":"fr-FR","potentialAction":[{"@type":"ReadAction","target":["https:\/\/www.qnde.ca\/fr\/produit\/telebrineller-brinell-fr\/"]}]},{"@type":"ImageObject","inLanguage":"fr-FR","@id":"https:\/\/www.qnde.ca\/fr\/produit\/telebrineller-brinell-fr\/#primaryimage","url":"https:\/\/www.qnde.ca\/wp-content\/uploads\/2021\/10\/Telebrineller-kit-\u2013-Brinell-Hardness-Tester-in-Transport-Case.jpg","contentUrl":"https:\/\/www.qnde.ca\/wp-content\/uploads\/2021\/10\/Telebrineller-kit-\u2013-Brinell-Hardness-Tester-in-Transport-Case.jpg","width":300,"height":300,"caption":"Telebrineller kit \u2013 Brinell Hardness Tester in Transport Case"},{"@type":"BreadcrumbList","@id":"https:\/\/www.qnde.ca\/fr\/produit\/telebrineller-brinell-fr\/#breadcrumb","itemListElement":[{"@type":"ListItem","position":1,"name":"Accueil","item":"https:\/\/www.qnde.ca\/fr\/"},{"@type":"ListItem","position":2,"name":"Produits","item":"https:\/\/www.qnde.ca\/fr\/produits\/"},{"@type":"ListItem","position":3,"name":"Essai de Duret\u00e9","item":"https:\/\/www.qnde.ca\/fr\/product-category\/essai-durete\/"},{"@type":"ListItem","position":4,"name":"Brinell","item":"https:\/\/www.qnde.ca\/fr\/product-category\/essai-durete\/brinell-fr\/"},{"@type":"ListItem","position":5,"name":"Teleweld Telebrineller Mesureur de Duret\u00e9 Brinell"}]},{"@type":"WebSite","@id":"https:\/\/www.qnde.ca\/#website","url":"https:\/\/www.qnde.ca\/","name":"Qualit\u00e9 NDE","description":"\u00c9quipements d&#039;essais non destructifs ","publisher":{"@id":"https:\/\/www.qnde.ca\/#organization"},"potentialAction":[{"@type":"SearchAction","target":{"@type":"EntryPoint","urlTemplate":"https:\/\/www.qnde.ca\/?s={search_term_string}"},"query-input":{"@type":"PropertyValueSpecification","valueRequired":true,"valueName":"search_term_string"}}],"inLanguage":"fr-FR"},{"@type":"Organization","@id":"https:\/\/www.qnde.ca\/#organization","name":"Quality NDT Ltd.","url":"https:\/\/www.qnde.ca\/","logo":{"@type":"ImageObject","inLanguage":"fr-FR","@id":"https:\/\/www.qnde.ca\/#\/schema\/logo\/image\/","url":"https:\/\/www.qnde.ca\/wp-content\/uploads\/2022\/02\/QNDE_logo_RGB-gif.gif","contentUrl":"https:\/\/www.qnde.ca\/wp-content\/uploads\/2022\/02\/QNDE_logo_RGB-gif.gif","width":250,"height":64,"caption":"Quality NDT Ltd."},"image":{"@id":"https:\/\/www.qnde.ca\/#\/schema\/logo\/image\/"},"sameAs":["https:\/\/www.linkedin.com\/company\/qnde\/about\/?viewAsMember=true"]}]}},"jetpack_sharing_enabled":true,"_links":{"self":[{"href":"https:\/\/www.qnde.ca\/fr\/wp-json\/wp\/v2\/product\/5021","targetHints":{"allow":["GET"]}}],"collection":[{"href":"https:\/\/www.qnde.ca\/fr\/wp-json\/wp\/v2\/product"}],"about":[{"href":"https:\/\/www.qnde.ca\/fr\/wp-json\/wp\/v2\/types\/product"}],"wp:featuredmedia":[{"embeddable":true,"href":"https:\/\/www.qnde.ca\/fr\/wp-json\/wp\/v2\/media\/21796"}],"wp:attachment":[{"href":"https:\/\/www.qnde.ca\/fr\/wp-json\/wp\/v2\/media?parent=5021"}],"wp:term":[{"taxonomy":"product_brand","embeddable":true,"href":"https:\/\/www.qnde.ca\/fr\/wp-json\/wp\/v2\/product_brand?post=5021"},{"taxonomy":"product_cat","embeddable":true,"href":"https:\/\/www.qnde.ca\/fr\/wp-json\/wp\/v2\/product_cat?post=5021"},{"taxonomy":"product_tag","embeddable":true,"href":"https:\/\/www.qnde.ca\/fr\/wp-json\/wp\/v2\/product_tag?post=5021"}],"curies":[{"name":"wp","href":"https:\/\/api.w.org\/{rel}","templated":true}]}}