{"id":5016,"date":"2016-01-12T20:32:11","date_gmt":"2016-01-12T20:32:11","guid":{"rendered":"https:\/\/www.qnde.ca\/?post_type=product&#038;p=5016"},"modified":"2025-08-11T11:07:30","modified_gmt":"2025-08-11T15:07:30","slug":"ht1000a-2000a-leeb-fr","status":"publish","type":"product","link":"https:\/\/www.qnde.ca\/fr\/produit\/ht1000a-2000a-leeb-fr\/","title":{"rendered":"G&#038;R Technology Mesureur de Duret\u00e9 LEEB HT-1000A \/ 2000A"},"content":{"rendered":"<h3><strong>G&amp;R Technology Mesureur de Duret\u00e9 LEEB HT-1000A \/ 2000A<\/strong><\/h3>\n<p>Les HT-1000A\/2000A sont des mesureurs \u00e0 rebond dynamique portatifs (LEEB) qui permettent \u00e0 l\u2019utilisateur de sauvegarder automatiquement jusqu\u2019\u00e0 500 r\u00e9sultats y compris les lectures, conversions, valeurs moyennes, \u00e9chelles de duret\u00e9, mat\u00e9riel, direction, date et heure. Les lectures HL sont convertibles en HV, HB, HRB, HRC et HS. 1 an de garantie.<\/p>\n<ul>\n<li>HT-1000A: Mesureur de duret\u00e9 LEEB HT-1000A, bloc de duret\u00e9 standard, deux anneaux de support (20mm (0.79&Prime;) et 13mm (0.53&Prime;)), brosse de nettoyage de tube, deux batteries lithium CR-2330, manuel de l\u2019utilisateur, certificat d\u2019\u00e9talonnage et valise de transport rigide.<\/li>\n<li>HT-2000A: Mesureur de duret\u00e9 LEEB HT-2000A, bloc de duret\u00e9 standard, deux anneaux de support (20mm (0.79&Prime;) et 13mm (0.53&Prime;)), brosse de nettoyage de tube, mini imprimante infrarouge, deux batteries lithium CR-2330, manuel de l\u2019utilisateur, certificat d\u2019\u00e9talonnage et valise de transport rigide.<\/li>\n<\/ul>\n<h4><strong>\u00a0<\/strong><strong>Options<\/strong><\/h4>\n<ul>\n<li>HARD-##-##: Standard de duret\u00e9 certifi\u00e9 (sp\u00e9cifiez la duret\u00e9 et l\u2019\u00e9chelle requises).<\/li>\n<\/ul>\n<p>Contactez-nous afin de discuter de votre application, vos exigences, les options disponibles et\/ou recevoir une soumission.<\/p>\n","protected":false},"excerpt":{"rendered":"<p>G&amp;R Technology Mesureur de Duret\u00e9 LEEB HT-1000A \/ 2000A Les HT-1000A\/2000A sont des mesureurs \u00e0 rebond dynamique portatifs (LEEB) qui permettent \u00e0 l\u2019utilisateur de sauvegarder automatiquement jusqu\u2019\u00e0 500 r\u00e9sultats y compris les lectures, conversions, valeurs moyennes, \u00e9chelles de duret\u00e9, mat\u00e9riel, direction, date et heure. Les lectures HL sont convertibles en HV, HB, HRB, HRC et [&hellip;]<\/p>\n","protected":false},"featured_media":21447,"template":"","meta":{"_monsterinsights_skip_tracking":false,"_monsterinsights_sitenote_active":false,"_monsterinsights_sitenote_note":"","_monsterinsights_sitenote_category":0},"product_brand":[],"product_cat":[402,340],"product_tag":[],"class_list":{"0":"post-5016","1":"product","2":"type-product","3":"status-publish","4":"has-post-thumbnail","6":"product_cat-autres-marques","7":"product_cat-leeb-fr","9":"first","10":"instock","11":"shipping-taxable","12":"purchasable","13":"product-type-variable"},"yoast_head":"<!-- This site is optimized with the Yoast SEO plugin v23.9 - https:\/\/yoast.com\/wordpress\/plugins\/seo\/ -->\n<title>G&amp;R Technology Mesureur de Duret\u00e9 LEEB HT-1000A \/ 2000A &#060; Qualit\u00e9 NDE<\/title>\n<meta name=\"description\" content=\"HT-1000A\/2000A : mesureurs de duret\u00e9 LEEB portatifs avec m\u00e9moire de 500 r\u00e9sultats, conversion multi-\u00e9chelles et impression IR (HT-2000A).\" \/>\n<meta name=\"robots\" content=\"index, follow, max-snippet:-1, max-image-preview:large, max-video-preview:-1\" \/>\n<link rel=\"canonical\" href=\"https:\/\/www.qnde.ca\/fr\/produit\/ht1000a-2000a-leeb-fr\/\" \/>\n<meta name=\"twitter:label1\" content=\"Dur\u00e9e de lecture estim\u00e9e\" \/>\n\t<meta name=\"twitter:data1\" content=\"1 minute\" \/>\n<script type=\"application\/ld+json\" class=\"yoast-schema-graph\">{\"@context\":\"https:\/\/schema.org\",\"@graph\":[{\"@type\":[\"WebPage\",\"ItemPage\"],\"@id\":\"https:\/\/www.qnde.ca\/fr\/produit\/ht1000a-2000a-leeb-fr\/\",\"url\":\"https:\/\/www.qnde.ca\/fr\/produit\/ht1000a-2000a-leeb-fr\/\",\"name\":\"G&R Technology Mesureur de Duret\u00e9 LEEB HT-1000A \/ 2000A &#060; Qualit\u00e9 NDE\",\"isPartOf\":{\"@id\":\"https:\/\/www.qnde.ca\/#website\"},\"primaryImageOfPage\":{\"@id\":\"https:\/\/www.qnde.ca\/fr\/produit\/ht1000a-2000a-leeb-fr\/#primaryimage\"},\"image\":{\"@id\":\"https:\/\/www.qnde.ca\/fr\/produit\/ht1000a-2000a-leeb-fr\/#primaryimage\"},\"thumbnailUrl\":\"https:\/\/www.qnde.ca\/wp-content\/uploads\/2021\/10\/HT-2000A-LEEB-Hardness-Tester.jpg\",\"datePublished\":\"2016-01-12T20:32:11+00:00\",\"dateModified\":\"2025-08-11T15:07:30+00:00\",\"description\":\"HT-1000A\/2000A : mesureurs de duret\u00e9 LEEB portatifs avec m\u00e9moire de 500 r\u00e9sultats, conversion multi-\u00e9chelles et impression IR (HT-2000A).\",\"breadcrumb\":{\"@id\":\"https:\/\/www.qnde.ca\/fr\/produit\/ht1000a-2000a-leeb-fr\/#breadcrumb\"},\"inLanguage\":\"fr-FR\",\"potentialAction\":[{\"@type\":\"ReadAction\",\"target\":[\"https:\/\/www.qnde.ca\/fr\/produit\/ht1000a-2000a-leeb-fr\/\"]}]},{\"@type\":\"ImageObject\",\"inLanguage\":\"fr-FR\",\"@id\":\"https:\/\/www.qnde.ca\/fr\/produit\/ht1000a-2000a-leeb-fr\/#primaryimage\",\"url\":\"https:\/\/www.qnde.ca\/wp-content\/uploads\/2021\/10\/HT-2000A-LEEB-Hardness-Tester.jpg\",\"contentUrl\":\"https:\/\/www.qnde.ca\/wp-content\/uploads\/2021\/10\/HT-2000A-LEEB-Hardness-Tester.jpg\",\"width\":303,\"height\":731,\"caption\":\"HT-2000A LEEB Hardness Tester\"},{\"@type\":\"BreadcrumbList\",\"@id\":\"https:\/\/www.qnde.ca\/fr\/produit\/ht1000a-2000a-leeb-fr\/#breadcrumb\",\"itemListElement\":[{\"@type\":\"ListItem\",\"position\":1,\"name\":\"Accueil\",\"item\":\"https:\/\/www.qnde.ca\/fr\/\"},{\"@type\":\"ListItem\",\"position\":2,\"name\":\"Produits\",\"item\":\"https:\/\/www.qnde.ca\/fr\/produits\/\"},{\"@type\":\"ListItem\",\"position\":3,\"name\":\"Essai de Duret\u00e9\",\"item\":\"https:\/\/www.qnde.ca\/fr\/product-category\/essai-durete\/\"},{\"@type\":\"ListItem\",\"position\":4,\"name\":\"LEEB\",\"item\":\"https:\/\/www.qnde.ca\/fr\/product-category\/essai-durete\/leeb-fr\/\"},{\"@type\":\"ListItem\",\"position\":5,\"name\":\"G&#038;R Technology Mesureur de Duret\u00e9 LEEB HT-1000A \/ 2000A\"}]},{\"@type\":\"WebSite\",\"@id\":\"https:\/\/www.qnde.ca\/#website\",\"url\":\"https:\/\/www.qnde.ca\/\",\"name\":\"Qualit\u00e9 NDE\",\"description\":\"\u00c9quipements d&#039;essais non destructifs \",\"publisher\":{\"@id\":\"https:\/\/www.qnde.ca\/#organization\"},\"potentialAction\":[{\"@type\":\"SearchAction\",\"target\":{\"@type\":\"EntryPoint\",\"urlTemplate\":\"https:\/\/www.qnde.ca\/?s={search_term_string}\"},\"query-input\":{\"@type\":\"PropertyValueSpecification\",\"valueRequired\":true,\"valueName\":\"search_term_string\"}}],\"inLanguage\":\"fr-FR\"},{\"@type\":\"Organization\",\"@id\":\"https:\/\/www.qnde.ca\/#organization\",\"name\":\"Quality NDT Ltd.\",\"url\":\"https:\/\/www.qnde.ca\/\",\"logo\":{\"@type\":\"ImageObject\",\"inLanguage\":\"fr-FR\",\"@id\":\"https:\/\/www.qnde.ca\/#\/schema\/logo\/image\/\",\"url\":\"https:\/\/www.qnde.ca\/wp-content\/uploads\/2022\/02\/QNDE_logo_RGB-gif.gif\",\"contentUrl\":\"https:\/\/www.qnde.ca\/wp-content\/uploads\/2022\/02\/QNDE_logo_RGB-gif.gif\",\"width\":250,\"height\":64,\"caption\":\"Quality NDT Ltd.\"},\"image\":{\"@id\":\"https:\/\/www.qnde.ca\/#\/schema\/logo\/image\/\"},\"sameAs\":[\"https:\/\/www.linkedin.com\/company\/qnde\/about\/?viewAsMember=true\"]}]}<\/script>\n<!-- \/ Yoast SEO plugin. -->","yoast_head_json":{"title":"G&R Technology Mesureur de Duret\u00e9 LEEB HT-1000A \/ 2000A &#060; Qualit\u00e9 NDE","description":"HT-1000A\/2000A : mesureurs de duret\u00e9 LEEB portatifs avec m\u00e9moire de 500 r\u00e9sultats, conversion multi-\u00e9chelles et impression IR (HT-2000A).","robots":{"index":"index","follow":"follow","max-snippet":"max-snippet:-1","max-image-preview":"max-image-preview:large","max-video-preview":"max-video-preview:-1"},"canonical":"https:\/\/www.qnde.ca\/fr\/produit\/ht1000a-2000a-leeb-fr\/","twitter_misc":{"Dur\u00e9e de lecture estim\u00e9e":"1 minute"},"schema":{"@context":"https:\/\/schema.org","@graph":[{"@type":["WebPage","ItemPage"],"@id":"https:\/\/www.qnde.ca\/fr\/produit\/ht1000a-2000a-leeb-fr\/","url":"https:\/\/www.qnde.ca\/fr\/produit\/ht1000a-2000a-leeb-fr\/","name":"G&R Technology Mesureur de Duret\u00e9 LEEB HT-1000A \/ 2000A &#060; Qualit\u00e9 NDE","isPartOf":{"@id":"https:\/\/www.qnde.ca\/#website"},"primaryImageOfPage":{"@id":"https:\/\/www.qnde.ca\/fr\/produit\/ht1000a-2000a-leeb-fr\/#primaryimage"},"image":{"@id":"https:\/\/www.qnde.ca\/fr\/produit\/ht1000a-2000a-leeb-fr\/#primaryimage"},"thumbnailUrl":"https:\/\/www.qnde.ca\/wp-content\/uploads\/2021\/10\/HT-2000A-LEEB-Hardness-Tester.jpg","datePublished":"2016-01-12T20:32:11+00:00","dateModified":"2025-08-11T15:07:30+00:00","description":"HT-1000A\/2000A : mesureurs de duret\u00e9 LEEB portatifs avec m\u00e9moire de 500 r\u00e9sultats, conversion multi-\u00e9chelles et impression IR (HT-2000A).","breadcrumb":{"@id":"https:\/\/www.qnde.ca\/fr\/produit\/ht1000a-2000a-leeb-fr\/#breadcrumb"},"inLanguage":"fr-FR","potentialAction":[{"@type":"ReadAction","target":["https:\/\/www.qnde.ca\/fr\/produit\/ht1000a-2000a-leeb-fr\/"]}]},{"@type":"ImageObject","inLanguage":"fr-FR","@id":"https:\/\/www.qnde.ca\/fr\/produit\/ht1000a-2000a-leeb-fr\/#primaryimage","url":"https:\/\/www.qnde.ca\/wp-content\/uploads\/2021\/10\/HT-2000A-LEEB-Hardness-Tester.jpg","contentUrl":"https:\/\/www.qnde.ca\/wp-content\/uploads\/2021\/10\/HT-2000A-LEEB-Hardness-Tester.jpg","width":303,"height":731,"caption":"HT-2000A LEEB Hardness Tester"},{"@type":"BreadcrumbList","@id":"https:\/\/www.qnde.ca\/fr\/produit\/ht1000a-2000a-leeb-fr\/#breadcrumb","itemListElement":[{"@type":"ListItem","position":1,"name":"Accueil","item":"https:\/\/www.qnde.ca\/fr\/"},{"@type":"ListItem","position":2,"name":"Produits","item":"https:\/\/www.qnde.ca\/fr\/produits\/"},{"@type":"ListItem","position":3,"name":"Essai de Duret\u00e9","item":"https:\/\/www.qnde.ca\/fr\/product-category\/essai-durete\/"},{"@type":"ListItem","position":4,"name":"LEEB","item":"https:\/\/www.qnde.ca\/fr\/product-category\/essai-durete\/leeb-fr\/"},{"@type":"ListItem","position":5,"name":"G&#038;R Technology Mesureur de Duret\u00e9 LEEB HT-1000A \/ 2000A"}]},{"@type":"WebSite","@id":"https:\/\/www.qnde.ca\/#website","url":"https:\/\/www.qnde.ca\/","name":"Qualit\u00e9 NDE","description":"\u00c9quipements d&#039;essais non destructifs ","publisher":{"@id":"https:\/\/www.qnde.ca\/#organization"},"potentialAction":[{"@type":"SearchAction","target":{"@type":"EntryPoint","urlTemplate":"https:\/\/www.qnde.ca\/?s={search_term_string}"},"query-input":{"@type":"PropertyValueSpecification","valueRequired":true,"valueName":"search_term_string"}}],"inLanguage":"fr-FR"},{"@type":"Organization","@id":"https:\/\/www.qnde.ca\/#organization","name":"Quality NDT Ltd.","url":"https:\/\/www.qnde.ca\/","logo":{"@type":"ImageObject","inLanguage":"fr-FR","@id":"https:\/\/www.qnde.ca\/#\/schema\/logo\/image\/","url":"https:\/\/www.qnde.ca\/wp-content\/uploads\/2022\/02\/QNDE_logo_RGB-gif.gif","contentUrl":"https:\/\/www.qnde.ca\/wp-content\/uploads\/2022\/02\/QNDE_logo_RGB-gif.gif","width":250,"height":64,"caption":"Quality NDT Ltd."},"image":{"@id":"https:\/\/www.qnde.ca\/#\/schema\/logo\/image\/"},"sameAs":["https:\/\/www.linkedin.com\/company\/qnde\/about\/?viewAsMember=true"]}]}},"jetpack_sharing_enabled":true,"_links":{"self":[{"href":"https:\/\/www.qnde.ca\/fr\/wp-json\/wp\/v2\/product\/5016","targetHints":{"allow":["GET"]}}],"collection":[{"href":"https:\/\/www.qnde.ca\/fr\/wp-json\/wp\/v2\/product"}],"about":[{"href":"https:\/\/www.qnde.ca\/fr\/wp-json\/wp\/v2\/types\/product"}],"wp:featuredmedia":[{"embeddable":true,"href":"https:\/\/www.qnde.ca\/fr\/wp-json\/wp\/v2\/media\/21447"}],"wp:attachment":[{"href":"https:\/\/www.qnde.ca\/fr\/wp-json\/wp\/v2\/media?parent=5016"}],"wp:term":[{"taxonomy":"product_brand","embeddable":true,"href":"https:\/\/www.qnde.ca\/fr\/wp-json\/wp\/v2\/product_brand?post=5016"},{"taxonomy":"product_cat","embeddable":true,"href":"https:\/\/www.qnde.ca\/fr\/wp-json\/wp\/v2\/product_cat?post=5016"},{"taxonomy":"product_tag","embeddable":true,"href":"https:\/\/www.qnde.ca\/fr\/wp-json\/wp\/v2\/product_tag?post=5016"}],"curies":[{"name":"wp","href":"https:\/\/api.w.org\/{rel}","templated":true}]}}