{"id":5012,"date":"2016-01-12T20:29:29","date_gmt":"2016-01-12T20:29:29","guid":{"rendered":"https:\/\/www.qnde.ca\/?post_type=product&#038;p=5012"},"modified":"2025-06-11T16:24:01","modified_gmt":"2025-06-11T20:24:01","slug":"rh150-fr","status":"publish","type":"product","link":"https:\/\/www.qnde.ca\/fr\/produit\/rh150-fr\/","title":{"rendered":"G&#038;R Technology RH-150 Mesureur de Duret\u00e9 Modulaire"},"content":{"rendered":"<h3><strong>G&amp;R Technology RH-150, Mesureur de Duret\u00e9 Modulaire<\/strong><\/h3>\n<p>Mesureur de duret\u00e9 Rockwell modulaire et portatif, rapide et facile d\u2019utilisation. L\u2019\u00e9cran num\u00e9rique permet une lecture facile de la valeur mesur\u00e9e (HRA, HRC, HV, HB, HRB), qui est automatiquement enregistr\u00e9e (1,000 donn\u00e9es). L\u2019interface int\u00e9gr\u00e9e permet le transfert des lectures aux appareils Bluetooth (mini imprimante optionnelle, appareils PDA, etc.). 1 an de garantie.<\/p>\n<ul>\n<li>RH-150: Testeur de duret\u00e9 portatif par serrage avec ouverture de 0-25mm (ouverture de 50mm, 75mm et 100mm aussi disponibles), p\u00e9n\u00e9trateur diamant, p\u00e9n\u00e9trateur \u00e0 bille, 3 blocs d\u2019essais certifi\u00e9s (25-35 HRC 59-65 HRC, 60-90 HRC), enclume plate, enclume type-V, batterie Li-ion rechargeable, chargeur, c\u00e2ble USB, manuel de l\u2019utilisateur, certificat d\u2019\u00e9talonnage et valise de transport.<\/li>\n<li>RH-450: Testeur de duret\u00e9 portatif par serrage pour mat\u00e9riaux tr\u00e8s minces.<\/li>\n<\/ul>\n<h4><strong>Options:<\/strong><\/h4>\n<ul>\n<li>RH-PRINT: Mini imprimante \u00e0 papier thermique (Bluetooth et USB) avec chargeur.<\/li>\n<li>RH-TEST: Blocs de duret\u00e9 certifi\u00e9s.<\/li>\n<li>RH-STAND: Cadre-colonne (ouverture 250mm hauteur x 130mm profoundeur).<\/li>\n<li>RH-PIPE: Ch\u00e2ssis pour tuyaux\/conduits (\u00e9paisseur de paroi jusqu&rsquo;\u00e0 20 mm).<\/li>\n<li>HARD-##-##: Standard de duret\u00e9 certifi\u00e9 (sp\u00e9cifiez la duret\u00e9 et l\u2019\u00e9chelle requises).<\/li>\n<\/ul>\n<p>Contactez-nous afin de discuter de votre application, vos exigences, les options disponibles et\/ou recevoir une soumission.<\/p>\n","protected":false},"excerpt":{"rendered":"<p>G&amp;R Technology RH-150, Mesureur de Duret\u00e9 Modulaire Mesureur de duret\u00e9 Rockwell modulaire et portatif, rapide et facile d\u2019utilisation. L\u2019\u00e9cran num\u00e9rique permet une lecture facile de la valeur mesur\u00e9e (HRA, HRC, HV, HB, HRB), qui est automatiquement enregistr\u00e9e (1,000 donn\u00e9es). L\u2019interface int\u00e9gr\u00e9e permet le transfert des lectures aux appareils Bluetooth (mini imprimante optionnelle, appareils PDA, etc.). [&hellip;]<\/p>\n","protected":false},"featured_media":21260,"template":"","meta":{"_monsterinsights_skip_tracking":false,"_monsterinsights_sitenote_active":false,"_monsterinsights_sitenote_note":"","_monsterinsights_sitenote_category":0},"product_brand":[],"product_cat":[402,338],"product_tag":[],"class_list":{"0":"post-5012","1":"product","2":"type-product","3":"status-publish","4":"has-post-thumbnail","6":"product_cat-autres-marques","7":"product_cat-rockwell-fr","9":"first","10":"instock","11":"shipping-taxable","12":"purchasable","13":"product-type-variable"},"yoast_head":"<!-- This site is optimized with the Yoast SEO plugin v23.9 - https:\/\/yoast.com\/wordpress\/plugins\/seo\/ -->\n<title>G&amp;R Technology RH-150 Mesureur de Duret\u00e9 Modulaire &#060; Qualit\u00e9 NDE<\/title>\n<meta name=\"description\" content=\"Mesureur de duret\u00e9 Rockwell avec \u00e9cran num\u00e9rique. HRA, HRC, HV, HB, HRB. (1,000 donn\u00e9es)\" \/>\n<meta name=\"robots\" content=\"index, follow, max-snippet:-1, max-image-preview:large, max-video-preview:-1\" \/>\n<link rel=\"canonical\" href=\"https:\/\/www.qnde.ca\/fr\/produit\/rh150-fr\/\" \/>\n<meta name=\"twitter:label1\" content=\"Dur\u00e9e de lecture estim\u00e9e\" \/>\n\t<meta name=\"twitter:data1\" content=\"2 minutes\" \/>\n<script type=\"application\/ld+json\" class=\"yoast-schema-graph\">{\"@context\":\"https:\/\/schema.org\",\"@graph\":[{\"@type\":[\"WebPage\",\"ItemPage\"],\"@id\":\"https:\/\/www.qnde.ca\/fr\/produit\/rh150-fr\/\",\"url\":\"https:\/\/www.qnde.ca\/fr\/produit\/rh150-fr\/\",\"name\":\"G&R Technology RH-150 Mesureur de Duret\u00e9 Modulaire &#060; Qualit\u00e9 NDE\",\"isPartOf\":{\"@id\":\"https:\/\/www.qnde.ca\/#website\"},\"primaryImageOfPage\":{\"@id\":\"https:\/\/www.qnde.ca\/fr\/produit\/rh150-fr\/#primaryimage\"},\"image\":{\"@id\":\"https:\/\/www.qnde.ca\/fr\/produit\/rh150-fr\/#primaryimage\"},\"thumbnailUrl\":\"https:\/\/www.qnde.ca\/wp-content\/uploads\/2021\/10\/RH-150-Modular-Hardness-Tester.jpg\",\"datePublished\":\"2016-01-12T20:29:29+00:00\",\"dateModified\":\"2025-06-11T20:24:01+00:00\",\"description\":\"Mesureur de duret\u00e9 Rockwell avec \u00e9cran num\u00e9rique. HRA, HRC, HV, HB, HRB. (1,000 donn\u00e9es)\",\"breadcrumb\":{\"@id\":\"https:\/\/www.qnde.ca\/fr\/produit\/rh150-fr\/#breadcrumb\"},\"inLanguage\":\"fr-FR\",\"potentialAction\":[{\"@type\":\"ReadAction\",\"target\":[\"https:\/\/www.qnde.ca\/fr\/produit\/rh150-fr\/\"]}]},{\"@type\":\"ImageObject\",\"inLanguage\":\"fr-FR\",\"@id\":\"https:\/\/www.qnde.ca\/fr\/produit\/rh150-fr\/#primaryimage\",\"url\":\"https:\/\/www.qnde.ca\/wp-content\/uploads\/2021\/10\/RH-150-Modular-Hardness-Tester.jpg\",\"contentUrl\":\"https:\/\/www.qnde.ca\/wp-content\/uploads\/2021\/10\/RH-150-Modular-Hardness-Tester.jpg\",\"width\":450,\"height\":450,\"caption\":\"RH-150 Modular Hardness Tester\"},{\"@type\":\"BreadcrumbList\",\"@id\":\"https:\/\/www.qnde.ca\/fr\/produit\/rh150-fr\/#breadcrumb\",\"itemListElement\":[{\"@type\":\"ListItem\",\"position\":1,\"name\":\"Accueil\",\"item\":\"https:\/\/www.qnde.ca\/fr\/\"},{\"@type\":\"ListItem\",\"position\":2,\"name\":\"Produits\",\"item\":\"https:\/\/www.qnde.ca\/fr\/produits\/\"},{\"@type\":\"ListItem\",\"position\":3,\"name\":\"Essai de Duret\u00e9\",\"item\":\"https:\/\/www.qnde.ca\/fr\/product-category\/essai-durete\/\"},{\"@type\":\"ListItem\",\"position\":4,\"name\":\"Rockwell\",\"item\":\"https:\/\/www.qnde.ca\/fr\/product-category\/essai-durete\/rockwell-fr\/\"},{\"@type\":\"ListItem\",\"position\":5,\"name\":\"G&#038;R Technology RH-150 Mesureur de Duret\u00e9 Modulaire\"}]},{\"@type\":\"WebSite\",\"@id\":\"https:\/\/www.qnde.ca\/#website\",\"url\":\"https:\/\/www.qnde.ca\/\",\"name\":\"Qualit\u00e9 NDE\",\"description\":\"\u00c9quipements d&#039;essais non destructifs \",\"publisher\":{\"@id\":\"https:\/\/www.qnde.ca\/#organization\"},\"potentialAction\":[{\"@type\":\"SearchAction\",\"target\":{\"@type\":\"EntryPoint\",\"urlTemplate\":\"https:\/\/www.qnde.ca\/?s={search_term_string}\"},\"query-input\":{\"@type\":\"PropertyValueSpecification\",\"valueRequired\":true,\"valueName\":\"search_term_string\"}}],\"inLanguage\":\"fr-FR\"},{\"@type\":\"Organization\",\"@id\":\"https:\/\/www.qnde.ca\/#organization\",\"name\":\"Quality NDT Ltd.\",\"url\":\"https:\/\/www.qnde.ca\/\",\"logo\":{\"@type\":\"ImageObject\",\"inLanguage\":\"fr-FR\",\"@id\":\"https:\/\/www.qnde.ca\/#\/schema\/logo\/image\/\",\"url\":\"https:\/\/www.qnde.ca\/wp-content\/uploads\/2022\/02\/QNDE_logo_RGB-gif.gif\",\"contentUrl\":\"https:\/\/www.qnde.ca\/wp-content\/uploads\/2022\/02\/QNDE_logo_RGB-gif.gif\",\"width\":250,\"height\":64,\"caption\":\"Quality NDT Ltd.\"},\"image\":{\"@id\":\"https:\/\/www.qnde.ca\/#\/schema\/logo\/image\/\"},\"sameAs\":[\"https:\/\/www.linkedin.com\/company\/qnde\/about\/?viewAsMember=true\"]}]}<\/script>\n<!-- \/ Yoast SEO plugin. -->","yoast_head_json":{"title":"G&R Technology RH-150 Mesureur de Duret\u00e9 Modulaire &#060; Qualit\u00e9 NDE","description":"Mesureur de duret\u00e9 Rockwell avec \u00e9cran num\u00e9rique. HRA, HRC, HV, HB, HRB. (1,000 donn\u00e9es)","robots":{"index":"index","follow":"follow","max-snippet":"max-snippet:-1","max-image-preview":"max-image-preview:large","max-video-preview":"max-video-preview:-1"},"canonical":"https:\/\/www.qnde.ca\/fr\/produit\/rh150-fr\/","twitter_misc":{"Dur\u00e9e de lecture estim\u00e9e":"2 minutes"},"schema":{"@context":"https:\/\/schema.org","@graph":[{"@type":["WebPage","ItemPage"],"@id":"https:\/\/www.qnde.ca\/fr\/produit\/rh150-fr\/","url":"https:\/\/www.qnde.ca\/fr\/produit\/rh150-fr\/","name":"G&R Technology RH-150 Mesureur de Duret\u00e9 Modulaire &#060; Qualit\u00e9 NDE","isPartOf":{"@id":"https:\/\/www.qnde.ca\/#website"},"primaryImageOfPage":{"@id":"https:\/\/www.qnde.ca\/fr\/produit\/rh150-fr\/#primaryimage"},"image":{"@id":"https:\/\/www.qnde.ca\/fr\/produit\/rh150-fr\/#primaryimage"},"thumbnailUrl":"https:\/\/www.qnde.ca\/wp-content\/uploads\/2021\/10\/RH-150-Modular-Hardness-Tester.jpg","datePublished":"2016-01-12T20:29:29+00:00","dateModified":"2025-06-11T20:24:01+00:00","description":"Mesureur de duret\u00e9 Rockwell avec \u00e9cran num\u00e9rique. HRA, HRC, HV, HB, HRB. (1,000 donn\u00e9es)","breadcrumb":{"@id":"https:\/\/www.qnde.ca\/fr\/produit\/rh150-fr\/#breadcrumb"},"inLanguage":"fr-FR","potentialAction":[{"@type":"ReadAction","target":["https:\/\/www.qnde.ca\/fr\/produit\/rh150-fr\/"]}]},{"@type":"ImageObject","inLanguage":"fr-FR","@id":"https:\/\/www.qnde.ca\/fr\/produit\/rh150-fr\/#primaryimage","url":"https:\/\/www.qnde.ca\/wp-content\/uploads\/2021\/10\/RH-150-Modular-Hardness-Tester.jpg","contentUrl":"https:\/\/www.qnde.ca\/wp-content\/uploads\/2021\/10\/RH-150-Modular-Hardness-Tester.jpg","width":450,"height":450,"caption":"RH-150 Modular Hardness Tester"},{"@type":"BreadcrumbList","@id":"https:\/\/www.qnde.ca\/fr\/produit\/rh150-fr\/#breadcrumb","itemListElement":[{"@type":"ListItem","position":1,"name":"Accueil","item":"https:\/\/www.qnde.ca\/fr\/"},{"@type":"ListItem","position":2,"name":"Produits","item":"https:\/\/www.qnde.ca\/fr\/produits\/"},{"@type":"ListItem","position":3,"name":"Essai de Duret\u00e9","item":"https:\/\/www.qnde.ca\/fr\/product-category\/essai-durete\/"},{"@type":"ListItem","position":4,"name":"Rockwell","item":"https:\/\/www.qnde.ca\/fr\/product-category\/essai-durete\/rockwell-fr\/"},{"@type":"ListItem","position":5,"name":"G&#038;R Technology RH-150 Mesureur de Duret\u00e9 Modulaire"}]},{"@type":"WebSite","@id":"https:\/\/www.qnde.ca\/#website","url":"https:\/\/www.qnde.ca\/","name":"Qualit\u00e9 NDE","description":"\u00c9quipements d&#039;essais non destructifs ","publisher":{"@id":"https:\/\/www.qnde.ca\/#organization"},"potentialAction":[{"@type":"SearchAction","target":{"@type":"EntryPoint","urlTemplate":"https:\/\/www.qnde.ca\/?s={search_term_string}"},"query-input":{"@type":"PropertyValueSpecification","valueRequired":true,"valueName":"search_term_string"}}],"inLanguage":"fr-FR"},{"@type":"Organization","@id":"https:\/\/www.qnde.ca\/#organization","name":"Quality NDT Ltd.","url":"https:\/\/www.qnde.ca\/","logo":{"@type":"ImageObject","inLanguage":"fr-FR","@id":"https:\/\/www.qnde.ca\/#\/schema\/logo\/image\/","url":"https:\/\/www.qnde.ca\/wp-content\/uploads\/2022\/02\/QNDE_logo_RGB-gif.gif","contentUrl":"https:\/\/www.qnde.ca\/wp-content\/uploads\/2022\/02\/QNDE_logo_RGB-gif.gif","width":250,"height":64,"caption":"Quality NDT Ltd."},"image":{"@id":"https:\/\/www.qnde.ca\/#\/schema\/logo\/image\/"},"sameAs":["https:\/\/www.linkedin.com\/company\/qnde\/about\/?viewAsMember=true"]}]}},"jetpack_sharing_enabled":true,"_links":{"self":[{"href":"https:\/\/www.qnde.ca\/fr\/wp-json\/wp\/v2\/product\/5012","targetHints":{"allow":["GET"]}}],"collection":[{"href":"https:\/\/www.qnde.ca\/fr\/wp-json\/wp\/v2\/product"}],"about":[{"href":"https:\/\/www.qnde.ca\/fr\/wp-json\/wp\/v2\/types\/product"}],"wp:featuredmedia":[{"embeddable":true,"href":"https:\/\/www.qnde.ca\/fr\/wp-json\/wp\/v2\/media\/21260"}],"wp:attachment":[{"href":"https:\/\/www.qnde.ca\/fr\/wp-json\/wp\/v2\/media?parent=5012"}],"wp:term":[{"taxonomy":"product_brand","embeddable":true,"href":"https:\/\/www.qnde.ca\/fr\/wp-json\/wp\/v2\/product_brand?post=5012"},{"taxonomy":"product_cat","embeddable":true,"href":"https:\/\/www.qnde.ca\/fr\/wp-json\/wp\/v2\/product_cat?post=5012"},{"taxonomy":"product_tag","embeddable":true,"href":"https:\/\/www.qnde.ca\/fr\/wp-json\/wp\/v2\/product_tag?post=5012"}],"curies":[{"name":"wp","href":"https:\/\/api.w.org\/{rel}","templated":true}]}}