{"id":5006,"date":"2016-01-12T20:27:56","date_gmt":"2016-01-12T20:27:56","guid":{"rendered":"https:\/\/www.qnde.ca\/?post_type=product&#038;p=5006"},"modified":"2025-08-11T09:41:59","modified_gmt":"2025-08-11T13:41:59","slug":"dlc3100-brinell-fr","status":"publish","type":"product","link":"https:\/\/www.qnde.ca\/fr\/produit\/dlc3100-brinell-fr\/","title":{"rendered":"Clark\/Sun-Tec DLC-3100 Mesureurs de Duret\u00e9 Brinell de Table"},"content":{"rendered":"<h3>Sun-Tec DLC-3100 Mesureurs de Duret\u00e9 Brinell de Table<\/h3>\n<p>Le Detroit DLC-3100 est un mesureur de duret\u00e9 Brinell robuste et facile \u00e0 utiliser. Avec le panneau tactile, s\u00e9lectionnez la charge d\u2019essai d\u00e9sir\u00e9e (12 charges pr\u00e9d\u00e9finies), le temps de pause et d\u00e9marrez la s\u00e9quence de test automatis\u00e9e g\u00e9n\u00e9rant l&rsquo;indentation. Ouverture maximum de 241mm H x 127mm P (10&Prime; x 6.7&Prime;).<\/p>\n<ul>\n<li>DLC-3100: Mesureur DLC-3100 standard, un p\u00e9n\u00e9trateur \u00e0 bille de carbure de 10mm, une enclume de type-V de 60mm (2-1\/2&Prime;), une enclume plate 60mm (2-1\/2&Prime;), charte de conversion, housse pour le mesureur, bo\u00eete d\u2019accessoires, pattes de mise \u00e0 niveau, alimentation 100-240VAC, manuel de l\u2019utilisateur et certificat d\u2019\u00e9talonnage. 1 an de garantie.<\/li>\n<\/ul>\n<h4><strong>\u00a0<\/strong><strong>Options<\/strong><\/h4>\n<ul>\n<li>MIC-20X: Microscope de mesure Brinell, grossissement 20X.<\/li>\n<li>MIC-40X: Microscope de mesure Brinell, grossissement 40X.<\/li>\n<li>HARD-##-##: Standard de duret\u00e9 certifi\u00e9 (sp\u00e9cifiez la duret\u00e9 et l\u2019\u00e9chelle requises).<\/li>\n<li>DENT-##: P\u00e9n\u00e9trateur \u00e0 bille Brinell de remplacement (sp\u00e9cifiez manufacturier, mod\u00e8le et grosseur (10mm, 5mm, 2.5mm et 1mm).<\/li>\n<li>BALL-##: Bille de replacement (sp\u00e9cifiez si acier ou carbure et grosseur (10mm, 5mm, 2.5mm et 1mm).<\/li>\n<\/ul>\n<p>Contactez-nous afin de discuter de votre application, vos exigences, les options disponibles et\/ou recevoir une soumission.<\/p>\n","protected":false},"excerpt":{"rendered":"<p>Sun-Tec DLC-3100 Mesureurs de Duret\u00e9 Brinell de Table Le Detroit DLC-3100 est un mesureur de duret\u00e9 Brinell robuste et facile \u00e0 utiliser. Avec le panneau tactile, s\u00e9lectionnez la charge d\u2019essai d\u00e9sir\u00e9e (12 charges pr\u00e9d\u00e9finies), le temps de pause et d\u00e9marrez la s\u00e9quence de test automatis\u00e9e g\u00e9n\u00e9rant l&rsquo;indentation. Ouverture maximum de 241mm H x 127mm P [&hellip;]<\/p>\n","protected":false},"featured_media":21738,"template":"","meta":{"_monsterinsights_skip_tracking":false,"_monsterinsights_sitenote_active":false,"_monsterinsights_sitenote_note":"","_monsterinsights_sitenote_category":0},"product_brand":[],"product_cat":[614,346],"product_tag":[],"class_list":{"0":"post-5006","1":"product","2":"type-product","3":"status-publish","4":"has-post-thumbnail","6":"product_cat-suntec-hardness-testers-fr","7":"product_cat-brinell-fr","9":"first","10":"instock","11":"shipping-taxable","12":"purchasable","13":"product-type-variable"},"yoast_head":"<!-- This site is optimized with the Yoast SEO plugin v23.9 - https:\/\/yoast.com\/wordpress\/plugins\/seo\/ -->\n<title>Clark\/Sun-Tec DLC-3100 Mesureurs de Duret\u00e9 Brinell de Table &#060; Qualit\u00e9 NDE<\/title>\n<meta name=\"description\" content=\"Sun-Tec DLC-3100 : mesureur Brinell de table avec \u00e9cran tactile, 12 charges, test automatis\u00e9, facile \u00e0 utiliser et tr\u00e8s robuste.\" \/>\n<meta name=\"robots\" content=\"index, follow, max-snippet:-1, max-image-preview:large, max-video-preview:-1\" \/>\n<link rel=\"canonical\" href=\"https:\/\/www.qnde.ca\/fr\/produit\/dlc3100-brinell-fr\/\" \/>\n<meta name=\"twitter:label1\" content=\"Dur\u00e9e de lecture estim\u00e9e\" \/>\n\t<meta name=\"twitter:data1\" content=\"2 minutes\" \/>\n<script type=\"application\/ld+json\" class=\"yoast-schema-graph\">{\"@context\":\"https:\/\/schema.org\",\"@graph\":[{\"@type\":[\"WebPage\",\"ItemPage\"],\"@id\":\"https:\/\/www.qnde.ca\/fr\/produit\/dlc3100-brinell-fr\/\",\"url\":\"https:\/\/www.qnde.ca\/fr\/produit\/dlc3100-brinell-fr\/\",\"name\":\"Clark\/Sun-Tec DLC-3100 Mesureurs de Duret\u00e9 Brinell de Table &#060; Qualit\u00e9 NDE\",\"isPartOf\":{\"@id\":\"https:\/\/www.qnde.ca\/#website\"},\"primaryImageOfPage\":{\"@id\":\"https:\/\/www.qnde.ca\/fr\/produit\/dlc3100-brinell-fr\/#primaryimage\"},\"image\":{\"@id\":\"https:\/\/www.qnde.ca\/fr\/produit\/dlc3100-brinell-fr\/#primaryimage\"},\"thumbnailUrl\":\"https:\/\/www.qnde.ca\/wp-content\/uploads\/2021\/10\/DLC-3100-Brinell-Hardness-Testers-Table-top.jpg\",\"datePublished\":\"2016-01-12T20:27:56+00:00\",\"dateModified\":\"2025-08-11T13:41:59+00:00\",\"description\":\"Sun-Tec DLC-3100 : mesureur Brinell de table avec \u00e9cran tactile, 12 charges, test automatis\u00e9, facile \u00e0 utiliser et tr\u00e8s robuste.\",\"breadcrumb\":{\"@id\":\"https:\/\/www.qnde.ca\/fr\/produit\/dlc3100-brinell-fr\/#breadcrumb\"},\"inLanguage\":\"fr-FR\",\"potentialAction\":[{\"@type\":\"ReadAction\",\"target\":[\"https:\/\/www.qnde.ca\/fr\/produit\/dlc3100-brinell-fr\/\"]}]},{\"@type\":\"ImageObject\",\"inLanguage\":\"fr-FR\",\"@id\":\"https:\/\/www.qnde.ca\/fr\/produit\/dlc3100-brinell-fr\/#primaryimage\",\"url\":\"https:\/\/www.qnde.ca\/wp-content\/uploads\/2021\/10\/DLC-3100-Brinell-Hardness-Testers-Table-top.jpg\",\"contentUrl\":\"https:\/\/www.qnde.ca\/wp-content\/uploads\/2021\/10\/DLC-3100-Brinell-Hardness-Testers-Table-top.jpg\",\"width\":350,\"height\":550,\"caption\":\"DLC-3100 - Brinell Hardness Tester, Table top\"},{\"@type\":\"BreadcrumbList\",\"@id\":\"https:\/\/www.qnde.ca\/fr\/produit\/dlc3100-brinell-fr\/#breadcrumb\",\"itemListElement\":[{\"@type\":\"ListItem\",\"position\":1,\"name\":\"Accueil\",\"item\":\"https:\/\/www.qnde.ca\/fr\/\"},{\"@type\":\"ListItem\",\"position\":2,\"name\":\"Produits\",\"item\":\"https:\/\/www.qnde.ca\/fr\/produits\/\"},{\"@type\":\"ListItem\",\"position\":3,\"name\":\"Essai de Duret\u00e9\",\"item\":\"https:\/\/www.qnde.ca\/fr\/product-category\/essai-durete\/\"},{\"@type\":\"ListItem\",\"position\":4,\"name\":\"Brinell\",\"item\":\"https:\/\/www.qnde.ca\/fr\/product-category\/essai-durete\/brinell-fr\/\"},{\"@type\":\"ListItem\",\"position\":5,\"name\":\"Clark\/Sun-Tec DLC-3100 Mesureurs de Duret\u00e9 Brinell de Table\"}]},{\"@type\":\"WebSite\",\"@id\":\"https:\/\/www.qnde.ca\/#website\",\"url\":\"https:\/\/www.qnde.ca\/\",\"name\":\"Qualit\u00e9 NDE\",\"description\":\"\u00c9quipements d&#039;essais non destructifs \",\"publisher\":{\"@id\":\"https:\/\/www.qnde.ca\/#organization\"},\"potentialAction\":[{\"@type\":\"SearchAction\",\"target\":{\"@type\":\"EntryPoint\",\"urlTemplate\":\"https:\/\/www.qnde.ca\/?s={search_term_string}\"},\"query-input\":{\"@type\":\"PropertyValueSpecification\",\"valueRequired\":true,\"valueName\":\"search_term_string\"}}],\"inLanguage\":\"fr-FR\"},{\"@type\":\"Organization\",\"@id\":\"https:\/\/www.qnde.ca\/#organization\",\"name\":\"Quality NDT Ltd.\",\"url\":\"https:\/\/www.qnde.ca\/\",\"logo\":{\"@type\":\"ImageObject\",\"inLanguage\":\"fr-FR\",\"@id\":\"https:\/\/www.qnde.ca\/#\/schema\/logo\/image\/\",\"url\":\"https:\/\/www.qnde.ca\/wp-content\/uploads\/2022\/02\/QNDE_logo_RGB-gif.gif\",\"contentUrl\":\"https:\/\/www.qnde.ca\/wp-content\/uploads\/2022\/02\/QNDE_logo_RGB-gif.gif\",\"width\":250,\"height\":64,\"caption\":\"Quality NDT Ltd.\"},\"image\":{\"@id\":\"https:\/\/www.qnde.ca\/#\/schema\/logo\/image\/\"},\"sameAs\":[\"https:\/\/www.linkedin.com\/company\/qnde\/about\/?viewAsMember=true\"]}]}<\/script>\n<!-- \/ Yoast SEO plugin. -->","yoast_head_json":{"title":"Clark\/Sun-Tec DLC-3100 Mesureurs de Duret\u00e9 Brinell de Table &#060; Qualit\u00e9 NDE","description":"Sun-Tec DLC-3100 : mesureur Brinell de table avec \u00e9cran tactile, 12 charges, test automatis\u00e9, facile \u00e0 utiliser et tr\u00e8s robuste.","robots":{"index":"index","follow":"follow","max-snippet":"max-snippet:-1","max-image-preview":"max-image-preview:large","max-video-preview":"max-video-preview:-1"},"canonical":"https:\/\/www.qnde.ca\/fr\/produit\/dlc3100-brinell-fr\/","twitter_misc":{"Dur\u00e9e de lecture estim\u00e9e":"2 minutes"},"schema":{"@context":"https:\/\/schema.org","@graph":[{"@type":["WebPage","ItemPage"],"@id":"https:\/\/www.qnde.ca\/fr\/produit\/dlc3100-brinell-fr\/","url":"https:\/\/www.qnde.ca\/fr\/produit\/dlc3100-brinell-fr\/","name":"Clark\/Sun-Tec DLC-3100 Mesureurs de Duret\u00e9 Brinell de Table &#060; Qualit\u00e9 NDE","isPartOf":{"@id":"https:\/\/www.qnde.ca\/#website"},"primaryImageOfPage":{"@id":"https:\/\/www.qnde.ca\/fr\/produit\/dlc3100-brinell-fr\/#primaryimage"},"image":{"@id":"https:\/\/www.qnde.ca\/fr\/produit\/dlc3100-brinell-fr\/#primaryimage"},"thumbnailUrl":"https:\/\/www.qnde.ca\/wp-content\/uploads\/2021\/10\/DLC-3100-Brinell-Hardness-Testers-Table-top.jpg","datePublished":"2016-01-12T20:27:56+00:00","dateModified":"2025-08-11T13:41:59+00:00","description":"Sun-Tec DLC-3100 : mesureur Brinell de table avec \u00e9cran tactile, 12 charges, test automatis\u00e9, facile \u00e0 utiliser et tr\u00e8s robuste.","breadcrumb":{"@id":"https:\/\/www.qnde.ca\/fr\/produit\/dlc3100-brinell-fr\/#breadcrumb"},"inLanguage":"fr-FR","potentialAction":[{"@type":"ReadAction","target":["https:\/\/www.qnde.ca\/fr\/produit\/dlc3100-brinell-fr\/"]}]},{"@type":"ImageObject","inLanguage":"fr-FR","@id":"https:\/\/www.qnde.ca\/fr\/produit\/dlc3100-brinell-fr\/#primaryimage","url":"https:\/\/www.qnde.ca\/wp-content\/uploads\/2021\/10\/DLC-3100-Brinell-Hardness-Testers-Table-top.jpg","contentUrl":"https:\/\/www.qnde.ca\/wp-content\/uploads\/2021\/10\/DLC-3100-Brinell-Hardness-Testers-Table-top.jpg","width":350,"height":550,"caption":"DLC-3100 - Brinell Hardness Tester, Table top"},{"@type":"BreadcrumbList","@id":"https:\/\/www.qnde.ca\/fr\/produit\/dlc3100-brinell-fr\/#breadcrumb","itemListElement":[{"@type":"ListItem","position":1,"name":"Accueil","item":"https:\/\/www.qnde.ca\/fr\/"},{"@type":"ListItem","position":2,"name":"Produits","item":"https:\/\/www.qnde.ca\/fr\/produits\/"},{"@type":"ListItem","position":3,"name":"Essai de Duret\u00e9","item":"https:\/\/www.qnde.ca\/fr\/product-category\/essai-durete\/"},{"@type":"ListItem","position":4,"name":"Brinell","item":"https:\/\/www.qnde.ca\/fr\/product-category\/essai-durete\/brinell-fr\/"},{"@type":"ListItem","position":5,"name":"Clark\/Sun-Tec DLC-3100 Mesureurs de Duret\u00e9 Brinell de Table"}]},{"@type":"WebSite","@id":"https:\/\/www.qnde.ca\/#website","url":"https:\/\/www.qnde.ca\/","name":"Qualit\u00e9 NDE","description":"\u00c9quipements d&#039;essais non destructifs ","publisher":{"@id":"https:\/\/www.qnde.ca\/#organization"},"potentialAction":[{"@type":"SearchAction","target":{"@type":"EntryPoint","urlTemplate":"https:\/\/www.qnde.ca\/?s={search_term_string}"},"query-input":{"@type":"PropertyValueSpecification","valueRequired":true,"valueName":"search_term_string"}}],"inLanguage":"fr-FR"},{"@type":"Organization","@id":"https:\/\/www.qnde.ca\/#organization","name":"Quality NDT Ltd.","url":"https:\/\/www.qnde.ca\/","logo":{"@type":"ImageObject","inLanguage":"fr-FR","@id":"https:\/\/www.qnde.ca\/#\/schema\/logo\/image\/","url":"https:\/\/www.qnde.ca\/wp-content\/uploads\/2022\/02\/QNDE_logo_RGB-gif.gif","contentUrl":"https:\/\/www.qnde.ca\/wp-content\/uploads\/2022\/02\/QNDE_logo_RGB-gif.gif","width":250,"height":64,"caption":"Quality NDT Ltd."},"image":{"@id":"https:\/\/www.qnde.ca\/#\/schema\/logo\/image\/"},"sameAs":["https:\/\/www.linkedin.com\/company\/qnde\/about\/?viewAsMember=true"]}]}},"jetpack_sharing_enabled":true,"_links":{"self":[{"href":"https:\/\/www.qnde.ca\/fr\/wp-json\/wp\/v2\/product\/5006","targetHints":{"allow":["GET"]}}],"collection":[{"href":"https:\/\/www.qnde.ca\/fr\/wp-json\/wp\/v2\/product"}],"about":[{"href":"https:\/\/www.qnde.ca\/fr\/wp-json\/wp\/v2\/types\/product"}],"wp:featuredmedia":[{"embeddable":true,"href":"https:\/\/www.qnde.ca\/fr\/wp-json\/wp\/v2\/media\/21738"}],"wp:attachment":[{"href":"https:\/\/www.qnde.ca\/fr\/wp-json\/wp\/v2\/media?parent=5006"}],"wp:term":[{"taxonomy":"product_brand","embeddable":true,"href":"https:\/\/www.qnde.ca\/fr\/wp-json\/wp\/v2\/product_brand?post=5006"},{"taxonomy":"product_cat","embeddable":true,"href":"https:\/\/www.qnde.ca\/fr\/wp-json\/wp\/v2\/product_cat?post=5006"},{"taxonomy":"product_tag","embeddable":true,"href":"https:\/\/www.qnde.ca\/fr\/wp-json\/wp\/v2\/product_tag?post=5006"}],"curies":[{"name":"wp","href":"https:\/\/api.w.org\/{rel}","templated":true}]}}