{"id":5003,"date":"2016-01-12T20:24:47","date_gmt":"2016-01-12T20:24:47","guid":{"rendered":"https:\/\/www.qnde.ca\/?post_type=product&#038;p=5003"},"modified":"2025-08-11T09:46:22","modified_gmt":"2025-08-11T13:46:22","slug":"clark-cpt-rockwell-fr","status":"publish","type":"product","link":"https:\/\/www.qnde.ca\/fr\/produit\/clark-cpt-rockwell-fr\/","title":{"rendered":"Clark\/Sun-Tec Mesureur de Duret\u00e9 Rockwell CPT"},"content":{"rendered":"<h3>Clark\/Sun-Tec Mesureur de Duret\u00e9 Rockwell CPT<\/h3>\n<p>La s\u00e9rie Clark CPT sont des mesureurs de duret\u00e9 portatifs, facile \u00e0 utiliser avec p\u00e9n\u00e9trateur rapidement interchangeable, mesureur \u00e0 cadrans faciles \u00e0 lire (\u00e9chelles Rockwell A, B, C, D, E, F, G, H et K), et ouverture de chargement de type pince. Donne des mesures pr\u00e9cises sur les surfaces int\u00e9rieures\/ext\u00e9rieures, quel que soit l&rsquo;angle, pour de grandes pi\u00e8ces et pi\u00e8ces inaccessibles. 1 an de garantie.<\/p>\n<ul>\n<li>CPT: Mesureur de duret\u00e9 CPT (ouverture de 114.3mm H x 57.1mm P (4.5&Prime; x 2.25&Prime;)), un p\u00e9n\u00e9trateur \u00e0 bille de carbure 1\/16&Prime;, une enclume plate, une enclume type-V, une enclume convexe, manuel de l\u2019utilisateur, charte de conversion, certificat d\u2019\u00e9talonnage et valise de transport.<\/li>\n<li>CPT-XL: Mesureur de duret\u00e9 CPTXL (ouverture de 304.8mm H x 152.4mm P (12&Prime; x 6&Prime;)), un p\u00e9n\u00e9trateur \u00e0 bille de carbure 1\/16&Prime;, une enclume plate, une enclume type-V, une enclume convexe, manuel de l\u2019utilisateur, charte de conversion, certificat d\u2019\u00e9talonnage et valise de transport.<\/li>\n<\/ul>\n<h4><strong>\u00a0<\/strong><strong>Options<\/strong><\/h4>\n<ul>\n<li>INDENT-C: P\u00e9n\u00e9trateur diamant \u201cC\u201d.<\/li>\n<li>INDENT-1\/8: P\u00e9n\u00e9trateur \u00e0 bille 1\/8&Prime;.<\/li>\n<li>HARD-##-##: Standard de duret\u00e9 certifi\u00e9 (sp\u00e9cifiez la duret\u00e9 et l\u2019\u00e9chelle requises).<\/li>\n<\/ul>\n<p>Contactez-nous afin de discuter de votre application, vos exigences, les options disponibles et\/ou recevoir une soumission.<\/p>\n","protected":false},"excerpt":{"rendered":"<p>Clark\/Sun-Tec Mesureur de Duret\u00e9 Rockwell CPT La s\u00e9rie Clark CPT sont des mesureurs de duret\u00e9 portatifs, facile \u00e0 utiliser avec p\u00e9n\u00e9trateur rapidement interchangeable, mesureur \u00e0 cadrans faciles \u00e0 lire (\u00e9chelles Rockwell A, B, C, D, E, F, G, H et K), et ouverture de chargement de type pince. Donne des mesures pr\u00e9cises sur les surfaces [&hellip;]<\/p>\n","protected":false},"featured_media":21413,"template":"","meta":{"_monsterinsights_skip_tracking":false,"_monsterinsights_sitenote_active":false,"_monsterinsights_sitenote_note":"","_monsterinsights_sitenote_category":0},"product_brand":[],"product_cat":[614,338],"product_tag":[],"class_list":{"0":"post-5003","1":"product","2":"type-product","3":"status-publish","4":"has-post-thumbnail","6":"product_cat-suntec-hardness-testers-fr","7":"product_cat-rockwell-fr","9":"first","10":"instock","11":"shipping-taxable","12":"purchasable","13":"product-type-variable"},"yoast_head":"<!-- This site is optimized with the Yoast SEO plugin v23.9 - https:\/\/yoast.com\/wordpress\/plugins\/seo\/ -->\n<title>Clark\/Sun-Tec Mesureur de Duret\u00e9 Rockwell CPT &#060; Qualit\u00e9 NDE<\/title>\n<meta name=\"description\" content=\"Mesureurs de duret\u00e9 portatifs \u00e0 cadrans faciles \u00e0 lire (\u00e9chelles Rockwell A, B, C, D, E, F, G, H et K), p\u00e9n\u00e9trateur rapidement interchangeable.\" \/>\n<meta name=\"robots\" content=\"index, follow, max-snippet:-1, max-image-preview:large, max-video-preview:-1\" \/>\n<link rel=\"canonical\" href=\"https:\/\/www.qnde.ca\/fr\/produit\/clark-cpt-rockwell-fr\/\" \/>\n<meta name=\"twitter:label1\" content=\"Dur\u00e9e de lecture estim\u00e9e\" \/>\n\t<meta name=\"twitter:data1\" content=\"2 minutes\" \/>\n<script type=\"application\/ld+json\" class=\"yoast-schema-graph\">{\"@context\":\"https:\/\/schema.org\",\"@graph\":[{\"@type\":[\"WebPage\",\"ItemPage\"],\"@id\":\"https:\/\/www.qnde.ca\/fr\/produit\/clark-cpt-rockwell-fr\/\",\"url\":\"https:\/\/www.qnde.ca\/fr\/produit\/clark-cpt-rockwell-fr\/\",\"name\":\"Clark\/Sun-Tec Mesureur de Duret\u00e9 Rockwell CPT &#060; Qualit\u00e9 NDE\",\"isPartOf\":{\"@id\":\"https:\/\/www.qnde.ca\/#website\"},\"primaryImageOfPage\":{\"@id\":\"https:\/\/www.qnde.ca\/fr\/produit\/clark-cpt-rockwell-fr\/#primaryimage\"},\"image\":{\"@id\":\"https:\/\/www.qnde.ca\/fr\/produit\/clark-cpt-rockwell-fr\/#primaryimage\"},\"thumbnailUrl\":\"https:\/\/www.qnde.ca\/wp-content\/uploads\/2021\/10\/CPT-Hardness-Tester-4.5-x-2.25-inch-opening.jpg\",\"datePublished\":\"2016-01-12T20:24:47+00:00\",\"dateModified\":\"2025-08-11T13:46:22+00:00\",\"description\":\"Mesureurs de duret\u00e9 portatifs \u00e0 cadrans faciles \u00e0 lire (\u00e9chelles Rockwell A, B, C, D, E, F, G, H et K), p\u00e9n\u00e9trateur rapidement interchangeable.\",\"breadcrumb\":{\"@id\":\"https:\/\/www.qnde.ca\/fr\/produit\/clark-cpt-rockwell-fr\/#breadcrumb\"},\"inLanguage\":\"fr-FR\",\"potentialAction\":[{\"@type\":\"ReadAction\",\"target\":[\"https:\/\/www.qnde.ca\/fr\/produit\/clark-cpt-rockwell-fr\/\"]}]},{\"@type\":\"ImageObject\",\"inLanguage\":\"fr-FR\",\"@id\":\"https:\/\/www.qnde.ca\/fr\/produit\/clark-cpt-rockwell-fr\/#primaryimage\",\"url\":\"https:\/\/www.qnde.ca\/wp-content\/uploads\/2021\/10\/CPT-Hardness-Tester-4.5-x-2.25-inch-opening.jpg\",\"contentUrl\":\"https:\/\/www.qnde.ca\/wp-content\/uploads\/2021\/10\/CPT-Hardness-Tester-4.5-x-2.25-inch-opening.jpg\",\"width\":350,\"height\":550,\"caption\":\"CPT Hardness Tester 4.5 x 2.25 inch opening\"},{\"@type\":\"BreadcrumbList\",\"@id\":\"https:\/\/www.qnde.ca\/fr\/produit\/clark-cpt-rockwell-fr\/#breadcrumb\",\"itemListElement\":[{\"@type\":\"ListItem\",\"position\":1,\"name\":\"Accueil\",\"item\":\"https:\/\/www.qnde.ca\/fr\/\"},{\"@type\":\"ListItem\",\"position\":2,\"name\":\"Produits\",\"item\":\"https:\/\/www.qnde.ca\/fr\/produits\/\"},{\"@type\":\"ListItem\",\"position\":3,\"name\":\"Essai de Duret\u00e9\",\"item\":\"https:\/\/www.qnde.ca\/fr\/product-category\/essai-durete\/\"},{\"@type\":\"ListItem\",\"position\":4,\"name\":\"Rockwell\",\"item\":\"https:\/\/www.qnde.ca\/fr\/product-category\/essai-durete\/rockwell-fr\/\"},{\"@type\":\"ListItem\",\"position\":5,\"name\":\"Clark\/Sun-Tec Mesureur de Duret\u00e9 Rockwell CPT\"}]},{\"@type\":\"WebSite\",\"@id\":\"https:\/\/www.qnde.ca\/#website\",\"url\":\"https:\/\/www.qnde.ca\/\",\"name\":\"Qualit\u00e9 NDE\",\"description\":\"\u00c9quipements d&#039;essais non destructifs \",\"publisher\":{\"@id\":\"https:\/\/www.qnde.ca\/#organization\"},\"potentialAction\":[{\"@type\":\"SearchAction\",\"target\":{\"@type\":\"EntryPoint\",\"urlTemplate\":\"https:\/\/www.qnde.ca\/?s={search_term_string}\"},\"query-input\":{\"@type\":\"PropertyValueSpecification\",\"valueRequired\":true,\"valueName\":\"search_term_string\"}}],\"inLanguage\":\"fr-FR\"},{\"@type\":\"Organization\",\"@id\":\"https:\/\/www.qnde.ca\/#organization\",\"name\":\"Quality NDT Ltd.\",\"url\":\"https:\/\/www.qnde.ca\/\",\"logo\":{\"@type\":\"ImageObject\",\"inLanguage\":\"fr-FR\",\"@id\":\"https:\/\/www.qnde.ca\/#\/schema\/logo\/image\/\",\"url\":\"https:\/\/www.qnde.ca\/wp-content\/uploads\/2022\/02\/QNDE_logo_RGB-gif.gif\",\"contentUrl\":\"https:\/\/www.qnde.ca\/wp-content\/uploads\/2022\/02\/QNDE_logo_RGB-gif.gif\",\"width\":250,\"height\":64,\"caption\":\"Quality NDT Ltd.\"},\"image\":{\"@id\":\"https:\/\/www.qnde.ca\/#\/schema\/logo\/image\/\"},\"sameAs\":[\"https:\/\/www.linkedin.com\/company\/qnde\/about\/?viewAsMember=true\"]}]}<\/script>\n<!-- \/ Yoast SEO plugin. -->","yoast_head_json":{"title":"Clark\/Sun-Tec Mesureur de Duret\u00e9 Rockwell CPT &#060; Qualit\u00e9 NDE","description":"Mesureurs de duret\u00e9 portatifs \u00e0 cadrans faciles \u00e0 lire (\u00e9chelles Rockwell A, B, C, D, E, F, G, H et K), p\u00e9n\u00e9trateur rapidement interchangeable.","robots":{"index":"index","follow":"follow","max-snippet":"max-snippet:-1","max-image-preview":"max-image-preview:large","max-video-preview":"max-video-preview:-1"},"canonical":"https:\/\/www.qnde.ca\/fr\/produit\/clark-cpt-rockwell-fr\/","twitter_misc":{"Dur\u00e9e de lecture estim\u00e9e":"2 minutes"},"schema":{"@context":"https:\/\/schema.org","@graph":[{"@type":["WebPage","ItemPage"],"@id":"https:\/\/www.qnde.ca\/fr\/produit\/clark-cpt-rockwell-fr\/","url":"https:\/\/www.qnde.ca\/fr\/produit\/clark-cpt-rockwell-fr\/","name":"Clark\/Sun-Tec Mesureur de Duret\u00e9 Rockwell CPT &#060; Qualit\u00e9 NDE","isPartOf":{"@id":"https:\/\/www.qnde.ca\/#website"},"primaryImageOfPage":{"@id":"https:\/\/www.qnde.ca\/fr\/produit\/clark-cpt-rockwell-fr\/#primaryimage"},"image":{"@id":"https:\/\/www.qnde.ca\/fr\/produit\/clark-cpt-rockwell-fr\/#primaryimage"},"thumbnailUrl":"https:\/\/www.qnde.ca\/wp-content\/uploads\/2021\/10\/CPT-Hardness-Tester-4.5-x-2.25-inch-opening.jpg","datePublished":"2016-01-12T20:24:47+00:00","dateModified":"2025-08-11T13:46:22+00:00","description":"Mesureurs de duret\u00e9 portatifs \u00e0 cadrans faciles \u00e0 lire (\u00e9chelles Rockwell A, B, C, D, E, F, G, H et K), p\u00e9n\u00e9trateur rapidement interchangeable.","breadcrumb":{"@id":"https:\/\/www.qnde.ca\/fr\/produit\/clark-cpt-rockwell-fr\/#breadcrumb"},"inLanguage":"fr-FR","potentialAction":[{"@type":"ReadAction","target":["https:\/\/www.qnde.ca\/fr\/produit\/clark-cpt-rockwell-fr\/"]}]},{"@type":"ImageObject","inLanguage":"fr-FR","@id":"https:\/\/www.qnde.ca\/fr\/produit\/clark-cpt-rockwell-fr\/#primaryimage","url":"https:\/\/www.qnde.ca\/wp-content\/uploads\/2021\/10\/CPT-Hardness-Tester-4.5-x-2.25-inch-opening.jpg","contentUrl":"https:\/\/www.qnde.ca\/wp-content\/uploads\/2021\/10\/CPT-Hardness-Tester-4.5-x-2.25-inch-opening.jpg","width":350,"height":550,"caption":"CPT Hardness Tester 4.5 x 2.25 inch opening"},{"@type":"BreadcrumbList","@id":"https:\/\/www.qnde.ca\/fr\/produit\/clark-cpt-rockwell-fr\/#breadcrumb","itemListElement":[{"@type":"ListItem","position":1,"name":"Accueil","item":"https:\/\/www.qnde.ca\/fr\/"},{"@type":"ListItem","position":2,"name":"Produits","item":"https:\/\/www.qnde.ca\/fr\/produits\/"},{"@type":"ListItem","position":3,"name":"Essai de Duret\u00e9","item":"https:\/\/www.qnde.ca\/fr\/product-category\/essai-durete\/"},{"@type":"ListItem","position":4,"name":"Rockwell","item":"https:\/\/www.qnde.ca\/fr\/product-category\/essai-durete\/rockwell-fr\/"},{"@type":"ListItem","position":5,"name":"Clark\/Sun-Tec Mesureur de Duret\u00e9 Rockwell CPT"}]},{"@type":"WebSite","@id":"https:\/\/www.qnde.ca\/#website","url":"https:\/\/www.qnde.ca\/","name":"Qualit\u00e9 NDE","description":"\u00c9quipements d&#039;essais non destructifs ","publisher":{"@id":"https:\/\/www.qnde.ca\/#organization"},"potentialAction":[{"@type":"SearchAction","target":{"@type":"EntryPoint","urlTemplate":"https:\/\/www.qnde.ca\/?s={search_term_string}"},"query-input":{"@type":"PropertyValueSpecification","valueRequired":true,"valueName":"search_term_string"}}],"inLanguage":"fr-FR"},{"@type":"Organization","@id":"https:\/\/www.qnde.ca\/#organization","name":"Quality NDT Ltd.","url":"https:\/\/www.qnde.ca\/","logo":{"@type":"ImageObject","inLanguage":"fr-FR","@id":"https:\/\/www.qnde.ca\/#\/schema\/logo\/image\/","url":"https:\/\/www.qnde.ca\/wp-content\/uploads\/2022\/02\/QNDE_logo_RGB-gif.gif","contentUrl":"https:\/\/www.qnde.ca\/wp-content\/uploads\/2022\/02\/QNDE_logo_RGB-gif.gif","width":250,"height":64,"caption":"Quality NDT Ltd."},"image":{"@id":"https:\/\/www.qnde.ca\/#\/schema\/logo\/image\/"},"sameAs":["https:\/\/www.linkedin.com\/company\/qnde\/about\/?viewAsMember=true"]}]}},"jetpack_sharing_enabled":true,"_links":{"self":[{"href":"https:\/\/www.qnde.ca\/fr\/wp-json\/wp\/v2\/product\/5003","targetHints":{"allow":["GET"]}}],"collection":[{"href":"https:\/\/www.qnde.ca\/fr\/wp-json\/wp\/v2\/product"}],"about":[{"href":"https:\/\/www.qnde.ca\/fr\/wp-json\/wp\/v2\/types\/product"}],"wp:featuredmedia":[{"embeddable":true,"href":"https:\/\/www.qnde.ca\/fr\/wp-json\/wp\/v2\/media\/21413"}],"wp:attachment":[{"href":"https:\/\/www.qnde.ca\/fr\/wp-json\/wp\/v2\/media?parent=5003"}],"wp:term":[{"taxonomy":"product_brand","embeddable":true,"href":"https:\/\/www.qnde.ca\/fr\/wp-json\/wp\/v2\/product_brand?post=5003"},{"taxonomy":"product_cat","embeddable":true,"href":"https:\/\/www.qnde.ca\/fr\/wp-json\/wp\/v2\/product_cat?post=5003"},{"taxonomy":"product_tag","embeddable":true,"href":"https:\/\/www.qnde.ca\/fr\/wp-json\/wp\/v2\/product_tag?post=5003"}],"curies":[{"name":"wp","href":"https:\/\/api.w.org\/{rel}","templated":true}]}}