{"id":4992,"date":"2016-01-12T20:18:18","date_gmt":"2016-01-12T20:18:18","guid":{"rendered":"https:\/\/www.qnde.ca\/?post_type=product&#038;p=4992"},"modified":"2022-12-02T10:33:56","modified_gmt":"2022-12-02T15:33:56","slug":"alphadur-ii-fr","status":"publish","type":"product","link":"https:\/\/www.qnde.ca\/fr\/produit\/alphadur-ii-fr\/","title":{"rendered":"BAQ Mesureur de duret\u00e9 UCI AlphaDur II"},"content":{"rendered":"<h3>BAQ Mesureur de duret\u00e9 UCI AlphaDur II<\/h3>\n<p>Mesureur de duret\u00e9 UCI (Ultrasonic Contact Impedance), rapide et facile d\u2019utilisation avec logiciel intuitif. La valeur mesur\u00e9e est affich\u00e9e (HRC, HV, HB, HRB et r\u00e9sistance \u00e0 la traction) (500,000 donn\u00e9es). Sp\u00e9cifier la sonde UCI requise (3N, 10N, 20N, 30N, 49N ou 98N) selon votre application et la surface de l\u2019\u00e9chantillon.<\/p>\n<ul>\n<li>AD-12-100-49: AlphaDUR II \u2013 Mesureur de duret\u00e9 UCI, batterie int\u00e9gr\u00e9e, sonde UCI 49N avec c\u00e2ble (autres disponibles), alimentation\/chargeur de batterie, c\u00e2ble USB pour donn\u00e9es, manuel de l\u2019utilisateur sur cl\u00e9 USB, certificat d\u2019\u00e9talonnage et valise de transport rigide. 1 an de garanti.<\/li>\n<\/ul>\n<h4><strong>Options:<\/strong><\/h4>\n<ul>\n<li>11-150: AlphaSOFT II, logiciel Windows de gestion de donn\u00e9es pour alphaDUR.<\/li>\n<li>11-131: Support de sonde pour surfaces plates.<\/li>\n<li>11-132: Support de sonde pour surfaces rondes, rayon de 10 \u00e0 50mm.<\/li>\n<li>11-133: Support de sonde pour surfaces rondes, rayon de 50 \u00e0 250mm.<\/li>\n<li>11-141: Poign\u00e9e pour sondes.<\/li>\n<li>11-151: Mini imprimante \u00e0 papier thermique pour alphaDUR.<\/li>\n<li>HARD-##-##: Standard de duret\u00e9 certifi\u00e9 (sp\u00e9cifiez la duret\u00e9 et l\u2019\u00e9chelle requises).<\/li>\n<\/ul>\n<p><strong><em>NOTE:<\/em><\/strong> Les appareils UCI ne sont pas con\u00e7us pour les mesures de duret\u00e9 de structures \u00e0 gros grains (fonte), l\u2019aluminium non trait\u00e9 thermiquement et autres mat\u00e9riaux mous non-ferreux, pi\u00e8ces pesant moins de 10g (0.35oz) ou moins de 1mm (0.04&Prime;) d\u2019\u00e9paisseur.<\/p>\n<p>Contactez-nous afin de discuter de votre application, vos exigences, les options disponibles et\/ou recevoir une soumission.<\/p>\n","protected":false},"excerpt":{"rendered":"<p>BAQ Mesureur de duret\u00e9 UCI AlphaDur II Mesureur de duret\u00e9 UCI (Ultrasonic Contact Impedance), rapide et facile d\u2019utilisation avec logiciel intuitif. La valeur mesur\u00e9e est affich\u00e9e (HRC, HV, HB, HRB et r\u00e9sistance \u00e0 la traction) (500,000 donn\u00e9es). Sp\u00e9cifier la sonde UCI requise (3N, 10N, 20N, 30N, 49N ou 98N) selon votre application et la surface [&hellip;]<\/p>\n","protected":false},"featured_media":21193,"template":"","meta":{"_monsterinsights_skip_tracking":false,"_monsterinsights_sitenote_active":false,"_monsterinsights_sitenote_note":"","_monsterinsights_sitenote_category":0},"product_brand":[],"product_cat":[402,147],"product_tag":[],"class_list":{"0":"post-4992","1":"product","2":"type-product","3":"status-publish","4":"has-post-thumbnail","6":"product_cat-autres-marques","7":"product_cat-uci-fr","9":"first","10":"instock","11":"shipping-taxable","12":"purchasable","13":"product-type-variable"},"yoast_head":"<!-- This site is optimized with the Yoast SEO plugin v23.9 - https:\/\/yoast.com\/wordpress\/plugins\/seo\/ -->\n<title>BAQ Mesureur de duret\u00e9 UCI AlphaDur II &#060; Qualit\u00e9 NDE<\/title>\n<meta name=\"description\" content=\"Mesureur de duret\u00e9 UCI (Ultrasonic Contact Impedance) avec logiciel intuitif. HRC, HV, HB, HRB et r\u00e9sistance \u00e0 la traction. (500,000 donn\u00e9es)\" \/>\n<meta name=\"robots\" content=\"index, follow, max-snippet:-1, max-image-preview:large, max-video-preview:-1\" \/>\n<link rel=\"canonical\" href=\"https:\/\/www.qnde.ca\/fr\/produit\/alphadur-ii-fr\/\" \/>\n<meta name=\"twitter:label1\" content=\"Dur\u00e9e de lecture estim\u00e9e\" \/>\n\t<meta name=\"twitter:data1\" content=\"1 minute\" \/>\n<script type=\"application\/ld+json\" class=\"yoast-schema-graph\">{\"@context\":\"https:\/\/schema.org\",\"@graph\":[{\"@type\":[\"WebPage\",\"ItemPage\"],\"@id\":\"https:\/\/www.qnde.ca\/fr\/produit\/alphadur-ii-fr\/\",\"url\":\"https:\/\/www.qnde.ca\/fr\/produit\/alphadur-ii-fr\/\",\"name\":\"BAQ Mesureur de duret\u00e9 UCI AlphaDur II &#060; Qualit\u00e9 NDE\",\"isPartOf\":{\"@id\":\"https:\/\/www.qnde.ca\/#website\"},\"primaryImageOfPage\":{\"@id\":\"https:\/\/www.qnde.ca\/fr\/produit\/alphadur-ii-fr\/#primaryimage\"},\"image\":{\"@id\":\"https:\/\/www.qnde.ca\/fr\/produit\/alphadur-ii-fr\/#primaryimage\"},\"thumbnailUrl\":\"https:\/\/www.qnde.ca\/wp-content\/uploads\/2021\/10\/alphaDUR-II-UCI-Hardness-Tester-with-49N-probe.jpg\",\"datePublished\":\"2016-01-12T20:18:18+00:00\",\"dateModified\":\"2022-12-02T15:33:56+00:00\",\"description\":\"Mesureur de duret\u00e9 UCI (Ultrasonic Contact Impedance) avec logiciel intuitif. HRC, HV, HB, HRB et r\u00e9sistance \u00e0 la traction. (500,000 donn\u00e9es)\",\"breadcrumb\":{\"@id\":\"https:\/\/www.qnde.ca\/fr\/produit\/alphadur-ii-fr\/#breadcrumb\"},\"inLanguage\":\"fr-FR\",\"potentialAction\":[{\"@type\":\"ReadAction\",\"target\":[\"https:\/\/www.qnde.ca\/fr\/produit\/alphadur-ii-fr\/\"]}]},{\"@type\":\"ImageObject\",\"inLanguage\":\"fr-FR\",\"@id\":\"https:\/\/www.qnde.ca\/fr\/produit\/alphadur-ii-fr\/#primaryimage\",\"url\":\"https:\/\/www.qnde.ca\/wp-content\/uploads\/2021\/10\/alphaDUR-II-UCI-Hardness-Tester-with-49N-probe.jpg\",\"contentUrl\":\"https:\/\/www.qnde.ca\/wp-content\/uploads\/2021\/10\/alphaDUR-II-UCI-Hardness-Tester-with-49N-probe.jpg\",\"width\":450,\"height\":450,\"caption\":\"alphaDUR II UCI Hardness Tester with 49N probe\"},{\"@type\":\"BreadcrumbList\",\"@id\":\"https:\/\/www.qnde.ca\/fr\/produit\/alphadur-ii-fr\/#breadcrumb\",\"itemListElement\":[{\"@type\":\"ListItem\",\"position\":1,\"name\":\"Accueil\",\"item\":\"https:\/\/www.qnde.ca\/fr\/\"},{\"@type\":\"ListItem\",\"position\":2,\"name\":\"Produits\",\"item\":\"https:\/\/www.qnde.ca\/fr\/produits\/\"},{\"@type\":\"ListItem\",\"position\":3,\"name\":\"Marques\",\"item\":\"https:\/\/www.qnde.ca\/fr\/product-category\/marques\/\"},{\"@type\":\"ListItem\",\"position\":4,\"name\":\"Autres Marques\",\"item\":\"https:\/\/www.qnde.ca\/fr\/product-category\/marques\/autres-marques\/\"},{\"@type\":\"ListItem\",\"position\":5,\"name\":\"BAQ Mesureur de duret\u00e9 UCI AlphaDur II\"}]},{\"@type\":\"WebSite\",\"@id\":\"https:\/\/www.qnde.ca\/#website\",\"url\":\"https:\/\/www.qnde.ca\/\",\"name\":\"Qualit\u00e9 NDE\",\"description\":\"\u00c9quipements d&#039;essais non destructifs \",\"publisher\":{\"@id\":\"https:\/\/www.qnde.ca\/#organization\"},\"potentialAction\":[{\"@type\":\"SearchAction\",\"target\":{\"@type\":\"EntryPoint\",\"urlTemplate\":\"https:\/\/www.qnde.ca\/?s={search_term_string}\"},\"query-input\":{\"@type\":\"PropertyValueSpecification\",\"valueRequired\":true,\"valueName\":\"search_term_string\"}}],\"inLanguage\":\"fr-FR\"},{\"@type\":\"Organization\",\"@id\":\"https:\/\/www.qnde.ca\/#organization\",\"name\":\"Quality NDT Ltd.\",\"url\":\"https:\/\/www.qnde.ca\/\",\"logo\":{\"@type\":\"ImageObject\",\"inLanguage\":\"fr-FR\",\"@id\":\"https:\/\/www.qnde.ca\/#\/schema\/logo\/image\/\",\"url\":\"https:\/\/www.qnde.ca\/wp-content\/uploads\/2022\/02\/QNDE_logo_RGB-gif.gif\",\"contentUrl\":\"https:\/\/www.qnde.ca\/wp-content\/uploads\/2022\/02\/QNDE_logo_RGB-gif.gif\",\"width\":250,\"height\":64,\"caption\":\"Quality NDT Ltd.\"},\"image\":{\"@id\":\"https:\/\/www.qnde.ca\/#\/schema\/logo\/image\/\"},\"sameAs\":[\"https:\/\/www.linkedin.com\/company\/qnde\/about\/?viewAsMember=true\"]}]}<\/script>\n<!-- \/ Yoast SEO plugin. -->","yoast_head_json":{"title":"BAQ Mesureur de duret\u00e9 UCI AlphaDur II &#060; Qualit\u00e9 NDE","description":"Mesureur de duret\u00e9 UCI (Ultrasonic Contact Impedance) avec logiciel intuitif. HRC, HV, HB, HRB et r\u00e9sistance \u00e0 la traction. (500,000 donn\u00e9es)","robots":{"index":"index","follow":"follow","max-snippet":"max-snippet:-1","max-image-preview":"max-image-preview:large","max-video-preview":"max-video-preview:-1"},"canonical":"https:\/\/www.qnde.ca\/fr\/produit\/alphadur-ii-fr\/","twitter_misc":{"Dur\u00e9e de lecture estim\u00e9e":"1 minute"},"schema":{"@context":"https:\/\/schema.org","@graph":[{"@type":["WebPage","ItemPage"],"@id":"https:\/\/www.qnde.ca\/fr\/produit\/alphadur-ii-fr\/","url":"https:\/\/www.qnde.ca\/fr\/produit\/alphadur-ii-fr\/","name":"BAQ Mesureur de duret\u00e9 UCI AlphaDur II &#060; Qualit\u00e9 NDE","isPartOf":{"@id":"https:\/\/www.qnde.ca\/#website"},"primaryImageOfPage":{"@id":"https:\/\/www.qnde.ca\/fr\/produit\/alphadur-ii-fr\/#primaryimage"},"image":{"@id":"https:\/\/www.qnde.ca\/fr\/produit\/alphadur-ii-fr\/#primaryimage"},"thumbnailUrl":"https:\/\/www.qnde.ca\/wp-content\/uploads\/2021\/10\/alphaDUR-II-UCI-Hardness-Tester-with-49N-probe.jpg","datePublished":"2016-01-12T20:18:18+00:00","dateModified":"2022-12-02T15:33:56+00:00","description":"Mesureur de duret\u00e9 UCI (Ultrasonic Contact Impedance) avec logiciel intuitif. HRC, HV, HB, HRB et r\u00e9sistance \u00e0 la traction. (500,000 donn\u00e9es)","breadcrumb":{"@id":"https:\/\/www.qnde.ca\/fr\/produit\/alphadur-ii-fr\/#breadcrumb"},"inLanguage":"fr-FR","potentialAction":[{"@type":"ReadAction","target":["https:\/\/www.qnde.ca\/fr\/produit\/alphadur-ii-fr\/"]}]},{"@type":"ImageObject","inLanguage":"fr-FR","@id":"https:\/\/www.qnde.ca\/fr\/produit\/alphadur-ii-fr\/#primaryimage","url":"https:\/\/www.qnde.ca\/wp-content\/uploads\/2021\/10\/alphaDUR-II-UCI-Hardness-Tester-with-49N-probe.jpg","contentUrl":"https:\/\/www.qnde.ca\/wp-content\/uploads\/2021\/10\/alphaDUR-II-UCI-Hardness-Tester-with-49N-probe.jpg","width":450,"height":450,"caption":"alphaDUR II UCI Hardness Tester with 49N probe"},{"@type":"BreadcrumbList","@id":"https:\/\/www.qnde.ca\/fr\/produit\/alphadur-ii-fr\/#breadcrumb","itemListElement":[{"@type":"ListItem","position":1,"name":"Accueil","item":"https:\/\/www.qnde.ca\/fr\/"},{"@type":"ListItem","position":2,"name":"Produits","item":"https:\/\/www.qnde.ca\/fr\/produits\/"},{"@type":"ListItem","position":3,"name":"Marques","item":"https:\/\/www.qnde.ca\/fr\/product-category\/marques\/"},{"@type":"ListItem","position":4,"name":"Autres Marques","item":"https:\/\/www.qnde.ca\/fr\/product-category\/marques\/autres-marques\/"},{"@type":"ListItem","position":5,"name":"BAQ Mesureur de duret\u00e9 UCI AlphaDur II"}]},{"@type":"WebSite","@id":"https:\/\/www.qnde.ca\/#website","url":"https:\/\/www.qnde.ca\/","name":"Qualit\u00e9 NDE","description":"\u00c9quipements d&#039;essais non destructifs ","publisher":{"@id":"https:\/\/www.qnde.ca\/#organization"},"potentialAction":[{"@type":"SearchAction","target":{"@type":"EntryPoint","urlTemplate":"https:\/\/www.qnde.ca\/?s={search_term_string}"},"query-input":{"@type":"PropertyValueSpecification","valueRequired":true,"valueName":"search_term_string"}}],"inLanguage":"fr-FR"},{"@type":"Organization","@id":"https:\/\/www.qnde.ca\/#organization","name":"Quality NDT Ltd.","url":"https:\/\/www.qnde.ca\/","logo":{"@type":"ImageObject","inLanguage":"fr-FR","@id":"https:\/\/www.qnde.ca\/#\/schema\/logo\/image\/","url":"https:\/\/www.qnde.ca\/wp-content\/uploads\/2022\/02\/QNDE_logo_RGB-gif.gif","contentUrl":"https:\/\/www.qnde.ca\/wp-content\/uploads\/2022\/02\/QNDE_logo_RGB-gif.gif","width":250,"height":64,"caption":"Quality NDT Ltd."},"image":{"@id":"https:\/\/www.qnde.ca\/#\/schema\/logo\/image\/"},"sameAs":["https:\/\/www.linkedin.com\/company\/qnde\/about\/?viewAsMember=true"]}]}},"jetpack_sharing_enabled":true,"_links":{"self":[{"href":"https:\/\/www.qnde.ca\/fr\/wp-json\/wp\/v2\/product\/4992","targetHints":{"allow":["GET"]}}],"collection":[{"href":"https:\/\/www.qnde.ca\/fr\/wp-json\/wp\/v2\/product"}],"about":[{"href":"https:\/\/www.qnde.ca\/fr\/wp-json\/wp\/v2\/types\/product"}],"wp:featuredmedia":[{"embeddable":true,"href":"https:\/\/www.qnde.ca\/fr\/wp-json\/wp\/v2\/media\/21193"}],"wp:attachment":[{"href":"https:\/\/www.qnde.ca\/fr\/wp-json\/wp\/v2\/media?parent=4992"}],"wp:term":[{"taxonomy":"product_brand","embeddable":true,"href":"https:\/\/www.qnde.ca\/fr\/wp-json\/wp\/v2\/product_brand?post=4992"},{"taxonomy":"product_cat","embeddable":true,"href":"https:\/\/www.qnde.ca\/fr\/wp-json\/wp\/v2\/product_cat?post=4992"},{"taxonomy":"product_tag","embeddable":true,"href":"https:\/\/www.qnde.ca\/fr\/wp-json\/wp\/v2\/product_tag?post=4992"}],"curies":[{"name":"wp","href":"https:\/\/api.w.org\/{rel}","templated":true}]}}