{"id":4947,"date":"2016-01-12T19:37:50","date_gmt":"2016-01-12T19:37:50","guid":{"rendered":"https:\/\/www.qnde.ca\/?post_type=product&#038;p=4947"},"modified":"2025-10-28T16:07:58","modified_gmt":"2025-10-28T20:07:58","slug":"systeme-video-rayons-x-portatif-open-vision-qnde-ndt","status":"publish","type":"product","link":"https:\/\/www.qnde.ca\/fr\/produit\/systeme-video-rayons-x-portatif-open-vision-qnde-ndt\/","title":{"rendered":"QSA OpenVision DX-NDT, Rayons-X Portatif en Temps R\u00e9el"},"content":{"rendered":"<h3><strong>QSA OpenVision DX-NDT, Rayons-X Portatif en Temps R\u00e9el <\/strong><\/h3>\n<p>Syst\u00e8me portatif de rayons-x avec video en direct pour inspection radiographique en temps r\u00e9el. La combinaison d&rsquo;un bras en \u00ab\u00a0C\u00a0\u00bb mont\u00e9 avec un tube rayons-x de 70kV \u00e0 batterie et un panneau num\u00e9rique vous permet d\u2019observer les d\u00e9fauts externes aussi petits que 0.010&Prime; (250 microns) sur la tuyauterie isol\u00e9e.<\/p>\n<p>L\u2019OpenVision DX peut \u00eatre utilis\u00e9 sur diverses combinaisons d\u2019isolation et de rev\u00eatement, y compris laine min\u00e9rale et silicate de calcium avec rev\u00eatement d\u2019acier galvanis\u00e9, de stainless et d\u2019aluminium jusqu\u2019\u00e0 36&Prime; (91cm) de diam\u00e8tre total.<\/p>\n<p>L&rsquo;outil id\u00e9al pour l\u2019inspection de corrosion sous isolation (CUI), inspection de caloporteur, ou la localisation de l&#8217;emplacement de soudure.<\/p>\n<p>Contactez-nous afin de discuter de votre application, de vos exigences, des options disponibles et\/ou recevoir une soumission.<\/p>\n<ul>\n<li>OVDX-NDT-70: OpenVision DX, Syst\u00e8me complet.<\/li>\n<\/ul>\n<h4>Options:<\/h4>\n<p>Afficheurs:<\/p>\n<ul>\n<li>51800: Stabilisateur d&rsquo;image<\/li>\n<li>415140: Afficheur mont\u00e9 sur la t\u00eate, directement dans l\u2019\u0153il avec harnais.<\/li>\n<li>415430: Tablette\/Moniteur sans-fil avec capacit\u00e9 WIFI (inclus dans le syst\u00e8me).<\/li>\n<\/ul>\n","protected":false},"excerpt":{"rendered":"<p>QSA OpenVision DX-NDT, Rayons-X Portatif en Temps R\u00e9el Syst\u00e8me portatif de rayons-x avec video en direct pour inspection radiographique en temps r\u00e9el. La combinaison d&rsquo;un bras en \u00ab\u00a0C\u00a0\u00bb mont\u00e9 avec un tube rayons-x de 70kV \u00e0 batterie et un panneau num\u00e9rique vous permet d\u2019observer les d\u00e9fauts externes aussi petits que 0.010&Prime; (250 microns) sur la [&hellip;]<\/p>\n","protected":false},"featured_media":45498,"template":"","meta":{"_monsterinsights_skip_tracking":false,"_monsterinsights_sitenote_active":false,"_monsterinsights_sitenote_note":"","_monsterinsights_sitenote_category":0},"product_brand":[],"product_cat":[393,142],"product_tag":[],"class_list":{"0":"post-4947","1":"product","2":"type-product","3":"status-publish","4":"has-post-thumbnail","6":"product_cat-qsa-global-fr","7":"product_cat-radiologie-numerique-dr","9":"first","10":"instock","11":"shipping-taxable","12":"purchasable","13":"product-type-variable","14":"has-default-attributes"},"yoast_head":"<!-- This site is optimized with the Yoast SEO plugin v23.9 - https:\/\/yoast.com\/wordpress\/plugins\/seo\/ -->\n<title>QSA OpenVision DX-NDT, Rayons-X Portatif en Temps R\u00e9el &#060; Qualit\u00e9 NDE<\/title>\n<meta name=\"description\" content=\"Syst\u00e8me de rayons-X portatif OpenVision DX avec vid\u00e9o en direct pour inspection CUI et soudure sur tuyauterie isol\u00e9e jusqu\u2019\u00e0 36&quot; de diam\u00e8tre.\" \/>\n<meta name=\"robots\" content=\"index, follow, max-snippet:-1, max-image-preview:large, max-video-preview:-1\" \/>\n<link rel=\"canonical\" href=\"https:\/\/www.qnde.ca\/fr\/produit\/systeme-video-rayons-x-portatif-open-vision-qnde-ndt\/\" \/>\n<meta name=\"twitter:label1\" content=\"Dur\u00e9e de lecture estim\u00e9e\" \/>\n\t<meta name=\"twitter:data1\" content=\"1 minute\" \/>\n<script type=\"application\/ld+json\" class=\"yoast-schema-graph\">{\"@context\":\"https:\/\/schema.org\",\"@graph\":[{\"@type\":[\"WebPage\",\"ItemPage\"],\"@id\":\"https:\/\/www.qnde.ca\/fr\/produit\/systeme-video-rayons-x-portatif-open-vision-qnde-ndt\/\",\"url\":\"https:\/\/www.qnde.ca\/fr\/produit\/systeme-video-rayons-x-portatif-open-vision-qnde-ndt\/\",\"name\":\"QSA OpenVision DX-NDT, Rayons-X Portatif en Temps R\u00e9el &#060; Qualit\u00e9 NDE\",\"isPartOf\":{\"@id\":\"https:\/\/www.qnde.ca\/#website\"},\"primaryImageOfPage\":{\"@id\":\"https:\/\/www.qnde.ca\/fr\/produit\/systeme-video-rayons-x-portatif-open-vision-qnde-ndt\/#primaryimage\"},\"image\":{\"@id\":\"https:\/\/www.qnde.ca\/fr\/produit\/systeme-video-rayons-x-portatif-open-vision-qnde-ndt\/#primaryimage\"},\"thumbnailUrl\":\"https:\/\/www.qnde.ca\/wp-content\/uploads\/2016\/01\/QSA-hero-openvisionhd-and-accessories.jpg\",\"datePublished\":\"2016-01-12T19:37:50+00:00\",\"dateModified\":\"2025-10-28T20:07:58+00:00\",\"description\":\"Syst\u00e8me de rayons-X portatif OpenVision DX avec vid\u00e9o en direct pour inspection CUI et soudure sur tuyauterie isol\u00e9e jusqu\u2019\u00e0 36\\\" de diam\u00e8tre.\",\"breadcrumb\":{\"@id\":\"https:\/\/www.qnde.ca\/fr\/produit\/systeme-video-rayons-x-portatif-open-vision-qnde-ndt\/#breadcrumb\"},\"inLanguage\":\"fr-FR\",\"potentialAction\":[{\"@type\":\"ReadAction\",\"target\":[\"https:\/\/www.qnde.ca\/fr\/produit\/systeme-video-rayons-x-portatif-open-vision-qnde-ndt\/\"]}]},{\"@type\":\"ImageObject\",\"inLanguage\":\"fr-FR\",\"@id\":\"https:\/\/www.qnde.ca\/fr\/produit\/systeme-video-rayons-x-portatif-open-vision-qnde-ndt\/#primaryimage\",\"url\":\"https:\/\/www.qnde.ca\/wp-content\/uploads\/2016\/01\/QSA-hero-openvisionhd-and-accessories.jpg\",\"contentUrl\":\"https:\/\/www.qnde.ca\/wp-content\/uploads\/2016\/01\/QSA-hero-openvisionhd-and-accessories.jpg\",\"width\":600,\"height\":650,\"caption\":\"OpenVision HD and accessories\"},{\"@type\":\"BreadcrumbList\",\"@id\":\"https:\/\/www.qnde.ca\/fr\/produit\/systeme-video-rayons-x-portatif-open-vision-qnde-ndt\/#breadcrumb\",\"itemListElement\":[{\"@type\":\"ListItem\",\"position\":1,\"name\":\"Accueil\",\"item\":\"https:\/\/www.qnde.ca\/fr\/\"},{\"@type\":\"ListItem\",\"position\":2,\"name\":\"Produits\",\"item\":\"https:\/\/www.qnde.ca\/fr\/produits\/\"},{\"@type\":\"ListItem\",\"position\":3,\"name\":\"Marques\",\"item\":\"https:\/\/www.qnde.ca\/fr\/product-category\/marques\/\"},{\"@type\":\"ListItem\",\"position\":4,\"name\":\"QSA Global\",\"item\":\"https:\/\/www.qnde.ca\/fr\/product-category\/marques\/qsa-global-fr\/\"},{\"@type\":\"ListItem\",\"position\":5,\"name\":\"QSA OpenVision DX-NDT, Rayons-X Portatif en Temps R\u00e9el\"}]},{\"@type\":\"WebSite\",\"@id\":\"https:\/\/www.qnde.ca\/#website\",\"url\":\"https:\/\/www.qnde.ca\/\",\"name\":\"Qualit\u00e9 NDE\",\"description\":\"\u00c9quipements d&#039;essais non destructifs \",\"publisher\":{\"@id\":\"https:\/\/www.qnde.ca\/#organization\"},\"potentialAction\":[{\"@type\":\"SearchAction\",\"target\":{\"@type\":\"EntryPoint\",\"urlTemplate\":\"https:\/\/www.qnde.ca\/?s={search_term_string}\"},\"query-input\":{\"@type\":\"PropertyValueSpecification\",\"valueRequired\":true,\"valueName\":\"search_term_string\"}}],\"inLanguage\":\"fr-FR\"},{\"@type\":\"Organization\",\"@id\":\"https:\/\/www.qnde.ca\/#organization\",\"name\":\"Quality NDT Ltd.\",\"url\":\"https:\/\/www.qnde.ca\/\",\"logo\":{\"@type\":\"ImageObject\",\"inLanguage\":\"fr-FR\",\"@id\":\"https:\/\/www.qnde.ca\/#\/schema\/logo\/image\/\",\"url\":\"https:\/\/www.qnde.ca\/wp-content\/uploads\/2022\/02\/QNDE_logo_RGB-gif.gif\",\"contentUrl\":\"https:\/\/www.qnde.ca\/wp-content\/uploads\/2022\/02\/QNDE_logo_RGB-gif.gif\",\"width\":250,\"height\":64,\"caption\":\"Quality NDT Ltd.\"},\"image\":{\"@id\":\"https:\/\/www.qnde.ca\/#\/schema\/logo\/image\/\"},\"sameAs\":[\"https:\/\/www.linkedin.com\/company\/qnde\/about\/?viewAsMember=true\"]}]}<\/script>\n<!-- \/ Yoast SEO plugin. -->","yoast_head_json":{"title":"QSA OpenVision DX-NDT, Rayons-X Portatif en Temps R\u00e9el &#060; Qualit\u00e9 NDE","description":"Syst\u00e8me de rayons-X portatif OpenVision DX avec vid\u00e9o en direct pour inspection CUI et soudure sur tuyauterie isol\u00e9e jusqu\u2019\u00e0 36\" de diam\u00e8tre.","robots":{"index":"index","follow":"follow","max-snippet":"max-snippet:-1","max-image-preview":"max-image-preview:large","max-video-preview":"max-video-preview:-1"},"canonical":"https:\/\/www.qnde.ca\/fr\/produit\/systeme-video-rayons-x-portatif-open-vision-qnde-ndt\/","twitter_misc":{"Dur\u00e9e de lecture estim\u00e9e":"1 minute"},"schema":{"@context":"https:\/\/schema.org","@graph":[{"@type":["WebPage","ItemPage"],"@id":"https:\/\/www.qnde.ca\/fr\/produit\/systeme-video-rayons-x-portatif-open-vision-qnde-ndt\/","url":"https:\/\/www.qnde.ca\/fr\/produit\/systeme-video-rayons-x-portatif-open-vision-qnde-ndt\/","name":"QSA OpenVision DX-NDT, Rayons-X Portatif en Temps R\u00e9el &#060; Qualit\u00e9 NDE","isPartOf":{"@id":"https:\/\/www.qnde.ca\/#website"},"primaryImageOfPage":{"@id":"https:\/\/www.qnde.ca\/fr\/produit\/systeme-video-rayons-x-portatif-open-vision-qnde-ndt\/#primaryimage"},"image":{"@id":"https:\/\/www.qnde.ca\/fr\/produit\/systeme-video-rayons-x-portatif-open-vision-qnde-ndt\/#primaryimage"},"thumbnailUrl":"https:\/\/www.qnde.ca\/wp-content\/uploads\/2016\/01\/QSA-hero-openvisionhd-and-accessories.jpg","datePublished":"2016-01-12T19:37:50+00:00","dateModified":"2025-10-28T20:07:58+00:00","description":"Syst\u00e8me de rayons-X portatif OpenVision DX avec vid\u00e9o en direct pour inspection CUI et soudure sur tuyauterie isol\u00e9e jusqu\u2019\u00e0 36\" de diam\u00e8tre.","breadcrumb":{"@id":"https:\/\/www.qnde.ca\/fr\/produit\/systeme-video-rayons-x-portatif-open-vision-qnde-ndt\/#breadcrumb"},"inLanguage":"fr-FR","potentialAction":[{"@type":"ReadAction","target":["https:\/\/www.qnde.ca\/fr\/produit\/systeme-video-rayons-x-portatif-open-vision-qnde-ndt\/"]}]},{"@type":"ImageObject","inLanguage":"fr-FR","@id":"https:\/\/www.qnde.ca\/fr\/produit\/systeme-video-rayons-x-portatif-open-vision-qnde-ndt\/#primaryimage","url":"https:\/\/www.qnde.ca\/wp-content\/uploads\/2016\/01\/QSA-hero-openvisionhd-and-accessories.jpg","contentUrl":"https:\/\/www.qnde.ca\/wp-content\/uploads\/2016\/01\/QSA-hero-openvisionhd-and-accessories.jpg","width":600,"height":650,"caption":"OpenVision HD and accessories"},{"@type":"BreadcrumbList","@id":"https:\/\/www.qnde.ca\/fr\/produit\/systeme-video-rayons-x-portatif-open-vision-qnde-ndt\/#breadcrumb","itemListElement":[{"@type":"ListItem","position":1,"name":"Accueil","item":"https:\/\/www.qnde.ca\/fr\/"},{"@type":"ListItem","position":2,"name":"Produits","item":"https:\/\/www.qnde.ca\/fr\/produits\/"},{"@type":"ListItem","position":3,"name":"Marques","item":"https:\/\/www.qnde.ca\/fr\/product-category\/marques\/"},{"@type":"ListItem","position":4,"name":"QSA Global","item":"https:\/\/www.qnde.ca\/fr\/product-category\/marques\/qsa-global-fr\/"},{"@type":"ListItem","position":5,"name":"QSA OpenVision DX-NDT, Rayons-X Portatif en Temps R\u00e9el"}]},{"@type":"WebSite","@id":"https:\/\/www.qnde.ca\/#website","url":"https:\/\/www.qnde.ca\/","name":"Qualit\u00e9 NDE","description":"\u00c9quipements d&#039;essais non destructifs ","publisher":{"@id":"https:\/\/www.qnde.ca\/#organization"},"potentialAction":[{"@type":"SearchAction","target":{"@type":"EntryPoint","urlTemplate":"https:\/\/www.qnde.ca\/?s={search_term_string}"},"query-input":{"@type":"PropertyValueSpecification","valueRequired":true,"valueName":"search_term_string"}}],"inLanguage":"fr-FR"},{"@type":"Organization","@id":"https:\/\/www.qnde.ca\/#organization","name":"Quality NDT Ltd.","url":"https:\/\/www.qnde.ca\/","logo":{"@type":"ImageObject","inLanguage":"fr-FR","@id":"https:\/\/www.qnde.ca\/#\/schema\/logo\/image\/","url":"https:\/\/www.qnde.ca\/wp-content\/uploads\/2022\/02\/QNDE_logo_RGB-gif.gif","contentUrl":"https:\/\/www.qnde.ca\/wp-content\/uploads\/2022\/02\/QNDE_logo_RGB-gif.gif","width":250,"height":64,"caption":"Quality NDT Ltd."},"image":{"@id":"https:\/\/www.qnde.ca\/#\/schema\/logo\/image\/"},"sameAs":["https:\/\/www.linkedin.com\/company\/qnde\/about\/?viewAsMember=true"]}]}},"jetpack_sharing_enabled":true,"_links":{"self":[{"href":"https:\/\/www.qnde.ca\/fr\/wp-json\/wp\/v2\/product\/4947","targetHints":{"allow":["GET"]}}],"collection":[{"href":"https:\/\/www.qnde.ca\/fr\/wp-json\/wp\/v2\/product"}],"about":[{"href":"https:\/\/www.qnde.ca\/fr\/wp-json\/wp\/v2\/types\/product"}],"wp:featuredmedia":[{"embeddable":true,"href":"https:\/\/www.qnde.ca\/fr\/wp-json\/wp\/v2\/media\/45498"}],"wp:attachment":[{"href":"https:\/\/www.qnde.ca\/fr\/wp-json\/wp\/v2\/media?parent=4947"}],"wp:term":[{"taxonomy":"product_brand","embeddable":true,"href":"https:\/\/www.qnde.ca\/fr\/wp-json\/wp\/v2\/product_brand?post=4947"},{"taxonomy":"product_cat","embeddable":true,"href":"https:\/\/www.qnde.ca\/fr\/wp-json\/wp\/v2\/product_cat?post=4947"},{"taxonomy":"product_tag","embeddable":true,"href":"https:\/\/www.qnde.ca\/fr\/wp-json\/wp\/v2\/product_tag?post=4947"}],"curies":[{"name":"wp","href":"https:\/\/api.w.org\/{rel}","templated":true}]}}