{"id":4944,"date":"2016-01-12T19:35:26","date_gmt":"2016-01-12T19:35:26","guid":{"rendered":"https:\/\/www.qnde.ca\/?post_type=product&#038;p=4944"},"modified":"2025-08-18T16:59:47","modified_gmt":"2025-08-18T20:59:47","slug":"spectrometre-et-dosimetre-portable-mspec","status":"publish","type":"product","link":"https:\/\/www.qnde.ca\/fr\/produit\/spectrometre-et-dosimetre-portable-mspec\/","title":{"rendered":"Radcomm Spectrom\u00e8tre et Dosim\u00e8tre portable MSpec"},"content":{"rendered":"<h3 id=\"ctl01_ctl00_cphMainContent_ProductTitle\">Radcomm Spectrom\u00e8tre et Dosim\u00e8tre portable MSpec<\/h3>\n<ul>\n<li>Spectrom\u00e8tre et dosim\u00e8tre Gamma portatif.<\/li>\n<li>R\u00e9ponse rapide MSpec.<\/li>\n<li>Mesure instantan\u00e9ment sur n&rsquo;importe quel mat\u00e9riel la pr\u00e9sence de radioactivit\u00e9.<\/li>\n<li>L&rsquo;op\u00e9ration du MSpec se fait de fa\u00e7on enti\u00e8rement automatique.<\/li>\n<li>Permet d&rsquo;\u00e9couter les variations audio et\/ou regarder les changements de lectures affich\u00e9s.<\/li>\n<li>Balaie les mat\u00e9riaux suspects et analyse rapidement.<\/li>\n<li>Cat\u00e9gorise le r\u00e9sultat comme \u00e9tant soit m\u00e9dical, industriel ou \u00a0Mat\u00e9riau Radioactif Naturel (NORM).<\/li>\n<\/ul>\n","protected":false},"excerpt":{"rendered":"<p>Radcomm Spectrom\u00e8tre et Dosim\u00e8tre portable MSpec Spectrom\u00e8tre et dosim\u00e8tre Gamma portatif. R\u00e9ponse rapide MSpec. Mesure instantan\u00e9ment sur n&rsquo;importe quel mat\u00e9riel la pr\u00e9sence de radioactivit\u00e9. L&rsquo;op\u00e9ration du MSpec se fait de fa\u00e7on enti\u00e8rement automatique. Permet d&rsquo;\u00e9couter les variations audio et\/ou regarder les changements de lectures affich\u00e9s. Balaie les mat\u00e9riaux suspects et analyse rapidement. Cat\u00e9gorise le r\u00e9sultat [&hellip;]<\/p>\n","protected":false},"featured_media":8607,"template":"","meta":{"_monsterinsights_skip_tracking":false,"_monsterinsights_sitenote_active":false,"_monsterinsights_sitenote_note":"","_monsterinsights_sitenote_category":0},"product_brand":[],"product_cat":[391,143],"product_tag":[],"class_list":{"0":"post-4944","1":"product","2":"type-product","3":"status-publish","4":"has-post-thumbnail","6":"product_cat-radcomm-fr","7":"product_cat-radioprotection","9":"first","10":"instock","11":"shipping-taxable","12":"purchasable","13":"product-type-simple"},"yoast_head":"<!-- This site is optimized with the Yoast SEO plugin v23.9 - https:\/\/yoast.com\/wordpress\/plugins\/seo\/ -->\n<title>Radcomm Spectrom\u00e8tre et Dosim\u00e8tre portable MSpec &#060; Qualit\u00e9 NDE<\/title>\n<meta name=\"description\" content=\"Radcomm: MSpec, D\u00e9tectez et cat\u00e9gorisez instantan\u00e9ment la radioactivit\u00e9 spectrom\u00e8tre et dosim\u00e8tre Gamma portatif \u00e0 r\u00e9ponse rapide et usage automatique.\" \/>\n<meta name=\"robots\" content=\"index, follow, max-snippet:-1, max-image-preview:large, max-video-preview:-1\" \/>\n<link rel=\"canonical\" href=\"https:\/\/www.qnde.ca\/fr\/produit\/spectrometre-et-dosimetre-portable-mspec\/\" \/>\n<meta name=\"twitter:label1\" content=\"Dur\u00e9e de lecture estim\u00e9e\" \/>\n\t<meta name=\"twitter:data1\" content=\"1 minute\" \/>\n<script type=\"application\/ld+json\" class=\"yoast-schema-graph\">{\"@context\":\"https:\/\/schema.org\",\"@graph\":[{\"@type\":[\"WebPage\",\"ItemPage\"],\"@id\":\"https:\/\/www.qnde.ca\/fr\/produit\/spectrometre-et-dosimetre-portable-mspec\/\",\"url\":\"https:\/\/www.qnde.ca\/fr\/produit\/spectrometre-et-dosimetre-portable-mspec\/\",\"name\":\"Radcomm Spectrom\u00e8tre et Dosim\u00e8tre portable MSpec &#060; Qualit\u00e9 NDE\",\"isPartOf\":{\"@id\":\"https:\/\/www.qnde.ca\/#website\"},\"primaryImageOfPage\":{\"@id\":\"https:\/\/www.qnde.ca\/fr\/produit\/spectrometre-et-dosimetre-portable-mspec\/#primaryimage\"},\"image\":{\"@id\":\"https:\/\/www.qnde.ca\/fr\/produit\/spectrometre-et-dosimetre-portable-mspec\/#primaryimage\"},\"thumbnailUrl\":\"https:\/\/www.qnde.ca\/wp-content\/uploads\/2016\/01\/mspec-04-w.png\",\"datePublished\":\"2016-01-12T19:35:26+00:00\",\"dateModified\":\"2025-08-18T20:59:47+00:00\",\"description\":\"Radcomm: MSpec, D\u00e9tectez et cat\u00e9gorisez instantan\u00e9ment la radioactivit\u00e9 spectrom\u00e8tre et dosim\u00e8tre Gamma portatif \u00e0 r\u00e9ponse rapide et usage automatique.\",\"breadcrumb\":{\"@id\":\"https:\/\/www.qnde.ca\/fr\/produit\/spectrometre-et-dosimetre-portable-mspec\/#breadcrumb\"},\"inLanguage\":\"fr-FR\",\"potentialAction\":[{\"@type\":\"ReadAction\",\"target\":[\"https:\/\/www.qnde.ca\/fr\/produit\/spectrometre-et-dosimetre-portable-mspec\/\"]}]},{\"@type\":\"ImageObject\",\"inLanguage\":\"fr-FR\",\"@id\":\"https:\/\/www.qnde.ca\/fr\/produit\/spectrometre-et-dosimetre-portable-mspec\/#primaryimage\",\"url\":\"https:\/\/www.qnde.ca\/wp-content\/uploads\/2016\/01\/mspec-04-w.png\",\"contentUrl\":\"https:\/\/www.qnde.ca\/wp-content\/uploads\/2016\/01\/mspec-04-w.png\",\"width\":390,\"height\":640},{\"@type\":\"BreadcrumbList\",\"@id\":\"https:\/\/www.qnde.ca\/fr\/produit\/spectrometre-et-dosimetre-portable-mspec\/#breadcrumb\",\"itemListElement\":[{\"@type\":\"ListItem\",\"position\":1,\"name\":\"Accueil\",\"item\":\"https:\/\/www.qnde.ca\/fr\/\"},{\"@type\":\"ListItem\",\"position\":2,\"name\":\"Produits\",\"item\":\"https:\/\/www.qnde.ca\/fr\/produits\/\"},{\"@type\":\"ListItem\",\"position\":3,\"name\":\"Marques\",\"item\":\"https:\/\/www.qnde.ca\/fr\/product-category\/marques\/\"},{\"@type\":\"ListItem\",\"position\":4,\"name\":\"Radcomm\",\"item\":\"https:\/\/www.qnde.ca\/fr\/product-category\/marques\/radcomm-fr\/\"},{\"@type\":\"ListItem\",\"position\":5,\"name\":\"Radcomm Spectrom\u00e8tre et Dosim\u00e8tre portable MSpec\"}]},{\"@type\":\"WebSite\",\"@id\":\"https:\/\/www.qnde.ca\/#website\",\"url\":\"https:\/\/www.qnde.ca\/\",\"name\":\"Qualit\u00e9 NDE\",\"description\":\"\u00c9quipements d&#039;essais non destructifs \",\"publisher\":{\"@id\":\"https:\/\/www.qnde.ca\/#organization\"},\"potentialAction\":[{\"@type\":\"SearchAction\",\"target\":{\"@type\":\"EntryPoint\",\"urlTemplate\":\"https:\/\/www.qnde.ca\/?s={search_term_string}\"},\"query-input\":{\"@type\":\"PropertyValueSpecification\",\"valueRequired\":true,\"valueName\":\"search_term_string\"}}],\"inLanguage\":\"fr-FR\"},{\"@type\":\"Organization\",\"@id\":\"https:\/\/www.qnde.ca\/#organization\",\"name\":\"Quality NDT Ltd.\",\"url\":\"https:\/\/www.qnde.ca\/\",\"logo\":{\"@type\":\"ImageObject\",\"inLanguage\":\"fr-FR\",\"@id\":\"https:\/\/www.qnde.ca\/#\/schema\/logo\/image\/\",\"url\":\"https:\/\/www.qnde.ca\/wp-content\/uploads\/2022\/02\/QNDE_logo_RGB-gif.gif\",\"contentUrl\":\"https:\/\/www.qnde.ca\/wp-content\/uploads\/2022\/02\/QNDE_logo_RGB-gif.gif\",\"width\":250,\"height\":64,\"caption\":\"Quality NDT Ltd.\"},\"image\":{\"@id\":\"https:\/\/www.qnde.ca\/#\/schema\/logo\/image\/\"},\"sameAs\":[\"https:\/\/www.linkedin.com\/company\/qnde\/about\/?viewAsMember=true\"]}]}<\/script>\n<!-- \/ Yoast SEO plugin. -->","yoast_head_json":{"title":"Radcomm Spectrom\u00e8tre et Dosim\u00e8tre portable MSpec &#060; Qualit\u00e9 NDE","description":"Radcomm: MSpec, D\u00e9tectez et cat\u00e9gorisez instantan\u00e9ment la radioactivit\u00e9 spectrom\u00e8tre et dosim\u00e8tre Gamma portatif \u00e0 r\u00e9ponse rapide et usage automatique.","robots":{"index":"index","follow":"follow","max-snippet":"max-snippet:-1","max-image-preview":"max-image-preview:large","max-video-preview":"max-video-preview:-1"},"canonical":"https:\/\/www.qnde.ca\/fr\/produit\/spectrometre-et-dosimetre-portable-mspec\/","twitter_misc":{"Dur\u00e9e de lecture estim\u00e9e":"1 minute"},"schema":{"@context":"https:\/\/schema.org","@graph":[{"@type":["WebPage","ItemPage"],"@id":"https:\/\/www.qnde.ca\/fr\/produit\/spectrometre-et-dosimetre-portable-mspec\/","url":"https:\/\/www.qnde.ca\/fr\/produit\/spectrometre-et-dosimetre-portable-mspec\/","name":"Radcomm Spectrom\u00e8tre et Dosim\u00e8tre portable MSpec &#060; Qualit\u00e9 NDE","isPartOf":{"@id":"https:\/\/www.qnde.ca\/#website"},"primaryImageOfPage":{"@id":"https:\/\/www.qnde.ca\/fr\/produit\/spectrometre-et-dosimetre-portable-mspec\/#primaryimage"},"image":{"@id":"https:\/\/www.qnde.ca\/fr\/produit\/spectrometre-et-dosimetre-portable-mspec\/#primaryimage"},"thumbnailUrl":"https:\/\/www.qnde.ca\/wp-content\/uploads\/2016\/01\/mspec-04-w.png","datePublished":"2016-01-12T19:35:26+00:00","dateModified":"2025-08-18T20:59:47+00:00","description":"Radcomm: MSpec, D\u00e9tectez et cat\u00e9gorisez instantan\u00e9ment la radioactivit\u00e9 spectrom\u00e8tre et dosim\u00e8tre Gamma portatif \u00e0 r\u00e9ponse rapide et usage automatique.","breadcrumb":{"@id":"https:\/\/www.qnde.ca\/fr\/produit\/spectrometre-et-dosimetre-portable-mspec\/#breadcrumb"},"inLanguage":"fr-FR","potentialAction":[{"@type":"ReadAction","target":["https:\/\/www.qnde.ca\/fr\/produit\/spectrometre-et-dosimetre-portable-mspec\/"]}]},{"@type":"ImageObject","inLanguage":"fr-FR","@id":"https:\/\/www.qnde.ca\/fr\/produit\/spectrometre-et-dosimetre-portable-mspec\/#primaryimage","url":"https:\/\/www.qnde.ca\/wp-content\/uploads\/2016\/01\/mspec-04-w.png","contentUrl":"https:\/\/www.qnde.ca\/wp-content\/uploads\/2016\/01\/mspec-04-w.png","width":390,"height":640},{"@type":"BreadcrumbList","@id":"https:\/\/www.qnde.ca\/fr\/produit\/spectrometre-et-dosimetre-portable-mspec\/#breadcrumb","itemListElement":[{"@type":"ListItem","position":1,"name":"Accueil","item":"https:\/\/www.qnde.ca\/fr\/"},{"@type":"ListItem","position":2,"name":"Produits","item":"https:\/\/www.qnde.ca\/fr\/produits\/"},{"@type":"ListItem","position":3,"name":"Marques","item":"https:\/\/www.qnde.ca\/fr\/product-category\/marques\/"},{"@type":"ListItem","position":4,"name":"Radcomm","item":"https:\/\/www.qnde.ca\/fr\/product-category\/marques\/radcomm-fr\/"},{"@type":"ListItem","position":5,"name":"Radcomm Spectrom\u00e8tre et Dosim\u00e8tre portable MSpec"}]},{"@type":"WebSite","@id":"https:\/\/www.qnde.ca\/#website","url":"https:\/\/www.qnde.ca\/","name":"Qualit\u00e9 NDE","description":"\u00c9quipements d&#039;essais non destructifs ","publisher":{"@id":"https:\/\/www.qnde.ca\/#organization"},"potentialAction":[{"@type":"SearchAction","target":{"@type":"EntryPoint","urlTemplate":"https:\/\/www.qnde.ca\/?s={search_term_string}"},"query-input":{"@type":"PropertyValueSpecification","valueRequired":true,"valueName":"search_term_string"}}],"inLanguage":"fr-FR"},{"@type":"Organization","@id":"https:\/\/www.qnde.ca\/#organization","name":"Quality NDT Ltd.","url":"https:\/\/www.qnde.ca\/","logo":{"@type":"ImageObject","inLanguage":"fr-FR","@id":"https:\/\/www.qnde.ca\/#\/schema\/logo\/image\/","url":"https:\/\/www.qnde.ca\/wp-content\/uploads\/2022\/02\/QNDE_logo_RGB-gif.gif","contentUrl":"https:\/\/www.qnde.ca\/wp-content\/uploads\/2022\/02\/QNDE_logo_RGB-gif.gif","width":250,"height":64,"caption":"Quality NDT Ltd."},"image":{"@id":"https:\/\/www.qnde.ca\/#\/schema\/logo\/image\/"},"sameAs":["https:\/\/www.linkedin.com\/company\/qnde\/about\/?viewAsMember=true"]}]}},"jetpack_sharing_enabled":true,"_links":{"self":[{"href":"https:\/\/www.qnde.ca\/fr\/wp-json\/wp\/v2\/product\/4944","targetHints":{"allow":["GET"]}}],"collection":[{"href":"https:\/\/www.qnde.ca\/fr\/wp-json\/wp\/v2\/product"}],"about":[{"href":"https:\/\/www.qnde.ca\/fr\/wp-json\/wp\/v2\/types\/product"}],"wp:featuredmedia":[{"embeddable":true,"href":"https:\/\/www.qnde.ca\/fr\/wp-json\/wp\/v2\/media\/8607"}],"wp:attachment":[{"href":"https:\/\/www.qnde.ca\/fr\/wp-json\/wp\/v2\/media?parent=4944"}],"wp:term":[{"taxonomy":"product_brand","embeddable":true,"href":"https:\/\/www.qnde.ca\/fr\/wp-json\/wp\/v2\/product_brand?post=4944"},{"taxonomy":"product_cat","embeddable":true,"href":"https:\/\/www.qnde.ca\/fr\/wp-json\/wp\/v2\/product_cat?post=4944"},{"taxonomy":"product_tag","embeddable":true,"href":"https:\/\/www.qnde.ca\/fr\/wp-json\/wp\/v2\/product_tag?post=4944"}],"curies":[{"name":"wp","href":"https:\/\/api.w.org\/{rel}","templated":true}]}}