{"id":4936,"date":"2016-01-12T19:30:11","date_gmt":"2016-01-12T19:30:11","guid":{"rendered":"https:\/\/www.qnde.ca\/?post_type=product&#038;p=4936"},"modified":"2025-09-09T09:42:27","modified_gmt":"2025-09-09T13:42:27","slug":"golden-rayons-x-pulses-alimentes-par-batterie-qnde-ndt","status":"publish","type":"product","link":"https:\/\/www.qnde.ca\/fr\/produit\/golden-rayons-x-pulses-alimentes-par-batterie-qnde-ndt\/","title":{"rendered":"Golden Rayons-X\u00a0Puls\u00e9s Aliment\u00e9s par Batterie"},"content":{"rendered":"<h3><strong>Golden Rayons-X Puls\u00e9s Aliment\u00e9s par Batterie<\/strong><\/h3>\n<p>Golden fabrique diverses sources de rayons-x puls\u00e9s aliment\u00e9es par batterie avec applications de rayons-x num\u00e9riques utilis\u00e9es de 200 kV, 270 kV et 370 kV. L\u2019ensemble complet inclut deux batteries 20V, chargeur de 120VAC, c\u00e2ble de d\u00e9clenchement \u00e0 distance de 20\u2019 (6.1m), manuel et valise de transport. Les unit\u00e9s multidirectionnelles (MD) sont livr\u00e9es avec un capuchon bleu (faisceau de rayons X frontal) et un collimateur rotatif avec capuchon dor\u00e9 (faisceau de rayons X lat\u00e9ral).<\/p>\n<ul>\n<li>XRS-4: Ensemble rayons-x puls\u00e9s de 370kV (batterie 20V). P\u00e9n\u00e9tration jusqu\u2019\u00e0 1.75&Prime; (44.6mm) d\u2019acier.<\/li>\n<li>XRS-3: Ensemble rayons-x puls\u00e9s de 270kV (batterie 20V). P\u00e9n\u00e9tration jusqu\u2019\u00e0 1.0&Prime; (25.4mm) d\u2019acier.<\/li>\n<li>XRS-3RA: Ensemble rayons-x puls\u00e9s de 270kV (batterie 20V), avec \u00e9mission \u00e0 90 degr\u00e9s. P\u00e9n\u00e9tration jusqu\u2019\u00e0 1.0&Prime; (25.4mm) d\u2019acier.<\/li>\n<li>XR200: Ensemble rayons-x puls\u00e9s de 150kV (batterie 20V). P\u00e9n\u00e9tration jusqu\u2019\u00e0 0.5&Prime; (12.7mm) d\u2019acier.<\/li>\n<li>XR150: Ensemble rayons-x puls\u00e9s de 150kV (batterie 20V). P\u00e9n\u00e9tration jusqu\u2019\u00e0 0.75&Prime; (19.1mm) d\u2019acier.<\/li>\n<li>XRS-3-MD : Ensemble rayons X puls\u00e9s multidirectionnel 270 kV (batterie 20 V). P\u00e9n\u00e9tration jusqu\u2019\u00e0 1,0\u2033 (25,4 mm) d\u2019acier. Livr\u00e9 avec un capuchon bleu (faisceau de rayons X frontal) et un collimateur rotatif avec capuchon dor\u00e9 (faisceau de rayons X lat\u00e9ral).<\/li>\n<\/ul>\n","protected":false},"excerpt":{"rendered":"<p>Golden Rayons-X Puls\u00e9s Aliment\u00e9s par Batterie Golden fabrique diverses sources de rayons-x puls\u00e9s aliment\u00e9es par batterie avec applications de rayons-x num\u00e9riques utilis\u00e9es de 200 kV, 270 kV et 370 kV. L\u2019ensemble complet inclut deux batteries 20V, chargeur de 120VAC, c\u00e2ble de d\u00e9clenchement \u00e0 distance de 20\u2019 (6.1m), manuel et valise de transport. Les unit\u00e9s multidirectionnelles [&hellip;]<\/p>\n","protected":false},"featured_media":28969,"template":"","meta":{"_monsterinsights_skip_tracking":false,"_monsterinsights_sitenote_active":false,"_monsterinsights_sitenote_note":"","_monsterinsights_sitenote_category":0},"product_brand":[],"product_cat":[402,142],"product_tag":[],"class_list":{"0":"post-4936","1":"product","2":"type-product","3":"status-publish","4":"has-post-thumbnail","6":"product_cat-autres-marques","7":"product_cat-radiologie-numerique-dr","9":"first","10":"instock","11":"shipping-taxable","12":"purchasable","13":"product-type-variable"},"yoast_head":"<!-- This site is optimized with the Yoast SEO plugin v23.9 - https:\/\/yoast.com\/wordpress\/plugins\/seo\/ -->\n<title>Golden Rayons-X\u00a0Puls\u00e9s Aliment\u00e9s par Batterie &#060; Qualit\u00e9 NDE<\/title>\n<meta name=\"description\" content=\"Golden Rayons-X fabrique diverses sources de rayons-x puls\u00e9s aliment\u00e9s par batterie. Deux batteries 20V, , chargeur de 120VAC.\" \/>\n<meta name=\"robots\" content=\"index, follow, max-snippet:-1, max-image-preview:large, max-video-preview:-1\" \/>\n<link rel=\"canonical\" href=\"https:\/\/www.qnde.ca\/fr\/produit\/golden-rayons-x-pulses-alimentes-par-batterie-qnde-ndt\/\" \/>\n<meta name=\"twitter:label1\" content=\"Dur\u00e9e de lecture estim\u00e9e\" \/>\n\t<meta name=\"twitter:data1\" content=\"2 minutes\" \/>\n<script type=\"application\/ld+json\" class=\"yoast-schema-graph\">{\"@context\":\"https:\/\/schema.org\",\"@graph\":[{\"@type\":[\"WebPage\",\"ItemPage\"],\"@id\":\"https:\/\/www.qnde.ca\/fr\/produit\/golden-rayons-x-pulses-alimentes-par-batterie-qnde-ndt\/\",\"url\":\"https:\/\/www.qnde.ca\/fr\/produit\/golden-rayons-x-pulses-alimentes-par-batterie-qnde-ndt\/\",\"name\":\"Golden Rayons-X\u00a0Puls\u00e9s Aliment\u00e9s par Batterie &#060; Qualit\u00e9 NDE\",\"isPartOf\":{\"@id\":\"https:\/\/www.qnde.ca\/#website\"},\"primaryImageOfPage\":{\"@id\":\"https:\/\/www.qnde.ca\/fr\/produit\/golden-rayons-x-pulses-alimentes-par-batterie-qnde-ndt\/#primaryimage\"},\"image\":{\"@id\":\"https:\/\/www.qnde.ca\/fr\/produit\/golden-rayons-x-pulses-alimentes-par-batterie-qnde-ndt\/#primaryimage\"},\"thumbnailUrl\":\"https:\/\/www.qnde.ca\/wp-content\/uploads\/2016\/01\/Golden-Engineering-Battery-Power-X-ray-Sources-XR150-XR200-XRS-3-and-XRS-4-scaled.jpg\",\"datePublished\":\"2016-01-12T19:30:11+00:00\",\"dateModified\":\"2025-09-09T13:42:27+00:00\",\"description\":\"Golden Rayons-X fabrique diverses sources de rayons-x puls\u00e9s aliment\u00e9s par batterie. Deux batteries 20V, , chargeur de 120VAC.\",\"breadcrumb\":{\"@id\":\"https:\/\/www.qnde.ca\/fr\/produit\/golden-rayons-x-pulses-alimentes-par-batterie-qnde-ndt\/#breadcrumb\"},\"inLanguage\":\"fr-FR\",\"potentialAction\":[{\"@type\":\"ReadAction\",\"target\":[\"https:\/\/www.qnde.ca\/fr\/produit\/golden-rayons-x-pulses-alimentes-par-batterie-qnde-ndt\/\"]}]},{\"@type\":\"ImageObject\",\"inLanguage\":\"fr-FR\",\"@id\":\"https:\/\/www.qnde.ca\/fr\/produit\/golden-rayons-x-pulses-alimentes-par-batterie-qnde-ndt\/#primaryimage\",\"url\":\"https:\/\/www.qnde.ca\/wp-content\/uploads\/2016\/01\/Golden-Engineering-Battery-Power-X-ray-Sources-XR150-XR200-XRS-3-and-XRS-4-scaled.jpg\",\"contentUrl\":\"https:\/\/www.qnde.ca\/wp-content\/uploads\/2016\/01\/Golden-Engineering-Battery-Power-X-ray-Sources-XR150-XR200-XRS-3-and-XRS-4-scaled.jpg\",\"width\":2048,\"height\":1365},{\"@type\":\"BreadcrumbList\",\"@id\":\"https:\/\/www.qnde.ca\/fr\/produit\/golden-rayons-x-pulses-alimentes-par-batterie-qnde-ndt\/#breadcrumb\",\"itemListElement\":[{\"@type\":\"ListItem\",\"position\":1,\"name\":\"Accueil\",\"item\":\"https:\/\/www.qnde.ca\/fr\/\"},{\"@type\":\"ListItem\",\"position\":2,\"name\":\"Produits\",\"item\":\"https:\/\/www.qnde.ca\/fr\/produits\/\"},{\"@type\":\"ListItem\",\"position\":3,\"name\":\"Marques\",\"item\":\"https:\/\/www.qnde.ca\/fr\/product-category\/marques\/\"},{\"@type\":\"ListItem\",\"position\":4,\"name\":\"Autres Marques\",\"item\":\"https:\/\/www.qnde.ca\/fr\/product-category\/marques\/autres-marques\/\"},{\"@type\":\"ListItem\",\"position\":5,\"name\":\"Golden Rayons-X\u00a0Puls\u00e9s Aliment\u00e9s par Batterie\"}]},{\"@type\":\"WebSite\",\"@id\":\"https:\/\/www.qnde.ca\/#website\",\"url\":\"https:\/\/www.qnde.ca\/\",\"name\":\"Qualit\u00e9 NDE\",\"description\":\"\u00c9quipements d&#039;essais non destructifs \",\"publisher\":{\"@id\":\"https:\/\/www.qnde.ca\/#organization\"},\"potentialAction\":[{\"@type\":\"SearchAction\",\"target\":{\"@type\":\"EntryPoint\",\"urlTemplate\":\"https:\/\/www.qnde.ca\/?s={search_term_string}\"},\"query-input\":{\"@type\":\"PropertyValueSpecification\",\"valueRequired\":true,\"valueName\":\"search_term_string\"}}],\"inLanguage\":\"fr-FR\"},{\"@type\":\"Organization\",\"@id\":\"https:\/\/www.qnde.ca\/#organization\",\"name\":\"Quality NDT Ltd.\",\"url\":\"https:\/\/www.qnde.ca\/\",\"logo\":{\"@type\":\"ImageObject\",\"inLanguage\":\"fr-FR\",\"@id\":\"https:\/\/www.qnde.ca\/#\/schema\/logo\/image\/\",\"url\":\"https:\/\/www.qnde.ca\/wp-content\/uploads\/2022\/02\/QNDE_logo_RGB-gif.gif\",\"contentUrl\":\"https:\/\/www.qnde.ca\/wp-content\/uploads\/2022\/02\/QNDE_logo_RGB-gif.gif\",\"width\":250,\"height\":64,\"caption\":\"Quality NDT Ltd.\"},\"image\":{\"@id\":\"https:\/\/www.qnde.ca\/#\/schema\/logo\/image\/\"},\"sameAs\":[\"https:\/\/www.linkedin.com\/company\/qnde\/about\/?viewAsMember=true\"]}]}<\/script>\n<!-- \/ Yoast SEO plugin. -->","yoast_head_json":{"title":"Golden Rayons-X\u00a0Puls\u00e9s Aliment\u00e9s par Batterie &#060; Qualit\u00e9 NDE","description":"Golden Rayons-X fabrique diverses sources de rayons-x puls\u00e9s aliment\u00e9s par batterie. Deux batteries 20V, , chargeur de 120VAC.","robots":{"index":"index","follow":"follow","max-snippet":"max-snippet:-1","max-image-preview":"max-image-preview:large","max-video-preview":"max-video-preview:-1"},"canonical":"https:\/\/www.qnde.ca\/fr\/produit\/golden-rayons-x-pulses-alimentes-par-batterie-qnde-ndt\/","twitter_misc":{"Dur\u00e9e de lecture estim\u00e9e":"2 minutes"},"schema":{"@context":"https:\/\/schema.org","@graph":[{"@type":["WebPage","ItemPage"],"@id":"https:\/\/www.qnde.ca\/fr\/produit\/golden-rayons-x-pulses-alimentes-par-batterie-qnde-ndt\/","url":"https:\/\/www.qnde.ca\/fr\/produit\/golden-rayons-x-pulses-alimentes-par-batterie-qnde-ndt\/","name":"Golden Rayons-X\u00a0Puls\u00e9s Aliment\u00e9s par Batterie &#060; Qualit\u00e9 NDE","isPartOf":{"@id":"https:\/\/www.qnde.ca\/#website"},"primaryImageOfPage":{"@id":"https:\/\/www.qnde.ca\/fr\/produit\/golden-rayons-x-pulses-alimentes-par-batterie-qnde-ndt\/#primaryimage"},"image":{"@id":"https:\/\/www.qnde.ca\/fr\/produit\/golden-rayons-x-pulses-alimentes-par-batterie-qnde-ndt\/#primaryimage"},"thumbnailUrl":"https:\/\/www.qnde.ca\/wp-content\/uploads\/2016\/01\/Golden-Engineering-Battery-Power-X-ray-Sources-XR150-XR200-XRS-3-and-XRS-4-scaled.jpg","datePublished":"2016-01-12T19:30:11+00:00","dateModified":"2025-09-09T13:42:27+00:00","description":"Golden Rayons-X fabrique diverses sources de rayons-x puls\u00e9s aliment\u00e9s par batterie. Deux batteries 20V, , chargeur de 120VAC.","breadcrumb":{"@id":"https:\/\/www.qnde.ca\/fr\/produit\/golden-rayons-x-pulses-alimentes-par-batterie-qnde-ndt\/#breadcrumb"},"inLanguage":"fr-FR","potentialAction":[{"@type":"ReadAction","target":["https:\/\/www.qnde.ca\/fr\/produit\/golden-rayons-x-pulses-alimentes-par-batterie-qnde-ndt\/"]}]},{"@type":"ImageObject","inLanguage":"fr-FR","@id":"https:\/\/www.qnde.ca\/fr\/produit\/golden-rayons-x-pulses-alimentes-par-batterie-qnde-ndt\/#primaryimage","url":"https:\/\/www.qnde.ca\/wp-content\/uploads\/2016\/01\/Golden-Engineering-Battery-Power-X-ray-Sources-XR150-XR200-XRS-3-and-XRS-4-scaled.jpg","contentUrl":"https:\/\/www.qnde.ca\/wp-content\/uploads\/2016\/01\/Golden-Engineering-Battery-Power-X-ray-Sources-XR150-XR200-XRS-3-and-XRS-4-scaled.jpg","width":2048,"height":1365},{"@type":"BreadcrumbList","@id":"https:\/\/www.qnde.ca\/fr\/produit\/golden-rayons-x-pulses-alimentes-par-batterie-qnde-ndt\/#breadcrumb","itemListElement":[{"@type":"ListItem","position":1,"name":"Accueil","item":"https:\/\/www.qnde.ca\/fr\/"},{"@type":"ListItem","position":2,"name":"Produits","item":"https:\/\/www.qnde.ca\/fr\/produits\/"},{"@type":"ListItem","position":3,"name":"Marques","item":"https:\/\/www.qnde.ca\/fr\/product-category\/marques\/"},{"@type":"ListItem","position":4,"name":"Autres Marques","item":"https:\/\/www.qnde.ca\/fr\/product-category\/marques\/autres-marques\/"},{"@type":"ListItem","position":5,"name":"Golden Rayons-X\u00a0Puls\u00e9s Aliment\u00e9s par Batterie"}]},{"@type":"WebSite","@id":"https:\/\/www.qnde.ca\/#website","url":"https:\/\/www.qnde.ca\/","name":"Qualit\u00e9 NDE","description":"\u00c9quipements d&#039;essais non destructifs ","publisher":{"@id":"https:\/\/www.qnde.ca\/#organization"},"potentialAction":[{"@type":"SearchAction","target":{"@type":"EntryPoint","urlTemplate":"https:\/\/www.qnde.ca\/?s={search_term_string}"},"query-input":{"@type":"PropertyValueSpecification","valueRequired":true,"valueName":"search_term_string"}}],"inLanguage":"fr-FR"},{"@type":"Organization","@id":"https:\/\/www.qnde.ca\/#organization","name":"Quality NDT Ltd.","url":"https:\/\/www.qnde.ca\/","logo":{"@type":"ImageObject","inLanguage":"fr-FR","@id":"https:\/\/www.qnde.ca\/#\/schema\/logo\/image\/","url":"https:\/\/www.qnde.ca\/wp-content\/uploads\/2022\/02\/QNDE_logo_RGB-gif.gif","contentUrl":"https:\/\/www.qnde.ca\/wp-content\/uploads\/2022\/02\/QNDE_logo_RGB-gif.gif","width":250,"height":64,"caption":"Quality NDT Ltd."},"image":{"@id":"https:\/\/www.qnde.ca\/#\/schema\/logo\/image\/"},"sameAs":["https:\/\/www.linkedin.com\/company\/qnde\/about\/?viewAsMember=true"]}]}},"jetpack_sharing_enabled":true,"_links":{"self":[{"href":"https:\/\/www.qnde.ca\/fr\/wp-json\/wp\/v2\/product\/4936","targetHints":{"allow":["GET"]}}],"collection":[{"href":"https:\/\/www.qnde.ca\/fr\/wp-json\/wp\/v2\/product"}],"about":[{"href":"https:\/\/www.qnde.ca\/fr\/wp-json\/wp\/v2\/types\/product"}],"wp:featuredmedia":[{"embeddable":true,"href":"https:\/\/www.qnde.ca\/fr\/wp-json\/wp\/v2\/media\/28969"}],"wp:attachment":[{"href":"https:\/\/www.qnde.ca\/fr\/wp-json\/wp\/v2\/media?parent=4936"}],"wp:term":[{"taxonomy":"product_brand","embeddable":true,"href":"https:\/\/www.qnde.ca\/fr\/wp-json\/wp\/v2\/product_brand?post=4936"},{"taxonomy":"product_cat","embeddable":true,"href":"https:\/\/www.qnde.ca\/fr\/wp-json\/wp\/v2\/product_cat?post=4936"},{"taxonomy":"product_tag","embeddable":true,"href":"https:\/\/www.qnde.ca\/fr\/wp-json\/wp\/v2\/product_tag?post=4936"}],"curies":[{"name":"wp","href":"https:\/\/api.w.org\/{rel}","templated":true}]}}