{"id":4913,"date":"2016-01-12T19:08:56","date_gmt":"2016-01-12T19:08:56","guid":{"rendered":"https:\/\/www.qnde.ca\/?post_type=product&#038;p=4913"},"modified":"2025-08-07T10:30:31","modified_gmt":"2025-08-07T14:30:31","slug":"ixrs-unipolaires","status":"publish","type":"product","link":"https:\/\/www.qnde.ca\/fr\/produit\/ixrs-unipolaires\/","title":{"rendered":"Comet iXRS, Syst\u00e8mes Unipolaires \u00e0 Rayons-X"},"content":{"rendered":"<h3><strong>Comet iXRS, Syst\u00e8mes Unipolaires \u00e0 Rayons-X <\/strong><\/h3>\n<div>\n<p>Comet est le seul fabricant qui fabrique le g\u00e9n\u00e9rateur, tube \u00e0 rayons-x m\u00e9tal-c\u00e9ramique, refroidisseur et c\u00e2bles. Tous les syst\u00e8mes iXRS disposent d&rsquo;une connexion Internet pour le d\u00e9pannage \u00e0 distance.<\/p>\n<p>Les syst\u00e8mes unipolaires sont disponibles de 75kV \u00e0 225kV dans une vari\u00e9t\u00e9 de points focaux et puissance, sont approuv\u00e9s par Sant\u00e9 Canada et rencontrent le RED Act.<\/p>\n<p>Contactez-nous afin de discuter de votre application, de vos exigences, des options disponibles et\/ou recevoir une soumission.<\/p>\n\n<table id=\"tablepress-iXRS-1-FR\" class=\"tablepress tablepress-id-iXRS-1-FR\">\n<thead>\n<tr class=\"row-1\">\n\t<th class=\"column-1\">Mod\u00e8le<\/th><th class=\"column-2\">kV<\/th><th class=\"column-3\">Puissance du tube<\/th><th class=\"column-4\">Point focal EN 12543<\/th><th class=\"column-5\">Cible angle<\/th><th class=\"column-6\">Couverture du rayonnement<\/th>\n<\/tr>\n<\/thead>\n<tbody class=\"row-striping row-hover\">\n<tr class=\"row-2\">\n\t<td class=\"column-1\">MXR-75\/30<\/td><td class=\"column-2\">75kV<\/td><td class=\"column-3\">1000W<\/td><td class=\"column-4\">5.5mm<\/td><td class=\"column-5\">30\u00ba<\/td><td class=\"column-6\">40\u00ba x 40\u00ba<\/td>\n<\/tr>\n<tr class=\"row-3\">\n\t<td class=\"column-1\">MXR-75HP\/20<\/td><td class=\"column-2\">75kV<\/td><td class=\"column-3\">1000W<\/td><td class=\"column-4\">1.0mm<\/td><td class=\"column-5\">20\u00ba<\/td><td class=\"column-6\">40\u00ba x 100\u00ba<\/td>\n<\/tr>\n<tr class=\"row-4\">\n\t<td class=\"column-1\">MXR-75HP\/20FB<\/td><td class=\"column-2\">75kV<\/td><td class=\"column-3\">1000W<\/td><td class=\"column-4\">1.0mm<\/td><td class=\"column-5\">20\u00ba<\/td><td class=\"column-6\">40\u00ba x 100\u00ba<\/td>\n<\/tr>\n<tr class=\"row-5\">\n\t<td class=\"column-1\"><\/td><td class=\"column-2\"><\/td><td class=\"column-3\"><\/td><td class=\"column-4\"><\/td><td class=\"column-5\"><\/td><td class=\"column-6\"><\/td>\n<\/tr>\n<tr class=\"row-6\">\n\t<td class=\"column-1\">MXR-100\/30<\/td><td class=\"column-2\">90kV<\/td><td class=\"column-3\">1000W<\/td><td class=\"column-4\">5.5mm<\/td><td class=\"column-5\">30\u00ba<\/td><td class=\"column-6\">40\u00ba x 40\u00ba<\/td>\n<\/tr>\n<tr class=\"row-7\">\n\t<td class=\"column-1\">MXR-100HP\/20<\/td><td class=\"column-2\">100kV<\/td><td class=\"column-3\">1000W<\/td><td class=\"column-4\">1.0mm<\/td><td class=\"column-5\">20\u00ba<\/td><td class=\"column-6\">40\u00ba x 40\u00ba<\/td>\n<\/tr>\n<tr class=\"row-8\">\n\t<td class=\"column-1\">MXR-100HP\/20FB<\/td><td class=\"column-2\">100kV<\/td><td class=\"column-3\">1000W<\/td><td class=\"column-4\">1.0mm<\/td><td class=\"column-5\">30\u00ba<\/td><td class=\"column-6\">40\u00ba<\/td>\n<\/tr>\n<tr class=\"row-9\">\n\t<td class=\"column-1\">MXR-101<\/td><td class=\"column-2\">100kV<\/td><td class=\"column-3\">1000W<\/td><td class=\"column-4\">5.5mm<\/td><td class=\"column-5\">30\u00ba<\/td><td class=\"column-6\">40\u00ba<\/td>\n<\/tr>\n<tr class=\"row-10\">\n\t<td class=\"column-1\"><\/td><td class=\"column-2\"><\/td><td class=\"column-3\"><\/td><td class=\"column-4\"><\/td><td class=\"column-5\"><\/td><td class=\"column-6\"><\/td>\n<\/tr>\n<tr class=\"row-11\">\n\t<td class=\"column-1\">MXR-160C<\/td><td class=\"column-2\">160kV<\/td><td class=\"column-3\">1000W<\/td><td class=\"column-4\">0.4\/4.0mm<\/td><td class=\"column-5\">22\u00ba<\/td><td class=\"column-6\">360\u00ba x 40\u00ba<\/td>\n<\/tr>\n<tr class=\"row-12\">\n\t<td class=\"column-1\">MXR-160\/01<\/td><td class=\"column-2\">160kV<\/td><td class=\"column-3\">300W<\/td><td class=\"column-4\">0.5mm<\/td><td class=\"column-5\">10\u00ba<\/td><td class=\"column-6\">40\u00ba x 30\u00ba<\/td>\n<\/tr>\n<tr class=\"row-13\">\n\t<td class=\"column-1\">MXR-160\/20<\/td><td class=\"column-2\">160kV<\/td><td class=\"column-3\">640W\/640W<\/td><td class=\"column-4\">1.0\/1.0mm<\/td><td class=\"column-5\">20\u00ba<\/td><td class=\"column-6\">40\u00ba<\/td>\n<\/tr>\n<tr class=\"row-14\">\n\t<td class=\"column-1\">MXR-160\/21<\/td><td class=\"column-2\">160kV<\/td><td class=\"column-3\">640W\/1000W<\/td><td class=\"column-4\">1.0\/3.0mm<\/td><td class=\"column-5\">20\u00ba<\/td><td class=\"column-6\">40\u00ba<\/td>\n<\/tr>\n<tr class=\"row-15\">\n\t<td class=\"column-1\">MXR-160\/22<\/td><td class=\"column-2\">160kV<\/td><td class=\"column-3\">640W\/3000W<\/td><td class=\"column-4\">1.0\/5.5mm<\/td><td class=\"column-5\">20\u00ba<\/td><td class=\"column-6\">40\u00ba<\/td>\n<\/tr>\n<tr class=\"row-16\">\n\t<td class=\"column-1\">MXR-160HP\/11<\/td><td class=\"column-2\">160kV<\/td><td class=\"column-3\">800W\/1800W<\/td><td class=\"column-4\">0.4\/1.0mm<\/td><td class=\"column-5\">11\u00ba<\/td><td class=\"column-6\">40\u00ba x 30\u00ba<\/td>\n<\/tr>\n<tr class=\"row-17\">\n\t<td class=\"column-1\">MXR-160HP\/20<\/td><td class=\"column-2\">160kV<\/td><td class=\"column-3\">1000W\/1000W<\/td><td class=\"column-4\">1.0\/1.0mm<\/td><td class=\"column-5\">20\u00ba<\/td><td class=\"column-6\">40\u00ba<\/td>\n<\/tr>\n<tr class=\"row-18\">\n\t<td class=\"column-1\">MXR-160HPFB<\/td><td class=\"column-2\">160kV<\/td><td class=\"column-3\">1000W<\/td><td class=\"column-4\">1.0mm<\/td><td class=\"column-5\">20\u00ba<\/td><td class=\"column-6\">60\u00ba x 25\u00ba >90%<br \/>\n63\u00ba x 30\u00ba >50%<\/td>\n<\/tr>\n<tr class=\"row-19\">\n\t<td class=\"column-1\"><\/td><td class=\"column-2\"><\/td><td class=\"column-3\"><\/td><td class=\"column-4\"><\/td><td class=\"column-5\"><\/td><td class=\"column-6\"><\/td>\n<\/tr>\n<tr class=\"row-20\">\n\t<td class=\"column-1\">MXR-161<\/td><td class=\"column-2\">160kV<\/td><td class=\"column-3\">3000W<\/td><td class=\"column-4\">7.5mm<\/td><td class=\"column-5\">30\u00ba<\/td><td class=\"column-6\">40\u00ba<\/td>\n<\/tr>\n<tr class=\"row-21\">\n\t<td class=\"column-1\">MXR-161FB<\/td><td class=\"column-2\">160kV<\/td><td class=\"column-3\">4000W<\/td><td class=\"column-4\">5.5mm<\/td><td class=\"column-5\">20\u00ba<\/td><td class=\"column-6\">90\u00ba x 15\u00ba<\/td>\n<\/tr>\n<tr class=\"row-22\">\n\t<td class=\"column-1\">MXR-165<\/td><td class=\"column-2\">160kV<\/td><td class=\"column-3\">6000W<\/td><td class=\"column-4\">5.5mm<\/td><td class=\"column-5\">30\u00ba<\/td><td class=\"column-6\">45\u00ba<\/td>\n<\/tr>\n<tr class=\"row-23\">\n\t<td class=\"column-1\"><\/td><td class=\"column-2\"><\/td><td class=\"column-3\"><\/td><td class=\"column-4\"><\/td><td class=\"column-5\"><\/td><td class=\"column-6\"><\/td>\n<\/tr>\n<tr class=\"row-24\">\n\t<td class=\"column-1\">MXR-225\/01<\/td><td class=\"column-2\">225kV<\/td><td class=\"column-3\">320W<\/td><td class=\"column-4\">0.5mm<\/td><td class=\"column-5\">10\u00ba<\/td><td class=\"column-6\">40\u00ba x 30\u00ba<\/td>\n<\/tr>\n<tr class=\"row-25\">\n\t<td class=\"column-1\">MXR-225\/02FB<\/td><td class=\"column-2\">225kV<\/td><td class=\"column-3\">3000W<\/td><td class=\"column-4\">5.5mm<\/td><td class=\"column-5\">20\u00ba<\/td><td class=\"column-6\">90\u00ba x 30\u00ba<\/td>\n<\/tr>\n<tr class=\"row-26\">\n\t<td class=\"column-1\">MXR-225\/21<\/td><td class=\"column-2\">225kV<\/td><td class=\"column-3\">640W \/1600W<\/td><td class=\"column-4\">1.0\/3.0mm<\/td><td class=\"column-5\">20\u00ba<\/td><td class=\"column-6\">40\u00ba<\/td>\n<\/tr>\n<tr class=\"row-27\">\n\t<td class=\"column-1\">MXR-225\/22<\/td><td class=\"column-2\">225kV<\/td><td class=\"column-3\">640W \/3000W<\/td><td class=\"column-4\">1.0\/5.5mm<\/td><td class=\"column-5\">20\u00ba<\/td><td class=\"column-6\">40\u00ba<\/td>\n<\/tr>\n<tr class=\"row-28\">\n\t<td class=\"column-1\">MXR-225\/26<\/td><td class=\"column-2\">225kV<\/td><td class=\"column-3\">400W \/4500W<\/td><td class=\"column-4\">1.0\/5.0mm<\/td><td class=\"column-5\">30\u00ba<\/td><td class=\"column-6\">40\u00ba<\/td>\n<\/tr>\n<tr class=\"row-29\">\n\t<td class=\"column-1\">MXR-225HP\/11<\/td><td class=\"column-2\">225kV<\/td><td class=\"column-3\">800W \/1800W<\/td><td class=\"column-4\">0.4\/1.0mm<\/td><td class=\"column-5\">11\u00ba<\/td><td class=\"column-6\">40\u00ba x 30\u00ba<\/td>\n<\/tr>\n<tr class=\"row-30\">\n\t<td class=\"column-1\">MXR-225HP\/11FB<\/td><td class=\"column-2\">225kV<\/td><td class=\"column-3\">800W \/1800W<\/td><td class=\"column-4\">0.4\/1.0mm<\/td><td class=\"column-5\">11\u00ba<\/td><td class=\"column-6\">90\u00ba x 25\u00ba<\/td>\n<\/tr>\n<tr class=\"row-31\">\n\t<td class=\"column-1\">MXR-225HP\/VF<\/td><td class=\"column-2\">225kV<\/td><td class=\"column-3\">290W<br \/>\n540W<br \/>\n800W<br \/>\n1600W<\/td><td class=\"column-4\">0.25mm<br \/>\n0.3mm<br \/>\n0.5mm<br \/>\n0.8mm<\/td><td class=\"column-5\">11\u00ba<\/td><td class=\"column-6\">40\u00ba x 30\u00ba<\/td>\n<\/tr>\n<tr class=\"row-32\">\n\t<td class=\"column-1\"><\/td><td class=\"column-2\"><\/td><td class=\"column-3\"><\/td><td class=\"column-4\"><\/td><td class=\"column-5\"><\/td><td class=\"column-6\"><\/td>\n<\/tr>\n<tr class=\"row-33\">\n\t<td class=\"column-1\">MXR-226<\/td><td class=\"column-2\">225kV<\/td><td class=\"column-3\">3000W<\/td><td class=\"column-4\">7.5mm<\/td><td class=\"column-5\">30\u00ba<\/td><td class=\"column-6\">40\u00ba<\/td>\n<\/tr>\n<\/tbody>\n<tfoot>\n<tr class=\"row-34\">\n\t<th class=\"column-1\"><\/th><th class=\"column-2\"><\/th><th class=\"column-3\"><\/th><th class=\"column-4\"><\/th><th class=\"column-5\"><\/th><th class=\"column-6\"><\/th>\n<\/tr>\n<\/tfoot>\n<\/table>\n<!-- #tablepress-iXRS-1-FR from cache -->\n<\/div>\n","protected":false},"excerpt":{"rendered":"<p>Comet iXRS, Syst\u00e8mes Unipolaires \u00e0 Rayons-X Comet est le seul fabricant qui fabrique le g\u00e9n\u00e9rateur, tube \u00e0 rayons-x m\u00e9tal-c\u00e9ramique, refroidisseur et c\u00e2bles. Tous les syst\u00e8mes iXRS disposent d&rsquo;une connexion Internet pour le d\u00e9pannage \u00e0 distance. Les syst\u00e8mes unipolaires sont disponibles de 75kV \u00e0 225kV dans une vari\u00e9t\u00e9 de points focaux et puissance, sont approuv\u00e9s par [&hellip;]<\/p>\n","protected":false},"featured_media":29705,"template":"","meta":{"_monsterinsights_skip_tracking":false,"_monsterinsights_sitenote_active":false,"_monsterinsights_sitenote_note":"","_monsterinsights_sitenote_category":0},"product_brand":[],"product_cat":[394],"product_tag":[],"class_list":{"0":"post-4913","1":"product","2":"type-product","3":"status-publish","4":"has-post-thumbnail","6":"product_cat-comet-fr","8":"first","9":"instock","10":"shipping-taxable","11":"purchasable","12":"product-type-variable"},"yoast_head":"<!-- This site is optimized with the Yoast SEO plugin v23.9 - https:\/\/yoast.com\/wordpress\/plugins\/seo\/ -->\n<title>Comet iXRS, Syst\u00e8mes Unipolaires \u00e0 Rayons-X &#060; Qualit\u00e9 NDE<\/title>\n<meta name=\"description\" content=\"Disponibles de 75kV \u00e0 225kV dans une vari\u00e9t\u00e9 de points focaux et puissance, sont approuv\u00e9s par Sant\u00e9 Canada et rencontrent le RED Act.\" \/>\n<meta name=\"robots\" content=\"index, follow, max-snippet:-1, max-image-preview:large, max-video-preview:-1\" \/>\n<link rel=\"canonical\" href=\"https:\/\/www.qnde.ca\/fr\/produit\/ixrs-unipolaires\/\" \/>\n<meta name=\"twitter:label1\" content=\"Dur\u00e9e de lecture estim\u00e9e\" \/>\n\t<meta name=\"twitter:data1\" content=\"1 minute\" \/>\n<script type=\"application\/ld+json\" class=\"yoast-schema-graph\">{\"@context\":\"https:\/\/schema.org\",\"@graph\":[{\"@type\":[\"WebPage\",\"ItemPage\"],\"@id\":\"https:\/\/www.qnde.ca\/fr\/produit\/ixrs-unipolaires\/\",\"url\":\"https:\/\/www.qnde.ca\/fr\/produit\/ixrs-unipolaires\/\",\"name\":\"Comet iXRS, Syst\u00e8mes Unipolaires \u00e0 Rayons-X &#060; Qualit\u00e9 NDE\",\"isPartOf\":{\"@id\":\"https:\/\/www.qnde.ca\/#website\"},\"primaryImageOfPage\":{\"@id\":\"https:\/\/www.qnde.ca\/fr\/produit\/ixrs-unipolaires\/#primaryimage\"},\"image\":{\"@id\":\"https:\/\/www.qnde.ca\/fr\/produit\/ixrs-unipolaires\/#primaryimage\"},\"thumbnailUrl\":\"https:\/\/www.qnde.ca\/wp-content\/uploads\/2016\/01\/Comet-iVario-225-scaled.jpg\",\"datePublished\":\"2016-01-12T19:08:56+00:00\",\"dateModified\":\"2025-08-07T14:30:31+00:00\",\"description\":\"Disponibles de 75kV \u00e0 225kV dans une vari\u00e9t\u00e9 de points focaux et puissance, sont approuv\u00e9s par Sant\u00e9 Canada et rencontrent le RED Act.\",\"breadcrumb\":{\"@id\":\"https:\/\/www.qnde.ca\/fr\/produit\/ixrs-unipolaires\/#breadcrumb\"},\"inLanguage\":\"fr-FR\",\"potentialAction\":[{\"@type\":\"ReadAction\",\"target\":[\"https:\/\/www.qnde.ca\/fr\/produit\/ixrs-unipolaires\/\"]}]},{\"@type\":\"ImageObject\",\"inLanguage\":\"fr-FR\",\"@id\":\"https:\/\/www.qnde.ca\/fr\/produit\/ixrs-unipolaires\/#primaryimage\",\"url\":\"https:\/\/www.qnde.ca\/wp-content\/uploads\/2016\/01\/Comet-iVario-225-scaled.jpg\",\"contentUrl\":\"https:\/\/www.qnde.ca\/wp-content\/uploads\/2016\/01\/Comet-iVario-225-scaled.jpg\",\"width\":2048,\"height\":1088},{\"@type\":\"BreadcrumbList\",\"@id\":\"https:\/\/www.qnde.ca\/fr\/produit\/ixrs-unipolaires\/#breadcrumb\",\"itemListElement\":[{\"@type\":\"ListItem\",\"position\":1,\"name\":\"Accueil\",\"item\":\"https:\/\/www.qnde.ca\/fr\/\"},{\"@type\":\"ListItem\",\"position\":2,\"name\":\"Produits\",\"item\":\"https:\/\/www.qnde.ca\/fr\/produits\/\"},{\"@type\":\"ListItem\",\"position\":3,\"name\":\"Marques\",\"item\":\"https:\/\/www.qnde.ca\/fr\/product-category\/marques\/\"},{\"@type\":\"ListItem\",\"position\":4,\"name\":\"Comet\",\"item\":\"https:\/\/www.qnde.ca\/fr\/product-category\/marques\/comet-fr\/\"},{\"@type\":\"ListItem\",\"position\":5,\"name\":\"Comet iXRS, Syst\u00e8mes Unipolaires \u00e0 Rayons-X\"}]},{\"@type\":\"WebSite\",\"@id\":\"https:\/\/www.qnde.ca\/#website\",\"url\":\"https:\/\/www.qnde.ca\/\",\"name\":\"Qualit\u00e9 NDE\",\"description\":\"\u00c9quipements d&#039;essais non destructifs \",\"publisher\":{\"@id\":\"https:\/\/www.qnde.ca\/#organization\"},\"potentialAction\":[{\"@type\":\"SearchAction\",\"target\":{\"@type\":\"EntryPoint\",\"urlTemplate\":\"https:\/\/www.qnde.ca\/?s={search_term_string}\"},\"query-input\":{\"@type\":\"PropertyValueSpecification\",\"valueRequired\":true,\"valueName\":\"search_term_string\"}}],\"inLanguage\":\"fr-FR\"},{\"@type\":\"Organization\",\"@id\":\"https:\/\/www.qnde.ca\/#organization\",\"name\":\"Quality NDT Ltd.\",\"url\":\"https:\/\/www.qnde.ca\/\",\"logo\":{\"@type\":\"ImageObject\",\"inLanguage\":\"fr-FR\",\"@id\":\"https:\/\/www.qnde.ca\/#\/schema\/logo\/image\/\",\"url\":\"https:\/\/www.qnde.ca\/wp-content\/uploads\/2022\/02\/QNDE_logo_RGB-gif.gif\",\"contentUrl\":\"https:\/\/www.qnde.ca\/wp-content\/uploads\/2022\/02\/QNDE_logo_RGB-gif.gif\",\"width\":250,\"height\":64,\"caption\":\"Quality NDT Ltd.\"},\"image\":{\"@id\":\"https:\/\/www.qnde.ca\/#\/schema\/logo\/image\/\"},\"sameAs\":[\"https:\/\/www.linkedin.com\/company\/qnde\/about\/?viewAsMember=true\"]}]}<\/script>\n<!-- \/ Yoast SEO plugin. -->","yoast_head_json":{"title":"Comet iXRS, Syst\u00e8mes Unipolaires \u00e0 Rayons-X &#060; Qualit\u00e9 NDE","description":"Disponibles de 75kV \u00e0 225kV dans une vari\u00e9t\u00e9 de points focaux et puissance, sont approuv\u00e9s par Sant\u00e9 Canada et rencontrent le RED Act.","robots":{"index":"index","follow":"follow","max-snippet":"max-snippet:-1","max-image-preview":"max-image-preview:large","max-video-preview":"max-video-preview:-1"},"canonical":"https:\/\/www.qnde.ca\/fr\/produit\/ixrs-unipolaires\/","twitter_misc":{"Dur\u00e9e de lecture estim\u00e9e":"1 minute"},"schema":{"@context":"https:\/\/schema.org","@graph":[{"@type":["WebPage","ItemPage"],"@id":"https:\/\/www.qnde.ca\/fr\/produit\/ixrs-unipolaires\/","url":"https:\/\/www.qnde.ca\/fr\/produit\/ixrs-unipolaires\/","name":"Comet iXRS, Syst\u00e8mes Unipolaires \u00e0 Rayons-X &#060; Qualit\u00e9 NDE","isPartOf":{"@id":"https:\/\/www.qnde.ca\/#website"},"primaryImageOfPage":{"@id":"https:\/\/www.qnde.ca\/fr\/produit\/ixrs-unipolaires\/#primaryimage"},"image":{"@id":"https:\/\/www.qnde.ca\/fr\/produit\/ixrs-unipolaires\/#primaryimage"},"thumbnailUrl":"https:\/\/www.qnde.ca\/wp-content\/uploads\/2016\/01\/Comet-iVario-225-scaled.jpg","datePublished":"2016-01-12T19:08:56+00:00","dateModified":"2025-08-07T14:30:31+00:00","description":"Disponibles de 75kV \u00e0 225kV dans une vari\u00e9t\u00e9 de points focaux et puissance, sont approuv\u00e9s par Sant\u00e9 Canada et rencontrent le RED Act.","breadcrumb":{"@id":"https:\/\/www.qnde.ca\/fr\/produit\/ixrs-unipolaires\/#breadcrumb"},"inLanguage":"fr-FR","potentialAction":[{"@type":"ReadAction","target":["https:\/\/www.qnde.ca\/fr\/produit\/ixrs-unipolaires\/"]}]},{"@type":"ImageObject","inLanguage":"fr-FR","@id":"https:\/\/www.qnde.ca\/fr\/produit\/ixrs-unipolaires\/#primaryimage","url":"https:\/\/www.qnde.ca\/wp-content\/uploads\/2016\/01\/Comet-iVario-225-scaled.jpg","contentUrl":"https:\/\/www.qnde.ca\/wp-content\/uploads\/2016\/01\/Comet-iVario-225-scaled.jpg","width":2048,"height":1088},{"@type":"BreadcrumbList","@id":"https:\/\/www.qnde.ca\/fr\/produit\/ixrs-unipolaires\/#breadcrumb","itemListElement":[{"@type":"ListItem","position":1,"name":"Accueil","item":"https:\/\/www.qnde.ca\/fr\/"},{"@type":"ListItem","position":2,"name":"Produits","item":"https:\/\/www.qnde.ca\/fr\/produits\/"},{"@type":"ListItem","position":3,"name":"Marques","item":"https:\/\/www.qnde.ca\/fr\/product-category\/marques\/"},{"@type":"ListItem","position":4,"name":"Comet","item":"https:\/\/www.qnde.ca\/fr\/product-category\/marques\/comet-fr\/"},{"@type":"ListItem","position":5,"name":"Comet iXRS, Syst\u00e8mes Unipolaires \u00e0 Rayons-X"}]},{"@type":"WebSite","@id":"https:\/\/www.qnde.ca\/#website","url":"https:\/\/www.qnde.ca\/","name":"Qualit\u00e9 NDE","description":"\u00c9quipements d&#039;essais non destructifs ","publisher":{"@id":"https:\/\/www.qnde.ca\/#organization"},"potentialAction":[{"@type":"SearchAction","target":{"@type":"EntryPoint","urlTemplate":"https:\/\/www.qnde.ca\/?s={search_term_string}"},"query-input":{"@type":"PropertyValueSpecification","valueRequired":true,"valueName":"search_term_string"}}],"inLanguage":"fr-FR"},{"@type":"Organization","@id":"https:\/\/www.qnde.ca\/#organization","name":"Quality NDT Ltd.","url":"https:\/\/www.qnde.ca\/","logo":{"@type":"ImageObject","inLanguage":"fr-FR","@id":"https:\/\/www.qnde.ca\/#\/schema\/logo\/image\/","url":"https:\/\/www.qnde.ca\/wp-content\/uploads\/2022\/02\/QNDE_logo_RGB-gif.gif","contentUrl":"https:\/\/www.qnde.ca\/wp-content\/uploads\/2022\/02\/QNDE_logo_RGB-gif.gif","width":250,"height":64,"caption":"Quality NDT Ltd."},"image":{"@id":"https:\/\/www.qnde.ca\/#\/schema\/logo\/image\/"},"sameAs":["https:\/\/www.linkedin.com\/company\/qnde\/about\/?viewAsMember=true"]}]}},"jetpack_sharing_enabled":true,"_links":{"self":[{"href":"https:\/\/www.qnde.ca\/fr\/wp-json\/wp\/v2\/product\/4913","targetHints":{"allow":["GET"]}}],"collection":[{"href":"https:\/\/www.qnde.ca\/fr\/wp-json\/wp\/v2\/product"}],"about":[{"href":"https:\/\/www.qnde.ca\/fr\/wp-json\/wp\/v2\/types\/product"}],"wp:featuredmedia":[{"embeddable":true,"href":"https:\/\/www.qnde.ca\/fr\/wp-json\/wp\/v2\/media\/29705"}],"wp:attachment":[{"href":"https:\/\/www.qnde.ca\/fr\/wp-json\/wp\/v2\/media?parent=4913"}],"wp:term":[{"taxonomy":"product_brand","embeddable":true,"href":"https:\/\/www.qnde.ca\/fr\/wp-json\/wp\/v2\/product_brand?post=4913"},{"taxonomy":"product_cat","embeddable":true,"href":"https:\/\/www.qnde.ca\/fr\/wp-json\/wp\/v2\/product_cat?post=4913"},{"taxonomy":"product_tag","embeddable":true,"href":"https:\/\/www.qnde.ca\/fr\/wp-json\/wp\/v2\/product_tag?post=4913"}],"curies":[{"name":"wp","href":"https:\/\/api.w.org\/{rel}","templated":true}]}}