{"id":4911,"date":"2016-01-12T19:04:55","date_gmt":"2016-01-12T19:04:55","guid":{"rendered":"https:\/\/www.qnde.ca\/?post_type=product&#038;p=4911"},"modified":"2025-08-07T10:23:37","modified_gmt":"2025-08-07T14:23:37","slug":"comet-evo-systeme-portatif-refroidi-air","status":"publish","type":"product","link":"https:\/\/www.qnde.ca\/fr\/produit\/comet-evo-systeme-portatif-refroidi-air\/","title":{"rendered":"Comet EVO, Syst\u00e8me \u00e0 Rayons-X Portatif \u2013 Refroidi \u00e0 l\u2019Air"},"content":{"rendered":"<h3><strong>Comet EVO, Syst\u00e8me \u00e0 Rayons-X Portatif \u2013 Refroidi \u00e0 l\u2019Air<\/strong><\/h3>\n<p>Les syst\u00e8mes \u00e0 rayons-x portatif de Comet sont compacts et IP65 pour tous les types d\u2019environnements industriels et viennent avec une garantie COMPL\u00c8TE de 2 ans. Disponible de 160kV \u00e0 300kV, ils sont approuv\u00e9s Sant\u00e9 Canada et rencontrent le RED Act.<\/p>\n<p>Le contr\u00f4leur ergonomique EVO est certifi\u00e9 IP66 et muni d\u2019un \u00e9cran couleur \u00e0 contraste \u00e9lev\u00e9 de 6.5&Prime; (165mm). Il dispose d&rsquo;une calculatrice d&rsquo;exposition et d&rsquo;une interface intuitive avec une grande gamme de fonctionnalit\u00e9s avanc\u00e9es. Compatibles avec les anciens syst\u00e8mes \u00e0 rayons-x portables PXS, ils disposent d&rsquo;une connexion Internet pour le d\u00e9pannage \u00e0 distance.<\/p>\n<p>Contactez-nous afin de discuter de votre application, de vos exigences, des options disponibles et\/ou recevoir une soumission.<\/p>\n\n<table id=\"tablepress-EVO-FR\" class=\"tablepress tablepress-id-EVO-FR\">\n<thead>\n<tr class=\"row-1\">\n\t<th class=\"column-1\">Mod\u00e8le<\/th><th class=\"column-2\">kV<\/th><th class=\"column-3\">Puissance du tube<\/th><th class=\"column-4\">Poids<\/th><th class=\"column-5\">Point focal EN 12543<\/th><th class=\"column-6\">Couverture du rayonnement<\/th>\n<\/tr>\n<\/thead>\n<tbody class=\"row-striping row-hover\">\n<tr class=\"row-2\">\n\t<td class=\"column-1\">PXS EVO 160D<\/td><td class=\"column-2\">160kV<\/td><td class=\"column-3\">750W<\/td><td class=\"column-4\">48.4lb (22kg)<\/td><td class=\"column-5\">1.0mm<\/td><td class=\"column-6\">40\u00ba x 60\u00ba<\/td>\n<\/tr>\n<tr class=\"row-3\">\n\t<td class=\"column-1\">PXS EVO 200D<\/td><td class=\"column-2\">200kV<\/td><td class=\"column-3\">750W<\/td><td class=\"column-4\">50.6lb (23kg)<\/td><td class=\"column-5\">1.0mm<\/td><td class=\"column-6\">40\u00ba x 60\u00ba<\/td>\n<\/tr>\n<tr class=\"row-4\">\n\t<td class=\"column-1\">PXS EVO 225DS<\/td><td class=\"column-2\">225kV<\/td><td class=\"column-3\">900W<\/td><td class=\"column-4\">57.2lb (26kg)<\/td><td class=\"column-5\">1.0mm<\/td><td class=\"column-6\">30\u00ba x 60\u00ba<\/td>\n<\/tr>\n<tr class=\"row-5\">\n\t<td class=\"column-1\">PXS EVO 225D<\/td><td class=\"column-2\">225kV<\/td><td class=\"column-3\">900W<\/td><td class=\"column-4\">57.2lb (26kg)<\/td><td class=\"column-5\">3.0mm<\/td><td class=\"column-6\">40\u00ba x 60\u00ba<\/td>\n<\/tr>\n<tr class=\"row-6\">\n\t<td class=\"column-1\">PXS EVO 225D\/1200<\/td><td class=\"column-2\">225kV<\/td><td class=\"column-3\">1200W<\/td><td class=\"column-4\">61.7lb (28kg)<\/td><td class=\"column-5\">3.0mm<\/td><td class=\"column-6\">40\u00ba x 60\u00ba<\/td>\n<\/tr>\n<tr class=\"row-7\">\n\t<td class=\"column-1\">PXS EVO 300DS<\/td><td class=\"column-2\">300kV<\/td><td class=\"column-3\">900W<\/td><td class=\"column-4\">63.8lb (29kg)<\/td><td class=\"column-5\">1.0mm<\/td><td class=\"column-6\">30\u00ba x 60\u00ba<\/td>\n<\/tr>\n<tr class=\"row-8\">\n\t<td class=\"column-1\">PXS EVO 300D<\/td><td class=\"column-2\">300kV<\/td><td class=\"column-3\">900W<\/td><td class=\"column-4\">63.8lb (29kg)<\/td><td class=\"column-5\">3.0mm<\/td><td class=\"column-6\">40\u00ba x 60\u00ba<\/td>\n<\/tr>\n<tr class=\"row-9\">\n\t<td class=\"column-1\"><\/td><td class=\"column-2\"><\/td><td class=\"column-3\"><\/td><td class=\"column-4\"><\/td><td class=\"column-5\"><\/td><td class=\"column-6\"><\/td>\n<\/tr>\n<tr class=\"row-10\">\n\t<td class=\"column-1\">PXS EVO 200P<\/td><td class=\"column-2\">200kV<\/td><td class=\"column-3\">750W<\/td><td class=\"column-4\">61.7lb (28kg)<\/td><td class=\"column-5\">0.4 x 4.0mm<\/td><td class=\"column-6\">38\u00ba x 360\u00ba<\/td>\n<\/tr>\n<tr class=\"row-11\">\n\t<td class=\"column-1\">PXS EVO 300P<\/td><td class=\"column-2\">300kV<\/td><td class=\"column-3\">750W<\/td><td class=\"column-4\">79.2lb (36kg)<\/td><td class=\"column-5\">0.5 x 5.5mm<\/td><td class=\"column-6\">38\u00ba x 360\u00ba<\/td>\n<\/tr>\n<\/tbody>\n<tfoot>\n<tr class=\"row-12\">\n\t<th class=\"column-1\"><\/th><th class=\"column-2\"><\/th><th class=\"column-3\"><\/th><th class=\"column-4\"><\/th><th class=\"column-5\"><\/th><th class=\"column-6\"><\/th>\n<\/tr>\n<\/tfoot>\n<\/table>\n\n<p>Accessoire<\/p>\n<ul>\n<li><a href=\"https:\/\/www.qnde.ca\/fr\/produit\/lampe-alarme-perimetre-securite\/\">QPWL-EVO<\/a>: Lampe et alarme sonore pour p\u00e9rim\u00e8tre de s\u00e9curit\u00e9 \u2013 R\u00e9sistante aux chocs et \u00e9tanche \u00e0 l\u2019eau \u2013 Pour syst\u00e8me Comet EVO.<\/li>\n<\/ul>\n","protected":false},"excerpt":{"rendered":"<p>Comet EVO, Syst\u00e8me \u00e0 Rayons-X Portatif \u2013 Refroidi \u00e0 l\u2019Air Les syst\u00e8mes \u00e0 rayons-x portatif de Comet sont compacts et IP65 pour tous les types d\u2019environnements industriels et viennent avec une garantie COMPL\u00c8TE de 2 ans. Disponible de 160kV \u00e0 300kV, ils sont approuv\u00e9s Sant\u00e9 Canada et rencontrent le RED Act. Le contr\u00f4leur ergonomique EVO [&hellip;]<\/p>\n","protected":false},"featured_media":4912,"template":"","meta":{"_monsterinsights_skip_tracking":false,"_monsterinsights_sitenote_active":false,"_monsterinsights_sitenote_note":"","_monsterinsights_sitenote_category":0},"product_brand":[],"product_cat":[394],"product_tag":[],"class_list":{"0":"post-4911","1":"product","2":"type-product","3":"status-publish","4":"has-post-thumbnail","6":"product_cat-comet-fr","8":"first","9":"instock","10":"shipping-taxable","11":"purchasable","12":"product-type-variable"},"yoast_head":"<!-- This site is optimized with the Yoast SEO plugin v23.9 - https:\/\/yoast.com\/wordpress\/plugins\/seo\/ -->\n<title>Comet EVO, Syst\u00e8me \u00e0 Rayons-X Portatif \u2013 Refroidi \u00e0 l\u2019Air &#060; Qualit\u00e9 NDE<\/title>\n<meta name=\"description\" content=\"Compacts et certifi\u00e9s IP65 avec une garantie compl\u00e8te de 2 ans. Approuv\u00e9s Sant\u00e9 Canada et rencontrent le RED Act. Contr\u00f4leur int\u00e9gr\u00e9 certifi\u00e9 IP66.\" \/>\n<meta name=\"robots\" content=\"index, follow, max-snippet:-1, max-image-preview:large, max-video-preview:-1\" \/>\n<link rel=\"canonical\" href=\"https:\/\/www.qnde.ca\/fr\/produit\/comet-evo-systeme-portatif-refroidi-air\/\" \/>\n<meta name=\"twitter:label1\" content=\"Dur\u00e9e de lecture estim\u00e9e\" \/>\n\t<meta name=\"twitter:data1\" content=\"1 minute\" \/>\n<script type=\"application\/ld+json\" class=\"yoast-schema-graph\">{\"@context\":\"https:\/\/schema.org\",\"@graph\":[{\"@type\":[\"WebPage\",\"ItemPage\"],\"@id\":\"https:\/\/www.qnde.ca\/fr\/produit\/comet-evo-systeme-portatif-refroidi-air\/\",\"url\":\"https:\/\/www.qnde.ca\/fr\/produit\/comet-evo-systeme-portatif-refroidi-air\/\",\"name\":\"Comet EVO, Syst\u00e8me \u00e0 Rayons-X Portatif \u2013 Refroidi \u00e0 l\u2019Air &#060; Qualit\u00e9 NDE\",\"isPartOf\":{\"@id\":\"https:\/\/www.qnde.ca\/#website\"},\"primaryImageOfPage\":{\"@id\":\"https:\/\/www.qnde.ca\/fr\/produit\/comet-evo-systeme-portatif-refroidi-air\/#primaryimage\"},\"image\":{\"@id\":\"https:\/\/www.qnde.ca\/fr\/produit\/comet-evo-systeme-portatif-refroidi-air\/#primaryimage\"},\"thumbnailUrl\":\"https:\/\/www.qnde.ca\/wp-content\/uploads\/2016\/01\/Tubes-portatifs----rayons-X-COMET-160-kV-200-kV-225-kV-and-300-kV.jpg\",\"datePublished\":\"2016-01-12T19:04:55+00:00\",\"dateModified\":\"2025-08-07T14:23:37+00:00\",\"description\":\"Compacts et certifi\u00e9s IP65 avec une garantie compl\u00e8te de 2 ans. Approuv\u00e9s Sant\u00e9 Canada et rencontrent le RED Act. Contr\u00f4leur int\u00e9gr\u00e9 certifi\u00e9 IP66.\",\"breadcrumb\":{\"@id\":\"https:\/\/www.qnde.ca\/fr\/produit\/comet-evo-systeme-portatif-refroidi-air\/#breadcrumb\"},\"inLanguage\":\"fr-FR\",\"potentialAction\":[{\"@type\":\"ReadAction\",\"target\":[\"https:\/\/www.qnde.ca\/fr\/produit\/comet-evo-systeme-portatif-refroidi-air\/\"]}]},{\"@type\":\"ImageObject\",\"inLanguage\":\"fr-FR\",\"@id\":\"https:\/\/www.qnde.ca\/fr\/produit\/comet-evo-systeme-portatif-refroidi-air\/#primaryimage\",\"url\":\"https:\/\/www.qnde.ca\/wp-content\/uploads\/2016\/01\/Tubes-portatifs----rayons-X-COMET-160-kV-200-kV-225-kV-and-300-kV.jpg\",\"contentUrl\":\"https:\/\/www.qnde.ca\/wp-content\/uploads\/2016\/01\/Tubes-portatifs----rayons-X-COMET-160-kV-200-kV-225-kV-and-300-kV.jpg\",\"width\":200,\"height\":267},{\"@type\":\"BreadcrumbList\",\"@id\":\"https:\/\/www.qnde.ca\/fr\/produit\/comet-evo-systeme-portatif-refroidi-air\/#breadcrumb\",\"itemListElement\":[{\"@type\":\"ListItem\",\"position\":1,\"name\":\"Accueil\",\"item\":\"https:\/\/www.qnde.ca\/fr\/\"},{\"@type\":\"ListItem\",\"position\":2,\"name\":\"Produits\",\"item\":\"https:\/\/www.qnde.ca\/fr\/produits\/\"},{\"@type\":\"ListItem\",\"position\":3,\"name\":\"Marques\",\"item\":\"https:\/\/www.qnde.ca\/fr\/product-category\/marques\/\"},{\"@type\":\"ListItem\",\"position\":4,\"name\":\"Comet\",\"item\":\"https:\/\/www.qnde.ca\/fr\/product-category\/marques\/comet-fr\/\"},{\"@type\":\"ListItem\",\"position\":5,\"name\":\"Comet EVO, Syst\u00e8me \u00e0 Rayons-X Portatif \u2013 Refroidi \u00e0 l\u2019Air\"}]},{\"@type\":\"WebSite\",\"@id\":\"https:\/\/www.qnde.ca\/#website\",\"url\":\"https:\/\/www.qnde.ca\/\",\"name\":\"Qualit\u00e9 NDE\",\"description\":\"\u00c9quipements d&#039;essais non destructifs \",\"publisher\":{\"@id\":\"https:\/\/www.qnde.ca\/#organization\"},\"potentialAction\":[{\"@type\":\"SearchAction\",\"target\":{\"@type\":\"EntryPoint\",\"urlTemplate\":\"https:\/\/www.qnde.ca\/?s={search_term_string}\"},\"query-input\":{\"@type\":\"PropertyValueSpecification\",\"valueRequired\":true,\"valueName\":\"search_term_string\"}}],\"inLanguage\":\"fr-FR\"},{\"@type\":\"Organization\",\"@id\":\"https:\/\/www.qnde.ca\/#organization\",\"name\":\"Quality NDT Ltd.\",\"url\":\"https:\/\/www.qnde.ca\/\",\"logo\":{\"@type\":\"ImageObject\",\"inLanguage\":\"fr-FR\",\"@id\":\"https:\/\/www.qnde.ca\/#\/schema\/logo\/image\/\",\"url\":\"https:\/\/www.qnde.ca\/wp-content\/uploads\/2022\/02\/QNDE_logo_RGB-gif.gif\",\"contentUrl\":\"https:\/\/www.qnde.ca\/wp-content\/uploads\/2022\/02\/QNDE_logo_RGB-gif.gif\",\"width\":250,\"height\":64,\"caption\":\"Quality NDT Ltd.\"},\"image\":{\"@id\":\"https:\/\/www.qnde.ca\/#\/schema\/logo\/image\/\"},\"sameAs\":[\"https:\/\/www.linkedin.com\/company\/qnde\/about\/?viewAsMember=true\"]}]}<\/script>\n<!-- \/ Yoast SEO plugin. -->","yoast_head_json":{"title":"Comet EVO, Syst\u00e8me \u00e0 Rayons-X Portatif \u2013 Refroidi \u00e0 l\u2019Air &#060; Qualit\u00e9 NDE","description":"Compacts et certifi\u00e9s IP65 avec une garantie compl\u00e8te de 2 ans. Approuv\u00e9s Sant\u00e9 Canada et rencontrent le RED Act. Contr\u00f4leur int\u00e9gr\u00e9 certifi\u00e9 IP66.","robots":{"index":"index","follow":"follow","max-snippet":"max-snippet:-1","max-image-preview":"max-image-preview:large","max-video-preview":"max-video-preview:-1"},"canonical":"https:\/\/www.qnde.ca\/fr\/produit\/comet-evo-systeme-portatif-refroidi-air\/","twitter_misc":{"Dur\u00e9e de lecture estim\u00e9e":"1 minute"},"schema":{"@context":"https:\/\/schema.org","@graph":[{"@type":["WebPage","ItemPage"],"@id":"https:\/\/www.qnde.ca\/fr\/produit\/comet-evo-systeme-portatif-refroidi-air\/","url":"https:\/\/www.qnde.ca\/fr\/produit\/comet-evo-systeme-portatif-refroidi-air\/","name":"Comet EVO, Syst\u00e8me \u00e0 Rayons-X Portatif \u2013 Refroidi \u00e0 l\u2019Air &#060; Qualit\u00e9 NDE","isPartOf":{"@id":"https:\/\/www.qnde.ca\/#website"},"primaryImageOfPage":{"@id":"https:\/\/www.qnde.ca\/fr\/produit\/comet-evo-systeme-portatif-refroidi-air\/#primaryimage"},"image":{"@id":"https:\/\/www.qnde.ca\/fr\/produit\/comet-evo-systeme-portatif-refroidi-air\/#primaryimage"},"thumbnailUrl":"https:\/\/www.qnde.ca\/wp-content\/uploads\/2016\/01\/Tubes-portatifs----rayons-X-COMET-160-kV-200-kV-225-kV-and-300-kV.jpg","datePublished":"2016-01-12T19:04:55+00:00","dateModified":"2025-08-07T14:23:37+00:00","description":"Compacts et certifi\u00e9s IP65 avec une garantie compl\u00e8te de 2 ans. Approuv\u00e9s Sant\u00e9 Canada et rencontrent le RED Act. Contr\u00f4leur int\u00e9gr\u00e9 certifi\u00e9 IP66.","breadcrumb":{"@id":"https:\/\/www.qnde.ca\/fr\/produit\/comet-evo-systeme-portatif-refroidi-air\/#breadcrumb"},"inLanguage":"fr-FR","potentialAction":[{"@type":"ReadAction","target":["https:\/\/www.qnde.ca\/fr\/produit\/comet-evo-systeme-portatif-refroidi-air\/"]}]},{"@type":"ImageObject","inLanguage":"fr-FR","@id":"https:\/\/www.qnde.ca\/fr\/produit\/comet-evo-systeme-portatif-refroidi-air\/#primaryimage","url":"https:\/\/www.qnde.ca\/wp-content\/uploads\/2016\/01\/Tubes-portatifs----rayons-X-COMET-160-kV-200-kV-225-kV-and-300-kV.jpg","contentUrl":"https:\/\/www.qnde.ca\/wp-content\/uploads\/2016\/01\/Tubes-portatifs----rayons-X-COMET-160-kV-200-kV-225-kV-and-300-kV.jpg","width":200,"height":267},{"@type":"BreadcrumbList","@id":"https:\/\/www.qnde.ca\/fr\/produit\/comet-evo-systeme-portatif-refroidi-air\/#breadcrumb","itemListElement":[{"@type":"ListItem","position":1,"name":"Accueil","item":"https:\/\/www.qnde.ca\/fr\/"},{"@type":"ListItem","position":2,"name":"Produits","item":"https:\/\/www.qnde.ca\/fr\/produits\/"},{"@type":"ListItem","position":3,"name":"Marques","item":"https:\/\/www.qnde.ca\/fr\/product-category\/marques\/"},{"@type":"ListItem","position":4,"name":"Comet","item":"https:\/\/www.qnde.ca\/fr\/product-category\/marques\/comet-fr\/"},{"@type":"ListItem","position":5,"name":"Comet EVO, Syst\u00e8me \u00e0 Rayons-X Portatif \u2013 Refroidi \u00e0 l\u2019Air"}]},{"@type":"WebSite","@id":"https:\/\/www.qnde.ca\/#website","url":"https:\/\/www.qnde.ca\/","name":"Qualit\u00e9 NDE","description":"\u00c9quipements d&#039;essais non destructifs ","publisher":{"@id":"https:\/\/www.qnde.ca\/#organization"},"potentialAction":[{"@type":"SearchAction","target":{"@type":"EntryPoint","urlTemplate":"https:\/\/www.qnde.ca\/?s={search_term_string}"},"query-input":{"@type":"PropertyValueSpecification","valueRequired":true,"valueName":"search_term_string"}}],"inLanguage":"fr-FR"},{"@type":"Organization","@id":"https:\/\/www.qnde.ca\/#organization","name":"Quality NDT Ltd.","url":"https:\/\/www.qnde.ca\/","logo":{"@type":"ImageObject","inLanguage":"fr-FR","@id":"https:\/\/www.qnde.ca\/#\/schema\/logo\/image\/","url":"https:\/\/www.qnde.ca\/wp-content\/uploads\/2022\/02\/QNDE_logo_RGB-gif.gif","contentUrl":"https:\/\/www.qnde.ca\/wp-content\/uploads\/2022\/02\/QNDE_logo_RGB-gif.gif","width":250,"height":64,"caption":"Quality NDT Ltd."},"image":{"@id":"https:\/\/www.qnde.ca\/#\/schema\/logo\/image\/"},"sameAs":["https:\/\/www.linkedin.com\/company\/qnde\/about\/?viewAsMember=true"]}]}},"jetpack_sharing_enabled":true,"_links":{"self":[{"href":"https:\/\/www.qnde.ca\/fr\/wp-json\/wp\/v2\/product\/4911","targetHints":{"allow":["GET"]}}],"collection":[{"href":"https:\/\/www.qnde.ca\/fr\/wp-json\/wp\/v2\/product"}],"about":[{"href":"https:\/\/www.qnde.ca\/fr\/wp-json\/wp\/v2\/types\/product"}],"wp:featuredmedia":[{"embeddable":true,"href":"https:\/\/www.qnde.ca\/fr\/wp-json\/wp\/v2\/media\/4912"}],"wp:attachment":[{"href":"https:\/\/www.qnde.ca\/fr\/wp-json\/wp\/v2\/media?parent=4911"}],"wp:term":[{"taxonomy":"product_brand","embeddable":true,"href":"https:\/\/www.qnde.ca\/fr\/wp-json\/wp\/v2\/product_brand?post=4911"},{"taxonomy":"product_cat","embeddable":true,"href":"https:\/\/www.qnde.ca\/fr\/wp-json\/wp\/v2\/product_cat?post=4911"},{"taxonomy":"product_tag","embeddable":true,"href":"https:\/\/www.qnde.ca\/fr\/wp-json\/wp\/v2\/product_tag?post=4911"}],"curies":[{"name":"wp","href":"https:\/\/api.w.org\/{rel}","templated":true}]}}