{"id":4891,"date":"2016-01-12T18:20:18","date_gmt":"2016-01-12T18:20:18","guid":{"rendered":"https:\/\/www.qnde.ca\/?post_type=product&#038;p=4891"},"modified":"2025-08-20T11:05:59","modified_gmt":"2025-08-20T15:05:59","slug":"bloc-paliers-multiples","status":"publish","type":"product","link":"https:\/\/www.qnde.ca\/fr\/produit\/bloc-paliers-multiples\/","title":{"rendered":"Bloc \u00e0 Paliers Multiples"},"content":{"rendered":"<h3><strong>Bloc \u00e0 Paliers Multiples<\/strong><\/h3>\n<p>Utilis\u00e9 pour l\u2019\u00e9talonnage du syst\u00e8me de radiographie et l\u2019\u00e9valuation des techniques. Les blocs standards sont 25.4mm de haut x 57.2mm de large (1&Prime; de haut x 2.25&Prime; de large), avec 4, 8 ou 16 paliers.<\/p>\n<p>Mat\u00e9riaux standards disponibles: Aluminium (6061), Laiton, Cobalt, Cuivre, Cupro-Nickel, Hastelloy (C ou X), Inconel (600, 625 ou 718), Magn\u00e9sium, Monel, Nickel, Stainless (304), Acier (1018) et Titane.<\/p>\n<p>Ci-dessous, les blocs les plus communs:<\/p>\n<ul>\n<li>QPZ-2500: bloc d\u2019\u00e9paisseur. 8 paliers (3.18mm H x 19.05mm L x 152.4mm P (0.125&Prime; H x 0.750&Prime; L x 6.0&Prime; P)), Aluminium.<\/li>\n<li>QPZ-2501: bloc d\u2019\u00e9paisseur. 16 paliers (1.57mm H x 12.7mm L x 203.2mm P (0.062&Prime; H, 0.500&Prime; L x 8.0&Prime; P)), Aluminium.<\/li>\n<li>QPZ-2304: bloc d\u2019\u00e9paisseur. 4 paliers (6.35mm H x 19.05mm L x 76.2mm P (0.250&Prime; H, 0.750&Prime; L x 3.0&Prime; P)), Stainless.<\/li>\n<li>QPZ-2300: bloc d\u2019\u00e9paisseur. 8 paliers (3.18mm H x 19.05mm L x 152.4mm P (0.125&Prime; H, 0.750&Prime; L x 6.0&Prime; P)), Stainless.<\/li>\n<li>QPZ-2301: bloc d\u2019\u00e9paisseur. 16 paliers (1.57mm H x 12.7mm L x 203.2mm P (0.062&Prime; H, 0.500&Prime; L x 8.0&Prime; P)), Stainless.<\/li>\n<li>QPZ-2401: bloc d\u2019\u00e9paisseur. 16 paliers (1.57mm H x 12.7mm L x 203.2mm P (0.062&Prime; H, 0.500&Prime; L x 8.0&Prime; P)), Acier.<\/li>\n<\/ul>\n<p>Contactez-nous pour discuter des mat\u00e9riaux, options et\/ou recevoir une soumission.<\/p>\n","protected":false},"excerpt":{"rendered":"<p>Bloc \u00e0 Paliers Multiples Utilis\u00e9 pour l\u2019\u00e9talonnage du syst\u00e8me de radiographie et l\u2019\u00e9valuation des techniques. Les blocs standards sont 25.4mm de haut x 57.2mm de large (1&Prime; de haut x 2.25&Prime; de large), avec 4, 8 ou 16 paliers. Mat\u00e9riaux standards disponibles: Aluminium (6061), Laiton, Cobalt, Cuivre, Cupro-Nickel, Hastelloy (C ou X), Inconel (600, 625 [&hellip;]<\/p>\n","protected":false},"featured_media":20114,"template":"","meta":{"_monsterinsights_skip_tracking":false,"_monsterinsights_sitenote_active":false,"_monsterinsights_sitenote_note":"","_monsterinsights_sitenote_category":0},"product_brand":[],"product_cat":[402,144],"product_tag":[],"class_list":{"0":"post-4891","1":"product","2":"type-product","3":"status-publish","4":"has-post-thumbnail","6":"product_cat-autres-marques","7":"product_cat-accessoires-exposition","9":"first","10":"instock","11":"shipping-taxable","12":"purchasable","13":"product-type-variable"},"yoast_head":"<!-- This site is optimized with the Yoast SEO plugin v23.9 - https:\/\/yoast.com\/wordpress\/plugins\/seo\/ -->\n<title>Bloc \u00e0 Paliers Multiples &#060; Qualit\u00e9 NDE<\/title>\n<meta name=\"description\" content=\"Blocs \u00e0 paliers multiples pour l\u2019\u00e9talonnage en radiographie. Disponibles en 4, 8 ou 16 paliers, en aluminium, acier, inox, titane et autres alliages.\" \/>\n<meta name=\"robots\" content=\"index, follow, max-snippet:-1, max-image-preview:large, max-video-preview:-1\" \/>\n<link rel=\"canonical\" href=\"https:\/\/www.qnde.ca\/fr\/produit\/bloc-paliers-multiples\/\" \/>\n<meta name=\"twitter:label1\" content=\"Dur\u00e9e de lecture estim\u00e9e\" \/>\n\t<meta name=\"twitter:data1\" content=\"2 minutes\" \/>\n<script type=\"application\/ld+json\" class=\"yoast-schema-graph\">{\"@context\":\"https:\/\/schema.org\",\"@graph\":[{\"@type\":[\"WebPage\",\"ItemPage\"],\"@id\":\"https:\/\/www.qnde.ca\/fr\/produit\/bloc-paliers-multiples\/\",\"url\":\"https:\/\/www.qnde.ca\/fr\/produit\/bloc-paliers-multiples\/\",\"name\":\"Bloc \u00e0 Paliers Multiples &#060; Qualit\u00e9 NDE\",\"isPartOf\":{\"@id\":\"https:\/\/www.qnde.ca\/#website\"},\"primaryImageOfPage\":{\"@id\":\"https:\/\/www.qnde.ca\/fr\/produit\/bloc-paliers-multiples\/#primaryimage\"},\"image\":{\"@id\":\"https:\/\/www.qnde.ca\/fr\/produit\/bloc-paliers-multiples\/#primaryimage\"},\"thumbnailUrl\":\"https:\/\/www.qnde.ca\/wp-content\/uploads\/2021\/06\/Step-Wedges-blocks-for-Industrial-X-Rays-\u2013-Cupro-Nickel-8-steps-shown.jpg\",\"datePublished\":\"2016-01-12T18:20:18+00:00\",\"dateModified\":\"2025-08-20T15:05:59+00:00\",\"description\":\"Blocs \u00e0 paliers multiples pour l\u2019\u00e9talonnage en radiographie. Disponibles en 4, 8 ou 16 paliers, en aluminium, acier, inox, titane et autres alliages.\",\"breadcrumb\":{\"@id\":\"https:\/\/www.qnde.ca\/fr\/produit\/bloc-paliers-multiples\/#breadcrumb\"},\"inLanguage\":\"fr-FR\",\"potentialAction\":[{\"@type\":\"ReadAction\",\"target\":[\"https:\/\/www.qnde.ca\/fr\/produit\/bloc-paliers-multiples\/\"]}]},{\"@type\":\"ImageObject\",\"inLanguage\":\"fr-FR\",\"@id\":\"https:\/\/www.qnde.ca\/fr\/produit\/bloc-paliers-multiples\/#primaryimage\",\"url\":\"https:\/\/www.qnde.ca\/wp-content\/uploads\/2021\/06\/Step-Wedges-blocks-for-Industrial-X-Rays-\u2013-Cupro-Nickel-8-steps-shown.jpg\",\"contentUrl\":\"https:\/\/www.qnde.ca\/wp-content\/uploads\/2021\/06\/Step-Wedges-blocks-for-Industrial-X-Rays-\u2013-Cupro-Nickel-8-steps-shown.jpg\",\"width\":600,\"height\":600,\"caption\":\"Step Wedges (blocks) for Industrial X-Rays \u2013 Cupro-Nickel 8 steps shown\"},{\"@type\":\"BreadcrumbList\",\"@id\":\"https:\/\/www.qnde.ca\/fr\/produit\/bloc-paliers-multiples\/#breadcrumb\",\"itemListElement\":[{\"@type\":\"ListItem\",\"position\":1,\"name\":\"Accueil\",\"item\":\"https:\/\/www.qnde.ca\/fr\/\"},{\"@type\":\"ListItem\",\"position\":2,\"name\":\"Produits\",\"item\":\"https:\/\/www.qnde.ca\/fr\/produits\/\"},{\"@type\":\"ListItem\",\"position\":3,\"name\":\"Marques\",\"item\":\"https:\/\/www.qnde.ca\/fr\/product-category\/marques\/\"},{\"@type\":\"ListItem\",\"position\":4,\"name\":\"Autres Marques\",\"item\":\"https:\/\/www.qnde.ca\/fr\/product-category\/marques\/autres-marques\/\"},{\"@type\":\"ListItem\",\"position\":5,\"name\":\"Bloc \u00e0 Paliers Multiples\"}]},{\"@type\":\"WebSite\",\"@id\":\"https:\/\/www.qnde.ca\/#website\",\"url\":\"https:\/\/www.qnde.ca\/\",\"name\":\"Qualit\u00e9 NDE\",\"description\":\"\u00c9quipements d&#039;essais non destructifs \",\"publisher\":{\"@id\":\"https:\/\/www.qnde.ca\/#organization\"},\"potentialAction\":[{\"@type\":\"SearchAction\",\"target\":{\"@type\":\"EntryPoint\",\"urlTemplate\":\"https:\/\/www.qnde.ca\/?s={search_term_string}\"},\"query-input\":{\"@type\":\"PropertyValueSpecification\",\"valueRequired\":true,\"valueName\":\"search_term_string\"}}],\"inLanguage\":\"fr-FR\"},{\"@type\":\"Organization\",\"@id\":\"https:\/\/www.qnde.ca\/#organization\",\"name\":\"Quality NDT Ltd.\",\"url\":\"https:\/\/www.qnde.ca\/\",\"logo\":{\"@type\":\"ImageObject\",\"inLanguage\":\"fr-FR\",\"@id\":\"https:\/\/www.qnde.ca\/#\/schema\/logo\/image\/\",\"url\":\"https:\/\/www.qnde.ca\/wp-content\/uploads\/2022\/02\/QNDE_logo_RGB-gif.gif\",\"contentUrl\":\"https:\/\/www.qnde.ca\/wp-content\/uploads\/2022\/02\/QNDE_logo_RGB-gif.gif\",\"width\":250,\"height\":64,\"caption\":\"Quality NDT Ltd.\"},\"image\":{\"@id\":\"https:\/\/www.qnde.ca\/#\/schema\/logo\/image\/\"},\"sameAs\":[\"https:\/\/www.linkedin.com\/company\/qnde\/about\/?viewAsMember=true\"]}]}<\/script>\n<!-- \/ Yoast SEO plugin. -->","yoast_head_json":{"title":"Bloc \u00e0 Paliers Multiples &#060; Qualit\u00e9 NDE","description":"Blocs \u00e0 paliers multiples pour l\u2019\u00e9talonnage en radiographie. Disponibles en 4, 8 ou 16 paliers, en aluminium, acier, inox, titane et autres alliages.","robots":{"index":"index","follow":"follow","max-snippet":"max-snippet:-1","max-image-preview":"max-image-preview:large","max-video-preview":"max-video-preview:-1"},"canonical":"https:\/\/www.qnde.ca\/fr\/produit\/bloc-paliers-multiples\/","twitter_misc":{"Dur\u00e9e de lecture estim\u00e9e":"2 minutes"},"schema":{"@context":"https:\/\/schema.org","@graph":[{"@type":["WebPage","ItemPage"],"@id":"https:\/\/www.qnde.ca\/fr\/produit\/bloc-paliers-multiples\/","url":"https:\/\/www.qnde.ca\/fr\/produit\/bloc-paliers-multiples\/","name":"Bloc \u00e0 Paliers Multiples &#060; Qualit\u00e9 NDE","isPartOf":{"@id":"https:\/\/www.qnde.ca\/#website"},"primaryImageOfPage":{"@id":"https:\/\/www.qnde.ca\/fr\/produit\/bloc-paliers-multiples\/#primaryimage"},"image":{"@id":"https:\/\/www.qnde.ca\/fr\/produit\/bloc-paliers-multiples\/#primaryimage"},"thumbnailUrl":"https:\/\/www.qnde.ca\/wp-content\/uploads\/2021\/06\/Step-Wedges-blocks-for-Industrial-X-Rays-\u2013-Cupro-Nickel-8-steps-shown.jpg","datePublished":"2016-01-12T18:20:18+00:00","dateModified":"2025-08-20T15:05:59+00:00","description":"Blocs \u00e0 paliers multiples pour l\u2019\u00e9talonnage en radiographie. Disponibles en 4, 8 ou 16 paliers, en aluminium, acier, inox, titane et autres alliages.","breadcrumb":{"@id":"https:\/\/www.qnde.ca\/fr\/produit\/bloc-paliers-multiples\/#breadcrumb"},"inLanguage":"fr-FR","potentialAction":[{"@type":"ReadAction","target":["https:\/\/www.qnde.ca\/fr\/produit\/bloc-paliers-multiples\/"]}]},{"@type":"ImageObject","inLanguage":"fr-FR","@id":"https:\/\/www.qnde.ca\/fr\/produit\/bloc-paliers-multiples\/#primaryimage","url":"https:\/\/www.qnde.ca\/wp-content\/uploads\/2021\/06\/Step-Wedges-blocks-for-Industrial-X-Rays-\u2013-Cupro-Nickel-8-steps-shown.jpg","contentUrl":"https:\/\/www.qnde.ca\/wp-content\/uploads\/2021\/06\/Step-Wedges-blocks-for-Industrial-X-Rays-\u2013-Cupro-Nickel-8-steps-shown.jpg","width":600,"height":600,"caption":"Step Wedges (blocks) for Industrial X-Rays \u2013 Cupro-Nickel 8 steps shown"},{"@type":"BreadcrumbList","@id":"https:\/\/www.qnde.ca\/fr\/produit\/bloc-paliers-multiples\/#breadcrumb","itemListElement":[{"@type":"ListItem","position":1,"name":"Accueil","item":"https:\/\/www.qnde.ca\/fr\/"},{"@type":"ListItem","position":2,"name":"Produits","item":"https:\/\/www.qnde.ca\/fr\/produits\/"},{"@type":"ListItem","position":3,"name":"Marques","item":"https:\/\/www.qnde.ca\/fr\/product-category\/marques\/"},{"@type":"ListItem","position":4,"name":"Autres Marques","item":"https:\/\/www.qnde.ca\/fr\/product-category\/marques\/autres-marques\/"},{"@type":"ListItem","position":5,"name":"Bloc \u00e0 Paliers Multiples"}]},{"@type":"WebSite","@id":"https:\/\/www.qnde.ca\/#website","url":"https:\/\/www.qnde.ca\/","name":"Qualit\u00e9 NDE","description":"\u00c9quipements d&#039;essais non destructifs ","publisher":{"@id":"https:\/\/www.qnde.ca\/#organization"},"potentialAction":[{"@type":"SearchAction","target":{"@type":"EntryPoint","urlTemplate":"https:\/\/www.qnde.ca\/?s={search_term_string}"},"query-input":{"@type":"PropertyValueSpecification","valueRequired":true,"valueName":"search_term_string"}}],"inLanguage":"fr-FR"},{"@type":"Organization","@id":"https:\/\/www.qnde.ca\/#organization","name":"Quality NDT Ltd.","url":"https:\/\/www.qnde.ca\/","logo":{"@type":"ImageObject","inLanguage":"fr-FR","@id":"https:\/\/www.qnde.ca\/#\/schema\/logo\/image\/","url":"https:\/\/www.qnde.ca\/wp-content\/uploads\/2022\/02\/QNDE_logo_RGB-gif.gif","contentUrl":"https:\/\/www.qnde.ca\/wp-content\/uploads\/2022\/02\/QNDE_logo_RGB-gif.gif","width":250,"height":64,"caption":"Quality NDT Ltd."},"image":{"@id":"https:\/\/www.qnde.ca\/#\/schema\/logo\/image\/"},"sameAs":["https:\/\/www.linkedin.com\/company\/qnde\/about\/?viewAsMember=true"]}]}},"jetpack_sharing_enabled":true,"_links":{"self":[{"href":"https:\/\/www.qnde.ca\/fr\/wp-json\/wp\/v2\/product\/4891","targetHints":{"allow":["GET"]}}],"collection":[{"href":"https:\/\/www.qnde.ca\/fr\/wp-json\/wp\/v2\/product"}],"about":[{"href":"https:\/\/www.qnde.ca\/fr\/wp-json\/wp\/v2\/types\/product"}],"wp:featuredmedia":[{"embeddable":true,"href":"https:\/\/www.qnde.ca\/fr\/wp-json\/wp\/v2\/media\/20114"}],"wp:attachment":[{"href":"https:\/\/www.qnde.ca\/fr\/wp-json\/wp\/v2\/media?parent=4891"}],"wp:term":[{"taxonomy":"product_brand","embeddable":true,"href":"https:\/\/www.qnde.ca\/fr\/wp-json\/wp\/v2\/product_brand?post=4891"},{"taxonomy":"product_cat","embeddable":true,"href":"https:\/\/www.qnde.ca\/fr\/wp-json\/wp\/v2\/product_cat?post=4891"},{"taxonomy":"product_tag","embeddable":true,"href":"https:\/\/www.qnde.ca\/fr\/wp-json\/wp\/v2\/product_tag?post=4891"}],"curies":[{"name":"wp","href":"https:\/\/api.w.org\/{rel}","templated":true}]}}