{"id":4883,"date":"2016-01-12T18:14:54","date_gmt":"2016-01-12T18:14:54","guid":{"rendered":"https:\/\/www.qnde.ca\/?post_type=product&#038;p=4883"},"modified":"2022-11-04T13:49:40","modified_gmt":"2022-11-04T17:49:40","slug":"sources-ir192","status":"publish","type":"product","link":"https:\/\/www.qnde.ca\/fr\/produit\/sources-ir192\/","title":{"rendered":"QSA Global &#8211; Sources Iridium 192"},"content":{"rendered":"<h3><strong>QSA Global &#8211; Sources Iridium 192 <\/strong><\/h3>\n<p>Les sources Iridium-192 sont faites de disques ou pastilles d\u2019iridium de grandeur uniforme dans une capsule de stainless soud\u00e9e. L\u2019Irridium-192 est con\u00e7u, selon ISO 5579, pour une utilisation dans une plage d&rsquo;\u00e9paisseur d&rsquo;acier de 0.39&Prime; \u00e0 3.54&Prime; (10mm \u00e0 90mm).<\/p>\n\n<table id=\"tablepress-Ir192_FR\" class=\"tablepress tablepress-id-Ir192_FR\">\n<thead>\n<tr class=\"row-1\">\n\t<th class=\"column-1\"><\/th><th class=\"column-2\">Iridium-192<\/th>\n<\/tr>\n<\/thead>\n<tbody class=\"row-striping row-hover\">\n<tr class=\"row-2\">\n\t<td class=\"column-1\">\u00c9nergie Gamma<\/td><td class=\"column-2\">206-612 keV<\/td>\n<\/tr>\n<tr class=\"row-3\">\n\t<td class=\"column-1\">D\u00e9bit \u00e0 1 m\u00e8tre par Ci (37 GBq)<\/td><td class=\"column-2\">0.48 R\/h (4.80 mSv\/h)<\/td>\n<\/tr>\n<tr class=\"row-4\">\n\t<td class=\"column-1\">D\u00e9bit \u00e0 1 pied par Ci (37 GBq)<\/td><td class=\"column-2\">5.2 R\/h (52 mSv\/h)<\/td>\n<\/tr>\n<tr class=\"row-5\">\n\t<td class=\"column-1\">Demi-vie<\/td><td class=\"column-2\">74 jours<\/td>\n<\/tr>\n<\/tbody>\n<tfoot>\n<tr class=\"row-6\">\n\t<th class=\"column-1\"><\/th><th class=\"column-2\"><\/th>\n<\/tr>\n<\/tfoot>\n<\/table>\n<!-- #tablepress-Ir192_FR from cache -->\n<ul>\n<li>RAI192-###: Source Ir-192 standard. Activit\u00e9 \u00e0 \u00eatre d\u00e9termin\u00e9 (30 \u00e0 140Ci).<\/li>\n<li>RAI192-140: Source Ir-192 standard, 140Ci.<\/li>\n<li>RAI192-130: Source Ir-192 standard, 130Ci.<\/li>\n<li>RAI192-120: Source Ir-192 standard, 120Ci.<\/li>\n<li>RAI192-110: Source Ir-192 standard, 110Ci.<\/li>\n<li>RAI192-100: Source Ir-192 standard, 100Ci.<\/li>\n<li>RAI192-90: Source Ir-192 standard, 90Ci.<\/li>\n<li>RAI192-80: Source Ir-192 standard, 80Ci.<\/li>\n<li>RAI192-70: Source Ir-192 standard, 70Ci.<\/li>\n<li>RAI192-60: Source Ir-192 standard, 60Ci.<\/li>\n<li>RAI192-50: Source Ir-192 standard, 50Ci.<\/li>\n<li>RAI192-40: Source Ir-192 standard, 40Ci.<\/li>\n<li>ICECK###: Source enrichie Ir-192Plus. Activit\u00e9 \u00e0 \u00eatre d\u00e9termin\u00e9 (1 \u00e0 300Ci).<\/li>\n<li>ICECK140: Source enrichie Ir-192Plus, 140Ci.<\/li>\n<li>ICECK120: Source enrichie Ir-192Plus, 120Ci.<\/li>\n<li>ICECK100: Source enrichie Ir-192Plus, 100Ci.<\/li>\n<li>ICECK90: Source enrichie Ir-192Plus, 90Ci.<\/li>\n<\/ul>\n","protected":false},"excerpt":{"rendered":"<p>QSA Global &#8211; Sources Iridium 192 Les sources Iridium-192 sont faites de disques ou pastilles d\u2019iridium de grandeur uniforme dans une capsule de stainless soud\u00e9e. L\u2019Irridium-192 est con\u00e7u, selon ISO 5579, pour une utilisation dans une plage d&rsquo;\u00e9paisseur d&rsquo;acier de 0.39&Prime; \u00e0 3.54&Prime; (10mm \u00e0 90mm). RAI192-###: Source Ir-192 standard. Activit\u00e9 \u00e0 \u00eatre d\u00e9termin\u00e9 (30 [&hellip;]<\/p>\n","protected":false},"featured_media":28319,"template":"","meta":{"_monsterinsights_skip_tracking":false,"_monsterinsights_sitenote_active":false,"_monsterinsights_sitenote_note":"","_monsterinsights_sitenote_category":0},"product_brand":[],"product_cat":[393,139],"product_tag":[],"class_list":{"0":"post-4883","1":"product","2":"type-product","3":"status-publish","4":"has-post-thumbnail","6":"product_cat-qsa-global-fr","7":"product_cat-sources-projecteurs","9":"first","10":"instock","11":"shipping-taxable","12":"purchasable","13":"product-type-variable"},"yoast_head":"<!-- This site is optimized with the Yoast SEO plugin v23.9 - https:\/\/yoast.com\/wordpress\/plugins\/seo\/ -->\n<title>QSA Global - Sources Iridium 192 &#060; Qualit\u00e9 NDE<\/title>\n<meta name=\"description\" content=\"Sources Iridium-192 faites de disques ou pastilles d\u2019iridium uniforme dans capsule de stainless soud\u00e9e. Con\u00e7u selon ISO 5579.\" \/>\n<meta name=\"robots\" content=\"index, follow, max-snippet:-1, max-image-preview:large, max-video-preview:-1\" \/>\n<link rel=\"canonical\" href=\"https:\/\/www.qnde.ca\/fr\/produit\/sources-ir192\/\" \/>\n<meta name=\"twitter:label1\" content=\"Dur\u00e9e de lecture estim\u00e9e\" \/>\n\t<meta name=\"twitter:data1\" content=\"1 minute\" \/>\n<script type=\"application\/ld+json\" class=\"yoast-schema-graph\">{\"@context\":\"https:\/\/schema.org\",\"@graph\":[{\"@type\":[\"WebPage\",\"ItemPage\"],\"@id\":\"https:\/\/www.qnde.ca\/fr\/produit\/sources-ir192\/\",\"url\":\"https:\/\/www.qnde.ca\/fr\/produit\/sources-ir192\/\",\"name\":\"QSA Global - Sources Iridium 192 &#060; Qualit\u00e9 NDE\",\"isPartOf\":{\"@id\":\"https:\/\/www.qnde.ca\/#website\"},\"primaryImageOfPage\":{\"@id\":\"https:\/\/www.qnde.ca\/fr\/produit\/sources-ir192\/#primaryimage\"},\"image\":{\"@id\":\"https:\/\/www.qnde.ca\/fr\/produit\/sources-ir192\/#primaryimage\"},\"thumbnailUrl\":\"https:\/\/www.qnde.ca\/wp-content\/uploads\/2016\/01\/A424-9-Source-Assy.png\",\"datePublished\":\"2016-01-12T18:14:54+00:00\",\"dateModified\":\"2022-11-04T17:49:40+00:00\",\"description\":\"Sources Iridium-192 faites de disques ou pastilles d\u2019iridium uniforme dans capsule de stainless soud\u00e9e. Con\u00e7u selon ISO 5579.\",\"breadcrumb\":{\"@id\":\"https:\/\/www.qnde.ca\/fr\/produit\/sources-ir192\/#breadcrumb\"},\"inLanguage\":\"fr-FR\",\"potentialAction\":[{\"@type\":\"ReadAction\",\"target\":[\"https:\/\/www.qnde.ca\/fr\/produit\/sources-ir192\/\"]}]},{\"@type\":\"ImageObject\",\"inLanguage\":\"fr-FR\",\"@id\":\"https:\/\/www.qnde.ca\/fr\/produit\/sources-ir192\/#primaryimage\",\"url\":\"https:\/\/www.qnde.ca\/wp-content\/uploads\/2016\/01\/A424-9-Source-Assy.png\",\"contentUrl\":\"https:\/\/www.qnde.ca\/wp-content\/uploads\/2016\/01\/A424-9-Source-Assy.png\",\"width\":2048,\"height\":1638},{\"@type\":\"BreadcrumbList\",\"@id\":\"https:\/\/www.qnde.ca\/fr\/produit\/sources-ir192\/#breadcrumb\",\"itemListElement\":[{\"@type\":\"ListItem\",\"position\":1,\"name\":\"Accueil\",\"item\":\"https:\/\/www.qnde.ca\/fr\/\"},{\"@type\":\"ListItem\",\"position\":2,\"name\":\"Produits\",\"item\":\"https:\/\/www.qnde.ca\/fr\/produits\/\"},{\"@type\":\"ListItem\",\"position\":3,\"name\":\"Marques\",\"item\":\"https:\/\/www.qnde.ca\/fr\/product-category\/marques\/\"},{\"@type\":\"ListItem\",\"position\":4,\"name\":\"QSA Global\",\"item\":\"https:\/\/www.qnde.ca\/fr\/product-category\/marques\/qsa-global-fr\/\"},{\"@type\":\"ListItem\",\"position\":5,\"name\":\"QSA Global &#8211; Sources Iridium 192\"}]},{\"@type\":\"WebSite\",\"@id\":\"https:\/\/www.qnde.ca\/#website\",\"url\":\"https:\/\/www.qnde.ca\/\",\"name\":\"Qualit\u00e9 NDE\",\"description\":\"\u00c9quipements d&#039;essais non destructifs \",\"publisher\":{\"@id\":\"https:\/\/www.qnde.ca\/#organization\"},\"potentialAction\":[{\"@type\":\"SearchAction\",\"target\":{\"@type\":\"EntryPoint\",\"urlTemplate\":\"https:\/\/www.qnde.ca\/?s={search_term_string}\"},\"query-input\":{\"@type\":\"PropertyValueSpecification\",\"valueRequired\":true,\"valueName\":\"search_term_string\"}}],\"inLanguage\":\"fr-FR\"},{\"@type\":\"Organization\",\"@id\":\"https:\/\/www.qnde.ca\/#organization\",\"name\":\"Quality NDT Ltd.\",\"url\":\"https:\/\/www.qnde.ca\/\",\"logo\":{\"@type\":\"ImageObject\",\"inLanguage\":\"fr-FR\",\"@id\":\"https:\/\/www.qnde.ca\/#\/schema\/logo\/image\/\",\"url\":\"https:\/\/www.qnde.ca\/wp-content\/uploads\/2022\/02\/QNDE_logo_RGB-gif.gif\",\"contentUrl\":\"https:\/\/www.qnde.ca\/wp-content\/uploads\/2022\/02\/QNDE_logo_RGB-gif.gif\",\"width\":250,\"height\":64,\"caption\":\"Quality NDT Ltd.\"},\"image\":{\"@id\":\"https:\/\/www.qnde.ca\/#\/schema\/logo\/image\/\"},\"sameAs\":[\"https:\/\/www.linkedin.com\/company\/qnde\/about\/?viewAsMember=true\"]}]}<\/script>\n<!-- \/ Yoast SEO plugin. -->","yoast_head_json":{"title":"QSA Global - Sources Iridium 192 &#060; Qualit\u00e9 NDE","description":"Sources Iridium-192 faites de disques ou pastilles d\u2019iridium uniforme dans capsule de stainless soud\u00e9e. Con\u00e7u selon ISO 5579.","robots":{"index":"index","follow":"follow","max-snippet":"max-snippet:-1","max-image-preview":"max-image-preview:large","max-video-preview":"max-video-preview:-1"},"canonical":"https:\/\/www.qnde.ca\/fr\/produit\/sources-ir192\/","twitter_misc":{"Dur\u00e9e de lecture estim\u00e9e":"1 minute"},"schema":{"@context":"https:\/\/schema.org","@graph":[{"@type":["WebPage","ItemPage"],"@id":"https:\/\/www.qnde.ca\/fr\/produit\/sources-ir192\/","url":"https:\/\/www.qnde.ca\/fr\/produit\/sources-ir192\/","name":"QSA Global - Sources Iridium 192 &#060; Qualit\u00e9 NDE","isPartOf":{"@id":"https:\/\/www.qnde.ca\/#website"},"primaryImageOfPage":{"@id":"https:\/\/www.qnde.ca\/fr\/produit\/sources-ir192\/#primaryimage"},"image":{"@id":"https:\/\/www.qnde.ca\/fr\/produit\/sources-ir192\/#primaryimage"},"thumbnailUrl":"https:\/\/www.qnde.ca\/wp-content\/uploads\/2016\/01\/A424-9-Source-Assy.png","datePublished":"2016-01-12T18:14:54+00:00","dateModified":"2022-11-04T17:49:40+00:00","description":"Sources Iridium-192 faites de disques ou pastilles d\u2019iridium uniforme dans capsule de stainless soud\u00e9e. Con\u00e7u selon ISO 5579.","breadcrumb":{"@id":"https:\/\/www.qnde.ca\/fr\/produit\/sources-ir192\/#breadcrumb"},"inLanguage":"fr-FR","potentialAction":[{"@type":"ReadAction","target":["https:\/\/www.qnde.ca\/fr\/produit\/sources-ir192\/"]}]},{"@type":"ImageObject","inLanguage":"fr-FR","@id":"https:\/\/www.qnde.ca\/fr\/produit\/sources-ir192\/#primaryimage","url":"https:\/\/www.qnde.ca\/wp-content\/uploads\/2016\/01\/A424-9-Source-Assy.png","contentUrl":"https:\/\/www.qnde.ca\/wp-content\/uploads\/2016\/01\/A424-9-Source-Assy.png","width":2048,"height":1638},{"@type":"BreadcrumbList","@id":"https:\/\/www.qnde.ca\/fr\/produit\/sources-ir192\/#breadcrumb","itemListElement":[{"@type":"ListItem","position":1,"name":"Accueil","item":"https:\/\/www.qnde.ca\/fr\/"},{"@type":"ListItem","position":2,"name":"Produits","item":"https:\/\/www.qnde.ca\/fr\/produits\/"},{"@type":"ListItem","position":3,"name":"Marques","item":"https:\/\/www.qnde.ca\/fr\/product-category\/marques\/"},{"@type":"ListItem","position":4,"name":"QSA Global","item":"https:\/\/www.qnde.ca\/fr\/product-category\/marques\/qsa-global-fr\/"},{"@type":"ListItem","position":5,"name":"QSA Global &#8211; Sources Iridium 192"}]},{"@type":"WebSite","@id":"https:\/\/www.qnde.ca\/#website","url":"https:\/\/www.qnde.ca\/","name":"Qualit\u00e9 NDE","description":"\u00c9quipements d&#039;essais non destructifs ","publisher":{"@id":"https:\/\/www.qnde.ca\/#organization"},"potentialAction":[{"@type":"SearchAction","target":{"@type":"EntryPoint","urlTemplate":"https:\/\/www.qnde.ca\/?s={search_term_string}"},"query-input":{"@type":"PropertyValueSpecification","valueRequired":true,"valueName":"search_term_string"}}],"inLanguage":"fr-FR"},{"@type":"Organization","@id":"https:\/\/www.qnde.ca\/#organization","name":"Quality NDT Ltd.","url":"https:\/\/www.qnde.ca\/","logo":{"@type":"ImageObject","inLanguage":"fr-FR","@id":"https:\/\/www.qnde.ca\/#\/schema\/logo\/image\/","url":"https:\/\/www.qnde.ca\/wp-content\/uploads\/2022\/02\/QNDE_logo_RGB-gif.gif","contentUrl":"https:\/\/www.qnde.ca\/wp-content\/uploads\/2022\/02\/QNDE_logo_RGB-gif.gif","width":250,"height":64,"caption":"Quality NDT Ltd."},"image":{"@id":"https:\/\/www.qnde.ca\/#\/schema\/logo\/image\/"},"sameAs":["https:\/\/www.linkedin.com\/company\/qnde\/about\/?viewAsMember=true"]}]}},"jetpack_sharing_enabled":true,"_links":{"self":[{"href":"https:\/\/www.qnde.ca\/fr\/wp-json\/wp\/v2\/product\/4883","targetHints":{"allow":["GET"]}}],"collection":[{"href":"https:\/\/www.qnde.ca\/fr\/wp-json\/wp\/v2\/product"}],"about":[{"href":"https:\/\/www.qnde.ca\/fr\/wp-json\/wp\/v2\/types\/product"}],"wp:featuredmedia":[{"embeddable":true,"href":"https:\/\/www.qnde.ca\/fr\/wp-json\/wp\/v2\/media\/28319"}],"wp:attachment":[{"href":"https:\/\/www.qnde.ca\/fr\/wp-json\/wp\/v2\/media?parent=4883"}],"wp:term":[{"taxonomy":"product_brand","embeddable":true,"href":"https:\/\/www.qnde.ca\/fr\/wp-json\/wp\/v2\/product_brand?post=4883"},{"taxonomy":"product_cat","embeddable":true,"href":"https:\/\/www.qnde.ca\/fr\/wp-json\/wp\/v2\/product_cat?post=4883"},{"taxonomy":"product_tag","embeddable":true,"href":"https:\/\/www.qnde.ca\/fr\/wp-json\/wp\/v2\/product_tag?post=4883"}],"curies":[{"name":"wp","href":"https:\/\/api.w.org\/{rel}","templated":true}]}}