{"id":4871,"date":"2016-01-12T18:02:30","date_gmt":"2016-01-12T18:02:30","guid":{"rendered":"https:\/\/www.qnde.ca\/?post_type=product&#038;p=4871"},"modified":"2024-10-17T17:16:00","modified_gmt":"2024-10-17T21:16:00","slug":"tubes-guidage","status":"publish","type":"product","link":"https:\/\/www.qnde.ca\/fr\/produit\/tubes-guidage\/","title":{"rendered":"QSA Global &#8211; Tube de Guidage pour Source"},"content":{"rendered":"<h3><strong>QSA Global &#8211; Tube de Guidage et extension pour Source<\/strong><\/h3>\n<p>Les tubes de guidage pour source sont faits de stainless flexible recouvert d\u2019une protection de polyvinyle. Tous les tubes de guidage et extensions ont une longueur standard de 7 pieds (2.1m). Longueurs sur mesure disponibles sur demande.<\/p>\n<ul>\n<li>TAN48906: Tube de guidage pour source avec arr\u00eat, 7 pieds (2.1m) \u2013 Jaune.<\/li>\n<li>95020: Tube de guidage pour source avec arr\u00eat, temp\u00e9rature extr\u00eame, 7 pieds (2.1m) \u2013 Noir.<\/li>\n<\/ul>\n<h4>Extension<\/h4>\n<ul>\n<li>TAN48907: Extension de tube de guidage pour source, 7 pieds (2.1m) \u2013 Jaune.<\/li>\n<li>95021: Extension de tube de guidage pour source, temp\u00e9rature extr\u00eame, 7 pieds (2.1m) \u2013 Noir.<\/li>\n<\/ul>\n<h4>Adaptateur<\/h4>\n<ul>\n<li><a href=\"https:\/\/www.qnde.ca\/fr\/produit\/adaptateur-pivotant-tube-guidage\/\">88082<\/a>: Adaptateur ba\u00efonnette pivotant pour projecteur de source 880.<\/li>\n<\/ul>\n","protected":false},"excerpt":{"rendered":"<p>QSA Global &#8211; Tube de Guidage et extension pour Source Les tubes de guidage pour source sont faits de stainless flexible recouvert d\u2019une protection de polyvinyle. Tous les tubes de guidage et extensions ont une longueur standard de 7 pieds (2.1m). Longueurs sur mesure disponibles sur demande. TAN48906: Tube de guidage pour source avec arr\u00eat, [&hellip;]<\/p>\n","protected":false},"featured_media":35994,"template":"","meta":{"_monsterinsights_skip_tracking":false,"_monsterinsights_sitenote_active":false,"_monsterinsights_sitenote_note":"","_monsterinsights_sitenote_category":0},"product_brand":[],"product_cat":[393,139],"product_tag":[],"class_list":{"0":"post-4871","1":"product","2":"type-product","3":"status-publish","4":"has-post-thumbnail","6":"product_cat-qsa-global-fr","7":"product_cat-sources-projecteurs","9":"first","10":"instock","11":"shipping-taxable","12":"purchasable","13":"product-type-variable"},"yoast_head":"<!-- This site is optimized with the Yoast SEO plugin v23.9 - https:\/\/yoast.com\/wordpress\/plugins\/seo\/ -->\n<title>QSA Global - Tube de Guidage pour Source &#060; Qualit\u00e9 NDE<\/title>\n<meta name=\"description\" content=\"Tubes de guidage pour source faits de stainless flexible recouvert de polyvinyle. Tubes de guidage et extensions ont longueur standard de 7 pieds (2.1m).\" \/>\n<meta name=\"robots\" content=\"index, follow, max-snippet:-1, max-image-preview:large, max-video-preview:-1\" \/>\n<link rel=\"canonical\" href=\"https:\/\/www.qnde.ca\/fr\/produit\/tubes-guidage\/\" \/>\n<meta name=\"twitter:label1\" content=\"Dur\u00e9e de lecture estim\u00e9e\" \/>\n\t<meta name=\"twitter:data1\" content=\"1 minute\" \/>\n<script type=\"application\/ld+json\" class=\"yoast-schema-graph\">{\"@context\":\"https:\/\/schema.org\",\"@graph\":[{\"@type\":[\"WebPage\",\"ItemPage\"],\"@id\":\"https:\/\/www.qnde.ca\/fr\/produit\/tubes-guidage\/\",\"url\":\"https:\/\/www.qnde.ca\/fr\/produit\/tubes-guidage\/\",\"name\":\"QSA Global - Tube de Guidage pour Source &#060; Qualit\u00e9 NDE\",\"isPartOf\":{\"@id\":\"https:\/\/www.qnde.ca\/#website\"},\"primaryImageOfPage\":{\"@id\":\"https:\/\/www.qnde.ca\/fr\/produit\/tubes-guidage\/#primaryimage\"},\"image\":{\"@id\":\"https:\/\/www.qnde.ca\/fr\/produit\/tubes-guidage\/#primaryimage\"},\"thumbnailUrl\":\"https:\/\/www.qnde.ca\/wp-content\/uploads\/2016\/01\/TAN48906_Standard_FixedStop_GuideTube.png\",\"datePublished\":\"2016-01-12T18:02:30+00:00\",\"dateModified\":\"2024-10-17T21:16:00+00:00\",\"description\":\"Tubes de guidage pour source faits de stainless flexible recouvert de polyvinyle. Tubes de guidage et extensions ont longueur standard de 7 pieds (2.1m).\",\"breadcrumb\":{\"@id\":\"https:\/\/www.qnde.ca\/fr\/produit\/tubes-guidage\/#breadcrumb\"},\"inLanguage\":\"fr-FR\",\"potentialAction\":[{\"@type\":\"ReadAction\",\"target\":[\"https:\/\/www.qnde.ca\/fr\/produit\/tubes-guidage\/\"]}]},{\"@type\":\"ImageObject\",\"inLanguage\":\"fr-FR\",\"@id\":\"https:\/\/www.qnde.ca\/fr\/produit\/tubes-guidage\/#primaryimage\",\"url\":\"https:\/\/www.qnde.ca\/wp-content\/uploads\/2016\/01\/TAN48906_Standard_FixedStop_GuideTube.png\",\"contentUrl\":\"https:\/\/www.qnde.ca\/wp-content\/uploads\/2016\/01\/TAN48906_Standard_FixedStop_GuideTube.png\",\"width\":2500,\"height\":2000},{\"@type\":\"BreadcrumbList\",\"@id\":\"https:\/\/www.qnde.ca\/fr\/produit\/tubes-guidage\/#breadcrumb\",\"itemListElement\":[{\"@type\":\"ListItem\",\"position\":1,\"name\":\"Accueil\",\"item\":\"https:\/\/www.qnde.ca\/fr\/\"},{\"@type\":\"ListItem\",\"position\":2,\"name\":\"Produits\",\"item\":\"https:\/\/www.qnde.ca\/fr\/produits\/\"},{\"@type\":\"ListItem\",\"position\":3,\"name\":\"Marques\",\"item\":\"https:\/\/www.qnde.ca\/fr\/product-category\/marques\/\"},{\"@type\":\"ListItem\",\"position\":4,\"name\":\"QSA Global\",\"item\":\"https:\/\/www.qnde.ca\/fr\/product-category\/marques\/qsa-global-fr\/\"},{\"@type\":\"ListItem\",\"position\":5,\"name\":\"QSA Global &#8211; Tube de Guidage pour Source\"}]},{\"@type\":\"WebSite\",\"@id\":\"https:\/\/www.qnde.ca\/#website\",\"url\":\"https:\/\/www.qnde.ca\/\",\"name\":\"Qualit\u00e9 NDE\",\"description\":\"\u00c9quipements d&#039;essais non destructifs \",\"publisher\":{\"@id\":\"https:\/\/www.qnde.ca\/#organization\"},\"potentialAction\":[{\"@type\":\"SearchAction\",\"target\":{\"@type\":\"EntryPoint\",\"urlTemplate\":\"https:\/\/www.qnde.ca\/?s={search_term_string}\"},\"query-input\":{\"@type\":\"PropertyValueSpecification\",\"valueRequired\":true,\"valueName\":\"search_term_string\"}}],\"inLanguage\":\"fr-FR\"},{\"@type\":\"Organization\",\"@id\":\"https:\/\/www.qnde.ca\/#organization\",\"name\":\"Quality NDT Ltd.\",\"url\":\"https:\/\/www.qnde.ca\/\",\"logo\":{\"@type\":\"ImageObject\",\"inLanguage\":\"fr-FR\",\"@id\":\"https:\/\/www.qnde.ca\/#\/schema\/logo\/image\/\",\"url\":\"https:\/\/www.qnde.ca\/wp-content\/uploads\/2022\/02\/QNDE_logo_RGB-gif.gif\",\"contentUrl\":\"https:\/\/www.qnde.ca\/wp-content\/uploads\/2022\/02\/QNDE_logo_RGB-gif.gif\",\"width\":250,\"height\":64,\"caption\":\"Quality NDT Ltd.\"},\"image\":{\"@id\":\"https:\/\/www.qnde.ca\/#\/schema\/logo\/image\/\"},\"sameAs\":[\"https:\/\/www.linkedin.com\/company\/qnde\/about\/?viewAsMember=true\"]}]}<\/script>\n<!-- \/ Yoast SEO plugin. -->","yoast_head_json":{"title":"QSA Global - Tube de Guidage pour Source &#060; Qualit\u00e9 NDE","description":"Tubes de guidage pour source faits de stainless flexible recouvert de polyvinyle. Tubes de guidage et extensions ont longueur standard de 7 pieds (2.1m).","robots":{"index":"index","follow":"follow","max-snippet":"max-snippet:-1","max-image-preview":"max-image-preview:large","max-video-preview":"max-video-preview:-1"},"canonical":"https:\/\/www.qnde.ca\/fr\/produit\/tubes-guidage\/","twitter_misc":{"Dur\u00e9e de lecture estim\u00e9e":"1 minute"},"schema":{"@context":"https:\/\/schema.org","@graph":[{"@type":["WebPage","ItemPage"],"@id":"https:\/\/www.qnde.ca\/fr\/produit\/tubes-guidage\/","url":"https:\/\/www.qnde.ca\/fr\/produit\/tubes-guidage\/","name":"QSA Global - Tube de Guidage pour Source &#060; Qualit\u00e9 NDE","isPartOf":{"@id":"https:\/\/www.qnde.ca\/#website"},"primaryImageOfPage":{"@id":"https:\/\/www.qnde.ca\/fr\/produit\/tubes-guidage\/#primaryimage"},"image":{"@id":"https:\/\/www.qnde.ca\/fr\/produit\/tubes-guidage\/#primaryimage"},"thumbnailUrl":"https:\/\/www.qnde.ca\/wp-content\/uploads\/2016\/01\/TAN48906_Standard_FixedStop_GuideTube.png","datePublished":"2016-01-12T18:02:30+00:00","dateModified":"2024-10-17T21:16:00+00:00","description":"Tubes de guidage pour source faits de stainless flexible recouvert de polyvinyle. Tubes de guidage et extensions ont longueur standard de 7 pieds (2.1m).","breadcrumb":{"@id":"https:\/\/www.qnde.ca\/fr\/produit\/tubes-guidage\/#breadcrumb"},"inLanguage":"fr-FR","potentialAction":[{"@type":"ReadAction","target":["https:\/\/www.qnde.ca\/fr\/produit\/tubes-guidage\/"]}]},{"@type":"ImageObject","inLanguage":"fr-FR","@id":"https:\/\/www.qnde.ca\/fr\/produit\/tubes-guidage\/#primaryimage","url":"https:\/\/www.qnde.ca\/wp-content\/uploads\/2016\/01\/TAN48906_Standard_FixedStop_GuideTube.png","contentUrl":"https:\/\/www.qnde.ca\/wp-content\/uploads\/2016\/01\/TAN48906_Standard_FixedStop_GuideTube.png","width":2500,"height":2000},{"@type":"BreadcrumbList","@id":"https:\/\/www.qnde.ca\/fr\/produit\/tubes-guidage\/#breadcrumb","itemListElement":[{"@type":"ListItem","position":1,"name":"Accueil","item":"https:\/\/www.qnde.ca\/fr\/"},{"@type":"ListItem","position":2,"name":"Produits","item":"https:\/\/www.qnde.ca\/fr\/produits\/"},{"@type":"ListItem","position":3,"name":"Marques","item":"https:\/\/www.qnde.ca\/fr\/product-category\/marques\/"},{"@type":"ListItem","position":4,"name":"QSA Global","item":"https:\/\/www.qnde.ca\/fr\/product-category\/marques\/qsa-global-fr\/"},{"@type":"ListItem","position":5,"name":"QSA Global &#8211; Tube de Guidage pour Source"}]},{"@type":"WebSite","@id":"https:\/\/www.qnde.ca\/#website","url":"https:\/\/www.qnde.ca\/","name":"Qualit\u00e9 NDE","description":"\u00c9quipements d&#039;essais non destructifs ","publisher":{"@id":"https:\/\/www.qnde.ca\/#organization"},"potentialAction":[{"@type":"SearchAction","target":{"@type":"EntryPoint","urlTemplate":"https:\/\/www.qnde.ca\/?s={search_term_string}"},"query-input":{"@type":"PropertyValueSpecification","valueRequired":true,"valueName":"search_term_string"}}],"inLanguage":"fr-FR"},{"@type":"Organization","@id":"https:\/\/www.qnde.ca\/#organization","name":"Quality NDT Ltd.","url":"https:\/\/www.qnde.ca\/","logo":{"@type":"ImageObject","inLanguage":"fr-FR","@id":"https:\/\/www.qnde.ca\/#\/schema\/logo\/image\/","url":"https:\/\/www.qnde.ca\/wp-content\/uploads\/2022\/02\/QNDE_logo_RGB-gif.gif","contentUrl":"https:\/\/www.qnde.ca\/wp-content\/uploads\/2022\/02\/QNDE_logo_RGB-gif.gif","width":250,"height":64,"caption":"Quality NDT Ltd."},"image":{"@id":"https:\/\/www.qnde.ca\/#\/schema\/logo\/image\/"},"sameAs":["https:\/\/www.linkedin.com\/company\/qnde\/about\/?viewAsMember=true"]}]}},"jetpack_sharing_enabled":true,"_links":{"self":[{"href":"https:\/\/www.qnde.ca\/fr\/wp-json\/wp\/v2\/product\/4871","targetHints":{"allow":["GET"]}}],"collection":[{"href":"https:\/\/www.qnde.ca\/fr\/wp-json\/wp\/v2\/product"}],"about":[{"href":"https:\/\/www.qnde.ca\/fr\/wp-json\/wp\/v2\/types\/product"}],"wp:featuredmedia":[{"embeddable":true,"href":"https:\/\/www.qnde.ca\/fr\/wp-json\/wp\/v2\/media\/35994"}],"wp:attachment":[{"href":"https:\/\/www.qnde.ca\/fr\/wp-json\/wp\/v2\/media?parent=4871"}],"wp:term":[{"taxonomy":"product_brand","embeddable":true,"href":"https:\/\/www.qnde.ca\/fr\/wp-json\/wp\/v2\/product_brand?post=4871"},{"taxonomy":"product_cat","embeddable":true,"href":"https:\/\/www.qnde.ca\/fr\/wp-json\/wp\/v2\/product_cat?post=4871"},{"taxonomy":"product_tag","embeddable":true,"href":"https:\/\/www.qnde.ca\/fr\/wp-json\/wp\/v2\/product_tag?post=4871"}],"curies":[{"name":"wp","href":"https:\/\/api.w.org\/{rel}","templated":true}]}}