{"id":4869,"date":"2016-01-12T16:25:31","date_gmt":"2016-01-12T16:25:31","guid":{"rendered":"https:\/\/www.qnde.ca\/?post_type=product&#038;p=4869"},"modified":"2025-08-07T09:03:22","modified_gmt":"2025-08-07T13:03:22","slug":"bloc-epaisseur-penetrametre-e1025","status":"publish","type":"product","link":"https:\/\/www.qnde.ca\/fr\/produit\/bloc-epaisseur-penetrametre-e1025\/","title":{"rendered":"Curtis Industries Bloc d\u2019\u00c9paisseur pour P\u00e9n\u00e9tram\u00e8tre E1025"},"content":{"rendered":"<h3><strong>Curtis Industries Bloc d\u2019\u00c9paisseur pour P\u00e9n\u00e9tram\u00e8tre E1025<\/strong><\/h3>\n<p>Utilis\u00e9s sous les p\u00e9n\u00e9tram\u00e8tres ASTM E1025 ou ASME SE1025 pour compenser pour l\u2019\u00e9paisseur. Les blocs d\u2019\u00e9paisseur sont disponibles en palier de 1\/16&Prime;, de 1.59 \u00e0 25.4mm (1\/16&Prime; \u00e0 1&Prime;) d\u2019\u00e9paisseur. L\u2019identification du mat\u00e9riel et l\u2019\u00e9paisseur sont inscrites sur chaque bloc.<\/p>\n<p>Tous les blocs d\u2019\u00e9paisseur sont 50.8mm x 19.1mm (2&Prime; x 0.75&Prime;).<\/p>\n<p>Mat\u00e9riaux standards disponibles: Aluminium (6061), Laiton, Cuivre, Cupro-Nickel, Inconel, Magn\u00e9sium, Nickel, Stainless (304), Acier (1018), Titane et Zirconium.<\/p>\n<p>Mat\u00e9riaux Sp\u00e9ciaux aussi disponibles: Aluminium (2014, 2024, 2219, 7075), Cobalt, Haynes 25 Hastelloy (B, C ou X), Inconel (625 ou 718), Monel, Phosphore-bronze et Waspaloy.<\/p>\n<p>Contactez-nous pour discuter des mat\u00e9riaux, options et\/ou recevoir une soumission. Voir la fiche produit pour la liste compl\u00e8te.<\/p>\n","protected":false},"excerpt":{"rendered":"<p>Curtis Industries Bloc d\u2019\u00c9paisseur pour P\u00e9n\u00e9tram\u00e8tre E1025 Utilis\u00e9s sous les p\u00e9n\u00e9tram\u00e8tres ASTM E1025 ou ASME SE1025 pour compenser pour l\u2019\u00e9paisseur. Les blocs d\u2019\u00e9paisseur sont disponibles en palier de 1\/16&Prime;, de 1.59 \u00e0 25.4mm (1\/16&Prime; \u00e0 1&Prime;) d\u2019\u00e9paisseur. L\u2019identification du mat\u00e9riel et l\u2019\u00e9paisseur sont inscrites sur chaque bloc. Tous les blocs d\u2019\u00e9paisseur sont 50.8mm x 19.1mm [&hellip;]<\/p>\n","protected":false},"featured_media":20112,"template":"","meta":{"_monsterinsights_skip_tracking":false,"_monsterinsights_sitenote_active":false,"_monsterinsights_sitenote_note":"","_monsterinsights_sitenote_category":0},"product_brand":[],"product_cat":[403,144],"product_tag":[],"class_list":{"0":"post-4869","1":"product","2":"type-product","3":"status-publish","4":"has-post-thumbnail","6":"product_cat-curtis-industries-fr","7":"product_cat-accessoires-exposition","9":"first","10":"instock","11":"shipping-taxable","12":"purchasable","13":"product-type-simple"},"yoast_head":"<!-- This site is optimized with the Yoast SEO plugin v23.9 - https:\/\/yoast.com\/wordpress\/plugins\/seo\/ -->\n<title>Curtis Industries Bloc d\u2019\u00c9paisseur pour P\u00e9n\u00e9tram\u00e8tre E1025 &#060; Qualit\u00e9 NDE<\/title>\n<meta name=\"description\" content=\"Utilis\u00e9s sous les p\u00e9n\u00e9tram\u00e8tres ASTM E1025 ou ASME SE1025 pour compenser pour l\u2019\u00e9paisseur. LDisponibles en palier de 1.59 \u00e0 25.4mm (1\/16&quot; \u00e0 1&quot;) d\u2019\u00e9paisseur.\" \/>\n<meta name=\"robots\" content=\"index, follow, max-snippet:-1, max-image-preview:large, max-video-preview:-1\" \/>\n<link rel=\"canonical\" href=\"https:\/\/www.qnde.ca\/fr\/produit\/bloc-epaisseur-penetrametre-e1025\/\" \/>\n<meta name=\"twitter:label1\" content=\"Dur\u00e9e de lecture estim\u00e9e\" \/>\n\t<meta name=\"twitter:data1\" content=\"1 minute\" \/>\n<script type=\"application\/ld+json\" class=\"yoast-schema-graph\">{\"@context\":\"https:\/\/schema.org\",\"@graph\":[{\"@type\":[\"WebPage\",\"ItemPage\"],\"@id\":\"https:\/\/www.qnde.ca\/fr\/produit\/bloc-epaisseur-penetrametre-e1025\/\",\"url\":\"https:\/\/www.qnde.ca\/fr\/produit\/bloc-epaisseur-penetrametre-e1025\/\",\"name\":\"Curtis Industries Bloc d\u2019\u00c9paisseur pour P\u00e9n\u00e9tram\u00e8tre E1025 &#060; Qualit\u00e9 NDE\",\"isPartOf\":{\"@id\":\"https:\/\/www.qnde.ca\/#website\"},\"primaryImageOfPage\":{\"@id\":\"https:\/\/www.qnde.ca\/fr\/produit\/bloc-epaisseur-penetrametre-e1025\/#primaryimage\"},\"image\":{\"@id\":\"https:\/\/www.qnde.ca\/fr\/produit\/bloc-epaisseur-penetrametre-e1025\/#primaryimage\"},\"thumbnailUrl\":\"https:\/\/www.qnde.ca\/wp-content\/uploads\/2021\/06\/Mounting-block-\u2013-Shim-for-penetrameter-IQI.jpg\",\"datePublished\":\"2016-01-12T16:25:31+00:00\",\"dateModified\":\"2025-08-07T13:03:22+00:00\",\"description\":\"Utilis\u00e9s sous les p\u00e9n\u00e9tram\u00e8tres ASTM E1025 ou ASME SE1025 pour compenser pour l\u2019\u00e9paisseur. LDisponibles en palier de 1.59 \u00e0 25.4mm (1\/16\\\" \u00e0 1\\\") d\u2019\u00e9paisseur.\",\"breadcrumb\":{\"@id\":\"https:\/\/www.qnde.ca\/fr\/produit\/bloc-epaisseur-penetrametre-e1025\/#breadcrumb\"},\"inLanguage\":\"fr-FR\",\"potentialAction\":[{\"@type\":\"ReadAction\",\"target\":[\"https:\/\/www.qnde.ca\/fr\/produit\/bloc-epaisseur-penetrametre-e1025\/\"]}]},{\"@type\":\"ImageObject\",\"inLanguage\":\"fr-FR\",\"@id\":\"https:\/\/www.qnde.ca\/fr\/produit\/bloc-epaisseur-penetrametre-e1025\/#primaryimage\",\"url\":\"https:\/\/www.qnde.ca\/wp-content\/uploads\/2021\/06\/Mounting-block-\u2013-Shim-for-penetrameter-IQI.jpg\",\"contentUrl\":\"https:\/\/www.qnde.ca\/wp-content\/uploads\/2021\/06\/Mounting-block-\u2013-Shim-for-penetrameter-IQI.jpg\",\"width\":200,\"height\":149,\"caption\":\"Mounting block \u2013 Shim for penetrameter IQI\"},{\"@type\":\"BreadcrumbList\",\"@id\":\"https:\/\/www.qnde.ca\/fr\/produit\/bloc-epaisseur-penetrametre-e1025\/#breadcrumb\",\"itemListElement\":[{\"@type\":\"ListItem\",\"position\":1,\"name\":\"Accueil\",\"item\":\"https:\/\/www.qnde.ca\/fr\/\"},{\"@type\":\"ListItem\",\"position\":2,\"name\":\"Produits\",\"item\":\"https:\/\/www.qnde.ca\/fr\/produits\/\"},{\"@type\":\"ListItem\",\"position\":3,\"name\":\"Marques\",\"item\":\"https:\/\/www.qnde.ca\/fr\/product-category\/marques\/\"},{\"@type\":\"ListItem\",\"position\":4,\"name\":\"Curtis Industries\",\"item\":\"https:\/\/www.qnde.ca\/fr\/product-category\/marques\/curtis-industries-fr\/\"},{\"@type\":\"ListItem\",\"position\":5,\"name\":\"Curtis Industries Bloc d\u2019\u00c9paisseur pour P\u00e9n\u00e9tram\u00e8tre E1025\"}]},{\"@type\":\"WebSite\",\"@id\":\"https:\/\/www.qnde.ca\/#website\",\"url\":\"https:\/\/www.qnde.ca\/\",\"name\":\"Qualit\u00e9 NDE\",\"description\":\"\u00c9quipements d&#039;essais non destructifs \",\"publisher\":{\"@id\":\"https:\/\/www.qnde.ca\/#organization\"},\"potentialAction\":[{\"@type\":\"SearchAction\",\"target\":{\"@type\":\"EntryPoint\",\"urlTemplate\":\"https:\/\/www.qnde.ca\/?s={search_term_string}\"},\"query-input\":{\"@type\":\"PropertyValueSpecification\",\"valueRequired\":true,\"valueName\":\"search_term_string\"}}],\"inLanguage\":\"fr-FR\"},{\"@type\":\"Organization\",\"@id\":\"https:\/\/www.qnde.ca\/#organization\",\"name\":\"Quality NDT Ltd.\",\"url\":\"https:\/\/www.qnde.ca\/\",\"logo\":{\"@type\":\"ImageObject\",\"inLanguage\":\"fr-FR\",\"@id\":\"https:\/\/www.qnde.ca\/#\/schema\/logo\/image\/\",\"url\":\"https:\/\/www.qnde.ca\/wp-content\/uploads\/2022\/02\/QNDE_logo_RGB-gif.gif\",\"contentUrl\":\"https:\/\/www.qnde.ca\/wp-content\/uploads\/2022\/02\/QNDE_logo_RGB-gif.gif\",\"width\":250,\"height\":64,\"caption\":\"Quality NDT Ltd.\"},\"image\":{\"@id\":\"https:\/\/www.qnde.ca\/#\/schema\/logo\/image\/\"},\"sameAs\":[\"https:\/\/www.linkedin.com\/company\/qnde\/about\/?viewAsMember=true\"]}]}<\/script>\n<!-- \/ Yoast SEO plugin. -->","yoast_head_json":{"title":"Curtis Industries Bloc d\u2019\u00c9paisseur pour P\u00e9n\u00e9tram\u00e8tre E1025 &#060; Qualit\u00e9 NDE","description":"Utilis\u00e9s sous les p\u00e9n\u00e9tram\u00e8tres ASTM E1025 ou ASME SE1025 pour compenser pour l\u2019\u00e9paisseur. LDisponibles en palier de 1.59 \u00e0 25.4mm (1\/16\" \u00e0 1\") d\u2019\u00e9paisseur.","robots":{"index":"index","follow":"follow","max-snippet":"max-snippet:-1","max-image-preview":"max-image-preview:large","max-video-preview":"max-video-preview:-1"},"canonical":"https:\/\/www.qnde.ca\/fr\/produit\/bloc-epaisseur-penetrametre-e1025\/","twitter_misc":{"Dur\u00e9e de lecture estim\u00e9e":"1 minute"},"schema":{"@context":"https:\/\/schema.org","@graph":[{"@type":["WebPage","ItemPage"],"@id":"https:\/\/www.qnde.ca\/fr\/produit\/bloc-epaisseur-penetrametre-e1025\/","url":"https:\/\/www.qnde.ca\/fr\/produit\/bloc-epaisseur-penetrametre-e1025\/","name":"Curtis Industries Bloc d\u2019\u00c9paisseur pour P\u00e9n\u00e9tram\u00e8tre E1025 &#060; Qualit\u00e9 NDE","isPartOf":{"@id":"https:\/\/www.qnde.ca\/#website"},"primaryImageOfPage":{"@id":"https:\/\/www.qnde.ca\/fr\/produit\/bloc-epaisseur-penetrametre-e1025\/#primaryimage"},"image":{"@id":"https:\/\/www.qnde.ca\/fr\/produit\/bloc-epaisseur-penetrametre-e1025\/#primaryimage"},"thumbnailUrl":"https:\/\/www.qnde.ca\/wp-content\/uploads\/2021\/06\/Mounting-block-\u2013-Shim-for-penetrameter-IQI.jpg","datePublished":"2016-01-12T16:25:31+00:00","dateModified":"2025-08-07T13:03:22+00:00","description":"Utilis\u00e9s sous les p\u00e9n\u00e9tram\u00e8tres ASTM E1025 ou ASME SE1025 pour compenser pour l\u2019\u00e9paisseur. LDisponibles en palier de 1.59 \u00e0 25.4mm (1\/16\" \u00e0 1\") d\u2019\u00e9paisseur.","breadcrumb":{"@id":"https:\/\/www.qnde.ca\/fr\/produit\/bloc-epaisseur-penetrametre-e1025\/#breadcrumb"},"inLanguage":"fr-FR","potentialAction":[{"@type":"ReadAction","target":["https:\/\/www.qnde.ca\/fr\/produit\/bloc-epaisseur-penetrametre-e1025\/"]}]},{"@type":"ImageObject","inLanguage":"fr-FR","@id":"https:\/\/www.qnde.ca\/fr\/produit\/bloc-epaisseur-penetrametre-e1025\/#primaryimage","url":"https:\/\/www.qnde.ca\/wp-content\/uploads\/2021\/06\/Mounting-block-\u2013-Shim-for-penetrameter-IQI.jpg","contentUrl":"https:\/\/www.qnde.ca\/wp-content\/uploads\/2021\/06\/Mounting-block-\u2013-Shim-for-penetrameter-IQI.jpg","width":200,"height":149,"caption":"Mounting block \u2013 Shim for penetrameter IQI"},{"@type":"BreadcrumbList","@id":"https:\/\/www.qnde.ca\/fr\/produit\/bloc-epaisseur-penetrametre-e1025\/#breadcrumb","itemListElement":[{"@type":"ListItem","position":1,"name":"Accueil","item":"https:\/\/www.qnde.ca\/fr\/"},{"@type":"ListItem","position":2,"name":"Produits","item":"https:\/\/www.qnde.ca\/fr\/produits\/"},{"@type":"ListItem","position":3,"name":"Marques","item":"https:\/\/www.qnde.ca\/fr\/product-category\/marques\/"},{"@type":"ListItem","position":4,"name":"Curtis Industries","item":"https:\/\/www.qnde.ca\/fr\/product-category\/marques\/curtis-industries-fr\/"},{"@type":"ListItem","position":5,"name":"Curtis Industries Bloc d\u2019\u00c9paisseur pour P\u00e9n\u00e9tram\u00e8tre E1025"}]},{"@type":"WebSite","@id":"https:\/\/www.qnde.ca\/#website","url":"https:\/\/www.qnde.ca\/","name":"Qualit\u00e9 NDE","description":"\u00c9quipements d&#039;essais non destructifs ","publisher":{"@id":"https:\/\/www.qnde.ca\/#organization"},"potentialAction":[{"@type":"SearchAction","target":{"@type":"EntryPoint","urlTemplate":"https:\/\/www.qnde.ca\/?s={search_term_string}"},"query-input":{"@type":"PropertyValueSpecification","valueRequired":true,"valueName":"search_term_string"}}],"inLanguage":"fr-FR"},{"@type":"Organization","@id":"https:\/\/www.qnde.ca\/#organization","name":"Quality NDT Ltd.","url":"https:\/\/www.qnde.ca\/","logo":{"@type":"ImageObject","inLanguage":"fr-FR","@id":"https:\/\/www.qnde.ca\/#\/schema\/logo\/image\/","url":"https:\/\/www.qnde.ca\/wp-content\/uploads\/2022\/02\/QNDE_logo_RGB-gif.gif","contentUrl":"https:\/\/www.qnde.ca\/wp-content\/uploads\/2022\/02\/QNDE_logo_RGB-gif.gif","width":250,"height":64,"caption":"Quality NDT Ltd."},"image":{"@id":"https:\/\/www.qnde.ca\/#\/schema\/logo\/image\/"},"sameAs":["https:\/\/www.linkedin.com\/company\/qnde\/about\/?viewAsMember=true"]}]}},"jetpack_sharing_enabled":true,"_links":{"self":[{"href":"https:\/\/www.qnde.ca\/fr\/wp-json\/wp\/v2\/product\/4869","targetHints":{"allow":["GET"]}}],"collection":[{"href":"https:\/\/www.qnde.ca\/fr\/wp-json\/wp\/v2\/product"}],"about":[{"href":"https:\/\/www.qnde.ca\/fr\/wp-json\/wp\/v2\/types\/product"}],"wp:featuredmedia":[{"embeddable":true,"href":"https:\/\/www.qnde.ca\/fr\/wp-json\/wp\/v2\/media\/20112"}],"wp:attachment":[{"href":"https:\/\/www.qnde.ca\/fr\/wp-json\/wp\/v2\/media?parent=4869"}],"wp:term":[{"taxonomy":"product_brand","embeddable":true,"href":"https:\/\/www.qnde.ca\/fr\/wp-json\/wp\/v2\/product_brand?post=4869"},{"taxonomy":"product_cat","embeddable":true,"href":"https:\/\/www.qnde.ca\/fr\/wp-json\/wp\/v2\/product_cat?post=4869"},{"taxonomy":"product_tag","embeddable":true,"href":"https:\/\/www.qnde.ca\/fr\/wp-json\/wp\/v2\/product_tag?post=4869"}],"curies":[{"name":"wp","href":"https:\/\/api.w.org\/{rel}","templated":true}]}}