{"id":4863,"date":"2016-01-12T16:23:46","date_gmt":"2016-01-12T16:23:46","guid":{"rendered":"https:\/\/www.qnde.ca\/?post_type=product&#038;p=4863"},"modified":"2025-08-12T16:07:38","modified_gmt":"2025-08-12T20:07:38","slug":"barkeley-nucleonics-sam","status":"publish","type":"product","link":"https:\/\/www.qnde.ca\/fr\/produit\/barkeley-nucleonics-sam\/","title":{"rendered":"Berkeley Nucleonics SAM 940 Defender Identificateur Portatif d&rsquo;Isotope Radioactif"},"content":{"rendered":"<h3><strong>Barkeley Nucleonics SAM 940 Defender Identificateur Portatif d&rsquo;Isotope Radioactif <\/strong><\/h3>\n<p>Le SAM Defender peut surveiller et identifier les isotopes M\u00e9dicaux, Industriels et NORM en temps r\u00e9el (biblioth\u00e8que extensible d\u2019isotope). Il peut \u00e9galement proc\u00e9der \u00e0 l\u2019analyse spectrale, le calcul du d\u00e9bit de dose (rem ou Sv), la dose total, recherche de contaminant, enregistrement de donn\u00e9es et autres avec le logiciel. R\u00e9pond et surpasse la norme ANSI 42.34 (<em>American National Standard Performance Criteria for Handheld Instruments for the Detection and Identification of Radionuclides<\/em>).<\/p>\n<ul>\n<li>SAM-9402G: SAM 940 Defender avec d\u00e9tecteur externe Quantum NaI de 2.0&Prime; x 2.0&Prime; (50.8mm x 50.8mm).<\/li>\n<li>SAM-9402GN: SAM 940 Defender avec d\u00e9tecteur externe Quantum NaI et Neutron de 2.0&Prime; x 2.0&Prime; (50.8mm x 50.8mm).<\/li>\n<li>SAM-9403G: SAM 940 Defender avec d\u00e9tecteur externe Quantum NaI de 3.0&Prime; x 3.0&Prime; (76.2mm x 76.2mm).<\/li>\n<li>SAM-9403GN: SAM 940 Defender avec d\u00e9tecteur externe Quantum NaI et Neutron de 3.0&Prime; x 3.0&Prime; (76.2mm x 76.2mm).<\/li>\n<\/ul>\n<h4>FORMATION<\/h4>\n<ul>\n<li>SAM-TRAIN: Cours de formation en ligne pour SAM 940, conforme \u00e0 ANSI en mati\u00e8re de d\u00e9tection nucl\u00e9aire.<\/li>\n<\/ul>\n","protected":false},"excerpt":{"rendered":"<p>Barkeley Nucleonics SAM 940 Defender Identificateur Portatif d&rsquo;Isotope Radioactif Le SAM Defender peut surveiller et identifier les isotopes M\u00e9dicaux, Industriels et NORM en temps r\u00e9el (biblioth\u00e8que extensible d\u2019isotope). Il peut \u00e9galement proc\u00e9der \u00e0 l\u2019analyse spectrale, le calcul du d\u00e9bit de dose (rem ou Sv), la dose total, recherche de contaminant, enregistrement de donn\u00e9es et autres [&hellip;]<\/p>\n","protected":false},"featured_media":16404,"template":"","meta":{"_monsterinsights_skip_tracking":false,"_monsterinsights_sitenote_active":false,"_monsterinsights_sitenote_note":"","_monsterinsights_sitenote_category":0},"product_brand":[],"product_cat":[402,324,143],"product_tag":[],"class_list":{"0":"post-4863","1":"product","2":"type-product","3":"status-publish","4":"has-post-thumbnail","6":"product_cat-autres-marques","7":"product_cat-portails-radiologiques","8":"product_cat-radioprotection","10":"first","11":"instock","12":"shipping-taxable","13":"purchasable","14":"product-type-variable"},"yoast_head":"<!-- This site is optimized with the Yoast SEO plugin v23.9 - https:\/\/yoast.com\/wordpress\/plugins\/seo\/ -->\n<title>Berkeley Nucleonics SAM 940 Defender Identificateur Portatif d&#039;Isotope Radioactif &#060; Qualit\u00e9 NDE<\/title>\n<meta name=\"description\" content=\"SAM Defender surveille et identifie les isotopes M\u00e9dicaux, Industriels et NORM en temps r\u00e9el. R\u00e9pond et surpasse la norme ANSI 42.34 .\" \/>\n<meta name=\"robots\" content=\"index, follow, max-snippet:-1, max-image-preview:large, max-video-preview:-1\" \/>\n<link rel=\"canonical\" href=\"https:\/\/www.qnde.ca\/fr\/produit\/barkeley-nucleonics-sam\/\" \/>\n<meta name=\"twitter:label1\" content=\"Dur\u00e9e de lecture estim\u00e9e\" \/>\n\t<meta name=\"twitter:data1\" content=\"1 minute\" \/>\n<script type=\"application\/ld+json\" class=\"yoast-schema-graph\">{\"@context\":\"https:\/\/schema.org\",\"@graph\":[{\"@type\":[\"WebPage\",\"ItemPage\"],\"@id\":\"https:\/\/www.qnde.ca\/fr\/produit\/barkeley-nucleonics-sam\/\",\"url\":\"https:\/\/www.qnde.ca\/fr\/produit\/barkeley-nucleonics-sam\/\",\"name\":\"Berkeley Nucleonics SAM 940 Defender Identificateur Portatif d'Isotope Radioactif &#060; Qualit\u00e9 NDE\",\"isPartOf\":{\"@id\":\"https:\/\/www.qnde.ca\/#website\"},\"primaryImageOfPage\":{\"@id\":\"https:\/\/www.qnde.ca\/fr\/produit\/barkeley-nucleonics-sam\/#primaryimage\"},\"image\":{\"@id\":\"https:\/\/www.qnde.ca\/fr\/produit\/barkeley-nucleonics-sam\/#primaryimage\"},\"thumbnailUrl\":\"https:\/\/www.qnde.ca\/wp-content\/uploads\/2021\/02\/sam_940_2019.png\",\"datePublished\":\"2016-01-12T16:23:46+00:00\",\"dateModified\":\"2025-08-12T20:07:38+00:00\",\"description\":\"SAM Defender surveille et identifie les isotopes M\u00e9dicaux, Industriels et NORM en temps r\u00e9el. R\u00e9pond et surpasse la norme ANSI 42.34 .\",\"breadcrumb\":{\"@id\":\"https:\/\/www.qnde.ca\/fr\/produit\/barkeley-nucleonics-sam\/#breadcrumb\"},\"inLanguage\":\"fr-FR\",\"potentialAction\":[{\"@type\":\"ReadAction\",\"target\":[\"https:\/\/www.qnde.ca\/fr\/produit\/barkeley-nucleonics-sam\/\"]}]},{\"@type\":\"ImageObject\",\"inLanguage\":\"fr-FR\",\"@id\":\"https:\/\/www.qnde.ca\/fr\/produit\/barkeley-nucleonics-sam\/#primaryimage\",\"url\":\"https:\/\/www.qnde.ca\/wp-content\/uploads\/2021\/02\/sam_940_2019.png\",\"contentUrl\":\"https:\/\/www.qnde.ca\/wp-content\/uploads\/2021\/02\/sam_940_2019.png\",\"width\":640,\"height\":346},{\"@type\":\"BreadcrumbList\",\"@id\":\"https:\/\/www.qnde.ca\/fr\/produit\/barkeley-nucleonics-sam\/#breadcrumb\",\"itemListElement\":[{\"@type\":\"ListItem\",\"position\":1,\"name\":\"Accueil\",\"item\":\"https:\/\/www.qnde.ca\/fr\/\"},{\"@type\":\"ListItem\",\"position\":2,\"name\":\"Produits\",\"item\":\"https:\/\/www.qnde.ca\/fr\/produits\/\"},{\"@type\":\"ListItem\",\"position\":3,\"name\":\"Radiographie\",\"item\":\"https:\/\/www.qnde.ca\/fr\/product-category\/radiographie\/\"},{\"@type\":\"ListItem\",\"position\":4,\"name\":\"Portails Radiologiques\",\"item\":\"https:\/\/www.qnde.ca\/fr\/product-category\/radiographie\/portails-radiologiques\/\"},{\"@type\":\"ListItem\",\"position\":5,\"name\":\"Berkeley Nucleonics SAM 940 Defender Identificateur Portatif d&#8217;Isotope Radioactif\"}]},{\"@type\":\"WebSite\",\"@id\":\"https:\/\/www.qnde.ca\/#website\",\"url\":\"https:\/\/www.qnde.ca\/\",\"name\":\"Qualit\u00e9 NDE\",\"description\":\"\u00c9quipements d&#039;essais non destructifs \",\"publisher\":{\"@id\":\"https:\/\/www.qnde.ca\/#organization\"},\"potentialAction\":[{\"@type\":\"SearchAction\",\"target\":{\"@type\":\"EntryPoint\",\"urlTemplate\":\"https:\/\/www.qnde.ca\/?s={search_term_string}\"},\"query-input\":{\"@type\":\"PropertyValueSpecification\",\"valueRequired\":true,\"valueName\":\"search_term_string\"}}],\"inLanguage\":\"fr-FR\"},{\"@type\":\"Organization\",\"@id\":\"https:\/\/www.qnde.ca\/#organization\",\"name\":\"Quality NDT Ltd.\",\"url\":\"https:\/\/www.qnde.ca\/\",\"logo\":{\"@type\":\"ImageObject\",\"inLanguage\":\"fr-FR\",\"@id\":\"https:\/\/www.qnde.ca\/#\/schema\/logo\/image\/\",\"url\":\"https:\/\/www.qnde.ca\/wp-content\/uploads\/2022\/02\/QNDE_logo_RGB-gif.gif\",\"contentUrl\":\"https:\/\/www.qnde.ca\/wp-content\/uploads\/2022\/02\/QNDE_logo_RGB-gif.gif\",\"width\":250,\"height\":64,\"caption\":\"Quality NDT Ltd.\"},\"image\":{\"@id\":\"https:\/\/www.qnde.ca\/#\/schema\/logo\/image\/\"},\"sameAs\":[\"https:\/\/www.linkedin.com\/company\/qnde\/about\/?viewAsMember=true\"]}]}<\/script>\n<!-- \/ Yoast SEO plugin. -->","yoast_head_json":{"title":"Berkeley Nucleonics SAM 940 Defender Identificateur Portatif d'Isotope Radioactif &#060; Qualit\u00e9 NDE","description":"SAM Defender surveille et identifie les isotopes M\u00e9dicaux, Industriels et NORM en temps r\u00e9el. R\u00e9pond et surpasse la norme ANSI 42.34 .","robots":{"index":"index","follow":"follow","max-snippet":"max-snippet:-1","max-image-preview":"max-image-preview:large","max-video-preview":"max-video-preview:-1"},"canonical":"https:\/\/www.qnde.ca\/fr\/produit\/barkeley-nucleonics-sam\/","twitter_misc":{"Dur\u00e9e de lecture estim\u00e9e":"1 minute"},"schema":{"@context":"https:\/\/schema.org","@graph":[{"@type":["WebPage","ItemPage"],"@id":"https:\/\/www.qnde.ca\/fr\/produit\/barkeley-nucleonics-sam\/","url":"https:\/\/www.qnde.ca\/fr\/produit\/barkeley-nucleonics-sam\/","name":"Berkeley Nucleonics SAM 940 Defender Identificateur Portatif d'Isotope Radioactif &#060; Qualit\u00e9 NDE","isPartOf":{"@id":"https:\/\/www.qnde.ca\/#website"},"primaryImageOfPage":{"@id":"https:\/\/www.qnde.ca\/fr\/produit\/barkeley-nucleonics-sam\/#primaryimage"},"image":{"@id":"https:\/\/www.qnde.ca\/fr\/produit\/barkeley-nucleonics-sam\/#primaryimage"},"thumbnailUrl":"https:\/\/www.qnde.ca\/wp-content\/uploads\/2021\/02\/sam_940_2019.png","datePublished":"2016-01-12T16:23:46+00:00","dateModified":"2025-08-12T20:07:38+00:00","description":"SAM Defender surveille et identifie les isotopes M\u00e9dicaux, Industriels et NORM en temps r\u00e9el. R\u00e9pond et surpasse la norme ANSI 42.34 .","breadcrumb":{"@id":"https:\/\/www.qnde.ca\/fr\/produit\/barkeley-nucleonics-sam\/#breadcrumb"},"inLanguage":"fr-FR","potentialAction":[{"@type":"ReadAction","target":["https:\/\/www.qnde.ca\/fr\/produit\/barkeley-nucleonics-sam\/"]}]},{"@type":"ImageObject","inLanguage":"fr-FR","@id":"https:\/\/www.qnde.ca\/fr\/produit\/barkeley-nucleonics-sam\/#primaryimage","url":"https:\/\/www.qnde.ca\/wp-content\/uploads\/2021\/02\/sam_940_2019.png","contentUrl":"https:\/\/www.qnde.ca\/wp-content\/uploads\/2021\/02\/sam_940_2019.png","width":640,"height":346},{"@type":"BreadcrumbList","@id":"https:\/\/www.qnde.ca\/fr\/produit\/barkeley-nucleonics-sam\/#breadcrumb","itemListElement":[{"@type":"ListItem","position":1,"name":"Accueil","item":"https:\/\/www.qnde.ca\/fr\/"},{"@type":"ListItem","position":2,"name":"Produits","item":"https:\/\/www.qnde.ca\/fr\/produits\/"},{"@type":"ListItem","position":3,"name":"Radiographie","item":"https:\/\/www.qnde.ca\/fr\/product-category\/radiographie\/"},{"@type":"ListItem","position":4,"name":"Portails Radiologiques","item":"https:\/\/www.qnde.ca\/fr\/product-category\/radiographie\/portails-radiologiques\/"},{"@type":"ListItem","position":5,"name":"Berkeley Nucleonics SAM 940 Defender Identificateur Portatif d&#8217;Isotope Radioactif"}]},{"@type":"WebSite","@id":"https:\/\/www.qnde.ca\/#website","url":"https:\/\/www.qnde.ca\/","name":"Qualit\u00e9 NDE","description":"\u00c9quipements d&#039;essais non destructifs ","publisher":{"@id":"https:\/\/www.qnde.ca\/#organization"},"potentialAction":[{"@type":"SearchAction","target":{"@type":"EntryPoint","urlTemplate":"https:\/\/www.qnde.ca\/?s={search_term_string}"},"query-input":{"@type":"PropertyValueSpecification","valueRequired":true,"valueName":"search_term_string"}}],"inLanguage":"fr-FR"},{"@type":"Organization","@id":"https:\/\/www.qnde.ca\/#organization","name":"Quality NDT Ltd.","url":"https:\/\/www.qnde.ca\/","logo":{"@type":"ImageObject","inLanguage":"fr-FR","@id":"https:\/\/www.qnde.ca\/#\/schema\/logo\/image\/","url":"https:\/\/www.qnde.ca\/wp-content\/uploads\/2022\/02\/QNDE_logo_RGB-gif.gif","contentUrl":"https:\/\/www.qnde.ca\/wp-content\/uploads\/2022\/02\/QNDE_logo_RGB-gif.gif","width":250,"height":64,"caption":"Quality NDT Ltd."},"image":{"@id":"https:\/\/www.qnde.ca\/#\/schema\/logo\/image\/"},"sameAs":["https:\/\/www.linkedin.com\/company\/qnde\/about\/?viewAsMember=true"]}]}},"jetpack_sharing_enabled":true,"_links":{"self":[{"href":"https:\/\/www.qnde.ca\/fr\/wp-json\/wp\/v2\/product\/4863","targetHints":{"allow":["GET"]}}],"collection":[{"href":"https:\/\/www.qnde.ca\/fr\/wp-json\/wp\/v2\/product"}],"about":[{"href":"https:\/\/www.qnde.ca\/fr\/wp-json\/wp\/v2\/types\/product"}],"wp:featuredmedia":[{"embeddable":true,"href":"https:\/\/www.qnde.ca\/fr\/wp-json\/wp\/v2\/media\/16404"}],"wp:attachment":[{"href":"https:\/\/www.qnde.ca\/fr\/wp-json\/wp\/v2\/media?parent=4863"}],"wp:term":[{"taxonomy":"product_brand","embeddable":true,"href":"https:\/\/www.qnde.ca\/fr\/wp-json\/wp\/v2\/product_brand?post=4863"},{"taxonomy":"product_cat","embeddable":true,"href":"https:\/\/www.qnde.ca\/fr\/wp-json\/wp\/v2\/product_cat?post=4863"},{"taxonomy":"product_tag","embeddable":true,"href":"https:\/\/www.qnde.ca\/fr\/wp-json\/wp\/v2\/product_tag?post=4863"}],"curies":[{"name":"wp","href":"https:\/\/api.w.org\/{rel}","templated":true}]}}