{"id":4861,"date":"2016-01-12T16:19:50","date_gmt":"2016-01-12T16:19:50","guid":{"rendered":"https:\/\/www.qnde.ca\/?post_type=product&#038;p=4861"},"modified":"2022-11-10T14:18:10","modified_gmt":"2022-11-10T19:18:10","slug":"pinces-urgence-manche-long","status":"publish","type":"product","link":"https:\/\/www.qnde.ca\/fr\/produit\/pinces-urgence-manche-long\/","title":{"rendered":"QSA Global Pince d\u2019Urgence \u00e0 Long Manche"},"content":{"rendered":"<h3><strong>QSA Global Pince d\u2019Urgence \u00e0 Long Manche<\/strong><\/h3>\n<p>Pince \u00e0 long manche pour votre ensemble d\u2019urgence pour r\u00e9cup\u00e9ration de source, 78.75&Prime; (200cm) de long. Utiliser pour r\u00e9cup\u00e9rer une source radioactive ou pour ajouter des sacs de plomb pour blinder. La m\u00e2choire de type \u00ab\u00a0A\u00a0\u00bb peut s\u2019ouvrir jusqu\u2019\u00e0 2.48&Prime; (63mm).<\/p>\n<ul>\n<li>QEE2120: Pinces d\u2019urgence \u00e0 longs manches, 78.75&Prime; (200cm) long.<\/li>\n<\/ul>\n","protected":false},"excerpt":{"rendered":"<p>QSA Global Pince d\u2019Urgence \u00e0 Long Manche Pince \u00e0 long manche pour votre ensemble d\u2019urgence pour r\u00e9cup\u00e9ration de source, 78.75&Prime; (200cm) de long. Utiliser pour r\u00e9cup\u00e9rer une source radioactive ou pour ajouter des sacs de plomb pour blinder. La m\u00e2choire de type \u00ab\u00a0A\u00a0\u00bb peut s\u2019ouvrir jusqu\u2019\u00e0 2.48&Prime; (63mm). QEE2120: Pinces d\u2019urgence \u00e0 longs manches, 78.75&Prime; [&hellip;]<\/p>\n","protected":false},"featured_media":16411,"template":"","meta":{"_monsterinsights_skip_tracking":false,"_monsterinsights_sitenote_active":false,"_monsterinsights_sitenote_note":"","_monsterinsights_sitenote_category":0},"product_brand":[],"product_cat":[393,143],"product_tag":[],"class_list":{"0":"post-4861","1":"product","2":"type-product","3":"status-publish","4":"has-post-thumbnail","6":"product_cat-qsa-global-fr","7":"product_cat-radioprotection","9":"first","10":"instock","11":"shipping-taxable","12":"purchasable","13":"product-type-simple"},"yoast_head":"<!-- This site is optimized with the Yoast SEO plugin v23.9 - https:\/\/yoast.com\/wordpress\/plugins\/seo\/ -->\n<title>QSA Global Pince d\u2019Urgence \u00e0 Long Manche &#060; Qualit\u00e9 NDE<\/title>\n<meta name=\"description\" content=\"Pince \u00e0 long manche pour votre ensemble d\u2019urgence pour r\u00e9cup\u00e9ration de source.\" \/>\n<meta name=\"robots\" content=\"index, follow, max-snippet:-1, max-image-preview:large, max-video-preview:-1\" \/>\n<link rel=\"canonical\" href=\"https:\/\/www.qnde.ca\/fr\/produit\/pinces-urgence-manche-long\/\" \/>\n<meta name=\"twitter:label1\" content=\"Dur\u00e9e de lecture estim\u00e9e\" \/>\n\t<meta name=\"twitter:data1\" content=\"1 minute\" \/>\n<script type=\"application\/ld+json\" class=\"yoast-schema-graph\">{\"@context\":\"https:\/\/schema.org\",\"@graph\":[{\"@type\":[\"WebPage\",\"ItemPage\"],\"@id\":\"https:\/\/www.qnde.ca\/fr\/produit\/pinces-urgence-manche-long\/\",\"url\":\"https:\/\/www.qnde.ca\/fr\/produit\/pinces-urgence-manche-long\/\",\"name\":\"QSA Global Pince d\u2019Urgence \u00e0 Long Manche &#060; Qualit\u00e9 NDE\",\"isPartOf\":{\"@id\":\"https:\/\/www.qnde.ca\/#website\"},\"primaryImageOfPage\":{\"@id\":\"https:\/\/www.qnde.ca\/fr\/produit\/pinces-urgence-manche-long\/#primaryimage\"},\"image\":{\"@id\":\"https:\/\/www.qnde.ca\/fr\/produit\/pinces-urgence-manche-long\/#primaryimage\"},\"thumbnailUrl\":\"https:\/\/www.qnde.ca\/wp-content\/uploads\/2021\/02\/Isotope-Handling-Tongs-1.jpg\",\"datePublished\":\"2016-01-12T16:19:50+00:00\",\"dateModified\":\"2022-11-10T19:18:10+00:00\",\"description\":\"Pince \u00e0 long manche pour votre ensemble d\u2019urgence pour r\u00e9cup\u00e9ration de source.\",\"breadcrumb\":{\"@id\":\"https:\/\/www.qnde.ca\/fr\/produit\/pinces-urgence-manche-long\/#breadcrumb\"},\"inLanguage\":\"fr-FR\",\"potentialAction\":[{\"@type\":\"ReadAction\",\"target\":[\"https:\/\/www.qnde.ca\/fr\/produit\/pinces-urgence-manche-long\/\"]}]},{\"@type\":\"ImageObject\",\"inLanguage\":\"fr-FR\",\"@id\":\"https:\/\/www.qnde.ca\/fr\/produit\/pinces-urgence-manche-long\/#primaryimage\",\"url\":\"https:\/\/www.qnde.ca\/wp-content\/uploads\/2021\/02\/Isotope-Handling-Tongs-1.jpg\",\"contentUrl\":\"https:\/\/www.qnde.ca\/wp-content\/uploads\/2021\/02\/Isotope-Handling-Tongs-1.jpg\",\"width\":538,\"height\":406},{\"@type\":\"BreadcrumbList\",\"@id\":\"https:\/\/www.qnde.ca\/fr\/produit\/pinces-urgence-manche-long\/#breadcrumb\",\"itemListElement\":[{\"@type\":\"ListItem\",\"position\":1,\"name\":\"Accueil\",\"item\":\"https:\/\/www.qnde.ca\/fr\/\"},{\"@type\":\"ListItem\",\"position\":2,\"name\":\"Produits\",\"item\":\"https:\/\/www.qnde.ca\/fr\/produits\/\"},{\"@type\":\"ListItem\",\"position\":3,\"name\":\"Radiographie\",\"item\":\"https:\/\/www.qnde.ca\/fr\/product-category\/radiographie\/\"},{\"@type\":\"ListItem\",\"position\":4,\"name\":\"Radioprotection\",\"item\":\"https:\/\/www.qnde.ca\/fr\/product-category\/radiographie\/radioprotection\/\"},{\"@type\":\"ListItem\",\"position\":5,\"name\":\"QSA Global Pince d\u2019Urgence \u00e0 Long Manche\"}]},{\"@type\":\"WebSite\",\"@id\":\"https:\/\/www.qnde.ca\/#website\",\"url\":\"https:\/\/www.qnde.ca\/\",\"name\":\"Qualit\u00e9 NDE\",\"description\":\"\u00c9quipements d&#039;essais non destructifs \",\"publisher\":{\"@id\":\"https:\/\/www.qnde.ca\/#organization\"},\"potentialAction\":[{\"@type\":\"SearchAction\",\"target\":{\"@type\":\"EntryPoint\",\"urlTemplate\":\"https:\/\/www.qnde.ca\/?s={search_term_string}\"},\"query-input\":{\"@type\":\"PropertyValueSpecification\",\"valueRequired\":true,\"valueName\":\"search_term_string\"}}],\"inLanguage\":\"fr-FR\"},{\"@type\":\"Organization\",\"@id\":\"https:\/\/www.qnde.ca\/#organization\",\"name\":\"Quality NDT Ltd.\",\"url\":\"https:\/\/www.qnde.ca\/\",\"logo\":{\"@type\":\"ImageObject\",\"inLanguage\":\"fr-FR\",\"@id\":\"https:\/\/www.qnde.ca\/#\/schema\/logo\/image\/\",\"url\":\"https:\/\/www.qnde.ca\/wp-content\/uploads\/2022\/02\/QNDE_logo_RGB-gif.gif\",\"contentUrl\":\"https:\/\/www.qnde.ca\/wp-content\/uploads\/2022\/02\/QNDE_logo_RGB-gif.gif\",\"width\":250,\"height\":64,\"caption\":\"Quality NDT Ltd.\"},\"image\":{\"@id\":\"https:\/\/www.qnde.ca\/#\/schema\/logo\/image\/\"},\"sameAs\":[\"https:\/\/www.linkedin.com\/company\/qnde\/about\/?viewAsMember=true\"]}]}<\/script>\n<!-- \/ Yoast SEO plugin. -->","yoast_head_json":{"title":"QSA Global Pince d\u2019Urgence \u00e0 Long Manche &#060; Qualit\u00e9 NDE","description":"Pince \u00e0 long manche pour votre ensemble d\u2019urgence pour r\u00e9cup\u00e9ration de source.","robots":{"index":"index","follow":"follow","max-snippet":"max-snippet:-1","max-image-preview":"max-image-preview:large","max-video-preview":"max-video-preview:-1"},"canonical":"https:\/\/www.qnde.ca\/fr\/produit\/pinces-urgence-manche-long\/","twitter_misc":{"Dur\u00e9e de lecture estim\u00e9e":"1 minute"},"schema":{"@context":"https:\/\/schema.org","@graph":[{"@type":["WebPage","ItemPage"],"@id":"https:\/\/www.qnde.ca\/fr\/produit\/pinces-urgence-manche-long\/","url":"https:\/\/www.qnde.ca\/fr\/produit\/pinces-urgence-manche-long\/","name":"QSA Global Pince d\u2019Urgence \u00e0 Long Manche &#060; Qualit\u00e9 NDE","isPartOf":{"@id":"https:\/\/www.qnde.ca\/#website"},"primaryImageOfPage":{"@id":"https:\/\/www.qnde.ca\/fr\/produit\/pinces-urgence-manche-long\/#primaryimage"},"image":{"@id":"https:\/\/www.qnde.ca\/fr\/produit\/pinces-urgence-manche-long\/#primaryimage"},"thumbnailUrl":"https:\/\/www.qnde.ca\/wp-content\/uploads\/2021\/02\/Isotope-Handling-Tongs-1.jpg","datePublished":"2016-01-12T16:19:50+00:00","dateModified":"2022-11-10T19:18:10+00:00","description":"Pince \u00e0 long manche pour votre ensemble d\u2019urgence pour r\u00e9cup\u00e9ration de source.","breadcrumb":{"@id":"https:\/\/www.qnde.ca\/fr\/produit\/pinces-urgence-manche-long\/#breadcrumb"},"inLanguage":"fr-FR","potentialAction":[{"@type":"ReadAction","target":["https:\/\/www.qnde.ca\/fr\/produit\/pinces-urgence-manche-long\/"]}]},{"@type":"ImageObject","inLanguage":"fr-FR","@id":"https:\/\/www.qnde.ca\/fr\/produit\/pinces-urgence-manche-long\/#primaryimage","url":"https:\/\/www.qnde.ca\/wp-content\/uploads\/2021\/02\/Isotope-Handling-Tongs-1.jpg","contentUrl":"https:\/\/www.qnde.ca\/wp-content\/uploads\/2021\/02\/Isotope-Handling-Tongs-1.jpg","width":538,"height":406},{"@type":"BreadcrumbList","@id":"https:\/\/www.qnde.ca\/fr\/produit\/pinces-urgence-manche-long\/#breadcrumb","itemListElement":[{"@type":"ListItem","position":1,"name":"Accueil","item":"https:\/\/www.qnde.ca\/fr\/"},{"@type":"ListItem","position":2,"name":"Produits","item":"https:\/\/www.qnde.ca\/fr\/produits\/"},{"@type":"ListItem","position":3,"name":"Radiographie","item":"https:\/\/www.qnde.ca\/fr\/product-category\/radiographie\/"},{"@type":"ListItem","position":4,"name":"Radioprotection","item":"https:\/\/www.qnde.ca\/fr\/product-category\/radiographie\/radioprotection\/"},{"@type":"ListItem","position":5,"name":"QSA Global Pince d\u2019Urgence \u00e0 Long Manche"}]},{"@type":"WebSite","@id":"https:\/\/www.qnde.ca\/#website","url":"https:\/\/www.qnde.ca\/","name":"Qualit\u00e9 NDE","description":"\u00c9quipements d&#039;essais non destructifs ","publisher":{"@id":"https:\/\/www.qnde.ca\/#organization"},"potentialAction":[{"@type":"SearchAction","target":{"@type":"EntryPoint","urlTemplate":"https:\/\/www.qnde.ca\/?s={search_term_string}"},"query-input":{"@type":"PropertyValueSpecification","valueRequired":true,"valueName":"search_term_string"}}],"inLanguage":"fr-FR"},{"@type":"Organization","@id":"https:\/\/www.qnde.ca\/#organization","name":"Quality NDT Ltd.","url":"https:\/\/www.qnde.ca\/","logo":{"@type":"ImageObject","inLanguage":"fr-FR","@id":"https:\/\/www.qnde.ca\/#\/schema\/logo\/image\/","url":"https:\/\/www.qnde.ca\/wp-content\/uploads\/2022\/02\/QNDE_logo_RGB-gif.gif","contentUrl":"https:\/\/www.qnde.ca\/wp-content\/uploads\/2022\/02\/QNDE_logo_RGB-gif.gif","width":250,"height":64,"caption":"Quality NDT Ltd."},"image":{"@id":"https:\/\/www.qnde.ca\/#\/schema\/logo\/image\/"},"sameAs":["https:\/\/www.linkedin.com\/company\/qnde\/about\/?viewAsMember=true"]}]}},"jetpack_sharing_enabled":true,"_links":{"self":[{"href":"https:\/\/www.qnde.ca\/fr\/wp-json\/wp\/v2\/product\/4861","targetHints":{"allow":["GET"]}}],"collection":[{"href":"https:\/\/www.qnde.ca\/fr\/wp-json\/wp\/v2\/product"}],"about":[{"href":"https:\/\/www.qnde.ca\/fr\/wp-json\/wp\/v2\/types\/product"}],"wp:featuredmedia":[{"embeddable":true,"href":"https:\/\/www.qnde.ca\/fr\/wp-json\/wp\/v2\/media\/16411"}],"wp:attachment":[{"href":"https:\/\/www.qnde.ca\/fr\/wp-json\/wp\/v2\/media?parent=4861"}],"wp:term":[{"taxonomy":"product_brand","embeddable":true,"href":"https:\/\/www.qnde.ca\/fr\/wp-json\/wp\/v2\/product_brand?post=4861"},{"taxonomy":"product_cat","embeddable":true,"href":"https:\/\/www.qnde.ca\/fr\/wp-json\/wp\/v2\/product_cat?post=4861"},{"taxonomy":"product_tag","embeddable":true,"href":"https:\/\/www.qnde.ca\/fr\/wp-json\/wp\/v2\/product_tag?post=4861"}],"curies":[{"name":"wp","href":"https:\/\/api.w.org\/{rel}","templated":true}]}}