{"id":4844,"date":"2016-01-12T16:07:30","date_gmt":"2016-01-12T16:07:30","guid":{"rendered":"https:\/\/www.qnde.ca\/?post_type=product&#038;p=4844"},"modified":"2025-08-07T09:43:22","modified_gmt":"2025-08-07T13:43:22","slug":"penetrametres-astm-e747","status":"publish","type":"product","link":"https:\/\/www.qnde.ca\/fr\/produit\/penetrametres-astm-e747\/","title":{"rendered":"IQI \u00e0 Fil \u2013 ASTM E747"},"content":{"rendered":"<h3><strong>IQI \u00e0 Fil \u2013 ASTM E747<\/strong><\/h3>\n<p>Les p\u00e9n\u00e9tram\u00e8tres \u00e0 fil ASTM E747 sont accept\u00e9s par ASME V et AWS comme alternative aux plaques IQI. Encapsul\u00e9s dans du vinyle pour la durabilit\u00e9, ils sont offerts en 4 ensembles (A, B, C et D) en stainless, aluminium et cuivre. Les ensembles A et B sont aussi disponibles en Inconel et Titane.<\/p>\n<p>Ci-dessous les p\u00e9n\u00e9tram\u00e8tres les plus communs:<\/p>\n<ul>\n<li>QPX2010: P\u00e9n\u00e9tram\u00e8tres \u00e0 fil ASTM E747-97, ensemble A \u2013 stainless, 2&Prime; long.<\/li>\n<li>QPX2012: P\u00e9n\u00e9tram\u00e8tres \u00e0 fil ASTM E747-97, ensemble B \u2013 stainless, 2&Prime; long.<\/li>\n<li>QPX2014: P\u00e9n\u00e9tram\u00e8tres \u00e0 fil ASTM E747-97, ensemble C \u2013 stainless, 2&Prime; long.<\/li>\n<li>QPX2016: P\u00e9n\u00e9tram\u00e8tres \u00e0 fil ASTM E747-97, ensemble D \u2013 stainless, 2&Prime; long.<\/li>\n<\/ul>\n<p>* Aussi disponible en aluminium et cuivre.<\/p>\n<p>&nbsp;<\/p>\n<ul>\n<li>QPX2018: P\u00e9n\u00e9tram\u00e8tres \u00e0 fil ASTM E747-97, ensemble A \u2013 Titane, 2&Prime; long.<\/li>\n<li>QPX2020: P\u00e9n\u00e9tram\u00e8tres \u00e0 fil ASTM E747-97, ensemble B \u2013 Titane, 2&Prime; long.<\/li>\n<\/ul>\n<p>* Aussi disponible en Inconel<\/p>\n","protected":false},"excerpt":{"rendered":"<p>IQI \u00e0 Fil \u2013 ASTM E747 Les p\u00e9n\u00e9tram\u00e8tres \u00e0 fil ASTM E747 sont accept\u00e9s par ASME V et AWS comme alternative aux plaques IQI. Encapsul\u00e9s dans du vinyle pour la durabilit\u00e9, ils sont offerts en 4 ensembles (A, B, C et D) en stainless, aluminium et cuivre. Les ensembles A et B sont aussi disponibles [&hellip;]<\/p>\n","protected":false},"featured_media":28752,"template":"","meta":{"_monsterinsights_skip_tracking":false,"_monsterinsights_sitenote_active":false,"_monsterinsights_sitenote_note":"","_monsterinsights_sitenote_category":0},"product_brand":[],"product_cat":[402,144],"product_tag":[],"class_list":{"0":"post-4844","1":"product","2":"type-product","3":"status-publish","4":"has-post-thumbnail","6":"product_cat-autres-marques","7":"product_cat-accessoires-exposition","9":"first","10":"instock","11":"shipping-taxable","12":"purchasable","13":"product-type-variable"},"yoast_head":"<!-- This site is optimized with the Yoast SEO plugin v23.9 - https:\/\/yoast.com\/wordpress\/plugins\/seo\/ -->\n<title>IQI \u00e0 Fil \u2013 ASTM E747 &#060; Qualit\u00e9 NDE<\/title>\n<meta name=\"description\" content=\"P\u00e9n\u00e9tram\u00e8tres \u00e0 fil ASTM E747 sont accept\u00e9s par ASME V et AWS comme alternative aux plaques IQI. Encapsul\u00e9s dans du vinyle pour la durabilit\u00e9.\" \/>\n<meta name=\"robots\" content=\"index, follow, max-snippet:-1, max-image-preview:large, max-video-preview:-1\" \/>\n<link rel=\"canonical\" href=\"https:\/\/www.qnde.ca\/fr\/produit\/penetrametres-astm-e747\/\" \/>\n<meta name=\"twitter:label1\" content=\"Dur\u00e9e de lecture estim\u00e9e\" \/>\n\t<meta name=\"twitter:data1\" content=\"1 minute\" \/>\n<script type=\"application\/ld+json\" class=\"yoast-schema-graph\">{\"@context\":\"https:\/\/schema.org\",\"@graph\":[{\"@type\":[\"WebPage\",\"ItemPage\"],\"@id\":\"https:\/\/www.qnde.ca\/fr\/produit\/penetrametres-astm-e747\/\",\"url\":\"https:\/\/www.qnde.ca\/fr\/produit\/penetrametres-astm-e747\/\",\"name\":\"IQI \u00e0 Fil \u2013 ASTM E747 &#060; Qualit\u00e9 NDE\",\"isPartOf\":{\"@id\":\"https:\/\/www.qnde.ca\/#website\"},\"primaryImageOfPage\":{\"@id\":\"https:\/\/www.qnde.ca\/fr\/produit\/penetrametres-astm-e747\/#primaryimage\"},\"image\":{\"@id\":\"https:\/\/www.qnde.ca\/fr\/produit\/penetrametres-astm-e747\/#primaryimage\"},\"thumbnailUrl\":\"https:\/\/www.qnde.ca\/wp-content\/uploads\/2016\/01\/IQI-small.png\",\"datePublished\":\"2016-01-12T16:07:30+00:00\",\"dateModified\":\"2025-08-07T13:43:22+00:00\",\"description\":\"P\u00e9n\u00e9tram\u00e8tres \u00e0 fil ASTM E747 sont accept\u00e9s par ASME V et AWS comme alternative aux plaques IQI. Encapsul\u00e9s dans du vinyle pour la durabilit\u00e9.\",\"breadcrumb\":{\"@id\":\"https:\/\/www.qnde.ca\/fr\/produit\/penetrametres-astm-e747\/#breadcrumb\"},\"inLanguage\":\"fr-FR\",\"potentialAction\":[{\"@type\":\"ReadAction\",\"target\":[\"https:\/\/www.qnde.ca\/fr\/produit\/penetrametres-astm-e747\/\"]}]},{\"@type\":\"ImageObject\",\"inLanguage\":\"fr-FR\",\"@id\":\"https:\/\/www.qnde.ca\/fr\/produit\/penetrametres-astm-e747\/#primaryimage\",\"url\":\"https:\/\/www.qnde.ca\/wp-content\/uploads\/2016\/01\/IQI-small.png\",\"contentUrl\":\"https:\/\/www.qnde.ca\/wp-content\/uploads\/2016\/01\/IQI-small.png\",\"width\":766,\"height\":346},{\"@type\":\"BreadcrumbList\",\"@id\":\"https:\/\/www.qnde.ca\/fr\/produit\/penetrametres-astm-e747\/#breadcrumb\",\"itemListElement\":[{\"@type\":\"ListItem\",\"position\":1,\"name\":\"Accueil\",\"item\":\"https:\/\/www.qnde.ca\/fr\/\"},{\"@type\":\"ListItem\",\"position\":2,\"name\":\"Produits\",\"item\":\"https:\/\/www.qnde.ca\/fr\/produits\/\"},{\"@type\":\"ListItem\",\"position\":3,\"name\":\"Marques\",\"item\":\"https:\/\/www.qnde.ca\/fr\/product-category\/marques\/\"},{\"@type\":\"ListItem\",\"position\":4,\"name\":\"Autres Marques\",\"item\":\"https:\/\/www.qnde.ca\/fr\/product-category\/marques\/autres-marques\/\"},{\"@type\":\"ListItem\",\"position\":5,\"name\":\"IQI \u00e0 Fil \u2013 ASTM E747\"}]},{\"@type\":\"WebSite\",\"@id\":\"https:\/\/www.qnde.ca\/#website\",\"url\":\"https:\/\/www.qnde.ca\/\",\"name\":\"Qualit\u00e9 NDE\",\"description\":\"\u00c9quipements d&#039;essais non destructifs \",\"publisher\":{\"@id\":\"https:\/\/www.qnde.ca\/#organization\"},\"potentialAction\":[{\"@type\":\"SearchAction\",\"target\":{\"@type\":\"EntryPoint\",\"urlTemplate\":\"https:\/\/www.qnde.ca\/?s={search_term_string}\"},\"query-input\":{\"@type\":\"PropertyValueSpecification\",\"valueRequired\":true,\"valueName\":\"search_term_string\"}}],\"inLanguage\":\"fr-FR\"},{\"@type\":\"Organization\",\"@id\":\"https:\/\/www.qnde.ca\/#organization\",\"name\":\"Quality NDT Ltd.\",\"url\":\"https:\/\/www.qnde.ca\/\",\"logo\":{\"@type\":\"ImageObject\",\"inLanguage\":\"fr-FR\",\"@id\":\"https:\/\/www.qnde.ca\/#\/schema\/logo\/image\/\",\"url\":\"https:\/\/www.qnde.ca\/wp-content\/uploads\/2022\/02\/QNDE_logo_RGB-gif.gif\",\"contentUrl\":\"https:\/\/www.qnde.ca\/wp-content\/uploads\/2022\/02\/QNDE_logo_RGB-gif.gif\",\"width\":250,\"height\":64,\"caption\":\"Quality NDT Ltd.\"},\"image\":{\"@id\":\"https:\/\/www.qnde.ca\/#\/schema\/logo\/image\/\"},\"sameAs\":[\"https:\/\/www.linkedin.com\/company\/qnde\/about\/?viewAsMember=true\"]}]}<\/script>\n<!-- \/ Yoast SEO plugin. -->","yoast_head_json":{"title":"IQI \u00e0 Fil \u2013 ASTM E747 &#060; Qualit\u00e9 NDE","description":"P\u00e9n\u00e9tram\u00e8tres \u00e0 fil ASTM E747 sont accept\u00e9s par ASME V et AWS comme alternative aux plaques IQI. Encapsul\u00e9s dans du vinyle pour la durabilit\u00e9.","robots":{"index":"index","follow":"follow","max-snippet":"max-snippet:-1","max-image-preview":"max-image-preview:large","max-video-preview":"max-video-preview:-1"},"canonical":"https:\/\/www.qnde.ca\/fr\/produit\/penetrametres-astm-e747\/","twitter_misc":{"Dur\u00e9e de lecture estim\u00e9e":"1 minute"},"schema":{"@context":"https:\/\/schema.org","@graph":[{"@type":["WebPage","ItemPage"],"@id":"https:\/\/www.qnde.ca\/fr\/produit\/penetrametres-astm-e747\/","url":"https:\/\/www.qnde.ca\/fr\/produit\/penetrametres-astm-e747\/","name":"IQI \u00e0 Fil \u2013 ASTM E747 &#060; Qualit\u00e9 NDE","isPartOf":{"@id":"https:\/\/www.qnde.ca\/#website"},"primaryImageOfPage":{"@id":"https:\/\/www.qnde.ca\/fr\/produit\/penetrametres-astm-e747\/#primaryimage"},"image":{"@id":"https:\/\/www.qnde.ca\/fr\/produit\/penetrametres-astm-e747\/#primaryimage"},"thumbnailUrl":"https:\/\/www.qnde.ca\/wp-content\/uploads\/2016\/01\/IQI-small.png","datePublished":"2016-01-12T16:07:30+00:00","dateModified":"2025-08-07T13:43:22+00:00","description":"P\u00e9n\u00e9tram\u00e8tres \u00e0 fil ASTM E747 sont accept\u00e9s par ASME V et AWS comme alternative aux plaques IQI. Encapsul\u00e9s dans du vinyle pour la durabilit\u00e9.","breadcrumb":{"@id":"https:\/\/www.qnde.ca\/fr\/produit\/penetrametres-astm-e747\/#breadcrumb"},"inLanguage":"fr-FR","potentialAction":[{"@type":"ReadAction","target":["https:\/\/www.qnde.ca\/fr\/produit\/penetrametres-astm-e747\/"]}]},{"@type":"ImageObject","inLanguage":"fr-FR","@id":"https:\/\/www.qnde.ca\/fr\/produit\/penetrametres-astm-e747\/#primaryimage","url":"https:\/\/www.qnde.ca\/wp-content\/uploads\/2016\/01\/IQI-small.png","contentUrl":"https:\/\/www.qnde.ca\/wp-content\/uploads\/2016\/01\/IQI-small.png","width":766,"height":346},{"@type":"BreadcrumbList","@id":"https:\/\/www.qnde.ca\/fr\/produit\/penetrametres-astm-e747\/#breadcrumb","itemListElement":[{"@type":"ListItem","position":1,"name":"Accueil","item":"https:\/\/www.qnde.ca\/fr\/"},{"@type":"ListItem","position":2,"name":"Produits","item":"https:\/\/www.qnde.ca\/fr\/produits\/"},{"@type":"ListItem","position":3,"name":"Marques","item":"https:\/\/www.qnde.ca\/fr\/product-category\/marques\/"},{"@type":"ListItem","position":4,"name":"Autres Marques","item":"https:\/\/www.qnde.ca\/fr\/product-category\/marques\/autres-marques\/"},{"@type":"ListItem","position":5,"name":"IQI \u00e0 Fil \u2013 ASTM E747"}]},{"@type":"WebSite","@id":"https:\/\/www.qnde.ca\/#website","url":"https:\/\/www.qnde.ca\/","name":"Qualit\u00e9 NDE","description":"\u00c9quipements d&#039;essais non destructifs ","publisher":{"@id":"https:\/\/www.qnde.ca\/#organization"},"potentialAction":[{"@type":"SearchAction","target":{"@type":"EntryPoint","urlTemplate":"https:\/\/www.qnde.ca\/?s={search_term_string}"},"query-input":{"@type":"PropertyValueSpecification","valueRequired":true,"valueName":"search_term_string"}}],"inLanguage":"fr-FR"},{"@type":"Organization","@id":"https:\/\/www.qnde.ca\/#organization","name":"Quality NDT Ltd.","url":"https:\/\/www.qnde.ca\/","logo":{"@type":"ImageObject","inLanguage":"fr-FR","@id":"https:\/\/www.qnde.ca\/#\/schema\/logo\/image\/","url":"https:\/\/www.qnde.ca\/wp-content\/uploads\/2022\/02\/QNDE_logo_RGB-gif.gif","contentUrl":"https:\/\/www.qnde.ca\/wp-content\/uploads\/2022\/02\/QNDE_logo_RGB-gif.gif","width":250,"height":64,"caption":"Quality NDT Ltd."},"image":{"@id":"https:\/\/www.qnde.ca\/#\/schema\/logo\/image\/"},"sameAs":["https:\/\/www.linkedin.com\/company\/qnde\/about\/?viewAsMember=true"]}]}},"jetpack_sharing_enabled":true,"_links":{"self":[{"href":"https:\/\/www.qnde.ca\/fr\/wp-json\/wp\/v2\/product\/4844","targetHints":{"allow":["GET"]}}],"collection":[{"href":"https:\/\/www.qnde.ca\/fr\/wp-json\/wp\/v2\/product"}],"about":[{"href":"https:\/\/www.qnde.ca\/fr\/wp-json\/wp\/v2\/types\/product"}],"wp:featuredmedia":[{"embeddable":true,"href":"https:\/\/www.qnde.ca\/fr\/wp-json\/wp\/v2\/media\/28752"}],"wp:attachment":[{"href":"https:\/\/www.qnde.ca\/fr\/wp-json\/wp\/v2\/media?parent=4844"}],"wp:term":[{"taxonomy":"product_brand","embeddable":true,"href":"https:\/\/www.qnde.ca\/fr\/wp-json\/wp\/v2\/product_brand?post=4844"},{"taxonomy":"product_cat","embeddable":true,"href":"https:\/\/www.qnde.ca\/fr\/wp-json\/wp\/v2\/product_cat?post=4844"},{"taxonomy":"product_tag","embeddable":true,"href":"https:\/\/www.qnde.ca\/fr\/wp-json\/wp\/v2\/product_tag?post=4844"}],"curies":[{"name":"wp","href":"https:\/\/api.w.org\/{rel}","templated":true}]}}