{"id":4834,"date":"2016-01-12T16:00:14","date_gmt":"2016-01-12T16:00:14","guid":{"rendered":"https:\/\/www.qnde.ca\/?post_type=product&#038;p=4834"},"modified":"2025-08-19T09:16:31","modified_gmt":"2025-08-19T13:16:31","slug":"nd-3000-0-10rhr-indicateur-de-radiation-pour-radiographie-gamma","status":"publish","type":"product","link":"https:\/\/www.qnde.ca\/fr\/produit\/nd-3000-0-10rhr-indicateur-de-radiation-pour-radiographie-gamma\/","title":{"rendered":"NDS Products ND-3000 0-10R\/hr Indicateur de radiation pour radiographie Gamma"},"content":{"rendered":"<h3 id=\"ctl01_ctl00_cphMainContent_ProductTitle\">NDS Products ND-3000 0-10R\/hr Indicateur de radiation pour radiographie Gamma<\/h3>\n<div>\n<p>Indicateur de radiation robuste, l\u00e9ger, \u00e0 l&rsquo;\u00e9preuve de la poussi\u00e8re et \u00e0 5 variations 0-10 R\/hr, en fibre de verre de nylon renforc\u00e9.<\/p>\n<ul>\n<li>Variations de 0-10,000, 0-1000, 0-100, 0-10, 0-1 mR\/hr et 0-100,000, 0-10,000, 0-1000, 0-100, 0-10 uSv\/hr.<\/li>\n<li>Voltages bas et \u00e9lev\u00e9s r\u00e9glement\u00e9s<\/li>\n<li>Deux tubes halog\u00e8nes GM \u00e0 \u00e9nergie compens\u00e9e.<\/li>\n<li>Requiert deux piles \u00ab\u00a0D\u00a0\u00bb.<\/li>\n<li>R\u00e9ponse d&rsquo;\u00e9nergie \u00e0 20% de 80-2000 KeV rayons X et gamma.<\/li>\n<li>Potentiom\u00e8tres en m\u00e9tal robuste, \u00e0 calibration individuelle pour chaque variation de mouvement \u00e0 3.5&Prime;<\/li>\n<li>4.4&Prime;W x 7.75&Prime;L X 6.25&Prime;H avec la poign\u00e9e.<\/li>\n<li class=\"shover\">3 livres 14 onces avec les piles.<\/li>\n<\/ul>\n<\/div>\n<h4>QSM1005A<\/h4>\n<ul>\n<li>Indicateur de radiation pour radiographie gamma, ND-3000A avec alarme audio.<\/li>\n<\/ul>\n<h4>QSM1005<\/h4>\n<ul>\n<li>Indicateur de radiation pour radiographie gamma, ND-3000.<\/li>\n<\/ul>\n","protected":false},"excerpt":{"rendered":"<p>NDS Products ND-3000 0-10R\/hr Indicateur de radiation pour radiographie Gamma Indicateur de radiation robuste, l\u00e9ger, \u00e0 l&rsquo;\u00e9preuve de la poussi\u00e8re et \u00e0 5 variations 0-10 R\/hr, en fibre de verre de nylon renforc\u00e9. Variations de 0-10,000, 0-1000, 0-100, 0-10, 0-1 mR\/hr et 0-100,000, 0-10,000, 0-1000, 0-100, 0-10 uSv\/hr. Voltages bas et \u00e9lev\u00e9s r\u00e9glement\u00e9s Deux tubes [&hellip;]<\/p>\n","protected":false},"featured_media":4835,"template":"","meta":{"_monsterinsights_skip_tracking":false,"_monsterinsights_sitenote_active":false,"_monsterinsights_sitenote_note":"","_monsterinsights_sitenote_category":0},"product_brand":[],"product_cat":[402,143],"product_tag":[],"class_list":{"0":"post-4834","1":"product","2":"type-product","3":"status-publish","4":"has-post-thumbnail","6":"product_cat-autres-marques","7":"product_cat-radioprotection","9":"first","10":"instock","11":"shipping-taxable","12":"purchasable","13":"product-type-variable"},"yoast_head":"<!-- This site is optimized with the Yoast SEO plugin v23.9 - https:\/\/yoast.com\/wordpress\/plugins\/seo\/ -->\n<title>NDS Products ND-3000 0-10R\/hr Indicateur de radiation pour radiographie Gamma &#060; Qualit\u00e9 NDE<\/title>\n<meta name=\"description\" content=\"NDS Products ND-3000 0-10R, Indicateur de radiation pour radiographie Gamma. 5 variations 0-10 R\/hr en fibre de verre de nylon renforc\u00e9.\" \/>\n<meta name=\"robots\" content=\"index, follow, max-snippet:-1, max-image-preview:large, max-video-preview:-1\" \/>\n<link rel=\"canonical\" href=\"https:\/\/www.qnde.ca\/fr\/produit\/nd-3000-0-10rhr-indicateur-de-radiation-pour-radiographie-gamma\/\" \/>\n<meta name=\"twitter:label1\" content=\"Dur\u00e9e de lecture estim\u00e9e\" \/>\n\t<meta name=\"twitter:data1\" content=\"1 minute\" \/>\n<script type=\"application\/ld+json\" class=\"yoast-schema-graph\">{\"@context\":\"https:\/\/schema.org\",\"@graph\":[{\"@type\":[\"WebPage\",\"ItemPage\"],\"@id\":\"https:\/\/www.qnde.ca\/fr\/produit\/nd-3000-0-10rhr-indicateur-de-radiation-pour-radiographie-gamma\/\",\"url\":\"https:\/\/www.qnde.ca\/fr\/produit\/nd-3000-0-10rhr-indicateur-de-radiation-pour-radiographie-gamma\/\",\"name\":\"NDS Products ND-3000 0-10R\/hr Indicateur de radiation pour radiographie Gamma &#060; Qualit\u00e9 NDE\",\"isPartOf\":{\"@id\":\"https:\/\/www.qnde.ca\/#website\"},\"primaryImageOfPage\":{\"@id\":\"https:\/\/www.qnde.ca\/fr\/produit\/nd-3000-0-10rhr-indicateur-de-radiation-pour-radiographie-gamma\/#primaryimage\"},\"image\":{\"@id\":\"https:\/\/www.qnde.ca\/fr\/produit\/nd-3000-0-10rhr-indicateur-de-radiation-pour-radiographie-gamma\/#primaryimage\"},\"thumbnailUrl\":\"https:\/\/www.qnde.ca\/wp-content\/uploads\/2016\/01\/ND-3000-0-10R-hr-Indicateur-de-radiation-pour-radiographie-Gamma.jpg\",\"datePublished\":\"2016-01-12T16:00:14+00:00\",\"dateModified\":\"2025-08-19T13:16:31+00:00\",\"description\":\"NDS Products ND-3000 0-10R, Indicateur de radiation pour radiographie Gamma. 5 variations 0-10 R\/hr en fibre de verre de nylon renforc\u00e9.\",\"breadcrumb\":{\"@id\":\"https:\/\/www.qnde.ca\/fr\/produit\/nd-3000-0-10rhr-indicateur-de-radiation-pour-radiographie-gamma\/#breadcrumb\"},\"inLanguage\":\"fr-FR\",\"potentialAction\":[{\"@type\":\"ReadAction\",\"target\":[\"https:\/\/www.qnde.ca\/fr\/produit\/nd-3000-0-10rhr-indicateur-de-radiation-pour-radiographie-gamma\/\"]}]},{\"@type\":\"ImageObject\",\"inLanguage\":\"fr-FR\",\"@id\":\"https:\/\/www.qnde.ca\/fr\/produit\/nd-3000-0-10rhr-indicateur-de-radiation-pour-radiographie-gamma\/#primaryimage\",\"url\":\"https:\/\/www.qnde.ca\/wp-content\/uploads\/2016\/01\/ND-3000-0-10R-hr-Indicateur-de-radiation-pour-radiographie-Gamma.jpg\",\"contentUrl\":\"https:\/\/www.qnde.ca\/wp-content\/uploads\/2016\/01\/ND-3000-0-10R-hr-Indicateur-de-radiation-pour-radiographie-Gamma.jpg\",\"width\":200,\"height\":217},{\"@type\":\"BreadcrumbList\",\"@id\":\"https:\/\/www.qnde.ca\/fr\/produit\/nd-3000-0-10rhr-indicateur-de-radiation-pour-radiographie-gamma\/#breadcrumb\",\"itemListElement\":[{\"@type\":\"ListItem\",\"position\":1,\"name\":\"Accueil\",\"item\":\"https:\/\/www.qnde.ca\/fr\/\"},{\"@type\":\"ListItem\",\"position\":2,\"name\":\"Produits\",\"item\":\"https:\/\/www.qnde.ca\/fr\/produits\/\"},{\"@type\":\"ListItem\",\"position\":3,\"name\":\"Marques\",\"item\":\"https:\/\/www.qnde.ca\/fr\/product-category\/marques\/\"},{\"@type\":\"ListItem\",\"position\":4,\"name\":\"Autres Marques\",\"item\":\"https:\/\/www.qnde.ca\/fr\/product-category\/marques\/autres-marques\/\"},{\"@type\":\"ListItem\",\"position\":5,\"name\":\"NDS Products ND-3000 0-10R\/hr Indicateur de radiation pour radiographie Gamma\"}]},{\"@type\":\"WebSite\",\"@id\":\"https:\/\/www.qnde.ca\/#website\",\"url\":\"https:\/\/www.qnde.ca\/\",\"name\":\"Qualit\u00e9 NDE\",\"description\":\"\u00c9quipements d&#039;essais non destructifs \",\"publisher\":{\"@id\":\"https:\/\/www.qnde.ca\/#organization\"},\"potentialAction\":[{\"@type\":\"SearchAction\",\"target\":{\"@type\":\"EntryPoint\",\"urlTemplate\":\"https:\/\/www.qnde.ca\/?s={search_term_string}\"},\"query-input\":{\"@type\":\"PropertyValueSpecification\",\"valueRequired\":true,\"valueName\":\"search_term_string\"}}],\"inLanguage\":\"fr-FR\"},{\"@type\":\"Organization\",\"@id\":\"https:\/\/www.qnde.ca\/#organization\",\"name\":\"Quality NDT Ltd.\",\"url\":\"https:\/\/www.qnde.ca\/\",\"logo\":{\"@type\":\"ImageObject\",\"inLanguage\":\"fr-FR\",\"@id\":\"https:\/\/www.qnde.ca\/#\/schema\/logo\/image\/\",\"url\":\"https:\/\/www.qnde.ca\/wp-content\/uploads\/2022\/02\/QNDE_logo_RGB-gif.gif\",\"contentUrl\":\"https:\/\/www.qnde.ca\/wp-content\/uploads\/2022\/02\/QNDE_logo_RGB-gif.gif\",\"width\":250,\"height\":64,\"caption\":\"Quality NDT Ltd.\"},\"image\":{\"@id\":\"https:\/\/www.qnde.ca\/#\/schema\/logo\/image\/\"},\"sameAs\":[\"https:\/\/www.linkedin.com\/company\/qnde\/about\/?viewAsMember=true\"]}]}<\/script>\n<!-- \/ Yoast SEO plugin. -->","yoast_head_json":{"title":"NDS Products ND-3000 0-10R\/hr Indicateur de radiation pour radiographie Gamma &#060; Qualit\u00e9 NDE","description":"NDS Products ND-3000 0-10R, Indicateur de radiation pour radiographie Gamma. 5 variations 0-10 R\/hr en fibre de verre de nylon renforc\u00e9.","robots":{"index":"index","follow":"follow","max-snippet":"max-snippet:-1","max-image-preview":"max-image-preview:large","max-video-preview":"max-video-preview:-1"},"canonical":"https:\/\/www.qnde.ca\/fr\/produit\/nd-3000-0-10rhr-indicateur-de-radiation-pour-radiographie-gamma\/","twitter_misc":{"Dur\u00e9e de lecture estim\u00e9e":"1 minute"},"schema":{"@context":"https:\/\/schema.org","@graph":[{"@type":["WebPage","ItemPage"],"@id":"https:\/\/www.qnde.ca\/fr\/produit\/nd-3000-0-10rhr-indicateur-de-radiation-pour-radiographie-gamma\/","url":"https:\/\/www.qnde.ca\/fr\/produit\/nd-3000-0-10rhr-indicateur-de-radiation-pour-radiographie-gamma\/","name":"NDS Products ND-3000 0-10R\/hr Indicateur de radiation pour radiographie Gamma &#060; Qualit\u00e9 NDE","isPartOf":{"@id":"https:\/\/www.qnde.ca\/#website"},"primaryImageOfPage":{"@id":"https:\/\/www.qnde.ca\/fr\/produit\/nd-3000-0-10rhr-indicateur-de-radiation-pour-radiographie-gamma\/#primaryimage"},"image":{"@id":"https:\/\/www.qnde.ca\/fr\/produit\/nd-3000-0-10rhr-indicateur-de-radiation-pour-radiographie-gamma\/#primaryimage"},"thumbnailUrl":"https:\/\/www.qnde.ca\/wp-content\/uploads\/2016\/01\/ND-3000-0-10R-hr-Indicateur-de-radiation-pour-radiographie-Gamma.jpg","datePublished":"2016-01-12T16:00:14+00:00","dateModified":"2025-08-19T13:16:31+00:00","description":"NDS Products ND-3000 0-10R, Indicateur de radiation pour radiographie Gamma. 5 variations 0-10 R\/hr en fibre de verre de nylon renforc\u00e9.","breadcrumb":{"@id":"https:\/\/www.qnde.ca\/fr\/produit\/nd-3000-0-10rhr-indicateur-de-radiation-pour-radiographie-gamma\/#breadcrumb"},"inLanguage":"fr-FR","potentialAction":[{"@type":"ReadAction","target":["https:\/\/www.qnde.ca\/fr\/produit\/nd-3000-0-10rhr-indicateur-de-radiation-pour-radiographie-gamma\/"]}]},{"@type":"ImageObject","inLanguage":"fr-FR","@id":"https:\/\/www.qnde.ca\/fr\/produit\/nd-3000-0-10rhr-indicateur-de-radiation-pour-radiographie-gamma\/#primaryimage","url":"https:\/\/www.qnde.ca\/wp-content\/uploads\/2016\/01\/ND-3000-0-10R-hr-Indicateur-de-radiation-pour-radiographie-Gamma.jpg","contentUrl":"https:\/\/www.qnde.ca\/wp-content\/uploads\/2016\/01\/ND-3000-0-10R-hr-Indicateur-de-radiation-pour-radiographie-Gamma.jpg","width":200,"height":217},{"@type":"BreadcrumbList","@id":"https:\/\/www.qnde.ca\/fr\/produit\/nd-3000-0-10rhr-indicateur-de-radiation-pour-radiographie-gamma\/#breadcrumb","itemListElement":[{"@type":"ListItem","position":1,"name":"Accueil","item":"https:\/\/www.qnde.ca\/fr\/"},{"@type":"ListItem","position":2,"name":"Produits","item":"https:\/\/www.qnde.ca\/fr\/produits\/"},{"@type":"ListItem","position":3,"name":"Marques","item":"https:\/\/www.qnde.ca\/fr\/product-category\/marques\/"},{"@type":"ListItem","position":4,"name":"Autres Marques","item":"https:\/\/www.qnde.ca\/fr\/product-category\/marques\/autres-marques\/"},{"@type":"ListItem","position":5,"name":"NDS Products ND-3000 0-10R\/hr Indicateur de radiation pour radiographie Gamma"}]},{"@type":"WebSite","@id":"https:\/\/www.qnde.ca\/#website","url":"https:\/\/www.qnde.ca\/","name":"Qualit\u00e9 NDE","description":"\u00c9quipements d&#039;essais non destructifs ","publisher":{"@id":"https:\/\/www.qnde.ca\/#organization"},"potentialAction":[{"@type":"SearchAction","target":{"@type":"EntryPoint","urlTemplate":"https:\/\/www.qnde.ca\/?s={search_term_string}"},"query-input":{"@type":"PropertyValueSpecification","valueRequired":true,"valueName":"search_term_string"}}],"inLanguage":"fr-FR"},{"@type":"Organization","@id":"https:\/\/www.qnde.ca\/#organization","name":"Quality NDT Ltd.","url":"https:\/\/www.qnde.ca\/","logo":{"@type":"ImageObject","inLanguage":"fr-FR","@id":"https:\/\/www.qnde.ca\/#\/schema\/logo\/image\/","url":"https:\/\/www.qnde.ca\/wp-content\/uploads\/2022\/02\/QNDE_logo_RGB-gif.gif","contentUrl":"https:\/\/www.qnde.ca\/wp-content\/uploads\/2022\/02\/QNDE_logo_RGB-gif.gif","width":250,"height":64,"caption":"Quality NDT Ltd."},"image":{"@id":"https:\/\/www.qnde.ca\/#\/schema\/logo\/image\/"},"sameAs":["https:\/\/www.linkedin.com\/company\/qnde\/about\/?viewAsMember=true"]}]}},"jetpack_sharing_enabled":true,"_links":{"self":[{"href":"https:\/\/www.qnde.ca\/fr\/wp-json\/wp\/v2\/product\/4834","targetHints":{"allow":["GET"]}}],"collection":[{"href":"https:\/\/www.qnde.ca\/fr\/wp-json\/wp\/v2\/product"}],"about":[{"href":"https:\/\/www.qnde.ca\/fr\/wp-json\/wp\/v2\/types\/product"}],"wp:featuredmedia":[{"embeddable":true,"href":"https:\/\/www.qnde.ca\/fr\/wp-json\/wp\/v2\/media\/4835"}],"wp:attachment":[{"href":"https:\/\/www.qnde.ca\/fr\/wp-json\/wp\/v2\/media?parent=4834"}],"wp:term":[{"taxonomy":"product_brand","embeddable":true,"href":"https:\/\/www.qnde.ca\/fr\/wp-json\/wp\/v2\/product_brand?post=4834"},{"taxonomy":"product_cat","embeddable":true,"href":"https:\/\/www.qnde.ca\/fr\/wp-json\/wp\/v2\/product_cat?post=4834"},{"taxonomy":"product_tag","embeddable":true,"href":"https:\/\/www.qnde.ca\/fr\/wp-json\/wp\/v2\/product_tag?post=4834"}],"curies":[{"name":"wp","href":"https:\/\/api.w.org\/{rel}","templated":true}]}}