{"id":4828,"date":"2016-01-12T15:53:21","date_gmt":"2016-01-12T15:53:21","guid":{"rendered":"https:\/\/www.qnde.ca\/?post_type=product&#038;p=4828"},"modified":"2022-11-07T10:14:03","modified_gmt":"2022-11-07T15:14:03","slug":"ecran-plomb","status":"publish","type":"product","link":"https:\/\/www.qnde.ca\/fr\/produit\/ecran-plomb\/","title":{"rendered":"\u00c9cran de plomb avec ou sans carton"},"content":{"rendered":"<h3><strong>\u00c9crans de Plomb, Avec ou Sans Carton<\/strong><\/h3>\n<p>Les \u00e9crans d\u2019intensification de plomb sont disponibles en vari\u00e9t\u00e9 de grandeurs et \u00e9paisseurs (dessus et dessous identique). Grandeur sur mesure et \u00e9paisseur de plomb d\u00e9pareill\u00e9 (0.005&Prime; dessus et 0.010&Prime; dessous) disponible en commandes sp\u00e9ciales.<\/p>\n<p><em><strong>IMPORTANT:<\/strong><\/em> \u00c9crans exp\u00e9di\u00e9s avec la feuille protectrice de plastique sur le plomb que vous pouvez laisser si vous utilisez les \u00e9crans avec des plaques num\u00e9riques (CR) ou un panneau DDA (DR).<\/p>\n\n<table id=\"tablepress-EcranPb_FR\" class=\"tablepress tablepress-id-EcranPb_FR\">\n<thead>\n<tr class=\"row-1\">\n\t<th class=\"column-1\"><\/th><th colspan=\"2\" class=\"column-2\">\u00c9crans de plomb (dessus et dessous)         <\/th><th colspan=\"2\" class=\"column-4\">\u00c9crans de plomb avec carton (dessus et dessous)<\/th>\n<\/tr>\n<\/thead>\n<tbody class=\"row-striping row-hover\">\n<tr class=\"row-2\">\n\t<td class=\"column-1\"><\/td><td class=\"column-2\">0.005\" <\/td><td class=\"column-3\">0.010\"<\/td><td class=\"column-4\">0.005\"<\/td><td class=\"column-5\">0.010\"<\/td>\n<\/tr>\n<tr class=\"row-3\">\n\t<td class=\"column-1\">3.5\" x 17\" (89mm x 431mm)<\/td><td class=\"column-2\">QLS1164<\/td><td class=\"column-3\">QLS1564<\/td><td class=\"column-4\">QLS1214<\/td><td class=\"column-5\">QLS1614<\/td>\n<\/tr>\n<tr class=\"row-4\">\n\t<td class=\"column-1\">4.5\" x 10\" (114mm x 254mm)<\/td><td class=\"column-2\">QLS1168<\/td><td class=\"column-3\">QLS1568<\/td><td class=\"column-4\">QLS1218<\/td><td class=\"column-5\">QLS1618<\/td>\n<\/tr>\n<tr class=\"row-5\">\n\t<td class=\"column-1\">4.5\" x 17\" (114mm x 431mm)<\/td><td class=\"column-2\">QLS1170<\/td><td class=\"column-3\">QLS1570<\/td><td class=\"column-4\">QLS1220<\/td><td class=\"column-5\">QLS1620<\/td>\n<\/tr>\n<tr class=\"row-6\">\n\t<td class=\"column-1\">5\" x 7\" (127mm x 177mm)<\/td><td class=\"column-2\">QLS1172<\/td><td class=\"column-3\">QLS1572<\/td><td class=\"column-4\">QLS1222<\/td><td class=\"column-5\">QLS1622<\/td>\n<\/tr>\n<tr class=\"row-7\">\n\t<td class=\"column-1\">7\" x 17\" (177mm x 431mm)<\/td><td class=\"column-2\">QLS1174<\/td><td class=\"column-3\">QLS1574<\/td><td class=\"column-4\">QLS1224<\/td><td class=\"column-5\">QLS1624<\/td>\n<\/tr>\n<tr class=\"row-8\">\n\t<td class=\"column-1\">8\" x 10\" (216mm x 254mm)<\/td><td class=\"column-2\">QLS1176<\/td><td class=\"column-3\">QLS1576<\/td><td class=\"column-4\">QLS1226<\/td><td class=\"column-5\">QLS1626<\/td>\n<\/tr>\n<tr class=\"row-9\">\n\t<td class=\"column-1\">10\" x 12\" (254mm x 304mm)<\/td><td class=\"column-2\">QLS1178<\/td><td class=\"column-3\">QLS1578<\/td><td class=\"column-4\">QLS1228<\/td><td class=\"column-5\">QLS1628<\/td>\n<\/tr>\n<tr class=\"row-10\">\n\t<td class=\"column-1\">11\" x 14\" (279mm x 355mm)<\/td><td class=\"column-2\">QLS1180<\/td><td class=\"column-3\">QLS1580<\/td><td class=\"column-4\">QLS1230<\/td><td class=\"column-5\">QLS1630<\/td>\n<\/tr>\n<tr class=\"row-11\">\n\t<td class=\"column-1\">14\" x 17\" (355mm x 431mm)<\/td><td class=\"column-2\">QLS1182<\/td><td class=\"column-3\">QLS1582<\/td><td class=\"column-4\">QLS1232<\/td><td class=\"column-5\">QLS1632<\/td>\n<\/tr>\n<\/tbody>\n<tfoot>\n<tr class=\"row-12\">\n\t<th class=\"column-1\"><\/th><th class=\"column-2\"><\/th><th class=\"column-3\"><\/th><th class=\"column-4\"><\/th><th class=\"column-5\"><\/th>\n<\/tr>\n<\/tfoot>\n<\/table>\n<!-- #tablepress-EcranPb_FR from cache -->\n","protected":false},"excerpt":{"rendered":"<p>\u00c9crans de Plomb, Avec ou Sans Carton Les \u00e9crans d\u2019intensification de plomb sont disponibles en vari\u00e9t\u00e9 de grandeurs et \u00e9paisseurs (dessus et dessous identique). Grandeur sur mesure et \u00e9paisseur de plomb d\u00e9pareill\u00e9 (0.005&Prime; dessus et 0.010&Prime; dessous) disponible en commandes sp\u00e9ciales. IMPORTANT: \u00c9crans exp\u00e9di\u00e9s avec la feuille protectrice de plastique sur le plomb que vous [&hellip;]<\/p>\n","protected":false},"featured_media":8144,"template":"","meta":{"_monsterinsights_skip_tracking":false,"_monsterinsights_sitenote_active":false,"_monsterinsights_sitenote_note":"","_monsterinsights_sitenote_category":0},"product_brand":[],"product_cat":[402,144],"product_tag":[],"class_list":{"0":"post-4828","1":"product","2":"type-product","3":"status-publish","4":"has-post-thumbnail","6":"product_cat-autres-marques","7":"product_cat-accessoires-exposition","9":"first","10":"instock","11":"shipping-taxable","12":"purchasable","13":"product-type-variable"},"yoast_head":"<!-- This site is optimized with the Yoast SEO plugin v23.9 - https:\/\/yoast.com\/wordpress\/plugins\/seo\/ -->\n<title>\u00c9cran de plomb avec ou sans carton &#060; Qualit\u00e9 NDE<\/title>\n<meta name=\"description\" content=\"\u00c9crans d\u2019intensification de plomb disponibles en vari\u00e9t\u00e9 de grandeurs et \u00e9paisseurs. Grandeur sur mesure et \u00e9paisseur d\u00e9pareill\u00e9 disponible sur demande.\" \/>\n<meta name=\"robots\" content=\"index, follow, max-snippet:-1, max-image-preview:large, max-video-preview:-1\" \/>\n<link rel=\"canonical\" href=\"https:\/\/www.qnde.ca\/fr\/produit\/ecran-plomb\/\" \/>\n<meta name=\"twitter:label1\" content=\"Dur\u00e9e de lecture estim\u00e9e\" \/>\n\t<meta name=\"twitter:data1\" content=\"1 minute\" \/>\n<script type=\"application\/ld+json\" class=\"yoast-schema-graph\">{\"@context\":\"https:\/\/schema.org\",\"@graph\":[{\"@type\":[\"WebPage\",\"ItemPage\"],\"@id\":\"https:\/\/www.qnde.ca\/fr\/produit\/ecran-plomb\/\",\"url\":\"https:\/\/www.qnde.ca\/fr\/produit\/ecran-plomb\/\",\"name\":\"\u00c9cran de plomb avec ou sans carton &#060; Qualit\u00e9 NDE\",\"isPartOf\":{\"@id\":\"https:\/\/www.qnde.ca\/#website\"},\"primaryImageOfPage\":{\"@id\":\"https:\/\/www.qnde.ca\/fr\/produit\/ecran-plomb\/#primaryimage\"},\"image\":{\"@id\":\"https:\/\/www.qnde.ca\/fr\/produit\/ecran-plomb\/#primaryimage\"},\"thumbnailUrl\":\"https:\/\/www.qnde.ca\/wp-content\/uploads\/2016\/01\/\u00c9cran-de-plomb-scaled-scaled.jpg\",\"datePublished\":\"2016-01-12T15:53:21+00:00\",\"dateModified\":\"2022-11-07T15:14:03+00:00\",\"description\":\"\u00c9crans d\u2019intensification de plomb disponibles en vari\u00e9t\u00e9 de grandeurs et \u00e9paisseurs. Grandeur sur mesure et \u00e9paisseur d\u00e9pareill\u00e9 disponible sur demande.\",\"breadcrumb\":{\"@id\":\"https:\/\/www.qnde.ca\/fr\/produit\/ecran-plomb\/#breadcrumb\"},\"inLanguage\":\"fr-FR\",\"potentialAction\":[{\"@type\":\"ReadAction\",\"target\":[\"https:\/\/www.qnde.ca\/fr\/produit\/ecran-plomb\/\"]}]},{\"@type\":\"ImageObject\",\"inLanguage\":\"fr-FR\",\"@id\":\"https:\/\/www.qnde.ca\/fr\/produit\/ecran-plomb\/#primaryimage\",\"url\":\"https:\/\/www.qnde.ca\/wp-content\/uploads\/2016\/01\/\u00c9cran-de-plomb-scaled-scaled.jpg\",\"contentUrl\":\"https:\/\/www.qnde.ca\/wp-content\/uploads\/2016\/01\/\u00c9cran-de-plomb-scaled-scaled.jpg\",\"width\":2048,\"height\":1536},{\"@type\":\"BreadcrumbList\",\"@id\":\"https:\/\/www.qnde.ca\/fr\/produit\/ecran-plomb\/#breadcrumb\",\"itemListElement\":[{\"@type\":\"ListItem\",\"position\":1,\"name\":\"Accueil\",\"item\":\"https:\/\/www.qnde.ca\/fr\/\"},{\"@type\":\"ListItem\",\"position\":2,\"name\":\"Produits\",\"item\":\"https:\/\/www.qnde.ca\/fr\/produits\/\"},{\"@type\":\"ListItem\",\"position\":3,\"name\":\"Radiographie\",\"item\":\"https:\/\/www.qnde.ca\/fr\/product-category\/radiographie\/\"},{\"@type\":\"ListItem\",\"position\":4,\"name\":\"Accessoires d\u2019Exposition\",\"item\":\"https:\/\/www.qnde.ca\/fr\/product-category\/radiographie\/accessoires-exposition\/\"},{\"@type\":\"ListItem\",\"position\":5,\"name\":\"\u00c9cran de plomb avec ou sans carton\"}]},{\"@type\":\"WebSite\",\"@id\":\"https:\/\/www.qnde.ca\/#website\",\"url\":\"https:\/\/www.qnde.ca\/\",\"name\":\"Qualit\u00e9 NDE\",\"description\":\"\u00c9quipements d&#039;essais non destructifs \",\"publisher\":{\"@id\":\"https:\/\/www.qnde.ca\/#organization\"},\"potentialAction\":[{\"@type\":\"SearchAction\",\"target\":{\"@type\":\"EntryPoint\",\"urlTemplate\":\"https:\/\/www.qnde.ca\/?s={search_term_string}\"},\"query-input\":{\"@type\":\"PropertyValueSpecification\",\"valueRequired\":true,\"valueName\":\"search_term_string\"}}],\"inLanguage\":\"fr-FR\"},{\"@type\":\"Organization\",\"@id\":\"https:\/\/www.qnde.ca\/#organization\",\"name\":\"Quality NDT Ltd.\",\"url\":\"https:\/\/www.qnde.ca\/\",\"logo\":{\"@type\":\"ImageObject\",\"inLanguage\":\"fr-FR\",\"@id\":\"https:\/\/www.qnde.ca\/#\/schema\/logo\/image\/\",\"url\":\"https:\/\/www.qnde.ca\/wp-content\/uploads\/2022\/02\/QNDE_logo_RGB-gif.gif\",\"contentUrl\":\"https:\/\/www.qnde.ca\/wp-content\/uploads\/2022\/02\/QNDE_logo_RGB-gif.gif\",\"width\":250,\"height\":64,\"caption\":\"Quality NDT Ltd.\"},\"image\":{\"@id\":\"https:\/\/www.qnde.ca\/#\/schema\/logo\/image\/\"},\"sameAs\":[\"https:\/\/www.linkedin.com\/company\/qnde\/about\/?viewAsMember=true\"]}]}<\/script>\n<!-- \/ Yoast SEO plugin. -->","yoast_head_json":{"title":"\u00c9cran de plomb avec ou sans carton &#060; Qualit\u00e9 NDE","description":"\u00c9crans d\u2019intensification de plomb disponibles en vari\u00e9t\u00e9 de grandeurs et \u00e9paisseurs. Grandeur sur mesure et \u00e9paisseur d\u00e9pareill\u00e9 disponible sur demande.","robots":{"index":"index","follow":"follow","max-snippet":"max-snippet:-1","max-image-preview":"max-image-preview:large","max-video-preview":"max-video-preview:-1"},"canonical":"https:\/\/www.qnde.ca\/fr\/produit\/ecran-plomb\/","twitter_misc":{"Dur\u00e9e de lecture estim\u00e9e":"1 minute"},"schema":{"@context":"https:\/\/schema.org","@graph":[{"@type":["WebPage","ItemPage"],"@id":"https:\/\/www.qnde.ca\/fr\/produit\/ecran-plomb\/","url":"https:\/\/www.qnde.ca\/fr\/produit\/ecran-plomb\/","name":"\u00c9cran de plomb avec ou sans carton &#060; Qualit\u00e9 NDE","isPartOf":{"@id":"https:\/\/www.qnde.ca\/#website"},"primaryImageOfPage":{"@id":"https:\/\/www.qnde.ca\/fr\/produit\/ecran-plomb\/#primaryimage"},"image":{"@id":"https:\/\/www.qnde.ca\/fr\/produit\/ecran-plomb\/#primaryimage"},"thumbnailUrl":"https:\/\/www.qnde.ca\/wp-content\/uploads\/2016\/01\/\u00c9cran-de-plomb-scaled-scaled.jpg","datePublished":"2016-01-12T15:53:21+00:00","dateModified":"2022-11-07T15:14:03+00:00","description":"\u00c9crans d\u2019intensification de plomb disponibles en vari\u00e9t\u00e9 de grandeurs et \u00e9paisseurs. Grandeur sur mesure et \u00e9paisseur d\u00e9pareill\u00e9 disponible sur demande.","breadcrumb":{"@id":"https:\/\/www.qnde.ca\/fr\/produit\/ecran-plomb\/#breadcrumb"},"inLanguage":"fr-FR","potentialAction":[{"@type":"ReadAction","target":["https:\/\/www.qnde.ca\/fr\/produit\/ecran-plomb\/"]}]},{"@type":"ImageObject","inLanguage":"fr-FR","@id":"https:\/\/www.qnde.ca\/fr\/produit\/ecran-plomb\/#primaryimage","url":"https:\/\/www.qnde.ca\/wp-content\/uploads\/2016\/01\/\u00c9cran-de-plomb-scaled-scaled.jpg","contentUrl":"https:\/\/www.qnde.ca\/wp-content\/uploads\/2016\/01\/\u00c9cran-de-plomb-scaled-scaled.jpg","width":2048,"height":1536},{"@type":"BreadcrumbList","@id":"https:\/\/www.qnde.ca\/fr\/produit\/ecran-plomb\/#breadcrumb","itemListElement":[{"@type":"ListItem","position":1,"name":"Accueil","item":"https:\/\/www.qnde.ca\/fr\/"},{"@type":"ListItem","position":2,"name":"Produits","item":"https:\/\/www.qnde.ca\/fr\/produits\/"},{"@type":"ListItem","position":3,"name":"Radiographie","item":"https:\/\/www.qnde.ca\/fr\/product-category\/radiographie\/"},{"@type":"ListItem","position":4,"name":"Accessoires d\u2019Exposition","item":"https:\/\/www.qnde.ca\/fr\/product-category\/radiographie\/accessoires-exposition\/"},{"@type":"ListItem","position":5,"name":"\u00c9cran de plomb avec ou sans carton"}]},{"@type":"WebSite","@id":"https:\/\/www.qnde.ca\/#website","url":"https:\/\/www.qnde.ca\/","name":"Qualit\u00e9 NDE","description":"\u00c9quipements d&#039;essais non destructifs ","publisher":{"@id":"https:\/\/www.qnde.ca\/#organization"},"potentialAction":[{"@type":"SearchAction","target":{"@type":"EntryPoint","urlTemplate":"https:\/\/www.qnde.ca\/?s={search_term_string}"},"query-input":{"@type":"PropertyValueSpecification","valueRequired":true,"valueName":"search_term_string"}}],"inLanguage":"fr-FR"},{"@type":"Organization","@id":"https:\/\/www.qnde.ca\/#organization","name":"Quality NDT Ltd.","url":"https:\/\/www.qnde.ca\/","logo":{"@type":"ImageObject","inLanguage":"fr-FR","@id":"https:\/\/www.qnde.ca\/#\/schema\/logo\/image\/","url":"https:\/\/www.qnde.ca\/wp-content\/uploads\/2022\/02\/QNDE_logo_RGB-gif.gif","contentUrl":"https:\/\/www.qnde.ca\/wp-content\/uploads\/2022\/02\/QNDE_logo_RGB-gif.gif","width":250,"height":64,"caption":"Quality NDT Ltd."},"image":{"@id":"https:\/\/www.qnde.ca\/#\/schema\/logo\/image\/"},"sameAs":["https:\/\/www.linkedin.com\/company\/qnde\/about\/?viewAsMember=true"]}]}},"jetpack_sharing_enabled":true,"_links":{"self":[{"href":"https:\/\/www.qnde.ca\/fr\/wp-json\/wp\/v2\/product\/4828","targetHints":{"allow":["GET"]}}],"collection":[{"href":"https:\/\/www.qnde.ca\/fr\/wp-json\/wp\/v2\/product"}],"about":[{"href":"https:\/\/www.qnde.ca\/fr\/wp-json\/wp\/v2\/types\/product"}],"wp:featuredmedia":[{"embeddable":true,"href":"https:\/\/www.qnde.ca\/fr\/wp-json\/wp\/v2\/media\/8144"}],"wp:attachment":[{"href":"https:\/\/www.qnde.ca\/fr\/wp-json\/wp\/v2\/media?parent=4828"}],"wp:term":[{"taxonomy":"product_brand","embeddable":true,"href":"https:\/\/www.qnde.ca\/fr\/wp-json\/wp\/v2\/product_brand?post=4828"},{"taxonomy":"product_cat","embeddable":true,"href":"https:\/\/www.qnde.ca\/fr\/wp-json\/wp\/v2\/product_cat?post=4828"},{"taxonomy":"product_tag","embeddable":true,"href":"https:\/\/www.qnde.ca\/fr\/wp-json\/wp\/v2\/product_tag?post=4828"}],"curies":[{"name":"wp","href":"https:\/\/api.w.org\/{rel}","templated":true}]}}