{"id":4821,"date":"2016-01-12T15:48:09","date_gmt":"2016-01-12T15:48:09","guid":{"rendered":"https:\/\/www.qnde.ca\/?post_type=product&#038;p=4821"},"modified":"2025-08-12T15:12:36","modified_gmt":"2025-08-12T19:12:36","slug":"chauffage-immersion","status":"publish","type":"product","link":"https:\/\/www.qnde.ca\/fr\/produit\/chauffage-immersion\/","title":{"rendered":"Chauffage par Immersion"},"content":{"rendered":"<h3><strong>Chauffage par Immersion<\/strong><\/h3>\n<p>\u00c9l\u00e9ment chauffant par immersion avec r\u00e9gulateur de temp\u00e9rature \u00e0 cadran; sensibilit\u00e9 de \u00b11\u00b0F lorsque le liquide est agit\u00e9. Le voyant lumineux mont\u00e9 sur le dessus indique que le chauffage est allum\u00e9. L\u2019\u00e9l\u00e9ment chauffant dispose d\u2019une poign\u00e9e en plastique, d\u2019un crochet lat\u00e9ral 3\/8&Prime;, cordon d\u2019alimentation 120VAC de 6&prime; (182cm); temp\u00e9rature maximale de 212\u00b0F (100\u00b0C).<\/p>\n<ul>\n<li>M306-02: \u00c9l\u00e9ment chauffant par immersion avec r\u00e9gulateur de temp\u00e9rature; zone chauff\u00e9e de 5.5&Prime; (139mm) longueur, 500W.<\/li>\n<li>A421: Contr\u00f4leur de temp\u00e9rature avec quatre \u00e9l\u00e9ments chauffants par immersion, en stainless (\u00e0 travers la paroi, fond du r\u00e9servoir).<\/li>\n<\/ul>\n","protected":false},"excerpt":{"rendered":"<p>Chauffage par Immersion \u00c9l\u00e9ment chauffant par immersion avec r\u00e9gulateur de temp\u00e9rature \u00e0 cadran; sensibilit\u00e9 de \u00b11\u00b0F lorsque le liquide est agit\u00e9. Le voyant lumineux mont\u00e9 sur le dessus indique que le chauffage est allum\u00e9. L\u2019\u00e9l\u00e9ment chauffant dispose d\u2019une poign\u00e9e en plastique, d\u2019un crochet lat\u00e9ral 3\/8&Prime;, cordon d\u2019alimentation 120VAC de 6&prime; (182cm); temp\u00e9rature maximale de 212\u00b0F [&hellip;]<\/p>\n","protected":false},"featured_media":16159,"template":"","meta":{"_monsterinsights_skip_tracking":false,"_monsterinsights_sitenote_active":false,"_monsterinsights_sitenote_note":"","_monsterinsights_sitenote_category":0},"product_brand":[],"product_cat":[402,322],"product_tag":[],"class_list":{"0":"post-4821","1":"product","2":"type-product","3":"status-publish","4":"has-post-thumbnail","6":"product_cat-autres-marques","7":"product_cat-equipements-chambre-noire","9":"first","10":"instock","11":"shipping-taxable","12":"purchasable","13":"product-type-variable"},"yoast_head":"<!-- This site is optimized with the Yoast SEO plugin v23.9 - https:\/\/yoast.com\/wordpress\/plugins\/seo\/ -->\n<title>Chauffage par Immersion &#060; Qualit\u00e9 NDE<\/title>\n<meta name=\"description\" content=\"\u00c9l\u00e9ment chauffant par immersion 120VAC avec r\u00e9gulateur de temp\u00e9rature \u00e0 cadran (\u00b11\u00b0F). Temp\u00e9rature maximale de 212\u00b0F (100\u00b0C).\" \/>\n<meta name=\"robots\" content=\"index, follow, max-snippet:-1, max-image-preview:large, max-video-preview:-1\" \/>\n<link rel=\"canonical\" href=\"https:\/\/www.qnde.ca\/fr\/produit\/chauffage-immersion\/\" \/>\n<meta name=\"twitter:label1\" content=\"Dur\u00e9e de lecture estim\u00e9e\" \/>\n\t<meta name=\"twitter:data1\" content=\"1 minute\" \/>\n<script type=\"application\/ld+json\" class=\"yoast-schema-graph\">{\"@context\":\"https:\/\/schema.org\",\"@graph\":[{\"@type\":[\"WebPage\",\"ItemPage\"],\"@id\":\"https:\/\/www.qnde.ca\/fr\/produit\/chauffage-immersion\/\",\"url\":\"https:\/\/www.qnde.ca\/fr\/produit\/chauffage-immersion\/\",\"name\":\"Chauffage par Immersion &#060; Qualit\u00e9 NDE\",\"isPartOf\":{\"@id\":\"https:\/\/www.qnde.ca\/#website\"},\"primaryImageOfPage\":{\"@id\":\"https:\/\/www.qnde.ca\/fr\/produit\/chauffage-immersion\/#primaryimage\"},\"image\":{\"@id\":\"https:\/\/www.qnde.ca\/fr\/produit\/chauffage-immersion\/#primaryimage\"},\"thumbnailUrl\":\"https:\/\/www.qnde.ca\/wp-content\/uploads\/2021\/02\/M306-02-Immersion-heater-with-temp-controller-5.5-long-heated-area-500W.jpg\",\"datePublished\":\"2016-01-12T15:48:09+00:00\",\"dateModified\":\"2025-08-12T19:12:36+00:00\",\"description\":\"\u00c9l\u00e9ment chauffant par immersion 120VAC avec r\u00e9gulateur de temp\u00e9rature \u00e0 cadran (\u00b11\u00b0F). Temp\u00e9rature maximale de 212\u00b0F (100\u00b0C).\",\"breadcrumb\":{\"@id\":\"https:\/\/www.qnde.ca\/fr\/produit\/chauffage-immersion\/#breadcrumb\"},\"inLanguage\":\"fr-FR\",\"potentialAction\":[{\"@type\":\"ReadAction\",\"target\":[\"https:\/\/www.qnde.ca\/fr\/produit\/chauffage-immersion\/\"]}]},{\"@type\":\"ImageObject\",\"inLanguage\":\"fr-FR\",\"@id\":\"https:\/\/www.qnde.ca\/fr\/produit\/chauffage-immersion\/#primaryimage\",\"url\":\"https:\/\/www.qnde.ca\/wp-content\/uploads\/2021\/02\/M306-02-Immersion-heater-with-temp-controller-5.5-long-heated-area-500W.jpg\",\"contentUrl\":\"https:\/\/www.qnde.ca\/wp-content\/uploads\/2021\/02\/M306-02-Immersion-heater-with-temp-controller-5.5-long-heated-area-500W.jpg\",\"width\":400,\"height\":1126},{\"@type\":\"BreadcrumbList\",\"@id\":\"https:\/\/www.qnde.ca\/fr\/produit\/chauffage-immersion\/#breadcrumb\",\"itemListElement\":[{\"@type\":\"ListItem\",\"position\":1,\"name\":\"Accueil\",\"item\":\"https:\/\/www.qnde.ca\/fr\/\"},{\"@type\":\"ListItem\",\"position\":2,\"name\":\"Produits\",\"item\":\"https:\/\/www.qnde.ca\/fr\/produits\/\"},{\"@type\":\"ListItem\",\"position\":3,\"name\":\"Radiographie\",\"item\":\"https:\/\/www.qnde.ca\/fr\/product-category\/radiographie\/\"},{\"@type\":\"ListItem\",\"position\":4,\"name\":\"\u00c9quipements pour Chambre Noire\",\"item\":\"https:\/\/www.qnde.ca\/fr\/product-category\/radiographie\/equipements-chambre-noire\/\"},{\"@type\":\"ListItem\",\"position\":5,\"name\":\"Chauffage par Immersion\"}]},{\"@type\":\"WebSite\",\"@id\":\"https:\/\/www.qnde.ca\/#website\",\"url\":\"https:\/\/www.qnde.ca\/\",\"name\":\"Qualit\u00e9 NDE\",\"description\":\"\u00c9quipements d&#039;essais non destructifs \",\"publisher\":{\"@id\":\"https:\/\/www.qnde.ca\/#organization\"},\"potentialAction\":[{\"@type\":\"SearchAction\",\"target\":{\"@type\":\"EntryPoint\",\"urlTemplate\":\"https:\/\/www.qnde.ca\/?s={search_term_string}\"},\"query-input\":{\"@type\":\"PropertyValueSpecification\",\"valueRequired\":true,\"valueName\":\"search_term_string\"}}],\"inLanguage\":\"fr-FR\"},{\"@type\":\"Organization\",\"@id\":\"https:\/\/www.qnde.ca\/#organization\",\"name\":\"Quality NDT Ltd.\",\"url\":\"https:\/\/www.qnde.ca\/\",\"logo\":{\"@type\":\"ImageObject\",\"inLanguage\":\"fr-FR\",\"@id\":\"https:\/\/www.qnde.ca\/#\/schema\/logo\/image\/\",\"url\":\"https:\/\/www.qnde.ca\/wp-content\/uploads\/2022\/02\/QNDE_logo_RGB-gif.gif\",\"contentUrl\":\"https:\/\/www.qnde.ca\/wp-content\/uploads\/2022\/02\/QNDE_logo_RGB-gif.gif\",\"width\":250,\"height\":64,\"caption\":\"Quality NDT Ltd.\"},\"image\":{\"@id\":\"https:\/\/www.qnde.ca\/#\/schema\/logo\/image\/\"},\"sameAs\":[\"https:\/\/www.linkedin.com\/company\/qnde\/about\/?viewAsMember=true\"]}]}<\/script>\n<!-- \/ Yoast SEO plugin. -->","yoast_head_json":{"title":"Chauffage par Immersion &#060; Qualit\u00e9 NDE","description":"\u00c9l\u00e9ment chauffant par immersion 120VAC avec r\u00e9gulateur de temp\u00e9rature \u00e0 cadran (\u00b11\u00b0F). Temp\u00e9rature maximale de 212\u00b0F (100\u00b0C).","robots":{"index":"index","follow":"follow","max-snippet":"max-snippet:-1","max-image-preview":"max-image-preview:large","max-video-preview":"max-video-preview:-1"},"canonical":"https:\/\/www.qnde.ca\/fr\/produit\/chauffage-immersion\/","twitter_misc":{"Dur\u00e9e de lecture estim\u00e9e":"1 minute"},"schema":{"@context":"https:\/\/schema.org","@graph":[{"@type":["WebPage","ItemPage"],"@id":"https:\/\/www.qnde.ca\/fr\/produit\/chauffage-immersion\/","url":"https:\/\/www.qnde.ca\/fr\/produit\/chauffage-immersion\/","name":"Chauffage par Immersion &#060; Qualit\u00e9 NDE","isPartOf":{"@id":"https:\/\/www.qnde.ca\/#website"},"primaryImageOfPage":{"@id":"https:\/\/www.qnde.ca\/fr\/produit\/chauffage-immersion\/#primaryimage"},"image":{"@id":"https:\/\/www.qnde.ca\/fr\/produit\/chauffage-immersion\/#primaryimage"},"thumbnailUrl":"https:\/\/www.qnde.ca\/wp-content\/uploads\/2021\/02\/M306-02-Immersion-heater-with-temp-controller-5.5-long-heated-area-500W.jpg","datePublished":"2016-01-12T15:48:09+00:00","dateModified":"2025-08-12T19:12:36+00:00","description":"\u00c9l\u00e9ment chauffant par immersion 120VAC avec r\u00e9gulateur de temp\u00e9rature \u00e0 cadran (\u00b11\u00b0F). Temp\u00e9rature maximale de 212\u00b0F (100\u00b0C).","breadcrumb":{"@id":"https:\/\/www.qnde.ca\/fr\/produit\/chauffage-immersion\/#breadcrumb"},"inLanguage":"fr-FR","potentialAction":[{"@type":"ReadAction","target":["https:\/\/www.qnde.ca\/fr\/produit\/chauffage-immersion\/"]}]},{"@type":"ImageObject","inLanguage":"fr-FR","@id":"https:\/\/www.qnde.ca\/fr\/produit\/chauffage-immersion\/#primaryimage","url":"https:\/\/www.qnde.ca\/wp-content\/uploads\/2021\/02\/M306-02-Immersion-heater-with-temp-controller-5.5-long-heated-area-500W.jpg","contentUrl":"https:\/\/www.qnde.ca\/wp-content\/uploads\/2021\/02\/M306-02-Immersion-heater-with-temp-controller-5.5-long-heated-area-500W.jpg","width":400,"height":1126},{"@type":"BreadcrumbList","@id":"https:\/\/www.qnde.ca\/fr\/produit\/chauffage-immersion\/#breadcrumb","itemListElement":[{"@type":"ListItem","position":1,"name":"Accueil","item":"https:\/\/www.qnde.ca\/fr\/"},{"@type":"ListItem","position":2,"name":"Produits","item":"https:\/\/www.qnde.ca\/fr\/produits\/"},{"@type":"ListItem","position":3,"name":"Radiographie","item":"https:\/\/www.qnde.ca\/fr\/product-category\/radiographie\/"},{"@type":"ListItem","position":4,"name":"\u00c9quipements pour Chambre Noire","item":"https:\/\/www.qnde.ca\/fr\/product-category\/radiographie\/equipements-chambre-noire\/"},{"@type":"ListItem","position":5,"name":"Chauffage par Immersion"}]},{"@type":"WebSite","@id":"https:\/\/www.qnde.ca\/#website","url":"https:\/\/www.qnde.ca\/","name":"Qualit\u00e9 NDE","description":"\u00c9quipements d&#039;essais non destructifs ","publisher":{"@id":"https:\/\/www.qnde.ca\/#organization"},"potentialAction":[{"@type":"SearchAction","target":{"@type":"EntryPoint","urlTemplate":"https:\/\/www.qnde.ca\/?s={search_term_string}"},"query-input":{"@type":"PropertyValueSpecification","valueRequired":true,"valueName":"search_term_string"}}],"inLanguage":"fr-FR"},{"@type":"Organization","@id":"https:\/\/www.qnde.ca\/#organization","name":"Quality NDT Ltd.","url":"https:\/\/www.qnde.ca\/","logo":{"@type":"ImageObject","inLanguage":"fr-FR","@id":"https:\/\/www.qnde.ca\/#\/schema\/logo\/image\/","url":"https:\/\/www.qnde.ca\/wp-content\/uploads\/2022\/02\/QNDE_logo_RGB-gif.gif","contentUrl":"https:\/\/www.qnde.ca\/wp-content\/uploads\/2022\/02\/QNDE_logo_RGB-gif.gif","width":250,"height":64,"caption":"Quality NDT Ltd."},"image":{"@id":"https:\/\/www.qnde.ca\/#\/schema\/logo\/image\/"},"sameAs":["https:\/\/www.linkedin.com\/company\/qnde\/about\/?viewAsMember=true"]}]}},"jetpack_sharing_enabled":true,"_links":{"self":[{"href":"https:\/\/www.qnde.ca\/fr\/wp-json\/wp\/v2\/product\/4821","targetHints":{"allow":["GET"]}}],"collection":[{"href":"https:\/\/www.qnde.ca\/fr\/wp-json\/wp\/v2\/product"}],"about":[{"href":"https:\/\/www.qnde.ca\/fr\/wp-json\/wp\/v2\/types\/product"}],"wp:featuredmedia":[{"embeddable":true,"href":"https:\/\/www.qnde.ca\/fr\/wp-json\/wp\/v2\/media\/16159"}],"wp:attachment":[{"href":"https:\/\/www.qnde.ca\/fr\/wp-json\/wp\/v2\/media?parent=4821"}],"wp:term":[{"taxonomy":"product_brand","embeddable":true,"href":"https:\/\/www.qnde.ca\/fr\/wp-json\/wp\/v2\/product_brand?post=4821"},{"taxonomy":"product_cat","embeddable":true,"href":"https:\/\/www.qnde.ca\/fr\/wp-json\/wp\/v2\/product_cat?post=4821"},{"taxonomy":"product_tag","embeddable":true,"href":"https:\/\/www.qnde.ca\/fr\/wp-json\/wp\/v2\/product_tag?post=4821"}],"curies":[{"name":"wp","href":"https:\/\/api.w.org\/{rel}","templated":true}]}}