{"id":4816,"date":"2016-01-12T15:44:13","date_gmt":"2016-01-12T15:44:13","guid":{"rendered":"https:\/\/www.qnde.ca\/?post_type=product&#038;p=4816"},"modified":"2025-07-08T08:18:12","modified_gmt":"2025-07-08T12:18:12","slug":"fv2010tplus-visionneuse-del","status":"publish","type":"product","link":"https:\/\/www.qnde.ca\/fr\/produit\/fv2010tplus-visionneuse-del\/","title":{"rendered":"LC NDT FV-2010T Plus Visionneuse DEL Haute Intensit\u00e9 avec Densim\u00e8tre"},"content":{"rendered":"<h3><strong>LC NDT FV-2010T Plus Visionneuse DEL Haute Intensit\u00e9 avec Densim\u00e8tre<\/strong><\/h3>\n<p>Visionneuse sans maintenance avec densim\u00e8tre de haute pr\u00e9cision (\u00b10.02D \u2013 ouverture 3mm). La grande fen\u00eatre de visionnement DEL mesure 15.8&Prime; L x 4&Prime; H (400mm x 100mm) avec contr\u00f4le de la luminosit\u00e9 par gradateur jusqu&rsquo;\u00e0 130,000 cd\/m<sup>2<\/sup> (408,200 Lux). Les masques \u00e9lectroniques permettent de changer la taille de la fen\u00eatre de visionnement en appuyant sur un bouton (six formats disponibles). Permets de visionner des films jusqu\u2019\u00e0 4.1D. Livr\u00e9 avec alimentation 85-264VAC, 47-63Hz, p\u00e9dale d\u2019activation, manuel de l\u2019utilisateur, certificat, sac de transport et garantie de 2 ans.<\/p>\n<ul>\n<li>FV2010TPLUS: Visionneuse DEL FV-2010T Plus avec densim\u00e8tre de haute pr\u00e9cision. Fen\u00eatre de visionnement 15.8&Prime; L x 4&Prime; H (400mm x 100mm).<\/li>\n<li>FV2010PLUS: Visionneuse FV-2010 Plus DEL. Fen\u00eatre de visionnement 15.8&Prime; L x 4&Prime; H (400mm x 100mm).<\/li>\n<li><a href=\"https:\/\/www.qnde.ca\/fr\/produit\/fv2009t-visionneuses-del\/\">FV2009T<\/a>: Visionneuse DEL portative FV-2009T avec densim\u00e8tre haute pr\u00e9cision. Fen\u00eatre de visionnement 7.87&Prime; L x 2.36&Prime; H (200mm x 60mm).<\/li>\n<li><a href=\"https:\/\/www.qnde.ca\/fr\/produit\/fv2009t-visionneuses-del\/\">FV2009<\/a>: Visionneuse DEL portative FV-2009T. Fen\u00eatre de visionnement 7.87&Prime; L x 2.36&Prime; H (200mm x 60mm).<\/li>\n<\/ul>\n","protected":false},"excerpt":{"rendered":"<p>LC NDT FV-2010T Plus Visionneuse DEL Haute Intensit\u00e9 avec Densim\u00e8tre Visionneuse sans maintenance avec densim\u00e8tre de haute pr\u00e9cision (\u00b10.02D \u2013 ouverture 3mm). La grande fen\u00eatre de visionnement DEL mesure 15.8&Prime; L x 4&Prime; H (400mm x 100mm) avec contr\u00f4le de la luminosit\u00e9 par gradateur jusqu&rsquo;\u00e0 130,000 cd\/m2 (408,200 Lux). Les masques \u00e9lectroniques permettent de changer [&hellip;]<\/p>\n","protected":false},"featured_media":17378,"template":"","meta":{"_monsterinsights_skip_tracking":false,"_monsterinsights_sitenote_active":false,"_monsterinsights_sitenote_note":"","_monsterinsights_sitenote_category":0},"product_brand":[],"product_cat":[402,144],"product_tag":[],"class_list":{"0":"post-4816","1":"product","2":"type-product","3":"status-publish","4":"has-post-thumbnail","6":"product_cat-autres-marques","7":"product_cat-accessoires-exposition","9":"first","10":"instock","11":"shipping-taxable","12":"purchasable","13":"product-type-variable"},"yoast_head":"<!-- This site is optimized with the Yoast SEO plugin v23.9 - https:\/\/yoast.com\/wordpress\/plugins\/seo\/ -->\n<title>LC NDT FV-2010T Plus Visionneuse DEL Haute Intensit\u00e9 avec Densim\u00e8tre &#060; Qualit\u00e9 NDE<\/title>\n<meta name=\"description\" content=\"Visionneuse sans maintenance avec densim\u00e8tre de haute pr\u00e9cision (\u00b10.02D \u2013 ouverture 3mm). Livr\u00e9 avec certificat, sac de transport et garantie de 2 ans.\" \/>\n<meta name=\"robots\" content=\"index, follow, max-snippet:-1, max-image-preview:large, max-video-preview:-1\" \/>\n<link rel=\"canonical\" href=\"https:\/\/www.qnde.ca\/fr\/produit\/fv2010tplus-visionneuse-del\/\" \/>\n<meta name=\"twitter:label1\" content=\"Dur\u00e9e de lecture estim\u00e9e\" \/>\n\t<meta name=\"twitter:data1\" content=\"1 minute\" \/>\n<script type=\"application\/ld+json\" class=\"yoast-schema-graph\">{\"@context\":\"https:\/\/schema.org\",\"@graph\":[{\"@type\":[\"WebPage\",\"ItemPage\"],\"@id\":\"https:\/\/www.qnde.ca\/fr\/produit\/fv2010tplus-visionneuse-del\/\",\"url\":\"https:\/\/www.qnde.ca\/fr\/produit\/fv2010tplus-visionneuse-del\/\",\"name\":\"LC NDT FV-2010T Plus Visionneuse DEL Haute Intensit\u00e9 avec Densim\u00e8tre &#060; Qualit\u00e9 NDE\",\"isPartOf\":{\"@id\":\"https:\/\/www.qnde.ca\/#website\"},\"primaryImageOfPage\":{\"@id\":\"https:\/\/www.qnde.ca\/fr\/produit\/fv2010tplus-visionneuse-del\/#primaryimage\"},\"image\":{\"@id\":\"https:\/\/www.qnde.ca\/fr\/produit\/fv2010tplus-visionneuse-del\/#primaryimage\"},\"thumbnailUrl\":\"https:\/\/www.qnde.ca\/wp-content\/uploads\/2021\/02\/201412190911296866.jpg\",\"datePublished\":\"2016-01-12T15:44:13+00:00\",\"dateModified\":\"2025-07-08T12:18:12+00:00\",\"description\":\"Visionneuse sans maintenance avec densim\u00e8tre de haute pr\u00e9cision (\u00b10.02D \u2013 ouverture 3mm). Livr\u00e9 avec certificat, sac de transport et garantie de 2 ans.\",\"breadcrumb\":{\"@id\":\"https:\/\/www.qnde.ca\/fr\/produit\/fv2010tplus-visionneuse-del\/#breadcrumb\"},\"inLanguage\":\"fr-FR\",\"potentialAction\":[{\"@type\":\"ReadAction\",\"target\":[\"https:\/\/www.qnde.ca\/fr\/produit\/fv2010tplus-visionneuse-del\/\"]}]},{\"@type\":\"ImageObject\",\"inLanguage\":\"fr-FR\",\"@id\":\"https:\/\/www.qnde.ca\/fr\/produit\/fv2010tplus-visionneuse-del\/#primaryimage\",\"url\":\"https:\/\/www.qnde.ca\/wp-content\/uploads\/2021\/02\/201412190911296866.jpg\",\"contentUrl\":\"https:\/\/www.qnde.ca\/wp-content\/uploads\/2021\/02\/201412190911296866.jpg\",\"width\":600,\"height\":481},{\"@type\":\"BreadcrumbList\",\"@id\":\"https:\/\/www.qnde.ca\/fr\/produit\/fv2010tplus-visionneuse-del\/#breadcrumb\",\"itemListElement\":[{\"@type\":\"ListItem\",\"position\":1,\"name\":\"Accueil\",\"item\":\"https:\/\/www.qnde.ca\/fr\/\"},{\"@type\":\"ListItem\",\"position\":2,\"name\":\"Produits\",\"item\":\"https:\/\/www.qnde.ca\/fr\/produits\/\"},{\"@type\":\"ListItem\",\"position\":3,\"name\":\"Marques\",\"item\":\"https:\/\/www.qnde.ca\/fr\/product-category\/marques\/\"},{\"@type\":\"ListItem\",\"position\":4,\"name\":\"Autres Marques\",\"item\":\"https:\/\/www.qnde.ca\/fr\/product-category\/marques\/autres-marques\/\"},{\"@type\":\"ListItem\",\"position\":5,\"name\":\"LC NDT FV-2010T Plus Visionneuse DEL Haute Intensit\u00e9 avec Densim\u00e8tre\"}]},{\"@type\":\"WebSite\",\"@id\":\"https:\/\/www.qnde.ca\/#website\",\"url\":\"https:\/\/www.qnde.ca\/\",\"name\":\"Qualit\u00e9 NDE\",\"description\":\"\u00c9quipements d&#039;essais non destructifs \",\"publisher\":{\"@id\":\"https:\/\/www.qnde.ca\/#organization\"},\"potentialAction\":[{\"@type\":\"SearchAction\",\"target\":{\"@type\":\"EntryPoint\",\"urlTemplate\":\"https:\/\/www.qnde.ca\/?s={search_term_string}\"},\"query-input\":{\"@type\":\"PropertyValueSpecification\",\"valueRequired\":true,\"valueName\":\"search_term_string\"}}],\"inLanguage\":\"fr-FR\"},{\"@type\":\"Organization\",\"@id\":\"https:\/\/www.qnde.ca\/#organization\",\"name\":\"Quality NDT Ltd.\",\"url\":\"https:\/\/www.qnde.ca\/\",\"logo\":{\"@type\":\"ImageObject\",\"inLanguage\":\"fr-FR\",\"@id\":\"https:\/\/www.qnde.ca\/#\/schema\/logo\/image\/\",\"url\":\"https:\/\/www.qnde.ca\/wp-content\/uploads\/2022\/02\/QNDE_logo_RGB-gif.gif\",\"contentUrl\":\"https:\/\/www.qnde.ca\/wp-content\/uploads\/2022\/02\/QNDE_logo_RGB-gif.gif\",\"width\":250,\"height\":64,\"caption\":\"Quality NDT Ltd.\"},\"image\":{\"@id\":\"https:\/\/www.qnde.ca\/#\/schema\/logo\/image\/\"},\"sameAs\":[\"https:\/\/www.linkedin.com\/company\/qnde\/about\/?viewAsMember=true\"]}]}<\/script>\n<!-- \/ Yoast SEO plugin. -->","yoast_head_json":{"title":"LC NDT FV-2010T Plus Visionneuse DEL Haute Intensit\u00e9 avec Densim\u00e8tre &#060; Qualit\u00e9 NDE","description":"Visionneuse sans maintenance avec densim\u00e8tre de haute pr\u00e9cision (\u00b10.02D \u2013 ouverture 3mm). Livr\u00e9 avec certificat, sac de transport et garantie de 2 ans.","robots":{"index":"index","follow":"follow","max-snippet":"max-snippet:-1","max-image-preview":"max-image-preview:large","max-video-preview":"max-video-preview:-1"},"canonical":"https:\/\/www.qnde.ca\/fr\/produit\/fv2010tplus-visionneuse-del\/","twitter_misc":{"Dur\u00e9e de lecture estim\u00e9e":"1 minute"},"schema":{"@context":"https:\/\/schema.org","@graph":[{"@type":["WebPage","ItemPage"],"@id":"https:\/\/www.qnde.ca\/fr\/produit\/fv2010tplus-visionneuse-del\/","url":"https:\/\/www.qnde.ca\/fr\/produit\/fv2010tplus-visionneuse-del\/","name":"LC NDT FV-2010T Plus Visionneuse DEL Haute Intensit\u00e9 avec Densim\u00e8tre &#060; Qualit\u00e9 NDE","isPartOf":{"@id":"https:\/\/www.qnde.ca\/#website"},"primaryImageOfPage":{"@id":"https:\/\/www.qnde.ca\/fr\/produit\/fv2010tplus-visionneuse-del\/#primaryimage"},"image":{"@id":"https:\/\/www.qnde.ca\/fr\/produit\/fv2010tplus-visionneuse-del\/#primaryimage"},"thumbnailUrl":"https:\/\/www.qnde.ca\/wp-content\/uploads\/2021\/02\/201412190911296866.jpg","datePublished":"2016-01-12T15:44:13+00:00","dateModified":"2025-07-08T12:18:12+00:00","description":"Visionneuse sans maintenance avec densim\u00e8tre de haute pr\u00e9cision (\u00b10.02D \u2013 ouverture 3mm). Livr\u00e9 avec certificat, sac de transport et garantie de 2 ans.","breadcrumb":{"@id":"https:\/\/www.qnde.ca\/fr\/produit\/fv2010tplus-visionneuse-del\/#breadcrumb"},"inLanguage":"fr-FR","potentialAction":[{"@type":"ReadAction","target":["https:\/\/www.qnde.ca\/fr\/produit\/fv2010tplus-visionneuse-del\/"]}]},{"@type":"ImageObject","inLanguage":"fr-FR","@id":"https:\/\/www.qnde.ca\/fr\/produit\/fv2010tplus-visionneuse-del\/#primaryimage","url":"https:\/\/www.qnde.ca\/wp-content\/uploads\/2021\/02\/201412190911296866.jpg","contentUrl":"https:\/\/www.qnde.ca\/wp-content\/uploads\/2021\/02\/201412190911296866.jpg","width":600,"height":481},{"@type":"BreadcrumbList","@id":"https:\/\/www.qnde.ca\/fr\/produit\/fv2010tplus-visionneuse-del\/#breadcrumb","itemListElement":[{"@type":"ListItem","position":1,"name":"Accueil","item":"https:\/\/www.qnde.ca\/fr\/"},{"@type":"ListItem","position":2,"name":"Produits","item":"https:\/\/www.qnde.ca\/fr\/produits\/"},{"@type":"ListItem","position":3,"name":"Marques","item":"https:\/\/www.qnde.ca\/fr\/product-category\/marques\/"},{"@type":"ListItem","position":4,"name":"Autres Marques","item":"https:\/\/www.qnde.ca\/fr\/product-category\/marques\/autres-marques\/"},{"@type":"ListItem","position":5,"name":"LC NDT FV-2010T Plus Visionneuse DEL Haute Intensit\u00e9 avec Densim\u00e8tre"}]},{"@type":"WebSite","@id":"https:\/\/www.qnde.ca\/#website","url":"https:\/\/www.qnde.ca\/","name":"Qualit\u00e9 NDE","description":"\u00c9quipements d&#039;essais non destructifs ","publisher":{"@id":"https:\/\/www.qnde.ca\/#organization"},"potentialAction":[{"@type":"SearchAction","target":{"@type":"EntryPoint","urlTemplate":"https:\/\/www.qnde.ca\/?s={search_term_string}"},"query-input":{"@type":"PropertyValueSpecification","valueRequired":true,"valueName":"search_term_string"}}],"inLanguage":"fr-FR"},{"@type":"Organization","@id":"https:\/\/www.qnde.ca\/#organization","name":"Quality NDT Ltd.","url":"https:\/\/www.qnde.ca\/","logo":{"@type":"ImageObject","inLanguage":"fr-FR","@id":"https:\/\/www.qnde.ca\/#\/schema\/logo\/image\/","url":"https:\/\/www.qnde.ca\/wp-content\/uploads\/2022\/02\/QNDE_logo_RGB-gif.gif","contentUrl":"https:\/\/www.qnde.ca\/wp-content\/uploads\/2022\/02\/QNDE_logo_RGB-gif.gif","width":250,"height":64,"caption":"Quality NDT Ltd."},"image":{"@id":"https:\/\/www.qnde.ca\/#\/schema\/logo\/image\/"},"sameAs":["https:\/\/www.linkedin.com\/company\/qnde\/about\/?viewAsMember=true"]}]}},"jetpack_sharing_enabled":true,"_links":{"self":[{"href":"https:\/\/www.qnde.ca\/fr\/wp-json\/wp\/v2\/product\/4816","targetHints":{"allow":["GET"]}}],"collection":[{"href":"https:\/\/www.qnde.ca\/fr\/wp-json\/wp\/v2\/product"}],"about":[{"href":"https:\/\/www.qnde.ca\/fr\/wp-json\/wp\/v2\/types\/product"}],"wp:featuredmedia":[{"embeddable":true,"href":"https:\/\/www.qnde.ca\/fr\/wp-json\/wp\/v2\/media\/17378"}],"wp:attachment":[{"href":"https:\/\/www.qnde.ca\/fr\/wp-json\/wp\/v2\/media?parent=4816"}],"wp:term":[{"taxonomy":"product_brand","embeddable":true,"href":"https:\/\/www.qnde.ca\/fr\/wp-json\/wp\/v2\/product_brand?post=4816"},{"taxonomy":"product_cat","embeddable":true,"href":"https:\/\/www.qnde.ca\/fr\/wp-json\/wp\/v2\/product_cat?post=4816"},{"taxonomy":"product_tag","embeddable":true,"href":"https:\/\/www.qnde.ca\/fr\/wp-json\/wp\/v2\/product_tag?post=4816"}],"curies":[{"name":"wp","href":"https:\/\/api.w.org\/{rel}","templated":true}]}}