{"id":4809,"date":"2016-01-12T15:40:51","date_gmt":"2016-01-12T15:40:51","guid":{"rendered":"https:\/\/www.qnde.ca\/?post_type=product&#038;p=4809"},"modified":"2022-11-07T10:16:48","modified_gmt":"2022-11-07T15:16:48","slug":"qnde-visionneuse-del","status":"publish","type":"product","link":"https:\/\/www.qnde.ca\/fr\/produit\/qnde-visionneuse-del\/","title":{"rendered":"QNDE, Visionneuse Haute Intensit\u00e9 \u2013 Stainless"},"content":{"rendered":"<h3><strong>QNDE, Visionneuse Haute Intensit\u00e9 \u2013 Stainless<\/strong><\/h3>\n<p>Cette visionneuse en stainless, model HII-1, a une fen\u00eatre de visionnement 17&Prime;L x 4.5&Prime;H (431mm x 114mm). Le gradateur contr\u00f4le la lumi\u00e8re de 1000W produite par les quatre ampoules BBA #1 \u00ab\u00a0photo-flood\u00a0\u00bb, refroidi par ventilateur, \u00e9quip\u00e9 d&rsquo;une protection contre la surchauffe. Livr\u00e9e avec un cordon d\u2019alimentation de 6 pieds, 120VAC, 60Hz, 4 masques de visionnement, p\u00e9dale d\u2019activation, quatre ampoules, manuel d\u2019utilisateur et garantie de 1 an.<\/p>\n<ul>\n<li>QME-1001: Visionneuse haute intensit\u00e9, construction en stainless. Fen\u00eatre de visionnement de 17&Prime; L x 5&Prime; H (431mm x 114mm).<\/li>\n<\/ul>\n<h4>Ampoule<\/h4>\n<ul>\n<li>QSP2000: Ampoule de Replacement BBA #1 \u00ab\u00a0photo-flood\u00a0\u00bb.<\/li>\n<\/ul>\n","protected":false},"excerpt":{"rendered":"<p>QNDE, Visionneuse Haute Intensit\u00e9 \u2013 Stainless Cette visionneuse en stainless, model HII-1, a une fen\u00eatre de visionnement 17&Prime;L x 4.5&Prime;H (431mm x 114mm). Le gradateur contr\u00f4le la lumi\u00e8re de 1000W produite par les quatre ampoules BBA #1 \u00ab\u00a0photo-flood\u00a0\u00bb, refroidi par ventilateur, \u00e9quip\u00e9 d&rsquo;une protection contre la surchauffe. Livr\u00e9e avec un cordon d\u2019alimentation de 6 pieds, [&hellip;]<\/p>\n","protected":false},"featured_media":4812,"template":"","meta":{"_monsterinsights_skip_tracking":false,"_monsterinsights_sitenote_active":false,"_monsterinsights_sitenote_note":"","_monsterinsights_sitenote_category":0},"product_brand":[],"product_cat":[392,144],"product_tag":[],"class_list":{"0":"post-4809","1":"product","2":"type-product","3":"status-publish","4":"has-post-thumbnail","6":"product_cat-qnde-fr","7":"product_cat-accessoires-exposition","9":"first","10":"instock","11":"shipping-taxable","12":"purchasable","13":"product-type-variable"},"yoast_head":"<!-- This site is optimized with the Yoast SEO plugin v23.9 - https:\/\/yoast.com\/wordpress\/plugins\/seo\/ -->\n<title>QNDE, Visionneuse Haute Intensit\u00e9 \u2013 Stainless &#060; Qualit\u00e9 NDE<\/title>\n<meta name=\"description\" content=\"Visionneuse en stainless, model HII-1, avec fen\u00eatre de visionnement 17&quot;L x 4.5&quot;H (431mm x 114mm). Garantie de 1 an.\" \/>\n<meta name=\"robots\" content=\"index, follow, max-snippet:-1, max-image-preview:large, max-video-preview:-1\" \/>\n<link rel=\"canonical\" href=\"https:\/\/www.qnde.ca\/fr\/produit\/qnde-visionneuse-del\/\" \/>\n<meta name=\"twitter:label1\" content=\"Dur\u00e9e de lecture estim\u00e9e\" \/>\n\t<meta name=\"twitter:data1\" content=\"1 minute\" \/>\n<script type=\"application\/ld+json\" class=\"yoast-schema-graph\">{\"@context\":\"https:\/\/schema.org\",\"@graph\":[{\"@type\":[\"WebPage\",\"ItemPage\"],\"@id\":\"https:\/\/www.qnde.ca\/fr\/produit\/qnde-visionneuse-del\/\",\"url\":\"https:\/\/www.qnde.ca\/fr\/produit\/qnde-visionneuse-del\/\",\"name\":\"QNDE, Visionneuse Haute Intensit\u00e9 \u2013 Stainless &#060; Qualit\u00e9 NDE\",\"isPartOf\":{\"@id\":\"https:\/\/www.qnde.ca\/#website\"},\"primaryImageOfPage\":{\"@id\":\"https:\/\/www.qnde.ca\/fr\/produit\/qnde-visionneuse-del\/#primaryimage\"},\"image\":{\"@id\":\"https:\/\/www.qnde.ca\/fr\/produit\/qnde-visionneuse-del\/#primaryimage\"},\"thumbnailUrl\":\"https:\/\/www.qnde.ca\/wp-content\/uploads\/2016\/01\/Illuminateur-de-haute-intensit-------Acier-Inoxydable.jpg\",\"datePublished\":\"2016-01-12T15:40:51+00:00\",\"dateModified\":\"2022-11-07T15:16:48+00:00\",\"description\":\"Visionneuse en stainless, model HII-1, avec fen\u00eatre de visionnement 17\\\"L x 4.5\\\"H (431mm x 114mm). Garantie de 1 an.\",\"breadcrumb\":{\"@id\":\"https:\/\/www.qnde.ca\/fr\/produit\/qnde-visionneuse-del\/#breadcrumb\"},\"inLanguage\":\"fr-FR\",\"potentialAction\":[{\"@type\":\"ReadAction\",\"target\":[\"https:\/\/www.qnde.ca\/fr\/produit\/qnde-visionneuse-del\/\"]}]},{\"@type\":\"ImageObject\",\"inLanguage\":\"fr-FR\",\"@id\":\"https:\/\/www.qnde.ca\/fr\/produit\/qnde-visionneuse-del\/#primaryimage\",\"url\":\"https:\/\/www.qnde.ca\/wp-content\/uploads\/2016\/01\/Illuminateur-de-haute-intensit-------Acier-Inoxydable.jpg\",\"contentUrl\":\"https:\/\/www.qnde.ca\/wp-content\/uploads\/2016\/01\/Illuminateur-de-haute-intensit-------Acier-Inoxydable.jpg\",\"width\":540,\"height\":308},{\"@type\":\"BreadcrumbList\",\"@id\":\"https:\/\/www.qnde.ca\/fr\/produit\/qnde-visionneuse-del\/#breadcrumb\",\"itemListElement\":[{\"@type\":\"ListItem\",\"position\":1,\"name\":\"Accueil\",\"item\":\"https:\/\/www.qnde.ca\/fr\/\"},{\"@type\":\"ListItem\",\"position\":2,\"name\":\"Produits\",\"item\":\"https:\/\/www.qnde.ca\/fr\/produits\/\"},{\"@type\":\"ListItem\",\"position\":3,\"name\":\"Radiographie\",\"item\":\"https:\/\/www.qnde.ca\/fr\/product-category\/radiographie\/\"},{\"@type\":\"ListItem\",\"position\":4,\"name\":\"Accessoires d\u2019Exposition\",\"item\":\"https:\/\/www.qnde.ca\/fr\/product-category\/radiographie\/accessoires-exposition\/\"},{\"@type\":\"ListItem\",\"position\":5,\"name\":\"QNDE, Visionneuse Haute Intensit\u00e9 \u2013 Stainless\"}]},{\"@type\":\"WebSite\",\"@id\":\"https:\/\/www.qnde.ca\/#website\",\"url\":\"https:\/\/www.qnde.ca\/\",\"name\":\"Qualit\u00e9 NDE\",\"description\":\"\u00c9quipements d&#039;essais non destructifs \",\"publisher\":{\"@id\":\"https:\/\/www.qnde.ca\/#organization\"},\"potentialAction\":[{\"@type\":\"SearchAction\",\"target\":{\"@type\":\"EntryPoint\",\"urlTemplate\":\"https:\/\/www.qnde.ca\/?s={search_term_string}\"},\"query-input\":{\"@type\":\"PropertyValueSpecification\",\"valueRequired\":true,\"valueName\":\"search_term_string\"}}],\"inLanguage\":\"fr-FR\"},{\"@type\":\"Organization\",\"@id\":\"https:\/\/www.qnde.ca\/#organization\",\"name\":\"Quality NDT Ltd.\",\"url\":\"https:\/\/www.qnde.ca\/\",\"logo\":{\"@type\":\"ImageObject\",\"inLanguage\":\"fr-FR\",\"@id\":\"https:\/\/www.qnde.ca\/#\/schema\/logo\/image\/\",\"url\":\"https:\/\/www.qnde.ca\/wp-content\/uploads\/2022\/02\/QNDE_logo_RGB-gif.gif\",\"contentUrl\":\"https:\/\/www.qnde.ca\/wp-content\/uploads\/2022\/02\/QNDE_logo_RGB-gif.gif\",\"width\":250,\"height\":64,\"caption\":\"Quality NDT Ltd.\"},\"image\":{\"@id\":\"https:\/\/www.qnde.ca\/#\/schema\/logo\/image\/\"},\"sameAs\":[\"https:\/\/www.linkedin.com\/company\/qnde\/about\/?viewAsMember=true\"]}]}<\/script>\n<!-- \/ Yoast SEO plugin. -->","yoast_head_json":{"title":"QNDE, Visionneuse Haute Intensit\u00e9 \u2013 Stainless &#060; Qualit\u00e9 NDE","description":"Visionneuse en stainless, model HII-1, avec fen\u00eatre de visionnement 17\"L x 4.5\"H (431mm x 114mm). Garantie de 1 an.","robots":{"index":"index","follow":"follow","max-snippet":"max-snippet:-1","max-image-preview":"max-image-preview:large","max-video-preview":"max-video-preview:-1"},"canonical":"https:\/\/www.qnde.ca\/fr\/produit\/qnde-visionneuse-del\/","twitter_misc":{"Dur\u00e9e de lecture estim\u00e9e":"1 minute"},"schema":{"@context":"https:\/\/schema.org","@graph":[{"@type":["WebPage","ItemPage"],"@id":"https:\/\/www.qnde.ca\/fr\/produit\/qnde-visionneuse-del\/","url":"https:\/\/www.qnde.ca\/fr\/produit\/qnde-visionneuse-del\/","name":"QNDE, Visionneuse Haute Intensit\u00e9 \u2013 Stainless &#060; Qualit\u00e9 NDE","isPartOf":{"@id":"https:\/\/www.qnde.ca\/#website"},"primaryImageOfPage":{"@id":"https:\/\/www.qnde.ca\/fr\/produit\/qnde-visionneuse-del\/#primaryimage"},"image":{"@id":"https:\/\/www.qnde.ca\/fr\/produit\/qnde-visionneuse-del\/#primaryimage"},"thumbnailUrl":"https:\/\/www.qnde.ca\/wp-content\/uploads\/2016\/01\/Illuminateur-de-haute-intensit-------Acier-Inoxydable.jpg","datePublished":"2016-01-12T15:40:51+00:00","dateModified":"2022-11-07T15:16:48+00:00","description":"Visionneuse en stainless, model HII-1, avec fen\u00eatre de visionnement 17\"L x 4.5\"H (431mm x 114mm). Garantie de 1 an.","breadcrumb":{"@id":"https:\/\/www.qnde.ca\/fr\/produit\/qnde-visionneuse-del\/#breadcrumb"},"inLanguage":"fr-FR","potentialAction":[{"@type":"ReadAction","target":["https:\/\/www.qnde.ca\/fr\/produit\/qnde-visionneuse-del\/"]}]},{"@type":"ImageObject","inLanguage":"fr-FR","@id":"https:\/\/www.qnde.ca\/fr\/produit\/qnde-visionneuse-del\/#primaryimage","url":"https:\/\/www.qnde.ca\/wp-content\/uploads\/2016\/01\/Illuminateur-de-haute-intensit-------Acier-Inoxydable.jpg","contentUrl":"https:\/\/www.qnde.ca\/wp-content\/uploads\/2016\/01\/Illuminateur-de-haute-intensit-------Acier-Inoxydable.jpg","width":540,"height":308},{"@type":"BreadcrumbList","@id":"https:\/\/www.qnde.ca\/fr\/produit\/qnde-visionneuse-del\/#breadcrumb","itemListElement":[{"@type":"ListItem","position":1,"name":"Accueil","item":"https:\/\/www.qnde.ca\/fr\/"},{"@type":"ListItem","position":2,"name":"Produits","item":"https:\/\/www.qnde.ca\/fr\/produits\/"},{"@type":"ListItem","position":3,"name":"Radiographie","item":"https:\/\/www.qnde.ca\/fr\/product-category\/radiographie\/"},{"@type":"ListItem","position":4,"name":"Accessoires d\u2019Exposition","item":"https:\/\/www.qnde.ca\/fr\/product-category\/radiographie\/accessoires-exposition\/"},{"@type":"ListItem","position":5,"name":"QNDE, Visionneuse Haute Intensit\u00e9 \u2013 Stainless"}]},{"@type":"WebSite","@id":"https:\/\/www.qnde.ca\/#website","url":"https:\/\/www.qnde.ca\/","name":"Qualit\u00e9 NDE","description":"\u00c9quipements d&#039;essais non destructifs ","publisher":{"@id":"https:\/\/www.qnde.ca\/#organization"},"potentialAction":[{"@type":"SearchAction","target":{"@type":"EntryPoint","urlTemplate":"https:\/\/www.qnde.ca\/?s={search_term_string}"},"query-input":{"@type":"PropertyValueSpecification","valueRequired":true,"valueName":"search_term_string"}}],"inLanguage":"fr-FR"},{"@type":"Organization","@id":"https:\/\/www.qnde.ca\/#organization","name":"Quality NDT Ltd.","url":"https:\/\/www.qnde.ca\/","logo":{"@type":"ImageObject","inLanguage":"fr-FR","@id":"https:\/\/www.qnde.ca\/#\/schema\/logo\/image\/","url":"https:\/\/www.qnde.ca\/wp-content\/uploads\/2022\/02\/QNDE_logo_RGB-gif.gif","contentUrl":"https:\/\/www.qnde.ca\/wp-content\/uploads\/2022\/02\/QNDE_logo_RGB-gif.gif","width":250,"height":64,"caption":"Quality NDT Ltd."},"image":{"@id":"https:\/\/www.qnde.ca\/#\/schema\/logo\/image\/"},"sameAs":["https:\/\/www.linkedin.com\/company\/qnde\/about\/?viewAsMember=true"]}]}},"jetpack_sharing_enabled":true,"_links":{"self":[{"href":"https:\/\/www.qnde.ca\/fr\/wp-json\/wp\/v2\/product\/4809","targetHints":{"allow":["GET"]}}],"collection":[{"href":"https:\/\/www.qnde.ca\/fr\/wp-json\/wp\/v2\/product"}],"about":[{"href":"https:\/\/www.qnde.ca\/fr\/wp-json\/wp\/v2\/types\/product"}],"wp:featuredmedia":[{"embeddable":true,"href":"https:\/\/www.qnde.ca\/fr\/wp-json\/wp\/v2\/media\/4812"}],"wp:attachment":[{"href":"https:\/\/www.qnde.ca\/fr\/wp-json\/wp\/v2\/media?parent=4809"}],"wp:term":[{"taxonomy":"product_brand","embeddable":true,"href":"https:\/\/www.qnde.ca\/fr\/wp-json\/wp\/v2\/product_brand?post=4809"},{"taxonomy":"product_cat","embeddable":true,"href":"https:\/\/www.qnde.ca\/fr\/wp-json\/wp\/v2\/product_cat?post=4809"},{"taxonomy":"product_tag","embeddable":true,"href":"https:\/\/www.qnde.ca\/fr\/wp-json\/wp\/v2\/product_tag?post=4809"}],"curies":[{"name":"wp","href":"https:\/\/api.w.org\/{rel}","templated":true}]}}