{"id":4796,"date":"2016-01-12T15:36:58","date_gmt":"2016-01-12T15:36:58","guid":{"rendered":"https:\/\/www.qnde.ca\/?post_type=product&#038;p=4796"},"modified":"2024-10-17T16:49:55","modified_gmt":"2024-10-17T20:49:55","slug":"ensemble-controle-pistolet","status":"publish","type":"product","link":"https:\/\/www.qnde.ca\/fr\/produit\/ensemble-controle-pistolet\/","title":{"rendered":"QSA Global Ensemble de Contr\u00f4le Style Pistolet"},"content":{"rendered":"<h3><strong>QSA Global Ensemble de Contr\u00f4le Style Pistolet<\/strong><\/h3>\n<p>L\u2019ensemble de contr\u00f4le r\u00e9sistant \u00e0 l\u2019eau, style pistolet, comprend une manivelle et un engrenage, une paire de tubes de commande, un c\u00e2ble d\u2019entra\u00eenement et un connecteur de s\u00e9curit\u00e9 en stainless. Disponible en 25, 35 et 50 pieds (7.5, 10.5 et 15m). Con\u00e7u une utilisation \u00e0 des temp\u00e9ratures extr\u00eames de -40\u00b0 \u00e0 212\u00b0 F (-40\u00b0 \u00e0 100\u00b0 C)<\/p>\n<ul>\n<li>SAN88250: Ensemble de contr\u00f4le, style pistolet &#8211; 50 pieds (15m).<\/li>\n<li>SAN88435: Ensemble de contr\u00f4le, style pistolet &#8211; 35 pieds (10.5m).<\/li>\n<li>SAN88225: Ensemble de contr\u00f4le, style pistolet &#8211; 25 pieds (7.5m).<\/li>\n<\/ul>\n<h4>D\u00e9vidoir<\/h4>\n<ul>\n<li>SAN88550: D\u00e9vidoir de contr\u00f4le &#8211; 50 pieds (15m).<\/li>\n<li>SAN88535: D\u00e9vidoir de contr\u00f4le &#8211; 35 pieds (10.5m).<\/li>\n<li>SAN88525: D\u00e9vidoir de contr\u00f4le &#8211; 25 pieds (7.5m).<\/li>\n<\/ul>\n<h4>C\u00e2ble<\/h4>\n<ul>\n<li>55009: C\u00e2ble d\u2019entra\u00eenement teleflex &#8211; 100 pieds (30.5m).<\/li>\n<li>55010: C\u00e2ble d\u2019entra\u00eenement teleflex &#8211; 70 pieds (21.3m).<\/li>\n<li>55005: C\u00e2ble d\u2019entra\u00eenement teleflex &#8211; 50 pieds (15.2m).<\/li>\n<\/ul>\n","protected":false},"excerpt":{"rendered":"<p>QSA Global Ensemble de Contr\u00f4le Style Pistolet L\u2019ensemble de contr\u00f4le r\u00e9sistant \u00e0 l\u2019eau, style pistolet, comprend une manivelle et un engrenage, une paire de tubes de commande, un c\u00e2ble d\u2019entra\u00eenement et un connecteur de s\u00e9curit\u00e9 en stainless. Disponible en 25, 35 et 50 pieds (7.5, 10.5 et 15m). Con\u00e7u une utilisation \u00e0 des temp\u00e9ratures extr\u00eames [&hellip;]<\/p>\n","protected":false},"featured_media":16868,"template":"","meta":{"_monsterinsights_skip_tracking":false,"_monsterinsights_sitenote_active":false,"_monsterinsights_sitenote_note":"","_monsterinsights_sitenote_category":0},"product_brand":[],"product_cat":[393,139],"product_tag":[],"class_list":{"0":"post-4796","1":"product","2":"type-product","3":"status-publish","4":"has-post-thumbnail","6":"product_cat-qsa-global-fr","7":"product_cat-sources-projecteurs","9":"first","10":"instock","11":"shipping-taxable","12":"purchasable","13":"product-type-variable"},"yoast_head":"<!-- This site is optimized with the Yoast SEO plugin v23.9 - https:\/\/yoast.com\/wordpress\/plugins\/seo\/ -->\n<title>QSA Global Ensemble de Contr\u00f4le Style Pistolet &#060; Qualit\u00e9 NDE<\/title>\n<meta name=\"description\" content=\"R\u00e9sistant \u00e0 l\u2019eau, style pistolet, comprend manivelle et engrenage, paire de tubes de commande, c\u00e2ble d\u2019entra\u00eenement et connecteur de s\u00e9curit\u00e9 en stainless.\" \/>\n<meta name=\"robots\" content=\"index, follow, max-snippet:-1, max-image-preview:large, max-video-preview:-1\" \/>\n<link rel=\"canonical\" href=\"https:\/\/www.qnde.ca\/fr\/produit\/ensemble-controle-pistolet\/\" \/>\n<meta name=\"twitter:label1\" content=\"Dur\u00e9e de lecture estim\u00e9e\" \/>\n\t<meta name=\"twitter:data1\" content=\"1 minute\" \/>\n<script type=\"application\/ld+json\" class=\"yoast-schema-graph\">{\"@context\":\"https:\/\/schema.org\",\"@graph\":[{\"@type\":[\"WebPage\",\"ItemPage\"],\"@id\":\"https:\/\/www.qnde.ca\/fr\/produit\/ensemble-controle-pistolet\/\",\"url\":\"https:\/\/www.qnde.ca\/fr\/produit\/ensemble-controle-pistolet\/\",\"name\":\"QSA Global Ensemble de Contr\u00f4le Style Pistolet &#060; Qualit\u00e9 NDE\",\"isPartOf\":{\"@id\":\"https:\/\/www.qnde.ca\/#website\"},\"primaryImageOfPage\":{\"@id\":\"https:\/\/www.qnde.ca\/fr\/produit\/ensemble-controle-pistolet\/#primaryimage\"},\"image\":{\"@id\":\"https:\/\/www.qnde.ca\/fr\/produit\/ensemble-controle-pistolet\/#primaryimage\"},\"thumbnailUrl\":\"https:\/\/www.qnde.ca\/wp-content\/uploads\/2021\/02\/hero-1075-controls.png\",\"datePublished\":\"2016-01-12T15:36:58+00:00\",\"dateModified\":\"2024-10-17T20:49:55+00:00\",\"description\":\"R\u00e9sistant \u00e0 l\u2019eau, style pistolet, comprend manivelle et engrenage, paire de tubes de commande, c\u00e2ble d\u2019entra\u00eenement et connecteur de s\u00e9curit\u00e9 en stainless.\",\"breadcrumb\":{\"@id\":\"https:\/\/www.qnde.ca\/fr\/produit\/ensemble-controle-pistolet\/#breadcrumb\"},\"inLanguage\":\"fr-FR\",\"potentialAction\":[{\"@type\":\"ReadAction\",\"target\":[\"https:\/\/www.qnde.ca\/fr\/produit\/ensemble-controle-pistolet\/\"]}]},{\"@type\":\"ImageObject\",\"inLanguage\":\"fr-FR\",\"@id\":\"https:\/\/www.qnde.ca\/fr\/produit\/ensemble-controle-pistolet\/#primaryimage\",\"url\":\"https:\/\/www.qnde.ca\/wp-content\/uploads\/2021\/02\/hero-1075-controls.png\",\"contentUrl\":\"https:\/\/www.qnde.ca\/wp-content\/uploads\/2021\/02\/hero-1075-controls.png\",\"width\":585,\"height\":500},{\"@type\":\"BreadcrumbList\",\"@id\":\"https:\/\/www.qnde.ca\/fr\/produit\/ensemble-controle-pistolet\/#breadcrumb\",\"itemListElement\":[{\"@type\":\"ListItem\",\"position\":1,\"name\":\"Accueil\",\"item\":\"https:\/\/www.qnde.ca\/fr\/\"},{\"@type\":\"ListItem\",\"position\":2,\"name\":\"Produits\",\"item\":\"https:\/\/www.qnde.ca\/fr\/produits\/\"},{\"@type\":\"ListItem\",\"position\":3,\"name\":\"Radiographie\",\"item\":\"https:\/\/www.qnde.ca\/fr\/product-category\/radiographie\/\"},{\"@type\":\"ListItem\",\"position\":4,\"name\":\"Sources et Projecteurs\",\"item\":\"https:\/\/www.qnde.ca\/fr\/product-category\/radiographie\/sources-projecteurs\/\"},{\"@type\":\"ListItem\",\"position\":5,\"name\":\"QSA Global Ensemble de Contr\u00f4le Style Pistolet\"}]},{\"@type\":\"WebSite\",\"@id\":\"https:\/\/www.qnde.ca\/#website\",\"url\":\"https:\/\/www.qnde.ca\/\",\"name\":\"Qualit\u00e9 NDE\",\"description\":\"\u00c9quipements d&#039;essais non destructifs \",\"publisher\":{\"@id\":\"https:\/\/www.qnde.ca\/#organization\"},\"potentialAction\":[{\"@type\":\"SearchAction\",\"target\":{\"@type\":\"EntryPoint\",\"urlTemplate\":\"https:\/\/www.qnde.ca\/?s={search_term_string}\"},\"query-input\":{\"@type\":\"PropertyValueSpecification\",\"valueRequired\":true,\"valueName\":\"search_term_string\"}}],\"inLanguage\":\"fr-FR\"},{\"@type\":\"Organization\",\"@id\":\"https:\/\/www.qnde.ca\/#organization\",\"name\":\"Quality NDT Ltd.\",\"url\":\"https:\/\/www.qnde.ca\/\",\"logo\":{\"@type\":\"ImageObject\",\"inLanguage\":\"fr-FR\",\"@id\":\"https:\/\/www.qnde.ca\/#\/schema\/logo\/image\/\",\"url\":\"https:\/\/www.qnde.ca\/wp-content\/uploads\/2022\/02\/QNDE_logo_RGB-gif.gif\",\"contentUrl\":\"https:\/\/www.qnde.ca\/wp-content\/uploads\/2022\/02\/QNDE_logo_RGB-gif.gif\",\"width\":250,\"height\":64,\"caption\":\"Quality NDT Ltd.\"},\"image\":{\"@id\":\"https:\/\/www.qnde.ca\/#\/schema\/logo\/image\/\"},\"sameAs\":[\"https:\/\/www.linkedin.com\/company\/qnde\/about\/?viewAsMember=true\"]}]}<\/script>\n<!-- \/ Yoast SEO plugin. -->","yoast_head_json":{"title":"QSA Global Ensemble de Contr\u00f4le Style Pistolet &#060; Qualit\u00e9 NDE","description":"R\u00e9sistant \u00e0 l\u2019eau, style pistolet, comprend manivelle et engrenage, paire de tubes de commande, c\u00e2ble d\u2019entra\u00eenement et connecteur de s\u00e9curit\u00e9 en stainless.","robots":{"index":"index","follow":"follow","max-snippet":"max-snippet:-1","max-image-preview":"max-image-preview:large","max-video-preview":"max-video-preview:-1"},"canonical":"https:\/\/www.qnde.ca\/fr\/produit\/ensemble-controle-pistolet\/","twitter_misc":{"Dur\u00e9e de lecture estim\u00e9e":"1 minute"},"schema":{"@context":"https:\/\/schema.org","@graph":[{"@type":["WebPage","ItemPage"],"@id":"https:\/\/www.qnde.ca\/fr\/produit\/ensemble-controle-pistolet\/","url":"https:\/\/www.qnde.ca\/fr\/produit\/ensemble-controle-pistolet\/","name":"QSA Global Ensemble de Contr\u00f4le Style Pistolet &#060; Qualit\u00e9 NDE","isPartOf":{"@id":"https:\/\/www.qnde.ca\/#website"},"primaryImageOfPage":{"@id":"https:\/\/www.qnde.ca\/fr\/produit\/ensemble-controle-pistolet\/#primaryimage"},"image":{"@id":"https:\/\/www.qnde.ca\/fr\/produit\/ensemble-controle-pistolet\/#primaryimage"},"thumbnailUrl":"https:\/\/www.qnde.ca\/wp-content\/uploads\/2021\/02\/hero-1075-controls.png","datePublished":"2016-01-12T15:36:58+00:00","dateModified":"2024-10-17T20:49:55+00:00","description":"R\u00e9sistant \u00e0 l\u2019eau, style pistolet, comprend manivelle et engrenage, paire de tubes de commande, c\u00e2ble d\u2019entra\u00eenement et connecteur de s\u00e9curit\u00e9 en stainless.","breadcrumb":{"@id":"https:\/\/www.qnde.ca\/fr\/produit\/ensemble-controle-pistolet\/#breadcrumb"},"inLanguage":"fr-FR","potentialAction":[{"@type":"ReadAction","target":["https:\/\/www.qnde.ca\/fr\/produit\/ensemble-controle-pistolet\/"]}]},{"@type":"ImageObject","inLanguage":"fr-FR","@id":"https:\/\/www.qnde.ca\/fr\/produit\/ensemble-controle-pistolet\/#primaryimage","url":"https:\/\/www.qnde.ca\/wp-content\/uploads\/2021\/02\/hero-1075-controls.png","contentUrl":"https:\/\/www.qnde.ca\/wp-content\/uploads\/2021\/02\/hero-1075-controls.png","width":585,"height":500},{"@type":"BreadcrumbList","@id":"https:\/\/www.qnde.ca\/fr\/produit\/ensemble-controle-pistolet\/#breadcrumb","itemListElement":[{"@type":"ListItem","position":1,"name":"Accueil","item":"https:\/\/www.qnde.ca\/fr\/"},{"@type":"ListItem","position":2,"name":"Produits","item":"https:\/\/www.qnde.ca\/fr\/produits\/"},{"@type":"ListItem","position":3,"name":"Radiographie","item":"https:\/\/www.qnde.ca\/fr\/product-category\/radiographie\/"},{"@type":"ListItem","position":4,"name":"Sources et Projecteurs","item":"https:\/\/www.qnde.ca\/fr\/product-category\/radiographie\/sources-projecteurs\/"},{"@type":"ListItem","position":5,"name":"QSA Global Ensemble de Contr\u00f4le Style Pistolet"}]},{"@type":"WebSite","@id":"https:\/\/www.qnde.ca\/#website","url":"https:\/\/www.qnde.ca\/","name":"Qualit\u00e9 NDE","description":"\u00c9quipements d&#039;essais non destructifs ","publisher":{"@id":"https:\/\/www.qnde.ca\/#organization"},"potentialAction":[{"@type":"SearchAction","target":{"@type":"EntryPoint","urlTemplate":"https:\/\/www.qnde.ca\/?s={search_term_string}"},"query-input":{"@type":"PropertyValueSpecification","valueRequired":true,"valueName":"search_term_string"}}],"inLanguage":"fr-FR"},{"@type":"Organization","@id":"https:\/\/www.qnde.ca\/#organization","name":"Quality NDT Ltd.","url":"https:\/\/www.qnde.ca\/","logo":{"@type":"ImageObject","inLanguage":"fr-FR","@id":"https:\/\/www.qnde.ca\/#\/schema\/logo\/image\/","url":"https:\/\/www.qnde.ca\/wp-content\/uploads\/2022\/02\/QNDE_logo_RGB-gif.gif","contentUrl":"https:\/\/www.qnde.ca\/wp-content\/uploads\/2022\/02\/QNDE_logo_RGB-gif.gif","width":250,"height":64,"caption":"Quality NDT Ltd."},"image":{"@id":"https:\/\/www.qnde.ca\/#\/schema\/logo\/image\/"},"sameAs":["https:\/\/www.linkedin.com\/company\/qnde\/about\/?viewAsMember=true"]}]}},"jetpack_sharing_enabled":true,"_links":{"self":[{"href":"https:\/\/www.qnde.ca\/fr\/wp-json\/wp\/v2\/product\/4796","targetHints":{"allow":["GET"]}}],"collection":[{"href":"https:\/\/www.qnde.ca\/fr\/wp-json\/wp\/v2\/product"}],"about":[{"href":"https:\/\/www.qnde.ca\/fr\/wp-json\/wp\/v2\/types\/product"}],"wp:featuredmedia":[{"embeddable":true,"href":"https:\/\/www.qnde.ca\/fr\/wp-json\/wp\/v2\/media\/16868"}],"wp:attachment":[{"href":"https:\/\/www.qnde.ca\/fr\/wp-json\/wp\/v2\/media?parent=4796"}],"wp:term":[{"taxonomy":"product_brand","embeddable":true,"href":"https:\/\/www.qnde.ca\/fr\/wp-json\/wp\/v2\/product_brand?post=4796"},{"taxonomy":"product_cat","embeddable":true,"href":"https:\/\/www.qnde.ca\/fr\/wp-json\/wp\/v2\/product_cat?post=4796"},{"taxonomy":"product_tag","embeddable":true,"href":"https:\/\/www.qnde.ca\/fr\/wp-json\/wp\/v2\/product_tag?post=4796"}],"curies":[{"name":"wp","href":"https:\/\/api.w.org\/{rel}","templated":true}]}}