{"id":4793,"date":"2016-01-12T15:31:41","date_gmt":"2016-01-12T15:31:41","guid":{"rendered":"https:\/\/www.qnde.ca\/?post_type=product&#038;p=4793"},"modified":"2025-08-12T16:11:44","modified_gmt":"2025-08-12T20:11:44","slug":"gsm-115-4-gammes-detecteur-de-radiations","status":"publish","type":"product","link":"https:\/\/www.qnde.ca\/fr\/produit\/gsm-115-4-gammes-detecteur-de-radiations\/","title":{"rendered":"WM B Johnson GSM-115, 4 gammes d\u00e9tecteur de Radiations"},"content":{"rendered":"<h3 id=\"ctl01_ctl00_cphMainContent_ProductTitle\">WM B Johnson GSM-115, 4 gammes d&rsquo;indicateurs de radiation<\/h3>\n<div>\n<ul>\n<li class=\"\">Gammes:\u00a0\u00a0 0 &#8211; 0.2, 0-2, 0-20, &amp; 0-200 mR\/hr ou Sv Unit\u00e9s 0-500, 0-5000 &amp; 0-50,000, &amp; 0-500,000 cpm.<\/li>\n<li>Indicateurs visuels de batterie faible et de d\u00e9tection de saturation.<\/li>\n<li>Haut voltage ajustable\u00a0300 &#8211; 1300 vdc \u00b11%. Sensibilit\u00e9 d&rsquo;entr\u00e9e: 0.050 v p-p. Lin\u00e9arit\u00e9 \u00b1 10% de la valeur r\u00e9elle.<\/li>\n<li>Temps de r\u00e9ponse ajustable\u00a0\u00e0\u00a04 -20 secondes &#8211; 90% de l&rsquo;\u00e9chelle totale.<\/li>\n<li>Sortie audio\u00a0\u2013 \u00e0 l&rsquo;\u00e9preuve de l&rsquo;eau et des solvants.<\/li>\n<li>N\u00e9cessite\u00a02 piles alcalines de 9 Volts.<\/li>\n<li>Panneau de mesure robuste de 2.5&Prime;.<\/li>\n<li>5\u00bd\u00a0\u00bb (14 cm) H X 3&Prime; (7.5 cm) W X 7&Prime; (18 cm).<\/li>\n<li>2.25 lb (1 kg).<\/li>\n<\/ul>\n<p>Compatible avec plusieurs sondes.<\/p>\n<\/div>\n<h4>QSM1306<\/h4>\n<ul>\n<li>Indicateur de radiation, 4 gammes \u2013 GSM-115<\/li>\n<\/ul>\n","protected":false},"excerpt":{"rendered":"<p>WM B Johnson GSM-115, 4 gammes d&rsquo;indicateurs de radiation Gammes:\u00a0\u00a0 0 &#8211; 0.2, 0-2, 0-20, &amp; 0-200 mR\/hr ou Sv Unit\u00e9s 0-500, 0-5000 &amp; 0-50,000, &amp; 0-500,000 cpm. Indicateurs visuels de batterie faible et de d\u00e9tection de saturation. Haut voltage ajustable\u00a0300 &#8211; 1300 vdc \u00b11%. Sensibilit\u00e9 d&rsquo;entr\u00e9e: 0.050 v p-p. Lin\u00e9arit\u00e9 \u00b1 10% de la [&hellip;]<\/p>\n","protected":false},"featured_media":4795,"template":"","meta":{"_monsterinsights_skip_tracking":false,"_monsterinsights_sitenote_active":false,"_monsterinsights_sitenote_note":"","_monsterinsights_sitenote_category":0},"product_brand":[],"product_cat":[402,143],"product_tag":[],"class_list":{"0":"post-4793","1":"product","2":"type-product","3":"status-publish","4":"has-post-thumbnail","6":"product_cat-autres-marques","7":"product_cat-radioprotection","9":"first","10":"instock","11":"shipping-taxable","12":"purchasable","13":"product-type-simple"},"yoast_head":"<!-- This site is optimized with the Yoast SEO plugin v23.9 - https:\/\/yoast.com\/wordpress\/plugins\/seo\/ -->\n<title>WM B Johnson GSM-115, 4 gammes d\u00e9tecteur de Radiations &#060; Qualit\u00e9 NDE<\/title>\n<meta name=\"description\" content=\"D\u00e9tecteur de radiation GSM-115 \u00e0 4 gammes (mR\/hr, cpm), signal audio, alerte batterie, r\u00e9ponse ajustable, robuste et compact. Alim. 2 piles 9\u202fV.\" \/>\n<meta name=\"robots\" content=\"index, follow, max-snippet:-1, max-image-preview:large, max-video-preview:-1\" \/>\n<link rel=\"canonical\" href=\"https:\/\/www.qnde.ca\/fr\/produit\/gsm-115-4-gammes-detecteur-de-radiations\/\" \/>\n<meta name=\"twitter:label1\" content=\"Dur\u00e9e de lecture estim\u00e9e\" \/>\n\t<meta name=\"twitter:data1\" content=\"1 minute\" \/>\n<script type=\"application\/ld+json\" class=\"yoast-schema-graph\">{\"@context\":\"https:\/\/schema.org\",\"@graph\":[{\"@type\":[\"WebPage\",\"ItemPage\"],\"@id\":\"https:\/\/www.qnde.ca\/fr\/produit\/gsm-115-4-gammes-detecteur-de-radiations\/\",\"url\":\"https:\/\/www.qnde.ca\/fr\/produit\/gsm-115-4-gammes-detecteur-de-radiations\/\",\"name\":\"WM B Johnson GSM-115, 4 gammes d\u00e9tecteur de Radiations &#060; Qualit\u00e9 NDE\",\"isPartOf\":{\"@id\":\"https:\/\/www.qnde.ca\/#website\"},\"primaryImageOfPage\":{\"@id\":\"https:\/\/www.qnde.ca\/fr\/produit\/gsm-115-4-gammes-detecteur-de-radiations\/#primaryimage\"},\"image\":{\"@id\":\"https:\/\/www.qnde.ca\/fr\/produit\/gsm-115-4-gammes-detecteur-de-radiations\/#primaryimage\"},\"thumbnailUrl\":\"https:\/\/www.qnde.ca\/wp-content\/uploads\/2016\/01\/GSM-115-4-gammes-indicateurs-de-radiation.gif\",\"datePublished\":\"2016-01-12T15:31:41+00:00\",\"dateModified\":\"2025-08-12T20:11:44+00:00\",\"description\":\"D\u00e9tecteur de radiation GSM-115 \u00e0 4 gammes (mR\/hr, cpm), signal audio, alerte batterie, r\u00e9ponse ajustable, robuste et compact. Alim. 2 piles 9\u202fV.\",\"breadcrumb\":{\"@id\":\"https:\/\/www.qnde.ca\/fr\/produit\/gsm-115-4-gammes-detecteur-de-radiations\/#breadcrumb\"},\"inLanguage\":\"fr-FR\",\"potentialAction\":[{\"@type\":\"ReadAction\",\"target\":[\"https:\/\/www.qnde.ca\/fr\/produit\/gsm-115-4-gammes-detecteur-de-radiations\/\"]}]},{\"@type\":\"ImageObject\",\"inLanguage\":\"fr-FR\",\"@id\":\"https:\/\/www.qnde.ca\/fr\/produit\/gsm-115-4-gammes-detecteur-de-radiations\/#primaryimage\",\"url\":\"https:\/\/www.qnde.ca\/wp-content\/uploads\/2016\/01\/GSM-115-4-gammes-indicateurs-de-radiation.gif\",\"contentUrl\":\"https:\/\/www.qnde.ca\/wp-content\/uploads\/2016\/01\/GSM-115-4-gammes-indicateurs-de-radiation.gif\",\"width\":179,\"height\":194},{\"@type\":\"BreadcrumbList\",\"@id\":\"https:\/\/www.qnde.ca\/fr\/produit\/gsm-115-4-gammes-detecteur-de-radiations\/#breadcrumb\",\"itemListElement\":[{\"@type\":\"ListItem\",\"position\":1,\"name\":\"Accueil\",\"item\":\"https:\/\/www.qnde.ca\/fr\/\"},{\"@type\":\"ListItem\",\"position\":2,\"name\":\"Produits\",\"item\":\"https:\/\/www.qnde.ca\/fr\/produits\/\"},{\"@type\":\"ListItem\",\"position\":3,\"name\":\"Marques\",\"item\":\"https:\/\/www.qnde.ca\/fr\/product-category\/marques\/\"},{\"@type\":\"ListItem\",\"position\":4,\"name\":\"Autres Marques\",\"item\":\"https:\/\/www.qnde.ca\/fr\/product-category\/marques\/autres-marques\/\"},{\"@type\":\"ListItem\",\"position\":5,\"name\":\"WM B Johnson GSM-115, 4 gammes d\u00e9tecteur de Radiations\"}]},{\"@type\":\"WebSite\",\"@id\":\"https:\/\/www.qnde.ca\/#website\",\"url\":\"https:\/\/www.qnde.ca\/\",\"name\":\"Qualit\u00e9 NDE\",\"description\":\"\u00c9quipements d&#039;essais non destructifs \",\"publisher\":{\"@id\":\"https:\/\/www.qnde.ca\/#organization\"},\"potentialAction\":[{\"@type\":\"SearchAction\",\"target\":{\"@type\":\"EntryPoint\",\"urlTemplate\":\"https:\/\/www.qnde.ca\/?s={search_term_string}\"},\"query-input\":{\"@type\":\"PropertyValueSpecification\",\"valueRequired\":true,\"valueName\":\"search_term_string\"}}],\"inLanguage\":\"fr-FR\"},{\"@type\":\"Organization\",\"@id\":\"https:\/\/www.qnde.ca\/#organization\",\"name\":\"Quality NDT Ltd.\",\"url\":\"https:\/\/www.qnde.ca\/\",\"logo\":{\"@type\":\"ImageObject\",\"inLanguage\":\"fr-FR\",\"@id\":\"https:\/\/www.qnde.ca\/#\/schema\/logo\/image\/\",\"url\":\"https:\/\/www.qnde.ca\/wp-content\/uploads\/2022\/02\/QNDE_logo_RGB-gif.gif\",\"contentUrl\":\"https:\/\/www.qnde.ca\/wp-content\/uploads\/2022\/02\/QNDE_logo_RGB-gif.gif\",\"width\":250,\"height\":64,\"caption\":\"Quality NDT Ltd.\"},\"image\":{\"@id\":\"https:\/\/www.qnde.ca\/#\/schema\/logo\/image\/\"},\"sameAs\":[\"https:\/\/www.linkedin.com\/company\/qnde\/about\/?viewAsMember=true\"]}]}<\/script>\n<!-- \/ Yoast SEO plugin. -->","yoast_head_json":{"title":"WM B Johnson GSM-115, 4 gammes d\u00e9tecteur de Radiations &#060; Qualit\u00e9 NDE","description":"D\u00e9tecteur de radiation GSM-115 \u00e0 4 gammes (mR\/hr, cpm), signal audio, alerte batterie, r\u00e9ponse ajustable, robuste et compact. Alim. 2 piles 9\u202fV.","robots":{"index":"index","follow":"follow","max-snippet":"max-snippet:-1","max-image-preview":"max-image-preview:large","max-video-preview":"max-video-preview:-1"},"canonical":"https:\/\/www.qnde.ca\/fr\/produit\/gsm-115-4-gammes-detecteur-de-radiations\/","twitter_misc":{"Dur\u00e9e de lecture estim\u00e9e":"1 minute"},"schema":{"@context":"https:\/\/schema.org","@graph":[{"@type":["WebPage","ItemPage"],"@id":"https:\/\/www.qnde.ca\/fr\/produit\/gsm-115-4-gammes-detecteur-de-radiations\/","url":"https:\/\/www.qnde.ca\/fr\/produit\/gsm-115-4-gammes-detecteur-de-radiations\/","name":"WM B Johnson GSM-115, 4 gammes d\u00e9tecteur de Radiations &#060; Qualit\u00e9 NDE","isPartOf":{"@id":"https:\/\/www.qnde.ca\/#website"},"primaryImageOfPage":{"@id":"https:\/\/www.qnde.ca\/fr\/produit\/gsm-115-4-gammes-detecteur-de-radiations\/#primaryimage"},"image":{"@id":"https:\/\/www.qnde.ca\/fr\/produit\/gsm-115-4-gammes-detecteur-de-radiations\/#primaryimage"},"thumbnailUrl":"https:\/\/www.qnde.ca\/wp-content\/uploads\/2016\/01\/GSM-115-4-gammes-indicateurs-de-radiation.gif","datePublished":"2016-01-12T15:31:41+00:00","dateModified":"2025-08-12T20:11:44+00:00","description":"D\u00e9tecteur de radiation GSM-115 \u00e0 4 gammes (mR\/hr, cpm), signal audio, alerte batterie, r\u00e9ponse ajustable, robuste et compact. Alim. 2 piles 9\u202fV.","breadcrumb":{"@id":"https:\/\/www.qnde.ca\/fr\/produit\/gsm-115-4-gammes-detecteur-de-radiations\/#breadcrumb"},"inLanguage":"fr-FR","potentialAction":[{"@type":"ReadAction","target":["https:\/\/www.qnde.ca\/fr\/produit\/gsm-115-4-gammes-detecteur-de-radiations\/"]}]},{"@type":"ImageObject","inLanguage":"fr-FR","@id":"https:\/\/www.qnde.ca\/fr\/produit\/gsm-115-4-gammes-detecteur-de-radiations\/#primaryimage","url":"https:\/\/www.qnde.ca\/wp-content\/uploads\/2016\/01\/GSM-115-4-gammes-indicateurs-de-radiation.gif","contentUrl":"https:\/\/www.qnde.ca\/wp-content\/uploads\/2016\/01\/GSM-115-4-gammes-indicateurs-de-radiation.gif","width":179,"height":194},{"@type":"BreadcrumbList","@id":"https:\/\/www.qnde.ca\/fr\/produit\/gsm-115-4-gammes-detecteur-de-radiations\/#breadcrumb","itemListElement":[{"@type":"ListItem","position":1,"name":"Accueil","item":"https:\/\/www.qnde.ca\/fr\/"},{"@type":"ListItem","position":2,"name":"Produits","item":"https:\/\/www.qnde.ca\/fr\/produits\/"},{"@type":"ListItem","position":3,"name":"Marques","item":"https:\/\/www.qnde.ca\/fr\/product-category\/marques\/"},{"@type":"ListItem","position":4,"name":"Autres Marques","item":"https:\/\/www.qnde.ca\/fr\/product-category\/marques\/autres-marques\/"},{"@type":"ListItem","position":5,"name":"WM B Johnson GSM-115, 4 gammes d\u00e9tecteur de Radiations"}]},{"@type":"WebSite","@id":"https:\/\/www.qnde.ca\/#website","url":"https:\/\/www.qnde.ca\/","name":"Qualit\u00e9 NDE","description":"\u00c9quipements d&#039;essais non destructifs ","publisher":{"@id":"https:\/\/www.qnde.ca\/#organization"},"potentialAction":[{"@type":"SearchAction","target":{"@type":"EntryPoint","urlTemplate":"https:\/\/www.qnde.ca\/?s={search_term_string}"},"query-input":{"@type":"PropertyValueSpecification","valueRequired":true,"valueName":"search_term_string"}}],"inLanguage":"fr-FR"},{"@type":"Organization","@id":"https:\/\/www.qnde.ca\/#organization","name":"Quality NDT Ltd.","url":"https:\/\/www.qnde.ca\/","logo":{"@type":"ImageObject","inLanguage":"fr-FR","@id":"https:\/\/www.qnde.ca\/#\/schema\/logo\/image\/","url":"https:\/\/www.qnde.ca\/wp-content\/uploads\/2022\/02\/QNDE_logo_RGB-gif.gif","contentUrl":"https:\/\/www.qnde.ca\/wp-content\/uploads\/2022\/02\/QNDE_logo_RGB-gif.gif","width":250,"height":64,"caption":"Quality NDT Ltd."},"image":{"@id":"https:\/\/www.qnde.ca\/#\/schema\/logo\/image\/"},"sameAs":["https:\/\/www.linkedin.com\/company\/qnde\/about\/?viewAsMember=true"]}]}},"jetpack_sharing_enabled":true,"_links":{"self":[{"href":"https:\/\/www.qnde.ca\/fr\/wp-json\/wp\/v2\/product\/4793","targetHints":{"allow":["GET"]}}],"collection":[{"href":"https:\/\/www.qnde.ca\/fr\/wp-json\/wp\/v2\/product"}],"about":[{"href":"https:\/\/www.qnde.ca\/fr\/wp-json\/wp\/v2\/types\/product"}],"wp:featuredmedia":[{"embeddable":true,"href":"https:\/\/www.qnde.ca\/fr\/wp-json\/wp\/v2\/media\/4795"}],"wp:attachment":[{"href":"https:\/\/www.qnde.ca\/fr\/wp-json\/wp\/v2\/media?parent=4793"}],"wp:term":[{"taxonomy":"product_brand","embeddable":true,"href":"https:\/\/www.qnde.ca\/fr\/wp-json\/wp\/v2\/product_brand?post=4793"},{"taxonomy":"product_cat","embeddable":true,"href":"https:\/\/www.qnde.ca\/fr\/wp-json\/wp\/v2\/product_cat?post=4793"},{"taxonomy":"product_tag","embeddable":true,"href":"https:\/\/www.qnde.ca\/fr\/wp-json\/wp\/v2\/product_tag?post=4793"}],"curies":[{"name":"wp","href":"https:\/\/api.w.org\/{rel}","templated":true}]}}