{"id":4784,"date":"2016-01-12T15:28:48","date_gmt":"2016-01-12T15:28:48","guid":{"rendered":"https:\/\/www.qnde.ca\/?post_type=product&#038;p=4784"},"modified":"2022-11-09T13:39:16","modified_gmt":"2022-11-09T18:39:16","slug":"collimateurs-tungsten","status":"publish","type":"product","link":"https:\/\/www.qnde.ca\/fr\/produit\/collimateurs-tungsten\/","title":{"rendered":"QSA Global Collimateurs en Tungsten"},"content":{"rendered":"<h3><strong>QSA Global Collimateurs en Tungsten <\/strong><\/h3>\n<p>Les collimateurs contiennent et dirigent le faisceau de radiation lors de l\u2019exposition. Une large gamme de collimateurs a \u00e9t\u00e9 d\u00e9velopp\u00e9e pour r\u00e9pondre aux nombreuses applications et techniques utilis\u00e9es.<\/p>\n\n<table id=\"tablepress-Coll_FR\" class=\"tablepress tablepress-id-Coll_FR\">\n<thead>\n<tr class=\"row-1\">\n\t<th class=\"column-1\"># Item<\/th><th class=\"column-2\">Nom<\/th><th class=\"column-3\">Style<\/th><th class=\"column-4\">Poids<\/th><th class=\"column-5\">HVL Approx.  Ir-192<\/th><th class=\"column-6\">HVL Approx.  Se-75<\/th><th class=\"column-7\">Tube de guidage compatible<\/th>\n<\/tr>\n<\/thead>\n<tbody class=\"row-striping row-hover\">\n<tr class=\"row-2\">\n\t<td class=\"column-1\">GCN101<\/td><td class=\"column-2\">Mini - Filet\u00e9<\/td><td class=\"column-3\">Faisceau lat\u00e9ral 68\u00b0 Conique<\/td><td class=\"column-4\">1.75lb (0.79kg)<\/td><td class=\"column-5\">4.3<\/td><td class=\"column-6\">16<\/td><td class=\"column-7\">Tube de guidage \u00e0 bout filet\u00e9<\/td>\n<\/tr>\n<tr class=\"row-3\">\n\t<td class=\"column-1\">TCN799<\/td><td class=\"column-2\">Mini<\/td><td class=\"column-3\">Faisceau lat\u00e9ral 60\u00b0 Conique<\/td><td class=\"column-4\">1.75lb (0.79kg)<\/td><td class=\"column-5\">4.3<\/td><td class=\"column-6\">16<\/td><td class=\"column-7\">Tube de guidage \u00e0 bout permanent.<\/td>\n<\/tr>\n<tr class=\"row-4\">\n\t<td class=\"column-1\">TCN827<\/td><td class=\"column-2\">Medium<\/td><td class=\"column-3\">Faisceau lat\u00e9ral 60\u00b0 Conique<\/td><td class=\"column-4\">4.3lb (1.95kg)<\/td><td class=\"column-5\">6.8<\/td><td class=\"column-6\">26<\/td><td class=\"column-7\">Tube de guidage \u00e0 bout permanent.<\/td>\n<\/tr>\n<tr class=\"row-5\">\n\t<td class=\"column-1\">TCN828<\/td><td class=\"column-2\">Large<\/td><td class=\"column-3\">Faisceau lat\u00e9ral 60\u00b0 Conique<\/td><td class=\"column-4\">9.5lb (4.32kg)<\/td><td class=\"column-5\">8.3<\/td><td class=\"column-6\">33<\/td><td class=\"column-7\">Tube de guidage \u00e0 bout permanent.<\/td>\n<\/tr>\n<tr class=\"row-6\">\n\t<td class=\"column-1\">TCN846<\/td><td class=\"column-2\">Panoramique<\/td><td class=\"column-3\">20\u00b0 x 360\u00b0<\/td><td class=\"column-4\">4.3lb (1.95kg)<\/td><td class=\"column-5\">7.8<\/td><td class=\"column-6\">28<\/td><td class=\"column-7\">Tube de guidage \u00e0 bout permanent.<\/td>\n<\/tr>\n<\/tbody>\n<tfoot>\n<tr class=\"row-7\">\n\t<th class=\"column-1\"><\/th><th class=\"column-2\"><\/th><th class=\"column-3\"><\/th><th class=\"column-4\"><\/th><th class=\"column-5\"><\/th><th class=\"column-6\"><\/th><th class=\"column-7\"><\/th>\n<\/tr>\n<\/tfoot>\n<\/table>\n<!-- #tablepress-Coll_FR from cache -->\n","protected":false},"excerpt":{"rendered":"<p>QSA Global Collimateurs en Tungsten Les collimateurs contiennent et dirigent le faisceau de radiation lors de l\u2019exposition. Une large gamme de collimateurs a \u00e9t\u00e9 d\u00e9velopp\u00e9e pour r\u00e9pondre aux nombreuses applications et techniques utilis\u00e9es.<\/p>\n","protected":false},"featured_media":17107,"template":"","meta":{"_monsterinsights_skip_tracking":false,"_monsterinsights_sitenote_active":false,"_monsterinsights_sitenote_note":"","_monsterinsights_sitenote_category":0},"product_brand":[],"product_cat":[393,139],"product_tag":[],"class_list":{"0":"post-4784","1":"product","2":"type-product","3":"status-publish","4":"has-post-thumbnail","6":"product_cat-qsa-global-fr","7":"product_cat-sources-projecteurs","9":"first","10":"instock","11":"shipping-taxable","12":"purchasable","13":"product-type-variable"},"yoast_head":"<!-- This site is optimized with the Yoast SEO plugin v23.9 - https:\/\/yoast.com\/wordpress\/plugins\/seo\/ -->\n<title>QSA Global Collimateurs en Tungsten &#060; Qualit\u00e9 NDE<\/title>\n<meta name=\"description\" content=\"Une large gamme de collimateurs d\u00e9velopp\u00e9e pour r\u00e9pondre aux nombreuses applications et techniques utilis\u00e9es.\" \/>\n<meta name=\"robots\" content=\"index, follow, max-snippet:-1, max-image-preview:large, max-video-preview:-1\" \/>\n<link rel=\"canonical\" href=\"https:\/\/www.qnde.ca\/fr\/produit\/collimateurs-tungsten\/\" \/>\n<meta name=\"twitter:label1\" content=\"Dur\u00e9e de lecture estim\u00e9e\" \/>\n\t<meta name=\"twitter:data1\" content=\"1 minute\" \/>\n<script type=\"application\/ld+json\" class=\"yoast-schema-graph\">{\"@context\":\"https:\/\/schema.org\",\"@graph\":[{\"@type\":[\"WebPage\",\"ItemPage\"],\"@id\":\"https:\/\/www.qnde.ca\/fr\/produit\/collimateurs-tungsten\/\",\"url\":\"https:\/\/www.qnde.ca\/fr\/produit\/collimateurs-tungsten\/\",\"name\":\"QSA Global Collimateurs en Tungsten &#060; Qualit\u00e9 NDE\",\"isPartOf\":{\"@id\":\"https:\/\/www.qnde.ca\/#website\"},\"primaryImageOfPage\":{\"@id\":\"https:\/\/www.qnde.ca\/fr\/produit\/collimateurs-tungsten\/#primaryimage\"},\"image\":{\"@id\":\"https:\/\/www.qnde.ca\/fr\/produit\/collimateurs-tungsten\/#primaryimage\"},\"thumbnailUrl\":\"https:\/\/www.qnde.ca\/wp-content\/uploads\/2021\/02\/gamma-ray-projector-collimators.png\",\"datePublished\":\"2016-01-12T15:28:48+00:00\",\"dateModified\":\"2022-11-09T18:39:16+00:00\",\"description\":\"Une large gamme de collimateurs d\u00e9velopp\u00e9e pour r\u00e9pondre aux nombreuses applications et techniques utilis\u00e9es.\",\"breadcrumb\":{\"@id\":\"https:\/\/www.qnde.ca\/fr\/produit\/collimateurs-tungsten\/#breadcrumb\"},\"inLanguage\":\"fr-FR\",\"potentialAction\":[{\"@type\":\"ReadAction\",\"target\":[\"https:\/\/www.qnde.ca\/fr\/produit\/collimateurs-tungsten\/\"]}]},{\"@type\":\"ImageObject\",\"inLanguage\":\"fr-FR\",\"@id\":\"https:\/\/www.qnde.ca\/fr\/produit\/collimateurs-tungsten\/#primaryimage\",\"url\":\"https:\/\/www.qnde.ca\/wp-content\/uploads\/2021\/02\/gamma-ray-projector-collimators.png\",\"contentUrl\":\"https:\/\/www.qnde.ca\/wp-content\/uploads\/2021\/02\/gamma-ray-projector-collimators.png\",\"width\":585,\"height\":500},{\"@type\":\"BreadcrumbList\",\"@id\":\"https:\/\/www.qnde.ca\/fr\/produit\/collimateurs-tungsten\/#breadcrumb\",\"itemListElement\":[{\"@type\":\"ListItem\",\"position\":1,\"name\":\"Accueil\",\"item\":\"https:\/\/www.qnde.ca\/fr\/\"},{\"@type\":\"ListItem\",\"position\":2,\"name\":\"Produits\",\"item\":\"https:\/\/www.qnde.ca\/fr\/produits\/\"},{\"@type\":\"ListItem\",\"position\":3,\"name\":\"Radiographie\",\"item\":\"https:\/\/www.qnde.ca\/fr\/product-category\/radiographie\/\"},{\"@type\":\"ListItem\",\"position\":4,\"name\":\"Sources et Projecteurs\",\"item\":\"https:\/\/www.qnde.ca\/fr\/product-category\/radiographie\/sources-projecteurs\/\"},{\"@type\":\"ListItem\",\"position\":5,\"name\":\"QSA Global Collimateurs en Tungsten\"}]},{\"@type\":\"WebSite\",\"@id\":\"https:\/\/www.qnde.ca\/#website\",\"url\":\"https:\/\/www.qnde.ca\/\",\"name\":\"Qualit\u00e9 NDE\",\"description\":\"\u00c9quipements d&#039;essais non destructifs \",\"publisher\":{\"@id\":\"https:\/\/www.qnde.ca\/#organization\"},\"potentialAction\":[{\"@type\":\"SearchAction\",\"target\":{\"@type\":\"EntryPoint\",\"urlTemplate\":\"https:\/\/www.qnde.ca\/?s={search_term_string}\"},\"query-input\":{\"@type\":\"PropertyValueSpecification\",\"valueRequired\":true,\"valueName\":\"search_term_string\"}}],\"inLanguage\":\"fr-FR\"},{\"@type\":\"Organization\",\"@id\":\"https:\/\/www.qnde.ca\/#organization\",\"name\":\"Quality NDT Ltd.\",\"url\":\"https:\/\/www.qnde.ca\/\",\"logo\":{\"@type\":\"ImageObject\",\"inLanguage\":\"fr-FR\",\"@id\":\"https:\/\/www.qnde.ca\/#\/schema\/logo\/image\/\",\"url\":\"https:\/\/www.qnde.ca\/wp-content\/uploads\/2022\/02\/QNDE_logo_RGB-gif.gif\",\"contentUrl\":\"https:\/\/www.qnde.ca\/wp-content\/uploads\/2022\/02\/QNDE_logo_RGB-gif.gif\",\"width\":250,\"height\":64,\"caption\":\"Quality NDT Ltd.\"},\"image\":{\"@id\":\"https:\/\/www.qnde.ca\/#\/schema\/logo\/image\/\"},\"sameAs\":[\"https:\/\/www.linkedin.com\/company\/qnde\/about\/?viewAsMember=true\"]}]}<\/script>\n<!-- \/ Yoast SEO plugin. -->","yoast_head_json":{"title":"QSA Global Collimateurs en Tungsten &#060; Qualit\u00e9 NDE","description":"Une large gamme de collimateurs d\u00e9velopp\u00e9e pour r\u00e9pondre aux nombreuses applications et techniques utilis\u00e9es.","robots":{"index":"index","follow":"follow","max-snippet":"max-snippet:-1","max-image-preview":"max-image-preview:large","max-video-preview":"max-video-preview:-1"},"canonical":"https:\/\/www.qnde.ca\/fr\/produit\/collimateurs-tungsten\/","twitter_misc":{"Dur\u00e9e de lecture estim\u00e9e":"1 minute"},"schema":{"@context":"https:\/\/schema.org","@graph":[{"@type":["WebPage","ItemPage"],"@id":"https:\/\/www.qnde.ca\/fr\/produit\/collimateurs-tungsten\/","url":"https:\/\/www.qnde.ca\/fr\/produit\/collimateurs-tungsten\/","name":"QSA Global Collimateurs en Tungsten &#060; Qualit\u00e9 NDE","isPartOf":{"@id":"https:\/\/www.qnde.ca\/#website"},"primaryImageOfPage":{"@id":"https:\/\/www.qnde.ca\/fr\/produit\/collimateurs-tungsten\/#primaryimage"},"image":{"@id":"https:\/\/www.qnde.ca\/fr\/produit\/collimateurs-tungsten\/#primaryimage"},"thumbnailUrl":"https:\/\/www.qnde.ca\/wp-content\/uploads\/2021\/02\/gamma-ray-projector-collimators.png","datePublished":"2016-01-12T15:28:48+00:00","dateModified":"2022-11-09T18:39:16+00:00","description":"Une large gamme de collimateurs d\u00e9velopp\u00e9e pour r\u00e9pondre aux nombreuses applications et techniques utilis\u00e9es.","breadcrumb":{"@id":"https:\/\/www.qnde.ca\/fr\/produit\/collimateurs-tungsten\/#breadcrumb"},"inLanguage":"fr-FR","potentialAction":[{"@type":"ReadAction","target":["https:\/\/www.qnde.ca\/fr\/produit\/collimateurs-tungsten\/"]}]},{"@type":"ImageObject","inLanguage":"fr-FR","@id":"https:\/\/www.qnde.ca\/fr\/produit\/collimateurs-tungsten\/#primaryimage","url":"https:\/\/www.qnde.ca\/wp-content\/uploads\/2021\/02\/gamma-ray-projector-collimators.png","contentUrl":"https:\/\/www.qnde.ca\/wp-content\/uploads\/2021\/02\/gamma-ray-projector-collimators.png","width":585,"height":500},{"@type":"BreadcrumbList","@id":"https:\/\/www.qnde.ca\/fr\/produit\/collimateurs-tungsten\/#breadcrumb","itemListElement":[{"@type":"ListItem","position":1,"name":"Accueil","item":"https:\/\/www.qnde.ca\/fr\/"},{"@type":"ListItem","position":2,"name":"Produits","item":"https:\/\/www.qnde.ca\/fr\/produits\/"},{"@type":"ListItem","position":3,"name":"Radiographie","item":"https:\/\/www.qnde.ca\/fr\/product-category\/radiographie\/"},{"@type":"ListItem","position":4,"name":"Sources et Projecteurs","item":"https:\/\/www.qnde.ca\/fr\/product-category\/radiographie\/sources-projecteurs\/"},{"@type":"ListItem","position":5,"name":"QSA Global Collimateurs en Tungsten"}]},{"@type":"WebSite","@id":"https:\/\/www.qnde.ca\/#website","url":"https:\/\/www.qnde.ca\/","name":"Qualit\u00e9 NDE","description":"\u00c9quipements d&#039;essais non destructifs ","publisher":{"@id":"https:\/\/www.qnde.ca\/#organization"},"potentialAction":[{"@type":"SearchAction","target":{"@type":"EntryPoint","urlTemplate":"https:\/\/www.qnde.ca\/?s={search_term_string}"},"query-input":{"@type":"PropertyValueSpecification","valueRequired":true,"valueName":"search_term_string"}}],"inLanguage":"fr-FR"},{"@type":"Organization","@id":"https:\/\/www.qnde.ca\/#organization","name":"Quality NDT Ltd.","url":"https:\/\/www.qnde.ca\/","logo":{"@type":"ImageObject","inLanguage":"fr-FR","@id":"https:\/\/www.qnde.ca\/#\/schema\/logo\/image\/","url":"https:\/\/www.qnde.ca\/wp-content\/uploads\/2022\/02\/QNDE_logo_RGB-gif.gif","contentUrl":"https:\/\/www.qnde.ca\/wp-content\/uploads\/2022\/02\/QNDE_logo_RGB-gif.gif","width":250,"height":64,"caption":"Quality NDT Ltd."},"image":{"@id":"https:\/\/www.qnde.ca\/#\/schema\/logo\/image\/"},"sameAs":["https:\/\/www.linkedin.com\/company\/qnde\/about\/?viewAsMember=true"]}]}},"jetpack_sharing_enabled":true,"_links":{"self":[{"href":"https:\/\/www.qnde.ca\/fr\/wp-json\/wp\/v2\/product\/4784","targetHints":{"allow":["GET"]}}],"collection":[{"href":"https:\/\/www.qnde.ca\/fr\/wp-json\/wp\/v2\/product"}],"about":[{"href":"https:\/\/www.qnde.ca\/fr\/wp-json\/wp\/v2\/types\/product"}],"wp:featuredmedia":[{"embeddable":true,"href":"https:\/\/www.qnde.ca\/fr\/wp-json\/wp\/v2\/media\/17107"}],"wp:attachment":[{"href":"https:\/\/www.qnde.ca\/fr\/wp-json\/wp\/v2\/media?parent=4784"}],"wp:term":[{"taxonomy":"product_brand","embeddable":true,"href":"https:\/\/www.qnde.ca\/fr\/wp-json\/wp\/v2\/product_brand?post=4784"},{"taxonomy":"product_cat","embeddable":true,"href":"https:\/\/www.qnde.ca\/fr\/wp-json\/wp\/v2\/product_cat?post=4784"},{"taxonomy":"product_tag","embeddable":true,"href":"https:\/\/www.qnde.ca\/fr\/wp-json\/wp\/v2\/product_tag?post=4784"}],"curies":[{"name":"wp","href":"https:\/\/api.w.org\/{rel}","templated":true}]}}