{"id":4757,"date":"2016-01-12T14:56:45","date_gmt":"2016-01-12T14:56:45","guid":{"rendered":"https:\/\/www.qnde.ca\/?post_type=product&#038;p=4757"},"modified":"2025-08-20T11:09:05","modified_gmt":"2025-08-20T15:09:05","slug":"cassette-films","status":"publish","type":"product","link":"https:\/\/www.qnde.ca\/fr\/produit\/cassette-films\/","title":{"rendered":"Cassettes, Toiles Noires, pour Films et Plaques"},"content":{"rendered":"<h3><strong>Cassettes, Toiles Noires, pour Films et Plaques<\/strong><\/h3>\n<p>Les cassettes sont faites de toiles noires, r\u00e9sistantes, \u00e9tanches aux \u00e9claboussures, ainsi elle prot\u00e8ge votre film\/plaque et \u00e9crans de plomb des mauvaises conditions. Fermeture de velcro noir sur toute la largeur.<\/p>\n<h4>OPTIONS<\/h4>\n<ul>\n<li>Cassette en vinyle flexible: bleue ou noire, cassette de fibre impr\u00e9gn\u00e9e de vinyle. L\u2019enveloppe interne pour le film est compos\u00e9e d\u2019un mat\u00e9riel noir \u00e9tanche \u00e0 la lumi\u00e8re. Commande minimale de 10 cassettes et 200$.<\/li>\n<li>Cassette de vinyle rigide: rouge, l\u2019enveloppe externe est compos\u00e9e de plastique ABS et recouverte d\u2019une fibre impr\u00e9gn\u00e9e de vinyle rouge. Elles sont id\u00e9ales pour l\u2019inspection de pi\u00e8ces lourdes. L\u2019enveloppe interne pour le film est compos\u00e9e de mat\u00e9riel noir \u00e9tanche \u00e0 la lumi\u00e8re. Commande minimale de 10 cassettes et 200$.<\/li>\n<\/ul>\n\n<table id=\"tablepress-Cassettes_FR\" class=\"tablepress tablepress-id-Cassettes_FR\">\n<thead>\n<tr class=\"row-1\">\n\t<th class=\"column-1\">Cassette Film<\/th><th class=\"column-2\">Toile<\/th><th class=\"column-3\">Vinyle Flexible*<\/th><th class=\"column-4\">Rigide*<\/th>\n<\/tr>\n<\/thead>\n<tbody class=\"row-striping row-hover\">\n<tr class=\"row-2\">\n\t<td class=\"column-1\">2.75\" x 8.5\" (70mm x 216mm)<\/td><td class=\"column-2\">QCV1005<\/td><td class=\"column-3\">QFV1005<\/td><td class=\"column-4\">QRV1005<\/td>\n<\/tr>\n<tr class=\"row-3\">\n\t<td class=\"column-1\">2.75\" x 10 in (70mm x 254mm)<\/td><td class=\"column-2\">QCV1010<\/td><td class=\"column-3\">QFV1010<\/td><td class=\"column-4\">QRV1010<\/td>\n<\/tr>\n<tr class=\"row-4\">\n\t<td class=\"column-1\">2.75\" x 17\" (70mm x 431mm)<\/td><td class=\"column-2\">QCV1015<\/td><td class=\"column-3\">QFV1015<\/td><td class=\"column-4\">QRV1015<\/td>\n<\/tr>\n<tr class=\"row-5\">\n\t<td class=\"column-1\">3.5\" x 8.5\" (89mm x 216mm)<\/td><td class=\"column-2\">QCV1025<\/td><td class=\"column-3\">QFV1025<\/td><td class=\"column-4\">QRV1025<\/td>\n<\/tr>\n<tr class=\"row-6\">\n\t<td class=\"column-1\">3.5\" x 10\" (89mm x 254mm)<\/td><td class=\"column-2\">QCV1030<\/td><td class=\"column-3\">QFV1030<\/td><td class=\"column-4\">QRV1030<\/td>\n<\/tr>\n<tr class=\"row-7\">\n\t<td class=\"column-1\">3.5\" x 17\" (89mm x 431mm)<\/td><td class=\"column-2\">QCV1035<\/td><td class=\"column-3\">QFV1035<\/td><td class=\"column-4\">QRV1035<\/td>\n<\/tr>\n<tr class=\"row-8\">\n\t<td class=\"column-1\">4.5\" x 8.5\" (114mm x 216mm)<\/td><td class=\"column-2\">QCV1040<\/td><td class=\"column-3\">QFV1040<\/td><td class=\"column-4\">QRV1040<\/td>\n<\/tr>\n<tr class=\"row-9\">\n\t<td class=\"column-1\">4.5\" x 10\" (114mm x 254mm)<\/td><td class=\"column-2\">QCV1045<\/td><td class=\"column-3\">QFV1045<\/td><td class=\"column-4\">QRV1045<\/td>\n<\/tr>\n<tr class=\"row-10\">\n\t<td class=\"column-1\">4.5\" x 17\" (114mm x 431mm)<\/td><td class=\"column-2\">QCV1050<\/td><td class=\"column-3\">QFV1050<\/td><td class=\"column-4\">QRV1050<\/td>\n<\/tr>\n<tr class=\"row-11\">\n\t<td class=\"column-1\">5\" x 7\" (127mm x 177mm)<\/td><td class=\"column-2\">QCV1055<\/td><td class=\"column-3\">QFV1055<\/td><td class=\"column-4\">QRV1055<\/td>\n<\/tr>\n<tr class=\"row-12\">\n\t<td class=\"column-1\">7\" x 17\" (177mm x 431mm)<\/td><td class=\"column-2\">QCV1060<\/td><td class=\"column-3\">QFV1060<\/td><td class=\"column-4\">QRV1060<\/td>\n<\/tr>\n<tr class=\"row-13\">\n\t<td class=\"column-1\">8\" x 10\" (216mm x 254mm)<\/td><td class=\"column-2\">QCV1065<\/td><td class=\"column-3\">QFV1065<\/td><td class=\"column-4\">QRV1065<\/td>\n<\/tr>\n<tr class=\"row-14\">\n\t<td class=\"column-1\">10\" x 12\" (254mm x 304mm)<\/td><td class=\"column-2\">QCV1070<\/td><td class=\"column-3\">QFV1070<\/td><td class=\"column-4\">QRV1070<\/td>\n<\/tr>\n<tr class=\"row-15\">\n\t<td class=\"column-1\">11\" x 14\" (279mm x 355mm)<\/td><td class=\"column-2\">QCV1075<\/td><td class=\"column-3\">QFV1075<\/td><td class=\"column-4\">QRV1075<\/td>\n<\/tr>\n<tr class=\"row-16\">\n\t<td class=\"column-1\">14\" x 17\" (355mm x 431mm)<\/td><td class=\"column-2\">QCV1080<\/td><td class=\"column-3\">QFV1080<\/td><td class=\"column-4\">QRV1080<\/td>\n<\/tr>\n<\/tbody>\n<tfoot>\n<tr class=\"row-17\">\n\t<th class=\"column-1\">* Commande minimale de 10 cassettes et 200$.<\/th><th class=\"column-2\"><\/th><th class=\"column-3\"><\/th><th class=\"column-4\"><\/th>\n<\/tr>\n<\/tfoot>\n<\/table>\n<!-- #tablepress-Cassettes_FR from cache -->\n","protected":false},"excerpt":{"rendered":"<p>Cassettes, Toiles Noires, pour Films et Plaques Les cassettes sont faites de toiles noires, r\u00e9sistantes, \u00e9tanches aux \u00e9claboussures, ainsi elle prot\u00e8ge votre film\/plaque et \u00e9crans de plomb des mauvaises conditions. Fermeture de velcro noir sur toute la largeur. OPTIONS Cassette en vinyle flexible: bleue ou noire, cassette de fibre impr\u00e9gn\u00e9e de vinyle. L\u2019enveloppe interne pour [&hellip;]<\/p>\n","protected":false},"featured_media":17204,"template":"","meta":{"_monsterinsights_skip_tracking":false,"_monsterinsights_sitenote_active":false,"_monsterinsights_sitenote_note":"","_monsterinsights_sitenote_category":0},"product_brand":[],"product_cat":[402,144],"product_tag":[],"class_list":{"0":"post-4757","1":"product","2":"type-product","3":"status-publish","4":"has-post-thumbnail","6":"product_cat-autres-marques","7":"product_cat-accessoires-exposition","9":"first","10":"instock","11":"shipping-taxable","12":"purchasable","13":"product-type-variable"},"yoast_head":"<!-- This site is optimized with the Yoast SEO plugin v23.9 - https:\/\/yoast.com\/wordpress\/plugins\/seo\/ -->\n<title>Cassettes, Toiles Noires, pour Films et Plaques &#060; Qualit\u00e9 NDE<\/title>\n<meta name=\"description\" content=\"Prot\u00e8ge les films\/plaques et \u00e9crans de plomb des mauvaises conditions. Disponible en toile, vinyle flexible ou rigide.\" \/>\n<meta name=\"robots\" content=\"index, follow, max-snippet:-1, max-image-preview:large, max-video-preview:-1\" \/>\n<link rel=\"canonical\" href=\"https:\/\/www.qnde.ca\/fr\/produit\/cassette-films\/\" \/>\n<meta name=\"twitter:label1\" content=\"Dur\u00e9e de lecture estim\u00e9e\" \/>\n\t<meta name=\"twitter:data1\" content=\"1 minute\" \/>\n<script type=\"application\/ld+json\" class=\"yoast-schema-graph\">{\"@context\":\"https:\/\/schema.org\",\"@graph\":[{\"@type\":[\"WebPage\",\"ItemPage\"],\"@id\":\"https:\/\/www.qnde.ca\/fr\/produit\/cassette-films\/\",\"url\":\"https:\/\/www.qnde.ca\/fr\/produit\/cassette-films\/\",\"name\":\"Cassettes, Toiles Noires, pour Films et Plaques &#060; Qualit\u00e9 NDE\",\"isPartOf\":{\"@id\":\"https:\/\/www.qnde.ca\/#website\"},\"primaryImageOfPage\":{\"@id\":\"https:\/\/www.qnde.ca\/fr\/produit\/cassette-films\/#primaryimage\"},\"image\":{\"@id\":\"https:\/\/www.qnde.ca\/fr\/produit\/cassette-films\/#primaryimage\"},\"thumbnailUrl\":\"https:\/\/www.qnde.ca\/wp-content\/uploads\/2021\/02\/Exposure_May2019-51-scaled-scaled.jpg\",\"datePublished\":\"2016-01-12T14:56:45+00:00\",\"dateModified\":\"2025-08-20T15:09:05+00:00\",\"description\":\"Prot\u00e8ge les films\/plaques et \u00e9crans de plomb des mauvaises conditions. Disponible en toile, vinyle flexible ou rigide.\",\"breadcrumb\":{\"@id\":\"https:\/\/www.qnde.ca\/fr\/produit\/cassette-films\/#breadcrumb\"},\"inLanguage\":\"fr-FR\",\"potentialAction\":[{\"@type\":\"ReadAction\",\"target\":[\"https:\/\/www.qnde.ca\/fr\/produit\/cassette-films\/\"]}]},{\"@type\":\"ImageObject\",\"inLanguage\":\"fr-FR\",\"@id\":\"https:\/\/www.qnde.ca\/fr\/produit\/cassette-films\/#primaryimage\",\"url\":\"https:\/\/www.qnde.ca\/wp-content\/uploads\/2021\/02\/Exposure_May2019-51-scaled-scaled.jpg\",\"contentUrl\":\"https:\/\/www.qnde.ca\/wp-content\/uploads\/2021\/02\/Exposure_May2019-51-scaled-scaled.jpg\",\"width\":2048,\"height\":2048},{\"@type\":\"BreadcrumbList\",\"@id\":\"https:\/\/www.qnde.ca\/fr\/produit\/cassette-films\/#breadcrumb\",\"itemListElement\":[{\"@type\":\"ListItem\",\"position\":1,\"name\":\"Accueil\",\"item\":\"https:\/\/www.qnde.ca\/fr\/\"},{\"@type\":\"ListItem\",\"position\":2,\"name\":\"Produits\",\"item\":\"https:\/\/www.qnde.ca\/fr\/produits\/\"},{\"@type\":\"ListItem\",\"position\":3,\"name\":\"Marques\",\"item\":\"https:\/\/www.qnde.ca\/fr\/product-category\/marques\/\"},{\"@type\":\"ListItem\",\"position\":4,\"name\":\"Autres Marques\",\"item\":\"https:\/\/www.qnde.ca\/fr\/product-category\/marques\/autres-marques\/\"},{\"@type\":\"ListItem\",\"position\":5,\"name\":\"Cassettes, Toiles Noires, pour Films et Plaques\"}]},{\"@type\":\"WebSite\",\"@id\":\"https:\/\/www.qnde.ca\/#website\",\"url\":\"https:\/\/www.qnde.ca\/\",\"name\":\"Qualit\u00e9 NDE\",\"description\":\"\u00c9quipements d&#039;essais non destructifs \",\"publisher\":{\"@id\":\"https:\/\/www.qnde.ca\/#organization\"},\"potentialAction\":[{\"@type\":\"SearchAction\",\"target\":{\"@type\":\"EntryPoint\",\"urlTemplate\":\"https:\/\/www.qnde.ca\/?s={search_term_string}\"},\"query-input\":{\"@type\":\"PropertyValueSpecification\",\"valueRequired\":true,\"valueName\":\"search_term_string\"}}],\"inLanguage\":\"fr-FR\"},{\"@type\":\"Organization\",\"@id\":\"https:\/\/www.qnde.ca\/#organization\",\"name\":\"Quality NDT Ltd.\",\"url\":\"https:\/\/www.qnde.ca\/\",\"logo\":{\"@type\":\"ImageObject\",\"inLanguage\":\"fr-FR\",\"@id\":\"https:\/\/www.qnde.ca\/#\/schema\/logo\/image\/\",\"url\":\"https:\/\/www.qnde.ca\/wp-content\/uploads\/2022\/02\/QNDE_logo_RGB-gif.gif\",\"contentUrl\":\"https:\/\/www.qnde.ca\/wp-content\/uploads\/2022\/02\/QNDE_logo_RGB-gif.gif\",\"width\":250,\"height\":64,\"caption\":\"Quality NDT Ltd.\"},\"image\":{\"@id\":\"https:\/\/www.qnde.ca\/#\/schema\/logo\/image\/\"},\"sameAs\":[\"https:\/\/www.linkedin.com\/company\/qnde\/about\/?viewAsMember=true\"]}]}<\/script>\n<!-- \/ Yoast SEO plugin. -->","yoast_head_json":{"title":"Cassettes, Toiles Noires, pour Films et Plaques &#060; Qualit\u00e9 NDE","description":"Prot\u00e8ge les films\/plaques et \u00e9crans de plomb des mauvaises conditions. Disponible en toile, vinyle flexible ou rigide.","robots":{"index":"index","follow":"follow","max-snippet":"max-snippet:-1","max-image-preview":"max-image-preview:large","max-video-preview":"max-video-preview:-1"},"canonical":"https:\/\/www.qnde.ca\/fr\/produit\/cassette-films\/","twitter_misc":{"Dur\u00e9e de lecture estim\u00e9e":"1 minute"},"schema":{"@context":"https:\/\/schema.org","@graph":[{"@type":["WebPage","ItemPage"],"@id":"https:\/\/www.qnde.ca\/fr\/produit\/cassette-films\/","url":"https:\/\/www.qnde.ca\/fr\/produit\/cassette-films\/","name":"Cassettes, Toiles Noires, pour Films et Plaques &#060; Qualit\u00e9 NDE","isPartOf":{"@id":"https:\/\/www.qnde.ca\/#website"},"primaryImageOfPage":{"@id":"https:\/\/www.qnde.ca\/fr\/produit\/cassette-films\/#primaryimage"},"image":{"@id":"https:\/\/www.qnde.ca\/fr\/produit\/cassette-films\/#primaryimage"},"thumbnailUrl":"https:\/\/www.qnde.ca\/wp-content\/uploads\/2021\/02\/Exposure_May2019-51-scaled-scaled.jpg","datePublished":"2016-01-12T14:56:45+00:00","dateModified":"2025-08-20T15:09:05+00:00","description":"Prot\u00e8ge les films\/plaques et \u00e9crans de plomb des mauvaises conditions. Disponible en toile, vinyle flexible ou rigide.","breadcrumb":{"@id":"https:\/\/www.qnde.ca\/fr\/produit\/cassette-films\/#breadcrumb"},"inLanguage":"fr-FR","potentialAction":[{"@type":"ReadAction","target":["https:\/\/www.qnde.ca\/fr\/produit\/cassette-films\/"]}]},{"@type":"ImageObject","inLanguage":"fr-FR","@id":"https:\/\/www.qnde.ca\/fr\/produit\/cassette-films\/#primaryimage","url":"https:\/\/www.qnde.ca\/wp-content\/uploads\/2021\/02\/Exposure_May2019-51-scaled-scaled.jpg","contentUrl":"https:\/\/www.qnde.ca\/wp-content\/uploads\/2021\/02\/Exposure_May2019-51-scaled-scaled.jpg","width":2048,"height":2048},{"@type":"BreadcrumbList","@id":"https:\/\/www.qnde.ca\/fr\/produit\/cassette-films\/#breadcrumb","itemListElement":[{"@type":"ListItem","position":1,"name":"Accueil","item":"https:\/\/www.qnde.ca\/fr\/"},{"@type":"ListItem","position":2,"name":"Produits","item":"https:\/\/www.qnde.ca\/fr\/produits\/"},{"@type":"ListItem","position":3,"name":"Marques","item":"https:\/\/www.qnde.ca\/fr\/product-category\/marques\/"},{"@type":"ListItem","position":4,"name":"Autres Marques","item":"https:\/\/www.qnde.ca\/fr\/product-category\/marques\/autres-marques\/"},{"@type":"ListItem","position":5,"name":"Cassettes, Toiles Noires, pour Films et Plaques"}]},{"@type":"WebSite","@id":"https:\/\/www.qnde.ca\/#website","url":"https:\/\/www.qnde.ca\/","name":"Qualit\u00e9 NDE","description":"\u00c9quipements d&#039;essais non destructifs ","publisher":{"@id":"https:\/\/www.qnde.ca\/#organization"},"potentialAction":[{"@type":"SearchAction","target":{"@type":"EntryPoint","urlTemplate":"https:\/\/www.qnde.ca\/?s={search_term_string}"},"query-input":{"@type":"PropertyValueSpecification","valueRequired":true,"valueName":"search_term_string"}}],"inLanguage":"fr-FR"},{"@type":"Organization","@id":"https:\/\/www.qnde.ca\/#organization","name":"Quality NDT Ltd.","url":"https:\/\/www.qnde.ca\/","logo":{"@type":"ImageObject","inLanguage":"fr-FR","@id":"https:\/\/www.qnde.ca\/#\/schema\/logo\/image\/","url":"https:\/\/www.qnde.ca\/wp-content\/uploads\/2022\/02\/QNDE_logo_RGB-gif.gif","contentUrl":"https:\/\/www.qnde.ca\/wp-content\/uploads\/2022\/02\/QNDE_logo_RGB-gif.gif","width":250,"height":64,"caption":"Quality NDT Ltd."},"image":{"@id":"https:\/\/www.qnde.ca\/#\/schema\/logo\/image\/"},"sameAs":["https:\/\/www.linkedin.com\/company\/qnde\/about\/?viewAsMember=true"]}]}},"jetpack_sharing_enabled":true,"_links":{"self":[{"href":"https:\/\/www.qnde.ca\/fr\/wp-json\/wp\/v2\/product\/4757","targetHints":{"allow":["GET"]}}],"collection":[{"href":"https:\/\/www.qnde.ca\/fr\/wp-json\/wp\/v2\/product"}],"about":[{"href":"https:\/\/www.qnde.ca\/fr\/wp-json\/wp\/v2\/types\/product"}],"wp:featuredmedia":[{"embeddable":true,"href":"https:\/\/www.qnde.ca\/fr\/wp-json\/wp\/v2\/media\/17204"}],"wp:attachment":[{"href":"https:\/\/www.qnde.ca\/fr\/wp-json\/wp\/v2\/media?parent=4757"}],"wp:term":[{"taxonomy":"product_brand","embeddable":true,"href":"https:\/\/www.qnde.ca\/fr\/wp-json\/wp\/v2\/product_brand?post=4757"},{"taxonomy":"product_cat","embeddable":true,"href":"https:\/\/www.qnde.ca\/fr\/wp-json\/wp\/v2\/product_cat?post=4757"},{"taxonomy":"product_tag","embeddable":true,"href":"https:\/\/www.qnde.ca\/fr\/wp-json\/wp\/v2\/product_tag?post=4757"}],"curies":[{"name":"wp","href":"https:\/\/api.w.org\/{rel}","templated":true}]}}