{"id":4731,"date":"2016-01-11T20:23:05","date_gmt":"2016-01-11T20:23:05","guid":{"rendered":"https:\/\/www.qnde.ca\/?post_type=product&#038;p=4731"},"modified":"2024-10-16T18:02:08","modified_gmt":"2024-10-16T22:02:08","slug":"880-delta-projecteur-source","status":"publish","type":"product","link":"https:\/\/www.qnde.ca\/fr\/produit\/880-delta-projecteur-source\/","title":{"rendered":"QSA Global &#8211; 880 Delta, Projecteur de Source"},"content":{"rendered":"<h3><strong>QSA Global &#8211; 880 Delta, Projecteur de Source<\/strong><\/h3>\n<p>Les projecteurs de source 880 Delta sont des appareils d&rsquo;exposition gammagraphique, industriels, portatifs, l\u00e9gers et compacts. Ils consistent en un tube en \u00ab\u00a0S\u00a0\u00bb en titane et d\u2019un blindage moul\u00e9 en l&rsquo;uranium appauvri (UA), contenu dans un tube en stainless de s\u00e9rie 300 avec des disques de stainless soud\u00e9s \u00e0 chaque extr\u00e9mit\u00e9, formant un contenant en forme de cylindre. Les disques sont encastr\u00e9s afin de fournir une protection pour le m\u00e9canisme de verrouillage mont\u00e9 \u00e0 l&rsquo;arri\u00e8re et le port de sortie avant.<\/p>\n\n<table id=\"tablepress-880_FR\" class=\"tablepress tablepress-id-880_FR\">\n<thead>\n<tr class=\"row-1\">\n\t<th class=\"column-1\"><\/th><th class=\"column-2\">S\u00e9l\u00e9nium-75<\/th><th class=\"column-3\">Iridium-192<\/th><th class=\"column-4\">Cobalt-60<\/th>\n<\/tr>\n<\/thead>\n<tbody class=\"row-striping row-hover\">\n<tr class=\"row-2\">\n\t<td class=\"column-1\">No. pi\u00e8ce<\/td><td class=\"column-2\">A424-25W<\/td><td class=\"column-3\">A424-9<\/td><td class=\"column-4\">A424-19<\/td>\n<\/tr>\n<tr class=\"row-3\">\n\t<td class=\"column-1\">\u00c9nergie Gamma<\/td><td class=\"column-2\">66-401 keV<\/td><td class=\"column-3\">206-612 keV<\/td><td class=\"column-4\">1170-1330 keV<\/td>\n<\/tr>\n<tr class=\"row-4\">\n\t<td class=\"column-1\">Demi-vie<\/td><td class=\"column-2\">120 ans<\/td><td class=\"column-3\">74 ans<\/td><td class=\"column-4\">5.27 ans<\/td>\n<\/tr>\n<tr class=\"row-5\">\n\t<td class=\"column-1\">\u00c9paisseur approximative de p\u00e9n\u00e9tration dans l\u2019acier.<\/td><td class=\"column-2\">3-29mm<\/td><td class=\"column-3\">12-63mm<\/td><td class=\"column-4\">50-150mm<\/td>\n<\/tr>\n<tr class=\"row-6\">\n\t<td class=\"column-1\">Delta: Capacit\u00e9 Max. Source<\/td><td class=\"column-2\">150 Ci \u2013 5.55 TBq<\/td><td class=\"column-3\">150 Ci \u2013 5.55 TBq<\/td><td class=\"column-4\">65 mCi \u2013 2.40 GBq<\/td>\n<\/tr>\n<tr class=\"row-7\">\n\t<td class=\"column-1\">Elite: Capacit\u00e9 Max. Source<\/td><td class=\"column-2\">150 Ci \u2013 5.55 TBq<\/td><td class=\"column-3\">50 Ci \u2013 1.85 TBq<\/td><td class=\"column-4\">25 mCi \u2013 4.81 TBq<\/td>\n<\/tr>\n<\/tbody>\n<tfoot>\n<tr class=\"row-8\">\n\t<th class=\"column-1\"><\/th><th class=\"column-2\"><\/th><th class=\"column-3\"><\/th><th class=\"column-4\"><\/th>\n<\/tr>\n<\/tfoot>\n<\/table>\n<!-- #tablepress-880_FR from cache -->\n<ul>\n<li>880DELTA: Projecteur Delta (enveloppe jaune) \u2013 jusqu\u2019\u00e0 150 Curie, Iridium 192.<\/li>\n<li><a href=\"https:\/\/www.qnde.ca\/fr\/produit\/880-elite-projecteur-source\/\">880ELITE<\/a>: Projecteur Elite (enveloppe bleu) \u2013 jusqu\u2019\u00e0 50 Curie, Iridium 192.<\/li>\n<\/ul>\n","protected":false},"excerpt":{"rendered":"<p>QSA Global &#8211; 880 Delta, Projecteur de Source Les projecteurs de source 880 Delta sont des appareils d&rsquo;exposition gammagraphique, industriels, portatifs, l\u00e9gers et compacts. Ils consistent en un tube en \u00ab\u00a0S\u00a0\u00bb en titane et d\u2019un blindage moul\u00e9 en l&rsquo;uranium appauvri (UA), contenu dans un tube en stainless de s\u00e9rie 300 avec des disques de stainless [&hellip;]<\/p>\n","protected":false},"featured_media":35900,"template":"","meta":{"_monsterinsights_skip_tracking":false,"_monsterinsights_sitenote_active":false,"_monsterinsights_sitenote_note":"","_monsterinsights_sitenote_category":0},"product_brand":[],"product_cat":[393,139],"product_tag":[],"class_list":{"0":"post-4731","1":"product","2":"type-product","3":"status-publish","4":"has-post-thumbnail","6":"product_cat-qsa-global-fr","7":"product_cat-sources-projecteurs","9":"first","10":"instock","11":"shipping-taxable","12":"purchasable","13":"product-type-variable"},"yoast_head":"<!-- This site is optimized with the Yoast SEO plugin v23.9 - https:\/\/yoast.com\/wordpress\/plugins\/seo\/ -->\n<title>QSA Global - 880 Delta, Projecteur de Source &#060; Qualit\u00e9 NDE<\/title>\n<meta name=\"description\" content=\"Appareils d&#039;exposition gammagraphique, industriels, portatifs, l\u00e9gers et compacts.\" \/>\n<meta name=\"robots\" content=\"index, follow, max-snippet:-1, max-image-preview:large, max-video-preview:-1\" \/>\n<link rel=\"canonical\" href=\"https:\/\/www.qnde.ca\/fr\/produit\/880-delta-projecteur-source\/\" \/>\n<meta name=\"twitter:label1\" content=\"Dur\u00e9e de lecture estim\u00e9e\" \/>\n\t<meta name=\"twitter:data1\" content=\"1 minute\" \/>\n<script type=\"application\/ld+json\" class=\"yoast-schema-graph\">{\"@context\":\"https:\/\/schema.org\",\"@graph\":[{\"@type\":[\"WebPage\",\"ItemPage\"],\"@id\":\"https:\/\/www.qnde.ca\/fr\/produit\/880-delta-projecteur-source\/\",\"url\":\"https:\/\/www.qnde.ca\/fr\/produit\/880-delta-projecteur-source\/\",\"name\":\"QSA Global - 880 Delta, Projecteur de Source &#060; Qualit\u00e9 NDE\",\"isPartOf\":{\"@id\":\"https:\/\/www.qnde.ca\/#website\"},\"primaryImageOfPage\":{\"@id\":\"https:\/\/www.qnde.ca\/fr\/produit\/880-delta-projecteur-source\/#primaryimage\"},\"image\":{\"@id\":\"https:\/\/www.qnde.ca\/fr\/produit\/880-delta-projecteur-source\/#primaryimage\"},\"thumbnailUrl\":\"https:\/\/www.qnde.ca\/wp-content\/uploads\/2016\/01\/880-Delta-3.png\",\"datePublished\":\"2016-01-11T20:23:05+00:00\",\"dateModified\":\"2024-10-16T22:02:08+00:00\",\"description\":\"Appareils d'exposition gammagraphique, industriels, portatifs, l\u00e9gers et compacts.\",\"breadcrumb\":{\"@id\":\"https:\/\/www.qnde.ca\/fr\/produit\/880-delta-projecteur-source\/#breadcrumb\"},\"inLanguage\":\"fr-FR\",\"potentialAction\":[{\"@type\":\"ReadAction\",\"target\":[\"https:\/\/www.qnde.ca\/fr\/produit\/880-delta-projecteur-source\/\"]}]},{\"@type\":\"ImageObject\",\"inLanguage\":\"fr-FR\",\"@id\":\"https:\/\/www.qnde.ca\/fr\/produit\/880-delta-projecteur-source\/#primaryimage\",\"url\":\"https:\/\/www.qnde.ca\/wp-content\/uploads\/2016\/01\/880-Delta-3.png\",\"contentUrl\":\"https:\/\/www.qnde.ca\/wp-content\/uploads\/2016\/01\/880-Delta-3.png\",\"width\":2048,\"height\":1638},{\"@type\":\"BreadcrumbList\",\"@id\":\"https:\/\/www.qnde.ca\/fr\/produit\/880-delta-projecteur-source\/#breadcrumb\",\"itemListElement\":[{\"@type\":\"ListItem\",\"position\":1,\"name\":\"Accueil\",\"item\":\"https:\/\/www.qnde.ca\/fr\/\"},{\"@type\":\"ListItem\",\"position\":2,\"name\":\"Produits\",\"item\":\"https:\/\/www.qnde.ca\/fr\/produits\/\"},{\"@type\":\"ListItem\",\"position\":3,\"name\":\"Marques\",\"item\":\"https:\/\/www.qnde.ca\/fr\/product-category\/marques\/\"},{\"@type\":\"ListItem\",\"position\":4,\"name\":\"QSA Global\",\"item\":\"https:\/\/www.qnde.ca\/fr\/product-category\/marques\/qsa-global-fr\/\"},{\"@type\":\"ListItem\",\"position\":5,\"name\":\"QSA Global &#8211; 880 Delta, Projecteur de Source\"}]},{\"@type\":\"WebSite\",\"@id\":\"https:\/\/www.qnde.ca\/#website\",\"url\":\"https:\/\/www.qnde.ca\/\",\"name\":\"Qualit\u00e9 NDE\",\"description\":\"\u00c9quipements d&#039;essais non destructifs \",\"publisher\":{\"@id\":\"https:\/\/www.qnde.ca\/#organization\"},\"potentialAction\":[{\"@type\":\"SearchAction\",\"target\":{\"@type\":\"EntryPoint\",\"urlTemplate\":\"https:\/\/www.qnde.ca\/?s={search_term_string}\"},\"query-input\":{\"@type\":\"PropertyValueSpecification\",\"valueRequired\":true,\"valueName\":\"search_term_string\"}}],\"inLanguage\":\"fr-FR\"},{\"@type\":\"Organization\",\"@id\":\"https:\/\/www.qnde.ca\/#organization\",\"name\":\"Quality NDT Ltd.\",\"url\":\"https:\/\/www.qnde.ca\/\",\"logo\":{\"@type\":\"ImageObject\",\"inLanguage\":\"fr-FR\",\"@id\":\"https:\/\/www.qnde.ca\/#\/schema\/logo\/image\/\",\"url\":\"https:\/\/www.qnde.ca\/wp-content\/uploads\/2022\/02\/QNDE_logo_RGB-gif.gif\",\"contentUrl\":\"https:\/\/www.qnde.ca\/wp-content\/uploads\/2022\/02\/QNDE_logo_RGB-gif.gif\",\"width\":250,\"height\":64,\"caption\":\"Quality NDT Ltd.\"},\"image\":{\"@id\":\"https:\/\/www.qnde.ca\/#\/schema\/logo\/image\/\"},\"sameAs\":[\"https:\/\/www.linkedin.com\/company\/qnde\/about\/?viewAsMember=true\"]}]}<\/script>\n<!-- \/ Yoast SEO plugin. -->","yoast_head_json":{"title":"QSA Global - 880 Delta, Projecteur de Source &#060; Qualit\u00e9 NDE","description":"Appareils d'exposition gammagraphique, industriels, portatifs, l\u00e9gers et compacts.","robots":{"index":"index","follow":"follow","max-snippet":"max-snippet:-1","max-image-preview":"max-image-preview:large","max-video-preview":"max-video-preview:-1"},"canonical":"https:\/\/www.qnde.ca\/fr\/produit\/880-delta-projecteur-source\/","twitter_misc":{"Dur\u00e9e de lecture estim\u00e9e":"1 minute"},"schema":{"@context":"https:\/\/schema.org","@graph":[{"@type":["WebPage","ItemPage"],"@id":"https:\/\/www.qnde.ca\/fr\/produit\/880-delta-projecteur-source\/","url":"https:\/\/www.qnde.ca\/fr\/produit\/880-delta-projecteur-source\/","name":"QSA Global - 880 Delta, Projecteur de Source &#060; Qualit\u00e9 NDE","isPartOf":{"@id":"https:\/\/www.qnde.ca\/#website"},"primaryImageOfPage":{"@id":"https:\/\/www.qnde.ca\/fr\/produit\/880-delta-projecteur-source\/#primaryimage"},"image":{"@id":"https:\/\/www.qnde.ca\/fr\/produit\/880-delta-projecteur-source\/#primaryimage"},"thumbnailUrl":"https:\/\/www.qnde.ca\/wp-content\/uploads\/2016\/01\/880-Delta-3.png","datePublished":"2016-01-11T20:23:05+00:00","dateModified":"2024-10-16T22:02:08+00:00","description":"Appareils d'exposition gammagraphique, industriels, portatifs, l\u00e9gers et compacts.","breadcrumb":{"@id":"https:\/\/www.qnde.ca\/fr\/produit\/880-delta-projecteur-source\/#breadcrumb"},"inLanguage":"fr-FR","potentialAction":[{"@type":"ReadAction","target":["https:\/\/www.qnde.ca\/fr\/produit\/880-delta-projecteur-source\/"]}]},{"@type":"ImageObject","inLanguage":"fr-FR","@id":"https:\/\/www.qnde.ca\/fr\/produit\/880-delta-projecteur-source\/#primaryimage","url":"https:\/\/www.qnde.ca\/wp-content\/uploads\/2016\/01\/880-Delta-3.png","contentUrl":"https:\/\/www.qnde.ca\/wp-content\/uploads\/2016\/01\/880-Delta-3.png","width":2048,"height":1638},{"@type":"BreadcrumbList","@id":"https:\/\/www.qnde.ca\/fr\/produit\/880-delta-projecteur-source\/#breadcrumb","itemListElement":[{"@type":"ListItem","position":1,"name":"Accueil","item":"https:\/\/www.qnde.ca\/fr\/"},{"@type":"ListItem","position":2,"name":"Produits","item":"https:\/\/www.qnde.ca\/fr\/produits\/"},{"@type":"ListItem","position":3,"name":"Marques","item":"https:\/\/www.qnde.ca\/fr\/product-category\/marques\/"},{"@type":"ListItem","position":4,"name":"QSA Global","item":"https:\/\/www.qnde.ca\/fr\/product-category\/marques\/qsa-global-fr\/"},{"@type":"ListItem","position":5,"name":"QSA Global &#8211; 880 Delta, Projecteur de Source"}]},{"@type":"WebSite","@id":"https:\/\/www.qnde.ca\/#website","url":"https:\/\/www.qnde.ca\/","name":"Qualit\u00e9 NDE","description":"\u00c9quipements d&#039;essais non destructifs ","publisher":{"@id":"https:\/\/www.qnde.ca\/#organization"},"potentialAction":[{"@type":"SearchAction","target":{"@type":"EntryPoint","urlTemplate":"https:\/\/www.qnde.ca\/?s={search_term_string}"},"query-input":{"@type":"PropertyValueSpecification","valueRequired":true,"valueName":"search_term_string"}}],"inLanguage":"fr-FR"},{"@type":"Organization","@id":"https:\/\/www.qnde.ca\/#organization","name":"Quality NDT Ltd.","url":"https:\/\/www.qnde.ca\/","logo":{"@type":"ImageObject","inLanguage":"fr-FR","@id":"https:\/\/www.qnde.ca\/#\/schema\/logo\/image\/","url":"https:\/\/www.qnde.ca\/wp-content\/uploads\/2022\/02\/QNDE_logo_RGB-gif.gif","contentUrl":"https:\/\/www.qnde.ca\/wp-content\/uploads\/2022\/02\/QNDE_logo_RGB-gif.gif","width":250,"height":64,"caption":"Quality NDT Ltd."},"image":{"@id":"https:\/\/www.qnde.ca\/#\/schema\/logo\/image\/"},"sameAs":["https:\/\/www.linkedin.com\/company\/qnde\/about\/?viewAsMember=true"]}]}},"jetpack_sharing_enabled":true,"_links":{"self":[{"href":"https:\/\/www.qnde.ca\/fr\/wp-json\/wp\/v2\/product\/4731","targetHints":{"allow":["GET"]}}],"collection":[{"href":"https:\/\/www.qnde.ca\/fr\/wp-json\/wp\/v2\/product"}],"about":[{"href":"https:\/\/www.qnde.ca\/fr\/wp-json\/wp\/v2\/types\/product"}],"wp:featuredmedia":[{"embeddable":true,"href":"https:\/\/www.qnde.ca\/fr\/wp-json\/wp\/v2\/media\/35900"}],"wp:attachment":[{"href":"https:\/\/www.qnde.ca\/fr\/wp-json\/wp\/v2\/media?parent=4731"}],"wp:term":[{"taxonomy":"product_brand","embeddable":true,"href":"https:\/\/www.qnde.ca\/fr\/wp-json\/wp\/v2\/product_brand?post=4731"},{"taxonomy":"product_cat","embeddable":true,"href":"https:\/\/www.qnde.ca\/fr\/wp-json\/wp\/v2\/product_cat?post=4731"},{"taxonomy":"product_tag","embeddable":true,"href":"https:\/\/www.qnde.ca\/fr\/wp-json\/wp\/v2\/product_tag?post=4731"}],"curies":[{"name":"wp","href":"https:\/\/api.w.org\/{rel}","templated":true}]}}