{"id":47169,"date":"2026-03-19T13:10:27","date_gmt":"2026-03-19T17:10:27","guid":{"rendered":"https:\/\/www.qnde.ca\/produit\/criterion-ndt-cr-11r-instrument-a-courants-de-foucault-module-distant\/"},"modified":"2026-03-19T13:23:06","modified_gmt":"2026-03-19T17:23:06","slug":"criterion-ndt-cr-11r-instrument-a-courants-de-foucault-module-distant","status":"publish","type":"product","link":"https:\/\/www.qnde.ca\/fr\/produit\/criterion-ndt-cr-11r-instrument-a-courants-de-foucault-module-distant\/","title":{"rendered":"Criterion NDT CR-11R \u2013 Instrument \u00e0 courants de Foucault (module distant)"},"content":{"rendered":"<p><strong>CR-11R \u2013 Instrument \u00e0 courants de Foucault (module distant) Criterion NDT pour la d\u00e9tection de d\u00e9fauts et le tri des composants en ligne.<\/strong><\/p>\n<p>L\u2019instrument de contr\u00f4le par courants de Foucault \u00e0 canal unique CR-11 est sp\u00e9cialement con\u00e7u pour d\u00e9tecter les d\u00e9fauts de mat\u00e9riaux, tels que les fissures et les imperfections, dans les composants pendant les processus de production en temps r\u00e9el. Cela vous permet d\u2019identifier rapidement et d\u2019isoler les produits d\u00e9fectueux, r\u00e9duisant ainsi les rebuts et les co\u00fbts de garantie.<\/p>\n<ul>\n<li>Graphique en bandes multi-vues permet de consulter facilement les donn\u00e9es de test, d\u2019identifier et d\u2019optimiser les r\u00e9ponses aux d\u00e9fauts<\/li>\n<li>\u00a0Bo\u00eetier modulaire robuste en aluminium avec possibilit\u00e9 de montage \u00e0 distance.<\/li>\n<\/ul>\n<p><strong data-start=\"60\" data-end=\"261\">CR-11R: <\/strong>15,5\u201d x 7,1\u201d x 3,4\u201d\u00a0 Affichage \u00e0 distance pour test de fissures et d\u00e9fauts. Instrument \u00e0 courants de Foucault Criterion NDT pour la d\u00e9tection de d\u00e9fauts et le tri des composants In-Line.<\/p>\n<div class=\"flex flex-col text-sm pb-25\">\n<section class=\"text-token-text-primary w-full focus:outline-none [--shadow-height:45px] has-data-writing-block:pointer-events-none has-data-writing-block:-mt-(--shadow-height) has-data-writing-block:pt-(--shadow-height) [&amp;:has([data-writing-block])&gt;*]:pointer-events-auto scroll-mt-[calc(var(--header-height)+min(200px,max(70px,20svh)))]\" dir=\"auto\" data-turn-id=\"request-WEB:c246db5b-7005-43c6-9200-26c0bc175044-11\" data-testid=\"conversation-turn-24\" data-scroll-anchor=\"true\" data-turn=\"assistant\">\n<div class=\"text-base my-auto mx-auto pb-10 [--thread-content-margin:var(--thread-content-margin-xs,calc(var(--spacing)*4))] @w-sm\/main:[--thread-content-margin:var(--thread-content-margin-sm,calc(var(--spacing)*6))] @w-lg\/main:[--thread-content-margin:var(--thread-content-margin-lg,calc(var(--spacing)*16))] px-(--thread-content-margin)\">\n<div class=\"[--thread-content-max-width:40rem] @w-lg\/main:[--thread-content-max-width:48rem] mx-auto max-w-(--thread-content-max-width) flex-1 group\/turn-messages focus-visible:outline-hidden relative flex w-full min-w-0 flex-col agent-turn\">\n<div class=\"flex max-w-full flex-col gap-4 grow\">\n<div class=\"min-h-8 text-message relative flex w-full flex-col items-end gap-2 text-start break-words whitespace-normal outline-none keyboard-focused:focus-ring [.text-message+&amp;]:mt-1\" dir=\"auto\" tabindex=\"0\" data-message-author-role=\"assistant\" data-message-id=\"21d97703-267d-4fac-b873-933b59736308\" data-message-model-slug=\"gpt-5-mini\" data-turn-start-message=\"true\">\n<div class=\"flex w-full flex-col gap-1 empty:hidden\">\n<div class=\"markdown prose dark:prose-invert w-full wrap-break-word light markdown-new-styling\">\n<p data-start=\"266\" data-end=\"360\" data-is-last-node=\"\"><strong data-start=\"266\" data-end=\"360\" data-is-last-node=\"\">CR-11: <\/strong>8\u201d x 13\u201d x 16\u201d Instrument de test de fissures et d\u00e9fauts \u00e0 courants de Foucault.<\/p>\n<\/div>\n<\/div>\n<\/div>\n<\/div>\n<\/div>\n<\/div>\n<\/section>\n<\/div>\n<p>Contactez-nous pour discuter de votre application, de vos besoins, des options disponibles et\/ou pour obtenir un devis.<\/p>\n","protected":false},"excerpt":{"rendered":"<p>CR-11R \u2013 Instrument \u00e0 courants de Foucault (module distant) Criterion NDT pour la d\u00e9tection de d\u00e9fauts et le tri des composants en ligne. L\u2019instrument de contr\u00f4le par courants de Foucault \u00e0 canal unique CR-11 est sp\u00e9cialement con\u00e7u pour d\u00e9tecter les d\u00e9fauts de mat\u00e9riaux, tels que les fissures et les imperfections, dans les composants pendant les [&hellip;]<\/p>\n","protected":false},"featured_media":47168,"template":"","meta":{"_monsterinsights_skip_tracking":false,"_monsterinsights_sitenote_active":false,"_monsterinsights_sitenote_note":"","_monsterinsights_sitenote_category":0},"product_brand":[],"product_cat":[402,135],"product_tag":[],"class_list":{"0":"post-47169","1":"product","2":"type-product","3":"status-publish","4":"has-post-thumbnail","6":"product_cat-autres-marques","7":"product_cat-courants-foucault","9":"first","10":"instock","11":"shipping-taxable","12":"product-type-simple"},"yoast_head":"<!-- This site is optimized with the Yoast SEO plugin v23.9 - https:\/\/yoast.com\/wordpress\/plugins\/seo\/ -->\n<title>Criterion NDT CR-11R \u2013 Instrument \u00e0 courants de Foucault (module distant) &#060; Qualit\u00e9 NDE<\/title>\n<meta name=\"description\" content=\"Criterion NDT CR-11R offre une d\u00e9tection en temps r\u00e9el des d\u00e9fauts de mat\u00e9riaux gr\u00e2ce \u00e0 sa conception robuste et son logiciel intuitif. Assurez des inspections pr\u00e9cises en toute simplicit\u00e9.\" \/>\n<meta name=\"robots\" content=\"index, follow, max-snippet:-1, max-image-preview:large, max-video-preview:-1\" \/>\n<link rel=\"canonical\" href=\"https:\/\/www.qnde.ca\/fr\/produit\/criterion-ndt-cr-11r-instrument-a-courants-de-foucault-module-distant\/\" \/>\n<meta name=\"twitter:label1\" content=\"Dur\u00e9e de lecture estim\u00e9e\" \/>\n\t<meta name=\"twitter:data1\" content=\"2 minutes\" \/>\n<script type=\"application\/ld+json\" class=\"yoast-schema-graph\">{\"@context\":\"https:\/\/schema.org\",\"@graph\":[{\"@type\":[\"WebPage\",\"ItemPage\"],\"@id\":\"https:\/\/www.qnde.ca\/fr\/produit\/criterion-ndt-cr-11r-instrument-a-courants-de-foucault-module-distant\/\",\"url\":\"https:\/\/www.qnde.ca\/fr\/produit\/criterion-ndt-cr-11r-instrument-a-courants-de-foucault-module-distant\/\",\"name\":\"Criterion NDT CR-11R \u2013 Instrument \u00e0 courants de Foucault (module distant) &#060; Qualit\u00e9 NDE\",\"isPartOf\":{\"@id\":\"https:\/\/www.qnde.ca\/#website\"},\"primaryImageOfPage\":{\"@id\":\"https:\/\/www.qnde.ca\/fr\/produit\/criterion-ndt-cr-11r-instrument-a-courants-de-foucault-module-distant\/#primaryimage\"},\"image\":{\"@id\":\"https:\/\/www.qnde.ca\/fr\/produit\/criterion-ndt-cr-11r-instrument-a-courants-de-foucault-module-distant\/#primaryimage\"},\"thumbnailUrl\":\"https:\/\/www.qnde.ca\/wp-content\/uploads\/2026\/03\/CR-11R-unit-with-monitor.jpg\",\"datePublished\":\"2026-03-19T17:10:27+00:00\",\"dateModified\":\"2026-03-19T17:23:06+00:00\",\"description\":\"Criterion NDT CR-11R offre une d\u00e9tection en temps r\u00e9el des d\u00e9fauts de mat\u00e9riaux gr\u00e2ce \u00e0 sa conception robuste et son logiciel intuitif. Assurez des inspections pr\u00e9cises en toute simplicit\u00e9.\",\"breadcrumb\":{\"@id\":\"https:\/\/www.qnde.ca\/fr\/produit\/criterion-ndt-cr-11r-instrument-a-courants-de-foucault-module-distant\/#breadcrumb\"},\"inLanguage\":\"fr-FR\",\"potentialAction\":[{\"@type\":\"ReadAction\",\"target\":[\"https:\/\/www.qnde.ca\/fr\/produit\/criterion-ndt-cr-11r-instrument-a-courants-de-foucault-module-distant\/\"]}]},{\"@type\":\"ImageObject\",\"inLanguage\":\"fr-FR\",\"@id\":\"https:\/\/www.qnde.ca\/fr\/produit\/criterion-ndt-cr-11r-instrument-a-courants-de-foucault-module-distant\/#primaryimage\",\"url\":\"https:\/\/www.qnde.ca\/wp-content\/uploads\/2026\/03\/CR-11R-unit-with-monitor.jpg\",\"contentUrl\":\"https:\/\/www.qnde.ca\/wp-content\/uploads\/2026\/03\/CR-11R-unit-with-monitor.jpg\",\"width\":3000,\"height\":2216,\"caption\":\"Criterion NDT Eddy Current (Remote Module)\"},{\"@type\":\"BreadcrumbList\",\"@id\":\"https:\/\/www.qnde.ca\/fr\/produit\/criterion-ndt-cr-11r-instrument-a-courants-de-foucault-module-distant\/#breadcrumb\",\"itemListElement\":[{\"@type\":\"ListItem\",\"position\":1,\"name\":\"Accueil\",\"item\":\"https:\/\/www.qnde.ca\/fr\/\"},{\"@type\":\"ListItem\",\"position\":2,\"name\":\"Produits\",\"item\":\"https:\/\/www.qnde.ca\/fr\/produits\/\"},{\"@type\":\"ListItem\",\"position\":3,\"name\":\"Marques\",\"item\":\"https:\/\/www.qnde.ca\/fr\/product-category\/marques\/\"},{\"@type\":\"ListItem\",\"position\":4,\"name\":\"Autres Marques\",\"item\":\"https:\/\/www.qnde.ca\/fr\/product-category\/marques\/autres-marques\/\"},{\"@type\":\"ListItem\",\"position\":5,\"name\":\"Criterion NDT CR-11R \u2013 Instrument \u00e0 courants de Foucault (module distant)\"}]},{\"@type\":\"WebSite\",\"@id\":\"https:\/\/www.qnde.ca\/#website\",\"url\":\"https:\/\/www.qnde.ca\/\",\"name\":\"Qualit\u00e9 NDE\",\"description\":\"\u00c9quipements d&#039;essais non destructifs \",\"publisher\":{\"@id\":\"https:\/\/www.qnde.ca\/#organization\"},\"potentialAction\":[{\"@type\":\"SearchAction\",\"target\":{\"@type\":\"EntryPoint\",\"urlTemplate\":\"https:\/\/www.qnde.ca\/?s={search_term_string}\"},\"query-input\":{\"@type\":\"PropertyValueSpecification\",\"valueRequired\":true,\"valueName\":\"search_term_string\"}}],\"inLanguage\":\"fr-FR\"},{\"@type\":\"Organization\",\"@id\":\"https:\/\/www.qnde.ca\/#organization\",\"name\":\"Quality NDT Ltd.\",\"url\":\"https:\/\/www.qnde.ca\/\",\"logo\":{\"@type\":\"ImageObject\",\"inLanguage\":\"fr-FR\",\"@id\":\"https:\/\/www.qnde.ca\/#\/schema\/logo\/image\/\",\"url\":\"https:\/\/www.qnde.ca\/wp-content\/uploads\/2022\/02\/QNDE_logo_RGB-gif.gif\",\"contentUrl\":\"https:\/\/www.qnde.ca\/wp-content\/uploads\/2022\/02\/QNDE_logo_RGB-gif.gif\",\"width\":250,\"height\":64,\"caption\":\"Quality NDT Ltd.\"},\"image\":{\"@id\":\"https:\/\/www.qnde.ca\/#\/schema\/logo\/image\/\"},\"sameAs\":[\"https:\/\/www.linkedin.com\/company\/qnde\/about\/?viewAsMember=true\"]}]}<\/script>\n<!-- \/ Yoast SEO plugin. -->","yoast_head_json":{"title":"Criterion NDT CR-11R \u2013 Instrument \u00e0 courants de Foucault (module distant) &#060; Qualit\u00e9 NDE","description":"Criterion NDT CR-11R offre une d\u00e9tection en temps r\u00e9el des d\u00e9fauts de mat\u00e9riaux gr\u00e2ce \u00e0 sa conception robuste et son logiciel intuitif. Assurez des inspections pr\u00e9cises en toute simplicit\u00e9.","robots":{"index":"index","follow":"follow","max-snippet":"max-snippet:-1","max-image-preview":"max-image-preview:large","max-video-preview":"max-video-preview:-1"},"canonical":"https:\/\/www.qnde.ca\/fr\/produit\/criterion-ndt-cr-11r-instrument-a-courants-de-foucault-module-distant\/","twitter_misc":{"Dur\u00e9e de lecture estim\u00e9e":"2 minutes"},"schema":{"@context":"https:\/\/schema.org","@graph":[{"@type":["WebPage","ItemPage"],"@id":"https:\/\/www.qnde.ca\/fr\/produit\/criterion-ndt-cr-11r-instrument-a-courants-de-foucault-module-distant\/","url":"https:\/\/www.qnde.ca\/fr\/produit\/criterion-ndt-cr-11r-instrument-a-courants-de-foucault-module-distant\/","name":"Criterion NDT CR-11R \u2013 Instrument \u00e0 courants de Foucault (module distant) &#060; Qualit\u00e9 NDE","isPartOf":{"@id":"https:\/\/www.qnde.ca\/#website"},"primaryImageOfPage":{"@id":"https:\/\/www.qnde.ca\/fr\/produit\/criterion-ndt-cr-11r-instrument-a-courants-de-foucault-module-distant\/#primaryimage"},"image":{"@id":"https:\/\/www.qnde.ca\/fr\/produit\/criterion-ndt-cr-11r-instrument-a-courants-de-foucault-module-distant\/#primaryimage"},"thumbnailUrl":"https:\/\/www.qnde.ca\/wp-content\/uploads\/2026\/03\/CR-11R-unit-with-monitor.jpg","datePublished":"2026-03-19T17:10:27+00:00","dateModified":"2026-03-19T17:23:06+00:00","description":"Criterion NDT CR-11R offre une d\u00e9tection en temps r\u00e9el des d\u00e9fauts de mat\u00e9riaux gr\u00e2ce \u00e0 sa conception robuste et son logiciel intuitif. Assurez des inspections pr\u00e9cises en toute simplicit\u00e9.","breadcrumb":{"@id":"https:\/\/www.qnde.ca\/fr\/produit\/criterion-ndt-cr-11r-instrument-a-courants-de-foucault-module-distant\/#breadcrumb"},"inLanguage":"fr-FR","potentialAction":[{"@type":"ReadAction","target":["https:\/\/www.qnde.ca\/fr\/produit\/criterion-ndt-cr-11r-instrument-a-courants-de-foucault-module-distant\/"]}]},{"@type":"ImageObject","inLanguage":"fr-FR","@id":"https:\/\/www.qnde.ca\/fr\/produit\/criterion-ndt-cr-11r-instrument-a-courants-de-foucault-module-distant\/#primaryimage","url":"https:\/\/www.qnde.ca\/wp-content\/uploads\/2026\/03\/CR-11R-unit-with-monitor.jpg","contentUrl":"https:\/\/www.qnde.ca\/wp-content\/uploads\/2026\/03\/CR-11R-unit-with-monitor.jpg","width":3000,"height":2216,"caption":"Criterion NDT Eddy Current (Remote Module)"},{"@type":"BreadcrumbList","@id":"https:\/\/www.qnde.ca\/fr\/produit\/criterion-ndt-cr-11r-instrument-a-courants-de-foucault-module-distant\/#breadcrumb","itemListElement":[{"@type":"ListItem","position":1,"name":"Accueil","item":"https:\/\/www.qnde.ca\/fr\/"},{"@type":"ListItem","position":2,"name":"Produits","item":"https:\/\/www.qnde.ca\/fr\/produits\/"},{"@type":"ListItem","position":3,"name":"Marques","item":"https:\/\/www.qnde.ca\/fr\/product-category\/marques\/"},{"@type":"ListItem","position":4,"name":"Autres Marques","item":"https:\/\/www.qnde.ca\/fr\/product-category\/marques\/autres-marques\/"},{"@type":"ListItem","position":5,"name":"Criterion NDT CR-11R \u2013 Instrument \u00e0 courants de Foucault (module distant)"}]},{"@type":"WebSite","@id":"https:\/\/www.qnde.ca\/#website","url":"https:\/\/www.qnde.ca\/","name":"Qualit\u00e9 NDE","description":"\u00c9quipements d&#039;essais non destructifs ","publisher":{"@id":"https:\/\/www.qnde.ca\/#organization"},"potentialAction":[{"@type":"SearchAction","target":{"@type":"EntryPoint","urlTemplate":"https:\/\/www.qnde.ca\/?s={search_term_string}"},"query-input":{"@type":"PropertyValueSpecification","valueRequired":true,"valueName":"search_term_string"}}],"inLanguage":"fr-FR"},{"@type":"Organization","@id":"https:\/\/www.qnde.ca\/#organization","name":"Quality NDT Ltd.","url":"https:\/\/www.qnde.ca\/","logo":{"@type":"ImageObject","inLanguage":"fr-FR","@id":"https:\/\/www.qnde.ca\/#\/schema\/logo\/image\/","url":"https:\/\/www.qnde.ca\/wp-content\/uploads\/2022\/02\/QNDE_logo_RGB-gif.gif","contentUrl":"https:\/\/www.qnde.ca\/wp-content\/uploads\/2022\/02\/QNDE_logo_RGB-gif.gif","width":250,"height":64,"caption":"Quality NDT Ltd."},"image":{"@id":"https:\/\/www.qnde.ca\/#\/schema\/logo\/image\/"},"sameAs":["https:\/\/www.linkedin.com\/company\/qnde\/about\/?viewAsMember=true"]}]}},"jetpack_sharing_enabled":true,"_links":{"self":[{"href":"https:\/\/www.qnde.ca\/fr\/wp-json\/wp\/v2\/product\/47169","targetHints":{"allow":["GET"]}}],"collection":[{"href":"https:\/\/www.qnde.ca\/fr\/wp-json\/wp\/v2\/product"}],"about":[{"href":"https:\/\/www.qnde.ca\/fr\/wp-json\/wp\/v2\/types\/product"}],"wp:featuredmedia":[{"embeddable":true,"href":"https:\/\/www.qnde.ca\/fr\/wp-json\/wp\/v2\/media\/47168"}],"wp:attachment":[{"href":"https:\/\/www.qnde.ca\/fr\/wp-json\/wp\/v2\/media?parent=47169"}],"wp:term":[{"taxonomy":"product_brand","embeddable":true,"href":"https:\/\/www.qnde.ca\/fr\/wp-json\/wp\/v2\/product_brand?post=47169"},{"taxonomy":"product_cat","embeddable":true,"href":"https:\/\/www.qnde.ca\/fr\/wp-json\/wp\/v2\/product_cat?post=47169"},{"taxonomy":"product_tag","embeddable":true,"href":"https:\/\/www.qnde.ca\/fr\/wp-json\/wp\/v2\/product_tag?post=47169"}],"curies":[{"name":"wp","href":"https:\/\/api.w.org\/{rel}","templated":true}]}}