{"id":47162,"date":"2026-03-19T11:50:20","date_gmt":"2026-03-19T15:50:20","guid":{"rendered":"https:\/\/www.qnde.ca\/produit\/criterion-ndt-st-11r-instrument-a-courants-de-foucault\/"},"modified":"2026-03-24T08:41:13","modified_gmt":"2026-03-24T12:41:13","slug":"criterion-ndt-st-11r-instrument-a-courants-de-foucault","status":"publish","type":"product","link":"https:\/\/www.qnde.ca\/fr\/produit\/criterion-ndt-st-11r-instrument-a-courants-de-foucault\/","title":{"rendered":"Criterion NDT ST-11R\u00ae \u2013 Instrument \u00e0 courants de Foucault"},"content":{"rendered":"<p><strong>ST-11R\u00ae \u2013 Instrument \u00e0 courants de Foucault (module distant) Criterion NDT pour la validation de la structure des mat\u00e9riaux (traitement thermique) et le contr\u00f4le des composants.<\/strong><\/p>\n<p>Le Criterion NDT ST-11R est un testeur \u00e0 affichage distant \u00e0 huit fr\u00e9quences, con\u00e7u pour v\u00e9rifier la structure des mat\u00e9riaux apr\u00e8s traitement thermique, la profondeur des couches, les alliages, les filetages, les assemblages et les caract\u00e9ristiques ID\/OD \u00e0 la vitesse de la ligne de production. Son design robuste, son application PC intuitive et son interface multilingue garantissent une inspection pr\u00e9cise et non destructive.<\/p>\n<ul>\n<li>Bo\u00eetier modulaire robuste en aluminium avec possibilit\u00e9 de montage \u00e0 distance<\/li>\n<li>Options TCP\/IP et E\/S industrielles offrant une flexibilit\u00e9 pour l\u2019int\u00e9gration aux syst\u00e8mes de manutention<\/li>\n<li>Contr\u00f4le via PC \u00e0 distance avec \u00e9cran tactile, PLC ou PC de bureau<\/li>\n<\/ul>\n<p data-start=\"57\" data-end=\"257\"><strong data-start=\"57\" data-end=\"255\">ST-11R\u00ae \u2013 15,5\u201d x 7,1\u201d x 3,4\u201d :<\/strong> Instrument \u00e0 courants de Foucault (module distant) pour la validation de la structure des mat\u00e9riaux (traitement thermique) et le contr\u00f4le des composants In-Line.<\/p>\n<p data-start=\"260\" data-end=\"449\" data-is-last-node=\"\"><strong data-start=\"260\" data-end=\"449\" data-is-last-node=\"\">ST-11\u00ae \u2013 8\u201d x 13\u201d x 16\u201d :<\/strong> Instrument \u00e0 courants de Foucault Criterion NDT pour la validation de la structure des mat\u00e9riaux (traitement thermique) et le contr\u00f4le\u00a0 des composants In-Line.<\/p>\n<p>Contactez-nous pour discuter de votre application, de vos besoins, des options disponibles ou pour obtenir un devis.<\/p>\n","protected":false},"excerpt":{"rendered":"<p>ST-11R\u00ae \u2013 Instrument \u00e0 courants de Foucault (module distant) Criterion NDT pour la validation de la structure des mat\u00e9riaux (traitement thermique) et le contr\u00f4le des composants. Le Criterion NDT ST-11R est un testeur \u00e0 affichage distant \u00e0 huit fr\u00e9quences, con\u00e7u pour v\u00e9rifier la structure des mat\u00e9riaux apr\u00e8s traitement thermique, la profondeur des couches, les alliages, [&hellip;]<\/p>\n","protected":false},"featured_media":47161,"template":"","meta":{"_monsterinsights_skip_tracking":false,"_monsterinsights_sitenote_active":false,"_monsterinsights_sitenote_note":"","_monsterinsights_sitenote_category":0},"product_brand":[],"product_cat":[402,135],"product_tag":[],"class_list":{"0":"post-47162","1":"product","2":"type-product","3":"status-publish","4":"has-post-thumbnail","6":"product_cat-autres-marques","7":"product_cat-courants-foucault","9":"first","10":"instock","11":"shipping-taxable","12":"product-type-simple"},"yoast_head":"<!-- This site is optimized with the Yoast SEO plugin v23.9 - https:\/\/yoast.com\/wordpress\/plugins\/seo\/ -->\n<title>Criterion NDT ST-11R\u00ae \u2013 Instrument \u00e0 courants de Foucault &#060; Qualit\u00e9 NDE<\/title>\n<meta name=\"description\" content=\"An advanced eight-frequency remote display tester for non-destructive inspection of materials at production line speed.\" \/>\n<meta name=\"robots\" content=\"index, follow, max-snippet:-1, max-image-preview:large, max-video-preview:-1\" \/>\n<link rel=\"canonical\" href=\"https:\/\/www.qnde.ca\/fr\/produit\/criterion-ndt-st-11r-instrument-a-courants-de-foucault\/\" \/>\n<meta name=\"twitter:label1\" content=\"Dur\u00e9e de lecture estim\u00e9e\" \/>\n\t<meta name=\"twitter:data1\" content=\"2 minutes\" \/>\n<script type=\"application\/ld+json\" class=\"yoast-schema-graph\">{\"@context\":\"https:\/\/schema.org\",\"@graph\":[{\"@type\":[\"WebPage\",\"ItemPage\"],\"@id\":\"https:\/\/www.qnde.ca\/fr\/produit\/criterion-ndt-st-11r-instrument-a-courants-de-foucault\/\",\"url\":\"https:\/\/www.qnde.ca\/fr\/produit\/criterion-ndt-st-11r-instrument-a-courants-de-foucault\/\",\"name\":\"Criterion NDT ST-11R\u00ae \u2013 Instrument \u00e0 courants de Foucault &#060; Qualit\u00e9 NDE\",\"isPartOf\":{\"@id\":\"https:\/\/www.qnde.ca\/#website\"},\"primaryImageOfPage\":{\"@id\":\"https:\/\/www.qnde.ca\/fr\/produit\/criterion-ndt-st-11r-instrument-a-courants-de-foucault\/#primaryimage\"},\"image\":{\"@id\":\"https:\/\/www.qnde.ca\/fr\/produit\/criterion-ndt-st-11r-instrument-a-courants-de-foucault\/#primaryimage\"},\"thumbnailUrl\":\"https:\/\/www.qnde.ca\/wp-content\/uploads\/2026\/03\/ST-11R-Unit-and-Monitor-with-Data.jpg\",\"datePublished\":\"2026-03-19T15:50:20+00:00\",\"dateModified\":\"2026-03-24T12:41:13+00:00\",\"description\":\"An advanced eight-frequency remote display tester for non-destructive inspection of materials at production line speed.\",\"breadcrumb\":{\"@id\":\"https:\/\/www.qnde.ca\/fr\/produit\/criterion-ndt-st-11r-instrument-a-courants-de-foucault\/#breadcrumb\"},\"inLanguage\":\"fr-FR\",\"potentialAction\":[{\"@type\":\"ReadAction\",\"target\":[\"https:\/\/www.qnde.ca\/fr\/produit\/criterion-ndt-st-11r-instrument-a-courants-de-foucault\/\"]}]},{\"@type\":\"ImageObject\",\"inLanguage\":\"fr-FR\",\"@id\":\"https:\/\/www.qnde.ca\/fr\/produit\/criterion-ndt-st-11r-instrument-a-courants-de-foucault\/#primaryimage\",\"url\":\"https:\/\/www.qnde.ca\/wp-content\/uploads\/2026\/03\/ST-11R-Unit-and-Monitor-with-Data.jpg\",\"contentUrl\":\"https:\/\/www.qnde.ca\/wp-content\/uploads\/2026\/03\/ST-11R-Unit-and-Monitor-with-Data.jpg\",\"width\":3000,\"height\":2210,\"caption\":\"The Criterion NDT ST-11R is an eight-frequency remote display tester designed to verify post-heat treatment material structure, case depth, alloys, threads, assemblies, and ID\/OD features at production line speed.\"},{\"@type\":\"BreadcrumbList\",\"@id\":\"https:\/\/www.qnde.ca\/fr\/produit\/criterion-ndt-st-11r-instrument-a-courants-de-foucault\/#breadcrumb\",\"itemListElement\":[{\"@type\":\"ListItem\",\"position\":1,\"name\":\"Accueil\",\"item\":\"https:\/\/www.qnde.ca\/fr\/\"},{\"@type\":\"ListItem\",\"position\":2,\"name\":\"Produits\",\"item\":\"https:\/\/www.qnde.ca\/fr\/produits\/\"},{\"@type\":\"ListItem\",\"position\":3,\"name\":\"Marques\",\"item\":\"https:\/\/www.qnde.ca\/fr\/product-category\/marques\/\"},{\"@type\":\"ListItem\",\"position\":4,\"name\":\"Autres Marques\",\"item\":\"https:\/\/www.qnde.ca\/fr\/product-category\/marques\/autres-marques\/\"},{\"@type\":\"ListItem\",\"position\":5,\"name\":\"Criterion NDT ST-11R\u00ae \u2013 Instrument \u00e0 courants de Foucault\"}]},{\"@type\":\"WebSite\",\"@id\":\"https:\/\/www.qnde.ca\/#website\",\"url\":\"https:\/\/www.qnde.ca\/\",\"name\":\"Qualit\u00e9 NDE\",\"description\":\"\u00c9quipements d&#039;essais non destructifs \",\"publisher\":{\"@id\":\"https:\/\/www.qnde.ca\/#organization\"},\"potentialAction\":[{\"@type\":\"SearchAction\",\"target\":{\"@type\":\"EntryPoint\",\"urlTemplate\":\"https:\/\/www.qnde.ca\/?s={search_term_string}\"},\"query-input\":{\"@type\":\"PropertyValueSpecification\",\"valueRequired\":true,\"valueName\":\"search_term_string\"}}],\"inLanguage\":\"fr-FR\"},{\"@type\":\"Organization\",\"@id\":\"https:\/\/www.qnde.ca\/#organization\",\"name\":\"Quality NDT Ltd.\",\"url\":\"https:\/\/www.qnde.ca\/\",\"logo\":{\"@type\":\"ImageObject\",\"inLanguage\":\"fr-FR\",\"@id\":\"https:\/\/www.qnde.ca\/#\/schema\/logo\/image\/\",\"url\":\"https:\/\/www.qnde.ca\/wp-content\/uploads\/2022\/02\/QNDE_logo_RGB-gif.gif\",\"contentUrl\":\"https:\/\/www.qnde.ca\/wp-content\/uploads\/2022\/02\/QNDE_logo_RGB-gif.gif\",\"width\":250,\"height\":64,\"caption\":\"Quality NDT Ltd.\"},\"image\":{\"@id\":\"https:\/\/www.qnde.ca\/#\/schema\/logo\/image\/\"},\"sameAs\":[\"https:\/\/www.linkedin.com\/company\/qnde\/about\/?viewAsMember=true\"]}]}<\/script>\n<!-- \/ Yoast SEO plugin. -->","yoast_head_json":{"title":"Criterion NDT ST-11R\u00ae \u2013 Instrument \u00e0 courants de Foucault &#060; Qualit\u00e9 NDE","description":"An advanced eight-frequency remote display tester for non-destructive inspection of materials at production line speed.","robots":{"index":"index","follow":"follow","max-snippet":"max-snippet:-1","max-image-preview":"max-image-preview:large","max-video-preview":"max-video-preview:-1"},"canonical":"https:\/\/www.qnde.ca\/fr\/produit\/criterion-ndt-st-11r-instrument-a-courants-de-foucault\/","twitter_misc":{"Dur\u00e9e de lecture estim\u00e9e":"2 minutes"},"schema":{"@context":"https:\/\/schema.org","@graph":[{"@type":["WebPage","ItemPage"],"@id":"https:\/\/www.qnde.ca\/fr\/produit\/criterion-ndt-st-11r-instrument-a-courants-de-foucault\/","url":"https:\/\/www.qnde.ca\/fr\/produit\/criterion-ndt-st-11r-instrument-a-courants-de-foucault\/","name":"Criterion NDT ST-11R\u00ae \u2013 Instrument \u00e0 courants de Foucault &#060; Qualit\u00e9 NDE","isPartOf":{"@id":"https:\/\/www.qnde.ca\/#website"},"primaryImageOfPage":{"@id":"https:\/\/www.qnde.ca\/fr\/produit\/criterion-ndt-st-11r-instrument-a-courants-de-foucault\/#primaryimage"},"image":{"@id":"https:\/\/www.qnde.ca\/fr\/produit\/criterion-ndt-st-11r-instrument-a-courants-de-foucault\/#primaryimage"},"thumbnailUrl":"https:\/\/www.qnde.ca\/wp-content\/uploads\/2026\/03\/ST-11R-Unit-and-Monitor-with-Data.jpg","datePublished":"2026-03-19T15:50:20+00:00","dateModified":"2026-03-24T12:41:13+00:00","description":"An advanced eight-frequency remote display tester for non-destructive inspection of materials at production line speed.","breadcrumb":{"@id":"https:\/\/www.qnde.ca\/fr\/produit\/criterion-ndt-st-11r-instrument-a-courants-de-foucault\/#breadcrumb"},"inLanguage":"fr-FR","potentialAction":[{"@type":"ReadAction","target":["https:\/\/www.qnde.ca\/fr\/produit\/criterion-ndt-st-11r-instrument-a-courants-de-foucault\/"]}]},{"@type":"ImageObject","inLanguage":"fr-FR","@id":"https:\/\/www.qnde.ca\/fr\/produit\/criterion-ndt-st-11r-instrument-a-courants-de-foucault\/#primaryimage","url":"https:\/\/www.qnde.ca\/wp-content\/uploads\/2026\/03\/ST-11R-Unit-and-Monitor-with-Data.jpg","contentUrl":"https:\/\/www.qnde.ca\/wp-content\/uploads\/2026\/03\/ST-11R-Unit-and-Monitor-with-Data.jpg","width":3000,"height":2210,"caption":"The Criterion NDT ST-11R is an eight-frequency remote display tester designed to verify post-heat treatment material structure, case depth, alloys, threads, assemblies, and ID\/OD features at production line speed."},{"@type":"BreadcrumbList","@id":"https:\/\/www.qnde.ca\/fr\/produit\/criterion-ndt-st-11r-instrument-a-courants-de-foucault\/#breadcrumb","itemListElement":[{"@type":"ListItem","position":1,"name":"Accueil","item":"https:\/\/www.qnde.ca\/fr\/"},{"@type":"ListItem","position":2,"name":"Produits","item":"https:\/\/www.qnde.ca\/fr\/produits\/"},{"@type":"ListItem","position":3,"name":"Marques","item":"https:\/\/www.qnde.ca\/fr\/product-category\/marques\/"},{"@type":"ListItem","position":4,"name":"Autres Marques","item":"https:\/\/www.qnde.ca\/fr\/product-category\/marques\/autres-marques\/"},{"@type":"ListItem","position":5,"name":"Criterion NDT ST-11R\u00ae \u2013 Instrument \u00e0 courants de Foucault"}]},{"@type":"WebSite","@id":"https:\/\/www.qnde.ca\/#website","url":"https:\/\/www.qnde.ca\/","name":"Qualit\u00e9 NDE","description":"\u00c9quipements d&#039;essais non destructifs ","publisher":{"@id":"https:\/\/www.qnde.ca\/#organization"},"potentialAction":[{"@type":"SearchAction","target":{"@type":"EntryPoint","urlTemplate":"https:\/\/www.qnde.ca\/?s={search_term_string}"},"query-input":{"@type":"PropertyValueSpecification","valueRequired":true,"valueName":"search_term_string"}}],"inLanguage":"fr-FR"},{"@type":"Organization","@id":"https:\/\/www.qnde.ca\/#organization","name":"Quality NDT Ltd.","url":"https:\/\/www.qnde.ca\/","logo":{"@type":"ImageObject","inLanguage":"fr-FR","@id":"https:\/\/www.qnde.ca\/#\/schema\/logo\/image\/","url":"https:\/\/www.qnde.ca\/wp-content\/uploads\/2022\/02\/QNDE_logo_RGB-gif.gif","contentUrl":"https:\/\/www.qnde.ca\/wp-content\/uploads\/2022\/02\/QNDE_logo_RGB-gif.gif","width":250,"height":64,"caption":"Quality NDT Ltd."},"image":{"@id":"https:\/\/www.qnde.ca\/#\/schema\/logo\/image\/"},"sameAs":["https:\/\/www.linkedin.com\/company\/qnde\/about\/?viewAsMember=true"]}]}},"jetpack_sharing_enabled":true,"_links":{"self":[{"href":"https:\/\/www.qnde.ca\/fr\/wp-json\/wp\/v2\/product\/47162","targetHints":{"allow":["GET"]}}],"collection":[{"href":"https:\/\/www.qnde.ca\/fr\/wp-json\/wp\/v2\/product"}],"about":[{"href":"https:\/\/www.qnde.ca\/fr\/wp-json\/wp\/v2\/types\/product"}],"wp:featuredmedia":[{"embeddable":true,"href":"https:\/\/www.qnde.ca\/fr\/wp-json\/wp\/v2\/media\/47161"}],"wp:attachment":[{"href":"https:\/\/www.qnde.ca\/fr\/wp-json\/wp\/v2\/media?parent=47162"}],"wp:term":[{"taxonomy":"product_brand","embeddable":true,"href":"https:\/\/www.qnde.ca\/fr\/wp-json\/wp\/v2\/product_brand?post=47162"},{"taxonomy":"product_cat","embeddable":true,"href":"https:\/\/www.qnde.ca\/fr\/wp-json\/wp\/v2\/product_cat?post=47162"},{"taxonomy":"product_tag","embeddable":true,"href":"https:\/\/www.qnde.ca\/fr\/wp-json\/wp\/v2\/product_tag?post=47162"}],"curies":[{"name":"wp","href":"https:\/\/api.w.org\/{rel}","templated":true}]}}