{"id":47150,"date":"2026-03-19T11:14:18","date_gmt":"2026-03-19T15:14:18","guid":{"rendered":"https:\/\/www.qnde.ca\/produit\/criterion-ndt-st-11-instrument-a-courants-de-foucault\/"},"modified":"2026-03-24T08:46:15","modified_gmt":"2026-03-24T12:46:15","slug":"criterion-ndt-st-11-instrument-a-courants-de-foucault","status":"publish","type":"product","link":"https:\/\/www.qnde.ca\/fr\/produit\/criterion-ndt-st-11-instrument-a-courants-de-foucault\/","title":{"rendered":"Criterion NDT ST-11\u00ae instrument \u00e0 courants de Foucault"},"content":{"rendered":"<table style=\"height: 400px;\" width=\"1184\">\n<tbody>\n<tr>\n<td width=\"467\"><strong>ST-11\u00ae \u2013 Instrument de contr\u00f4le par courants de Foucault Criterion NDT pour les tests des composants. Valide la structure du mat\u00e9riau apr\u00e8s traitement thermique, la profondeur de c\u00e9mentation, les alliages et les caract\u00e9ristiques \u00e0 pleine vitesse de production.<\/strong><\/p>\n<p>Le ST-11 de Criterion NDT est un \u00e9quipement de test \u00e0 huit fr\u00e9quences con\u00e7ues pour v\u00e9rifier apr\u00e8s traitement thermique, la structure des mat\u00e9riaux, la profondeur de traitement des couches, et la zone de traitement. Il inspecte \u00e9galement les alliages, filetages, assemblages et caract\u00e9ristiques ID\/OD, garantissant la conformit\u00e9 des composants \u00e0 la vitesse de production. Livr\u00e9 avec le manuel d\u2019op\u00e9ration pour l\u2019installation du logiciel test.<\/p>\n<ul>\n<li>\u00c9cran tactile couleur et menu simplifi\u00e9 pour une utilisation intuitive.<\/li>\n<li>Huit fr\u00e9quences pour d\u00e9tecter diff\u00e9rents types de d\u00e9fauts.<\/li>\n<li>TCP\/IP et E\/S industrielles pour une int\u00e9gration facile au PLC des syst\u00e8mes de manutentions.<\/li>\n<li data-section-id=\"6ip48t\" data-start=\"70\" data-end=\"134\">\n<p data-start=\"72\" data-end=\"134\"><strong data-start=\"72\" data-end=\"132\">ST-11 : <\/strong>Instrument de test de structure \u2013 8\u201d x 13\u201d x 16\u201d<\/p>\n<\/li>\n<li data-section-id=\"11w1nj5\" data-start=\"135\" data-end=\"217\">\n<p data-start=\"137\" data-end=\"217\"><strong data-start=\"137\" data-end=\"215\">ST-11R : <\/strong>Affichage \u00e0 distance pour test de structure \u2013 15,5\u201d x 7,1\u201d x 3,4\u201d<\/p>\n<\/li>\n<\/ul>\n<p>Contactez-nous pour discuter de votre application, de vos besoins, des options disponibles ou pour obtenir un devis.<\/p>\n<p>&nbsp;<\/td>\n<\/tr>\n<\/tbody>\n<\/table>\n","protected":false},"excerpt":{"rendered":"<p>ST-11\u00ae \u2013 Instrument de contr\u00f4le par courants de Foucault Criterion NDT pour les tests des composants. Valide la structure du mat\u00e9riau apr\u00e8s traitement thermique, la profondeur de c\u00e9mentation, les alliages et les caract\u00e9ristiques \u00e0 pleine vitesse de production. Le ST-11 de Criterion NDT est un \u00e9quipement de test \u00e0 huit fr\u00e9quences con\u00e7ues pour v\u00e9rifier apr\u00e8s [&hellip;]<\/p>\n","protected":false},"featured_media":47147,"template":"","meta":{"_monsterinsights_skip_tracking":false,"_monsterinsights_sitenote_active":false,"_monsterinsights_sitenote_note":"","_monsterinsights_sitenote_category":0},"product_brand":[],"product_cat":[402,135],"product_tag":[],"class_list":{"0":"post-47150","1":"product","2":"type-product","3":"status-publish","4":"has-post-thumbnail","6":"product_cat-autres-marques","7":"product_cat-courants-foucault","9":"first","10":"instock","11":"shipping-taxable","12":"product-type-simple"},"yoast_head":"<!-- This site is optimized with the Yoast SEO plugin v23.9 - https:\/\/yoast.com\/wordpress\/plugins\/seo\/ -->\n<title>Criterion NDT ST-11\u00ae instrument \u00e0 courants de Foucault &#060; Qualit\u00e9 NDE<\/title>\n<meta name=\"description\" content=\"Criterion NDT ST-11, test instrument for verifying post-heat treatment material structure, case depth, alloys, threads, assemblies, and ID\/OD features. Full production line speed, ensures components meet specifications + manual for desktop workstation operation.\" \/>\n<meta name=\"robots\" content=\"index, follow, max-snippet:-1, max-image-preview:large, max-video-preview:-1\" \/>\n<link rel=\"canonical\" href=\"https:\/\/www.qnde.ca\/fr\/produit\/criterion-ndt-st-11-instrument-a-courants-de-foucault\/\" \/>\n<meta name=\"twitter:label1\" content=\"Dur\u00e9e de lecture estim\u00e9e\" \/>\n\t<meta name=\"twitter:data1\" content=\"1 minute\" \/>\n<script type=\"application\/ld+json\" class=\"yoast-schema-graph\">{\"@context\":\"https:\/\/schema.org\",\"@graph\":[{\"@type\":[\"WebPage\",\"ItemPage\"],\"@id\":\"https:\/\/www.qnde.ca\/fr\/produit\/criterion-ndt-st-11-instrument-a-courants-de-foucault\/\",\"url\":\"https:\/\/www.qnde.ca\/fr\/produit\/criterion-ndt-st-11-instrument-a-courants-de-foucault\/\",\"name\":\"Criterion NDT ST-11\u00ae instrument \u00e0 courants de Foucault &#060; Qualit\u00e9 NDE\",\"isPartOf\":{\"@id\":\"https:\/\/www.qnde.ca\/#website\"},\"primaryImageOfPage\":{\"@id\":\"https:\/\/www.qnde.ca\/fr\/produit\/criterion-ndt-st-11-instrument-a-courants-de-foucault\/#primaryimage\"},\"image\":{\"@id\":\"https:\/\/www.qnde.ca\/fr\/produit\/criterion-ndt-st-11-instrument-a-courants-de-foucault\/#primaryimage\"},\"thumbnailUrl\":\"https:\/\/www.qnde.ca\/wp-content\/uploads\/2026\/03\/ST-11-Criterion00214_2-1.jpg\",\"datePublished\":\"2026-03-19T15:14:18+00:00\",\"dateModified\":\"2026-03-24T12:46:15+00:00\",\"description\":\"Criterion NDT ST-11, test instrument for verifying post-heat treatment material structure, case depth, alloys, threads, assemblies, and ID\/OD features. Full production line speed, ensures components meet specifications + manual for desktop workstation operation.\",\"breadcrumb\":{\"@id\":\"https:\/\/www.qnde.ca\/fr\/produit\/criterion-ndt-st-11-instrument-a-courants-de-foucault\/#breadcrumb\"},\"inLanguage\":\"fr-FR\",\"potentialAction\":[{\"@type\":\"ReadAction\",\"target\":[\"https:\/\/www.qnde.ca\/fr\/produit\/criterion-ndt-st-11-instrument-a-courants-de-foucault\/\"]}]},{\"@type\":\"ImageObject\",\"inLanguage\":\"fr-FR\",\"@id\":\"https:\/\/www.qnde.ca\/fr\/produit\/criterion-ndt-st-11-instrument-a-courants-de-foucault\/#primaryimage\",\"url\":\"https:\/\/www.qnde.ca\/wp-content\/uploads\/2026\/03\/ST-11-Criterion00214_2-1.jpg\",\"contentUrl\":\"https:\/\/www.qnde.ca\/wp-content\/uploads\/2026\/03\/ST-11-Criterion00214_2-1.jpg\",\"width\":3000,\"height\":2240,\"caption\":\"ST-11 is an eight-frequency test instrument designed to verify post-heat treatment material structure, case depth, and patterns.\"},{\"@type\":\"BreadcrumbList\",\"@id\":\"https:\/\/www.qnde.ca\/fr\/produit\/criterion-ndt-st-11-instrument-a-courants-de-foucault\/#breadcrumb\",\"itemListElement\":[{\"@type\":\"ListItem\",\"position\":1,\"name\":\"Accueil\",\"item\":\"https:\/\/www.qnde.ca\/fr\/\"},{\"@type\":\"ListItem\",\"position\":2,\"name\":\"Produits\",\"item\":\"https:\/\/www.qnde.ca\/fr\/produits\/\"},{\"@type\":\"ListItem\",\"position\":3,\"name\":\"Marques\",\"item\":\"https:\/\/www.qnde.ca\/fr\/product-category\/marques\/\"},{\"@type\":\"ListItem\",\"position\":4,\"name\":\"Autres Marques\",\"item\":\"https:\/\/www.qnde.ca\/fr\/product-category\/marques\/autres-marques\/\"},{\"@type\":\"ListItem\",\"position\":5,\"name\":\"Criterion NDT ST-11\u00ae instrument \u00e0 courants de Foucault\"}]},{\"@type\":\"WebSite\",\"@id\":\"https:\/\/www.qnde.ca\/#website\",\"url\":\"https:\/\/www.qnde.ca\/\",\"name\":\"Qualit\u00e9 NDE\",\"description\":\"\u00c9quipements d&#039;essais non destructifs \",\"publisher\":{\"@id\":\"https:\/\/www.qnde.ca\/#organization\"},\"potentialAction\":[{\"@type\":\"SearchAction\",\"target\":{\"@type\":\"EntryPoint\",\"urlTemplate\":\"https:\/\/www.qnde.ca\/?s={search_term_string}\"},\"query-input\":{\"@type\":\"PropertyValueSpecification\",\"valueRequired\":true,\"valueName\":\"search_term_string\"}}],\"inLanguage\":\"fr-FR\"},{\"@type\":\"Organization\",\"@id\":\"https:\/\/www.qnde.ca\/#organization\",\"name\":\"Quality NDT Ltd.\",\"url\":\"https:\/\/www.qnde.ca\/\",\"logo\":{\"@type\":\"ImageObject\",\"inLanguage\":\"fr-FR\",\"@id\":\"https:\/\/www.qnde.ca\/#\/schema\/logo\/image\/\",\"url\":\"https:\/\/www.qnde.ca\/wp-content\/uploads\/2022\/02\/QNDE_logo_RGB-gif.gif\",\"contentUrl\":\"https:\/\/www.qnde.ca\/wp-content\/uploads\/2022\/02\/QNDE_logo_RGB-gif.gif\",\"width\":250,\"height\":64,\"caption\":\"Quality NDT Ltd.\"},\"image\":{\"@id\":\"https:\/\/www.qnde.ca\/#\/schema\/logo\/image\/\"},\"sameAs\":[\"https:\/\/www.linkedin.com\/company\/qnde\/about\/?viewAsMember=true\"]}]}<\/script>\n<!-- \/ Yoast SEO plugin. -->","yoast_head_json":{"title":"Criterion NDT ST-11\u00ae instrument \u00e0 courants de Foucault &#060; Qualit\u00e9 NDE","description":"Criterion NDT ST-11, test instrument for verifying post-heat treatment material structure, case depth, alloys, threads, assemblies, and ID\/OD features. Full production line speed, ensures components meet specifications + manual for desktop workstation operation.","robots":{"index":"index","follow":"follow","max-snippet":"max-snippet:-1","max-image-preview":"max-image-preview:large","max-video-preview":"max-video-preview:-1"},"canonical":"https:\/\/www.qnde.ca\/fr\/produit\/criterion-ndt-st-11-instrument-a-courants-de-foucault\/","twitter_misc":{"Dur\u00e9e de lecture estim\u00e9e":"1 minute"},"schema":{"@context":"https:\/\/schema.org","@graph":[{"@type":["WebPage","ItemPage"],"@id":"https:\/\/www.qnde.ca\/fr\/produit\/criterion-ndt-st-11-instrument-a-courants-de-foucault\/","url":"https:\/\/www.qnde.ca\/fr\/produit\/criterion-ndt-st-11-instrument-a-courants-de-foucault\/","name":"Criterion NDT ST-11\u00ae instrument \u00e0 courants de Foucault &#060; Qualit\u00e9 NDE","isPartOf":{"@id":"https:\/\/www.qnde.ca\/#website"},"primaryImageOfPage":{"@id":"https:\/\/www.qnde.ca\/fr\/produit\/criterion-ndt-st-11-instrument-a-courants-de-foucault\/#primaryimage"},"image":{"@id":"https:\/\/www.qnde.ca\/fr\/produit\/criterion-ndt-st-11-instrument-a-courants-de-foucault\/#primaryimage"},"thumbnailUrl":"https:\/\/www.qnde.ca\/wp-content\/uploads\/2026\/03\/ST-11-Criterion00214_2-1.jpg","datePublished":"2026-03-19T15:14:18+00:00","dateModified":"2026-03-24T12:46:15+00:00","description":"Criterion NDT ST-11, test instrument for verifying post-heat treatment material structure, case depth, alloys, threads, assemblies, and ID\/OD features. Full production line speed, ensures components meet specifications + manual for desktop workstation operation.","breadcrumb":{"@id":"https:\/\/www.qnde.ca\/fr\/produit\/criterion-ndt-st-11-instrument-a-courants-de-foucault\/#breadcrumb"},"inLanguage":"fr-FR","potentialAction":[{"@type":"ReadAction","target":["https:\/\/www.qnde.ca\/fr\/produit\/criterion-ndt-st-11-instrument-a-courants-de-foucault\/"]}]},{"@type":"ImageObject","inLanguage":"fr-FR","@id":"https:\/\/www.qnde.ca\/fr\/produit\/criterion-ndt-st-11-instrument-a-courants-de-foucault\/#primaryimage","url":"https:\/\/www.qnde.ca\/wp-content\/uploads\/2026\/03\/ST-11-Criterion00214_2-1.jpg","contentUrl":"https:\/\/www.qnde.ca\/wp-content\/uploads\/2026\/03\/ST-11-Criterion00214_2-1.jpg","width":3000,"height":2240,"caption":"ST-11 is an eight-frequency test instrument designed to verify post-heat treatment material structure, case depth, and patterns."},{"@type":"BreadcrumbList","@id":"https:\/\/www.qnde.ca\/fr\/produit\/criterion-ndt-st-11-instrument-a-courants-de-foucault\/#breadcrumb","itemListElement":[{"@type":"ListItem","position":1,"name":"Accueil","item":"https:\/\/www.qnde.ca\/fr\/"},{"@type":"ListItem","position":2,"name":"Produits","item":"https:\/\/www.qnde.ca\/fr\/produits\/"},{"@type":"ListItem","position":3,"name":"Marques","item":"https:\/\/www.qnde.ca\/fr\/product-category\/marques\/"},{"@type":"ListItem","position":4,"name":"Autres Marques","item":"https:\/\/www.qnde.ca\/fr\/product-category\/marques\/autres-marques\/"},{"@type":"ListItem","position":5,"name":"Criterion NDT ST-11\u00ae instrument \u00e0 courants de Foucault"}]},{"@type":"WebSite","@id":"https:\/\/www.qnde.ca\/#website","url":"https:\/\/www.qnde.ca\/","name":"Qualit\u00e9 NDE","description":"\u00c9quipements d&#039;essais non destructifs ","publisher":{"@id":"https:\/\/www.qnde.ca\/#organization"},"potentialAction":[{"@type":"SearchAction","target":{"@type":"EntryPoint","urlTemplate":"https:\/\/www.qnde.ca\/?s={search_term_string}"},"query-input":{"@type":"PropertyValueSpecification","valueRequired":true,"valueName":"search_term_string"}}],"inLanguage":"fr-FR"},{"@type":"Organization","@id":"https:\/\/www.qnde.ca\/#organization","name":"Quality NDT Ltd.","url":"https:\/\/www.qnde.ca\/","logo":{"@type":"ImageObject","inLanguage":"fr-FR","@id":"https:\/\/www.qnde.ca\/#\/schema\/logo\/image\/","url":"https:\/\/www.qnde.ca\/wp-content\/uploads\/2022\/02\/QNDE_logo_RGB-gif.gif","contentUrl":"https:\/\/www.qnde.ca\/wp-content\/uploads\/2022\/02\/QNDE_logo_RGB-gif.gif","width":250,"height":64,"caption":"Quality NDT Ltd."},"image":{"@id":"https:\/\/www.qnde.ca\/#\/schema\/logo\/image\/"},"sameAs":["https:\/\/www.linkedin.com\/company\/qnde\/about\/?viewAsMember=true"]}]}},"jetpack_sharing_enabled":true,"_links":{"self":[{"href":"https:\/\/www.qnde.ca\/fr\/wp-json\/wp\/v2\/product\/47150","targetHints":{"allow":["GET"]}}],"collection":[{"href":"https:\/\/www.qnde.ca\/fr\/wp-json\/wp\/v2\/product"}],"about":[{"href":"https:\/\/www.qnde.ca\/fr\/wp-json\/wp\/v2\/types\/product"}],"wp:featuredmedia":[{"embeddable":true,"href":"https:\/\/www.qnde.ca\/fr\/wp-json\/wp\/v2\/media\/47147"}],"wp:attachment":[{"href":"https:\/\/www.qnde.ca\/fr\/wp-json\/wp\/v2\/media?parent=47150"}],"wp:term":[{"taxonomy":"product_brand","embeddable":true,"href":"https:\/\/www.qnde.ca\/fr\/wp-json\/wp\/v2\/product_brand?post=47150"},{"taxonomy":"product_cat","embeddable":true,"href":"https:\/\/www.qnde.ca\/fr\/wp-json\/wp\/v2\/product_cat?post=47150"},{"taxonomy":"product_tag","embeddable":true,"href":"https:\/\/www.qnde.ca\/fr\/wp-json\/wp\/v2\/product_tag?post=47150"}],"curies":[{"name":"wp","href":"https:\/\/api.w.org\/{rel}","templated":true}]}}