{"id":4698,"date":"2016-01-11T20:00:38","date_gmt":"2016-01-11T20:00:38","guid":{"rendered":"https:\/\/www.qnde.ca\/?post_type=product&#038;p=4698"},"modified":"2025-08-19T09:26:49","modified_gmt":"2025-08-19T13:26:49","slug":"carestream-processeur-m43ic","status":"publish","type":"product","link":"https:\/\/www.qnde.ca\/fr\/produit\/carestream-processeur-m43ic\/","title":{"rendered":"Carestream Processeur INDUSTREX M43IC"},"content":{"rendered":"<h3><strong>Carestream Processeur INDUSTREX M43IC<\/strong><\/h3>\n<p>Con\u00e7u pour les clients NDT \u00e0 haut volume, il offre plusieurs cycles de d\u00e9veloppement et un traitement sec-\u00e0-sec en seulement 2 minutes. Est inclut:<\/p>\n<ul>\n<li>Grande capacit\u00e9 de traitement jusqu\u2019\u00e0 58 films\/heure (14&Prime; x 17&Prime;).<\/li>\n<li>Jusqu\u2019\u00e0 neuf cycles programmables de d\u00e9veloppement.<\/li>\n<li>Deux r\u00e9servoirs de produits chimiques de 50 litres.<\/li>\n<li>Surveillance de bas niveau des r\u00e9servoirs.<\/li>\n<li>Commande automatique de remplissage \u00ab\u00a0Top-Up\u00a0\u00bb des r\u00e9servoirs de solution.<\/li>\n<li>Unit\u00e9 de refroidissement int\u00e9gr\u00e9 pour maintenir la temp\u00e9rature du d\u00e9veloppeur uniforme dans les environnements chauds.<\/li>\n<li>Connecteurs int\u00e9gr\u00e9s pour l\u2019\u00e9chappement d\u2019air \u00e0 l\u2019externe.<\/li>\n<\/ul>\n<p>&nbsp;<\/p>\n<ul>\n<li style=\"list-style-type: none;\">\n<ul>\n<li>5147814: Processeur Carestream INDUSTREX M43IC.<\/li>\n<li>5314620: Processeur Carestream <a href=\"https:\/\/www.qnde.ca\/fr\/produit\/carestream-industrex-m37-processeur\/\">INDUSTREX M37 Plus<\/a>.<\/li>\n<\/ul>\n<\/li>\n<\/ul>\n<p>Option:<\/p>\n<ul>\n<li style=\"list-style-type: none;\">\n<ul>\n<li><a href=\"https:\/\/www.qnde.ca\/fr\/produit\/is-199-melangeur-produits-chimiques\/\">IS199<\/a>: M\u00e9langeur automatique de produits chimiques.<\/li>\n<\/ul>\n<\/li>\n<\/ul>\n","protected":false},"excerpt":{"rendered":"<p>Carestream Processeur INDUSTREX M43IC Con\u00e7u pour les clients NDT \u00e0 haut volume, il offre plusieurs cycles de d\u00e9veloppement et un traitement sec-\u00e0-sec en seulement 2 minutes. Est inclut: Grande capacit\u00e9 de traitement jusqu\u2019\u00e0 58 films\/heure (14&Prime; x 17&Prime;). Jusqu\u2019\u00e0 neuf cycles programmables de d\u00e9veloppement. Deux r\u00e9servoirs de produits chimiques de 50 litres. Surveillance de bas [&hellip;]<\/p>\n","protected":false},"featured_media":8257,"template":"","meta":{"_monsterinsights_skip_tracking":false,"_monsterinsights_sitenote_active":false,"_monsterinsights_sitenote_note":"","_monsterinsights_sitenote_category":0},"product_brand":[],"product_cat":[388,322],"product_tag":[],"class_list":{"0":"post-4698","1":"product","2":"type-product","3":"status-publish","4":"has-post-thumbnail","6":"product_cat-carestream-fr","7":"product_cat-equipements-chambre-noire","9":"first","10":"instock","11":"shipping-taxable","12":"purchasable","13":"product-type-variable"},"yoast_head":"<!-- This site is optimized with the Yoast SEO plugin v23.9 - https:\/\/yoast.com\/wordpress\/plugins\/seo\/ -->\n<title>Carestream Processeur INDUSTREX M43IC &#060; Qualit\u00e9 NDE<\/title>\n<meta name=\"description\" content=\"Carestream: Processeur INDUSTREX M43IC, plusieurs cycles de d\u00e9veloppement + traitement sec \u00e0 sec. Grande capacit\u00e9 de traitement jusqu\u2019\u00e0 58 films\/heure.\" \/>\n<meta name=\"robots\" content=\"index, follow, max-snippet:-1, max-image-preview:large, max-video-preview:-1\" \/>\n<link rel=\"canonical\" href=\"https:\/\/www.qnde.ca\/fr\/produit\/carestream-processeur-m43ic\/\" \/>\n<meta name=\"twitter:label1\" content=\"Dur\u00e9e de lecture estim\u00e9e\" \/>\n\t<meta name=\"twitter:data1\" content=\"1 minute\" \/>\n<script type=\"application\/ld+json\" class=\"yoast-schema-graph\">{\"@context\":\"https:\/\/schema.org\",\"@graph\":[{\"@type\":[\"WebPage\",\"ItemPage\"],\"@id\":\"https:\/\/www.qnde.ca\/fr\/produit\/carestream-processeur-m43ic\/\",\"url\":\"https:\/\/www.qnde.ca\/fr\/produit\/carestream-processeur-m43ic\/\",\"name\":\"Carestream Processeur INDUSTREX M43IC &#060; Qualit\u00e9 NDE\",\"isPartOf\":{\"@id\":\"https:\/\/www.qnde.ca\/#website\"},\"primaryImageOfPage\":{\"@id\":\"https:\/\/www.qnde.ca\/fr\/produit\/carestream-processeur-m43ic\/#primaryimage\"},\"image\":{\"@id\":\"https:\/\/www.qnde.ca\/fr\/produit\/carestream-processeur-m43ic\/#primaryimage\"},\"thumbnailUrl\":\"https:\/\/www.qnde.ca\/wp-content\/uploads\/2016\/01\/industrex_m43ic.jpg\",\"datePublished\":\"2016-01-11T20:00:38+00:00\",\"dateModified\":\"2025-08-19T13:26:49+00:00\",\"description\":\"Carestream: Processeur INDUSTREX M43IC, plusieurs cycles de d\u00e9veloppement + traitement sec \u00e0 sec. Grande capacit\u00e9 de traitement jusqu\u2019\u00e0 58 films\/heure.\",\"breadcrumb\":{\"@id\":\"https:\/\/www.qnde.ca\/fr\/produit\/carestream-processeur-m43ic\/#breadcrumb\"},\"inLanguage\":\"fr-FR\",\"potentialAction\":[{\"@type\":\"ReadAction\",\"target\":[\"https:\/\/www.qnde.ca\/fr\/produit\/carestream-processeur-m43ic\/\"]}]},{\"@type\":\"ImageObject\",\"inLanguage\":\"fr-FR\",\"@id\":\"https:\/\/www.qnde.ca\/fr\/produit\/carestream-processeur-m43ic\/#primaryimage\",\"url\":\"https:\/\/www.qnde.ca\/wp-content\/uploads\/2016\/01\/industrex_m43ic.jpg\",\"contentUrl\":\"https:\/\/www.qnde.ca\/wp-content\/uploads\/2016\/01\/industrex_m43ic.jpg\",\"width\":800,\"height\":882},{\"@type\":\"BreadcrumbList\",\"@id\":\"https:\/\/www.qnde.ca\/fr\/produit\/carestream-processeur-m43ic\/#breadcrumb\",\"itemListElement\":[{\"@type\":\"ListItem\",\"position\":1,\"name\":\"Accueil\",\"item\":\"https:\/\/www.qnde.ca\/fr\/\"},{\"@type\":\"ListItem\",\"position\":2,\"name\":\"Produits\",\"item\":\"https:\/\/www.qnde.ca\/fr\/produits\/\"},{\"@type\":\"ListItem\",\"position\":3,\"name\":\"Radiographie\",\"item\":\"https:\/\/www.qnde.ca\/fr\/product-category\/radiographie\/\"},{\"@type\":\"ListItem\",\"position\":4,\"name\":\"\u00c9quipements pour Chambre Noire\",\"item\":\"https:\/\/www.qnde.ca\/fr\/product-category\/radiographie\/equipements-chambre-noire\/\"},{\"@type\":\"ListItem\",\"position\":5,\"name\":\"Carestream Processeur INDUSTREX M43IC\"}]},{\"@type\":\"WebSite\",\"@id\":\"https:\/\/www.qnde.ca\/#website\",\"url\":\"https:\/\/www.qnde.ca\/\",\"name\":\"Qualit\u00e9 NDE\",\"description\":\"\u00c9quipements d&#039;essais non destructifs \",\"publisher\":{\"@id\":\"https:\/\/www.qnde.ca\/#organization\"},\"potentialAction\":[{\"@type\":\"SearchAction\",\"target\":{\"@type\":\"EntryPoint\",\"urlTemplate\":\"https:\/\/www.qnde.ca\/?s={search_term_string}\"},\"query-input\":{\"@type\":\"PropertyValueSpecification\",\"valueRequired\":true,\"valueName\":\"search_term_string\"}}],\"inLanguage\":\"fr-FR\"},{\"@type\":\"Organization\",\"@id\":\"https:\/\/www.qnde.ca\/#organization\",\"name\":\"Quality NDT Ltd.\",\"url\":\"https:\/\/www.qnde.ca\/\",\"logo\":{\"@type\":\"ImageObject\",\"inLanguage\":\"fr-FR\",\"@id\":\"https:\/\/www.qnde.ca\/#\/schema\/logo\/image\/\",\"url\":\"https:\/\/www.qnde.ca\/wp-content\/uploads\/2022\/02\/QNDE_logo_RGB-gif.gif\",\"contentUrl\":\"https:\/\/www.qnde.ca\/wp-content\/uploads\/2022\/02\/QNDE_logo_RGB-gif.gif\",\"width\":250,\"height\":64,\"caption\":\"Quality NDT Ltd.\"},\"image\":{\"@id\":\"https:\/\/www.qnde.ca\/#\/schema\/logo\/image\/\"},\"sameAs\":[\"https:\/\/www.linkedin.com\/company\/qnde\/about\/?viewAsMember=true\"]}]}<\/script>\n<!-- \/ Yoast SEO plugin. -->","yoast_head_json":{"title":"Carestream Processeur INDUSTREX M43IC &#060; Qualit\u00e9 NDE","description":"Carestream: Processeur INDUSTREX M43IC, plusieurs cycles de d\u00e9veloppement + traitement sec \u00e0 sec. Grande capacit\u00e9 de traitement jusqu\u2019\u00e0 58 films\/heure.","robots":{"index":"index","follow":"follow","max-snippet":"max-snippet:-1","max-image-preview":"max-image-preview:large","max-video-preview":"max-video-preview:-1"},"canonical":"https:\/\/www.qnde.ca\/fr\/produit\/carestream-processeur-m43ic\/","twitter_misc":{"Dur\u00e9e de lecture estim\u00e9e":"1 minute"},"schema":{"@context":"https:\/\/schema.org","@graph":[{"@type":["WebPage","ItemPage"],"@id":"https:\/\/www.qnde.ca\/fr\/produit\/carestream-processeur-m43ic\/","url":"https:\/\/www.qnde.ca\/fr\/produit\/carestream-processeur-m43ic\/","name":"Carestream Processeur INDUSTREX M43IC &#060; Qualit\u00e9 NDE","isPartOf":{"@id":"https:\/\/www.qnde.ca\/#website"},"primaryImageOfPage":{"@id":"https:\/\/www.qnde.ca\/fr\/produit\/carestream-processeur-m43ic\/#primaryimage"},"image":{"@id":"https:\/\/www.qnde.ca\/fr\/produit\/carestream-processeur-m43ic\/#primaryimage"},"thumbnailUrl":"https:\/\/www.qnde.ca\/wp-content\/uploads\/2016\/01\/industrex_m43ic.jpg","datePublished":"2016-01-11T20:00:38+00:00","dateModified":"2025-08-19T13:26:49+00:00","description":"Carestream: Processeur INDUSTREX M43IC, plusieurs cycles de d\u00e9veloppement + traitement sec \u00e0 sec. Grande capacit\u00e9 de traitement jusqu\u2019\u00e0 58 films\/heure.","breadcrumb":{"@id":"https:\/\/www.qnde.ca\/fr\/produit\/carestream-processeur-m43ic\/#breadcrumb"},"inLanguage":"fr-FR","potentialAction":[{"@type":"ReadAction","target":["https:\/\/www.qnde.ca\/fr\/produit\/carestream-processeur-m43ic\/"]}]},{"@type":"ImageObject","inLanguage":"fr-FR","@id":"https:\/\/www.qnde.ca\/fr\/produit\/carestream-processeur-m43ic\/#primaryimage","url":"https:\/\/www.qnde.ca\/wp-content\/uploads\/2016\/01\/industrex_m43ic.jpg","contentUrl":"https:\/\/www.qnde.ca\/wp-content\/uploads\/2016\/01\/industrex_m43ic.jpg","width":800,"height":882},{"@type":"BreadcrumbList","@id":"https:\/\/www.qnde.ca\/fr\/produit\/carestream-processeur-m43ic\/#breadcrumb","itemListElement":[{"@type":"ListItem","position":1,"name":"Accueil","item":"https:\/\/www.qnde.ca\/fr\/"},{"@type":"ListItem","position":2,"name":"Produits","item":"https:\/\/www.qnde.ca\/fr\/produits\/"},{"@type":"ListItem","position":3,"name":"Radiographie","item":"https:\/\/www.qnde.ca\/fr\/product-category\/radiographie\/"},{"@type":"ListItem","position":4,"name":"\u00c9quipements pour Chambre Noire","item":"https:\/\/www.qnde.ca\/fr\/product-category\/radiographie\/equipements-chambre-noire\/"},{"@type":"ListItem","position":5,"name":"Carestream Processeur INDUSTREX M43IC"}]},{"@type":"WebSite","@id":"https:\/\/www.qnde.ca\/#website","url":"https:\/\/www.qnde.ca\/","name":"Qualit\u00e9 NDE","description":"\u00c9quipements d&#039;essais non destructifs ","publisher":{"@id":"https:\/\/www.qnde.ca\/#organization"},"potentialAction":[{"@type":"SearchAction","target":{"@type":"EntryPoint","urlTemplate":"https:\/\/www.qnde.ca\/?s={search_term_string}"},"query-input":{"@type":"PropertyValueSpecification","valueRequired":true,"valueName":"search_term_string"}}],"inLanguage":"fr-FR"},{"@type":"Organization","@id":"https:\/\/www.qnde.ca\/#organization","name":"Quality NDT Ltd.","url":"https:\/\/www.qnde.ca\/","logo":{"@type":"ImageObject","inLanguage":"fr-FR","@id":"https:\/\/www.qnde.ca\/#\/schema\/logo\/image\/","url":"https:\/\/www.qnde.ca\/wp-content\/uploads\/2022\/02\/QNDE_logo_RGB-gif.gif","contentUrl":"https:\/\/www.qnde.ca\/wp-content\/uploads\/2022\/02\/QNDE_logo_RGB-gif.gif","width":250,"height":64,"caption":"Quality NDT Ltd."},"image":{"@id":"https:\/\/www.qnde.ca\/#\/schema\/logo\/image\/"},"sameAs":["https:\/\/www.linkedin.com\/company\/qnde\/about\/?viewAsMember=true"]}]}},"jetpack_sharing_enabled":true,"_links":{"self":[{"href":"https:\/\/www.qnde.ca\/fr\/wp-json\/wp\/v2\/product\/4698","targetHints":{"allow":["GET"]}}],"collection":[{"href":"https:\/\/www.qnde.ca\/fr\/wp-json\/wp\/v2\/product"}],"about":[{"href":"https:\/\/www.qnde.ca\/fr\/wp-json\/wp\/v2\/types\/product"}],"wp:featuredmedia":[{"embeddable":true,"href":"https:\/\/www.qnde.ca\/fr\/wp-json\/wp\/v2\/media\/8257"}],"wp:attachment":[{"href":"https:\/\/www.qnde.ca\/fr\/wp-json\/wp\/v2\/media?parent=4698"}],"wp:term":[{"taxonomy":"product_brand","embeddable":true,"href":"https:\/\/www.qnde.ca\/fr\/wp-json\/wp\/v2\/product_brand?post=4698"},{"taxonomy":"product_cat","embeddable":true,"href":"https:\/\/www.qnde.ca\/fr\/wp-json\/wp\/v2\/product_cat?post=4698"},{"taxonomy":"product_tag","embeddable":true,"href":"https:\/\/www.qnde.ca\/fr\/wp-json\/wp\/v2\/product_tag?post=4698"}],"curies":[{"name":"wp","href":"https:\/\/api.w.org\/{rel}","templated":true}]}}