{"id":4672,"date":"2016-01-11T19:45:50","date_gmt":"2016-01-11T19:45:50","guid":{"rendered":"https:\/\/www.qnde.ca\/?post_type=product&#038;p=4672"},"modified":"2025-06-17T09:08:29","modified_gmt":"2025-06-17T13:08:29","slug":"hpx-1-plus-fr","status":"publish","type":"product","link":"https:\/\/www.qnde.ca\/fr\/produit\/hpx-1-plus-fr\/","title":{"rendered":"Carestream HPX-1 Plus \u2013 Syst\u00e8me CR Num\u00e9rique"},"content":{"rendered":"<h3><strong>Carestream HPX-1 <em>Plus<\/em> \u2013 Syst\u00e8me CR Num\u00e9rique<\/strong><\/h3>\n<p>Le nouveau HPX-1 <em>Plus<\/em> est un lecteur CR pleine largeur capable de num\u00e9riser de tr\u00e8s longues plaques digitales. Que vous utilisiez une source gamma ou \u00e0 rayons-x, le syst\u00e8me HPX-1 Plus est livr\u00e9 pr\u00e9configur\u00e9 et est pr\u00eat pour l\u2019utilisation apr\u00e8s quelques connexions simples.<\/p>\n<p>Sp\u00e9cialement con\u00e7u pour le NDT, il vient avec un logiciel tout-en-un qui inclut tous les modules pour la radiographie CR, DR et la gestion des images. Le logiciel permet d\u2019instantan\u00e9ment sauvegarder ou rechercher \u00e0 travers des ann\u00e9es d\u2019images en utilisant des mots cl\u00e9s, num\u00e9ro de s\u00e9rie, date, etc. Conforme DICONDE avec tous les autres fabricants.<\/p>\n<p>Contactez-nous afin de discuter de votre application, de vos exigences, des options disponibles et\/ou recevoir une soumission.<\/p>\n<ul>\n<li>1008986: HPX-1 <em>Plus<\/em> avec \u00e9cran monochrome 5MP et ordinateur de table.<\/li>\n<li>1008911: HPX-1 <em>Plus<\/em> avec \u00e9cran monochrome 3MP et ordinateur de table.<\/li>\n<li>1008952: HPX-1 <em>Plus<\/em> avec ordinateur portable zBook.<\/li>\n<li>1009075: Unit\u00e9 de visionnement avec \u00e9cran monochrome 5MP et ordinateur de table.<\/li>\n<li>1012244: Unit\u00e9 de visionnement avec \u00e9cran monochrome 3MP et ordinateur de table.<\/li>\n<li>1009042: Unit\u00e9 de visionnement avec ordinateur portable zBook.<\/li>\n<li>1012277: Valise de transport pour unit\u00e9 de visionnement.<\/li>\n<li>1012293: Valise de transport pour le HPX-1.<\/li>\n<\/ul>\n","protected":false},"excerpt":{"rendered":"<p>Carestream HPX-1 Plus \u2013 Syst\u00e8me CR Num\u00e9rique Le nouveau HPX-1 Plus est un lecteur CR pleine largeur capable de num\u00e9riser de tr\u00e8s longues plaques digitales. Que vous utilisiez une source gamma ou \u00e0 rayons-x, le syst\u00e8me HPX-1 Plus est livr\u00e9 pr\u00e9configur\u00e9 et est pr\u00eat pour l\u2019utilisation apr\u00e8s quelques connexions simples. Sp\u00e9cialement con\u00e7u pour le NDT, [&hellip;]<\/p>\n","protected":false},"featured_media":13578,"template":"","meta":{"_monsterinsights_skip_tracking":false,"_monsterinsights_sitenote_active":false,"_monsterinsights_sitenote_note":"","_monsterinsights_sitenote_category":0},"product_brand":[],"product_cat":[388,141],"product_tag":[],"class_list":{"0":"post-4672","1":"product","2":"type-product","3":"status-publish","4":"has-post-thumbnail","6":"product_cat-carestream-fr","7":"product_cat-radiologie-numerique-cr","9":"first","10":"instock","11":"shipping-taxable","12":"purchasable","13":"product-type-variable"},"yoast_head":"<!-- This site is optimized with the Yoast SEO plugin v23.9 - https:\/\/yoast.com\/wordpress\/plugins\/seo\/ -->\n<title>Carestream HPX-1 Plus \u2013 Syst\u00e8me CR Num\u00e9rique &#060; Qualit\u00e9 NDE<\/title>\n<meta name=\"description\" content=\"Lecteur CR pleine largeur capable de num\u00e9riser de tr\u00e8s longues plaques digitales. Vient avec un logiciel tout-en-un. Conforme DICONDE.\" \/>\n<meta name=\"robots\" content=\"index, follow, max-snippet:-1, max-image-preview:large, max-video-preview:-1\" \/>\n<link rel=\"canonical\" href=\"https:\/\/www.qnde.ca\/fr\/produit\/hpx-1-plus-fr\/\" \/>\n<meta name=\"twitter:label1\" content=\"Dur\u00e9e de lecture estim\u00e9e\" \/>\n\t<meta name=\"twitter:data1\" content=\"2 minutes\" \/>\n<script type=\"application\/ld+json\" class=\"yoast-schema-graph\">{\"@context\":\"https:\/\/schema.org\",\"@graph\":[{\"@type\":[\"WebPage\",\"ItemPage\"],\"@id\":\"https:\/\/www.qnde.ca\/fr\/produit\/hpx-1-plus-fr\/\",\"url\":\"https:\/\/www.qnde.ca\/fr\/produit\/hpx-1-plus-fr\/\",\"name\":\"Carestream HPX-1 Plus \u2013 Syst\u00e8me CR Num\u00e9rique &#060; Qualit\u00e9 NDE\",\"isPartOf\":{\"@id\":\"https:\/\/www.qnde.ca\/#website\"},\"primaryImageOfPage\":{\"@id\":\"https:\/\/www.qnde.ca\/fr\/produit\/hpx-1-plus-fr\/#primaryimage\"},\"image\":{\"@id\":\"https:\/\/www.qnde.ca\/fr\/produit\/hpx-1-plus-fr\/#primaryimage\"},\"thumbnailUrl\":\"https:\/\/www.qnde.ca\/wp-content\/uploads\/2021\/01\/Carestream-HPX-1Plus-left-side.jpg\",\"datePublished\":\"2016-01-11T19:45:50+00:00\",\"dateModified\":\"2025-06-17T13:08:29+00:00\",\"description\":\"Lecteur CR pleine largeur capable de num\u00e9riser de tr\u00e8s longues plaques digitales. Vient avec un logiciel tout-en-un. Conforme DICONDE.\",\"breadcrumb\":{\"@id\":\"https:\/\/www.qnde.ca\/fr\/produit\/hpx-1-plus-fr\/#breadcrumb\"},\"inLanguage\":\"fr-FR\",\"potentialAction\":[{\"@type\":\"ReadAction\",\"target\":[\"https:\/\/www.qnde.ca\/fr\/produit\/hpx-1-plus-fr\/\"]}]},{\"@type\":\"ImageObject\",\"inLanguage\":\"fr-FR\",\"@id\":\"https:\/\/www.qnde.ca\/fr\/produit\/hpx-1-plus-fr\/#primaryimage\",\"url\":\"https:\/\/www.qnde.ca\/wp-content\/uploads\/2021\/01\/Carestream-HPX-1Plus-left-side.jpg\",\"contentUrl\":\"https:\/\/www.qnde.ca\/wp-content\/uploads\/2021\/01\/Carestream-HPX-1Plus-left-side.jpg\",\"width\":1000,\"height\":1000},{\"@type\":\"BreadcrumbList\",\"@id\":\"https:\/\/www.qnde.ca\/fr\/produit\/hpx-1-plus-fr\/#breadcrumb\",\"itemListElement\":[{\"@type\":\"ListItem\",\"position\":1,\"name\":\"Accueil\",\"item\":\"https:\/\/www.qnde.ca\/fr\/\"},{\"@type\":\"ListItem\",\"position\":2,\"name\":\"Produits\",\"item\":\"https:\/\/www.qnde.ca\/fr\/produits\/\"},{\"@type\":\"ListItem\",\"position\":3,\"name\":\"Marques\",\"item\":\"https:\/\/www.qnde.ca\/fr\/product-category\/marques\/\"},{\"@type\":\"ListItem\",\"position\":4,\"name\":\"Carestream\",\"item\":\"https:\/\/www.qnde.ca\/fr\/product-category\/marques\/carestream-fr\/\"},{\"@type\":\"ListItem\",\"position\":5,\"name\":\"Carestream HPX-1 Plus \u2013 Syst\u00e8me CR Num\u00e9rique\"}]},{\"@type\":\"WebSite\",\"@id\":\"https:\/\/www.qnde.ca\/#website\",\"url\":\"https:\/\/www.qnde.ca\/\",\"name\":\"Qualit\u00e9 NDE\",\"description\":\"\u00c9quipements d&#039;essais non destructifs \",\"publisher\":{\"@id\":\"https:\/\/www.qnde.ca\/#organization\"},\"potentialAction\":[{\"@type\":\"SearchAction\",\"target\":{\"@type\":\"EntryPoint\",\"urlTemplate\":\"https:\/\/www.qnde.ca\/?s={search_term_string}\"},\"query-input\":{\"@type\":\"PropertyValueSpecification\",\"valueRequired\":true,\"valueName\":\"search_term_string\"}}],\"inLanguage\":\"fr-FR\"},{\"@type\":\"Organization\",\"@id\":\"https:\/\/www.qnde.ca\/#organization\",\"name\":\"Quality NDT Ltd.\",\"url\":\"https:\/\/www.qnde.ca\/\",\"logo\":{\"@type\":\"ImageObject\",\"inLanguage\":\"fr-FR\",\"@id\":\"https:\/\/www.qnde.ca\/#\/schema\/logo\/image\/\",\"url\":\"https:\/\/www.qnde.ca\/wp-content\/uploads\/2022\/02\/QNDE_logo_RGB-gif.gif\",\"contentUrl\":\"https:\/\/www.qnde.ca\/wp-content\/uploads\/2022\/02\/QNDE_logo_RGB-gif.gif\",\"width\":250,\"height\":64,\"caption\":\"Quality NDT Ltd.\"},\"image\":{\"@id\":\"https:\/\/www.qnde.ca\/#\/schema\/logo\/image\/\"},\"sameAs\":[\"https:\/\/www.linkedin.com\/company\/qnde\/about\/?viewAsMember=true\"]}]}<\/script>\n<!-- \/ Yoast SEO plugin. -->","yoast_head_json":{"title":"Carestream HPX-1 Plus \u2013 Syst\u00e8me CR Num\u00e9rique &#060; Qualit\u00e9 NDE","description":"Lecteur CR pleine largeur capable de num\u00e9riser de tr\u00e8s longues plaques digitales. Vient avec un logiciel tout-en-un. Conforme DICONDE.","robots":{"index":"index","follow":"follow","max-snippet":"max-snippet:-1","max-image-preview":"max-image-preview:large","max-video-preview":"max-video-preview:-1"},"canonical":"https:\/\/www.qnde.ca\/fr\/produit\/hpx-1-plus-fr\/","twitter_misc":{"Dur\u00e9e de lecture estim\u00e9e":"2 minutes"},"schema":{"@context":"https:\/\/schema.org","@graph":[{"@type":["WebPage","ItemPage"],"@id":"https:\/\/www.qnde.ca\/fr\/produit\/hpx-1-plus-fr\/","url":"https:\/\/www.qnde.ca\/fr\/produit\/hpx-1-plus-fr\/","name":"Carestream HPX-1 Plus \u2013 Syst\u00e8me CR Num\u00e9rique &#060; Qualit\u00e9 NDE","isPartOf":{"@id":"https:\/\/www.qnde.ca\/#website"},"primaryImageOfPage":{"@id":"https:\/\/www.qnde.ca\/fr\/produit\/hpx-1-plus-fr\/#primaryimage"},"image":{"@id":"https:\/\/www.qnde.ca\/fr\/produit\/hpx-1-plus-fr\/#primaryimage"},"thumbnailUrl":"https:\/\/www.qnde.ca\/wp-content\/uploads\/2021\/01\/Carestream-HPX-1Plus-left-side.jpg","datePublished":"2016-01-11T19:45:50+00:00","dateModified":"2025-06-17T13:08:29+00:00","description":"Lecteur CR pleine largeur capable de num\u00e9riser de tr\u00e8s longues plaques digitales. Vient avec un logiciel tout-en-un. Conforme DICONDE.","breadcrumb":{"@id":"https:\/\/www.qnde.ca\/fr\/produit\/hpx-1-plus-fr\/#breadcrumb"},"inLanguage":"fr-FR","potentialAction":[{"@type":"ReadAction","target":["https:\/\/www.qnde.ca\/fr\/produit\/hpx-1-plus-fr\/"]}]},{"@type":"ImageObject","inLanguage":"fr-FR","@id":"https:\/\/www.qnde.ca\/fr\/produit\/hpx-1-plus-fr\/#primaryimage","url":"https:\/\/www.qnde.ca\/wp-content\/uploads\/2021\/01\/Carestream-HPX-1Plus-left-side.jpg","contentUrl":"https:\/\/www.qnde.ca\/wp-content\/uploads\/2021\/01\/Carestream-HPX-1Plus-left-side.jpg","width":1000,"height":1000},{"@type":"BreadcrumbList","@id":"https:\/\/www.qnde.ca\/fr\/produit\/hpx-1-plus-fr\/#breadcrumb","itemListElement":[{"@type":"ListItem","position":1,"name":"Accueil","item":"https:\/\/www.qnde.ca\/fr\/"},{"@type":"ListItem","position":2,"name":"Produits","item":"https:\/\/www.qnde.ca\/fr\/produits\/"},{"@type":"ListItem","position":3,"name":"Marques","item":"https:\/\/www.qnde.ca\/fr\/product-category\/marques\/"},{"@type":"ListItem","position":4,"name":"Carestream","item":"https:\/\/www.qnde.ca\/fr\/product-category\/marques\/carestream-fr\/"},{"@type":"ListItem","position":5,"name":"Carestream HPX-1 Plus \u2013 Syst\u00e8me CR Num\u00e9rique"}]},{"@type":"WebSite","@id":"https:\/\/www.qnde.ca\/#website","url":"https:\/\/www.qnde.ca\/","name":"Qualit\u00e9 NDE","description":"\u00c9quipements d&#039;essais non destructifs ","publisher":{"@id":"https:\/\/www.qnde.ca\/#organization"},"potentialAction":[{"@type":"SearchAction","target":{"@type":"EntryPoint","urlTemplate":"https:\/\/www.qnde.ca\/?s={search_term_string}"},"query-input":{"@type":"PropertyValueSpecification","valueRequired":true,"valueName":"search_term_string"}}],"inLanguage":"fr-FR"},{"@type":"Organization","@id":"https:\/\/www.qnde.ca\/#organization","name":"Quality NDT Ltd.","url":"https:\/\/www.qnde.ca\/","logo":{"@type":"ImageObject","inLanguage":"fr-FR","@id":"https:\/\/www.qnde.ca\/#\/schema\/logo\/image\/","url":"https:\/\/www.qnde.ca\/wp-content\/uploads\/2022\/02\/QNDE_logo_RGB-gif.gif","contentUrl":"https:\/\/www.qnde.ca\/wp-content\/uploads\/2022\/02\/QNDE_logo_RGB-gif.gif","width":250,"height":64,"caption":"Quality NDT Ltd."},"image":{"@id":"https:\/\/www.qnde.ca\/#\/schema\/logo\/image\/"},"sameAs":["https:\/\/www.linkedin.com\/company\/qnde\/about\/?viewAsMember=true"]}]}},"jetpack_sharing_enabled":true,"_links":{"self":[{"href":"https:\/\/www.qnde.ca\/fr\/wp-json\/wp\/v2\/product\/4672","targetHints":{"allow":["GET"]}}],"collection":[{"href":"https:\/\/www.qnde.ca\/fr\/wp-json\/wp\/v2\/product"}],"about":[{"href":"https:\/\/www.qnde.ca\/fr\/wp-json\/wp\/v2\/types\/product"}],"wp:featuredmedia":[{"embeddable":true,"href":"https:\/\/www.qnde.ca\/fr\/wp-json\/wp\/v2\/media\/13578"}],"wp:attachment":[{"href":"https:\/\/www.qnde.ca\/fr\/wp-json\/wp\/v2\/media?parent=4672"}],"wp:term":[{"taxonomy":"product_brand","embeddable":true,"href":"https:\/\/www.qnde.ca\/fr\/wp-json\/wp\/v2\/product_brand?post=4672"},{"taxonomy":"product_cat","embeddable":true,"href":"https:\/\/www.qnde.ca\/fr\/wp-json\/wp\/v2\/product_cat?post=4672"},{"taxonomy":"product_tag","embeddable":true,"href":"https:\/\/www.qnde.ca\/fr\/wp-json\/wp\/v2\/product_tag?post=4672"}],"curies":[{"name":"wp","href":"https:\/\/api.w.org\/{rel}","templated":true}]}}