{"id":4652,"date":"2016-01-11T19:35:26","date_gmt":"2016-01-11T19:35:26","guid":{"rendered":"https:\/\/www.qnde.ca\/?post_type=product&#038;p=4652"},"modified":"2025-08-12T14:53:05","modified_gmt":"2025-08-12T18:53:05","slug":"carestream-industrex-films-numeriques-qnde-ndt","status":"publish","type":"product","link":"https:\/\/www.qnde.ca\/fr\/produit\/carestream-industrex-films-numeriques-qnde-ndt\/","title":{"rendered":"Carestream INDUSTREX, Plaques Num\u00e9riques"},"content":{"rendered":"<h3>Carestream INDUSTREX, Plaques Num\u00e9riques<\/h3>\n<p>Obtenez la flexibilit\u00e9 et les images contrast\u00e9es des films de radiographie NDT, sans chambre noire, processeur et produits chimiques.<\/p>\n<ul>\n<li>R\u00e9utilisables, ils peuvent \u00eatre coup\u00e9s \u00e0 la forme d\u00e9sir\u00e9e.<\/li>\n<li>Peut remplacer l\u2019exposition double et triple.<\/li>\n<li>Peut r\u00e9duire votre temps d\u2019exposition actuel de 50% avec les m\u00eames r\u00e9sultats d\u2019image.<\/li>\n<\/ul>\n\n<table id=\"tablepress-PlaquesINDUSTREX-FR\" class=\"tablepress tablepress-id-PlaquesINDUSTREX-FR\">\n<thead>\n<tr class=\"row-1\">\n\t<th class=\"column-1\">Grandeur<\/th><th class=\"column-2\">Utilisation g\u00e9n\u00e9rale<\/th><th class=\"column-3\">Haute r\u00e9solution<\/th><th class=\"column-4\">Ultra haute r\u00e9solution<\/th>\n<\/tr>\n<\/thead>\n<tbody class=\"row-striping row-hover\">\n<tr class=\"row-2\">\n\t<td class=\"column-1\">3.5\" x 10\" (8.9cm x 25.4cm)<\/td><td class=\"column-2\">N\/A<\/td><td class=\"column-3\">8094922<\/td><td class=\"column-4\">1012699<\/td>\n<\/tr>\n<tr class=\"row-3\">\n\t<td class=\"column-1\">3.5\" x 17\" (8.9cm x 43cm)<\/td><td class=\"column-2\">N\/A<\/td><td class=\"column-3\">1904267<\/td><td class=\"column-4\">1012723<\/td>\n<\/tr>\n<tr class=\"row-4\">\n\t<td class=\"column-1\">4.5\" x 10\" (10.2cm x 25.4cm)<\/td><td class=\"column-2\">1004266<\/td><td class=\"column-3\">1680214<\/td><td class=\"column-4\">1012624<\/td>\n<\/tr>\n<tr class=\"row-5\">\n\t<td class=\"column-1\">4.5\" x 17\" (10.2cm x 43cm)<\/td><td class=\"column-2\">8584534<\/td><td class=\"column-3\">1466945<\/td><td class=\"column-4\">1012608<\/td>\n<\/tr>\n<tr class=\"row-6\">\n\t<td class=\"column-1\">5\" x 7\" (12.7cm x 17.8cm)<\/td><td class=\"column-2\">1880723<\/td><td class=\"column-3\">8491615<\/td><td class=\"column-4\">1012681<\/td>\n<\/tr>\n<tr class=\"row-7\">\n\t<td class=\"column-1\">7\" x 17\" (17.8cm x 43cm)<\/td><td class=\"column-2\">1355478<\/td><td class=\"column-3\">1848688<\/td><td class=\"column-4\">1012640<\/td>\n<\/tr>\n<tr class=\"row-8\">\n\t<td class=\"column-1\">8\" x 10\" (20.3cm x 25.4cm)<\/td><td class=\"column-2\">8520454<\/td><td class=\"column-3\">1775576<\/td><td class=\"column-4\">1012632<\/td>\n<\/tr>\n<tr class=\"row-9\">\n\t<td class=\"column-1\">10\" x 12\" (25.4cm x 30.5cm)<\/td><td class=\"column-2\">8640344<\/td><td class=\"column-3\">1174424<\/td><td class=\"column-4\">1012574<\/td>\n<\/tr>\n<tr class=\"row-10\">\n\t<td class=\"column-1\">14\" x 17\" (35.6cm x 43cm)<\/td><td class=\"column-2\">1008564<\/td><td class=\"column-3\">8360521<\/td><td class=\"column-4\">1012665<\/td>\n<\/tr>\n<tr class=\"row-11\">\n\t<td class=\"column-1\">14\" x 36\" (35.6cm x 91.4cm)<\/td><td class=\"column-2\">8908204<\/td><td class=\"column-3\">1434257<\/td><td class=\"column-4\">1012590<\/td>\n<\/tr>\n<tr class=\"row-12\">\n\t<td class=\"column-1\">14\" x 51\" (35.6cm x 129.5cm)<\/td><td class=\"column-2\">1432772<\/td><td class=\"column-3\">N\/A<\/td><td class=\"column-4\">N\/A<\/td>\n<\/tr>\n<tr class=\"row-13\">\n\t<td class=\"column-1\">14\" x 60\" (35.6cm x 152.4cm)<\/td><td class=\"column-2\">1124460<\/td><td class=\"column-3\">8082596<\/td><td class=\"column-4\">1012657<\/td>\n<\/tr>\n<tr class=\"row-14\">\n\t<td class=\"column-1\">14\" x 85\" (35.6cm x 215.9cm)<\/td><td class=\"column-2\">8542276<\/td><td class=\"column-3\">N\/A<\/td><td class=\"column-4\">N\/A<\/td>\n<\/tr>\n<tr class=\"row-15\">\n\t<td class=\"column-1\">2.75\" x 8\" (7cm x 20.3cm)<\/td><td class=\"column-2\">N\/A<\/td><td class=\"column-3\">8002230<\/td><td class=\"column-4\">1012731<\/td>\n<\/tr>\n<tr class=\"row-16\">\n\t<td class=\"column-1\">2.75\" x 10\" (7cm x 25.4cm)<\/td><td class=\"column-2\">N\/A<\/td><td class=\"column-3\">8802324<\/td><td class=\"column-4\">1012707<\/td>\n<\/tr>\n<tr class=\"row-17\">\n\t<td class=\"column-1\">2.75\" x 17\" (7cm x 43cm)<\/td><td class=\"column-2\">N\/A<\/td><td class=\"column-3\">8348641<\/td><td class=\"column-4\">1012715<\/td>\n<\/tr>\n<tr class=\"row-18\">\n\t<td class=\"column-1\">2.75\" x 13\" (7cm x 33cm)<\/td><td class=\"column-2\">N\/A<\/td><td class=\"column-3\">N\/A<\/td><td class=\"column-4\">1012764<\/td>\n<\/tr>\n<tr class=\"row-19\">\n\t<td class=\"column-1\">2.75\" x 24\" (7cm x 60.9cm)<\/td><td class=\"column-2\">N\/A<\/td><td class=\"column-3\">1006105<\/td><td class=\"column-4\">1012756<\/td>\n<\/tr>\n<tr class=\"row-20\">\n\t<td class=\"column-1\">2.75\" x 36\" (7cm x 91.4cm)<\/td><td class=\"column-2\">N\/A<\/td><td class=\"column-3\">1004746<\/td><td class=\"column-4\">1012749<\/td>\n<\/tr>\n<\/tbody>\n<tfoot>\n<tr class=\"row-21\">\n\t<th class=\"column-1\"><\/th><th class=\"column-2\"><\/th><th class=\"column-3\"><\/th><th class=\"column-4\"><\/th>\n<\/tr>\n<\/tfoot>\n<\/table>\n<!-- #tablepress-PlaquesINDUSTREX-FR from cache -->\n","protected":false},"excerpt":{"rendered":"<p>Carestream INDUSTREX, Plaques Num\u00e9riques Obtenez la flexibilit\u00e9 et les images contrast\u00e9es des films de radiographie NDT, sans chambre noire, processeur et produits chimiques. R\u00e9utilisables, ils peuvent \u00eatre coup\u00e9s \u00e0 la forme d\u00e9sir\u00e9e. Peut remplacer l\u2019exposition double et triple. Peut r\u00e9duire votre temps d\u2019exposition actuel de 50% avec les m\u00eames r\u00e9sultats d\u2019image.<\/p>\n","protected":false},"featured_media":31901,"template":"","meta":{"_monsterinsights_skip_tracking":false,"_monsterinsights_sitenote_active":false,"_monsterinsights_sitenote_note":"","_monsterinsights_sitenote_category":0},"product_brand":[],"product_cat":[388,141],"product_tag":[],"class_list":{"0":"post-4652","1":"product","2":"type-product","3":"status-publish","4":"has-post-thumbnail","6":"product_cat-carestream-fr","7":"product_cat-radiologie-numerique-cr","9":"first","10":"instock","11":"shipping-taxable","12":"purchasable","13":"product-type-variable"},"yoast_head":"<!-- This site is optimized with the Yoast SEO plugin v23.9 - https:\/\/yoast.com\/wordpress\/plugins\/seo\/ -->\n<title>Carestream INDUSTREX, Plaques Num\u00e9riques &#060; Qualit\u00e9 NDE<\/title>\n<meta name=\"description\" content=\"Plaques num\u00e9riques Carestream INDUSTREX r\u00e9utilisables, flexibles et d\u00e9coupables. Remplacent films, r\u00e9duisent le temps d\u2019exposition jusqu\u2019\u00e0 50\u202f%.\" \/>\n<meta name=\"robots\" content=\"index, follow, max-snippet:-1, max-image-preview:large, max-video-preview:-1\" \/>\n<link rel=\"canonical\" href=\"https:\/\/www.qnde.ca\/fr\/produit\/carestream-industrex-films-numeriques-qnde-ndt\/\" \/>\n<meta name=\"twitter:label1\" content=\"Dur\u00e9e de lecture estim\u00e9e\" \/>\n\t<meta name=\"twitter:data1\" content=\"1 minute\" \/>\n<script type=\"application\/ld+json\" class=\"yoast-schema-graph\">{\"@context\":\"https:\/\/schema.org\",\"@graph\":[{\"@type\":[\"WebPage\",\"ItemPage\"],\"@id\":\"https:\/\/www.qnde.ca\/fr\/produit\/carestream-industrex-films-numeriques-qnde-ndt\/\",\"url\":\"https:\/\/www.qnde.ca\/fr\/produit\/carestream-industrex-films-numeriques-qnde-ndt\/\",\"name\":\"Carestream INDUSTREX, Plaques Num\u00e9riques &#060; Qualit\u00e9 NDE\",\"isPartOf\":{\"@id\":\"https:\/\/www.qnde.ca\/#website\"},\"primaryImageOfPage\":{\"@id\":\"https:\/\/www.qnde.ca\/fr\/produit\/carestream-industrex-films-numeriques-qnde-ndt\/#primaryimage\"},\"image\":{\"@id\":\"https:\/\/www.qnde.ca\/fr\/produit\/carestream-industrex-films-numeriques-qnde-ndt\/#primaryimage\"},\"thumbnailUrl\":\"https:\/\/www.qnde.ca\/wp-content\/uploads\/2016\/01\/Carestream-INDUSTREX-Digital-Imaging-Plates-QNDE-scaled-scaled.jpg\",\"datePublished\":\"2016-01-11T19:35:26+00:00\",\"dateModified\":\"2025-08-12T18:53:05+00:00\",\"description\":\"Plaques num\u00e9riques Carestream INDUSTREX r\u00e9utilisables, flexibles et d\u00e9coupables. Remplacent films, r\u00e9duisent le temps d\u2019exposition jusqu\u2019\u00e0 50\u202f%.\",\"breadcrumb\":{\"@id\":\"https:\/\/www.qnde.ca\/fr\/produit\/carestream-industrex-films-numeriques-qnde-ndt\/#breadcrumb\"},\"inLanguage\":\"fr-FR\",\"potentialAction\":[{\"@type\":\"ReadAction\",\"target\":[\"https:\/\/www.qnde.ca\/fr\/produit\/carestream-industrex-films-numeriques-qnde-ndt\/\"]}]},{\"@type\":\"ImageObject\",\"inLanguage\":\"fr-FR\",\"@id\":\"https:\/\/www.qnde.ca\/fr\/produit\/carestream-industrex-films-numeriques-qnde-ndt\/#primaryimage\",\"url\":\"https:\/\/www.qnde.ca\/wp-content\/uploads\/2016\/01\/Carestream-INDUSTREX-Digital-Imaging-Plates-QNDE-scaled-scaled.jpg\",\"contentUrl\":\"https:\/\/www.qnde.ca\/wp-content\/uploads\/2016\/01\/Carestream-INDUSTREX-Digital-Imaging-Plates-QNDE-scaled-scaled.jpg\",\"width\":2026,\"height\":2048},{\"@type\":\"BreadcrumbList\",\"@id\":\"https:\/\/www.qnde.ca\/fr\/produit\/carestream-industrex-films-numeriques-qnde-ndt\/#breadcrumb\",\"itemListElement\":[{\"@type\":\"ListItem\",\"position\":1,\"name\":\"Accueil\",\"item\":\"https:\/\/www.qnde.ca\/fr\/\"},{\"@type\":\"ListItem\",\"position\":2,\"name\":\"Produits\",\"item\":\"https:\/\/www.qnde.ca\/fr\/produits\/\"},{\"@type\":\"ListItem\",\"position\":3,\"name\":\"Marques\",\"item\":\"https:\/\/www.qnde.ca\/fr\/product-category\/marques\/\"},{\"@type\":\"ListItem\",\"position\":4,\"name\":\"Carestream\",\"item\":\"https:\/\/www.qnde.ca\/fr\/product-category\/marques\/carestream-fr\/\"},{\"@type\":\"ListItem\",\"position\":5,\"name\":\"Carestream INDUSTREX, Plaques Num\u00e9riques\"}]},{\"@type\":\"WebSite\",\"@id\":\"https:\/\/www.qnde.ca\/#website\",\"url\":\"https:\/\/www.qnde.ca\/\",\"name\":\"Qualit\u00e9 NDE\",\"description\":\"\u00c9quipements d&#039;essais non destructifs \",\"publisher\":{\"@id\":\"https:\/\/www.qnde.ca\/#organization\"},\"potentialAction\":[{\"@type\":\"SearchAction\",\"target\":{\"@type\":\"EntryPoint\",\"urlTemplate\":\"https:\/\/www.qnde.ca\/?s={search_term_string}\"},\"query-input\":{\"@type\":\"PropertyValueSpecification\",\"valueRequired\":true,\"valueName\":\"search_term_string\"}}],\"inLanguage\":\"fr-FR\"},{\"@type\":\"Organization\",\"@id\":\"https:\/\/www.qnde.ca\/#organization\",\"name\":\"Quality NDT Ltd.\",\"url\":\"https:\/\/www.qnde.ca\/\",\"logo\":{\"@type\":\"ImageObject\",\"inLanguage\":\"fr-FR\",\"@id\":\"https:\/\/www.qnde.ca\/#\/schema\/logo\/image\/\",\"url\":\"https:\/\/www.qnde.ca\/wp-content\/uploads\/2022\/02\/QNDE_logo_RGB-gif.gif\",\"contentUrl\":\"https:\/\/www.qnde.ca\/wp-content\/uploads\/2022\/02\/QNDE_logo_RGB-gif.gif\",\"width\":250,\"height\":64,\"caption\":\"Quality NDT Ltd.\"},\"image\":{\"@id\":\"https:\/\/www.qnde.ca\/#\/schema\/logo\/image\/\"},\"sameAs\":[\"https:\/\/www.linkedin.com\/company\/qnde\/about\/?viewAsMember=true\"]}]}<\/script>\n<!-- \/ Yoast SEO plugin. -->","yoast_head_json":{"title":"Carestream INDUSTREX, Plaques Num\u00e9riques &#060; Qualit\u00e9 NDE","description":"Plaques num\u00e9riques Carestream INDUSTREX r\u00e9utilisables, flexibles et d\u00e9coupables. Remplacent films, r\u00e9duisent le temps d\u2019exposition jusqu\u2019\u00e0 50\u202f%.","robots":{"index":"index","follow":"follow","max-snippet":"max-snippet:-1","max-image-preview":"max-image-preview:large","max-video-preview":"max-video-preview:-1"},"canonical":"https:\/\/www.qnde.ca\/fr\/produit\/carestream-industrex-films-numeriques-qnde-ndt\/","twitter_misc":{"Dur\u00e9e de lecture estim\u00e9e":"1 minute"},"schema":{"@context":"https:\/\/schema.org","@graph":[{"@type":["WebPage","ItemPage"],"@id":"https:\/\/www.qnde.ca\/fr\/produit\/carestream-industrex-films-numeriques-qnde-ndt\/","url":"https:\/\/www.qnde.ca\/fr\/produit\/carestream-industrex-films-numeriques-qnde-ndt\/","name":"Carestream INDUSTREX, Plaques Num\u00e9riques &#060; Qualit\u00e9 NDE","isPartOf":{"@id":"https:\/\/www.qnde.ca\/#website"},"primaryImageOfPage":{"@id":"https:\/\/www.qnde.ca\/fr\/produit\/carestream-industrex-films-numeriques-qnde-ndt\/#primaryimage"},"image":{"@id":"https:\/\/www.qnde.ca\/fr\/produit\/carestream-industrex-films-numeriques-qnde-ndt\/#primaryimage"},"thumbnailUrl":"https:\/\/www.qnde.ca\/wp-content\/uploads\/2016\/01\/Carestream-INDUSTREX-Digital-Imaging-Plates-QNDE-scaled-scaled.jpg","datePublished":"2016-01-11T19:35:26+00:00","dateModified":"2025-08-12T18:53:05+00:00","description":"Plaques num\u00e9riques Carestream INDUSTREX r\u00e9utilisables, flexibles et d\u00e9coupables. Remplacent films, r\u00e9duisent le temps d\u2019exposition jusqu\u2019\u00e0 50\u202f%.","breadcrumb":{"@id":"https:\/\/www.qnde.ca\/fr\/produit\/carestream-industrex-films-numeriques-qnde-ndt\/#breadcrumb"},"inLanguage":"fr-FR","potentialAction":[{"@type":"ReadAction","target":["https:\/\/www.qnde.ca\/fr\/produit\/carestream-industrex-films-numeriques-qnde-ndt\/"]}]},{"@type":"ImageObject","inLanguage":"fr-FR","@id":"https:\/\/www.qnde.ca\/fr\/produit\/carestream-industrex-films-numeriques-qnde-ndt\/#primaryimage","url":"https:\/\/www.qnde.ca\/wp-content\/uploads\/2016\/01\/Carestream-INDUSTREX-Digital-Imaging-Plates-QNDE-scaled-scaled.jpg","contentUrl":"https:\/\/www.qnde.ca\/wp-content\/uploads\/2016\/01\/Carestream-INDUSTREX-Digital-Imaging-Plates-QNDE-scaled-scaled.jpg","width":2026,"height":2048},{"@type":"BreadcrumbList","@id":"https:\/\/www.qnde.ca\/fr\/produit\/carestream-industrex-films-numeriques-qnde-ndt\/#breadcrumb","itemListElement":[{"@type":"ListItem","position":1,"name":"Accueil","item":"https:\/\/www.qnde.ca\/fr\/"},{"@type":"ListItem","position":2,"name":"Produits","item":"https:\/\/www.qnde.ca\/fr\/produits\/"},{"@type":"ListItem","position":3,"name":"Marques","item":"https:\/\/www.qnde.ca\/fr\/product-category\/marques\/"},{"@type":"ListItem","position":4,"name":"Carestream","item":"https:\/\/www.qnde.ca\/fr\/product-category\/marques\/carestream-fr\/"},{"@type":"ListItem","position":5,"name":"Carestream INDUSTREX, Plaques Num\u00e9riques"}]},{"@type":"WebSite","@id":"https:\/\/www.qnde.ca\/#website","url":"https:\/\/www.qnde.ca\/","name":"Qualit\u00e9 NDE","description":"\u00c9quipements d&#039;essais non destructifs ","publisher":{"@id":"https:\/\/www.qnde.ca\/#organization"},"potentialAction":[{"@type":"SearchAction","target":{"@type":"EntryPoint","urlTemplate":"https:\/\/www.qnde.ca\/?s={search_term_string}"},"query-input":{"@type":"PropertyValueSpecification","valueRequired":true,"valueName":"search_term_string"}}],"inLanguage":"fr-FR"},{"@type":"Organization","@id":"https:\/\/www.qnde.ca\/#organization","name":"Quality NDT Ltd.","url":"https:\/\/www.qnde.ca\/","logo":{"@type":"ImageObject","inLanguage":"fr-FR","@id":"https:\/\/www.qnde.ca\/#\/schema\/logo\/image\/","url":"https:\/\/www.qnde.ca\/wp-content\/uploads\/2022\/02\/QNDE_logo_RGB-gif.gif","contentUrl":"https:\/\/www.qnde.ca\/wp-content\/uploads\/2022\/02\/QNDE_logo_RGB-gif.gif","width":250,"height":64,"caption":"Quality NDT Ltd."},"image":{"@id":"https:\/\/www.qnde.ca\/#\/schema\/logo\/image\/"},"sameAs":["https:\/\/www.linkedin.com\/company\/qnde\/about\/?viewAsMember=true"]}]}},"jetpack_sharing_enabled":true,"_links":{"self":[{"href":"https:\/\/www.qnde.ca\/fr\/wp-json\/wp\/v2\/product\/4652","targetHints":{"allow":["GET"]}}],"collection":[{"href":"https:\/\/www.qnde.ca\/fr\/wp-json\/wp\/v2\/product"}],"about":[{"href":"https:\/\/www.qnde.ca\/fr\/wp-json\/wp\/v2\/types\/product"}],"wp:featuredmedia":[{"embeddable":true,"href":"https:\/\/www.qnde.ca\/fr\/wp-json\/wp\/v2\/media\/31901"}],"wp:attachment":[{"href":"https:\/\/www.qnde.ca\/fr\/wp-json\/wp\/v2\/media?parent=4652"}],"wp:term":[{"taxonomy":"product_brand","embeddable":true,"href":"https:\/\/www.qnde.ca\/fr\/wp-json\/wp\/v2\/product_brand?post=4652"},{"taxonomy":"product_cat","embeddable":true,"href":"https:\/\/www.qnde.ca\/fr\/wp-json\/wp\/v2\/product_cat?post=4652"},{"taxonomy":"product_tag","embeddable":true,"href":"https:\/\/www.qnde.ca\/fr\/wp-json\/wp\/v2\/product_tag?post=4652"}],"curies":[{"name":"wp","href":"https:\/\/api.w.org\/{rel}","templated":true}]}}