{"id":4625,"date":"2016-01-11T19:13:23","date_gmt":"2016-01-11T19:13:23","guid":{"rendered":"https:\/\/www.qnde.ca\/?post_type=product&#038;p=4625"},"modified":"2025-08-13T10:42:35","modified_gmt":"2025-08-13T14:42:35","slug":"white-mountain-imaging","status":"publish","type":"product","link":"https:\/\/www.qnde.ca\/fr\/produit\/white-mountain-imaging\/","title":{"rendered":"White Mountain Imaging IS-199, M\u00e9langeur Automatique de Produits Chimiques"},"content":{"rendered":"<h3><strong>White Mountain Imaging IS-199, M\u00e9langeur Automatique de Produits Chimiques<\/strong><\/h3>\n<p>M\u00e9langeur automatique de produits chimiques o\u00f9 le syst\u00e8me de m\u00e9lange par gravit\u00e9 sp\u00e9cifique produit un m\u00e9lange constant \u00e0 chaque fois. Le syst\u00e8me est \u00e9quip\u00e9 d&rsquo;un syst\u00e8me d&rsquo;alerte sonore et visible de bas niveau. Livr\u00e9 avec l\u2019alimentation 120VAC, 0.5A, 50\/60Hz avec un cordon de 6\u2019 (182cm). Flotteurs pour le d\u00e9veloppeur et fixateur (s.v.p. pr\u00e9ciser les chimiques utilis\u00e9s pour les flotteurs appropri\u00e9s (Agfa, Carestream, Kodak, Fiji, WMI Cine, Cronex, Autex\/Simon, autres)).<\/p>\n<ul>\n<li>IS199: M\u00e9langeur automatique de produits chimiques.<\/li>\n<\/ul>\n","protected":false},"excerpt":{"rendered":"<p>White Mountain Imaging IS-199, M\u00e9langeur Automatique de Produits Chimiques M\u00e9langeur automatique de produits chimiques o\u00f9 le syst\u00e8me de m\u00e9lange par gravit\u00e9 sp\u00e9cifique produit un m\u00e9lange constant \u00e0 chaque fois. Le syst\u00e8me est \u00e9quip\u00e9 d&rsquo;un syst\u00e8me d&rsquo;alerte sonore et visible de bas niveau. Livr\u00e9 avec l\u2019alimentation 120VAC, 0.5A, 50\/60Hz avec un cordon de 6\u2019 (182cm). Flotteurs [&hellip;]<\/p>\n","protected":false},"featured_media":16127,"template":"","meta":{"_monsterinsights_skip_tracking":false,"_monsterinsights_sitenote_active":false,"_monsterinsights_sitenote_note":"","_monsterinsights_sitenote_category":0},"product_brand":[],"product_cat":[402,322],"product_tag":[],"class_list":{"0":"post-4625","1":"product","2":"type-product","3":"status-publish","4":"has-post-thumbnail","6":"product_cat-autres-marques","7":"product_cat-equipements-chambre-noire","9":"first","10":"instock","11":"shipping-taxable","12":"purchasable","13":"product-type-simple"},"yoast_head":"<!-- This site is optimized with the Yoast SEO plugin v23.9 - https:\/\/yoast.com\/wordpress\/plugins\/seo\/ -->\n<title>White Mountain Imaging IS-199, M\u00e9langeur Automatique de Produits Chimiques &#060; Qualit\u00e9 NDE<\/title>\n<meta name=\"description\" content=\"M\u00e9langeur automatique de produits chimiques. Syst\u00e8me \u00e9quip\u00e9 d&#039;un syst\u00e8me d&#039;alerte sonore et visible de bas niveau. Flotteurs pour d\u00e9veloppeur et fixateur.\" \/>\n<meta name=\"robots\" content=\"index, follow, max-snippet:-1, max-image-preview:large, max-video-preview:-1\" \/>\n<link rel=\"canonical\" href=\"https:\/\/www.qnde.ca\/fr\/produit\/white-mountain-imaging\/\" \/>\n<meta name=\"twitter:label1\" content=\"Dur\u00e9e de lecture estim\u00e9e\" \/>\n\t<meta name=\"twitter:data1\" content=\"1 minute\" \/>\n<script type=\"application\/ld+json\" class=\"yoast-schema-graph\">{\"@context\":\"https:\/\/schema.org\",\"@graph\":[{\"@type\":[\"WebPage\",\"ItemPage\"],\"@id\":\"https:\/\/www.qnde.ca\/fr\/produit\/white-mountain-imaging\/\",\"url\":\"https:\/\/www.qnde.ca\/fr\/produit\/white-mountain-imaging\/\",\"name\":\"White Mountain Imaging IS-199, M\u00e9langeur Automatique de Produits Chimiques &#060; Qualit\u00e9 NDE\",\"isPartOf\":{\"@id\":\"https:\/\/www.qnde.ca\/#website\"},\"primaryImageOfPage\":{\"@id\":\"https:\/\/www.qnde.ca\/fr\/produit\/white-mountain-imaging\/#primaryimage\"},\"image\":{\"@id\":\"https:\/\/www.qnde.ca\/fr\/produit\/white-mountain-imaging\/#primaryimage\"},\"thumbnailUrl\":\"https:\/\/www.qnde.ca\/wp-content\/uploads\/2021\/02\/IS199-Automatic-chemical-mixer-with-AGFA-gravity-control-floats_Developer-and-Fixer.jpg\",\"datePublished\":\"2016-01-11T19:13:23+00:00\",\"dateModified\":\"2025-08-13T14:42:35+00:00\",\"description\":\"M\u00e9langeur automatique de produits chimiques. Syst\u00e8me \u00e9quip\u00e9 d'un syst\u00e8me d'alerte sonore et visible de bas niveau. Flotteurs pour d\u00e9veloppeur et fixateur.\",\"breadcrumb\":{\"@id\":\"https:\/\/www.qnde.ca\/fr\/produit\/white-mountain-imaging\/#breadcrumb\"},\"inLanguage\":\"fr-FR\",\"potentialAction\":[{\"@type\":\"ReadAction\",\"target\":[\"https:\/\/www.qnde.ca\/fr\/produit\/white-mountain-imaging\/\"]}]},{\"@type\":\"ImageObject\",\"inLanguage\":\"fr-FR\",\"@id\":\"https:\/\/www.qnde.ca\/fr\/produit\/white-mountain-imaging\/#primaryimage\",\"url\":\"https:\/\/www.qnde.ca\/wp-content\/uploads\/2021\/02\/IS199-Automatic-chemical-mixer-with-AGFA-gravity-control-floats_Developer-and-Fixer.jpg\",\"contentUrl\":\"https:\/\/www.qnde.ca\/wp-content\/uploads\/2021\/02\/IS199-Automatic-chemical-mixer-with-AGFA-gravity-control-floats_Developer-and-Fixer.jpg\",\"width\":600,\"height\":600},{\"@type\":\"BreadcrumbList\",\"@id\":\"https:\/\/www.qnde.ca\/fr\/produit\/white-mountain-imaging\/#breadcrumb\",\"itemListElement\":[{\"@type\":\"ListItem\",\"position\":1,\"name\":\"Accueil\",\"item\":\"https:\/\/www.qnde.ca\/fr\/\"},{\"@type\":\"ListItem\",\"position\":2,\"name\":\"Produits\",\"item\":\"https:\/\/www.qnde.ca\/fr\/produits\/\"},{\"@type\":\"ListItem\",\"position\":3,\"name\":\"Radiographie\",\"item\":\"https:\/\/www.qnde.ca\/fr\/product-category\/radiographie\/\"},{\"@type\":\"ListItem\",\"position\":4,\"name\":\"\u00c9quipements pour Chambre Noire\",\"item\":\"https:\/\/www.qnde.ca\/fr\/product-category\/radiographie\/equipements-chambre-noire\/\"},{\"@type\":\"ListItem\",\"position\":5,\"name\":\"White Mountain Imaging IS-199, M\u00e9langeur Automatique de Produits Chimiques\"}]},{\"@type\":\"WebSite\",\"@id\":\"https:\/\/www.qnde.ca\/#website\",\"url\":\"https:\/\/www.qnde.ca\/\",\"name\":\"Qualit\u00e9 NDE\",\"description\":\"\u00c9quipements d&#039;essais non destructifs \",\"publisher\":{\"@id\":\"https:\/\/www.qnde.ca\/#organization\"},\"potentialAction\":[{\"@type\":\"SearchAction\",\"target\":{\"@type\":\"EntryPoint\",\"urlTemplate\":\"https:\/\/www.qnde.ca\/?s={search_term_string}\"},\"query-input\":{\"@type\":\"PropertyValueSpecification\",\"valueRequired\":true,\"valueName\":\"search_term_string\"}}],\"inLanguage\":\"fr-FR\"},{\"@type\":\"Organization\",\"@id\":\"https:\/\/www.qnde.ca\/#organization\",\"name\":\"Quality NDT Ltd.\",\"url\":\"https:\/\/www.qnde.ca\/\",\"logo\":{\"@type\":\"ImageObject\",\"inLanguage\":\"fr-FR\",\"@id\":\"https:\/\/www.qnde.ca\/#\/schema\/logo\/image\/\",\"url\":\"https:\/\/www.qnde.ca\/wp-content\/uploads\/2022\/02\/QNDE_logo_RGB-gif.gif\",\"contentUrl\":\"https:\/\/www.qnde.ca\/wp-content\/uploads\/2022\/02\/QNDE_logo_RGB-gif.gif\",\"width\":250,\"height\":64,\"caption\":\"Quality NDT Ltd.\"},\"image\":{\"@id\":\"https:\/\/www.qnde.ca\/#\/schema\/logo\/image\/\"},\"sameAs\":[\"https:\/\/www.linkedin.com\/company\/qnde\/about\/?viewAsMember=true\"]}]}<\/script>\n<!-- \/ Yoast SEO plugin. -->","yoast_head_json":{"title":"White Mountain Imaging IS-199, M\u00e9langeur Automatique de Produits Chimiques &#060; Qualit\u00e9 NDE","description":"M\u00e9langeur automatique de produits chimiques. Syst\u00e8me \u00e9quip\u00e9 d'un syst\u00e8me d'alerte sonore et visible de bas niveau. Flotteurs pour d\u00e9veloppeur et fixateur.","robots":{"index":"index","follow":"follow","max-snippet":"max-snippet:-1","max-image-preview":"max-image-preview:large","max-video-preview":"max-video-preview:-1"},"canonical":"https:\/\/www.qnde.ca\/fr\/produit\/white-mountain-imaging\/","twitter_misc":{"Dur\u00e9e de lecture estim\u00e9e":"1 minute"},"schema":{"@context":"https:\/\/schema.org","@graph":[{"@type":["WebPage","ItemPage"],"@id":"https:\/\/www.qnde.ca\/fr\/produit\/white-mountain-imaging\/","url":"https:\/\/www.qnde.ca\/fr\/produit\/white-mountain-imaging\/","name":"White Mountain Imaging IS-199, M\u00e9langeur Automatique de Produits Chimiques &#060; Qualit\u00e9 NDE","isPartOf":{"@id":"https:\/\/www.qnde.ca\/#website"},"primaryImageOfPage":{"@id":"https:\/\/www.qnde.ca\/fr\/produit\/white-mountain-imaging\/#primaryimage"},"image":{"@id":"https:\/\/www.qnde.ca\/fr\/produit\/white-mountain-imaging\/#primaryimage"},"thumbnailUrl":"https:\/\/www.qnde.ca\/wp-content\/uploads\/2021\/02\/IS199-Automatic-chemical-mixer-with-AGFA-gravity-control-floats_Developer-and-Fixer.jpg","datePublished":"2016-01-11T19:13:23+00:00","dateModified":"2025-08-13T14:42:35+00:00","description":"M\u00e9langeur automatique de produits chimiques. Syst\u00e8me \u00e9quip\u00e9 d'un syst\u00e8me d'alerte sonore et visible de bas niveau. Flotteurs pour d\u00e9veloppeur et fixateur.","breadcrumb":{"@id":"https:\/\/www.qnde.ca\/fr\/produit\/white-mountain-imaging\/#breadcrumb"},"inLanguage":"fr-FR","potentialAction":[{"@type":"ReadAction","target":["https:\/\/www.qnde.ca\/fr\/produit\/white-mountain-imaging\/"]}]},{"@type":"ImageObject","inLanguage":"fr-FR","@id":"https:\/\/www.qnde.ca\/fr\/produit\/white-mountain-imaging\/#primaryimage","url":"https:\/\/www.qnde.ca\/wp-content\/uploads\/2021\/02\/IS199-Automatic-chemical-mixer-with-AGFA-gravity-control-floats_Developer-and-Fixer.jpg","contentUrl":"https:\/\/www.qnde.ca\/wp-content\/uploads\/2021\/02\/IS199-Automatic-chemical-mixer-with-AGFA-gravity-control-floats_Developer-and-Fixer.jpg","width":600,"height":600},{"@type":"BreadcrumbList","@id":"https:\/\/www.qnde.ca\/fr\/produit\/white-mountain-imaging\/#breadcrumb","itemListElement":[{"@type":"ListItem","position":1,"name":"Accueil","item":"https:\/\/www.qnde.ca\/fr\/"},{"@type":"ListItem","position":2,"name":"Produits","item":"https:\/\/www.qnde.ca\/fr\/produits\/"},{"@type":"ListItem","position":3,"name":"Radiographie","item":"https:\/\/www.qnde.ca\/fr\/product-category\/radiographie\/"},{"@type":"ListItem","position":4,"name":"\u00c9quipements pour Chambre Noire","item":"https:\/\/www.qnde.ca\/fr\/product-category\/radiographie\/equipements-chambre-noire\/"},{"@type":"ListItem","position":5,"name":"White Mountain Imaging IS-199, M\u00e9langeur Automatique de Produits Chimiques"}]},{"@type":"WebSite","@id":"https:\/\/www.qnde.ca\/#website","url":"https:\/\/www.qnde.ca\/","name":"Qualit\u00e9 NDE","description":"\u00c9quipements d&#039;essais non destructifs ","publisher":{"@id":"https:\/\/www.qnde.ca\/#organization"},"potentialAction":[{"@type":"SearchAction","target":{"@type":"EntryPoint","urlTemplate":"https:\/\/www.qnde.ca\/?s={search_term_string}"},"query-input":{"@type":"PropertyValueSpecification","valueRequired":true,"valueName":"search_term_string"}}],"inLanguage":"fr-FR"},{"@type":"Organization","@id":"https:\/\/www.qnde.ca\/#organization","name":"Quality NDT Ltd.","url":"https:\/\/www.qnde.ca\/","logo":{"@type":"ImageObject","inLanguage":"fr-FR","@id":"https:\/\/www.qnde.ca\/#\/schema\/logo\/image\/","url":"https:\/\/www.qnde.ca\/wp-content\/uploads\/2022\/02\/QNDE_logo_RGB-gif.gif","contentUrl":"https:\/\/www.qnde.ca\/wp-content\/uploads\/2022\/02\/QNDE_logo_RGB-gif.gif","width":250,"height":64,"caption":"Quality NDT Ltd."},"image":{"@id":"https:\/\/www.qnde.ca\/#\/schema\/logo\/image\/"},"sameAs":["https:\/\/www.linkedin.com\/company\/qnde\/about\/?viewAsMember=true"]}]}},"jetpack_sharing_enabled":true,"_links":{"self":[{"href":"https:\/\/www.qnde.ca\/fr\/wp-json\/wp\/v2\/product\/4625","targetHints":{"allow":["GET"]}}],"collection":[{"href":"https:\/\/www.qnde.ca\/fr\/wp-json\/wp\/v2\/product"}],"about":[{"href":"https:\/\/www.qnde.ca\/fr\/wp-json\/wp\/v2\/types\/product"}],"wp:featuredmedia":[{"embeddable":true,"href":"https:\/\/www.qnde.ca\/fr\/wp-json\/wp\/v2\/media\/16127"}],"wp:attachment":[{"href":"https:\/\/www.qnde.ca\/fr\/wp-json\/wp\/v2\/media?parent=4625"}],"wp:term":[{"taxonomy":"product_brand","embeddable":true,"href":"https:\/\/www.qnde.ca\/fr\/wp-json\/wp\/v2\/product_brand?post=4625"},{"taxonomy":"product_cat","embeddable":true,"href":"https:\/\/www.qnde.ca\/fr\/wp-json\/wp\/v2\/product_cat?post=4625"},{"taxonomy":"product_tag","embeddable":true,"href":"https:\/\/www.qnde.ca\/fr\/wp-json\/wp\/v2\/product_tag?post=4625"}],"curies":[{"name":"wp","href":"https:\/\/api.w.org\/{rel}","templated":true}]}}