{"id":4598,"date":"2016-01-11T18:53:18","date_gmt":"2016-01-11T18:53:18","guid":{"rendered":"https:\/\/www.qnde.ca\/?post_type=product&#038;p=4598"},"modified":"2025-11-25T15:47:06","modified_gmt":"2025-11-25T20:47:06","slug":"dmp30-feritscope-fr","status":"publish","type":"product","link":"https:\/\/www.qnde.ca\/fr\/produit\/dmp30-feritscope-fr\/","title":{"rendered":"Fischer Feritscope DMP30 \u2013 Mesureur de Teneur en Ferrite"},"content":{"rendered":"<h3><strong>Fischer Feritscope DMP30 \u2013 Mesureur de Teneur en Ferrite<\/strong><\/h3>\n<p>Le DMP30 est un mesureur de teneur en ferrite robuste et portatif pour l\u2019acier aust\u00e9nitique et duplex. L\u2019appareil peut \u00eatre chang\u00e9 entre WRC-FN (nombre de ferrite \u2013 0.1 \u00e0 100), %Fe (pourcentage de ferrite \u2013 0.1 \u00e0 80%) et % de \u03b1-martensite (formation de martensite). Enregistrement de donn\u00e9es jusqu\u2019\u00e0 250 000 lectures ou 100 applications.<\/p>\n<p id=\"tw-target-text\" class=\"tw-data-text tw-text-large tw-ta\" dir=\"ltr\" data-placeholder=\"Translation\"><span class=\"Y2IQFc\" lang=\"fr\">L&rsquo;unit\u00e9 Feritscope DMP30 est livr\u00e9e avec la jauge, une batterie rechargeable Li-ion, un c\u00e2ble USB de type C \u00e0 type A, une lani\u00e8re, un guide rapide, un \u00e9tui de jauge et une cl\u00e9 Bluetooth Fischer. Sondes vendues s\u00e9par\u00e9ment.<\/span><\/p>\n<h4><strong>\u00a0<\/strong><strong>Options:<\/strong><\/h4>\n<ul>\n<li>FMP1.3: Sonde standard, pour les surfaces planes et courbes.<\/li>\n<li>FMP1.3-150: Sonde crayon de 150mm de longueur; diam\u00e8tre int\u00e9rieur minimum de 9mm (pour tuyaux, trous, rainures, etc.).<\/li>\n<li>FMP1.3-260: Sonde crayon de 260mm de longueur; diam\u00e8tre int\u00e9rieur minimum de 9mm (pour tuyaux, trous, rainures, etc.).<\/li>\n<li>FMP-564: Ensemble d\u2019\u00e9talons certifi\u00e9s pour Ferritscope (FN = 0.3, 1.5, 10, 40, 80 (0.3%, 1.5%, 10%, 40%, 80%) et standard de saturation (FN = 140 (105%)).<\/li>\n<li>1007336: Adaptateur de sonde DMP-F pour connecter des sondes F analogiques avec fiche de connexion \u00e0 10 broches.<\/li>\n<li>1005530: Batterie rechargeable Li-ion de rechange, mod\u00e8le RRC1130.<\/li>\n<li>1005837: Pied de jauge.<\/li>\n<li>1007162: Capuchon de compartiment \u00e0 batteries.<\/li>\n<\/ul>\n<p>Contactez-nous afin de discuter de votre application, vos exigences, les options disponibles et\/ou recevoir une soumission.<\/p>\n","protected":false},"excerpt":{"rendered":"<p>Fischer Feritscope DMP30 \u2013 Mesureur de Teneur en Ferrite Le DMP30 est un mesureur de teneur en ferrite robuste et portatif pour l\u2019acier aust\u00e9nitique et duplex. L\u2019appareil peut \u00eatre chang\u00e9 entre WRC-FN (nombre de ferrite \u2013 0.1 \u00e0 100), %Fe (pourcentage de ferrite \u2013 0.1 \u00e0 80%) et % de \u03b1-martensite (formation de martensite). Enregistrement [&hellip;]<\/p>\n","protected":false},"featured_media":32202,"template":"","meta":{"_monsterinsights_skip_tracking":false,"_monsterinsights_sitenote_active":false,"_monsterinsights_sitenote_note":"","_monsterinsights_sitenote_category":0},"product_brand":[],"product_cat":[402,353],"product_tag":[],"class_list":{"0":"post-4598","1":"product","2":"type-product","3":"status-publish","4":"has-post-thumbnail","6":"product_cat-autres-marques","7":"product_cat-essai-ferrite","9":"first","10":"instock","11":"shipping-taxable","12":"purchasable","13":"product-type-variable"},"yoast_head":"<!-- This site is optimized with the Yoast SEO plugin v23.9 - https:\/\/yoast.com\/wordpress\/plugins\/seo\/ -->\n<title>Fischer Feritscope DMP30 \u2013 Mesureur de Teneur en Ferrite &#060; Qualit\u00e9 NDE<\/title>\n<meta name=\"description\" content=\"Feritscope DMP30 \u2013 Mesureur de Teneur en Ferrite. Capacit\u00e9 WRC-FN, et % de \u03b1-martensite. Jusqu\u2019\u00e0 250 000 lectures ou 100 applications.\" \/>\n<meta name=\"robots\" content=\"index, follow, max-snippet:-1, max-image-preview:large, max-video-preview:-1\" \/>\n<link rel=\"canonical\" href=\"https:\/\/www.qnde.ca\/fr\/produit\/dmp30-feritscope-fr\/\" \/>\n<meta name=\"twitter:label1\" content=\"Dur\u00e9e de lecture estim\u00e9e\" \/>\n\t<meta name=\"twitter:data1\" content=\"2 minutes\" \/>\n<script type=\"application\/ld+json\" class=\"yoast-schema-graph\">{\"@context\":\"https:\/\/schema.org\",\"@graph\":[{\"@type\":[\"WebPage\",\"ItemPage\"],\"@id\":\"https:\/\/www.qnde.ca\/fr\/produit\/dmp30-feritscope-fr\/\",\"url\":\"https:\/\/www.qnde.ca\/fr\/produit\/dmp30-feritscope-fr\/\",\"name\":\"Fischer Feritscope DMP30 \u2013 Mesureur de Teneur en Ferrite &#060; Qualit\u00e9 NDE\",\"isPartOf\":{\"@id\":\"https:\/\/www.qnde.ca\/#website\"},\"primaryImageOfPage\":{\"@id\":\"https:\/\/www.qnde.ca\/fr\/produit\/dmp30-feritscope-fr\/#primaryimage\"},\"image\":{\"@id\":\"https:\/\/www.qnde.ca\/fr\/produit\/dmp30-feritscope-fr\/#primaryimage\"},\"thumbnailUrl\":\"https:\/\/www.qnde.ca\/wp-content\/uploads\/2016\/01\/Fischer-DMP30-2.png\",\"datePublished\":\"2016-01-11T18:53:18+00:00\",\"dateModified\":\"2025-11-25T20:47:06+00:00\",\"description\":\"Feritscope DMP30 \u2013 Mesureur de Teneur en Ferrite. Capacit\u00e9 WRC-FN, et % de \u03b1-martensite. Jusqu\u2019\u00e0 250 000 lectures ou 100 applications.\",\"breadcrumb\":{\"@id\":\"https:\/\/www.qnde.ca\/fr\/produit\/dmp30-feritscope-fr\/#breadcrumb\"},\"inLanguage\":\"fr-FR\",\"potentialAction\":[{\"@type\":\"ReadAction\",\"target\":[\"https:\/\/www.qnde.ca\/fr\/produit\/dmp30-feritscope-fr\/\"]}]},{\"@type\":\"ImageObject\",\"inLanguage\":\"fr-FR\",\"@id\":\"https:\/\/www.qnde.ca\/fr\/produit\/dmp30-feritscope-fr\/#primaryimage\",\"url\":\"https:\/\/www.qnde.ca\/wp-content\/uploads\/2016\/01\/Fischer-DMP30-2.png\",\"contentUrl\":\"https:\/\/www.qnde.ca\/wp-content\/uploads\/2016\/01\/Fischer-DMP30-2.png\",\"width\":1337,\"height\":1536,\"caption\":\"Un mesureur de teneur en ferrite, mettant en avant sa fonctionnalit\u00e9 et son design compact.\"},{\"@type\":\"BreadcrumbList\",\"@id\":\"https:\/\/www.qnde.ca\/fr\/produit\/dmp30-feritscope-fr\/#breadcrumb\",\"itemListElement\":[{\"@type\":\"ListItem\",\"position\":1,\"name\":\"Accueil\",\"item\":\"https:\/\/www.qnde.ca\/fr\/\"},{\"@type\":\"ListItem\",\"position\":2,\"name\":\"Produits\",\"item\":\"https:\/\/www.qnde.ca\/fr\/produits\/\"},{\"@type\":\"ListItem\",\"position\":3,\"name\":\"Essai de Ferrite\",\"item\":\"https:\/\/www.qnde.ca\/fr\/product-category\/essai-ferrite\/\"},{\"@type\":\"ListItem\",\"position\":4,\"name\":\"Fischer Feritscope DMP30 \u2013 Mesureur de Teneur en Ferrite\"}]},{\"@type\":\"WebSite\",\"@id\":\"https:\/\/www.qnde.ca\/#website\",\"url\":\"https:\/\/www.qnde.ca\/\",\"name\":\"Qualit\u00e9 NDE\",\"description\":\"\u00c9quipements d&#039;essais non destructifs \",\"publisher\":{\"@id\":\"https:\/\/www.qnde.ca\/#organization\"},\"potentialAction\":[{\"@type\":\"SearchAction\",\"target\":{\"@type\":\"EntryPoint\",\"urlTemplate\":\"https:\/\/www.qnde.ca\/?s={search_term_string}\"},\"query-input\":{\"@type\":\"PropertyValueSpecification\",\"valueRequired\":true,\"valueName\":\"search_term_string\"}}],\"inLanguage\":\"fr-FR\"},{\"@type\":\"Organization\",\"@id\":\"https:\/\/www.qnde.ca\/#organization\",\"name\":\"Quality NDT Ltd.\",\"url\":\"https:\/\/www.qnde.ca\/\",\"logo\":{\"@type\":\"ImageObject\",\"inLanguage\":\"fr-FR\",\"@id\":\"https:\/\/www.qnde.ca\/#\/schema\/logo\/image\/\",\"url\":\"https:\/\/www.qnde.ca\/wp-content\/uploads\/2022\/02\/QNDE_logo_RGB-gif.gif\",\"contentUrl\":\"https:\/\/www.qnde.ca\/wp-content\/uploads\/2022\/02\/QNDE_logo_RGB-gif.gif\",\"width\":250,\"height\":64,\"caption\":\"Quality NDT Ltd.\"},\"image\":{\"@id\":\"https:\/\/www.qnde.ca\/#\/schema\/logo\/image\/\"},\"sameAs\":[\"https:\/\/www.linkedin.com\/company\/qnde\/about\/?viewAsMember=true\"]}]}<\/script>\n<!-- \/ Yoast SEO plugin. -->","yoast_head_json":{"title":"Fischer Feritscope DMP30 \u2013 Mesureur de Teneur en Ferrite &#060; Qualit\u00e9 NDE","description":"Feritscope DMP30 \u2013 Mesureur de Teneur en Ferrite. Capacit\u00e9 WRC-FN, et % de \u03b1-martensite. Jusqu\u2019\u00e0 250 000 lectures ou 100 applications.","robots":{"index":"index","follow":"follow","max-snippet":"max-snippet:-1","max-image-preview":"max-image-preview:large","max-video-preview":"max-video-preview:-1"},"canonical":"https:\/\/www.qnde.ca\/fr\/produit\/dmp30-feritscope-fr\/","twitter_misc":{"Dur\u00e9e de lecture estim\u00e9e":"2 minutes"},"schema":{"@context":"https:\/\/schema.org","@graph":[{"@type":["WebPage","ItemPage"],"@id":"https:\/\/www.qnde.ca\/fr\/produit\/dmp30-feritscope-fr\/","url":"https:\/\/www.qnde.ca\/fr\/produit\/dmp30-feritscope-fr\/","name":"Fischer Feritscope DMP30 \u2013 Mesureur de Teneur en Ferrite &#060; Qualit\u00e9 NDE","isPartOf":{"@id":"https:\/\/www.qnde.ca\/#website"},"primaryImageOfPage":{"@id":"https:\/\/www.qnde.ca\/fr\/produit\/dmp30-feritscope-fr\/#primaryimage"},"image":{"@id":"https:\/\/www.qnde.ca\/fr\/produit\/dmp30-feritscope-fr\/#primaryimage"},"thumbnailUrl":"https:\/\/www.qnde.ca\/wp-content\/uploads\/2016\/01\/Fischer-DMP30-2.png","datePublished":"2016-01-11T18:53:18+00:00","dateModified":"2025-11-25T20:47:06+00:00","description":"Feritscope DMP30 \u2013 Mesureur de Teneur en Ferrite. Capacit\u00e9 WRC-FN, et % de \u03b1-martensite. Jusqu\u2019\u00e0 250 000 lectures ou 100 applications.","breadcrumb":{"@id":"https:\/\/www.qnde.ca\/fr\/produit\/dmp30-feritscope-fr\/#breadcrumb"},"inLanguage":"fr-FR","potentialAction":[{"@type":"ReadAction","target":["https:\/\/www.qnde.ca\/fr\/produit\/dmp30-feritscope-fr\/"]}]},{"@type":"ImageObject","inLanguage":"fr-FR","@id":"https:\/\/www.qnde.ca\/fr\/produit\/dmp30-feritscope-fr\/#primaryimage","url":"https:\/\/www.qnde.ca\/wp-content\/uploads\/2016\/01\/Fischer-DMP30-2.png","contentUrl":"https:\/\/www.qnde.ca\/wp-content\/uploads\/2016\/01\/Fischer-DMP30-2.png","width":1337,"height":1536,"caption":"Un mesureur de teneur en ferrite, mettant en avant sa fonctionnalit\u00e9 et son design compact."},{"@type":"BreadcrumbList","@id":"https:\/\/www.qnde.ca\/fr\/produit\/dmp30-feritscope-fr\/#breadcrumb","itemListElement":[{"@type":"ListItem","position":1,"name":"Accueil","item":"https:\/\/www.qnde.ca\/fr\/"},{"@type":"ListItem","position":2,"name":"Produits","item":"https:\/\/www.qnde.ca\/fr\/produits\/"},{"@type":"ListItem","position":3,"name":"Essai de Ferrite","item":"https:\/\/www.qnde.ca\/fr\/product-category\/essai-ferrite\/"},{"@type":"ListItem","position":4,"name":"Fischer Feritscope DMP30 \u2013 Mesureur de Teneur en Ferrite"}]},{"@type":"WebSite","@id":"https:\/\/www.qnde.ca\/#website","url":"https:\/\/www.qnde.ca\/","name":"Qualit\u00e9 NDE","description":"\u00c9quipements d&#039;essais non destructifs ","publisher":{"@id":"https:\/\/www.qnde.ca\/#organization"},"potentialAction":[{"@type":"SearchAction","target":{"@type":"EntryPoint","urlTemplate":"https:\/\/www.qnde.ca\/?s={search_term_string}"},"query-input":{"@type":"PropertyValueSpecification","valueRequired":true,"valueName":"search_term_string"}}],"inLanguage":"fr-FR"},{"@type":"Organization","@id":"https:\/\/www.qnde.ca\/#organization","name":"Quality NDT Ltd.","url":"https:\/\/www.qnde.ca\/","logo":{"@type":"ImageObject","inLanguage":"fr-FR","@id":"https:\/\/www.qnde.ca\/#\/schema\/logo\/image\/","url":"https:\/\/www.qnde.ca\/wp-content\/uploads\/2022\/02\/QNDE_logo_RGB-gif.gif","contentUrl":"https:\/\/www.qnde.ca\/wp-content\/uploads\/2022\/02\/QNDE_logo_RGB-gif.gif","width":250,"height":64,"caption":"Quality NDT Ltd."},"image":{"@id":"https:\/\/www.qnde.ca\/#\/schema\/logo\/image\/"},"sameAs":["https:\/\/www.linkedin.com\/company\/qnde\/about\/?viewAsMember=true"]}]}},"jetpack_sharing_enabled":true,"_links":{"self":[{"href":"https:\/\/www.qnde.ca\/fr\/wp-json\/wp\/v2\/product\/4598","targetHints":{"allow":["GET"]}}],"collection":[{"href":"https:\/\/www.qnde.ca\/fr\/wp-json\/wp\/v2\/product"}],"about":[{"href":"https:\/\/www.qnde.ca\/fr\/wp-json\/wp\/v2\/types\/product"}],"wp:featuredmedia":[{"embeddable":true,"href":"https:\/\/www.qnde.ca\/fr\/wp-json\/wp\/v2\/media\/32202"}],"wp:attachment":[{"href":"https:\/\/www.qnde.ca\/fr\/wp-json\/wp\/v2\/media?parent=4598"}],"wp:term":[{"taxonomy":"product_brand","embeddable":true,"href":"https:\/\/www.qnde.ca\/fr\/wp-json\/wp\/v2\/product_brand?post=4598"},{"taxonomy":"product_cat","embeddable":true,"href":"https:\/\/www.qnde.ca\/fr\/wp-json\/wp\/v2\/product_cat?post=4598"},{"taxonomy":"product_tag","embeddable":true,"href":"https:\/\/www.qnde.ca\/fr\/wp-json\/wp\/v2\/product_tag?post=4598"}],"curies":[{"name":"wp","href":"https:\/\/api.w.org\/{rel}","templated":true}]}}