{"id":4591,"date":"2016-01-11T18:50:56","date_gmt":"2016-01-11T18:50:56","guid":{"rendered":"https:\/\/www.qnde.ca\/?post_type=product&#038;p=4591"},"modified":"2025-08-11T10:28:30","modified_gmt":"2025-08-11T14:28:30","slug":"cables-sondes-et-standards-de-reference","status":"publish","type":"product","link":"https:\/\/www.qnde.ca\/fr\/produit\/cables-sondes-et-standards-de-reference\/","title":{"rendered":"Aerofab NDT Palpeurs, C\u00e2bles, et standards de r\u00e9f\u00e9rence"},"content":{"rendered":"<h3>Aerofab NDT Palpeurs, c\u00e2bles et standards de r\u00e9f\u00e9rence<\/h3>\n<p style=\"font-style: inherit; font-weight: inherit;\">Des c\u00e2bles, palpeurs\u00a0et standards de r\u00e9f\u00e9rence sont disponibles dans une vari\u00e9t\u00e9 de formats, longueurs et fr\u00e9quences.<\/p>\n<ul style=\"font-style: inherit; font-weight: inherit;\">\n<li style=\"font-style: inherit; font-weight: inherit;\"><span style=\"font-style: inherit; font-weight: inherit;\"><b><strong style=\"font-style: inherit;\">C\u00e2bles<\/strong><\/b><\/span><span style=\"font-style: inherit; font-weight: inherit;\">: Pr\u00e9cisez le type d&rsquo;instrument, le type de connecteur et la longeur d\u00e9sir\u00e9e.<\/span><\/li>\n<li style=\"font-style: inherit; font-weight: inherit;\"><span style=\"font-style: inherit; font-weight: inherit;\"><b><strong style=\"font-style: inherit;\">Palpeurs\u00a0de fond<\/strong><\/b>:\u00a0<\/span><span style=\"font-style: inherit; font-weight: inherit;\">Sp\u00e9cifiez le type d&rsquo;instrument, le diam\u00e8tre, la longueur et la fr\u00e9quence<\/span><span style=\"font-style: inherit; font-weight: inherit;\">.<\/span><\/li>\n<li style=\"font-style: inherit; font-weight: inherit;\"><span style=\"font-style: inherit; font-weight: inherit;\"><b><strong style=\"font-style: inherit;\">Palpeurs crayon<\/strong><\/b><\/span><span style=\"font-style: inherit; font-weight: inherit;\">:\u00a0<\/span><span style=\"font-style: inherit; font-weight: inherit;\">Pr\u00e9cisez le type d&rsquo;instrument, le diam\u00e8tre du capteur, la longueur, la longueur de chute, le type de poign\u00e9e, la fr\u00e9quence et le type de connecteur.<\/span><\/li>\n<li style=\"font-style: inherit; font-weight: inherit;\"><span style=\"font-style: inherit; font-weight: inherit;\"><b><strong style=\"font-style: inherit;\">Standards de r\u00e9f\u00e9rence<\/strong><\/b><\/span><span style=\"font-style: inherit; font-weight: inherit;\">: Sp\u00e9cifiez le type de mat\u00e9riau, la grandeur du trou et le type d&rsquo;entaille.<\/span><\/li>\n<\/ul>\n<p>&nbsp;<\/p>\n<h4><\/h4>\n","protected":false},"excerpt":{"rendered":"<p>Aerofab NDT Palpeurs, c\u00e2bles et standards de r\u00e9f\u00e9rence Des c\u00e2bles, palpeurs\u00a0et standards de r\u00e9f\u00e9rence sont disponibles dans une vari\u00e9t\u00e9 de formats, longueurs et fr\u00e9quences. C\u00e2bles: Pr\u00e9cisez le type d&rsquo;instrument, le type de connecteur et la longeur d\u00e9sir\u00e9e. Palpeurs\u00a0de fond:\u00a0Sp\u00e9cifiez le type d&rsquo;instrument, le diam\u00e8tre, la longueur et la fr\u00e9quence. Palpeurs crayon:\u00a0Pr\u00e9cisez le type d&rsquo;instrument, le [&hellip;]<\/p>\n","protected":false},"featured_media":4593,"template":"","meta":{"_monsterinsights_skip_tracking":false,"_monsterinsights_sitenote_active":false,"_monsterinsights_sitenote_note":"","_monsterinsights_sitenote_category":0},"product_brand":[],"product_cat":[402,137],"product_tag":[],"class_list":{"0":"post-4591","1":"product","2":"type-product","3":"status-publish","4":"has-post-thumbnail","6":"product_cat-autres-marques","7":"product_cat-accessoires-courants-foucault","9":"first","10":"instock","11":"shipping-taxable","12":"purchasable","13":"product-type-variable"},"yoast_head":"<!-- This site is optimized with the Yoast SEO plugin v23.9 - https:\/\/yoast.com\/wordpress\/plugins\/seo\/ -->\n<title>Aerofab NDT Palpeurs, C\u00e2bles, et standards de r\u00e9f\u00e9rence &#060; Qualit\u00e9 NDE<\/title>\n<meta name=\"description\" content=\"Aerofab NDT : palpeurs, c\u00e2bles et standards de r\u00e9f\u00e9rence personnalis\u00e9s selon vos besoins en essais non destructifs (END).\" \/>\n<meta name=\"robots\" content=\"index, follow, max-snippet:-1, max-image-preview:large, max-video-preview:-1\" \/>\n<link rel=\"canonical\" href=\"https:\/\/www.qnde.ca\/fr\/produit\/cables-sondes-et-standards-de-reference\/\" \/>\n<meta name=\"twitter:label1\" content=\"Dur\u00e9e de lecture estim\u00e9e\" \/>\n\t<meta name=\"twitter:data1\" content=\"1 minute\" \/>\n<script type=\"application\/ld+json\" class=\"yoast-schema-graph\">{\"@context\":\"https:\/\/schema.org\",\"@graph\":[{\"@type\":[\"WebPage\",\"ItemPage\"],\"@id\":\"https:\/\/www.qnde.ca\/fr\/produit\/cables-sondes-et-standards-de-reference\/\",\"url\":\"https:\/\/www.qnde.ca\/fr\/produit\/cables-sondes-et-standards-de-reference\/\",\"name\":\"Aerofab NDT Palpeurs, C\u00e2bles, et standards de r\u00e9f\u00e9rence &#060; Qualit\u00e9 NDE\",\"isPartOf\":{\"@id\":\"https:\/\/www.qnde.ca\/#website\"},\"primaryImageOfPage\":{\"@id\":\"https:\/\/www.qnde.ca\/fr\/produit\/cables-sondes-et-standards-de-reference\/#primaryimage\"},\"image\":{\"@id\":\"https:\/\/www.qnde.ca\/fr\/produit\/cables-sondes-et-standards-de-reference\/#primaryimage\"},\"thumbnailUrl\":\"https:\/\/www.qnde.ca\/wp-content\/uploads\/2016\/01\/C--bles-sondes-et-standards-de-r--f--rence.jpg\",\"datePublished\":\"2016-01-11T18:50:56+00:00\",\"dateModified\":\"2025-08-11T14:28:30+00:00\",\"description\":\"Aerofab NDT : palpeurs, c\u00e2bles et standards de r\u00e9f\u00e9rence personnalis\u00e9s selon vos besoins en essais non destructifs (END).\",\"breadcrumb\":{\"@id\":\"https:\/\/www.qnde.ca\/fr\/produit\/cables-sondes-et-standards-de-reference\/#breadcrumb\"},\"inLanguage\":\"fr-FR\",\"potentialAction\":[{\"@type\":\"ReadAction\",\"target\":[\"https:\/\/www.qnde.ca\/fr\/produit\/cables-sondes-et-standards-de-reference\/\"]}]},{\"@type\":\"ImageObject\",\"inLanguage\":\"fr-FR\",\"@id\":\"https:\/\/www.qnde.ca\/fr\/produit\/cables-sondes-et-standards-de-reference\/#primaryimage\",\"url\":\"https:\/\/www.qnde.ca\/wp-content\/uploads\/2016\/01\/C--bles-sondes-et-standards-de-r--f--rence.jpg\",\"contentUrl\":\"https:\/\/www.qnde.ca\/wp-content\/uploads\/2016\/01\/C--bles-sondes-et-standards-de-r--f--rence.jpg\",\"width\":250,\"height\":48},{\"@type\":\"BreadcrumbList\",\"@id\":\"https:\/\/www.qnde.ca\/fr\/produit\/cables-sondes-et-standards-de-reference\/#breadcrumb\",\"itemListElement\":[{\"@type\":\"ListItem\",\"position\":1,\"name\":\"Accueil\",\"item\":\"https:\/\/www.qnde.ca\/fr\/\"},{\"@type\":\"ListItem\",\"position\":2,\"name\":\"Produits\",\"item\":\"https:\/\/www.qnde.ca\/fr\/produits\/\"},{\"@type\":\"ListItem\",\"position\":3,\"name\":\"Marques\",\"item\":\"https:\/\/www.qnde.ca\/fr\/product-category\/marques\/\"},{\"@type\":\"ListItem\",\"position\":4,\"name\":\"Autres Marques\",\"item\":\"https:\/\/www.qnde.ca\/fr\/product-category\/marques\/autres-marques\/\"},{\"@type\":\"ListItem\",\"position\":5,\"name\":\"Aerofab NDT Palpeurs, C\u00e2bles, et standards de r\u00e9f\u00e9rence\"}]},{\"@type\":\"WebSite\",\"@id\":\"https:\/\/www.qnde.ca\/#website\",\"url\":\"https:\/\/www.qnde.ca\/\",\"name\":\"Qualit\u00e9 NDE\",\"description\":\"\u00c9quipements d&#039;essais non destructifs \",\"publisher\":{\"@id\":\"https:\/\/www.qnde.ca\/#organization\"},\"potentialAction\":[{\"@type\":\"SearchAction\",\"target\":{\"@type\":\"EntryPoint\",\"urlTemplate\":\"https:\/\/www.qnde.ca\/?s={search_term_string}\"},\"query-input\":{\"@type\":\"PropertyValueSpecification\",\"valueRequired\":true,\"valueName\":\"search_term_string\"}}],\"inLanguage\":\"fr-FR\"},{\"@type\":\"Organization\",\"@id\":\"https:\/\/www.qnde.ca\/#organization\",\"name\":\"Quality NDT Ltd.\",\"url\":\"https:\/\/www.qnde.ca\/\",\"logo\":{\"@type\":\"ImageObject\",\"inLanguage\":\"fr-FR\",\"@id\":\"https:\/\/www.qnde.ca\/#\/schema\/logo\/image\/\",\"url\":\"https:\/\/www.qnde.ca\/wp-content\/uploads\/2022\/02\/QNDE_logo_RGB-gif.gif\",\"contentUrl\":\"https:\/\/www.qnde.ca\/wp-content\/uploads\/2022\/02\/QNDE_logo_RGB-gif.gif\",\"width\":250,\"height\":64,\"caption\":\"Quality NDT Ltd.\"},\"image\":{\"@id\":\"https:\/\/www.qnde.ca\/#\/schema\/logo\/image\/\"},\"sameAs\":[\"https:\/\/www.linkedin.com\/company\/qnde\/about\/?viewAsMember=true\"]}]}<\/script>\n<!-- \/ Yoast SEO plugin. -->","yoast_head_json":{"title":"Aerofab NDT Palpeurs, C\u00e2bles, et standards de r\u00e9f\u00e9rence &#060; Qualit\u00e9 NDE","description":"Aerofab NDT : palpeurs, c\u00e2bles et standards de r\u00e9f\u00e9rence personnalis\u00e9s selon vos besoins en essais non destructifs (END).","robots":{"index":"index","follow":"follow","max-snippet":"max-snippet:-1","max-image-preview":"max-image-preview:large","max-video-preview":"max-video-preview:-1"},"canonical":"https:\/\/www.qnde.ca\/fr\/produit\/cables-sondes-et-standards-de-reference\/","twitter_misc":{"Dur\u00e9e de lecture estim\u00e9e":"1 minute"},"schema":{"@context":"https:\/\/schema.org","@graph":[{"@type":["WebPage","ItemPage"],"@id":"https:\/\/www.qnde.ca\/fr\/produit\/cables-sondes-et-standards-de-reference\/","url":"https:\/\/www.qnde.ca\/fr\/produit\/cables-sondes-et-standards-de-reference\/","name":"Aerofab NDT Palpeurs, C\u00e2bles, et standards de r\u00e9f\u00e9rence &#060; Qualit\u00e9 NDE","isPartOf":{"@id":"https:\/\/www.qnde.ca\/#website"},"primaryImageOfPage":{"@id":"https:\/\/www.qnde.ca\/fr\/produit\/cables-sondes-et-standards-de-reference\/#primaryimage"},"image":{"@id":"https:\/\/www.qnde.ca\/fr\/produit\/cables-sondes-et-standards-de-reference\/#primaryimage"},"thumbnailUrl":"https:\/\/www.qnde.ca\/wp-content\/uploads\/2016\/01\/C--bles-sondes-et-standards-de-r--f--rence.jpg","datePublished":"2016-01-11T18:50:56+00:00","dateModified":"2025-08-11T14:28:30+00:00","description":"Aerofab NDT : palpeurs, c\u00e2bles et standards de r\u00e9f\u00e9rence personnalis\u00e9s selon vos besoins en essais non destructifs (END).","breadcrumb":{"@id":"https:\/\/www.qnde.ca\/fr\/produit\/cables-sondes-et-standards-de-reference\/#breadcrumb"},"inLanguage":"fr-FR","potentialAction":[{"@type":"ReadAction","target":["https:\/\/www.qnde.ca\/fr\/produit\/cables-sondes-et-standards-de-reference\/"]}]},{"@type":"ImageObject","inLanguage":"fr-FR","@id":"https:\/\/www.qnde.ca\/fr\/produit\/cables-sondes-et-standards-de-reference\/#primaryimage","url":"https:\/\/www.qnde.ca\/wp-content\/uploads\/2016\/01\/C--bles-sondes-et-standards-de-r--f--rence.jpg","contentUrl":"https:\/\/www.qnde.ca\/wp-content\/uploads\/2016\/01\/C--bles-sondes-et-standards-de-r--f--rence.jpg","width":250,"height":48},{"@type":"BreadcrumbList","@id":"https:\/\/www.qnde.ca\/fr\/produit\/cables-sondes-et-standards-de-reference\/#breadcrumb","itemListElement":[{"@type":"ListItem","position":1,"name":"Accueil","item":"https:\/\/www.qnde.ca\/fr\/"},{"@type":"ListItem","position":2,"name":"Produits","item":"https:\/\/www.qnde.ca\/fr\/produits\/"},{"@type":"ListItem","position":3,"name":"Marques","item":"https:\/\/www.qnde.ca\/fr\/product-category\/marques\/"},{"@type":"ListItem","position":4,"name":"Autres Marques","item":"https:\/\/www.qnde.ca\/fr\/product-category\/marques\/autres-marques\/"},{"@type":"ListItem","position":5,"name":"Aerofab NDT Palpeurs, C\u00e2bles, et standards de r\u00e9f\u00e9rence"}]},{"@type":"WebSite","@id":"https:\/\/www.qnde.ca\/#website","url":"https:\/\/www.qnde.ca\/","name":"Qualit\u00e9 NDE","description":"\u00c9quipements d&#039;essais non destructifs ","publisher":{"@id":"https:\/\/www.qnde.ca\/#organization"},"potentialAction":[{"@type":"SearchAction","target":{"@type":"EntryPoint","urlTemplate":"https:\/\/www.qnde.ca\/?s={search_term_string}"},"query-input":{"@type":"PropertyValueSpecification","valueRequired":true,"valueName":"search_term_string"}}],"inLanguage":"fr-FR"},{"@type":"Organization","@id":"https:\/\/www.qnde.ca\/#organization","name":"Quality NDT Ltd.","url":"https:\/\/www.qnde.ca\/","logo":{"@type":"ImageObject","inLanguage":"fr-FR","@id":"https:\/\/www.qnde.ca\/#\/schema\/logo\/image\/","url":"https:\/\/www.qnde.ca\/wp-content\/uploads\/2022\/02\/QNDE_logo_RGB-gif.gif","contentUrl":"https:\/\/www.qnde.ca\/wp-content\/uploads\/2022\/02\/QNDE_logo_RGB-gif.gif","width":250,"height":64,"caption":"Quality NDT Ltd."},"image":{"@id":"https:\/\/www.qnde.ca\/#\/schema\/logo\/image\/"},"sameAs":["https:\/\/www.linkedin.com\/company\/qnde\/about\/?viewAsMember=true"]}]}},"jetpack_sharing_enabled":true,"_links":{"self":[{"href":"https:\/\/www.qnde.ca\/fr\/wp-json\/wp\/v2\/product\/4591","targetHints":{"allow":["GET"]}}],"collection":[{"href":"https:\/\/www.qnde.ca\/fr\/wp-json\/wp\/v2\/product"}],"about":[{"href":"https:\/\/www.qnde.ca\/fr\/wp-json\/wp\/v2\/types\/product"}],"wp:featuredmedia":[{"embeddable":true,"href":"https:\/\/www.qnde.ca\/fr\/wp-json\/wp\/v2\/media\/4593"}],"wp:attachment":[{"href":"https:\/\/www.qnde.ca\/fr\/wp-json\/wp\/v2\/media?parent=4591"}],"wp:term":[{"taxonomy":"product_brand","embeddable":true,"href":"https:\/\/www.qnde.ca\/fr\/wp-json\/wp\/v2\/product_brand?post=4591"},{"taxonomy":"product_cat","embeddable":true,"href":"https:\/\/www.qnde.ca\/fr\/wp-json\/wp\/v2\/product_cat?post=4591"},{"taxonomy":"product_tag","embeddable":true,"href":"https:\/\/www.qnde.ca\/fr\/wp-json\/wp\/v2\/product_tag?post=4591"}],"curies":[{"name":"wp","href":"https:\/\/api.w.org\/{rel}","templated":true}]}}