{"id":4581,"date":"2016-01-11T18:42:31","date_gmt":"2016-01-11T18:42:31","guid":{"rendered":"https:\/\/www.qnde.ca\/?post_type=product&#038;p=4581"},"modified":"2025-08-12T13:38:19","modified_gmt":"2025-08-12T17:38:19","slug":"wcp-2-fr","status":"publish","type":"product","link":"https:\/\/www.qnde.ca\/fr\/produit\/wcp-2-fr\/","title":{"rendered":"Magnaflux, WCP-2 Peinture Contrastante Blanche"},"content":{"rendered":"<h3><strong>Magnaflux, WCP-2 Peinture Contrastante Blanche<\/strong><\/h3>\n<p>Peinture de contraste blanc brillant et opaque pour le NDT \u00e0 s\u00e9chage rapide. Fournit un arri\u00e8re-plan de contraste \u00e9lev\u00e9 pour am\u00e9liorer la probabilit\u00e9 de d\u00e9tection et de sensibilit\u00e9 lors des inspections de particules magn\u00e9tiques visibles.<\/p>\n<ul>\n<li>MGWCP2-4: Magnavis WCP-2, 473ml (16oz) a\u00e9rosol (caisse de 12).<\/li>\n<\/ul>\n","protected":false},"excerpt":{"rendered":"<p>Magnaflux, WCP-2 Peinture Contrastante Blanche Peinture de contraste blanc brillant et opaque pour le NDT \u00e0 s\u00e9chage rapide. Fournit un arri\u00e8re-plan de contraste \u00e9lev\u00e9 pour am\u00e9liorer la probabilit\u00e9 de d\u00e9tection et de sensibilit\u00e9 lors des inspections de particules magn\u00e9tiques visibles. MGWCP2-4: Magnavis WCP-2, 473ml (16oz) a\u00e9rosol (caisse de 12).<\/p>\n","protected":false},"featured_media":13290,"template":"","meta":{"_monsterinsights_skip_tracking":false,"_monsterinsights_sitenote_active":false,"_monsterinsights_sitenote_note":"","_monsterinsights_sitenote_category":0},"product_brand":[],"product_cat":[369,130],"product_tag":[],"class_list":{"0":"post-4581","1":"product","2":"type-product","3":"status-publish","4":"has-post-thumbnail","6":"product_cat-magnaflux-fr","7":"product_cat-particules-magnetiques-visibles","9":"first","10":"instock","11":"shipping-taxable","12":"purchasable","13":"product-type-simple"},"yoast_head":"<!-- This site is optimized with the Yoast SEO plugin v23.9 - https:\/\/yoast.com\/wordpress\/plugins\/seo\/ -->\n<title>Magnaflux, WCP-2 Peinture Contrastante Blanche &#060; Qualit\u00e9 NDE<\/title>\n<meta name=\"description\" content=\"Magnaflux Peinture blanche WCP-2 \u00e0 s\u00e9chage rapide. Contraste \u00e9lev\u00e9 pour am\u00e9liorer la d\u00e9tection et la sensibilit\u00e9 lors des inspections magn\u00e9tiques visibles.\" \/>\n<meta name=\"robots\" content=\"index, follow, max-snippet:-1, max-image-preview:large, max-video-preview:-1\" \/>\n<link rel=\"canonical\" href=\"https:\/\/www.qnde.ca\/fr\/produit\/wcp-2-fr\/\" \/>\n<meta name=\"twitter:label1\" content=\"Dur\u00e9e de lecture estim\u00e9e\" \/>\n\t<meta name=\"twitter:data1\" content=\"1 minute\" \/>\n<script type=\"application\/ld+json\" class=\"yoast-schema-graph\">{\"@context\":\"https:\/\/schema.org\",\"@graph\":[{\"@type\":[\"WebPage\",\"ItemPage\"],\"@id\":\"https:\/\/www.qnde.ca\/fr\/produit\/wcp-2-fr\/\",\"url\":\"https:\/\/www.qnde.ca\/fr\/produit\/wcp-2-fr\/\",\"name\":\"Magnaflux, WCP-2 Peinture Contrastante Blanche &#060; Qualit\u00e9 NDE\",\"isPartOf\":{\"@id\":\"https:\/\/www.qnde.ca\/#website\"},\"primaryImageOfPage\":{\"@id\":\"https:\/\/www.qnde.ca\/fr\/produit\/wcp-2-fr\/#primaryimage\"},\"image\":{\"@id\":\"https:\/\/www.qnde.ca\/fr\/produit\/wcp-2-fr\/#primaryimage\"},\"thumbnailUrl\":\"https:\/\/www.qnde.ca\/wp-content\/uploads\/2020\/12\/01-2250-77-WCP-2121.jpg\",\"datePublished\":\"2016-01-11T18:42:31+00:00\",\"dateModified\":\"2025-08-12T17:38:19+00:00\",\"description\":\"Magnaflux Peinture blanche WCP-2 \u00e0 s\u00e9chage rapide. Contraste \u00e9lev\u00e9 pour am\u00e9liorer la d\u00e9tection et la sensibilit\u00e9 lors des inspections magn\u00e9tiques visibles.\",\"breadcrumb\":{\"@id\":\"https:\/\/www.qnde.ca\/fr\/produit\/wcp-2-fr\/#breadcrumb\"},\"inLanguage\":\"fr-FR\",\"potentialAction\":[{\"@type\":\"ReadAction\",\"target\":[\"https:\/\/www.qnde.ca\/fr\/produit\/wcp-2-fr\/\"]}]},{\"@type\":\"ImageObject\",\"inLanguage\":\"fr-FR\",\"@id\":\"https:\/\/www.qnde.ca\/fr\/produit\/wcp-2-fr\/#primaryimage\",\"url\":\"https:\/\/www.qnde.ca\/wp-content\/uploads\/2020\/12\/01-2250-77-WCP-2121.jpg\",\"contentUrl\":\"https:\/\/www.qnde.ca\/wp-content\/uploads\/2020\/12\/01-2250-77-WCP-2121.jpg\",\"width\":2000,\"height\":2000},{\"@type\":\"BreadcrumbList\",\"@id\":\"https:\/\/www.qnde.ca\/fr\/produit\/wcp-2-fr\/#breadcrumb\",\"itemListElement\":[{\"@type\":\"ListItem\",\"position\":1,\"name\":\"Accueil\",\"item\":\"https:\/\/www.qnde.ca\/fr\/\"},{\"@type\":\"ListItem\",\"position\":2,\"name\":\"Produits\",\"item\":\"https:\/\/www.qnde.ca\/fr\/produits\/\"},{\"@type\":\"ListItem\",\"position\":3,\"name\":\"Magn\u00e9toscopie\",\"item\":\"https:\/\/www.qnde.ca\/fr\/product-category\/magnetoscopie\/\"},{\"@type\":\"ListItem\",\"position\":4,\"name\":\"Particules Magn\u00e9tiques Visibles\",\"item\":\"https:\/\/www.qnde.ca\/fr\/product-category\/magnetoscopie\/particules-magnetiques-visibles\/\"},{\"@type\":\"ListItem\",\"position\":5,\"name\":\"Magnaflux, WCP-2 Peinture Contrastante Blanche\"}]},{\"@type\":\"WebSite\",\"@id\":\"https:\/\/www.qnde.ca\/#website\",\"url\":\"https:\/\/www.qnde.ca\/\",\"name\":\"Qualit\u00e9 NDE\",\"description\":\"\u00c9quipements d&#039;essais non destructifs \",\"publisher\":{\"@id\":\"https:\/\/www.qnde.ca\/#organization\"},\"potentialAction\":[{\"@type\":\"SearchAction\",\"target\":{\"@type\":\"EntryPoint\",\"urlTemplate\":\"https:\/\/www.qnde.ca\/?s={search_term_string}\"},\"query-input\":{\"@type\":\"PropertyValueSpecification\",\"valueRequired\":true,\"valueName\":\"search_term_string\"}}],\"inLanguage\":\"fr-FR\"},{\"@type\":\"Organization\",\"@id\":\"https:\/\/www.qnde.ca\/#organization\",\"name\":\"Quality NDT Ltd.\",\"url\":\"https:\/\/www.qnde.ca\/\",\"logo\":{\"@type\":\"ImageObject\",\"inLanguage\":\"fr-FR\",\"@id\":\"https:\/\/www.qnde.ca\/#\/schema\/logo\/image\/\",\"url\":\"https:\/\/www.qnde.ca\/wp-content\/uploads\/2022\/02\/QNDE_logo_RGB-gif.gif\",\"contentUrl\":\"https:\/\/www.qnde.ca\/wp-content\/uploads\/2022\/02\/QNDE_logo_RGB-gif.gif\",\"width\":250,\"height\":64,\"caption\":\"Quality NDT Ltd.\"},\"image\":{\"@id\":\"https:\/\/www.qnde.ca\/#\/schema\/logo\/image\/\"},\"sameAs\":[\"https:\/\/www.linkedin.com\/company\/qnde\/about\/?viewAsMember=true\"]}]}<\/script>\n<!-- \/ Yoast SEO plugin. -->","yoast_head_json":{"title":"Magnaflux, WCP-2 Peinture Contrastante Blanche &#060; Qualit\u00e9 NDE","description":"Magnaflux Peinture blanche WCP-2 \u00e0 s\u00e9chage rapide. Contraste \u00e9lev\u00e9 pour am\u00e9liorer la d\u00e9tection et la sensibilit\u00e9 lors des inspections magn\u00e9tiques visibles.","robots":{"index":"index","follow":"follow","max-snippet":"max-snippet:-1","max-image-preview":"max-image-preview:large","max-video-preview":"max-video-preview:-1"},"canonical":"https:\/\/www.qnde.ca\/fr\/produit\/wcp-2-fr\/","twitter_misc":{"Dur\u00e9e de lecture estim\u00e9e":"1 minute"},"schema":{"@context":"https:\/\/schema.org","@graph":[{"@type":["WebPage","ItemPage"],"@id":"https:\/\/www.qnde.ca\/fr\/produit\/wcp-2-fr\/","url":"https:\/\/www.qnde.ca\/fr\/produit\/wcp-2-fr\/","name":"Magnaflux, WCP-2 Peinture Contrastante Blanche &#060; Qualit\u00e9 NDE","isPartOf":{"@id":"https:\/\/www.qnde.ca\/#website"},"primaryImageOfPage":{"@id":"https:\/\/www.qnde.ca\/fr\/produit\/wcp-2-fr\/#primaryimage"},"image":{"@id":"https:\/\/www.qnde.ca\/fr\/produit\/wcp-2-fr\/#primaryimage"},"thumbnailUrl":"https:\/\/www.qnde.ca\/wp-content\/uploads\/2020\/12\/01-2250-77-WCP-2121.jpg","datePublished":"2016-01-11T18:42:31+00:00","dateModified":"2025-08-12T17:38:19+00:00","description":"Magnaflux Peinture blanche WCP-2 \u00e0 s\u00e9chage rapide. Contraste \u00e9lev\u00e9 pour am\u00e9liorer la d\u00e9tection et la sensibilit\u00e9 lors des inspections magn\u00e9tiques visibles.","breadcrumb":{"@id":"https:\/\/www.qnde.ca\/fr\/produit\/wcp-2-fr\/#breadcrumb"},"inLanguage":"fr-FR","potentialAction":[{"@type":"ReadAction","target":["https:\/\/www.qnde.ca\/fr\/produit\/wcp-2-fr\/"]}]},{"@type":"ImageObject","inLanguage":"fr-FR","@id":"https:\/\/www.qnde.ca\/fr\/produit\/wcp-2-fr\/#primaryimage","url":"https:\/\/www.qnde.ca\/wp-content\/uploads\/2020\/12\/01-2250-77-WCP-2121.jpg","contentUrl":"https:\/\/www.qnde.ca\/wp-content\/uploads\/2020\/12\/01-2250-77-WCP-2121.jpg","width":2000,"height":2000},{"@type":"BreadcrumbList","@id":"https:\/\/www.qnde.ca\/fr\/produit\/wcp-2-fr\/#breadcrumb","itemListElement":[{"@type":"ListItem","position":1,"name":"Accueil","item":"https:\/\/www.qnde.ca\/fr\/"},{"@type":"ListItem","position":2,"name":"Produits","item":"https:\/\/www.qnde.ca\/fr\/produits\/"},{"@type":"ListItem","position":3,"name":"Magn\u00e9toscopie","item":"https:\/\/www.qnde.ca\/fr\/product-category\/magnetoscopie\/"},{"@type":"ListItem","position":4,"name":"Particules Magn\u00e9tiques Visibles","item":"https:\/\/www.qnde.ca\/fr\/product-category\/magnetoscopie\/particules-magnetiques-visibles\/"},{"@type":"ListItem","position":5,"name":"Magnaflux, WCP-2 Peinture Contrastante Blanche"}]},{"@type":"WebSite","@id":"https:\/\/www.qnde.ca\/#website","url":"https:\/\/www.qnde.ca\/","name":"Qualit\u00e9 NDE","description":"\u00c9quipements d&#039;essais non destructifs ","publisher":{"@id":"https:\/\/www.qnde.ca\/#organization"},"potentialAction":[{"@type":"SearchAction","target":{"@type":"EntryPoint","urlTemplate":"https:\/\/www.qnde.ca\/?s={search_term_string}"},"query-input":{"@type":"PropertyValueSpecification","valueRequired":true,"valueName":"search_term_string"}}],"inLanguage":"fr-FR"},{"@type":"Organization","@id":"https:\/\/www.qnde.ca\/#organization","name":"Quality NDT Ltd.","url":"https:\/\/www.qnde.ca\/","logo":{"@type":"ImageObject","inLanguage":"fr-FR","@id":"https:\/\/www.qnde.ca\/#\/schema\/logo\/image\/","url":"https:\/\/www.qnde.ca\/wp-content\/uploads\/2022\/02\/QNDE_logo_RGB-gif.gif","contentUrl":"https:\/\/www.qnde.ca\/wp-content\/uploads\/2022\/02\/QNDE_logo_RGB-gif.gif","width":250,"height":64,"caption":"Quality NDT Ltd."},"image":{"@id":"https:\/\/www.qnde.ca\/#\/schema\/logo\/image\/"},"sameAs":["https:\/\/www.linkedin.com\/company\/qnde\/about\/?viewAsMember=true"]}]}},"jetpack_sharing_enabled":true,"_links":{"self":[{"href":"https:\/\/www.qnde.ca\/fr\/wp-json\/wp\/v2\/product\/4581","targetHints":{"allow":["GET"]}}],"collection":[{"href":"https:\/\/www.qnde.ca\/fr\/wp-json\/wp\/v2\/product"}],"about":[{"href":"https:\/\/www.qnde.ca\/fr\/wp-json\/wp\/v2\/types\/product"}],"wp:featuredmedia":[{"embeddable":true,"href":"https:\/\/www.qnde.ca\/fr\/wp-json\/wp\/v2\/media\/13290"}],"wp:attachment":[{"href":"https:\/\/www.qnde.ca\/fr\/wp-json\/wp\/v2\/media?parent=4581"}],"wp:term":[{"taxonomy":"product_brand","embeddable":true,"href":"https:\/\/www.qnde.ca\/fr\/wp-json\/wp\/v2\/product_brand?post=4581"},{"taxonomy":"product_cat","embeddable":true,"href":"https:\/\/www.qnde.ca\/fr\/wp-json\/wp\/v2\/product_cat?post=4581"},{"taxonomy":"product_tag","embeddable":true,"href":"https:\/\/www.qnde.ca\/fr\/wp-json\/wp\/v2\/product_tag?post=4581"}],"curies":[{"name":"wp","href":"https:\/\/api.w.org\/{rel}","templated":true}]}}