{"id":45795,"date":"2025-10-08T15:10:39","date_gmt":"2025-10-08T19:28:10","guid":{"rendered":"https:\/\/www.qnde.ca\/?post_type=product&#038;p=45795"},"modified":"2025-11-11T13:59:42","modified_gmt":"2025-11-11T18:59:42","slug":"magnaflux-zyglo-zl-440-penetrant-fluorescent-a-base-deau","status":"publish","type":"product","link":"https:\/\/www.qnde.ca\/fr\/produit\/magnaflux-zyglo-zl-440-penetrant-fluorescent-a-base-deau\/","title":{"rendered":"Magnaflux Zyglo ZL-440, P\u00e9n\u00e9trant Fluorescent \u00e0 Base d\u2019Eau"},"content":{"rendered":"<p data-start=\"49\" data-end=\"618\"><strong data-start=\"49\" data-end=\"111\">Magnaflux Zyglo ZL-440, P\u00e9n\u00e9trant Fluorescent \u00e0 Base d\u2019Eau<\/strong><\/p>\n<p data-start=\"49\" data-end=\"618\">Le Zyglo ZL-440 est un p\u00e9n\u00e9trant fluorescent de type 1 \u00e0 base d\u2019eau, fabriqu\u00e9 par Magnaflux, con\u00e7u pour l\u2019inspection de mat\u00e9riaux sensibles aux solvants \u00e0 base de p\u00e9trole, y compris les plastiques, les c\u00e9ramiques et autres composants non m\u00e9talliques. Il offre une sensibilit\u00e9 \u00e9lev\u00e9e pour la d\u00e9tection des discontinuit\u00e9s ouvertes en surface, tout en permettant un nettoyage facile \u00e0 l\u2019eau. Sans solvants p\u00e9trochimiques, le ZL-440 convient \u00e0 la fois \u00e0 la d\u00e9tection de d\u00e9fauts et aux tests d\u2019\u00e9tanch\u00e9it\u00e9.<\/p>\n<ul>\n<li><strong>MGZL440-1: ZL-440, 5-gal (18.9 L) pail<\/strong><\/li>\n<li><strong>MGZL-440: ZL-440, 55-gal (208 L) drum<\/strong><\/li>\n<li>MGZL405-1: ZL-405, 5gal (18.9L) pail<\/li>\n<li>MGZL405:ZL-405, 55gal (208L) drum<\/li>\n<li>MGZL425-1: ZL-425, 5gal (18.9L) pail<\/li>\n<li>MGZL425: ZL-425, 55gal (208L) drum<\/li>\n<li>MGZL4C-1: ZL-4C, 5gal (18.9L) pail<\/li>\n<li>MGZL4C: ZL-4C, 55gal (208L) drum<\/li>\n<\/ul>\n","protected":false},"excerpt":{"rendered":"<p>Magnaflux Zyglo ZL-440, P\u00e9n\u00e9trant Fluorescent \u00e0 Base d\u2019Eau Le Zyglo ZL-440 est un p\u00e9n\u00e9trant fluorescent de type 1 \u00e0 base d\u2019eau, fabriqu\u00e9 par Magnaflux, con\u00e7u pour l\u2019inspection de mat\u00e9riaux sensibles aux solvants \u00e0 base de p\u00e9trole, y compris les plastiques, les c\u00e9ramiques et autres composants non m\u00e9talliques. Il offre une sensibilit\u00e9 \u00e9lev\u00e9e pour la d\u00e9tection [&hellip;]<\/p>\n","protected":false},"featured_media":45790,"template":"","meta":{"_monsterinsights_skip_tracking":false,"_monsterinsights_sitenote_active":false,"_monsterinsights_sitenote_note":"","_monsterinsights_sitenote_category":0},"product_brand":[],"product_cat":[369,120],"product_tag":[732,726,733,437,731,497,676,727],"class_list":{"0":"post-45795","1":"product","2":"type-product","3":"status-publish","4":"has-post-thumbnail","6":"product_cat-magnaflux-fr","7":"product_cat-penetrants-fluorescents","8":"product_tag-controle-par-penetrant","9":"product_tag-magnaflux-fr","10":"product_tag-materiau-fluorescent","11":"product_tag-ndt-fr","12":"product_tag-penetrant-fr","13":"product_tag-qnde-fr","14":"product_tag-quality-nde-fr","15":"product_tag-zyglo-fr","17":"first","18":"instock","19":"shipping-taxable","20":"purchasable","21":"product-type-variable"},"yoast_head":"<!-- This site is optimized with the Yoast SEO plugin v23.9 - https:\/\/yoast.com\/wordpress\/plugins\/seo\/ -->\n<title>Magnaflux Zyglo ZL-440, P\u00e9n\u00e9trant Fluorescent \u00e0 Base d\u2019Eau &#060; Qualit\u00e9 NDE<\/title>\n<meta name=\"description\" content=\"Magnaflux Zyglo ZL-440 : P\u00e9n\u00e9trant fluorescent \u00e0 base d\u2019eau : plastiques et c\u00e9ramiques. Sensibilit\u00e9 \u00e9lev\u00e9e, nettoyage facile \u00e0 l\u2019eau.\" \/>\n<meta name=\"robots\" content=\"index, follow, max-snippet:-1, max-image-preview:large, max-video-preview:-1\" \/>\n<link rel=\"canonical\" href=\"https:\/\/www.qnde.ca\/fr\/produit\/magnaflux-zyglo-zl-440-penetrant-fluorescent-a-base-deau\/\" \/>\n<meta name=\"twitter:label1\" content=\"Dur\u00e9e de lecture estim\u00e9e\" \/>\n\t<meta name=\"twitter:data1\" content=\"1 minute\" \/>\n<script type=\"application\/ld+json\" class=\"yoast-schema-graph\">{\"@context\":\"https:\/\/schema.org\",\"@graph\":[{\"@type\":[\"WebPage\",\"ItemPage\"],\"@id\":\"https:\/\/www.qnde.ca\/fr\/produit\/magnaflux-zyglo-zl-440-penetrant-fluorescent-a-base-deau\/\",\"url\":\"https:\/\/www.qnde.ca\/fr\/produit\/magnaflux-zyglo-zl-440-penetrant-fluorescent-a-base-deau\/\",\"name\":\"Magnaflux Zyglo ZL-440, P\u00e9n\u00e9trant Fluorescent \u00e0 Base d\u2019Eau &#060; Qualit\u00e9 NDE\",\"isPartOf\":{\"@id\":\"https:\/\/www.qnde.ca\/#website\"},\"primaryImageOfPage\":{\"@id\":\"https:\/\/www.qnde.ca\/fr\/produit\/magnaflux-zyglo-zl-440-penetrant-fluorescent-a-base-deau\/#primaryimage\"},\"image\":{\"@id\":\"https:\/\/www.qnde.ca\/fr\/produit\/magnaflux-zyglo-zl-440-penetrant-fluorescent-a-base-deau\/#primaryimage\"},\"thumbnailUrl\":\"https:\/\/www.qnde.ca\/wp-content\/uploads\/2025\/10\/ZL-440.png\",\"datePublished\":\"2025-10-08T19:28:10+00:00\",\"dateModified\":\"2025-11-11T18:59:42+00:00\",\"description\":\"Magnaflux Zyglo ZL-440 : P\u00e9n\u00e9trant fluorescent \u00e0 base d\u2019eau : plastiques et c\u00e9ramiques. Sensibilit\u00e9 \u00e9lev\u00e9e, nettoyage facile \u00e0 l\u2019eau.\",\"breadcrumb\":{\"@id\":\"https:\/\/www.qnde.ca\/fr\/produit\/magnaflux-zyglo-zl-440-penetrant-fluorescent-a-base-deau\/#breadcrumb\"},\"inLanguage\":\"fr-FR\",\"potentialAction\":[{\"@type\":\"ReadAction\",\"target\":[\"https:\/\/www.qnde.ca\/fr\/produit\/magnaflux-zyglo-zl-440-penetrant-fluorescent-a-base-deau\/\"]}]},{\"@type\":\"ImageObject\",\"inLanguage\":\"fr-FR\",\"@id\":\"https:\/\/www.qnde.ca\/fr\/produit\/magnaflux-zyglo-zl-440-penetrant-fluorescent-a-base-deau\/#primaryimage\",\"url\":\"https:\/\/www.qnde.ca\/wp-content\/uploads\/2025\/10\/ZL-440.png\",\"contentUrl\":\"https:\/\/www.qnde.ca\/wp-content\/uploads\/2025\/10\/ZL-440.png\",\"width\":2000,\"height\":2000},{\"@type\":\"BreadcrumbList\",\"@id\":\"https:\/\/www.qnde.ca\/fr\/produit\/magnaflux-zyglo-zl-440-penetrant-fluorescent-a-base-deau\/#breadcrumb\",\"itemListElement\":[{\"@type\":\"ListItem\",\"position\":1,\"name\":\"Accueil\",\"item\":\"https:\/\/www.qnde.ca\/fr\/\"},{\"@type\":\"ListItem\",\"position\":2,\"name\":\"Produits\",\"item\":\"https:\/\/www.qnde.ca\/fr\/produits\/\"},{\"@type\":\"ListItem\",\"position\":3,\"name\":\"Brands\",\"item\":\"https:\/\/www.qnde.ca\/product-category\/brands\/\"},{\"@type\":\"ListItem\",\"position\":4,\"name\":\"Magnaflux\",\"item\":\"https:\/\/www.qnde.ca\/product-category\/brands\/magnaflux\/\"},{\"@type\":\"ListItem\",\"position\":5,\"name\":\"Magnaflux Zyglo ZL-440, P\u00e9n\u00e9trant Fluorescent \u00e0 Base d\u2019Eau\"}]},{\"@type\":\"WebSite\",\"@id\":\"https:\/\/www.qnde.ca\/#website\",\"url\":\"https:\/\/www.qnde.ca\/\",\"name\":\"Qualit\u00e9 NDE\",\"description\":\"\u00c9quipements d&#039;essais non destructifs \",\"publisher\":{\"@id\":\"https:\/\/www.qnde.ca\/#organization\"},\"potentialAction\":[{\"@type\":\"SearchAction\",\"target\":{\"@type\":\"EntryPoint\",\"urlTemplate\":\"https:\/\/www.qnde.ca\/?s={search_term_string}\"},\"query-input\":{\"@type\":\"PropertyValueSpecification\",\"valueRequired\":true,\"valueName\":\"search_term_string\"}}],\"inLanguage\":\"fr-FR\"},{\"@type\":\"Organization\",\"@id\":\"https:\/\/www.qnde.ca\/#organization\",\"name\":\"Quality NDT Ltd.\",\"url\":\"https:\/\/www.qnde.ca\/\",\"logo\":{\"@type\":\"ImageObject\",\"inLanguage\":\"fr-FR\",\"@id\":\"https:\/\/www.qnde.ca\/#\/schema\/logo\/image\/\",\"url\":\"https:\/\/www.qnde.ca\/wp-content\/uploads\/2022\/02\/QNDE_logo_RGB-gif.gif\",\"contentUrl\":\"https:\/\/www.qnde.ca\/wp-content\/uploads\/2022\/02\/QNDE_logo_RGB-gif.gif\",\"width\":250,\"height\":64,\"caption\":\"Quality NDT Ltd.\"},\"image\":{\"@id\":\"https:\/\/www.qnde.ca\/#\/schema\/logo\/image\/\"},\"sameAs\":[\"https:\/\/www.linkedin.com\/company\/qnde\/about\/?viewAsMember=true\"]}]}<\/script>\n<!-- \/ Yoast SEO plugin. -->","yoast_head_json":{"title":"Magnaflux Zyglo ZL-440, P\u00e9n\u00e9trant Fluorescent \u00e0 Base d\u2019Eau &#060; Qualit\u00e9 NDE","description":"Magnaflux Zyglo ZL-440 : P\u00e9n\u00e9trant fluorescent \u00e0 base d\u2019eau : plastiques et c\u00e9ramiques. Sensibilit\u00e9 \u00e9lev\u00e9e, nettoyage facile \u00e0 l\u2019eau.","robots":{"index":"index","follow":"follow","max-snippet":"max-snippet:-1","max-image-preview":"max-image-preview:large","max-video-preview":"max-video-preview:-1"},"canonical":"https:\/\/www.qnde.ca\/fr\/produit\/magnaflux-zyglo-zl-440-penetrant-fluorescent-a-base-deau\/","twitter_misc":{"Dur\u00e9e de lecture estim\u00e9e":"1 minute"},"schema":{"@context":"https:\/\/schema.org","@graph":[{"@type":["WebPage","ItemPage"],"@id":"https:\/\/www.qnde.ca\/fr\/produit\/magnaflux-zyglo-zl-440-penetrant-fluorescent-a-base-deau\/","url":"https:\/\/www.qnde.ca\/fr\/produit\/magnaflux-zyglo-zl-440-penetrant-fluorescent-a-base-deau\/","name":"Magnaflux Zyglo ZL-440, P\u00e9n\u00e9trant Fluorescent \u00e0 Base d\u2019Eau &#060; Qualit\u00e9 NDE","isPartOf":{"@id":"https:\/\/www.qnde.ca\/#website"},"primaryImageOfPage":{"@id":"https:\/\/www.qnde.ca\/fr\/produit\/magnaflux-zyglo-zl-440-penetrant-fluorescent-a-base-deau\/#primaryimage"},"image":{"@id":"https:\/\/www.qnde.ca\/fr\/produit\/magnaflux-zyglo-zl-440-penetrant-fluorescent-a-base-deau\/#primaryimage"},"thumbnailUrl":"https:\/\/www.qnde.ca\/wp-content\/uploads\/2025\/10\/ZL-440.png","datePublished":"2025-10-08T19:28:10+00:00","dateModified":"2025-11-11T18:59:42+00:00","description":"Magnaflux Zyglo ZL-440 : P\u00e9n\u00e9trant fluorescent \u00e0 base d\u2019eau : plastiques et c\u00e9ramiques. Sensibilit\u00e9 \u00e9lev\u00e9e, nettoyage facile \u00e0 l\u2019eau.","breadcrumb":{"@id":"https:\/\/www.qnde.ca\/fr\/produit\/magnaflux-zyglo-zl-440-penetrant-fluorescent-a-base-deau\/#breadcrumb"},"inLanguage":"fr-FR","potentialAction":[{"@type":"ReadAction","target":["https:\/\/www.qnde.ca\/fr\/produit\/magnaflux-zyglo-zl-440-penetrant-fluorescent-a-base-deau\/"]}]},{"@type":"ImageObject","inLanguage":"fr-FR","@id":"https:\/\/www.qnde.ca\/fr\/produit\/magnaflux-zyglo-zl-440-penetrant-fluorescent-a-base-deau\/#primaryimage","url":"https:\/\/www.qnde.ca\/wp-content\/uploads\/2025\/10\/ZL-440.png","contentUrl":"https:\/\/www.qnde.ca\/wp-content\/uploads\/2025\/10\/ZL-440.png","width":2000,"height":2000},{"@type":"BreadcrumbList","@id":"https:\/\/www.qnde.ca\/fr\/produit\/magnaflux-zyglo-zl-440-penetrant-fluorescent-a-base-deau\/#breadcrumb","itemListElement":[{"@type":"ListItem","position":1,"name":"Accueil","item":"https:\/\/www.qnde.ca\/fr\/"},{"@type":"ListItem","position":2,"name":"Produits","item":"https:\/\/www.qnde.ca\/fr\/produits\/"},{"@type":"ListItem","position":3,"name":"Brands","item":"https:\/\/www.qnde.ca\/product-category\/brands\/"},{"@type":"ListItem","position":4,"name":"Magnaflux","item":"https:\/\/www.qnde.ca\/product-category\/brands\/magnaflux\/"},{"@type":"ListItem","position":5,"name":"Magnaflux Zyglo ZL-440, P\u00e9n\u00e9trant Fluorescent \u00e0 Base d\u2019Eau"}]},{"@type":"WebSite","@id":"https:\/\/www.qnde.ca\/#website","url":"https:\/\/www.qnde.ca\/","name":"Qualit\u00e9 NDE","description":"\u00c9quipements d&#039;essais non destructifs ","publisher":{"@id":"https:\/\/www.qnde.ca\/#organization"},"potentialAction":[{"@type":"SearchAction","target":{"@type":"EntryPoint","urlTemplate":"https:\/\/www.qnde.ca\/?s={search_term_string}"},"query-input":{"@type":"PropertyValueSpecification","valueRequired":true,"valueName":"search_term_string"}}],"inLanguage":"fr-FR"},{"@type":"Organization","@id":"https:\/\/www.qnde.ca\/#organization","name":"Quality NDT Ltd.","url":"https:\/\/www.qnde.ca\/","logo":{"@type":"ImageObject","inLanguage":"fr-FR","@id":"https:\/\/www.qnde.ca\/#\/schema\/logo\/image\/","url":"https:\/\/www.qnde.ca\/wp-content\/uploads\/2022\/02\/QNDE_logo_RGB-gif.gif","contentUrl":"https:\/\/www.qnde.ca\/wp-content\/uploads\/2022\/02\/QNDE_logo_RGB-gif.gif","width":250,"height":64,"caption":"Quality NDT Ltd."},"image":{"@id":"https:\/\/www.qnde.ca\/#\/schema\/logo\/image\/"},"sameAs":["https:\/\/www.linkedin.com\/company\/qnde\/about\/?viewAsMember=true"]}]}},"jetpack_sharing_enabled":true,"_links":{"self":[{"href":"https:\/\/www.qnde.ca\/fr\/wp-json\/wp\/v2\/product\/45795","targetHints":{"allow":["GET"]}}],"collection":[{"href":"https:\/\/www.qnde.ca\/fr\/wp-json\/wp\/v2\/product"}],"about":[{"href":"https:\/\/www.qnde.ca\/fr\/wp-json\/wp\/v2\/types\/product"}],"wp:featuredmedia":[{"embeddable":true,"href":"https:\/\/www.qnde.ca\/fr\/wp-json\/wp\/v2\/media\/45790"}],"wp:attachment":[{"href":"https:\/\/www.qnde.ca\/fr\/wp-json\/wp\/v2\/media?parent=45795"}],"wp:term":[{"taxonomy":"product_brand","embeddable":true,"href":"https:\/\/www.qnde.ca\/fr\/wp-json\/wp\/v2\/product_brand?post=45795"},{"taxonomy":"product_cat","embeddable":true,"href":"https:\/\/www.qnde.ca\/fr\/wp-json\/wp\/v2\/product_cat?post=45795"},{"taxonomy":"product_tag","embeddable":true,"href":"https:\/\/www.qnde.ca\/fr\/wp-json\/wp\/v2\/product_tag?post=45795"}],"curies":[{"name":"wp","href":"https:\/\/api.w.org\/{rel}","templated":true}]}}