{"id":45784,"date":"2025-10-08T14:26:03","date_gmt":"2025-10-08T19:22:14","guid":{"rendered":"https:\/\/www.qnde.ca\/?post_type=product&#038;p=45784"},"modified":"2025-10-08T15:32:29","modified_gmt":"2025-10-08T19:32:29","slug":"magnaflux-zyglo-zl-425-fluorescent-a-base-dea","status":"publish","type":"product","link":"https:\/\/www.qnde.ca\/fr\/produit\/magnaflux-zyglo-zl-425-fluorescent-a-base-dea\/","title":{"rendered":"Magnaflux Zyglo ZL-425, Fluorescent \u00e0 base d&rsquo;eau"},"content":{"rendered":"<article class=\"text-token-text-primary w-full focus:outline-none scroll-mt-[calc(var(--header-height)+min(200px,max(70px,20svh)))]\" dir=\"auto\" tabindex=\"-1\" data-turn-id=\"cabb33c5-425e-424d-a768-181ce4c1b6db\" data-testid=\"conversation-turn-4\" data-scroll-anchor=\"true\" data-turn=\"assistant\">\n<div class=\"text-base my-auto mx-auto pb-10 [--thread-content-margin:--spacing(4)] thread-sm:[--thread-content-margin:--spacing(6)] thread-lg:[--thread-content-margin:--spacing(16)] px-(--thread-content-margin)\">\n<div class=\"[--thread-content-max-width:40rem] thread-lg:[--thread-content-max-width:48rem] mx-auto max-w-(--thread-content-max-width) flex-1 group\/turn-messages focus-visible:outline-hidden relative flex w-full min-w-0 flex-col agent-turn\" tabindex=\"-1\">\n<div class=\"flex max-w-full flex-col grow\">\n<div class=\"min-h-8 text-message relative flex w-full flex-col items-end gap-2 text-start break-words whitespace-normal [.text-message+&amp;]:mt-5\" dir=\"auto\" data-message-author-role=\"assistant\" data-message-id=\"5983688c-0a85-4064-8819-45505338d196\" data-message-model-slug=\"gpt-4o\">\n<div class=\"flex w-full flex-col gap-1 empty:hidden first:pt-[1px]\">\n<div class=\"markdown prose dark:prose-invert w-full break-words light markdown-new-styling\">\n<h4 data-start=\"54\" data-end=\"517\">Magnaflux Zyglo ZL-425, Fluorescent \u00e0 base d&rsquo;eau<\/h4>\n<p data-start=\"54\" data-end=\"517\">Ce p\u00e9n\u00e9trant fluorescent \u00e0 base d\u2019eau de Magnaflux est sp\u00e9cialement con\u00e7u pour l\u2019inspection des mat\u00e9riaux sensibles aux solvants p\u00e9troliers, tels que les plastiques et les c\u00e9ramiques. Il offre une excellente \u00e9limination \u00e0 l\u2019eau et ne contient pas de solvants p\u00e9trochimiques, ce qui le rend respectueux de l\u2019environnement. Le ZL-425 est id\u00e9al pour d\u00e9tecter les d\u00e9fauts ouverts en surface et peut \u00e9galement \u00eatre utilis\u00e9 pour des applications de d\u00e9tection de fuites.<\/p>\n<ul>\n<li><strong>MGZL425-1: ZL-425, 5gal (18.9L) pail<\/strong><\/li>\n<li><strong>MGZL425: ZL-425, 55gal (208L) drum<\/strong><\/li>\n<li>MGZL405-1: ZL-405, 5gal (18.9L) pail<\/li>\n<li>MGZL405:ZL-405, 55gal (208L) drum<\/li>\n<li>MGZL440-1: ZL-440, 5-gal (18.9 L) pail<\/li>\n<li>MGZL-440: ZL-440, 55-gal (208 L) drum<\/li>\n<li>MGZL4C-1: ZL-4C, 5gal (18.9L) pail<\/li>\n<li>MGZL4C: ZL-4C, 55gal (208L) drum<\/li>\n<\/ul>\n<p>&nbsp;<\/p>\n<\/div>\n<\/div>\n<\/div>\n<\/div>\n<\/div>\n<\/div>\n<\/article>\n<div class=\"pointer-events-none h-px w-px\" aria-hidden=\"true\" data-edge=\"true\"><\/div>\n","protected":false},"excerpt":{"rendered":"<p>Magnaflux Zyglo ZL-425, Fluorescent \u00e0 base d&rsquo;eau Ce p\u00e9n\u00e9trant fluorescent \u00e0 base d\u2019eau de Magnaflux est sp\u00e9cialement con\u00e7u pour l\u2019inspection des mat\u00e9riaux sensibles aux solvants p\u00e9troliers, tels que les plastiques et les c\u00e9ramiques. Il offre une excellente \u00e9limination \u00e0 l\u2019eau et ne contient pas de solvants p\u00e9trochimiques, ce qui le rend respectueux de l\u2019environnement. Le [&hellip;]<\/p>\n","protected":false},"featured_media":45781,"template":"","meta":{"_monsterinsights_skip_tracking":false,"_monsterinsights_sitenote_active":false,"_monsterinsights_sitenote_note":"","_monsterinsights_sitenote_category":0},"product_brand":[],"product_cat":[369,131,120],"product_tag":[732,730,726,733,437,675,731,497,728,727],"class_list":{"0":"post-45784","1":"product","2":"type-product","3":"status-publish","4":"has-post-thumbnail","6":"product_cat-magnaflux-fr","7":"product_cat-particules-magnetiques-fluorescentes","8":"product_cat-penetrants-fluorescents","9":"product_tag-controle-par-penetrant","10":"product_tag-fluorescent-a-base-deau","11":"product_tag-magnaflux-fr","12":"product_tag-materiau-fluorescent","13":"product_tag-ndt-fr","14":"product_tag-ndt-montreal-fr","15":"product_tag-penetrant-fr","16":"product_tag-qnde-fr","17":"product_tag-qualitynde-fr","18":"product_tag-zyglo-fr","20":"first","21":"instock","22":"shipping-taxable","23":"purchasable","24":"product-type-variable"},"yoast_head":"<!-- This site is optimized with the Yoast SEO plugin v23.9 - https:\/\/yoast.com\/wordpress\/plugins\/seo\/ -->\n<title>Magnaflux Zyglo ZL-425, Fluorescent \u00e0 base d&#039;eau &#060; Qualit\u00e9 NDE<\/title>\n<meta name=\"description\" content=\"Magnaflux Zyglo ZL-425 est un p\u00e9n\u00e9trant fluorescent \u00e0 base d\u2019eau, id\u00e9al pour l\u2019inspection des plastiques et des c\u00e9ramiques, avec un nettoyage facile \u00e0 l\u2019eau.\" \/>\n<meta name=\"robots\" content=\"index, follow, max-snippet:-1, max-image-preview:large, max-video-preview:-1\" \/>\n<link rel=\"canonical\" href=\"https:\/\/www.qnde.ca\/fr\/produit\/magnaflux-zyglo-zl-425-fluorescent-a-base-dea\/\" \/>\n<meta name=\"twitter:label1\" content=\"Dur\u00e9e de lecture estim\u00e9e\" \/>\n\t<meta name=\"twitter:data1\" content=\"1 minute\" \/>\n<script type=\"application\/ld+json\" class=\"yoast-schema-graph\">{\"@context\":\"https:\/\/schema.org\",\"@graph\":[{\"@type\":[\"WebPage\",\"ItemPage\"],\"@id\":\"https:\/\/www.qnde.ca\/fr\/produit\/magnaflux-zyglo-zl-425-fluorescent-a-base-dea\/\",\"url\":\"https:\/\/www.qnde.ca\/fr\/produit\/magnaflux-zyglo-zl-425-fluorescent-a-base-dea\/\",\"name\":\"Magnaflux Zyglo ZL-425, Fluorescent \u00e0 base d'eau &#060; Qualit\u00e9 NDE\",\"isPartOf\":{\"@id\":\"https:\/\/www.qnde.ca\/#website\"},\"primaryImageOfPage\":{\"@id\":\"https:\/\/www.qnde.ca\/fr\/produit\/magnaflux-zyglo-zl-425-fluorescent-a-base-dea\/#primaryimage\"},\"image\":{\"@id\":\"https:\/\/www.qnde.ca\/fr\/produit\/magnaflux-zyglo-zl-425-fluorescent-a-base-dea\/#primaryimage\"},\"thumbnailUrl\":\"https:\/\/www.qnde.ca\/wp-content\/uploads\/2025\/10\/ZL-425.png\",\"datePublished\":\"2025-10-08T19:22:14+00:00\",\"dateModified\":\"2025-10-08T19:32:29+00:00\",\"description\":\"Magnaflux Zyglo ZL-425 est un p\u00e9n\u00e9trant fluorescent \u00e0 base d\u2019eau, id\u00e9al pour l\u2019inspection des plastiques et des c\u00e9ramiques, avec un nettoyage facile \u00e0 l\u2019eau.\",\"breadcrumb\":{\"@id\":\"https:\/\/www.qnde.ca\/fr\/produit\/magnaflux-zyglo-zl-425-fluorescent-a-base-dea\/#breadcrumb\"},\"inLanguage\":\"fr-FR\",\"potentialAction\":[{\"@type\":\"ReadAction\",\"target\":[\"https:\/\/www.qnde.ca\/fr\/produit\/magnaflux-zyglo-zl-425-fluorescent-a-base-dea\/\"]}]},{\"@type\":\"ImageObject\",\"inLanguage\":\"fr-FR\",\"@id\":\"https:\/\/www.qnde.ca\/fr\/produit\/magnaflux-zyglo-zl-425-fluorescent-a-base-dea\/#primaryimage\",\"url\":\"https:\/\/www.qnde.ca\/wp-content\/uploads\/2025\/10\/ZL-425.png\",\"contentUrl\":\"https:\/\/www.qnde.ca\/wp-content\/uploads\/2025\/10\/ZL-425.png\",\"width\":2000,\"height\":2000},{\"@type\":\"BreadcrumbList\",\"@id\":\"https:\/\/www.qnde.ca\/fr\/produit\/magnaflux-zyglo-zl-425-fluorescent-a-base-dea\/#breadcrumb\",\"itemListElement\":[{\"@type\":\"ListItem\",\"position\":1,\"name\":\"Accueil\",\"item\":\"https:\/\/www.qnde.ca\/fr\/\"},{\"@type\":\"ListItem\",\"position\":2,\"name\":\"Produits\",\"item\":\"https:\/\/www.qnde.ca\/fr\/produits\/\"},{\"@type\":\"ListItem\",\"position\":3,\"name\":\"Brands\",\"item\":\"https:\/\/www.qnde.ca\/product-category\/brands\/\"},{\"@type\":\"ListItem\",\"position\":4,\"name\":\"Magnaflux\",\"item\":\"https:\/\/www.qnde.ca\/product-category\/brands\/magnaflux\/\"},{\"@type\":\"ListItem\",\"position\":5,\"name\":\"Magnaflux Zyglo ZL-425, Fluorescent \u00e0 base d&#8217;eau\"}]},{\"@type\":\"WebSite\",\"@id\":\"https:\/\/www.qnde.ca\/#website\",\"url\":\"https:\/\/www.qnde.ca\/\",\"name\":\"Qualit\u00e9 NDE\",\"description\":\"\u00c9quipements d&#039;essais non destructifs \",\"publisher\":{\"@id\":\"https:\/\/www.qnde.ca\/#organization\"},\"potentialAction\":[{\"@type\":\"SearchAction\",\"target\":{\"@type\":\"EntryPoint\",\"urlTemplate\":\"https:\/\/www.qnde.ca\/?s={search_term_string}\"},\"query-input\":{\"@type\":\"PropertyValueSpecification\",\"valueRequired\":true,\"valueName\":\"search_term_string\"}}],\"inLanguage\":\"fr-FR\"},{\"@type\":\"Organization\",\"@id\":\"https:\/\/www.qnde.ca\/#organization\",\"name\":\"Quality NDT Ltd.\",\"url\":\"https:\/\/www.qnde.ca\/\",\"logo\":{\"@type\":\"ImageObject\",\"inLanguage\":\"fr-FR\",\"@id\":\"https:\/\/www.qnde.ca\/#\/schema\/logo\/image\/\",\"url\":\"https:\/\/www.qnde.ca\/wp-content\/uploads\/2022\/02\/QNDE_logo_RGB-gif.gif\",\"contentUrl\":\"https:\/\/www.qnde.ca\/wp-content\/uploads\/2022\/02\/QNDE_logo_RGB-gif.gif\",\"width\":250,\"height\":64,\"caption\":\"Quality NDT Ltd.\"},\"image\":{\"@id\":\"https:\/\/www.qnde.ca\/#\/schema\/logo\/image\/\"},\"sameAs\":[\"https:\/\/www.linkedin.com\/company\/qnde\/about\/?viewAsMember=true\"]}]}<\/script>\n<!-- \/ Yoast SEO plugin. -->","yoast_head_json":{"title":"Magnaflux Zyglo ZL-425, Fluorescent \u00e0 base d'eau &#060; Qualit\u00e9 NDE","description":"Magnaflux Zyglo ZL-425 est un p\u00e9n\u00e9trant fluorescent \u00e0 base d\u2019eau, id\u00e9al pour l\u2019inspection des plastiques et des c\u00e9ramiques, avec un nettoyage facile \u00e0 l\u2019eau.","robots":{"index":"index","follow":"follow","max-snippet":"max-snippet:-1","max-image-preview":"max-image-preview:large","max-video-preview":"max-video-preview:-1"},"canonical":"https:\/\/www.qnde.ca\/fr\/produit\/magnaflux-zyglo-zl-425-fluorescent-a-base-dea\/","twitter_misc":{"Dur\u00e9e de lecture estim\u00e9e":"1 minute"},"schema":{"@context":"https:\/\/schema.org","@graph":[{"@type":["WebPage","ItemPage"],"@id":"https:\/\/www.qnde.ca\/fr\/produit\/magnaflux-zyglo-zl-425-fluorescent-a-base-dea\/","url":"https:\/\/www.qnde.ca\/fr\/produit\/magnaflux-zyglo-zl-425-fluorescent-a-base-dea\/","name":"Magnaflux Zyglo ZL-425, Fluorescent \u00e0 base d'eau &#060; Qualit\u00e9 NDE","isPartOf":{"@id":"https:\/\/www.qnde.ca\/#website"},"primaryImageOfPage":{"@id":"https:\/\/www.qnde.ca\/fr\/produit\/magnaflux-zyglo-zl-425-fluorescent-a-base-dea\/#primaryimage"},"image":{"@id":"https:\/\/www.qnde.ca\/fr\/produit\/magnaflux-zyglo-zl-425-fluorescent-a-base-dea\/#primaryimage"},"thumbnailUrl":"https:\/\/www.qnde.ca\/wp-content\/uploads\/2025\/10\/ZL-425.png","datePublished":"2025-10-08T19:22:14+00:00","dateModified":"2025-10-08T19:32:29+00:00","description":"Magnaflux Zyglo ZL-425 est un p\u00e9n\u00e9trant fluorescent \u00e0 base d\u2019eau, id\u00e9al pour l\u2019inspection des plastiques et des c\u00e9ramiques, avec un nettoyage facile \u00e0 l\u2019eau.","breadcrumb":{"@id":"https:\/\/www.qnde.ca\/fr\/produit\/magnaflux-zyglo-zl-425-fluorescent-a-base-dea\/#breadcrumb"},"inLanguage":"fr-FR","potentialAction":[{"@type":"ReadAction","target":["https:\/\/www.qnde.ca\/fr\/produit\/magnaflux-zyglo-zl-425-fluorescent-a-base-dea\/"]}]},{"@type":"ImageObject","inLanguage":"fr-FR","@id":"https:\/\/www.qnde.ca\/fr\/produit\/magnaflux-zyglo-zl-425-fluorescent-a-base-dea\/#primaryimage","url":"https:\/\/www.qnde.ca\/wp-content\/uploads\/2025\/10\/ZL-425.png","contentUrl":"https:\/\/www.qnde.ca\/wp-content\/uploads\/2025\/10\/ZL-425.png","width":2000,"height":2000},{"@type":"BreadcrumbList","@id":"https:\/\/www.qnde.ca\/fr\/produit\/magnaflux-zyglo-zl-425-fluorescent-a-base-dea\/#breadcrumb","itemListElement":[{"@type":"ListItem","position":1,"name":"Accueil","item":"https:\/\/www.qnde.ca\/fr\/"},{"@type":"ListItem","position":2,"name":"Produits","item":"https:\/\/www.qnde.ca\/fr\/produits\/"},{"@type":"ListItem","position":3,"name":"Brands","item":"https:\/\/www.qnde.ca\/product-category\/brands\/"},{"@type":"ListItem","position":4,"name":"Magnaflux","item":"https:\/\/www.qnde.ca\/product-category\/brands\/magnaflux\/"},{"@type":"ListItem","position":5,"name":"Magnaflux Zyglo ZL-425, Fluorescent \u00e0 base d&#8217;eau"}]},{"@type":"WebSite","@id":"https:\/\/www.qnde.ca\/#website","url":"https:\/\/www.qnde.ca\/","name":"Qualit\u00e9 NDE","description":"\u00c9quipements d&#039;essais non destructifs ","publisher":{"@id":"https:\/\/www.qnde.ca\/#organization"},"potentialAction":[{"@type":"SearchAction","target":{"@type":"EntryPoint","urlTemplate":"https:\/\/www.qnde.ca\/?s={search_term_string}"},"query-input":{"@type":"PropertyValueSpecification","valueRequired":true,"valueName":"search_term_string"}}],"inLanguage":"fr-FR"},{"@type":"Organization","@id":"https:\/\/www.qnde.ca\/#organization","name":"Quality NDT Ltd.","url":"https:\/\/www.qnde.ca\/","logo":{"@type":"ImageObject","inLanguage":"fr-FR","@id":"https:\/\/www.qnde.ca\/#\/schema\/logo\/image\/","url":"https:\/\/www.qnde.ca\/wp-content\/uploads\/2022\/02\/QNDE_logo_RGB-gif.gif","contentUrl":"https:\/\/www.qnde.ca\/wp-content\/uploads\/2022\/02\/QNDE_logo_RGB-gif.gif","width":250,"height":64,"caption":"Quality NDT Ltd."},"image":{"@id":"https:\/\/www.qnde.ca\/#\/schema\/logo\/image\/"},"sameAs":["https:\/\/www.linkedin.com\/company\/qnde\/about\/?viewAsMember=true"]}]}},"jetpack_sharing_enabled":true,"_links":{"self":[{"href":"https:\/\/www.qnde.ca\/fr\/wp-json\/wp\/v2\/product\/45784","targetHints":{"allow":["GET"]}}],"collection":[{"href":"https:\/\/www.qnde.ca\/fr\/wp-json\/wp\/v2\/product"}],"about":[{"href":"https:\/\/www.qnde.ca\/fr\/wp-json\/wp\/v2\/types\/product"}],"wp:featuredmedia":[{"embeddable":true,"href":"https:\/\/www.qnde.ca\/fr\/wp-json\/wp\/v2\/media\/45781"}],"wp:attachment":[{"href":"https:\/\/www.qnde.ca\/fr\/wp-json\/wp\/v2\/media?parent=45784"}],"wp:term":[{"taxonomy":"product_brand","embeddable":true,"href":"https:\/\/www.qnde.ca\/fr\/wp-json\/wp\/v2\/product_brand?post=45784"},{"taxonomy":"product_cat","embeddable":true,"href":"https:\/\/www.qnde.ca\/fr\/wp-json\/wp\/v2\/product_cat?post=45784"},{"taxonomy":"product_tag","embeddable":true,"href":"https:\/\/www.qnde.ca\/fr\/wp-json\/wp\/v2\/product_tag?post=45784"}],"curies":[{"name":"wp","href":"https:\/\/api.w.org\/{rel}","templated":true}]}}