{"id":45766,"date":"2025-10-08T13:49:17","date_gmt":"2025-10-08T19:17:58","guid":{"rendered":"https:\/\/www.qnde.ca\/?post_type=product&#038;p=45766"},"modified":"2025-11-11T14:03:10","modified_gmt":"2025-11-11T19:03:10","slug":"magnaflux-zyglo-zl-405-penetrant-fluorescent-a-base-deau","status":"publish","type":"product","link":"https:\/\/www.qnde.ca\/fr\/produit\/magnaflux-zyglo-zl-405-penetrant-fluorescent-a-base-deau\/","title":{"rendered":"Magnaflux Zyglo ZL-405, P\u00e9n\u00e9trant Fluorescent \u00e0 Base d\u2019Eau"},"content":{"rendered":"<h4>Magnaflux Zyglo ZL-405, P\u00e9n\u00e9trant Fluorescent \u00e0 Base d\u2019Eau<\/h4>\n<p data-start=\"55\" data-end=\"385\">p\u00e9n\u00e9trant fluorescent \u00e0 base d&rsquo;eau de Magnaflux est con\u00e7u pour des applications o\u00f9 les produits \u00e0 base de p\u00e9trole peuvent affecter certains mat\u00e9riaux, comme certains plastiques ou c\u00e9ramiques. Il ne contient aucun solvant p\u00e9trochimique et offre une tr\u00e8s faible sensibilit\u00e9. La compatibilit\u00e9 doit \u00eatre v\u00e9rifi\u00e9e avant utilisation.<\/p>\n<ul>\n<li><strong>MGZL405-1: ZL-405, 5gal (18.9L) pail<\/strong><\/li>\n<li><strong>MGZL405:ZL-405, 55gal (208L) drum<\/strong><\/li>\n<li>MGZL425-1: ZL-425, 5gal (18.9L) pail<\/li>\n<li>MGZL425: ZL-425, 55gal (208L) drum<\/li>\n<li>MGZL440-1: ZL-440, 5-gal (18.9 L) pail<\/li>\n<li>MGZL-440: ZL-440, 55-gal (208 L) drum<\/li>\n<li>MGZL4C-1: ZL-4C, 5gal (18.9L) pail<\/li>\n<li>MGZL4C: ZL-4C, 55gal (208L) drum<\/li>\n<\/ul>\n","protected":false},"excerpt":{"rendered":"<p>Magnaflux Zyglo ZL-405, P\u00e9n\u00e9trant Fluorescent \u00e0 Base d\u2019Eau p\u00e9n\u00e9trant fluorescent \u00e0 base d&rsquo;eau de Magnaflux est con\u00e7u pour des applications o\u00f9 les produits \u00e0 base de p\u00e9trole peuvent affecter certains mat\u00e9riaux, comme certains plastiques ou c\u00e9ramiques. Il ne contient aucun solvant p\u00e9trochimique et offre une tr\u00e8s faible sensibilit\u00e9. La compatibilit\u00e9 doit \u00eatre v\u00e9rifi\u00e9e avant utilisation. [&hellip;]<\/p>\n","protected":false},"featured_media":45765,"template":"","meta":{"_monsterinsights_skip_tracking":false,"_monsterinsights_sitenote_active":false,"_monsterinsights_sitenote_note":"","_monsterinsights_sitenote_category":0},"product_brand":[],"product_cat":[369,131],"product_tag":[732,730,726,733,437,731,497,728,729,727],"class_list":{"0":"post-45766","1":"product","2":"type-product","3":"status-publish","4":"has-post-thumbnail","6":"product_cat-magnaflux-fr","7":"product_cat-particules-magnetiques-fluorescentes","8":"product_tag-controle-par-penetrant","9":"product_tag-fluorescent-a-base-deau","10":"product_tag-magnaflux-fr","11":"product_tag-materiau-fluorescent","12":"product_tag-ndt-fr","13":"product_tag-penetrant-fr","14":"product_tag-qnde-fr","15":"product_tag-qualitynde-fr","16":"product_tag-zl-405-fr","17":"product_tag-zyglo-fr","19":"first","20":"instock","21":"shipping-taxable","22":"purchasable","23":"product-type-variable"},"yoast_head":"<!-- This site is optimized with the Yoast SEO plugin v23.9 - https:\/\/yoast.com\/wordpress\/plugins\/seo\/ -->\n<title>Magnaflux Zyglo ZL-405, P\u00e9n\u00e9trant Fluorescent \u00e0 Base d\u2019Eau &#060; Qualit\u00e9 NDE<\/title>\n<meta name=\"description\" content=\"Zyglo ZL-405: P\u00e9n\u00e9trant fluorescent \u00e0 base d&#039;eau - mat\u00e9riaux sensibles. Sans produits p\u00e9trochimiques, faible sensibilit\u00e9. Pour les plastiques\/c\u00e9ramiques.\" \/>\n<meta name=\"robots\" content=\"index, follow, max-snippet:-1, max-image-preview:large, max-video-preview:-1\" \/>\n<link rel=\"canonical\" href=\"https:\/\/www.qnde.ca\/fr\/produit\/magnaflux-zyglo-zl-405-penetrant-fluorescent-a-base-deau\/\" \/>\n<meta name=\"twitter:label1\" content=\"Dur\u00e9e de lecture estim\u00e9e\" \/>\n\t<meta name=\"twitter:data1\" content=\"1 minute\" \/>\n<script type=\"application\/ld+json\" class=\"yoast-schema-graph\">{\"@context\":\"https:\/\/schema.org\",\"@graph\":[{\"@type\":[\"WebPage\",\"ItemPage\"],\"@id\":\"https:\/\/www.qnde.ca\/fr\/produit\/magnaflux-zyglo-zl-405-penetrant-fluorescent-a-base-deau\/\",\"url\":\"https:\/\/www.qnde.ca\/fr\/produit\/magnaflux-zyglo-zl-405-penetrant-fluorescent-a-base-deau\/\",\"name\":\"Magnaflux Zyglo ZL-405, P\u00e9n\u00e9trant Fluorescent \u00e0 Base d\u2019Eau &#060; Qualit\u00e9 NDE\",\"isPartOf\":{\"@id\":\"https:\/\/www.qnde.ca\/#website\"},\"primaryImageOfPage\":{\"@id\":\"https:\/\/www.qnde.ca\/fr\/produit\/magnaflux-zyglo-zl-405-penetrant-fluorescent-a-base-deau\/#primaryimage\"},\"image\":{\"@id\":\"https:\/\/www.qnde.ca\/fr\/produit\/magnaflux-zyglo-zl-405-penetrant-fluorescent-a-base-deau\/#primaryimage\"},\"thumbnailUrl\":\"https:\/\/www.qnde.ca\/wp-content\/uploads\/2025\/10\/ZL-405-Magnaflux-water-based.jpg\",\"datePublished\":\"2025-10-08T19:17:58+00:00\",\"dateModified\":\"2025-11-11T19:03:10+00:00\",\"description\":\"Zyglo ZL-405: P\u00e9n\u00e9trant fluorescent \u00e0 base d'eau - mat\u00e9riaux sensibles. Sans produits p\u00e9trochimiques, faible sensibilit\u00e9. Pour les plastiques\/c\u00e9ramiques.\",\"breadcrumb\":{\"@id\":\"https:\/\/www.qnde.ca\/fr\/produit\/magnaflux-zyglo-zl-405-penetrant-fluorescent-a-base-deau\/#breadcrumb\"},\"inLanguage\":\"fr-FR\",\"potentialAction\":[{\"@type\":\"ReadAction\",\"target\":[\"https:\/\/www.qnde.ca\/fr\/produit\/magnaflux-zyglo-zl-405-penetrant-fluorescent-a-base-deau\/\"]}]},{\"@type\":\"ImageObject\",\"inLanguage\":\"fr-FR\",\"@id\":\"https:\/\/www.qnde.ca\/fr\/produit\/magnaflux-zyglo-zl-405-penetrant-fluorescent-a-base-deau\/#primaryimage\",\"url\":\"https:\/\/www.qnde.ca\/wp-content\/uploads\/2025\/10\/ZL-405-Magnaflux-water-based.jpg\",\"contentUrl\":\"https:\/\/www.qnde.ca\/wp-content\/uploads\/2025\/10\/ZL-405-Magnaflux-water-based.jpg\",\"width\":2000,\"height\":2000,\"caption\":\"P\u00e9n\u00e9trant fluorescent \u00e0 base d'eau Magnaflux Zyglo ZL-405, disponible en seau de 5 gallons ou en f\u00fbt de 55 gallons ; solution sans produits p\u00e9trochimiques, \u00e0 faible sensibilit\u00e9, con\u00e7ue pour les mat\u00e9riaux sensibles aux produits \u00e0 base de p\u00e9trole.\"},{\"@type\":\"BreadcrumbList\",\"@id\":\"https:\/\/www.qnde.ca\/fr\/produit\/magnaflux-zyglo-zl-405-penetrant-fluorescent-a-base-deau\/#breadcrumb\",\"itemListElement\":[{\"@type\":\"ListItem\",\"position\":1,\"name\":\"Accueil\",\"item\":\"https:\/\/www.qnde.ca\/fr\/\"},{\"@type\":\"ListItem\",\"position\":2,\"name\":\"Produits\",\"item\":\"https:\/\/www.qnde.ca\/fr\/produits\/\"},{\"@type\":\"ListItem\",\"position\":3,\"name\":\"Marques\",\"item\":\"https:\/\/www.qnde.ca\/fr\/product-category\/marques\/\"},{\"@type\":\"ListItem\",\"position\":4,\"name\":\"Magnaflux\",\"item\":\"https:\/\/www.qnde.ca\/fr\/product-category\/marques\/magnaflux-fr\/\"},{\"@type\":\"ListItem\",\"position\":5,\"name\":\"Magnaflux Zyglo ZL-405, P\u00e9n\u00e9trant Fluorescent \u00e0 Base d\u2019Eau\"}]},{\"@type\":\"WebSite\",\"@id\":\"https:\/\/www.qnde.ca\/#website\",\"url\":\"https:\/\/www.qnde.ca\/\",\"name\":\"Qualit\u00e9 NDE\",\"description\":\"\u00c9quipements d&#039;essais non destructifs \",\"publisher\":{\"@id\":\"https:\/\/www.qnde.ca\/#organization\"},\"potentialAction\":[{\"@type\":\"SearchAction\",\"target\":{\"@type\":\"EntryPoint\",\"urlTemplate\":\"https:\/\/www.qnde.ca\/?s={search_term_string}\"},\"query-input\":{\"@type\":\"PropertyValueSpecification\",\"valueRequired\":true,\"valueName\":\"search_term_string\"}}],\"inLanguage\":\"fr-FR\"},{\"@type\":\"Organization\",\"@id\":\"https:\/\/www.qnde.ca\/#organization\",\"name\":\"Quality NDT Ltd.\",\"url\":\"https:\/\/www.qnde.ca\/\",\"logo\":{\"@type\":\"ImageObject\",\"inLanguage\":\"fr-FR\",\"@id\":\"https:\/\/www.qnde.ca\/#\/schema\/logo\/image\/\",\"url\":\"https:\/\/www.qnde.ca\/wp-content\/uploads\/2022\/02\/QNDE_logo_RGB-gif.gif\",\"contentUrl\":\"https:\/\/www.qnde.ca\/wp-content\/uploads\/2022\/02\/QNDE_logo_RGB-gif.gif\",\"width\":250,\"height\":64,\"caption\":\"Quality NDT Ltd.\"},\"image\":{\"@id\":\"https:\/\/www.qnde.ca\/#\/schema\/logo\/image\/\"},\"sameAs\":[\"https:\/\/www.linkedin.com\/company\/qnde\/about\/?viewAsMember=true\"]}]}<\/script>\n<!-- \/ Yoast SEO plugin. -->","yoast_head_json":{"title":"Magnaflux Zyglo ZL-405, P\u00e9n\u00e9trant Fluorescent \u00e0 Base d\u2019Eau &#060; Qualit\u00e9 NDE","description":"Zyglo ZL-405: P\u00e9n\u00e9trant fluorescent \u00e0 base d'eau - mat\u00e9riaux sensibles. Sans produits p\u00e9trochimiques, faible sensibilit\u00e9. Pour les plastiques\/c\u00e9ramiques.","robots":{"index":"index","follow":"follow","max-snippet":"max-snippet:-1","max-image-preview":"max-image-preview:large","max-video-preview":"max-video-preview:-1"},"canonical":"https:\/\/www.qnde.ca\/fr\/produit\/magnaflux-zyglo-zl-405-penetrant-fluorescent-a-base-deau\/","twitter_misc":{"Dur\u00e9e de lecture estim\u00e9e":"1 minute"},"schema":{"@context":"https:\/\/schema.org","@graph":[{"@type":["WebPage","ItemPage"],"@id":"https:\/\/www.qnde.ca\/fr\/produit\/magnaflux-zyglo-zl-405-penetrant-fluorescent-a-base-deau\/","url":"https:\/\/www.qnde.ca\/fr\/produit\/magnaflux-zyglo-zl-405-penetrant-fluorescent-a-base-deau\/","name":"Magnaflux Zyglo ZL-405, P\u00e9n\u00e9trant Fluorescent \u00e0 Base d\u2019Eau &#060; Qualit\u00e9 NDE","isPartOf":{"@id":"https:\/\/www.qnde.ca\/#website"},"primaryImageOfPage":{"@id":"https:\/\/www.qnde.ca\/fr\/produit\/magnaflux-zyglo-zl-405-penetrant-fluorescent-a-base-deau\/#primaryimage"},"image":{"@id":"https:\/\/www.qnde.ca\/fr\/produit\/magnaflux-zyglo-zl-405-penetrant-fluorescent-a-base-deau\/#primaryimage"},"thumbnailUrl":"https:\/\/www.qnde.ca\/wp-content\/uploads\/2025\/10\/ZL-405-Magnaflux-water-based.jpg","datePublished":"2025-10-08T19:17:58+00:00","dateModified":"2025-11-11T19:03:10+00:00","description":"Zyglo ZL-405: P\u00e9n\u00e9trant fluorescent \u00e0 base d'eau - mat\u00e9riaux sensibles. Sans produits p\u00e9trochimiques, faible sensibilit\u00e9. Pour les plastiques\/c\u00e9ramiques.","breadcrumb":{"@id":"https:\/\/www.qnde.ca\/fr\/produit\/magnaflux-zyglo-zl-405-penetrant-fluorescent-a-base-deau\/#breadcrumb"},"inLanguage":"fr-FR","potentialAction":[{"@type":"ReadAction","target":["https:\/\/www.qnde.ca\/fr\/produit\/magnaflux-zyglo-zl-405-penetrant-fluorescent-a-base-deau\/"]}]},{"@type":"ImageObject","inLanguage":"fr-FR","@id":"https:\/\/www.qnde.ca\/fr\/produit\/magnaflux-zyglo-zl-405-penetrant-fluorescent-a-base-deau\/#primaryimage","url":"https:\/\/www.qnde.ca\/wp-content\/uploads\/2025\/10\/ZL-405-Magnaflux-water-based.jpg","contentUrl":"https:\/\/www.qnde.ca\/wp-content\/uploads\/2025\/10\/ZL-405-Magnaflux-water-based.jpg","width":2000,"height":2000,"caption":"P\u00e9n\u00e9trant fluorescent \u00e0 base d'eau Magnaflux Zyglo ZL-405, disponible en seau de 5 gallons ou en f\u00fbt de 55 gallons ; solution sans produits p\u00e9trochimiques, \u00e0 faible sensibilit\u00e9, con\u00e7ue pour les mat\u00e9riaux sensibles aux produits \u00e0 base de p\u00e9trole."},{"@type":"BreadcrumbList","@id":"https:\/\/www.qnde.ca\/fr\/produit\/magnaflux-zyglo-zl-405-penetrant-fluorescent-a-base-deau\/#breadcrumb","itemListElement":[{"@type":"ListItem","position":1,"name":"Accueil","item":"https:\/\/www.qnde.ca\/fr\/"},{"@type":"ListItem","position":2,"name":"Produits","item":"https:\/\/www.qnde.ca\/fr\/produits\/"},{"@type":"ListItem","position":3,"name":"Marques","item":"https:\/\/www.qnde.ca\/fr\/product-category\/marques\/"},{"@type":"ListItem","position":4,"name":"Magnaflux","item":"https:\/\/www.qnde.ca\/fr\/product-category\/marques\/magnaflux-fr\/"},{"@type":"ListItem","position":5,"name":"Magnaflux Zyglo ZL-405, P\u00e9n\u00e9trant Fluorescent \u00e0 Base d\u2019Eau"}]},{"@type":"WebSite","@id":"https:\/\/www.qnde.ca\/#website","url":"https:\/\/www.qnde.ca\/","name":"Qualit\u00e9 NDE","description":"\u00c9quipements d&#039;essais non destructifs ","publisher":{"@id":"https:\/\/www.qnde.ca\/#organization"},"potentialAction":[{"@type":"SearchAction","target":{"@type":"EntryPoint","urlTemplate":"https:\/\/www.qnde.ca\/?s={search_term_string}"},"query-input":{"@type":"PropertyValueSpecification","valueRequired":true,"valueName":"search_term_string"}}],"inLanguage":"fr-FR"},{"@type":"Organization","@id":"https:\/\/www.qnde.ca\/#organization","name":"Quality NDT Ltd.","url":"https:\/\/www.qnde.ca\/","logo":{"@type":"ImageObject","inLanguage":"fr-FR","@id":"https:\/\/www.qnde.ca\/#\/schema\/logo\/image\/","url":"https:\/\/www.qnde.ca\/wp-content\/uploads\/2022\/02\/QNDE_logo_RGB-gif.gif","contentUrl":"https:\/\/www.qnde.ca\/wp-content\/uploads\/2022\/02\/QNDE_logo_RGB-gif.gif","width":250,"height":64,"caption":"Quality NDT Ltd."},"image":{"@id":"https:\/\/www.qnde.ca\/#\/schema\/logo\/image\/"},"sameAs":["https:\/\/www.linkedin.com\/company\/qnde\/about\/?viewAsMember=true"]}]}},"jetpack_sharing_enabled":true,"_links":{"self":[{"href":"https:\/\/www.qnde.ca\/fr\/wp-json\/wp\/v2\/product\/45766","targetHints":{"allow":["GET"]}}],"collection":[{"href":"https:\/\/www.qnde.ca\/fr\/wp-json\/wp\/v2\/product"}],"about":[{"href":"https:\/\/www.qnde.ca\/fr\/wp-json\/wp\/v2\/types\/product"}],"wp:featuredmedia":[{"embeddable":true,"href":"https:\/\/www.qnde.ca\/fr\/wp-json\/wp\/v2\/media\/45765"}],"wp:attachment":[{"href":"https:\/\/www.qnde.ca\/fr\/wp-json\/wp\/v2\/media?parent=45766"}],"wp:term":[{"taxonomy":"product_brand","embeddable":true,"href":"https:\/\/www.qnde.ca\/fr\/wp-json\/wp\/v2\/product_brand?post=45766"},{"taxonomy":"product_cat","embeddable":true,"href":"https:\/\/www.qnde.ca\/fr\/wp-json\/wp\/v2\/product_cat?post=45766"},{"taxonomy":"product_tag","embeddable":true,"href":"https:\/\/www.qnde.ca\/fr\/wp-json\/wp\/v2\/product_tag?post=45766"}],"curies":[{"name":"wp","href":"https:\/\/api.w.org\/{rel}","templated":true}]}}