{"id":4568,"date":"2016-01-11T18:30:53","date_gmt":"2016-01-11T18:30:53","guid":{"rendered":"https:\/\/www.qnde.ca\/?post_type=product&#038;p=4568"},"modified":"2025-08-12T13:22:50","modified_gmt":"2025-08-12T17:22:50","slug":"mg-410-fr","status":"publish","type":"product","link":"https:\/\/www.qnde.ca\/fr\/produit\/mg-410-fr\/","title":{"rendered":"Magnaflux, MG-410 Particules Magn\u00e9tiques Fluorescentes"},"content":{"rendered":"<h3><strong>Magnaflux, MG-410 Particules Magn\u00e9tiques Fluorescentes<\/strong><\/h3>\n<p>Poudres magn\u00e9tiques fluorescentes s\u00e8ches \u00e0 haute sensibilit\u00e9 (\u00e0 m\u00e9langer avec Carrier II ou eau avec additif). S&rsquo;il est utilis\u00e9 avec de l&rsquo;eau, un agent de conditionnement tel que le WA-2B ou le WA-4 est n\u00e9cessaire.<\/p>\n<ul>\n<li>MG-410: Magnaglo MG-410 poudre s\u00e8che \u00e0 haute sensibilit\u00e9, 2lb (907g) (caisse de 6).<\/li>\n<\/ul>\n","protected":false},"excerpt":{"rendered":"<p>Magnaflux, MG-410 Particules Magn\u00e9tiques Fluorescentes Poudres magn\u00e9tiques fluorescentes s\u00e8ches \u00e0 haute sensibilit\u00e9 (\u00e0 m\u00e9langer avec Carrier II ou eau avec additif). S&rsquo;il est utilis\u00e9 avec de l&rsquo;eau, un agent de conditionnement tel que le WA-2B ou le WA-4 est n\u00e9cessaire. MG-410: Magnaglo MG-410 poudre s\u00e8che \u00e0 haute sensibilit\u00e9, 2lb (907g) (caisse de 6).<\/p>\n","protected":false},"featured_media":13237,"template":"","meta":{"_monsterinsights_skip_tracking":false,"_monsterinsights_sitenote_active":false,"_monsterinsights_sitenote_note":"","_monsterinsights_sitenote_category":0},"product_brand":[],"product_cat":[369,131],"product_tag":[],"class_list":{"0":"post-4568","1":"product","2":"type-product","3":"status-publish","4":"has-post-thumbnail","6":"product_cat-magnaflux-fr","7":"product_cat-particules-magnetiques-fluorescentes","9":"first","10":"instock","11":"shipping-taxable","12":"purchasable","13":"product-type-simple"},"yoast_head":"<!-- This site is optimized with the Yoast SEO plugin v23.9 - https:\/\/yoast.com\/wordpress\/plugins\/seo\/ -->\n<title>Magnaflux, MG-410 Particules Magn\u00e9tiques Fluorescentes &#060; Qualit\u00e9 NDE<\/title>\n<meta name=\"description\" content=\"Poudre magn\u00e9tique fluorescente MG-410, haute sensibilit\u00e9, \u00e0 utiliser avec Carrier II ou eau + additif. D\u00e9tection pr\u00e9cise pour magn\u00e9toscopie.\" \/>\n<meta name=\"robots\" content=\"index, follow, max-snippet:-1, max-image-preview:large, max-video-preview:-1\" \/>\n<link rel=\"canonical\" href=\"https:\/\/www.qnde.ca\/fr\/produit\/mg-410-fr\/\" \/>\n<meta name=\"twitter:label1\" content=\"Dur\u00e9e de lecture estim\u00e9e\" \/>\n\t<meta name=\"twitter:data1\" content=\"1 minute\" \/>\n<script type=\"application\/ld+json\" class=\"yoast-schema-graph\">{\"@context\":\"https:\/\/schema.org\",\"@graph\":[{\"@type\":[\"WebPage\",\"ItemPage\"],\"@id\":\"https:\/\/www.qnde.ca\/fr\/produit\/mg-410-fr\/\",\"url\":\"https:\/\/www.qnde.ca\/fr\/produit\/mg-410-fr\/\",\"name\":\"Magnaflux, MG-410 Particules Magn\u00e9tiques Fluorescentes &#060; Qualit\u00e9 NDE\",\"isPartOf\":{\"@id\":\"https:\/\/www.qnde.ca\/#website\"},\"primaryImageOfPage\":{\"@id\":\"https:\/\/www.qnde.ca\/fr\/produit\/mg-410-fr\/#primaryimage\"},\"image\":{\"@id\":\"https:\/\/www.qnde.ca\/fr\/produit\/mg-410-fr\/#primaryimage\"},\"thumbnailUrl\":\"https:\/\/www.qnde.ca\/wp-content\/uploads\/2020\/12\/01-0191-59-MG-4101.jpg\",\"datePublished\":\"2016-01-11T18:30:53+00:00\",\"dateModified\":\"2025-08-12T17:22:50+00:00\",\"description\":\"Poudre magn\u00e9tique fluorescente MG-410, haute sensibilit\u00e9, \u00e0 utiliser avec Carrier II ou eau + additif. D\u00e9tection pr\u00e9cise pour magn\u00e9toscopie.\",\"breadcrumb\":{\"@id\":\"https:\/\/www.qnde.ca\/fr\/produit\/mg-410-fr\/#breadcrumb\"},\"inLanguage\":\"fr-FR\",\"potentialAction\":[{\"@type\":\"ReadAction\",\"target\":[\"https:\/\/www.qnde.ca\/fr\/produit\/mg-410-fr\/\"]}]},{\"@type\":\"ImageObject\",\"inLanguage\":\"fr-FR\",\"@id\":\"https:\/\/www.qnde.ca\/fr\/produit\/mg-410-fr\/#primaryimage\",\"url\":\"https:\/\/www.qnde.ca\/wp-content\/uploads\/2020\/12\/01-0191-59-MG-4101.jpg\",\"contentUrl\":\"https:\/\/www.qnde.ca\/wp-content\/uploads\/2020\/12\/01-0191-59-MG-4101.jpg\",\"width\":2000,\"height\":2000},{\"@type\":\"BreadcrumbList\",\"@id\":\"https:\/\/www.qnde.ca\/fr\/produit\/mg-410-fr\/#breadcrumb\",\"itemListElement\":[{\"@type\":\"ListItem\",\"position\":1,\"name\":\"Accueil\",\"item\":\"https:\/\/www.qnde.ca\/fr\/\"},{\"@type\":\"ListItem\",\"position\":2,\"name\":\"Produits\",\"item\":\"https:\/\/www.qnde.ca\/fr\/produits\/\"},{\"@type\":\"ListItem\",\"position\":3,\"name\":\"Marques\",\"item\":\"https:\/\/www.qnde.ca\/fr\/product-category\/marques\/\"},{\"@type\":\"ListItem\",\"position\":4,\"name\":\"Magnaflux\",\"item\":\"https:\/\/www.qnde.ca\/fr\/product-category\/marques\/magnaflux-fr\/\"},{\"@type\":\"ListItem\",\"position\":5,\"name\":\"Magnaflux, MG-410 Particules Magn\u00e9tiques Fluorescentes\"}]},{\"@type\":\"WebSite\",\"@id\":\"https:\/\/www.qnde.ca\/#website\",\"url\":\"https:\/\/www.qnde.ca\/\",\"name\":\"Qualit\u00e9 NDE\",\"description\":\"\u00c9quipements d&#039;essais non destructifs \",\"publisher\":{\"@id\":\"https:\/\/www.qnde.ca\/#organization\"},\"potentialAction\":[{\"@type\":\"SearchAction\",\"target\":{\"@type\":\"EntryPoint\",\"urlTemplate\":\"https:\/\/www.qnde.ca\/?s={search_term_string}\"},\"query-input\":{\"@type\":\"PropertyValueSpecification\",\"valueRequired\":true,\"valueName\":\"search_term_string\"}}],\"inLanguage\":\"fr-FR\"},{\"@type\":\"Organization\",\"@id\":\"https:\/\/www.qnde.ca\/#organization\",\"name\":\"Quality NDT Ltd.\",\"url\":\"https:\/\/www.qnde.ca\/\",\"logo\":{\"@type\":\"ImageObject\",\"inLanguage\":\"fr-FR\",\"@id\":\"https:\/\/www.qnde.ca\/#\/schema\/logo\/image\/\",\"url\":\"https:\/\/www.qnde.ca\/wp-content\/uploads\/2022\/02\/QNDE_logo_RGB-gif.gif\",\"contentUrl\":\"https:\/\/www.qnde.ca\/wp-content\/uploads\/2022\/02\/QNDE_logo_RGB-gif.gif\",\"width\":250,\"height\":64,\"caption\":\"Quality NDT Ltd.\"},\"image\":{\"@id\":\"https:\/\/www.qnde.ca\/#\/schema\/logo\/image\/\"},\"sameAs\":[\"https:\/\/www.linkedin.com\/company\/qnde\/about\/?viewAsMember=true\"]}]}<\/script>\n<!-- \/ Yoast SEO plugin. -->","yoast_head_json":{"title":"Magnaflux, MG-410 Particules Magn\u00e9tiques Fluorescentes &#060; Qualit\u00e9 NDE","description":"Poudre magn\u00e9tique fluorescente MG-410, haute sensibilit\u00e9, \u00e0 utiliser avec Carrier II ou eau + additif. D\u00e9tection pr\u00e9cise pour magn\u00e9toscopie.","robots":{"index":"index","follow":"follow","max-snippet":"max-snippet:-1","max-image-preview":"max-image-preview:large","max-video-preview":"max-video-preview:-1"},"canonical":"https:\/\/www.qnde.ca\/fr\/produit\/mg-410-fr\/","twitter_misc":{"Dur\u00e9e de lecture estim\u00e9e":"1 minute"},"schema":{"@context":"https:\/\/schema.org","@graph":[{"@type":["WebPage","ItemPage"],"@id":"https:\/\/www.qnde.ca\/fr\/produit\/mg-410-fr\/","url":"https:\/\/www.qnde.ca\/fr\/produit\/mg-410-fr\/","name":"Magnaflux, MG-410 Particules Magn\u00e9tiques Fluorescentes &#060; Qualit\u00e9 NDE","isPartOf":{"@id":"https:\/\/www.qnde.ca\/#website"},"primaryImageOfPage":{"@id":"https:\/\/www.qnde.ca\/fr\/produit\/mg-410-fr\/#primaryimage"},"image":{"@id":"https:\/\/www.qnde.ca\/fr\/produit\/mg-410-fr\/#primaryimage"},"thumbnailUrl":"https:\/\/www.qnde.ca\/wp-content\/uploads\/2020\/12\/01-0191-59-MG-4101.jpg","datePublished":"2016-01-11T18:30:53+00:00","dateModified":"2025-08-12T17:22:50+00:00","description":"Poudre magn\u00e9tique fluorescente MG-410, haute sensibilit\u00e9, \u00e0 utiliser avec Carrier II ou eau + additif. D\u00e9tection pr\u00e9cise pour magn\u00e9toscopie.","breadcrumb":{"@id":"https:\/\/www.qnde.ca\/fr\/produit\/mg-410-fr\/#breadcrumb"},"inLanguage":"fr-FR","potentialAction":[{"@type":"ReadAction","target":["https:\/\/www.qnde.ca\/fr\/produit\/mg-410-fr\/"]}]},{"@type":"ImageObject","inLanguage":"fr-FR","@id":"https:\/\/www.qnde.ca\/fr\/produit\/mg-410-fr\/#primaryimage","url":"https:\/\/www.qnde.ca\/wp-content\/uploads\/2020\/12\/01-0191-59-MG-4101.jpg","contentUrl":"https:\/\/www.qnde.ca\/wp-content\/uploads\/2020\/12\/01-0191-59-MG-4101.jpg","width":2000,"height":2000},{"@type":"BreadcrumbList","@id":"https:\/\/www.qnde.ca\/fr\/produit\/mg-410-fr\/#breadcrumb","itemListElement":[{"@type":"ListItem","position":1,"name":"Accueil","item":"https:\/\/www.qnde.ca\/fr\/"},{"@type":"ListItem","position":2,"name":"Produits","item":"https:\/\/www.qnde.ca\/fr\/produits\/"},{"@type":"ListItem","position":3,"name":"Marques","item":"https:\/\/www.qnde.ca\/fr\/product-category\/marques\/"},{"@type":"ListItem","position":4,"name":"Magnaflux","item":"https:\/\/www.qnde.ca\/fr\/product-category\/marques\/magnaflux-fr\/"},{"@type":"ListItem","position":5,"name":"Magnaflux, MG-410 Particules Magn\u00e9tiques Fluorescentes"}]},{"@type":"WebSite","@id":"https:\/\/www.qnde.ca\/#website","url":"https:\/\/www.qnde.ca\/","name":"Qualit\u00e9 NDE","description":"\u00c9quipements d&#039;essais non destructifs ","publisher":{"@id":"https:\/\/www.qnde.ca\/#organization"},"potentialAction":[{"@type":"SearchAction","target":{"@type":"EntryPoint","urlTemplate":"https:\/\/www.qnde.ca\/?s={search_term_string}"},"query-input":{"@type":"PropertyValueSpecification","valueRequired":true,"valueName":"search_term_string"}}],"inLanguage":"fr-FR"},{"@type":"Organization","@id":"https:\/\/www.qnde.ca\/#organization","name":"Quality NDT Ltd.","url":"https:\/\/www.qnde.ca\/","logo":{"@type":"ImageObject","inLanguage":"fr-FR","@id":"https:\/\/www.qnde.ca\/#\/schema\/logo\/image\/","url":"https:\/\/www.qnde.ca\/wp-content\/uploads\/2022\/02\/QNDE_logo_RGB-gif.gif","contentUrl":"https:\/\/www.qnde.ca\/wp-content\/uploads\/2022\/02\/QNDE_logo_RGB-gif.gif","width":250,"height":64,"caption":"Quality NDT Ltd."},"image":{"@id":"https:\/\/www.qnde.ca\/#\/schema\/logo\/image\/"},"sameAs":["https:\/\/www.linkedin.com\/company\/qnde\/about\/?viewAsMember=true"]}]}},"jetpack_sharing_enabled":true,"_links":{"self":[{"href":"https:\/\/www.qnde.ca\/fr\/wp-json\/wp\/v2\/product\/4568","targetHints":{"allow":["GET"]}}],"collection":[{"href":"https:\/\/www.qnde.ca\/fr\/wp-json\/wp\/v2\/product"}],"about":[{"href":"https:\/\/www.qnde.ca\/fr\/wp-json\/wp\/v2\/types\/product"}],"wp:featuredmedia":[{"embeddable":true,"href":"https:\/\/www.qnde.ca\/fr\/wp-json\/wp\/v2\/media\/13237"}],"wp:attachment":[{"href":"https:\/\/www.qnde.ca\/fr\/wp-json\/wp\/v2\/media?parent=4568"}],"wp:term":[{"taxonomy":"product_brand","embeddable":true,"href":"https:\/\/www.qnde.ca\/fr\/wp-json\/wp\/v2\/product_brand?post=4568"},{"taxonomy":"product_cat","embeddable":true,"href":"https:\/\/www.qnde.ca\/fr\/wp-json\/wp\/v2\/product_cat?post=4568"},{"taxonomy":"product_tag","embeddable":true,"href":"https:\/\/www.qnde.ca\/fr\/wp-json\/wp\/v2\/product_tag?post=4568"}],"curies":[{"name":"wp","href":"https:\/\/api.w.org\/{rel}","templated":true}]}}