{"id":45641,"date":"2025-09-25T08:56:46","date_gmt":"2025-09-25T12:58:51","guid":{"rendered":"https:\/\/www.qnde.ca\/?post_type=product&#038;p=45641"},"modified":"2025-09-25T11:24:13","modified_gmt":"2025-09-25T15:24:13","slug":"densitometre-portable-kowotest-densorapid-d","status":"publish","type":"product","link":"https:\/\/www.qnde.ca\/fr\/produit\/densitometre-portable-kowotest-densorapid-d\/","title":{"rendered":"Densitom\u00e8tre portable Kowotest Densorapid D"},"content":{"rendered":"<p data-start=\"70\" data-end=\"521\"><strong data-start=\"70\" data-end=\"117\">Densitom\u00e8tre portable Kowotest Densorapid D<\/strong><br data-start=\"117\" data-end=\"120\" \/>Mesure rapide et sans erreur, m\u00eame avec une sonde manuelle l\u00e9g\u00e8rement inclin\u00e9e, gr\u00e2ce \u00e0 une pointe souple \u00e9vitant les rayures sur le film. Permet de mesurer la densit\u00e9 optique des films de <strong data-start=\"309\" data-end=\"322\">0 \u00e0 5,50D<\/strong> avec une pr\u00e9cision de <strong data-start=\"345\" data-end=\"354\">0,02D<\/strong>. Dimensions : <strong data-start=\"369\" data-end=\"410\">135 x 73 x 29 mm (5,3\u201d x 2,9\u201d x 1,1\u201d)<\/strong>. Poids : <strong data-start=\"420\" data-end=\"441\">0,25 kg (0,6 lbs)<\/strong> avec batterie rechargeable (autonomie jusqu&rsquo;\u00e0 30 heures). <strong data-start=\"500\" data-end=\"520\" data-is-only-node=\"\">Garantie de 1 an<\/strong>.<\/p>\n<p data-start=\"523\" data-end=\"546\"><strong data-start=\"523\" data-end=\"544\">Le kit comprend :<\/strong><\/p>\n<ul>\n<li data-start=\"549\" data-end=\"576\">Densitom\u00e8tre Densorapid D<\/li>\n<li data-start=\"579\" data-end=\"635\">Masque de mesure magn\u00e9tique 10 x 24 cm (trou de 10 mm)<\/li>\n<li data-start=\"638\" data-end=\"652\">Chargeur USB<\/li>\n<li data-start=\"655\" data-end=\"693\">Tablette de densit\u00e9 BAM \u00e0 15 niveaux<\/li>\n<li data-start=\"696\" data-end=\"722\">Certificats d&rsquo;\u00e9talonnage<\/li>\n<li data-start=\"725\" data-end=\"768\">Mallette de transport rigide en plastique<\/li>\n<\/ul>\n","protected":false},"excerpt":{"rendered":"<p>Densitom\u00e8tre portable Kowotest Densorapid DMesure rapide et sans erreur, m\u00eame avec une sonde manuelle l\u00e9g\u00e8rement inclin\u00e9e, gr\u00e2ce \u00e0 une pointe souple \u00e9vitant les rayures sur le film. Permet de mesurer la densit\u00e9 optique des films de 0 \u00e0 5,50D avec une pr\u00e9cision de 0,02D. Dimensions : 135 x 73 x 29 mm (5,3\u201d x 2,9\u201d [&hellip;]<\/p>\n","protected":false},"featured_media":45629,"template":"","meta":{"_monsterinsights_skip_tracking":false,"_monsterinsights_sitenote_active":false,"_monsterinsights_sitenote_note":"","_monsterinsights_sitenote_category":0},"product_brand":[],"product_cat":[402,144],"product_tag":[685,681,682,687,680,686,678,684,437,679,683],"class_list":{"0":"post-45641","1":"product","2":"type-product","3":"status-publish","4":"has-post-thumbnail","6":"product_cat-autres-marques","7":"product_cat-accessoires-exposition","8":"product_tag-bam-density-strip","9":"product_tag-darkroom-tool","10":"product_tag-densitometer","11":"product_tag-end-fr","12":"product_tag-film-density","13":"product_tag-film-optical-density","14":"product_tag-handheld-densitometer","15":"product_tag-kowotest","16":"product_tag-ndt-fr","17":"product_tag-optical-density","18":"product_tag-radiography-quality-control","20":"first","21":"instock","22":"shipping-taxable","23":"product-type-simple"},"yoast_head":"<!-- This site is optimized with the Yoast SEO plugin v23.9 - https:\/\/yoast.com\/wordpress\/plugins\/seo\/ -->\n<title>Densitom\u00e8tre portable Kowotest Densorapid D &#060; Qualit\u00e9 NDE<\/title>\n<meta name=\"description\" content=\"Kowotest Densitom\u00e8tre portable Densorapid D : mesure rapide de densit\u00e9 optique 0\u20135,50D, pointe souple, kit complet, autonomie 30h, garantie 1 an.\" \/>\n<meta name=\"robots\" content=\"index, follow, max-snippet:-1, max-image-preview:large, max-video-preview:-1\" \/>\n<link rel=\"canonical\" href=\"https:\/\/www.qnde.ca\/fr\/produit\/densitometre-portable-kowotest-densorapid-d\/\" \/>\n<meta name=\"twitter:label1\" content=\"Dur\u00e9e de lecture estim\u00e9e\" \/>\n\t<meta name=\"twitter:data1\" content=\"1 minute\" \/>\n<script type=\"application\/ld+json\" class=\"yoast-schema-graph\">{\"@context\":\"https:\/\/schema.org\",\"@graph\":[{\"@type\":[\"WebPage\",\"ItemPage\"],\"@id\":\"https:\/\/www.qnde.ca\/fr\/produit\/densitometre-portable-kowotest-densorapid-d\/\",\"url\":\"https:\/\/www.qnde.ca\/fr\/produit\/densitometre-portable-kowotest-densorapid-d\/\",\"name\":\"Densitom\u00e8tre portable Kowotest Densorapid D &#060; Qualit\u00e9 NDE\",\"isPartOf\":{\"@id\":\"https:\/\/www.qnde.ca\/#website\"},\"primaryImageOfPage\":{\"@id\":\"https:\/\/www.qnde.ca\/fr\/produit\/densitometre-portable-kowotest-densorapid-d\/#primaryimage\"},\"image\":{\"@id\":\"https:\/\/www.qnde.ca\/fr\/produit\/densitometre-portable-kowotest-densorapid-d\/#primaryimage\"},\"thumbnailUrl\":\"https:\/\/www.qnde.ca\/wp-content\/uploads\/2025\/09\/Kowotest-Densorapid-D-handheld-densitometer-with-soft-touch-handheld-tip.jpg\",\"datePublished\":\"2025-09-25T12:58:51+00:00\",\"dateModified\":\"2025-09-25T15:24:13+00:00\",\"description\":\"Kowotest Densitom\u00e8tre portable Densorapid D : mesure rapide de densit\u00e9 optique 0\u20135,50D, pointe souple, kit complet, autonomie 30h, garantie 1 an.\",\"breadcrumb\":{\"@id\":\"https:\/\/www.qnde.ca\/fr\/produit\/densitometre-portable-kowotest-densorapid-d\/#breadcrumb\"},\"inLanguage\":\"fr-FR\",\"potentialAction\":[{\"@type\":\"ReadAction\",\"target\":[\"https:\/\/www.qnde.ca\/fr\/produit\/densitometre-portable-kowotest-densorapid-d\/\"]}]},{\"@type\":\"ImageObject\",\"inLanguage\":\"fr-FR\",\"@id\":\"https:\/\/www.qnde.ca\/fr\/produit\/densitometre-portable-kowotest-densorapid-d\/#primaryimage\",\"url\":\"https:\/\/www.qnde.ca\/wp-content\/uploads\/2025\/09\/Kowotest-Densorapid-D-handheld-densitometer-with-soft-touch-handheld-tip.jpg\",\"contentUrl\":\"https:\/\/www.qnde.ca\/wp-content\/uploads\/2025\/09\/Kowotest-Densorapid-D-handheld-densitometer-with-soft-touch-handheld-tip.jpg\",\"width\":1024,\"height\":740,\"caption\":\"Densitom\u00e8tre portable Kowotest Densorapid D avec embout manuel \u00e0 toucher doux\"},{\"@type\":\"BreadcrumbList\",\"@id\":\"https:\/\/www.qnde.ca\/fr\/produit\/densitometre-portable-kowotest-densorapid-d\/#breadcrumb\",\"itemListElement\":[{\"@type\":\"ListItem\",\"position\":1,\"name\":\"Accueil\",\"item\":\"https:\/\/www.qnde.ca\/fr\/\"},{\"@type\":\"ListItem\",\"position\":2,\"name\":\"Produits\",\"item\":\"https:\/\/www.qnde.ca\/fr\/produits\/\"},{\"@type\":\"ListItem\",\"position\":3,\"name\":\"Marques\",\"item\":\"https:\/\/www.qnde.ca\/fr\/product-category\/marques\/\"},{\"@type\":\"ListItem\",\"position\":4,\"name\":\"Autres Marques\",\"item\":\"https:\/\/www.qnde.ca\/fr\/product-category\/marques\/autres-marques\/\"},{\"@type\":\"ListItem\",\"position\":5,\"name\":\"Densitom\u00e8tre portable Kowotest Densorapid D\"}]},{\"@type\":\"WebSite\",\"@id\":\"https:\/\/www.qnde.ca\/#website\",\"url\":\"https:\/\/www.qnde.ca\/\",\"name\":\"Qualit\u00e9 NDE\",\"description\":\"\u00c9quipements d&#039;essais non destructifs \",\"publisher\":{\"@id\":\"https:\/\/www.qnde.ca\/#organization\"},\"potentialAction\":[{\"@type\":\"SearchAction\",\"target\":{\"@type\":\"EntryPoint\",\"urlTemplate\":\"https:\/\/www.qnde.ca\/?s={search_term_string}\"},\"query-input\":{\"@type\":\"PropertyValueSpecification\",\"valueRequired\":true,\"valueName\":\"search_term_string\"}}],\"inLanguage\":\"fr-FR\"},{\"@type\":\"Organization\",\"@id\":\"https:\/\/www.qnde.ca\/#organization\",\"name\":\"Quality NDT Ltd.\",\"url\":\"https:\/\/www.qnde.ca\/\",\"logo\":{\"@type\":\"ImageObject\",\"inLanguage\":\"fr-FR\",\"@id\":\"https:\/\/www.qnde.ca\/#\/schema\/logo\/image\/\",\"url\":\"https:\/\/www.qnde.ca\/wp-content\/uploads\/2022\/02\/QNDE_logo_RGB-gif.gif\",\"contentUrl\":\"https:\/\/www.qnde.ca\/wp-content\/uploads\/2022\/02\/QNDE_logo_RGB-gif.gif\",\"width\":250,\"height\":64,\"caption\":\"Quality NDT Ltd.\"},\"image\":{\"@id\":\"https:\/\/www.qnde.ca\/#\/schema\/logo\/image\/\"},\"sameAs\":[\"https:\/\/www.linkedin.com\/company\/qnde\/about\/?viewAsMember=true\"]}]}<\/script>\n<!-- \/ Yoast SEO plugin. -->","yoast_head_json":{"title":"Densitom\u00e8tre portable Kowotest Densorapid D &#060; Qualit\u00e9 NDE","description":"Kowotest Densitom\u00e8tre portable Densorapid D : mesure rapide de densit\u00e9 optique 0\u20135,50D, pointe souple, kit complet, autonomie 30h, garantie 1 an.","robots":{"index":"index","follow":"follow","max-snippet":"max-snippet:-1","max-image-preview":"max-image-preview:large","max-video-preview":"max-video-preview:-1"},"canonical":"https:\/\/www.qnde.ca\/fr\/produit\/densitometre-portable-kowotest-densorapid-d\/","twitter_misc":{"Dur\u00e9e de lecture estim\u00e9e":"1 minute"},"schema":{"@context":"https:\/\/schema.org","@graph":[{"@type":["WebPage","ItemPage"],"@id":"https:\/\/www.qnde.ca\/fr\/produit\/densitometre-portable-kowotest-densorapid-d\/","url":"https:\/\/www.qnde.ca\/fr\/produit\/densitometre-portable-kowotest-densorapid-d\/","name":"Densitom\u00e8tre portable Kowotest Densorapid D &#060; Qualit\u00e9 NDE","isPartOf":{"@id":"https:\/\/www.qnde.ca\/#website"},"primaryImageOfPage":{"@id":"https:\/\/www.qnde.ca\/fr\/produit\/densitometre-portable-kowotest-densorapid-d\/#primaryimage"},"image":{"@id":"https:\/\/www.qnde.ca\/fr\/produit\/densitometre-portable-kowotest-densorapid-d\/#primaryimage"},"thumbnailUrl":"https:\/\/www.qnde.ca\/wp-content\/uploads\/2025\/09\/Kowotest-Densorapid-D-handheld-densitometer-with-soft-touch-handheld-tip.jpg","datePublished":"2025-09-25T12:58:51+00:00","dateModified":"2025-09-25T15:24:13+00:00","description":"Kowotest Densitom\u00e8tre portable Densorapid D : mesure rapide de densit\u00e9 optique 0\u20135,50D, pointe souple, kit complet, autonomie 30h, garantie 1 an.","breadcrumb":{"@id":"https:\/\/www.qnde.ca\/fr\/produit\/densitometre-portable-kowotest-densorapid-d\/#breadcrumb"},"inLanguage":"fr-FR","potentialAction":[{"@type":"ReadAction","target":["https:\/\/www.qnde.ca\/fr\/produit\/densitometre-portable-kowotest-densorapid-d\/"]}]},{"@type":"ImageObject","inLanguage":"fr-FR","@id":"https:\/\/www.qnde.ca\/fr\/produit\/densitometre-portable-kowotest-densorapid-d\/#primaryimage","url":"https:\/\/www.qnde.ca\/wp-content\/uploads\/2025\/09\/Kowotest-Densorapid-D-handheld-densitometer-with-soft-touch-handheld-tip.jpg","contentUrl":"https:\/\/www.qnde.ca\/wp-content\/uploads\/2025\/09\/Kowotest-Densorapid-D-handheld-densitometer-with-soft-touch-handheld-tip.jpg","width":1024,"height":740,"caption":"Densitom\u00e8tre portable Kowotest Densorapid D avec embout manuel \u00e0 toucher doux"},{"@type":"BreadcrumbList","@id":"https:\/\/www.qnde.ca\/fr\/produit\/densitometre-portable-kowotest-densorapid-d\/#breadcrumb","itemListElement":[{"@type":"ListItem","position":1,"name":"Accueil","item":"https:\/\/www.qnde.ca\/fr\/"},{"@type":"ListItem","position":2,"name":"Produits","item":"https:\/\/www.qnde.ca\/fr\/produits\/"},{"@type":"ListItem","position":3,"name":"Marques","item":"https:\/\/www.qnde.ca\/fr\/product-category\/marques\/"},{"@type":"ListItem","position":4,"name":"Autres Marques","item":"https:\/\/www.qnde.ca\/fr\/product-category\/marques\/autres-marques\/"},{"@type":"ListItem","position":5,"name":"Densitom\u00e8tre portable Kowotest Densorapid D"}]},{"@type":"WebSite","@id":"https:\/\/www.qnde.ca\/#website","url":"https:\/\/www.qnde.ca\/","name":"Qualit\u00e9 NDE","description":"\u00c9quipements d&#039;essais non destructifs ","publisher":{"@id":"https:\/\/www.qnde.ca\/#organization"},"potentialAction":[{"@type":"SearchAction","target":{"@type":"EntryPoint","urlTemplate":"https:\/\/www.qnde.ca\/?s={search_term_string}"},"query-input":{"@type":"PropertyValueSpecification","valueRequired":true,"valueName":"search_term_string"}}],"inLanguage":"fr-FR"},{"@type":"Organization","@id":"https:\/\/www.qnde.ca\/#organization","name":"Quality NDT Ltd.","url":"https:\/\/www.qnde.ca\/","logo":{"@type":"ImageObject","inLanguage":"fr-FR","@id":"https:\/\/www.qnde.ca\/#\/schema\/logo\/image\/","url":"https:\/\/www.qnde.ca\/wp-content\/uploads\/2022\/02\/QNDE_logo_RGB-gif.gif","contentUrl":"https:\/\/www.qnde.ca\/wp-content\/uploads\/2022\/02\/QNDE_logo_RGB-gif.gif","width":250,"height":64,"caption":"Quality NDT Ltd."},"image":{"@id":"https:\/\/www.qnde.ca\/#\/schema\/logo\/image\/"},"sameAs":["https:\/\/www.linkedin.com\/company\/qnde\/about\/?viewAsMember=true"]}]}},"jetpack_sharing_enabled":true,"_links":{"self":[{"href":"https:\/\/www.qnde.ca\/fr\/wp-json\/wp\/v2\/product\/45641","targetHints":{"allow":["GET"]}}],"collection":[{"href":"https:\/\/www.qnde.ca\/fr\/wp-json\/wp\/v2\/product"}],"about":[{"href":"https:\/\/www.qnde.ca\/fr\/wp-json\/wp\/v2\/types\/product"}],"wp:featuredmedia":[{"embeddable":true,"href":"https:\/\/www.qnde.ca\/fr\/wp-json\/wp\/v2\/media\/45629"}],"wp:attachment":[{"href":"https:\/\/www.qnde.ca\/fr\/wp-json\/wp\/v2\/media?parent=45641"}],"wp:term":[{"taxonomy":"product_brand","embeddable":true,"href":"https:\/\/www.qnde.ca\/fr\/wp-json\/wp\/v2\/product_brand?post=45641"},{"taxonomy":"product_cat","embeddable":true,"href":"https:\/\/www.qnde.ca\/fr\/wp-json\/wp\/v2\/product_cat?post=45641"},{"taxonomy":"product_tag","embeddable":true,"href":"https:\/\/www.qnde.ca\/fr\/wp-json\/wp\/v2\/product_tag?post=45641"}],"curies":[{"name":"wp","href":"https:\/\/api.w.org\/{rel}","templated":true}]}}