{"id":45496,"date":"2025-09-09T16:22:43","date_gmt":"2025-09-09T20:22:43","guid":{"rendered":"https:\/\/www.qnde.ca\/produit\/generateur-portable-parker-serie-p-pour-le-controle-magnetique\/"},"modified":"2025-11-11T14:06:32","modified_gmt":"2025-11-11T19:06:32","slug":"generateur-portable-parker-serie-p-pour-le-controle-magnetique","status":"publish","type":"product","link":"https:\/\/www.qnde.ca\/fr\/produit\/generateur-portable-parker-serie-p-pour-le-controle-magnetique\/","title":{"rendered":"G\u00e9n\u00e9rateur Portable Parker S\u00e9rie P pour le Contr\u00f4le Magn\u00e9tique"},"content":{"rendered":"<p data-start=\"119\" data-end=\"372\">Les g\u00e9n\u00e9rateurs \u00e9lectromagn\u00e9tiques portables sont un choix id\u00e9al pour les pi\u00e8ces grandes ou lourdes, les \u00e9quipements mobiles en service ou les inspections sur site\/chantier.<br data-start=\"292\" data-end=\"295\" \/>Contactez-nous pour discuter des options disponibles et\/ou recevoir un devis.<\/p>\n<ul>\n<li data-start=\"376\" data-end=\"499\">DA-750 : Bloc d\u2019alimentation portable Parker, 120 VCA, 60 Hz, 27 A. Sortie 750 A CC demi-onde ou CA, 19,5 kg (43 lb).<\/li>\n<li data-start=\"376\" data-end=\"499\">DA-750 : Bloc d\u2019alimentation portable Parker, 240 VCA, 60 Hz, 14 A. Sortie 750 A CC demi-onde ou CA, 19,5 kg (43 lb).<\/li>\n<li data-start=\"628\" data-end=\"755\">DA-1500 : Bloc d\u2019alimentation portable Parker, 240 VCA, 60 Hz, 45 A. Sortie 1 500 A CC demi-onde ou CA, 49,9 kg (110 lb).<\/li>\n<li data-start=\"758\" data-end=\"912\">DA-1500DR : Bloc d\u2019alimentation portable Parker avec affichage num\u00e9rique, 240 VCA, 60 Hz, 45 A. Sortie 1 500 A CC demi-onde ou CA, 49,9 kg (110 lb).<\/li>\n<li data-start=\"915\" data-end=\"993\">MA7RC : Ensemble interrupteur manuel \u00e0 distance, c\u00e2ble de 6,1 m (20 pi).<\/li>\n<li data-start=\"915\" data-end=\"993\">MA7FC : Ensemble interrupteur au pied \u00e0 distance, c\u00e2ble de 6,1 m (20 pi).<\/li>\n<\/ul>\n","protected":false},"excerpt":{"rendered":"<p>Les g\u00e9n\u00e9rateurs \u00e9lectromagn\u00e9tiques portables sont un choix id\u00e9al pour les pi\u00e8ces grandes ou lourdes, les \u00e9quipements mobiles en service ou les inspections sur site\/chantier.Contactez-nous pour discuter des options disponibles et\/ou recevoir un devis. DA-750 : Bloc d\u2019alimentation portable Parker, 120 VCA, 60 Hz, 27 A. Sortie 750 A CC demi-onde ou CA, 19,5 kg (43 [&hellip;]<\/p>\n","protected":false},"featured_media":45493,"template":"","meta":{"_monsterinsights_skip_tracking":false,"_monsterinsights_sitenote_active":false,"_monsterinsights_sitenote_note":"","_monsterinsights_sitenote_category":0},"product_brand":[],"product_cat":[395,132],"product_tag":[657,653,652,654,655,651,650,437,649,497,475,656],"class_list":{"0":"post-45496","1":"product","2":"type-product","3":"status-publish","4":"has-post-thumbnail","6":"product_cat-parker-research-fr","7":"product_cat-equipements-magnetoscopie","8":"product_tag-champs-magnetiques-en-courant-alternatif","9":"product_tag-electromagnetique","10":"product_tag-ensemble-de-batterie-rechargeable","11":"product_tag-equipement-mobile","12":"product_tag-generatrices","13":"product_tag-inspection-fr","14":"product_tag-inspection-mganetique","15":"product_tag-ndt-fr","16":"product_tag-parker-fr","17":"product_tag-qnde-fr","18":"product_tag-quality-control-fr","19":"product_tag-robuste","21":"first","22":"instock","23":"shipping-taxable","24":"product-type-simple"},"yoast_head":"<!-- This site is optimized with the Yoast SEO plugin v23.9 - https:\/\/yoast.com\/wordpress\/plugins\/seo\/ -->\n<title>G\u00e9n\u00e9rateur Portable Parker S\u00e9rie P pour le Contr\u00f4le Magn\u00e9tique &#060; Qualit\u00e9 NDE<\/title>\n<meta name=\"description\" content=\"Groupes \u00e9lectrog\u00e8nes portables Parker pour inspection magn\u00e9tique. Puissants, mobiles, id\u00e9als pour pi\u00e8ces lourdes. Demandez un devis.\" \/>\n<meta name=\"robots\" content=\"index, follow, max-snippet:-1, max-image-preview:large, max-video-preview:-1\" \/>\n<link rel=\"canonical\" href=\"https:\/\/www.qnde.ca\/fr\/produit\/generateur-portable-parker-serie-p-pour-le-controle-magnetique\/\" \/>\n<meta name=\"twitter:label1\" content=\"Dur\u00e9e de lecture estim\u00e9e\" \/>\n\t<meta name=\"twitter:data1\" content=\"1 minute\" \/>\n<script type=\"application\/ld+json\" class=\"yoast-schema-graph\">{\"@context\":\"https:\/\/schema.org\",\"@graph\":[{\"@type\":[\"WebPage\",\"ItemPage\"],\"@id\":\"https:\/\/www.qnde.ca\/fr\/produit\/generateur-portable-parker-serie-p-pour-le-controle-magnetique\/\",\"url\":\"https:\/\/www.qnde.ca\/fr\/produit\/generateur-portable-parker-serie-p-pour-le-controle-magnetique\/\",\"name\":\"G\u00e9n\u00e9rateur Portable Parker S\u00e9rie P pour le Contr\u00f4le Magn\u00e9tique &#060; Qualit\u00e9 NDE\",\"isPartOf\":{\"@id\":\"https:\/\/www.qnde.ca\/#website\"},\"primaryImageOfPage\":{\"@id\":\"https:\/\/www.qnde.ca\/fr\/produit\/generateur-portable-parker-serie-p-pour-le-controle-magnetique\/#primaryimage\"},\"image\":{\"@id\":\"https:\/\/www.qnde.ca\/fr\/produit\/generateur-portable-parker-serie-p-pour-le-controle-magnetique\/#primaryimage\"},\"thumbnailUrl\":\"https:\/\/www.qnde.ca\/wp-content\/uploads\/2025\/09\/Parker-DA-Series-Inspection-Magnetique-scaled.jpg\",\"datePublished\":\"2025-09-09T20:22:43+00:00\",\"dateModified\":\"2025-11-11T19:06:32+00:00\",\"description\":\"Groupes \u00e9lectrog\u00e8nes portables Parker pour inspection magn\u00e9tique. Puissants, mobiles, id\u00e9als pour pi\u00e8ces lourdes. Demandez un devis.\",\"breadcrumb\":{\"@id\":\"https:\/\/www.qnde.ca\/fr\/produit\/generateur-portable-parker-serie-p-pour-le-controle-magnetique\/#breadcrumb\"},\"inLanguage\":\"fr-FR\",\"potentialAction\":[{\"@type\":\"ReadAction\",\"target\":[\"https:\/\/www.qnde.ca\/fr\/produit\/generateur-portable-parker-serie-p-pour-le-controle-magnetique\/\"]}]},{\"@type\":\"ImageObject\",\"inLanguage\":\"fr-FR\",\"@id\":\"https:\/\/www.qnde.ca\/fr\/produit\/generateur-portable-parker-serie-p-pour-le-controle-magnetique\/#primaryimage\",\"url\":\"https:\/\/www.qnde.ca\/wp-content\/uploads\/2025\/09\/Parker-DA-Series-Inspection-Magnetique-scaled.jpg\",\"contentUrl\":\"https:\/\/www.qnde.ca\/wp-content\/uploads\/2025\/09\/Parker-DA-Series-Inspection-Magnetique-scaled.jpg\",\"width\":2048,\"height\":2048,\"caption\":\"DA-1500 : Bloc d\u2019alimentation portable Parker\"},{\"@type\":\"BreadcrumbList\",\"@id\":\"https:\/\/www.qnde.ca\/fr\/produit\/generateur-portable-parker-serie-p-pour-le-controle-magnetique\/#breadcrumb\",\"itemListElement\":[{\"@type\":\"ListItem\",\"position\":1,\"name\":\"Accueil\",\"item\":\"https:\/\/www.qnde.ca\/fr\/\"},{\"@type\":\"ListItem\",\"position\":2,\"name\":\"Produits\",\"item\":\"https:\/\/www.qnde.ca\/fr\/produits\/\"},{\"@type\":\"ListItem\",\"position\":3,\"name\":\"Marques\",\"item\":\"https:\/\/www.qnde.ca\/fr\/product-category\/marques\/\"},{\"@type\":\"ListItem\",\"position\":4,\"name\":\"Parker Research Corporation\",\"item\":\"https:\/\/www.qnde.ca\/fr\/product-category\/marques\/parker-research-fr\/\"},{\"@type\":\"ListItem\",\"position\":5,\"name\":\"G\u00e9n\u00e9rateur Portable Parker S\u00e9rie P pour le Contr\u00f4le Magn\u00e9tique\"}]},{\"@type\":\"WebSite\",\"@id\":\"https:\/\/www.qnde.ca\/#website\",\"url\":\"https:\/\/www.qnde.ca\/\",\"name\":\"Qualit\u00e9 NDE\",\"description\":\"\u00c9quipements d&#039;essais non destructifs \",\"publisher\":{\"@id\":\"https:\/\/www.qnde.ca\/#organization\"},\"potentialAction\":[{\"@type\":\"SearchAction\",\"target\":{\"@type\":\"EntryPoint\",\"urlTemplate\":\"https:\/\/www.qnde.ca\/?s={search_term_string}\"},\"query-input\":{\"@type\":\"PropertyValueSpecification\",\"valueRequired\":true,\"valueName\":\"search_term_string\"}}],\"inLanguage\":\"fr-FR\"},{\"@type\":\"Organization\",\"@id\":\"https:\/\/www.qnde.ca\/#organization\",\"name\":\"Quality NDT Ltd.\",\"url\":\"https:\/\/www.qnde.ca\/\",\"logo\":{\"@type\":\"ImageObject\",\"inLanguage\":\"fr-FR\",\"@id\":\"https:\/\/www.qnde.ca\/#\/schema\/logo\/image\/\",\"url\":\"https:\/\/www.qnde.ca\/wp-content\/uploads\/2022\/02\/QNDE_logo_RGB-gif.gif\",\"contentUrl\":\"https:\/\/www.qnde.ca\/wp-content\/uploads\/2022\/02\/QNDE_logo_RGB-gif.gif\",\"width\":250,\"height\":64,\"caption\":\"Quality NDT Ltd.\"},\"image\":{\"@id\":\"https:\/\/www.qnde.ca\/#\/schema\/logo\/image\/\"},\"sameAs\":[\"https:\/\/www.linkedin.com\/company\/qnde\/about\/?viewAsMember=true\"]}]}<\/script>\n<!-- \/ Yoast SEO plugin. -->","yoast_head_json":{"title":"G\u00e9n\u00e9rateur Portable Parker S\u00e9rie P pour le Contr\u00f4le Magn\u00e9tique &#060; Qualit\u00e9 NDE","description":"Groupes \u00e9lectrog\u00e8nes portables Parker pour inspection magn\u00e9tique. Puissants, mobiles, id\u00e9als pour pi\u00e8ces lourdes. Demandez un devis.","robots":{"index":"index","follow":"follow","max-snippet":"max-snippet:-1","max-image-preview":"max-image-preview:large","max-video-preview":"max-video-preview:-1"},"canonical":"https:\/\/www.qnde.ca\/fr\/produit\/generateur-portable-parker-serie-p-pour-le-controle-magnetique\/","twitter_misc":{"Dur\u00e9e de lecture estim\u00e9e":"1 minute"},"schema":{"@context":"https:\/\/schema.org","@graph":[{"@type":["WebPage","ItemPage"],"@id":"https:\/\/www.qnde.ca\/fr\/produit\/generateur-portable-parker-serie-p-pour-le-controle-magnetique\/","url":"https:\/\/www.qnde.ca\/fr\/produit\/generateur-portable-parker-serie-p-pour-le-controle-magnetique\/","name":"G\u00e9n\u00e9rateur Portable Parker S\u00e9rie P pour le Contr\u00f4le Magn\u00e9tique &#060; Qualit\u00e9 NDE","isPartOf":{"@id":"https:\/\/www.qnde.ca\/#website"},"primaryImageOfPage":{"@id":"https:\/\/www.qnde.ca\/fr\/produit\/generateur-portable-parker-serie-p-pour-le-controle-magnetique\/#primaryimage"},"image":{"@id":"https:\/\/www.qnde.ca\/fr\/produit\/generateur-portable-parker-serie-p-pour-le-controle-magnetique\/#primaryimage"},"thumbnailUrl":"https:\/\/www.qnde.ca\/wp-content\/uploads\/2025\/09\/Parker-DA-Series-Inspection-Magnetique-scaled.jpg","datePublished":"2025-09-09T20:22:43+00:00","dateModified":"2025-11-11T19:06:32+00:00","description":"Groupes \u00e9lectrog\u00e8nes portables Parker pour inspection magn\u00e9tique. Puissants, mobiles, id\u00e9als pour pi\u00e8ces lourdes. Demandez un devis.","breadcrumb":{"@id":"https:\/\/www.qnde.ca\/fr\/produit\/generateur-portable-parker-serie-p-pour-le-controle-magnetique\/#breadcrumb"},"inLanguage":"fr-FR","potentialAction":[{"@type":"ReadAction","target":["https:\/\/www.qnde.ca\/fr\/produit\/generateur-portable-parker-serie-p-pour-le-controle-magnetique\/"]}]},{"@type":"ImageObject","inLanguage":"fr-FR","@id":"https:\/\/www.qnde.ca\/fr\/produit\/generateur-portable-parker-serie-p-pour-le-controle-magnetique\/#primaryimage","url":"https:\/\/www.qnde.ca\/wp-content\/uploads\/2025\/09\/Parker-DA-Series-Inspection-Magnetique-scaled.jpg","contentUrl":"https:\/\/www.qnde.ca\/wp-content\/uploads\/2025\/09\/Parker-DA-Series-Inspection-Magnetique-scaled.jpg","width":2048,"height":2048,"caption":"DA-1500 : Bloc d\u2019alimentation portable Parker"},{"@type":"BreadcrumbList","@id":"https:\/\/www.qnde.ca\/fr\/produit\/generateur-portable-parker-serie-p-pour-le-controle-magnetique\/#breadcrumb","itemListElement":[{"@type":"ListItem","position":1,"name":"Accueil","item":"https:\/\/www.qnde.ca\/fr\/"},{"@type":"ListItem","position":2,"name":"Produits","item":"https:\/\/www.qnde.ca\/fr\/produits\/"},{"@type":"ListItem","position":3,"name":"Marques","item":"https:\/\/www.qnde.ca\/fr\/product-category\/marques\/"},{"@type":"ListItem","position":4,"name":"Parker Research Corporation","item":"https:\/\/www.qnde.ca\/fr\/product-category\/marques\/parker-research-fr\/"},{"@type":"ListItem","position":5,"name":"G\u00e9n\u00e9rateur Portable Parker S\u00e9rie P pour le Contr\u00f4le Magn\u00e9tique"}]},{"@type":"WebSite","@id":"https:\/\/www.qnde.ca\/#website","url":"https:\/\/www.qnde.ca\/","name":"Qualit\u00e9 NDE","description":"\u00c9quipements d&#039;essais non destructifs ","publisher":{"@id":"https:\/\/www.qnde.ca\/#organization"},"potentialAction":[{"@type":"SearchAction","target":{"@type":"EntryPoint","urlTemplate":"https:\/\/www.qnde.ca\/?s={search_term_string}"},"query-input":{"@type":"PropertyValueSpecification","valueRequired":true,"valueName":"search_term_string"}}],"inLanguage":"fr-FR"},{"@type":"Organization","@id":"https:\/\/www.qnde.ca\/#organization","name":"Quality NDT Ltd.","url":"https:\/\/www.qnde.ca\/","logo":{"@type":"ImageObject","inLanguage":"fr-FR","@id":"https:\/\/www.qnde.ca\/#\/schema\/logo\/image\/","url":"https:\/\/www.qnde.ca\/wp-content\/uploads\/2022\/02\/QNDE_logo_RGB-gif.gif","contentUrl":"https:\/\/www.qnde.ca\/wp-content\/uploads\/2022\/02\/QNDE_logo_RGB-gif.gif","width":250,"height":64,"caption":"Quality NDT Ltd."},"image":{"@id":"https:\/\/www.qnde.ca\/#\/schema\/logo\/image\/"},"sameAs":["https:\/\/www.linkedin.com\/company\/qnde\/about\/?viewAsMember=true"]}]}},"jetpack_sharing_enabled":true,"_links":{"self":[{"href":"https:\/\/www.qnde.ca\/fr\/wp-json\/wp\/v2\/product\/45496","targetHints":{"allow":["GET"]}}],"collection":[{"href":"https:\/\/www.qnde.ca\/fr\/wp-json\/wp\/v2\/product"}],"about":[{"href":"https:\/\/www.qnde.ca\/fr\/wp-json\/wp\/v2\/types\/product"}],"wp:featuredmedia":[{"embeddable":true,"href":"https:\/\/www.qnde.ca\/fr\/wp-json\/wp\/v2\/media\/45493"}],"wp:attachment":[{"href":"https:\/\/www.qnde.ca\/fr\/wp-json\/wp\/v2\/media?parent=45496"}],"wp:term":[{"taxonomy":"product_brand","embeddable":true,"href":"https:\/\/www.qnde.ca\/fr\/wp-json\/wp\/v2\/product_brand?post=45496"},{"taxonomy":"product_cat","embeddable":true,"href":"https:\/\/www.qnde.ca\/fr\/wp-json\/wp\/v2\/product_cat?post=45496"},{"taxonomy":"product_tag","embeddable":true,"href":"https:\/\/www.qnde.ca\/fr\/wp-json\/wp\/v2\/product_tag?post=45496"}],"curies":[{"name":"wp","href":"https:\/\/api.w.org\/{rel}","templated":true}]}}