{"id":4529,"date":"2016-01-11T16:21:37","date_gmt":"2016-01-11T16:21:37","guid":{"rendered":"https:\/\/www.qnde.ca\/?post_type=product&#038;p=4529"},"modified":"2025-08-12T11:58:18","modified_gmt":"2025-08-12T15:58:18","slug":"magnaflux-14am-sispension","status":"publish","type":"product","link":"https:\/\/www.qnde.ca\/fr\/produit\/magnaflux-14am-sispension\/","title":{"rendered":"Magnaflux, 14AM, Suspension des Particules Magn\u00e9tiques Fluorescentes \u00e0 Base d\u2019Huile"},"content":{"rendered":"<p><strong>Magnaflux, 14AM, Suspension des Particules Magn\u00e9tiques Fluorescentes \u00e0 Base d\u2019Huile<\/strong><\/p>\n<p>Pr\u00eat \u00e0 utiliser suspension de particules magn\u00e9tiques fluorescentes 14A \u00e0 base d&rsquo;huile dans un Carrier II.<\/p>\n<ul>\n<li>MG14AM-4: Magnaglo 14AM, 473ml (16oz) a\u00e9rosol (caisse de 12).<\/li>\n<li>MG14AM-1: Magnaglo 14AM, 18.9L (5gal) chaudi\u00e8re.<\/li>\n<\/ul>\n","protected":false},"excerpt":{"rendered":"<p>Magnaflux, 14AM, Suspension des Particules Magn\u00e9tiques Fluorescentes \u00e0 Base d\u2019Huile Pr\u00eat \u00e0 utiliser suspension de particules magn\u00e9tiques fluorescentes 14A \u00e0 base d&rsquo;huile dans un Carrier II. MG14AM-4: Magnaglo 14AM, 473ml (16oz) a\u00e9rosol (caisse de 12). MG14AM-1: Magnaglo 14AM, 18.9L (5gal) chaudi\u00e8re.<\/p>\n","protected":false},"featured_media":13219,"template":"","meta":{"_monsterinsights_skip_tracking":false,"_monsterinsights_sitenote_active":false,"_monsterinsights_sitenote_note":"","_monsterinsights_sitenote_category":0},"product_brand":[],"product_cat":[369,131],"product_tag":[],"class_list":{"0":"post-4529","1":"product","2":"type-product","3":"status-publish","4":"has-post-thumbnail","6":"product_cat-magnaflux-fr","7":"product_cat-particules-magnetiques-fluorescentes","9":"first","10":"instock","11":"shipping-taxable","12":"purchasable","13":"product-type-variable"},"yoast_head":"<!-- This site is optimized with the Yoast SEO plugin v23.9 - https:\/\/yoast.com\/wordpress\/plugins\/seo\/ -->\n<title>Magnaflux, 14AM, Suspension des Particules Magn\u00e9tiques Fluorescentes \u00e0 Base d\u2019Huile &#060; Qualit\u00e9 NDE<\/title>\n<meta name=\"description\" content=\"Magnaflux 14AM : suspension pr\u00eate \u00e0 l\u2019emploi de particules magn\u00e9tiques fluorescentes 14A \u00e0 base d\u2019huile, dans un Carrier II.\" \/>\n<meta name=\"robots\" content=\"index, follow, max-snippet:-1, max-image-preview:large, max-video-preview:-1\" \/>\n<link rel=\"canonical\" href=\"https:\/\/www.qnde.ca\/fr\/produit\/magnaflux-14am-sispension\/\" \/>\n<meta name=\"twitter:label1\" content=\"Dur\u00e9e de lecture estim\u00e9e\" \/>\n\t<meta name=\"twitter:data1\" content=\"1 minute\" \/>\n<script type=\"application\/ld+json\" class=\"yoast-schema-graph\">{\"@context\":\"https:\/\/schema.org\",\"@graph\":[{\"@type\":[\"WebPage\",\"ItemPage\"],\"@id\":\"https:\/\/www.qnde.ca\/fr\/produit\/magnaflux-14am-sispension\/\",\"url\":\"https:\/\/www.qnde.ca\/fr\/produit\/magnaflux-14am-sispension\/\",\"name\":\"Magnaflux, 14AM, Suspension des Particules Magn\u00e9tiques Fluorescentes \u00e0 Base d\u2019Huile &#060; Qualit\u00e9 NDE\",\"isPartOf\":{\"@id\":\"https:\/\/www.qnde.ca\/#website\"},\"primaryImageOfPage\":{\"@id\":\"https:\/\/www.qnde.ca\/fr\/produit\/magnaflux-14am-sispension\/#primaryimage\"},\"image\":{\"@id\":\"https:\/\/www.qnde.ca\/fr\/produit\/magnaflux-14am-sispension\/#primaryimage\"},\"thumbnailUrl\":\"https:\/\/www.qnde.ca\/wp-content\/uploads\/2020\/12\/01-0145-14AM-Group.jpg\",\"datePublished\":\"2016-01-11T16:21:37+00:00\",\"dateModified\":\"2025-08-12T15:58:18+00:00\",\"description\":\"Magnaflux 14AM : suspension pr\u00eate \u00e0 l\u2019emploi de particules magn\u00e9tiques fluorescentes 14A \u00e0 base d\u2019huile, dans un Carrier II.\",\"breadcrumb\":{\"@id\":\"https:\/\/www.qnde.ca\/fr\/produit\/magnaflux-14am-sispension\/#breadcrumb\"},\"inLanguage\":\"fr-FR\",\"potentialAction\":[{\"@type\":\"ReadAction\",\"target\":[\"https:\/\/www.qnde.ca\/fr\/produit\/magnaflux-14am-sispension\/\"]}]},{\"@type\":\"ImageObject\",\"inLanguage\":\"fr-FR\",\"@id\":\"https:\/\/www.qnde.ca\/fr\/produit\/magnaflux-14am-sispension\/#primaryimage\",\"url\":\"https:\/\/www.qnde.ca\/wp-content\/uploads\/2020\/12\/01-0145-14AM-Group.jpg\",\"contentUrl\":\"https:\/\/www.qnde.ca\/wp-content\/uploads\/2020\/12\/01-0145-14AM-Group.jpg\",\"width\":2000,\"height\":2000},{\"@type\":\"BreadcrumbList\",\"@id\":\"https:\/\/www.qnde.ca\/fr\/produit\/magnaflux-14am-sispension\/#breadcrumb\",\"itemListElement\":[{\"@type\":\"ListItem\",\"position\":1,\"name\":\"Accueil\",\"item\":\"https:\/\/www.qnde.ca\/fr\/\"},{\"@type\":\"ListItem\",\"position\":2,\"name\":\"Produits\",\"item\":\"https:\/\/www.qnde.ca\/fr\/produits\/\"},{\"@type\":\"ListItem\",\"position\":3,\"name\":\"Marques\",\"item\":\"https:\/\/www.qnde.ca\/fr\/product-category\/marques\/\"},{\"@type\":\"ListItem\",\"position\":4,\"name\":\"Magnaflux\",\"item\":\"https:\/\/www.qnde.ca\/fr\/product-category\/marques\/magnaflux-fr\/\"},{\"@type\":\"ListItem\",\"position\":5,\"name\":\"Magnaflux, 14AM, Suspension des Particules Magn\u00e9tiques Fluorescentes \u00e0 Base d\u2019Huile\"}]},{\"@type\":\"WebSite\",\"@id\":\"https:\/\/www.qnde.ca\/#website\",\"url\":\"https:\/\/www.qnde.ca\/\",\"name\":\"Qualit\u00e9 NDE\",\"description\":\"\u00c9quipements d&#039;essais non destructifs \",\"publisher\":{\"@id\":\"https:\/\/www.qnde.ca\/#organization\"},\"potentialAction\":[{\"@type\":\"SearchAction\",\"target\":{\"@type\":\"EntryPoint\",\"urlTemplate\":\"https:\/\/www.qnde.ca\/?s={search_term_string}\"},\"query-input\":{\"@type\":\"PropertyValueSpecification\",\"valueRequired\":true,\"valueName\":\"search_term_string\"}}],\"inLanguage\":\"fr-FR\"},{\"@type\":\"Organization\",\"@id\":\"https:\/\/www.qnde.ca\/#organization\",\"name\":\"Quality NDT Ltd.\",\"url\":\"https:\/\/www.qnde.ca\/\",\"logo\":{\"@type\":\"ImageObject\",\"inLanguage\":\"fr-FR\",\"@id\":\"https:\/\/www.qnde.ca\/#\/schema\/logo\/image\/\",\"url\":\"https:\/\/www.qnde.ca\/wp-content\/uploads\/2022\/02\/QNDE_logo_RGB-gif.gif\",\"contentUrl\":\"https:\/\/www.qnde.ca\/wp-content\/uploads\/2022\/02\/QNDE_logo_RGB-gif.gif\",\"width\":250,\"height\":64,\"caption\":\"Quality NDT Ltd.\"},\"image\":{\"@id\":\"https:\/\/www.qnde.ca\/#\/schema\/logo\/image\/\"},\"sameAs\":[\"https:\/\/www.linkedin.com\/company\/qnde\/about\/?viewAsMember=true\"]}]}<\/script>\n<!-- \/ Yoast SEO plugin. -->","yoast_head_json":{"title":"Magnaflux, 14AM, Suspension des Particules Magn\u00e9tiques Fluorescentes \u00e0 Base d\u2019Huile &#060; Qualit\u00e9 NDE","description":"Magnaflux 14AM : suspension pr\u00eate \u00e0 l\u2019emploi de particules magn\u00e9tiques fluorescentes 14A \u00e0 base d\u2019huile, dans un Carrier II.","robots":{"index":"index","follow":"follow","max-snippet":"max-snippet:-1","max-image-preview":"max-image-preview:large","max-video-preview":"max-video-preview:-1"},"canonical":"https:\/\/www.qnde.ca\/fr\/produit\/magnaflux-14am-sispension\/","twitter_misc":{"Dur\u00e9e de lecture estim\u00e9e":"1 minute"},"schema":{"@context":"https:\/\/schema.org","@graph":[{"@type":["WebPage","ItemPage"],"@id":"https:\/\/www.qnde.ca\/fr\/produit\/magnaflux-14am-sispension\/","url":"https:\/\/www.qnde.ca\/fr\/produit\/magnaflux-14am-sispension\/","name":"Magnaflux, 14AM, Suspension des Particules Magn\u00e9tiques Fluorescentes \u00e0 Base d\u2019Huile &#060; Qualit\u00e9 NDE","isPartOf":{"@id":"https:\/\/www.qnde.ca\/#website"},"primaryImageOfPage":{"@id":"https:\/\/www.qnde.ca\/fr\/produit\/magnaflux-14am-sispension\/#primaryimage"},"image":{"@id":"https:\/\/www.qnde.ca\/fr\/produit\/magnaflux-14am-sispension\/#primaryimage"},"thumbnailUrl":"https:\/\/www.qnde.ca\/wp-content\/uploads\/2020\/12\/01-0145-14AM-Group.jpg","datePublished":"2016-01-11T16:21:37+00:00","dateModified":"2025-08-12T15:58:18+00:00","description":"Magnaflux 14AM : suspension pr\u00eate \u00e0 l\u2019emploi de particules magn\u00e9tiques fluorescentes 14A \u00e0 base d\u2019huile, dans un Carrier II.","breadcrumb":{"@id":"https:\/\/www.qnde.ca\/fr\/produit\/magnaflux-14am-sispension\/#breadcrumb"},"inLanguage":"fr-FR","potentialAction":[{"@type":"ReadAction","target":["https:\/\/www.qnde.ca\/fr\/produit\/magnaflux-14am-sispension\/"]}]},{"@type":"ImageObject","inLanguage":"fr-FR","@id":"https:\/\/www.qnde.ca\/fr\/produit\/magnaflux-14am-sispension\/#primaryimage","url":"https:\/\/www.qnde.ca\/wp-content\/uploads\/2020\/12\/01-0145-14AM-Group.jpg","contentUrl":"https:\/\/www.qnde.ca\/wp-content\/uploads\/2020\/12\/01-0145-14AM-Group.jpg","width":2000,"height":2000},{"@type":"BreadcrumbList","@id":"https:\/\/www.qnde.ca\/fr\/produit\/magnaflux-14am-sispension\/#breadcrumb","itemListElement":[{"@type":"ListItem","position":1,"name":"Accueil","item":"https:\/\/www.qnde.ca\/fr\/"},{"@type":"ListItem","position":2,"name":"Produits","item":"https:\/\/www.qnde.ca\/fr\/produits\/"},{"@type":"ListItem","position":3,"name":"Marques","item":"https:\/\/www.qnde.ca\/fr\/product-category\/marques\/"},{"@type":"ListItem","position":4,"name":"Magnaflux","item":"https:\/\/www.qnde.ca\/fr\/product-category\/marques\/magnaflux-fr\/"},{"@type":"ListItem","position":5,"name":"Magnaflux, 14AM, Suspension des Particules Magn\u00e9tiques Fluorescentes \u00e0 Base d\u2019Huile"}]},{"@type":"WebSite","@id":"https:\/\/www.qnde.ca\/#website","url":"https:\/\/www.qnde.ca\/","name":"Qualit\u00e9 NDE","description":"\u00c9quipements d&#039;essais non destructifs ","publisher":{"@id":"https:\/\/www.qnde.ca\/#organization"},"potentialAction":[{"@type":"SearchAction","target":{"@type":"EntryPoint","urlTemplate":"https:\/\/www.qnde.ca\/?s={search_term_string}"},"query-input":{"@type":"PropertyValueSpecification","valueRequired":true,"valueName":"search_term_string"}}],"inLanguage":"fr-FR"},{"@type":"Organization","@id":"https:\/\/www.qnde.ca\/#organization","name":"Quality NDT Ltd.","url":"https:\/\/www.qnde.ca\/","logo":{"@type":"ImageObject","inLanguage":"fr-FR","@id":"https:\/\/www.qnde.ca\/#\/schema\/logo\/image\/","url":"https:\/\/www.qnde.ca\/wp-content\/uploads\/2022\/02\/QNDE_logo_RGB-gif.gif","contentUrl":"https:\/\/www.qnde.ca\/wp-content\/uploads\/2022\/02\/QNDE_logo_RGB-gif.gif","width":250,"height":64,"caption":"Quality NDT Ltd."},"image":{"@id":"https:\/\/www.qnde.ca\/#\/schema\/logo\/image\/"},"sameAs":["https:\/\/www.linkedin.com\/company\/qnde\/about\/?viewAsMember=true"]}]}},"jetpack_sharing_enabled":true,"_links":{"self":[{"href":"https:\/\/www.qnde.ca\/fr\/wp-json\/wp\/v2\/product\/4529","targetHints":{"allow":["GET"]}}],"collection":[{"href":"https:\/\/www.qnde.ca\/fr\/wp-json\/wp\/v2\/product"}],"about":[{"href":"https:\/\/www.qnde.ca\/fr\/wp-json\/wp\/v2\/types\/product"}],"wp:featuredmedia":[{"embeddable":true,"href":"https:\/\/www.qnde.ca\/fr\/wp-json\/wp\/v2\/media\/13219"}],"wp:attachment":[{"href":"https:\/\/www.qnde.ca\/fr\/wp-json\/wp\/v2\/media?parent=4529"}],"wp:term":[{"taxonomy":"product_brand","embeddable":true,"href":"https:\/\/www.qnde.ca\/fr\/wp-json\/wp\/v2\/product_brand?post=4529"},{"taxonomy":"product_cat","embeddable":true,"href":"https:\/\/www.qnde.ca\/fr\/wp-json\/wp\/v2\/product_cat?post=4529"},{"taxonomy":"product_tag","embeddable":true,"href":"https:\/\/www.qnde.ca\/fr\/wp-json\/wp\/v2\/product_tag?post=4529"}],"curies":[{"name":"wp","href":"https:\/\/api.w.org\/{rel}","templated":true}]}}