{"id":45119,"date":"2025-08-13T10:07:33","date_gmt":"2025-08-13T15:03:31","guid":{"rendered":"https:\/\/www.qnde.ca\/?post_type=product&#038;p=45119"},"modified":"2025-08-13T11:48:02","modified_gmt":"2025-08-13T15:48:02","slug":"alphalab-gm2-gaussmetre-numerique","status":"publish","type":"product","link":"https:\/\/www.qnde.ca\/fr\/produit\/alphalab-gm2-gaussmetre-numerique\/","title":{"rendered":"Alphalab GM2 Gaussm\u00e8tre num\u00e9rique"},"content":{"rendered":"<p><strong>Gaussm\u00e8tre num\u00e9rique Alphalab GM2<\/strong><\/p>\n<p>Gaussm\u00e8tre num\u00e9rique \u00e0 haute port\u00e9e con\u00e7u pour mesurer les champs magn\u00e9tiques DC ou AC de 0,0 \u00e0 29 999 gauss par pas de 0,1 gauss.<br \/>\nComprend une sonde avec c\u00e2ble de 39\u201d (100 cm), alarme programmable, fonction Peak Hold (exigence NADCAP), enregistrement de donn\u00e9es, c\u00e2ble de donn\u00e9es microUSB et logiciel AlphaApp pour PC.<br \/>\nLivr\u00e9 avec un certificat d&rsquo;\u00e9talonnage tra\u00e7able NIST.<br \/>\nGarantie de 1 an.<\/p>\n<p>Aliment\u00e9 par une pile alcaline 9V, un adaptateur secteur (120-240VAC), ou directement via une connexion USB PC.<\/p>\n<p><strong>Sondes disponibles<\/strong><br \/>\n\u2022 Sonde standard (0 \u00e0 20 000 G) \u2013 Universelle.<br \/>\n\u2022 Sonde standard (0 \u00e0 20 000 G) \u2013 Axiale.<br \/>\n\u2022 Sonde standard (0 \u00e0 20 000 G) \u2013 Transversale.<br \/>\n\u2022 Sonde haute stabilit\u00e9 (0 \u00e0 800 G) \u2013 Universelle.<br \/>\n\u2022 Sonde haute stabilit\u00e9 (0 \u00e0 800 G) \u2013 Transversale.<\/p>\n","protected":false},"excerpt":{"rendered":"<p>Gaussm\u00e8tre num\u00e9rique Alphalab GM2 Gaussm\u00e8tre num\u00e9rique \u00e0 haute port\u00e9e con\u00e7u pour mesurer les champs magn\u00e9tiques DC ou AC de 0,0 \u00e0 29 999 gauss par pas de 0,1 gauss. Comprend une sonde avec c\u00e2ble de 39\u201d (100 cm), alarme programmable, fonction Peak Hold (exigence NADCAP), enregistrement de donn\u00e9es, c\u00e2ble de donn\u00e9es microUSB et logiciel AlphaApp [&hellip;]<\/p>\n","protected":false},"featured_media":45114,"template":"","meta":{"_monsterinsights_skip_tracking":false,"_monsterinsights_sitenote_active":false,"_monsterinsights_sitenote_note":"","_monsterinsights_sitenote_category":0},"product_brand":[],"product_cat":[402,128],"product_tag":[626,634,635,633,630,629,628,627,437,462,497,636,632,631],"class_list":{"0":"post-45119","1":"product","2":"type-product","3":"status-publish","4":"has-post-thumbnail","6":"product_cat-autres-marques","7":"product_cat-accessoires-ultrasons","8":"product_tag-alphalab-fr","9":"product_tag-champs-magnetiques-ac","10":"product_tag-champs-magnetiques-dc","11":"product_tag-gauss-fr","12":"product_tag-gaussmetre","13":"product_tag-gaussmetre-numerique","14":"product_tag-gm-2-fr","15":"product_tag-gm2-fr","16":"product_tag-ndt-fr","17":"product_tag-probes-fr","18":"product_tag-qnde-fr","19":"product_tag-residual-magnetic-field-fr","20":"product_tag-sonde-axial","21":"product_tag-traverse-magnetic-field-fr","23":"first","24":"instock","25":"shipping-taxable","26":"product-type-variable"},"yoast_head":"<!-- This site is optimized with the Yoast SEO plugin v23.9 - https:\/\/yoast.com\/wordpress\/plugins\/seo\/ -->\n<title>Alphalab GM2 Gaussm\u00e8tre num\u00e9rique &#060; Qualit\u00e9 NDE<\/title>\n<meta name=\"description\" content=\"Alphalab GM2 gaussm\u00e8tre num\u00e9rique mesure les champs magn\u00e9tiques DC\/AC de 0,0 \u00e0 29 999 gauss. Fonction Peak hold, certificat NIST. Garantie de 1 an.\" \/>\n<meta name=\"robots\" content=\"index, follow, max-snippet:-1, max-image-preview:large, max-video-preview:-1\" \/>\n<link rel=\"canonical\" href=\"https:\/\/www.qnde.ca\/fr\/produit\/alphalab-gm2-gaussmetre-numerique\/\" \/>\n<meta name=\"twitter:label1\" content=\"Dur\u00e9e de lecture estim\u00e9e\" \/>\n\t<meta name=\"twitter:data1\" content=\"1 minute\" \/>\n<script type=\"application\/ld+json\" class=\"yoast-schema-graph\">{\"@context\":\"https:\/\/schema.org\",\"@graph\":[{\"@type\":[\"WebPage\",\"ItemPage\"],\"@id\":\"https:\/\/www.qnde.ca\/fr\/produit\/alphalab-gm2-gaussmetre-numerique\/\",\"url\":\"https:\/\/www.qnde.ca\/fr\/produit\/alphalab-gm2-gaussmetre-numerique\/\",\"name\":\"Alphalab GM2 Gaussm\u00e8tre num\u00e9rique &#060; Qualit\u00e9 NDE\",\"isPartOf\":{\"@id\":\"https:\/\/www.qnde.ca\/#website\"},\"primaryImageOfPage\":{\"@id\":\"https:\/\/www.qnde.ca\/fr\/produit\/alphalab-gm2-gaussmetre-numerique\/#primaryimage\"},\"image\":{\"@id\":\"https:\/\/www.qnde.ca\/fr\/produit\/alphalab-gm2-gaussmetre-numerique\/#primaryimage\"},\"thumbnailUrl\":\"https:\/\/www.qnde.ca\/wp-content\/uploads\/2025\/08\/Alphalab-Gauss-Meter-GM2-with-Probe.jpg\",\"datePublished\":\"2025-08-13T15:03:31+00:00\",\"dateModified\":\"2025-08-13T15:48:02+00:00\",\"description\":\"Alphalab GM2 gaussm\u00e8tre num\u00e9rique mesure les champs magn\u00e9tiques DC\/AC de 0,0 \u00e0 29 999 gauss. Fonction Peak hold, certificat NIST. Garantie de 1 an.\",\"breadcrumb\":{\"@id\":\"https:\/\/www.qnde.ca\/fr\/produit\/alphalab-gm2-gaussmetre-numerique\/#breadcrumb\"},\"inLanguage\":\"fr-FR\",\"potentialAction\":[{\"@type\":\"ReadAction\",\"target\":[\"https:\/\/www.qnde.ca\/fr\/produit\/alphalab-gm2-gaussmetre-numerique\/\"]}]},{\"@type\":\"ImageObject\",\"inLanguage\":\"fr-FR\",\"@id\":\"https:\/\/www.qnde.ca\/fr\/produit\/alphalab-gm2-gaussmetre-numerique\/#primaryimage\",\"url\":\"https:\/\/www.qnde.ca\/wp-content\/uploads\/2025\/08\/Alphalab-Gauss-Meter-GM2-with-Probe.jpg\",\"contentUrl\":\"https:\/\/www.qnde.ca\/wp-content\/uploads\/2025\/08\/Alphalab-Gauss-Meter-GM2-with-Probe.jpg\",\"width\":800,\"height\":800,\"caption\":\"Gaussm\u00e8tre Alphalab GM2 avec sonde\"},{\"@type\":\"BreadcrumbList\",\"@id\":\"https:\/\/www.qnde.ca\/fr\/produit\/alphalab-gm2-gaussmetre-numerique\/#breadcrumb\",\"itemListElement\":[{\"@type\":\"ListItem\",\"position\":1,\"name\":\"Accueil\",\"item\":\"https:\/\/www.qnde.ca\/fr\/\"},{\"@type\":\"ListItem\",\"position\":2,\"name\":\"Produits\",\"item\":\"https:\/\/www.qnde.ca\/fr\/produits\/\"},{\"@type\":\"ListItem\",\"position\":3,\"name\":\"Brands\",\"item\":\"https:\/\/www.qnde.ca\/product-category\/brands\/\"},{\"@type\":\"ListItem\",\"position\":4,\"name\":\"Other Brands\",\"item\":\"https:\/\/www.qnde.ca\/product-category\/brands\/other-brands\/\"},{\"@type\":\"ListItem\",\"position\":5,\"name\":\"Alphalab GM2 Gaussm\u00e8tre num\u00e9rique\"}]},{\"@type\":\"WebSite\",\"@id\":\"https:\/\/www.qnde.ca\/#website\",\"url\":\"https:\/\/www.qnde.ca\/\",\"name\":\"Qualit\u00e9 NDE\",\"description\":\"\u00c9quipements d&#039;essais non destructifs \",\"publisher\":{\"@id\":\"https:\/\/www.qnde.ca\/#organization\"},\"potentialAction\":[{\"@type\":\"SearchAction\",\"target\":{\"@type\":\"EntryPoint\",\"urlTemplate\":\"https:\/\/www.qnde.ca\/?s={search_term_string}\"},\"query-input\":{\"@type\":\"PropertyValueSpecification\",\"valueRequired\":true,\"valueName\":\"search_term_string\"}}],\"inLanguage\":\"fr-FR\"},{\"@type\":\"Organization\",\"@id\":\"https:\/\/www.qnde.ca\/#organization\",\"name\":\"Quality NDT Ltd.\",\"url\":\"https:\/\/www.qnde.ca\/\",\"logo\":{\"@type\":\"ImageObject\",\"inLanguage\":\"fr-FR\",\"@id\":\"https:\/\/www.qnde.ca\/#\/schema\/logo\/image\/\",\"url\":\"https:\/\/www.qnde.ca\/wp-content\/uploads\/2022\/02\/QNDE_logo_RGB-gif.gif\",\"contentUrl\":\"https:\/\/www.qnde.ca\/wp-content\/uploads\/2022\/02\/QNDE_logo_RGB-gif.gif\",\"width\":250,\"height\":64,\"caption\":\"Quality NDT Ltd.\"},\"image\":{\"@id\":\"https:\/\/www.qnde.ca\/#\/schema\/logo\/image\/\"},\"sameAs\":[\"https:\/\/www.linkedin.com\/company\/qnde\/about\/?viewAsMember=true\"]}]}<\/script>\n<!-- \/ Yoast SEO plugin. -->","yoast_head_json":{"title":"Alphalab GM2 Gaussm\u00e8tre num\u00e9rique &#060; Qualit\u00e9 NDE","description":"Alphalab GM2 gaussm\u00e8tre num\u00e9rique mesure les champs magn\u00e9tiques DC\/AC de 0,0 \u00e0 29 999 gauss. Fonction Peak hold, certificat NIST. Garantie de 1 an.","robots":{"index":"index","follow":"follow","max-snippet":"max-snippet:-1","max-image-preview":"max-image-preview:large","max-video-preview":"max-video-preview:-1"},"canonical":"https:\/\/www.qnde.ca\/fr\/produit\/alphalab-gm2-gaussmetre-numerique\/","twitter_misc":{"Dur\u00e9e de lecture estim\u00e9e":"1 minute"},"schema":{"@context":"https:\/\/schema.org","@graph":[{"@type":["WebPage","ItemPage"],"@id":"https:\/\/www.qnde.ca\/fr\/produit\/alphalab-gm2-gaussmetre-numerique\/","url":"https:\/\/www.qnde.ca\/fr\/produit\/alphalab-gm2-gaussmetre-numerique\/","name":"Alphalab GM2 Gaussm\u00e8tre num\u00e9rique &#060; Qualit\u00e9 NDE","isPartOf":{"@id":"https:\/\/www.qnde.ca\/#website"},"primaryImageOfPage":{"@id":"https:\/\/www.qnde.ca\/fr\/produit\/alphalab-gm2-gaussmetre-numerique\/#primaryimage"},"image":{"@id":"https:\/\/www.qnde.ca\/fr\/produit\/alphalab-gm2-gaussmetre-numerique\/#primaryimage"},"thumbnailUrl":"https:\/\/www.qnde.ca\/wp-content\/uploads\/2025\/08\/Alphalab-Gauss-Meter-GM2-with-Probe.jpg","datePublished":"2025-08-13T15:03:31+00:00","dateModified":"2025-08-13T15:48:02+00:00","description":"Alphalab GM2 gaussm\u00e8tre num\u00e9rique mesure les champs magn\u00e9tiques DC\/AC de 0,0 \u00e0 29 999 gauss. Fonction Peak hold, certificat NIST. Garantie de 1 an.","breadcrumb":{"@id":"https:\/\/www.qnde.ca\/fr\/produit\/alphalab-gm2-gaussmetre-numerique\/#breadcrumb"},"inLanguage":"fr-FR","potentialAction":[{"@type":"ReadAction","target":["https:\/\/www.qnde.ca\/fr\/produit\/alphalab-gm2-gaussmetre-numerique\/"]}]},{"@type":"ImageObject","inLanguage":"fr-FR","@id":"https:\/\/www.qnde.ca\/fr\/produit\/alphalab-gm2-gaussmetre-numerique\/#primaryimage","url":"https:\/\/www.qnde.ca\/wp-content\/uploads\/2025\/08\/Alphalab-Gauss-Meter-GM2-with-Probe.jpg","contentUrl":"https:\/\/www.qnde.ca\/wp-content\/uploads\/2025\/08\/Alphalab-Gauss-Meter-GM2-with-Probe.jpg","width":800,"height":800,"caption":"Gaussm\u00e8tre Alphalab GM2 avec sonde"},{"@type":"BreadcrumbList","@id":"https:\/\/www.qnde.ca\/fr\/produit\/alphalab-gm2-gaussmetre-numerique\/#breadcrumb","itemListElement":[{"@type":"ListItem","position":1,"name":"Accueil","item":"https:\/\/www.qnde.ca\/fr\/"},{"@type":"ListItem","position":2,"name":"Produits","item":"https:\/\/www.qnde.ca\/fr\/produits\/"},{"@type":"ListItem","position":3,"name":"Brands","item":"https:\/\/www.qnde.ca\/product-category\/brands\/"},{"@type":"ListItem","position":4,"name":"Other Brands","item":"https:\/\/www.qnde.ca\/product-category\/brands\/other-brands\/"},{"@type":"ListItem","position":5,"name":"Alphalab GM2 Gaussm\u00e8tre num\u00e9rique"}]},{"@type":"WebSite","@id":"https:\/\/www.qnde.ca\/#website","url":"https:\/\/www.qnde.ca\/","name":"Qualit\u00e9 NDE","description":"\u00c9quipements d&#039;essais non destructifs ","publisher":{"@id":"https:\/\/www.qnde.ca\/#organization"},"potentialAction":[{"@type":"SearchAction","target":{"@type":"EntryPoint","urlTemplate":"https:\/\/www.qnde.ca\/?s={search_term_string}"},"query-input":{"@type":"PropertyValueSpecification","valueRequired":true,"valueName":"search_term_string"}}],"inLanguage":"fr-FR"},{"@type":"Organization","@id":"https:\/\/www.qnde.ca\/#organization","name":"Quality NDT Ltd.","url":"https:\/\/www.qnde.ca\/","logo":{"@type":"ImageObject","inLanguage":"fr-FR","@id":"https:\/\/www.qnde.ca\/#\/schema\/logo\/image\/","url":"https:\/\/www.qnde.ca\/wp-content\/uploads\/2022\/02\/QNDE_logo_RGB-gif.gif","contentUrl":"https:\/\/www.qnde.ca\/wp-content\/uploads\/2022\/02\/QNDE_logo_RGB-gif.gif","width":250,"height":64,"caption":"Quality NDT Ltd."},"image":{"@id":"https:\/\/www.qnde.ca\/#\/schema\/logo\/image\/"},"sameAs":["https:\/\/www.linkedin.com\/company\/qnde\/about\/?viewAsMember=true"]}]}},"jetpack_sharing_enabled":true,"_links":{"self":[{"href":"https:\/\/www.qnde.ca\/fr\/wp-json\/wp\/v2\/product\/45119","targetHints":{"allow":["GET"]}}],"collection":[{"href":"https:\/\/www.qnde.ca\/fr\/wp-json\/wp\/v2\/product"}],"about":[{"href":"https:\/\/www.qnde.ca\/fr\/wp-json\/wp\/v2\/types\/product"}],"wp:featuredmedia":[{"embeddable":true,"href":"https:\/\/www.qnde.ca\/fr\/wp-json\/wp\/v2\/media\/45114"}],"wp:attachment":[{"href":"https:\/\/www.qnde.ca\/fr\/wp-json\/wp\/v2\/media?parent=45119"}],"wp:term":[{"taxonomy":"product_brand","embeddable":true,"href":"https:\/\/www.qnde.ca\/fr\/wp-json\/wp\/v2\/product_brand?post=45119"},{"taxonomy":"product_cat","embeddable":true,"href":"https:\/\/www.qnde.ca\/fr\/wp-json\/wp\/v2\/product_cat?post=45119"},{"taxonomy":"product_tag","embeddable":true,"href":"https:\/\/www.qnde.ca\/fr\/wp-json\/wp\/v2\/product_tag?post=45119"}],"curies":[{"name":"wp","href":"https:\/\/api.w.org\/{rel}","templated":true}]}}