{"id":45063,"date":"2025-08-06T11:53:47","date_gmt":"2025-08-06T15:58:37","guid":{"rendered":"https:\/\/www.qnde.ca\/?post_type=product&#038;p=45063"},"modified":"2025-08-06T11:58:37","modified_gmt":"2025-08-06T15:58:37","slug":"carestream-nettoyant-pour-plaque-numerique","status":"publish","type":"product","link":"https:\/\/www.qnde.ca\/fr\/produit\/carestream-nettoyant-pour-plaque-numerique\/","title":{"rendered":"Carestream, Nettoyant pour Plaque Num\u00e9rique"},"content":{"rendered":"<h3><strong>Carestream, Nettoyant pour Plaque Num\u00e9rique <\/strong><\/h3>\n<p>Nettoyant antistatique \u00e0 s\u00e9chage rapide recommand\u00e9 pour les plaques d\u2019imageries num\u00e9riques afin d\u2019assurer des plaques exemptes de poussi\u00e8res et stries.<\/p>\n<p>Regardez la vid\u00e9o \u00abComment nettoyer votre plaque d\u2019imagerie num\u00e9rique\u00bb.<\/p>\n<ul>\n<li>8454977: Nettoyant de plaque num\u00e9rique Carestream, bouteille 8oz (236ml).<\/li>\n<\/ul>\n<p>Contactez-nous pour une d\u00e9monstration ou pour discuter de votre application, de vos besoins, des options disponibles et\/ou recevoir un devis<\/p>\n","protected":false},"excerpt":{"rendered":"<p>Carestream, Nettoyant pour Plaque Num\u00e9rique Nettoyant antistatique \u00e0 s\u00e9chage rapide recommand\u00e9 pour les plaques d\u2019imageries num\u00e9riques afin d\u2019assurer des plaques exemptes de poussi\u00e8res et stries. Regardez la vid\u00e9o \u00abComment nettoyer votre plaque d\u2019imagerie num\u00e9rique\u00bb. 8454977: Nettoyant de plaque num\u00e9rique Carestream, bouteille 8oz (236ml). Contactez-nous pour une d\u00e9monstration ou pour discuter de votre application, de vos [&hellip;]<\/p>\n","protected":false},"featured_media":45062,"template":"","meta":{"_monsterinsights_skip_tracking":false,"_monsterinsights_sitenote_active":false,"_monsterinsights_sitenote_note":"","_monsterinsights_sitenote_category":0},"product_brand":[],"product_cat":[388,141],"product_tag":[],"class_list":{"0":"post-45063","1":"product","2":"type-product","3":"status-publish","4":"has-post-thumbnail","6":"product_cat-carestream-fr","7":"product_cat-radiologie-numerique-cr","9":"first","10":"instock","11":"shipping-taxable","12":"product-type-simple"},"yoast_head":"<!-- This site is optimized with the Yoast SEO plugin v23.9 - https:\/\/yoast.com\/wordpress\/plugins\/seo\/ -->\n<title>Carestream, Nettoyant pour Plaque Num\u00e9rique &#060; Qualit\u00e9 NDE<\/title>\n<meta name=\"description\" content=\"\u00ab Nettoyant antistatique \u00e0 s\u00e9chage rapide pour plaques Carestream. \u00c9limine poussi\u00e8re et traces. Vid\u00e9o explicative incluse. 236\u202fml.\" \/>\n<meta name=\"robots\" content=\"index, follow, max-snippet:-1, max-image-preview:large, max-video-preview:-1\" \/>\n<link rel=\"canonical\" href=\"https:\/\/www.qnde.ca\/fr\/produit\/carestream-nettoyant-pour-plaque-numerique\/\" \/>\n<meta name=\"twitter:label1\" content=\"Dur\u00e9e de lecture estim\u00e9e\" \/>\n\t<meta name=\"twitter:data1\" content=\"1 minute\" \/>\n<script type=\"application\/ld+json\" class=\"yoast-schema-graph\">{\"@context\":\"https:\/\/schema.org\",\"@graph\":[{\"@type\":[\"WebPage\",\"ItemPage\"],\"@id\":\"https:\/\/www.qnde.ca\/fr\/produit\/carestream-nettoyant-pour-plaque-numerique\/\",\"url\":\"https:\/\/www.qnde.ca\/fr\/produit\/carestream-nettoyant-pour-plaque-numerique\/\",\"name\":\"Carestream, Nettoyant pour Plaque Num\u00e9rique &#060; Qualit\u00e9 NDE\",\"isPartOf\":{\"@id\":\"https:\/\/www.qnde.ca\/#website\"},\"primaryImageOfPage\":{\"@id\":\"https:\/\/www.qnde.ca\/fr\/produit\/carestream-nettoyant-pour-plaque-numerique\/#primaryimage\"},\"image\":{\"@id\":\"https:\/\/www.qnde.ca\/fr\/produit\/carestream-nettoyant-pour-plaque-numerique\/#primaryimage\"},\"thumbnailUrl\":\"https:\/\/www.qnde.ca\/wp-content\/uploads\/2025\/08\/Carestream-digital-plate-cleaner.png\",\"datePublished\":\"2025-08-06T15:58:37+00:00\",\"dateModified\":\"2025-08-06T15:58:37+00:00\",\"description\":\"\u00ab Nettoyant antistatique \u00e0 s\u00e9chage rapide pour plaques Carestream. \u00c9limine poussi\u00e8re et traces. Vid\u00e9o explicative incluse. 236\u202fml.\",\"breadcrumb\":{\"@id\":\"https:\/\/www.qnde.ca\/fr\/produit\/carestream-nettoyant-pour-plaque-numerique\/#breadcrumb\"},\"inLanguage\":\"fr-FR\",\"potentialAction\":[{\"@type\":\"ReadAction\",\"target\":[\"https:\/\/www.qnde.ca\/fr\/produit\/carestream-nettoyant-pour-plaque-numerique\/\"]}]},{\"@type\":\"ImageObject\",\"inLanguage\":\"fr-FR\",\"@id\":\"https:\/\/www.qnde.ca\/fr\/produit\/carestream-nettoyant-pour-plaque-numerique\/#primaryimage\",\"url\":\"https:\/\/www.qnde.ca\/wp-content\/uploads\/2025\/08\/Carestream-digital-plate-cleaner.png\",\"contentUrl\":\"https:\/\/www.qnde.ca\/wp-content\/uploads\/2025\/08\/Carestream-digital-plate-cleaner.png\",\"width\":1064,\"height\":1536},{\"@type\":\"BreadcrumbList\",\"@id\":\"https:\/\/www.qnde.ca\/fr\/produit\/carestream-nettoyant-pour-plaque-numerique\/#breadcrumb\",\"itemListElement\":[{\"@type\":\"ListItem\",\"position\":1,\"name\":\"Accueil\",\"item\":\"https:\/\/www.qnde.ca\/fr\/\"},{\"@type\":\"ListItem\",\"position\":2,\"name\":\"Produits\",\"item\":\"https:\/\/www.qnde.ca\/fr\/produits\/\"},{\"@type\":\"ListItem\",\"position\":3,\"name\":\"Marques\",\"item\":\"https:\/\/www.qnde.ca\/fr\/product-category\/marques\/\"},{\"@type\":\"ListItem\",\"position\":4,\"name\":\"Carestream\",\"item\":\"https:\/\/www.qnde.ca\/fr\/product-category\/marques\/carestream-fr\/\"},{\"@type\":\"ListItem\",\"position\":5,\"name\":\"Carestream, Nettoyant pour Plaque Num\u00e9rique\"}]},{\"@type\":\"WebSite\",\"@id\":\"https:\/\/www.qnde.ca\/#website\",\"url\":\"https:\/\/www.qnde.ca\/\",\"name\":\"Qualit\u00e9 NDE\",\"description\":\"\u00c9quipements d&#039;essais non destructifs \",\"publisher\":{\"@id\":\"https:\/\/www.qnde.ca\/#organization\"},\"potentialAction\":[{\"@type\":\"SearchAction\",\"target\":{\"@type\":\"EntryPoint\",\"urlTemplate\":\"https:\/\/www.qnde.ca\/?s={search_term_string}\"},\"query-input\":{\"@type\":\"PropertyValueSpecification\",\"valueRequired\":true,\"valueName\":\"search_term_string\"}}],\"inLanguage\":\"fr-FR\"},{\"@type\":\"Organization\",\"@id\":\"https:\/\/www.qnde.ca\/#organization\",\"name\":\"Quality NDT Ltd.\",\"url\":\"https:\/\/www.qnde.ca\/\",\"logo\":{\"@type\":\"ImageObject\",\"inLanguage\":\"fr-FR\",\"@id\":\"https:\/\/www.qnde.ca\/#\/schema\/logo\/image\/\",\"url\":\"https:\/\/www.qnde.ca\/wp-content\/uploads\/2022\/02\/QNDE_logo_RGB-gif.gif\",\"contentUrl\":\"https:\/\/www.qnde.ca\/wp-content\/uploads\/2022\/02\/QNDE_logo_RGB-gif.gif\",\"width\":250,\"height\":64,\"caption\":\"Quality NDT Ltd.\"},\"image\":{\"@id\":\"https:\/\/www.qnde.ca\/#\/schema\/logo\/image\/\"},\"sameAs\":[\"https:\/\/www.linkedin.com\/company\/qnde\/about\/?viewAsMember=true\"]}]}<\/script>\n<!-- \/ Yoast SEO plugin. -->","yoast_head_json":{"title":"Carestream, Nettoyant pour Plaque Num\u00e9rique &#060; Qualit\u00e9 NDE","description":"\u00ab Nettoyant antistatique \u00e0 s\u00e9chage rapide pour plaques Carestream. \u00c9limine poussi\u00e8re et traces. Vid\u00e9o explicative incluse. 236\u202fml.","robots":{"index":"index","follow":"follow","max-snippet":"max-snippet:-1","max-image-preview":"max-image-preview:large","max-video-preview":"max-video-preview:-1"},"canonical":"https:\/\/www.qnde.ca\/fr\/produit\/carestream-nettoyant-pour-plaque-numerique\/","twitter_misc":{"Dur\u00e9e de lecture estim\u00e9e":"1 minute"},"schema":{"@context":"https:\/\/schema.org","@graph":[{"@type":["WebPage","ItemPage"],"@id":"https:\/\/www.qnde.ca\/fr\/produit\/carestream-nettoyant-pour-plaque-numerique\/","url":"https:\/\/www.qnde.ca\/fr\/produit\/carestream-nettoyant-pour-plaque-numerique\/","name":"Carestream, Nettoyant pour Plaque Num\u00e9rique &#060; Qualit\u00e9 NDE","isPartOf":{"@id":"https:\/\/www.qnde.ca\/#website"},"primaryImageOfPage":{"@id":"https:\/\/www.qnde.ca\/fr\/produit\/carestream-nettoyant-pour-plaque-numerique\/#primaryimage"},"image":{"@id":"https:\/\/www.qnde.ca\/fr\/produit\/carestream-nettoyant-pour-plaque-numerique\/#primaryimage"},"thumbnailUrl":"https:\/\/www.qnde.ca\/wp-content\/uploads\/2025\/08\/Carestream-digital-plate-cleaner.png","datePublished":"2025-08-06T15:58:37+00:00","dateModified":"2025-08-06T15:58:37+00:00","description":"\u00ab Nettoyant antistatique \u00e0 s\u00e9chage rapide pour plaques Carestream. \u00c9limine poussi\u00e8re et traces. Vid\u00e9o explicative incluse. 236\u202fml.","breadcrumb":{"@id":"https:\/\/www.qnde.ca\/fr\/produit\/carestream-nettoyant-pour-plaque-numerique\/#breadcrumb"},"inLanguage":"fr-FR","potentialAction":[{"@type":"ReadAction","target":["https:\/\/www.qnde.ca\/fr\/produit\/carestream-nettoyant-pour-plaque-numerique\/"]}]},{"@type":"ImageObject","inLanguage":"fr-FR","@id":"https:\/\/www.qnde.ca\/fr\/produit\/carestream-nettoyant-pour-plaque-numerique\/#primaryimage","url":"https:\/\/www.qnde.ca\/wp-content\/uploads\/2025\/08\/Carestream-digital-plate-cleaner.png","contentUrl":"https:\/\/www.qnde.ca\/wp-content\/uploads\/2025\/08\/Carestream-digital-plate-cleaner.png","width":1064,"height":1536},{"@type":"BreadcrumbList","@id":"https:\/\/www.qnde.ca\/fr\/produit\/carestream-nettoyant-pour-plaque-numerique\/#breadcrumb","itemListElement":[{"@type":"ListItem","position":1,"name":"Accueil","item":"https:\/\/www.qnde.ca\/fr\/"},{"@type":"ListItem","position":2,"name":"Produits","item":"https:\/\/www.qnde.ca\/fr\/produits\/"},{"@type":"ListItem","position":3,"name":"Marques","item":"https:\/\/www.qnde.ca\/fr\/product-category\/marques\/"},{"@type":"ListItem","position":4,"name":"Carestream","item":"https:\/\/www.qnde.ca\/fr\/product-category\/marques\/carestream-fr\/"},{"@type":"ListItem","position":5,"name":"Carestream, Nettoyant pour Plaque Num\u00e9rique"}]},{"@type":"WebSite","@id":"https:\/\/www.qnde.ca\/#website","url":"https:\/\/www.qnde.ca\/","name":"Qualit\u00e9 NDE","description":"\u00c9quipements d&#039;essais non destructifs ","publisher":{"@id":"https:\/\/www.qnde.ca\/#organization"},"potentialAction":[{"@type":"SearchAction","target":{"@type":"EntryPoint","urlTemplate":"https:\/\/www.qnde.ca\/?s={search_term_string}"},"query-input":{"@type":"PropertyValueSpecification","valueRequired":true,"valueName":"search_term_string"}}],"inLanguage":"fr-FR"},{"@type":"Organization","@id":"https:\/\/www.qnde.ca\/#organization","name":"Quality NDT Ltd.","url":"https:\/\/www.qnde.ca\/","logo":{"@type":"ImageObject","inLanguage":"fr-FR","@id":"https:\/\/www.qnde.ca\/#\/schema\/logo\/image\/","url":"https:\/\/www.qnde.ca\/wp-content\/uploads\/2022\/02\/QNDE_logo_RGB-gif.gif","contentUrl":"https:\/\/www.qnde.ca\/wp-content\/uploads\/2022\/02\/QNDE_logo_RGB-gif.gif","width":250,"height":64,"caption":"Quality NDT Ltd."},"image":{"@id":"https:\/\/www.qnde.ca\/#\/schema\/logo\/image\/"},"sameAs":["https:\/\/www.linkedin.com\/company\/qnde\/about\/?viewAsMember=true"]}]}},"jetpack_sharing_enabled":true,"_links":{"self":[{"href":"https:\/\/www.qnde.ca\/fr\/wp-json\/wp\/v2\/product\/45063","targetHints":{"allow":["GET"]}}],"collection":[{"href":"https:\/\/www.qnde.ca\/fr\/wp-json\/wp\/v2\/product"}],"about":[{"href":"https:\/\/www.qnde.ca\/fr\/wp-json\/wp\/v2\/types\/product"}],"wp:featuredmedia":[{"embeddable":true,"href":"https:\/\/www.qnde.ca\/fr\/wp-json\/wp\/v2\/media\/45062"}],"wp:attachment":[{"href":"https:\/\/www.qnde.ca\/fr\/wp-json\/wp\/v2\/media?parent=45063"}],"wp:term":[{"taxonomy":"product_brand","embeddable":true,"href":"https:\/\/www.qnde.ca\/fr\/wp-json\/wp\/v2\/product_brand?post=45063"},{"taxonomy":"product_cat","embeddable":true,"href":"https:\/\/www.qnde.ca\/fr\/wp-json\/wp\/v2\/product_cat?post=45063"},{"taxonomy":"product_tag","embeddable":true,"href":"https:\/\/www.qnde.ca\/fr\/wp-json\/wp\/v2\/product_tag?post=45063"}],"curies":[{"name":"wp","href":"https:\/\/api.w.org\/{rel}","templated":true}]}}