{"id":45053,"date":"2025-08-06T09:58:26","date_gmt":"2026-01-08T18:06:28","guid":{"rendered":"https:\/\/www.qnde.ca\/?post_type=product&#038;p=45053"},"modified":"2026-01-08T13:06:29","modified_gmt":"2026-01-08T18:06:29","slug":"ardrox-906-ww-penetrant-visible","status":"publish","type":"product","link":"https:\/\/www.qnde.ca\/fr\/produit\/ardrox-906-ww-penetrant-visible\/","title":{"rendered":"Ardrox 906 WW P\u00e9n\u00e9trant Visible"},"content":{"rendered":"<h3><strong>Ardrox 906 WW P\u00e9n\u00e9trant Visible<\/strong><\/h3>\n<p>P\u00e9n\u00e9trant visible lavable \u00e0 l\u2019eau. \u00c0 utiliser conjointement avec le nettoyeur Ardrox 9PR50 et le d\u00e9veloppeur non aqueux Ardrox 9D1B.<\/p>\n<ul>\n<li>906-4: Ardrox 906, 16oz (473ml) canettes a\u00e9rosols (caisse de 12).<\/li>\n<li>906-1: Ardrox 906, 5gal (18.9L) chaudi\u00e8re.<\/li>\n<li>906: Ardrox 906, 55gal (208L) baril.<\/li>\n<\/ul>\n","protected":false},"excerpt":{"rendered":"<p>Ardrox 906 WW P\u00e9n\u00e9trant Visible P\u00e9n\u00e9trant visible lavable \u00e0 l\u2019eau. \u00c0 utiliser conjointement avec le nettoyeur Ardrox 9PR50 et le d\u00e9veloppeur non aqueux Ardrox 9D1B. 906-4: Ardrox 906, 16oz (473ml) canettes a\u00e9rosols (caisse de 12). 906-1: Ardrox 906, 5gal (18.9L) chaudi\u00e8re. 906: Ardrox 906, 55gal (208L) baril.<\/p>\n","protected":false},"featured_media":45048,"template":"","meta":{"_monsterinsights_skip_tracking":false,"_monsterinsights_sitenote_active":false,"_monsterinsights_sitenote_note":"","_monsterinsights_sitenote_category":0},"product_brand":[],"product_cat":[396,130],"product_tag":[],"class_list":{"0":"post-45053","1":"product","2":"type-product","3":"status-publish","4":"has-post-thumbnail","6":"product_cat-ardrox-fr","7":"product_cat-particules-magnetiques-visibles","9":"first","10":"instock","11":"shipping-taxable","12":"purchasable","13":"product-type-simple"},"yoast_head":"<!-- This site is optimized with the Yoast SEO plugin v23.9 - https:\/\/yoast.com\/wordpress\/plugins\/seo\/ -->\n<title>Ardrox 906 WW P\u00e9n\u00e9trant Visible &#060; Qualit\u00e9 NDE<\/title>\n<meta name=\"description\" content=\"Ce p\u00e9n\u00e9trant visible lavable \u00e0 l&#039;eau est destin\u00e9 \u00e0 \u00eatre utilis\u00e9 lors du processus de ressuage, en conjonction avec l&#039;Ardrox 9PR50 et l&#039;Ardrox 9D1B.\" \/>\n<meta name=\"robots\" content=\"index, follow, max-snippet:-1, max-image-preview:large, max-video-preview:-1\" \/>\n<link rel=\"canonical\" href=\"https:\/\/www.qnde.ca\/fr\/produit\/ardrox-906-ww-penetrant-visible\/\" \/>\n<meta name=\"twitter:label1\" content=\"Dur\u00e9e de lecture estim\u00e9e\" \/>\n\t<meta name=\"twitter:data1\" content=\"1 minute\" \/>\n<script type=\"application\/ld+json\" class=\"yoast-schema-graph\">{\"@context\":\"https:\/\/schema.org\",\"@graph\":[{\"@type\":[\"WebPage\",\"ItemPage\"],\"@id\":\"https:\/\/www.qnde.ca\/fr\/produit\/ardrox-906-ww-penetrant-visible\/\",\"url\":\"https:\/\/www.qnde.ca\/fr\/produit\/ardrox-906-ww-penetrant-visible\/\",\"name\":\"Ardrox 906 WW P\u00e9n\u00e9trant Visible &#060; Qualit\u00e9 NDE\",\"isPartOf\":{\"@id\":\"https:\/\/www.qnde.ca\/#website\"},\"primaryImageOfPage\":{\"@id\":\"https:\/\/www.qnde.ca\/fr\/produit\/ardrox-906-ww-penetrant-visible\/#primaryimage\"},\"image\":{\"@id\":\"https:\/\/www.qnde.ca\/fr\/produit\/ardrox-906-ww-penetrant-visible\/#primaryimage\"},\"thumbnailUrl\":\"https:\/\/www.qnde.ca\/wp-content\/uploads\/2019\/11\/Ardrox-906.png\",\"datePublished\":\"2026-01-08T18:06:28+00:00\",\"dateModified\":\"2026-01-08T18:06:29+00:00\",\"description\":\"Ce p\u00e9n\u00e9trant visible lavable \u00e0 l'eau est destin\u00e9 \u00e0 \u00eatre utilis\u00e9 lors du processus de ressuage, en conjonction avec l'Ardrox 9PR50 et l'Ardrox 9D1B.\",\"breadcrumb\":{\"@id\":\"https:\/\/www.qnde.ca\/fr\/produit\/ardrox-906-ww-penetrant-visible\/#breadcrumb\"},\"inLanguage\":\"fr-FR\",\"potentialAction\":[{\"@type\":\"ReadAction\",\"target\":[\"https:\/\/www.qnde.ca\/fr\/produit\/ardrox-906-ww-penetrant-visible\/\"]}]},{\"@type\":\"ImageObject\",\"inLanguage\":\"fr-FR\",\"@id\":\"https:\/\/www.qnde.ca\/fr\/produit\/ardrox-906-ww-penetrant-visible\/#primaryimage\",\"url\":\"https:\/\/www.qnde.ca\/wp-content\/uploads\/2019\/11\/Ardrox-906.png\",\"contentUrl\":\"https:\/\/www.qnde.ca\/wp-content\/uploads\/2019\/11\/Ardrox-906.png\",\"width\":1648,\"height\":1896,\"caption\":\"Ardrox 906 water washable color contrast penetrant\"},{\"@type\":\"BreadcrumbList\",\"@id\":\"https:\/\/www.qnde.ca\/fr\/produit\/ardrox-906-ww-penetrant-visible\/#breadcrumb\",\"itemListElement\":[{\"@type\":\"ListItem\",\"position\":1,\"name\":\"Accueil\",\"item\":\"https:\/\/www.qnde.ca\/fr\/\"},{\"@type\":\"ListItem\",\"position\":2,\"name\":\"Produits\",\"item\":\"https:\/\/www.qnde.ca\/fr\/produits\/\"},{\"@type\":\"ListItem\",\"position\":3,\"name\":\"Marques\",\"item\":\"https:\/\/www.qnde.ca\/fr\/product-category\/marques\/\"},{\"@type\":\"ListItem\",\"position\":4,\"name\":\"Ardrox\",\"item\":\"https:\/\/www.qnde.ca\/fr\/product-category\/marques\/ardrox-fr\/\"},{\"@type\":\"ListItem\",\"position\":5,\"name\":\"Ardrox 906 WW P\u00e9n\u00e9trant Visible\"}]},{\"@type\":\"WebSite\",\"@id\":\"https:\/\/www.qnde.ca\/#website\",\"url\":\"https:\/\/www.qnde.ca\/\",\"name\":\"Qualit\u00e9 NDE\",\"description\":\"\u00c9quipements d&#039;essais non destructifs \",\"publisher\":{\"@id\":\"https:\/\/www.qnde.ca\/#organization\"},\"potentialAction\":[{\"@type\":\"SearchAction\",\"target\":{\"@type\":\"EntryPoint\",\"urlTemplate\":\"https:\/\/www.qnde.ca\/?s={search_term_string}\"},\"query-input\":{\"@type\":\"PropertyValueSpecification\",\"valueRequired\":true,\"valueName\":\"search_term_string\"}}],\"inLanguage\":\"fr-FR\"},{\"@type\":\"Organization\",\"@id\":\"https:\/\/www.qnde.ca\/#organization\",\"name\":\"Quality NDT Ltd.\",\"url\":\"https:\/\/www.qnde.ca\/\",\"logo\":{\"@type\":\"ImageObject\",\"inLanguage\":\"fr-FR\",\"@id\":\"https:\/\/www.qnde.ca\/#\/schema\/logo\/image\/\",\"url\":\"https:\/\/www.qnde.ca\/wp-content\/uploads\/2022\/02\/QNDE_logo_RGB-gif.gif\",\"contentUrl\":\"https:\/\/www.qnde.ca\/wp-content\/uploads\/2022\/02\/QNDE_logo_RGB-gif.gif\",\"width\":250,\"height\":64,\"caption\":\"Quality NDT Ltd.\"},\"image\":{\"@id\":\"https:\/\/www.qnde.ca\/#\/schema\/logo\/image\/\"},\"sameAs\":[\"https:\/\/www.linkedin.com\/company\/qnde\/about\/?viewAsMember=true\"]}]}<\/script>\n<!-- \/ Yoast SEO plugin. -->","yoast_head_json":{"title":"Ardrox 906 WW P\u00e9n\u00e9trant Visible &#060; Qualit\u00e9 NDE","description":"Ce p\u00e9n\u00e9trant visible lavable \u00e0 l'eau est destin\u00e9 \u00e0 \u00eatre utilis\u00e9 lors du processus de ressuage, en conjonction avec l'Ardrox 9PR50 et l'Ardrox 9D1B.","robots":{"index":"index","follow":"follow","max-snippet":"max-snippet:-1","max-image-preview":"max-image-preview:large","max-video-preview":"max-video-preview:-1"},"canonical":"https:\/\/www.qnde.ca\/fr\/produit\/ardrox-906-ww-penetrant-visible\/","twitter_misc":{"Dur\u00e9e de lecture estim\u00e9e":"1 minute"},"schema":{"@context":"https:\/\/schema.org","@graph":[{"@type":["WebPage","ItemPage"],"@id":"https:\/\/www.qnde.ca\/fr\/produit\/ardrox-906-ww-penetrant-visible\/","url":"https:\/\/www.qnde.ca\/fr\/produit\/ardrox-906-ww-penetrant-visible\/","name":"Ardrox 906 WW P\u00e9n\u00e9trant Visible &#060; Qualit\u00e9 NDE","isPartOf":{"@id":"https:\/\/www.qnde.ca\/#website"},"primaryImageOfPage":{"@id":"https:\/\/www.qnde.ca\/fr\/produit\/ardrox-906-ww-penetrant-visible\/#primaryimage"},"image":{"@id":"https:\/\/www.qnde.ca\/fr\/produit\/ardrox-906-ww-penetrant-visible\/#primaryimage"},"thumbnailUrl":"https:\/\/www.qnde.ca\/wp-content\/uploads\/2019\/11\/Ardrox-906.png","datePublished":"2026-01-08T18:06:28+00:00","dateModified":"2026-01-08T18:06:29+00:00","description":"Ce p\u00e9n\u00e9trant visible lavable \u00e0 l'eau est destin\u00e9 \u00e0 \u00eatre utilis\u00e9 lors du processus de ressuage, en conjonction avec l'Ardrox 9PR50 et l'Ardrox 9D1B.","breadcrumb":{"@id":"https:\/\/www.qnde.ca\/fr\/produit\/ardrox-906-ww-penetrant-visible\/#breadcrumb"},"inLanguage":"fr-FR","potentialAction":[{"@type":"ReadAction","target":["https:\/\/www.qnde.ca\/fr\/produit\/ardrox-906-ww-penetrant-visible\/"]}]},{"@type":"ImageObject","inLanguage":"fr-FR","@id":"https:\/\/www.qnde.ca\/fr\/produit\/ardrox-906-ww-penetrant-visible\/#primaryimage","url":"https:\/\/www.qnde.ca\/wp-content\/uploads\/2019\/11\/Ardrox-906.png","contentUrl":"https:\/\/www.qnde.ca\/wp-content\/uploads\/2019\/11\/Ardrox-906.png","width":1648,"height":1896,"caption":"Ardrox 906 water washable color contrast penetrant"},{"@type":"BreadcrumbList","@id":"https:\/\/www.qnde.ca\/fr\/produit\/ardrox-906-ww-penetrant-visible\/#breadcrumb","itemListElement":[{"@type":"ListItem","position":1,"name":"Accueil","item":"https:\/\/www.qnde.ca\/fr\/"},{"@type":"ListItem","position":2,"name":"Produits","item":"https:\/\/www.qnde.ca\/fr\/produits\/"},{"@type":"ListItem","position":3,"name":"Marques","item":"https:\/\/www.qnde.ca\/fr\/product-category\/marques\/"},{"@type":"ListItem","position":4,"name":"Ardrox","item":"https:\/\/www.qnde.ca\/fr\/product-category\/marques\/ardrox-fr\/"},{"@type":"ListItem","position":5,"name":"Ardrox 906 WW P\u00e9n\u00e9trant Visible"}]},{"@type":"WebSite","@id":"https:\/\/www.qnde.ca\/#website","url":"https:\/\/www.qnde.ca\/","name":"Qualit\u00e9 NDE","description":"\u00c9quipements d&#039;essais non destructifs ","publisher":{"@id":"https:\/\/www.qnde.ca\/#organization"},"potentialAction":[{"@type":"SearchAction","target":{"@type":"EntryPoint","urlTemplate":"https:\/\/www.qnde.ca\/?s={search_term_string}"},"query-input":{"@type":"PropertyValueSpecification","valueRequired":true,"valueName":"search_term_string"}}],"inLanguage":"fr-FR"},{"@type":"Organization","@id":"https:\/\/www.qnde.ca\/#organization","name":"Quality NDT Ltd.","url":"https:\/\/www.qnde.ca\/","logo":{"@type":"ImageObject","inLanguage":"fr-FR","@id":"https:\/\/www.qnde.ca\/#\/schema\/logo\/image\/","url":"https:\/\/www.qnde.ca\/wp-content\/uploads\/2022\/02\/QNDE_logo_RGB-gif.gif","contentUrl":"https:\/\/www.qnde.ca\/wp-content\/uploads\/2022\/02\/QNDE_logo_RGB-gif.gif","width":250,"height":64,"caption":"Quality NDT Ltd."},"image":{"@id":"https:\/\/www.qnde.ca\/#\/schema\/logo\/image\/"},"sameAs":["https:\/\/www.linkedin.com\/company\/qnde\/about\/?viewAsMember=true"]}]}},"jetpack_sharing_enabled":true,"_links":{"self":[{"href":"https:\/\/www.qnde.ca\/fr\/wp-json\/wp\/v2\/product\/45053","targetHints":{"allow":["GET"]}}],"collection":[{"href":"https:\/\/www.qnde.ca\/fr\/wp-json\/wp\/v2\/product"}],"about":[{"href":"https:\/\/www.qnde.ca\/fr\/wp-json\/wp\/v2\/types\/product"}],"wp:featuredmedia":[{"embeddable":true,"href":"https:\/\/www.qnde.ca\/fr\/wp-json\/wp\/v2\/media\/45048"}],"wp:attachment":[{"href":"https:\/\/www.qnde.ca\/fr\/wp-json\/wp\/v2\/media?parent=45053"}],"wp:term":[{"taxonomy":"product_brand","embeddable":true,"href":"https:\/\/www.qnde.ca\/fr\/wp-json\/wp\/v2\/product_brand?post=45053"},{"taxonomy":"product_cat","embeddable":true,"href":"https:\/\/www.qnde.ca\/fr\/wp-json\/wp\/v2\/product_cat?post=45053"},{"taxonomy":"product_tag","embeddable":true,"href":"https:\/\/www.qnde.ca\/fr\/wp-json\/wp\/v2\/product_tag?post=45053"}],"curies":[{"name":"wp","href":"https:\/\/api.w.org\/{rel}","templated":true}]}}