{"id":4494,"date":"2016-01-11T15:43:41","date_gmt":"2016-01-11T15:43:41","guid":{"rendered":"https:\/\/www.qnde.ca\/?post_type=product&#038;p=4494"},"modified":"2025-08-11T16:20:31","modified_gmt":"2025-08-11T20:20:31","slug":"systeme-de-securite-ultratouch-banc-magnetique","status":"publish","type":"product","link":"https:\/\/www.qnde.ca\/fr\/produit\/systeme-de-securite-ultratouch-banc-magnetique\/","title":{"rendered":"D\u00e9clencheur de G\u00e2chette Magn\u00e9tique Double Touche"},"content":{"rendered":"<h3><strong>D\u00e9clencheur de G\u00e2chette Magn\u00e9tique Double Touche<\/strong><\/h3>\n<p>Dispositif de s\u00e9curit\u00e9 sur banc magn\u00e9tique exigeant que l&rsquo;utilisateur utilise les deux mains pour serrer la pi\u00e8ce.<\/p>\n<ul>\n<li>DTRB: Ensemble de d\u00e9clenchement \u00e0 double serrure tactile \u2013 Standard.<\/li>\n<li>DTRB-Estop: Ensemble de d\u00e9clenchement \u00e0 double serrure tactile avec arr\u00eat d&rsquo;urgence.<\/li>\n<li id=\"ctl01_ctl00_cphMainContent_ProductTitle\">DTRB-stand: Socle t\u00e9lescopique \u00e0 deux touches mont\u00e9 au sol, de 31.5po \u00e0 48.5po (80 \u00e0 123cm) au-dessus du plancher.<\/li>\n<\/ul>\n","protected":false},"excerpt":{"rendered":"<p>D\u00e9clencheur de G\u00e2chette Magn\u00e9tique Double Touche Dispositif de s\u00e9curit\u00e9 sur banc magn\u00e9tique exigeant que l&rsquo;utilisateur utilise les deux mains pour serrer la pi\u00e8ce. DTRB: Ensemble de d\u00e9clenchement \u00e0 double serrure tactile \u2013 Standard. DTRB-Estop: Ensemble de d\u00e9clenchement \u00e0 double serrure tactile avec arr\u00eat d&rsquo;urgence. DTRB-stand: Socle t\u00e9lescopique \u00e0 deux touches mont\u00e9 au sol, de 31.5po [&hellip;]<\/p>\n","protected":false},"featured_media":4495,"template":"","meta":{"_monsterinsights_skip_tracking":false,"_monsterinsights_sitenote_active":false,"_monsterinsights_sitenote_note":"","_monsterinsights_sitenote_category":0},"product_brand":[],"product_cat":[402,134],"product_tag":[],"class_list":{"0":"post-4494","1":"product","2":"type-product","3":"status-publish","4":"has-post-thumbnail","6":"product_cat-autres-marques","7":"product_cat-accessoires-magnetoscopie","9":"first","10":"instock","11":"shipping-taxable","12":"purchasable","13":"product-type-variable"},"yoast_head":"<!-- This site is optimized with the Yoast SEO plugin v23.9 - https:\/\/yoast.com\/wordpress\/plugins\/seo\/ -->\n<title>D\u00e9clencheur de G\u00e2chette Magn\u00e9tique Double Touche &#060; Qualit\u00e9 NDE<\/title>\n<meta name=\"description\" content=\"D\u00e9clencheur magn\u00e9tique double touche pour bancs CND, s\u00e9curit\u00e9 \u00e0 deux mains. Versions standard, avec arr\u00eat d&#039;urgence et socle t\u00e9lescopique.\" \/>\n<meta name=\"robots\" content=\"index, follow, max-snippet:-1, max-image-preview:large, max-video-preview:-1\" \/>\n<link rel=\"canonical\" href=\"https:\/\/www.qnde.ca\/fr\/produit\/systeme-de-securite-ultratouch-banc-magnetique\/\" \/>\n<meta name=\"twitter:label1\" content=\"Dur\u00e9e de lecture estim\u00e9e\" \/>\n\t<meta name=\"twitter:data1\" content=\"1 minute\" \/>\n<script type=\"application\/ld+json\" class=\"yoast-schema-graph\">{\"@context\":\"https:\/\/schema.org\",\"@graph\":[{\"@type\":[\"WebPage\",\"ItemPage\"],\"@id\":\"https:\/\/www.qnde.ca\/fr\/produit\/systeme-de-securite-ultratouch-banc-magnetique\/\",\"url\":\"https:\/\/www.qnde.ca\/fr\/produit\/systeme-de-securite-ultratouch-banc-magnetique\/\",\"name\":\"D\u00e9clencheur de G\u00e2chette Magn\u00e9tique Double Touche &#060; Qualit\u00e9 NDE\",\"isPartOf\":{\"@id\":\"https:\/\/www.qnde.ca\/#website\"},\"primaryImageOfPage\":{\"@id\":\"https:\/\/www.qnde.ca\/fr\/produit\/systeme-de-securite-ultratouch-banc-magnetique\/#primaryimage\"},\"image\":{\"@id\":\"https:\/\/www.qnde.ca\/fr\/produit\/systeme-de-securite-ultratouch-banc-magnetique\/#primaryimage\"},\"thumbnailUrl\":\"https:\/\/www.qnde.ca\/wp-content\/uploads\/2016\/01\/Syst--me-de-s--curit---UltraTouch-pour-banc-magn--tique.jpg\",\"datePublished\":\"2016-01-11T15:43:41+00:00\",\"dateModified\":\"2025-08-11T20:20:31+00:00\",\"description\":\"D\u00e9clencheur magn\u00e9tique double touche pour bancs CND, s\u00e9curit\u00e9 \u00e0 deux mains. Versions standard, avec arr\u00eat d'urgence et socle t\u00e9lescopique.\",\"breadcrumb\":{\"@id\":\"https:\/\/www.qnde.ca\/fr\/produit\/systeme-de-securite-ultratouch-banc-magnetique\/#breadcrumb\"},\"inLanguage\":\"fr-FR\",\"potentialAction\":[{\"@type\":\"ReadAction\",\"target\":[\"https:\/\/www.qnde.ca\/fr\/produit\/systeme-de-securite-ultratouch-banc-magnetique\/\"]}]},{\"@type\":\"ImageObject\",\"inLanguage\":\"fr-FR\",\"@id\":\"https:\/\/www.qnde.ca\/fr\/produit\/systeme-de-securite-ultratouch-banc-magnetique\/#primaryimage\",\"url\":\"https:\/\/www.qnde.ca\/wp-content\/uploads\/2016\/01\/Syst--me-de-s--curit---UltraTouch-pour-banc-magn--tique.jpg\",\"contentUrl\":\"https:\/\/www.qnde.ca\/wp-content\/uploads\/2016\/01\/Syst--me-de-s--curit---UltraTouch-pour-banc-magn--tique.jpg\",\"width\":256,\"height\":200,\"caption\":\"DTRB-stand\"},{\"@type\":\"BreadcrumbList\",\"@id\":\"https:\/\/www.qnde.ca\/fr\/produit\/systeme-de-securite-ultratouch-banc-magnetique\/#breadcrumb\",\"itemListElement\":[{\"@type\":\"ListItem\",\"position\":1,\"name\":\"Accueil\",\"item\":\"https:\/\/www.qnde.ca\/fr\/\"},{\"@type\":\"ListItem\",\"position\":2,\"name\":\"Produits\",\"item\":\"https:\/\/www.qnde.ca\/fr\/produits\/\"},{\"@type\":\"ListItem\",\"position\":3,\"name\":\"Magn\u00e9toscopie\",\"item\":\"https:\/\/www.qnde.ca\/fr\/product-category\/magnetoscopie\/\"},{\"@type\":\"ListItem\",\"position\":4,\"name\":\"Accessoires\",\"item\":\"https:\/\/www.qnde.ca\/fr\/product-category\/magnetoscopie\/accessoires-magnetoscopie\/\"},{\"@type\":\"ListItem\",\"position\":5,\"name\":\"D\u00e9clencheur de G\u00e2chette Magn\u00e9tique Double Touche\"}]},{\"@type\":\"WebSite\",\"@id\":\"https:\/\/www.qnde.ca\/#website\",\"url\":\"https:\/\/www.qnde.ca\/\",\"name\":\"Qualit\u00e9 NDE\",\"description\":\"\u00c9quipements d&#039;essais non destructifs \",\"publisher\":{\"@id\":\"https:\/\/www.qnde.ca\/#organization\"},\"potentialAction\":[{\"@type\":\"SearchAction\",\"target\":{\"@type\":\"EntryPoint\",\"urlTemplate\":\"https:\/\/www.qnde.ca\/?s={search_term_string}\"},\"query-input\":{\"@type\":\"PropertyValueSpecification\",\"valueRequired\":true,\"valueName\":\"search_term_string\"}}],\"inLanguage\":\"fr-FR\"},{\"@type\":\"Organization\",\"@id\":\"https:\/\/www.qnde.ca\/#organization\",\"name\":\"Quality NDT Ltd.\",\"url\":\"https:\/\/www.qnde.ca\/\",\"logo\":{\"@type\":\"ImageObject\",\"inLanguage\":\"fr-FR\",\"@id\":\"https:\/\/www.qnde.ca\/#\/schema\/logo\/image\/\",\"url\":\"https:\/\/www.qnde.ca\/wp-content\/uploads\/2022\/02\/QNDE_logo_RGB-gif.gif\",\"contentUrl\":\"https:\/\/www.qnde.ca\/wp-content\/uploads\/2022\/02\/QNDE_logo_RGB-gif.gif\",\"width\":250,\"height\":64,\"caption\":\"Quality NDT Ltd.\"},\"image\":{\"@id\":\"https:\/\/www.qnde.ca\/#\/schema\/logo\/image\/\"},\"sameAs\":[\"https:\/\/www.linkedin.com\/company\/qnde\/about\/?viewAsMember=true\"]}]}<\/script>\n<!-- \/ Yoast SEO plugin. -->","yoast_head_json":{"title":"D\u00e9clencheur de G\u00e2chette Magn\u00e9tique Double Touche &#060; Qualit\u00e9 NDE","description":"D\u00e9clencheur magn\u00e9tique double touche pour bancs CND, s\u00e9curit\u00e9 \u00e0 deux mains. Versions standard, avec arr\u00eat d'urgence et socle t\u00e9lescopique.","robots":{"index":"index","follow":"follow","max-snippet":"max-snippet:-1","max-image-preview":"max-image-preview:large","max-video-preview":"max-video-preview:-1"},"canonical":"https:\/\/www.qnde.ca\/fr\/produit\/systeme-de-securite-ultratouch-banc-magnetique\/","twitter_misc":{"Dur\u00e9e de lecture estim\u00e9e":"1 minute"},"schema":{"@context":"https:\/\/schema.org","@graph":[{"@type":["WebPage","ItemPage"],"@id":"https:\/\/www.qnde.ca\/fr\/produit\/systeme-de-securite-ultratouch-banc-magnetique\/","url":"https:\/\/www.qnde.ca\/fr\/produit\/systeme-de-securite-ultratouch-banc-magnetique\/","name":"D\u00e9clencheur de G\u00e2chette Magn\u00e9tique Double Touche &#060; Qualit\u00e9 NDE","isPartOf":{"@id":"https:\/\/www.qnde.ca\/#website"},"primaryImageOfPage":{"@id":"https:\/\/www.qnde.ca\/fr\/produit\/systeme-de-securite-ultratouch-banc-magnetique\/#primaryimage"},"image":{"@id":"https:\/\/www.qnde.ca\/fr\/produit\/systeme-de-securite-ultratouch-banc-magnetique\/#primaryimage"},"thumbnailUrl":"https:\/\/www.qnde.ca\/wp-content\/uploads\/2016\/01\/Syst--me-de-s--curit---UltraTouch-pour-banc-magn--tique.jpg","datePublished":"2016-01-11T15:43:41+00:00","dateModified":"2025-08-11T20:20:31+00:00","description":"D\u00e9clencheur magn\u00e9tique double touche pour bancs CND, s\u00e9curit\u00e9 \u00e0 deux mains. Versions standard, avec arr\u00eat d'urgence et socle t\u00e9lescopique.","breadcrumb":{"@id":"https:\/\/www.qnde.ca\/fr\/produit\/systeme-de-securite-ultratouch-banc-magnetique\/#breadcrumb"},"inLanguage":"fr-FR","potentialAction":[{"@type":"ReadAction","target":["https:\/\/www.qnde.ca\/fr\/produit\/systeme-de-securite-ultratouch-banc-magnetique\/"]}]},{"@type":"ImageObject","inLanguage":"fr-FR","@id":"https:\/\/www.qnde.ca\/fr\/produit\/systeme-de-securite-ultratouch-banc-magnetique\/#primaryimage","url":"https:\/\/www.qnde.ca\/wp-content\/uploads\/2016\/01\/Syst--me-de-s--curit---UltraTouch-pour-banc-magn--tique.jpg","contentUrl":"https:\/\/www.qnde.ca\/wp-content\/uploads\/2016\/01\/Syst--me-de-s--curit---UltraTouch-pour-banc-magn--tique.jpg","width":256,"height":200,"caption":"DTRB-stand"},{"@type":"BreadcrumbList","@id":"https:\/\/www.qnde.ca\/fr\/produit\/systeme-de-securite-ultratouch-banc-magnetique\/#breadcrumb","itemListElement":[{"@type":"ListItem","position":1,"name":"Accueil","item":"https:\/\/www.qnde.ca\/fr\/"},{"@type":"ListItem","position":2,"name":"Produits","item":"https:\/\/www.qnde.ca\/fr\/produits\/"},{"@type":"ListItem","position":3,"name":"Magn\u00e9toscopie","item":"https:\/\/www.qnde.ca\/fr\/product-category\/magnetoscopie\/"},{"@type":"ListItem","position":4,"name":"Accessoires","item":"https:\/\/www.qnde.ca\/fr\/product-category\/magnetoscopie\/accessoires-magnetoscopie\/"},{"@type":"ListItem","position":5,"name":"D\u00e9clencheur de G\u00e2chette Magn\u00e9tique Double Touche"}]},{"@type":"WebSite","@id":"https:\/\/www.qnde.ca\/#website","url":"https:\/\/www.qnde.ca\/","name":"Qualit\u00e9 NDE","description":"\u00c9quipements d&#039;essais non destructifs ","publisher":{"@id":"https:\/\/www.qnde.ca\/#organization"},"potentialAction":[{"@type":"SearchAction","target":{"@type":"EntryPoint","urlTemplate":"https:\/\/www.qnde.ca\/?s={search_term_string}"},"query-input":{"@type":"PropertyValueSpecification","valueRequired":true,"valueName":"search_term_string"}}],"inLanguage":"fr-FR"},{"@type":"Organization","@id":"https:\/\/www.qnde.ca\/#organization","name":"Quality NDT Ltd.","url":"https:\/\/www.qnde.ca\/","logo":{"@type":"ImageObject","inLanguage":"fr-FR","@id":"https:\/\/www.qnde.ca\/#\/schema\/logo\/image\/","url":"https:\/\/www.qnde.ca\/wp-content\/uploads\/2022\/02\/QNDE_logo_RGB-gif.gif","contentUrl":"https:\/\/www.qnde.ca\/wp-content\/uploads\/2022\/02\/QNDE_logo_RGB-gif.gif","width":250,"height":64,"caption":"Quality NDT Ltd."},"image":{"@id":"https:\/\/www.qnde.ca\/#\/schema\/logo\/image\/"},"sameAs":["https:\/\/www.linkedin.com\/company\/qnde\/about\/?viewAsMember=true"]}]}},"jetpack_sharing_enabled":true,"_links":{"self":[{"href":"https:\/\/www.qnde.ca\/fr\/wp-json\/wp\/v2\/product\/4494","targetHints":{"allow":["GET"]}}],"collection":[{"href":"https:\/\/www.qnde.ca\/fr\/wp-json\/wp\/v2\/product"}],"about":[{"href":"https:\/\/www.qnde.ca\/fr\/wp-json\/wp\/v2\/types\/product"}],"wp:featuredmedia":[{"embeddable":true,"href":"https:\/\/www.qnde.ca\/fr\/wp-json\/wp\/v2\/media\/4495"}],"wp:attachment":[{"href":"https:\/\/www.qnde.ca\/fr\/wp-json\/wp\/v2\/media?parent=4494"}],"wp:term":[{"taxonomy":"product_brand","embeddable":true,"href":"https:\/\/www.qnde.ca\/fr\/wp-json\/wp\/v2\/product_brand?post=4494"},{"taxonomy":"product_cat","embeddable":true,"href":"https:\/\/www.qnde.ca\/fr\/wp-json\/wp\/v2\/product_cat?post=4494"},{"taxonomy":"product_tag","embeddable":true,"href":"https:\/\/www.qnde.ca\/fr\/wp-json\/wp\/v2\/product_tag?post=4494"}],"curies":[{"name":"wp","href":"https:\/\/api.w.org\/{rel}","templated":true}]}}